{"id":121038,"date":"2016-02-20T17:38:09","date_gmt":"2016-02-20T17:38:09","guid":{"rendered":"https:\/\/henrik.www.ivinio.com\/?product=terres-de-lengarran-pays-doc-rouge"},"modified":"2025-04-17T14:40:46","modified_gmt":"2025-04-17T12:40:46","slug":"terres-de-lengarran-pays-doc-rouge","status":"publish","type":"product","link":"https:\/\/www.ivinio.com\/fr\/produit\/terres-de-lengarran-pays-doc-rouge\/","title":{"rendered":"Terres de l&#8217;Engarran &#8211; Pays d&#8217;Oc &#8211; Rouge"},"content":{"rendered":"<p>Terres de l&#8217;Engarran du Ch\u00e2teau de l&#8217;Engarran est compos\u00e9e de 50 % Syrah et 50 % de Cabernet-Franc. Le vin est produit selon la m\u00e9thode classique avec \u00e9levage en cuve en acier.<\/p>\n","protected":false},"excerpt":{"rendered":"<p>Terres de l&#8217;Engarran du Ch\u00e2teau de l&#8217;Engarran est un vin rouge pour passer des bons moments entre de bons amis! Composition domin\u00e9 par\u00a0de la Syrah\u00a0qui donne des notes fruit\u00e9 et \u00e9pic\u00e9es. Ar\u00f4mes surtout de fruits noirs et de framboises.<\/p>\n","protected":false},"featured_media":132153,"comment_status":"open","ping_status":"closed","template":"","meta":{"_monsterinsights_skip_tracking":false,"_monsterinsights_sitenote_active":false,"_monsterinsights_sitenote_note":"","_monsterinsights_sitenote_category":0,"_uf_show_specific_survey":0,"_uf_disable_surveys":false},"product_brand":[],"product_cat":[36625,36586],"product_tag":[],"class_list":{"0":"post-121038","1":"product","2":"type-product","3":"status-publish","4":"has-post-thumbnail","6":"product_cat-fr-languedoc","7":"product_cat-vins-francais","8":"pa_alcohol-degree-13-fr","9":"pa_classification-igp-pays-doc","10":"pa_color-rouge-fr","11":"pa_country-france-fr","12":"pa_grape-variety-cabernet-franc-fr","13":"pa_grape-variety-syrah-fr","14":"pa_region-languedoc-fr","15":"pa_storage-potential-4-ans-fr","16":"pa_vintage-2023-fr","17":"pa_volume-75-cl-fr","19":"first","20":"instock","21":"taxable","22":"shipping-taxable","23":"purchasable","24":"product-type-simple"},"bundled_by":[],"bundle_stock_status":"instock","bundle_stock_quantity":null,"bundle_virtual":false,"bundle_layout":"","bundle_add_to_cart_form_location":"","bundle_editable_in_cart":false,"bundle_sold_individually_context":"","bundle_item_grouping":"","bundle_min_size":"","bundle_max_size":"","bundle_price":[],"bundled_items":[],"bundle_sell_ids":[],"yoast_head":"<!-- This site is optimized with the Yoast SEO plugin v27.4 - https:\/\/yoast.com\/product\/yoast-seo-wordpress\/ -->\n<title>Acheter Terres de l&#039;Engarran - Pays d&#039;Oc - Rouge - IVINIO Caviste<\/title>\n<meta name=\"description\" content=\"Terres de l&#039;Engarran - Pays d&#039;Oc - Rouge. Un vin rouge pour passer des bons moments entre de bons amis! Ar\u00f4mes surtout de fruits noirs et de framboises.\" \/>\n<meta name=\"robots\" content=\"index, follow, max-snippet:-1, max-image-preview:large, max-video-preview:-1\" \/>\n<link rel=\"canonical\" href=\"https:\/\/www.ivinio.com\/fr\/produit\/terres-de-lengarran-pays-doc-rouge\/\" \/>\n<meta property=\"og:locale\" content=\"fr_FR\" \/>\n<meta property=\"og:type\" content=\"article\" \/>\n<meta property=\"og:title\" content=\"Acheter Terres de l&#039;Engarran - Pays d&#039;Oc - Rouge - IVINIO Caviste\" \/>\n<meta property=\"og:description\" content=\"Terres de l&#039;Engarran - Pays d&#039;Oc - Rouge. Un vin rouge pour passer des bons moments entre de bons amis! Ar\u00f4mes surtout de fruits noirs et de framboises.\" \/>\n<meta property=\"og:url\" content=\"https:\/\/www.ivinio.com\/fr\/produit\/terres-de-lengarran-pays-doc-rouge\/\" \/>\n<meta property=\"og:site_name\" content=\"IVINIO Caviste\" \/>\n<meta property=\"article:publisher\" content=\"https:\/\/www.facebook.com\/groups\/165217837022391\/?ref=bookmarks\" \/>\n<meta property=\"article:modified_time\" content=\"2025-04-17T12:40:46+00:00\" \/>\n<meta property=\"og:image\" content=\"https:\/\/www.ivinio.com\/wp-content\/uploads\/2016\/02\/Chateau-de-lEngarran-Terres-de-lEngarran-Rouge-IVINIO.jpg\" \/>\n\t<meta property=\"og:image:width\" content=\"500\" \/>\n\t<meta property=\"og:image:height\" content=\"500\" \/>\n\t<meta property=\"og:image:type\" content=\"image\/jpeg\" \/>\n<meta name=\"twitter:card\" content=\"summary_large_image\" \/>\n<meta name=\"twitter:label1\" content=\"Dur\u00e9e de lecture estim\u00e9e\" \/>\n\t<meta name=\"twitter:data1\" content=\"1 minute\" \/>\n<script type=\"application\/ld+json\" class=\"yoast-schema-graph\">{\"@context\":\"https:\\\/\\\/schema.org\",\"@graph\":[{\"@type\":\"WebPage\",\"@id\":\"https:\\\/\\\/www.ivinio.com\\\/fr\\\/produit\\\/terres-de-lengarran-pays-doc-rouge\\\/\",\"url\":\"https:\\\/\\\/www.ivinio.com\\\/fr\\\/produit\\\/terres-de-lengarran-pays-doc-rouge\\\/\",\"name\":\"Acheter Terres de l'Engarran - Pays d'Oc - Rouge - IVINIO Caviste\",\"isPartOf\":{\"@id\":\"https:\\\/\\\/www.ivinio.com\\\/fr\\\/#website\"},\"primaryImageOfPage\":{\"@id\":\"https:\\\/\\\/www.ivinio.com\\\/fr\\\/produit\\\/terres-de-lengarran-pays-doc-rouge\\\/#primaryimage\"},\"image\":{\"@id\":\"https:\\\/\\\/www.ivinio.com\\\/fr\\\/produit\\\/terres-de-lengarran-pays-doc-rouge\\\/#primaryimage\"},\"thumbnailUrl\":\"https:\\\/\\\/www.ivinio.com\\\/wp-content\\\/uploads\\\/2016\\\/02\\\/Chateau-de-lEngarran-Terres-de-lEngarran-Rouge-IVINIO.jpg\",\"datePublished\":\"2016-02-20T17:38:09+00:00\",\"dateModified\":\"2025-04-17T12:40:46+00:00\",\"description\":\"Terres de l'Engarran - Pays d'Oc - Rouge. Un vin rouge pour passer des bons moments entre de bons amis! Ar\u00f4mes surtout de fruits noirs et de framboises.\",\"breadcrumb\":{\"@id\":\"https:\\\/\\\/www.ivinio.com\\\/fr\\\/produit\\\/terres-de-lengarran-pays-doc-rouge\\\/#breadcrumb\"},\"inLanguage\":\"fr-FR\",\"potentialAction\":[{\"@type\":\"ReadAction\",\"target\":[\"https:\\\/\\\/www.ivinio.com\\\/fr\\\/produit\\\/terres-de-lengarran-pays-doc-rouge\\\/\"]}]},{\"@type\":\"ImageObject\",\"inLanguage\":\"fr-FR\",\"@id\":\"https:\\\/\\\/www.ivinio.com\\\/fr\\\/produit\\\/terres-de-lengarran-pays-doc-rouge\\\/#primaryimage\",\"url\":\"https:\\\/\\\/www.ivinio.com\\\/wp-content\\\/uploads\\\/2016\\\/02\\\/Chateau-de-lEngarran-Terres-de-lEngarran-Rouge-IVINIO.jpg\",\"contentUrl\":\"https:\\\/\\\/www.ivinio.com\\\/wp-content\\\/uploads\\\/2016\\\/02\\\/Chateau-de-lEngarran-Terres-de-lEngarran-Rouge-IVINIO.jpg\",\"width\":500,\"height\":500},{\"@type\":\"BreadcrumbList\",\"@id\":\"https:\\\/\\\/www.ivinio.com\\\/fr\\\/produit\\\/terres-de-lengarran-pays-doc-rouge\\\/#breadcrumb\",\"itemListElement\":[{\"@type\":\"ListItem\",\"position\":1,\"name\":\"Home\",\"item\":\"https:\\\/\\\/www.ivinio.com\\\/fr\\\/\"},{\"@type\":\"ListItem\",\"position\":2,\"name\":\"Boutique de vin\",\"item\":\"https:\\\/\\\/www.ivinio.com\\\/fr\\\/boutique-de-vin\\\/\"},{\"@type\":\"ListItem\",\"position\":3,\"name\":\"Terres de l&#8217;Engarran &#8211; Pays d&#8217;Oc &#8211; Rouge\"}]},{\"@type\":\"WebSite\",\"@id\":\"https:\\\/\\\/www.ivinio.com\\\/fr\\\/#website\",\"url\":\"https:\\\/\\\/www.ivinio.com\\\/fr\\\/\",\"name\":\"IVINIO Caviste\",\"description\":\"Vins de France et d&#039;Italie avec livraison \u00e0 domicile\",\"publisher\":{\"@id\":\"https:\\\/\\\/www.ivinio.com\\\/fr\\\/#organization\"},\"potentialAction\":[{\"@type\":\"SearchAction\",\"target\":{\"@type\":\"EntryPoint\",\"urlTemplate\":\"https:\\\/\\\/www.ivinio.com\\\/fr\\\/?s={search_term_string}\"},\"query-input\":{\"@type\":\"PropertyValueSpecification\",\"valueRequired\":true,\"valueName\":\"search_term_string\"}}],\"inLanguage\":\"fr-FR\"},{\"@type\":\"Organization\",\"@id\":\"https:\\\/\\\/www.ivinio.com\\\/fr\\\/#organization\",\"name\":\"IVINIO\",\"url\":\"https:\\\/\\\/www.ivinio.com\\\/fr\\\/\",\"logo\":{\"@type\":\"ImageObject\",\"inLanguage\":\"fr-FR\",\"@id\":\"https:\\\/\\\/www.ivinio.com\\\/fr\\\/#\\\/schema\\\/logo\\\/image\\\/\",\"url\":\"https:\\\/\\\/www.ivinio.com\\\/wp-content\\\/uploads\\\/2021\\\/01\\\/Logo-Ivinio-v2.jpg\",\"contentUrl\":\"https:\\\/\\\/www.ivinio.com\\\/wp-content\\\/uploads\\\/2021\\\/01\\\/Logo-Ivinio-v2.jpg\",\"width\":1194,\"height\":1194,\"caption\":\"IVINIO\"},\"image\":{\"@id\":\"https:\\\/\\\/www.ivinio.com\\\/fr\\\/#\\\/schema\\\/logo\\\/image\\\/\"},\"sameAs\":[\"https:\\\/\\\/www.facebook.com\\\/groups\\\/165217837022391\\\/?ref=bookmarks\",\"https:\\\/\\\/www.instagram.com\\\/_ivinio_\\\/?hl=fr\"]}]}<\/script>\n<!-- \/ Yoast SEO plugin. -->","yoast_head_json":{"title":"Acheter Terres de l'Engarran - Pays d'Oc - Rouge - IVINIO Caviste","description":"Terres de l'Engarran - Pays d'Oc - Rouge. Un vin rouge pour passer des bons moments entre de bons amis! Ar\u00f4mes surtout de fruits noirs et de framboises.","robots":{"index":"index","follow":"follow","max-snippet":"max-snippet:-1","max-image-preview":"max-image-preview:large","max-video-preview":"max-video-preview:-1"},"canonical":"https:\/\/www.ivinio.com\/fr\/produit\/terres-de-lengarran-pays-doc-rouge\/","og_locale":"fr_FR","og_type":"article","og_title":"Acheter Terres de l'Engarran - Pays d'Oc - Rouge - IVINIO Caviste","og_description":"Terres de l'Engarran - Pays d'Oc - Rouge. Un vin rouge pour passer des bons moments entre de bons amis! Ar\u00f4mes surtout de fruits noirs et de framboises.","og_url":"https:\/\/www.ivinio.com\/fr\/produit\/terres-de-lengarran-pays-doc-rouge\/","og_site_name":"IVINIO Caviste","article_publisher":"https:\/\/www.facebook.com\/groups\/165217837022391\/?ref=bookmarks","article_modified_time":"2025-04-17T12:40:46+00:00","og_image":[{"width":500,"height":500,"url":"https:\/\/www.ivinio.com\/wp-content\/uploads\/2016\/02\/Chateau-de-lEngarran-Terres-de-lEngarran-Rouge-IVINIO.jpg","type":"image\/jpeg"}],"twitter_card":"summary_large_image","twitter_misc":{"Dur\u00e9e de lecture estim\u00e9e":"1 minute"},"schema":{"@context":"https:\/\/schema.org","@graph":[{"@type":"WebPage","@id":"https:\/\/www.ivinio.com\/fr\/produit\/terres-de-lengarran-pays-doc-rouge\/","url":"https:\/\/www.ivinio.com\/fr\/produit\/terres-de-lengarran-pays-doc-rouge\/","name":"Acheter Terres de l'Engarran - Pays d'Oc - Rouge - IVINIO Caviste","isPartOf":{"@id":"https:\/\/www.ivinio.com\/fr\/#website"},"primaryImageOfPage":{"@id":"https:\/\/www.ivinio.com\/fr\/produit\/terres-de-lengarran-pays-doc-rouge\/#primaryimage"},"image":{"@id":"https:\/\/www.ivinio.com\/fr\/produit\/terres-de-lengarran-pays-doc-rouge\/#primaryimage"},"thumbnailUrl":"https:\/\/www.ivinio.com\/wp-content\/uploads\/2016\/02\/Chateau-de-lEngarran-Terres-de-lEngarran-Rouge-IVINIO.jpg","datePublished":"2016-02-20T17:38:09+00:00","dateModified":"2025-04-17T12:40:46+00:00","description":"Terres de l'Engarran - Pays d'Oc - Rouge. Un vin rouge pour passer des bons moments entre de bons amis! Ar\u00f4mes surtout de fruits noirs et de framboises.","breadcrumb":{"@id":"https:\/\/www.ivinio.com\/fr\/produit\/terres-de-lengarran-pays-doc-rouge\/#breadcrumb"},"inLanguage":"fr-FR","potentialAction":[{"@type":"ReadAction","target":["https:\/\/www.ivinio.com\/fr\/produit\/terres-de-lengarran-pays-doc-rouge\/"]}]},{"@type":"ImageObject","inLanguage":"fr-FR","@id":"https:\/\/www.ivinio.com\/fr\/produit\/terres-de-lengarran-pays-doc-rouge\/#primaryimage","url":"https:\/\/www.ivinio.com\/wp-content\/uploads\/2016\/02\/Chateau-de-lEngarran-Terres-de-lEngarran-Rouge-IVINIO.jpg","contentUrl":"https:\/\/www.ivinio.com\/wp-content\/uploads\/2016\/02\/Chateau-de-lEngarran-Terres-de-lEngarran-Rouge-IVINIO.jpg","width":500,"height":500},{"@type":"BreadcrumbList","@id":"https:\/\/www.ivinio.com\/fr\/produit\/terres-de-lengarran-pays-doc-rouge\/#breadcrumb","itemListElement":[{"@type":"ListItem","position":1,"name":"Home","item":"https:\/\/www.ivinio.com\/fr\/"},{"@type":"ListItem","position":2,"name":"Boutique de vin","item":"https:\/\/www.ivinio.com\/fr\/boutique-de-vin\/"},{"@type":"ListItem","position":3,"name":"Terres de l&#8217;Engarran &#8211; Pays d&#8217;Oc &#8211; Rouge"}]},{"@type":"WebSite","@id":"https:\/\/www.ivinio.com\/fr\/#website","url":"https:\/\/www.ivinio.com\/fr\/","name":"IVINIO Caviste","description":"Vins de France et d&#039;Italie avec livraison \u00e0 domicile","publisher":{"@id":"https:\/\/www.ivinio.com\/fr\/#organization"},"potentialAction":[{"@type":"SearchAction","target":{"@type":"EntryPoint","urlTemplate":"https:\/\/www.ivinio.com\/fr\/?s={search_term_string}"},"query-input":{"@type":"PropertyValueSpecification","valueRequired":true,"valueName":"search_term_string"}}],"inLanguage":"fr-FR"},{"@type":"Organization","@id":"https:\/\/www.ivinio.com\/fr\/#organization","name":"IVINIO","url":"https:\/\/www.ivinio.com\/fr\/","logo":{"@type":"ImageObject","inLanguage":"fr-FR","@id":"https:\/\/www.ivinio.com\/fr\/#\/schema\/logo\/image\/","url":"https:\/\/www.ivinio.com\/wp-content\/uploads\/2021\/01\/Logo-Ivinio-v2.jpg","contentUrl":"https:\/\/www.ivinio.com\/wp-content\/uploads\/2021\/01\/Logo-Ivinio-v2.jpg","width":1194,"height":1194,"caption":"IVINIO"},"image":{"@id":"https:\/\/www.ivinio.com\/fr\/#\/schema\/logo\/image\/"},"sameAs":["https:\/\/www.facebook.com\/groups\/165217837022391\/?ref=bookmarks","https:\/\/www.instagram.com\/_ivinio_\/?hl=fr"]}]}},"jetpack_sharing_enabled":true,"_links":{"self":[{"href":"https:\/\/www.ivinio.com\/fr\/wp-json\/wp\/v2\/product\/121038","targetHints":{"allow":["GET"]}}],"collection":[{"href":"https:\/\/www.ivinio.com\/fr\/wp-json\/wp\/v2\/product"}],"about":[{"href":"https:\/\/www.ivinio.com\/fr\/wp-json\/wp\/v2\/types\/product"}],"replies":[{"embeddable":true,"href":"https:\/\/www.ivinio.com\/fr\/wp-json\/wp\/v2\/comments?post=121038"}],"wp:featuredmedia":[{"embeddable":true,"href":"https:\/\/www.ivinio.com\/fr\/wp-json\/wp\/v2\/media\/132153"}],"wp:attachment":[{"href":"https:\/\/www.ivinio.com\/fr\/wp-json\/wp\/v2\/media?parent=121038"}],"wp:term":[{"taxonomy":"product_brand","embeddable":true,"href":"https:\/\/www.ivinio.com\/fr\/wp-json\/wp\/v2\/product_brand?post=121038"},{"taxonomy":"product_cat","embeddable":true,"href":"https:\/\/www.ivinio.com\/fr\/wp-json\/wp\/v2\/product_cat?post=121038"},{"taxonomy":"product_tag","embeddable":true,"href":"https:\/\/www.ivinio.com\/fr\/wp-json\/wp\/v2\/product_tag?post=121038"}],"curies":[{"name":"wp","href":"https:\/\/api.w.org\/{rel}","templated":true}]}}