{"id":121031,"date":"2016-02-20T17:38:09","date_gmt":"2016-02-20T17:38:09","guid":{"rendered":"https:\/\/henrik.www.ivinio.com\/?product=domaine-de-lengarran-cuvee-la-lionne-rouge"},"modified":"2024-08-27T18:09:57","modified_gmt":"2024-08-27T16:09:57","slug":"domaine-de-lengarran-cuvee-la-lionne-rouge","status":"publish","type":"product","link":"https:\/\/www.ivinio.com\/fr\/produit\/domaine-de-lengarran-cuvee-la-lionne-rouge\/","title":{"rendered":"Domaine de l&#8217;Engarran &#8211; Cuv\u00e9e La Lionne &#8211; Rouge"},"content":{"rendered":"<p>La Cuv\u00e9e La Lionne du Domaine de l&#8217;Engarran est compos\u00e9e de\u00a090% de cabernet franc, 6% de grenache et 4% de merlot. Le vin est produit selon la m\u00e9thode classique avec 18% du vin \u00e9lev\u00e9 dans des f\u00fbts de ch\u00eane neufs et d\u00e9j\u00e0 utilis\u00e9s (1-2 fois).<\/p>\n","protected":false},"excerpt":{"rendered":"<p>La Cuv\u00e9e La Lionne du Domaine de l&#8217;Engarran est un vin rouge de caract\u00e8re, avec des notes aromatiques principalement\u00a0de m\u00fbre, de poivre et de r\u00e9glisse. Belle fraicheur et texture avec des tanins souples. Servir pour toutes les occasions !<\/p>\n","protected":false},"featured_media":121034,"comment_status":"open","ping_status":"closed","template":"","meta":{"_monsterinsights_skip_tracking":false,"_monsterinsights_sitenote_active":false,"_monsterinsights_sitenote_note":"","_monsterinsights_sitenote_category":0,"_uf_show_specific_survey":0,"_uf_disable_surveys":false},"product_brand":[],"product_cat":[36625,36586],"product_tag":[],"class_list":{"0":"post-121031","1":"product","2":"type-product","3":"status-publish","4":"has-post-thumbnail","6":"product_cat-fr-languedoc","7":"product_cat-vins-francais","8":"pa_alcohol-degree-13-5","9":"pa_classification-igp-pays-doc","10":"pa_color-rouge-fr","11":"pa_country-france-fr","12":"pa_grape-variety-cabernet-franc-fr","13":"pa_grape-variety-grenache-fr","14":"pa_grape-variety-merlot-fr","15":"pa_region-languedoc-fr","16":"pa_storage-potential-5-ans-fr","17":"pa_vintage-2019-fr","18":"pa_volume-75-cl-fr","20":"first","21":"instock","22":"taxable","23":"shipping-taxable","24":"purchasable","25":"product-type-simple"},"bundled_by":[],"bundle_stock_status":"instock","bundle_stock_quantity":null,"bundle_virtual":false,"bundle_layout":"","bundle_add_to_cart_form_location":"","bundle_editable_in_cart":false,"bundle_sold_individually_context":"","bundle_item_grouping":"","bundle_min_size":"","bundle_max_size":"","bundle_price":[],"bundled_items":[],"bundle_sell_ids":[],"yoast_head":"<!-- This site is optimized with the Yoast SEO plugin v27.5 - https:\/\/yoast.com\/product\/yoast-seo-wordpress\/ -->\n<title>Acheter Domaine de l&#039;Engarran - Cuv\u00e9e La Lionne - Rouge - IVINIO Caviste<\/title>\n<meta name=\"description\" content=\"Acheter Domaine de l&#039;Engarran - Cuv\u00e9e La Lionne - Rouge. De caract\u00e8re, avec des notes aromatiques de m\u00fbre, de poivre et de r\u00e9glisse.\" \/>\n<meta name=\"robots\" content=\"index, follow, max-snippet:-1, max-image-preview:large, max-video-preview:-1\" \/>\n<link rel=\"canonical\" href=\"https:\/\/www.ivinio.com\/fr\/produit\/domaine-de-lengarran-cuvee-la-lionne-rouge\/\" \/>\n<meta property=\"og:locale\" content=\"fr_FR\" \/>\n<meta property=\"og:type\" content=\"article\" \/>\n<meta property=\"og:title\" content=\"Acheter Domaine de l&#039;Engarran - Cuv\u00e9e La Lionne - Rouge - IVINIO Caviste\" \/>\n<meta property=\"og:description\" content=\"Acheter Domaine de l&#039;Engarran - Cuv\u00e9e La Lionne - Rouge. De caract\u00e8re, avec des notes aromatiques de m\u00fbre, de poivre et de r\u00e9glisse.\" \/>\n<meta property=\"og:url\" content=\"https:\/\/www.ivinio.com\/fr\/produit\/domaine-de-lengarran-cuvee-la-lionne-rouge\/\" \/>\n<meta property=\"og:site_name\" content=\"IVINIO Caviste\" \/>\n<meta property=\"article:publisher\" content=\"https:\/\/www.facebook.com\/groups\/165217837022391\/?ref=bookmarks\" \/>\n<meta property=\"article:modified_time\" content=\"2024-08-27T16:09:57+00:00\" \/>\n<meta property=\"og:image\" content=\"https:\/\/www.ivinio.com\/wp-content\/uploads\/nc\/public\/modules\/file\/pictures\/6613.domaine-de-l-engarran-la-lionne-rouge-ivinio.jpg\" \/>\n\t<meta property=\"og:image:width\" content=\"500\" \/>\n\t<meta property=\"og:image:height\" content=\"500\" \/>\n\t<meta property=\"og:image:type\" content=\"image\/jpeg\" \/>\n<meta name=\"twitter:card\" content=\"summary_large_image\" \/>\n<meta name=\"twitter:label1\" content=\"Dur\u00e9e de lecture estim\u00e9e\" \/>\n\t<meta name=\"twitter:data1\" content=\"1 minute\" \/>\n<script type=\"application\/ld+json\" class=\"yoast-schema-graph\">{\"@context\":\"https:\\\/\\\/schema.org\",\"@graph\":[{\"@type\":\"WebPage\",\"@id\":\"https:\\\/\\\/www.ivinio.com\\\/fr\\\/produit\\\/domaine-de-lengarran-cuvee-la-lionne-rouge\\\/\",\"url\":\"https:\\\/\\\/www.ivinio.com\\\/fr\\\/produit\\\/domaine-de-lengarran-cuvee-la-lionne-rouge\\\/\",\"name\":\"Acheter Domaine de l'Engarran - Cuv\u00e9e La Lionne - Rouge - IVINIO Caviste\",\"isPartOf\":{\"@id\":\"https:\\\/\\\/www.ivinio.com\\\/fr\\\/#website\"},\"primaryImageOfPage\":{\"@id\":\"https:\\\/\\\/www.ivinio.com\\\/fr\\\/produit\\\/domaine-de-lengarran-cuvee-la-lionne-rouge\\\/#primaryimage\"},\"image\":{\"@id\":\"https:\\\/\\\/www.ivinio.com\\\/fr\\\/produit\\\/domaine-de-lengarran-cuvee-la-lionne-rouge\\\/#primaryimage\"},\"thumbnailUrl\":\"https:\\\/\\\/www.ivinio.com\\\/wp-content\\\/uploads\\\/nc\\\/public\\\/modules\\\/file\\\/pictures\\\/6613.domaine-de-l-engarran-la-lionne-rouge-ivinio.jpg\",\"datePublished\":\"2016-02-20T17:38:09+00:00\",\"dateModified\":\"2024-08-27T16:09:57+00:00\",\"description\":\"Acheter Domaine de l'Engarran - Cuv\u00e9e La Lionne - Rouge. De caract\u00e8re, avec des notes aromatiques de m\u00fbre, de poivre et de r\u00e9glisse.\",\"breadcrumb\":{\"@id\":\"https:\\\/\\\/www.ivinio.com\\\/fr\\\/produit\\\/domaine-de-lengarran-cuvee-la-lionne-rouge\\\/#breadcrumb\"},\"inLanguage\":\"fr-FR\",\"potentialAction\":[{\"@type\":\"ReadAction\",\"target\":[\"https:\\\/\\\/www.ivinio.com\\\/fr\\\/produit\\\/domaine-de-lengarran-cuvee-la-lionne-rouge\\\/\"]}]},{\"@type\":\"ImageObject\",\"inLanguage\":\"fr-FR\",\"@id\":\"https:\\\/\\\/www.ivinio.com\\\/fr\\\/produit\\\/domaine-de-lengarran-cuvee-la-lionne-rouge\\\/#primaryimage\",\"url\":\"https:\\\/\\\/www.ivinio.com\\\/wp-content\\\/uploads\\\/nc\\\/public\\\/modules\\\/file\\\/pictures\\\/6613.domaine-de-l-engarran-la-lionne-rouge-ivinio.jpg\",\"contentUrl\":\"https:\\\/\\\/www.ivinio.com\\\/wp-content\\\/uploads\\\/nc\\\/public\\\/modules\\\/file\\\/pictures\\\/6613.domaine-de-l-engarran-la-lionne-rouge-ivinio.jpg\",\"width\":500,\"height\":500,\"caption\":\"Domaine de l'Engarran - Cuv\u00e9e La Lionne\"},{\"@type\":\"BreadcrumbList\",\"@id\":\"https:\\\/\\\/www.ivinio.com\\\/fr\\\/produit\\\/domaine-de-lengarran-cuvee-la-lionne-rouge\\\/#breadcrumb\",\"itemListElement\":[{\"@type\":\"ListItem\",\"position\":1,\"name\":\"Home\",\"item\":\"https:\\\/\\\/www.ivinio.com\\\/fr\\\/\"},{\"@type\":\"ListItem\",\"position\":2,\"name\":\"Boutique de vin\",\"item\":\"https:\\\/\\\/www.ivinio.com\\\/fr\\\/boutique-de-vin\\\/\"},{\"@type\":\"ListItem\",\"position\":3,\"name\":\"Domaine de l&#8217;Engarran &#8211; Cuv\u00e9e La Lionne &#8211; Rouge\"}]},{\"@type\":\"WebSite\",\"@id\":\"https:\\\/\\\/www.ivinio.com\\\/fr\\\/#website\",\"url\":\"https:\\\/\\\/www.ivinio.com\\\/fr\\\/\",\"name\":\"IVINIO Caviste\",\"description\":\"Vins de France et d&#039;Italie avec livraison \u00e0 domicile\",\"publisher\":{\"@id\":\"https:\\\/\\\/www.ivinio.com\\\/fr\\\/#organization\"},\"potentialAction\":[{\"@type\":\"SearchAction\",\"target\":{\"@type\":\"EntryPoint\",\"urlTemplate\":\"https:\\\/\\\/www.ivinio.com\\\/fr\\\/?s={search_term_string}\"},\"query-input\":{\"@type\":\"PropertyValueSpecification\",\"valueRequired\":true,\"valueName\":\"search_term_string\"}}],\"inLanguage\":\"fr-FR\"},{\"@type\":\"Organization\",\"@id\":\"https:\\\/\\\/www.ivinio.com\\\/fr\\\/#organization\",\"name\":\"IVINIO\",\"url\":\"https:\\\/\\\/www.ivinio.com\\\/fr\\\/\",\"logo\":{\"@type\":\"ImageObject\",\"inLanguage\":\"fr-FR\",\"@id\":\"https:\\\/\\\/www.ivinio.com\\\/fr\\\/#\\\/schema\\\/logo\\\/image\\\/\",\"url\":\"https:\\\/\\\/www.ivinio.com\\\/wp-content\\\/uploads\\\/2021\\\/01\\\/Logo-Ivinio-v2.jpg\",\"contentUrl\":\"https:\\\/\\\/www.ivinio.com\\\/wp-content\\\/uploads\\\/2021\\\/01\\\/Logo-Ivinio-v2.jpg\",\"width\":1194,\"height\":1194,\"caption\":\"IVINIO\"},\"image\":{\"@id\":\"https:\\\/\\\/www.ivinio.com\\\/fr\\\/#\\\/schema\\\/logo\\\/image\\\/\"},\"sameAs\":[\"https:\\\/\\\/www.facebook.com\\\/groups\\\/165217837022391\\\/?ref=bookmarks\",\"https:\\\/\\\/www.instagram.com\\\/_ivinio_\\\/?hl=fr\"]}]}<\/script>\n<!-- \/ Yoast SEO plugin. -->","yoast_head_json":{"title":"Acheter Domaine de l'Engarran - Cuv\u00e9e La Lionne - Rouge - IVINIO Caviste","description":"Acheter Domaine de l'Engarran - Cuv\u00e9e La Lionne - Rouge. De caract\u00e8re, avec des notes aromatiques de m\u00fbre, de poivre et de r\u00e9glisse.","robots":{"index":"index","follow":"follow","max-snippet":"max-snippet:-1","max-image-preview":"max-image-preview:large","max-video-preview":"max-video-preview:-1"},"canonical":"https:\/\/www.ivinio.com\/fr\/produit\/domaine-de-lengarran-cuvee-la-lionne-rouge\/","og_locale":"fr_FR","og_type":"article","og_title":"Acheter Domaine de l'Engarran - Cuv\u00e9e La Lionne - Rouge - IVINIO Caviste","og_description":"Acheter Domaine de l'Engarran - Cuv\u00e9e La Lionne - Rouge. De caract\u00e8re, avec des notes aromatiques de m\u00fbre, de poivre et de r\u00e9glisse.","og_url":"https:\/\/www.ivinio.com\/fr\/produit\/domaine-de-lengarran-cuvee-la-lionne-rouge\/","og_site_name":"IVINIO Caviste","article_publisher":"https:\/\/www.facebook.com\/groups\/165217837022391\/?ref=bookmarks","article_modified_time":"2024-08-27T16:09:57+00:00","og_image":[{"width":500,"height":500,"url":"https:\/\/www.ivinio.com\/wp-content\/uploads\/nc\/public\/modules\/file\/pictures\/6613.domaine-de-l-engarran-la-lionne-rouge-ivinio.jpg","type":"image\/jpeg"}],"twitter_card":"summary_large_image","twitter_misc":{"Dur\u00e9e de lecture estim\u00e9e":"1 minute"},"schema":{"@context":"https:\/\/schema.org","@graph":[{"@type":"WebPage","@id":"https:\/\/www.ivinio.com\/fr\/produit\/domaine-de-lengarran-cuvee-la-lionne-rouge\/","url":"https:\/\/www.ivinio.com\/fr\/produit\/domaine-de-lengarran-cuvee-la-lionne-rouge\/","name":"Acheter Domaine de l'Engarran - Cuv\u00e9e La Lionne - Rouge - IVINIO Caviste","isPartOf":{"@id":"https:\/\/www.ivinio.com\/fr\/#website"},"primaryImageOfPage":{"@id":"https:\/\/www.ivinio.com\/fr\/produit\/domaine-de-lengarran-cuvee-la-lionne-rouge\/#primaryimage"},"image":{"@id":"https:\/\/www.ivinio.com\/fr\/produit\/domaine-de-lengarran-cuvee-la-lionne-rouge\/#primaryimage"},"thumbnailUrl":"https:\/\/www.ivinio.com\/wp-content\/uploads\/nc\/public\/modules\/file\/pictures\/6613.domaine-de-l-engarran-la-lionne-rouge-ivinio.jpg","datePublished":"2016-02-20T17:38:09+00:00","dateModified":"2024-08-27T16:09:57+00:00","description":"Acheter Domaine de l'Engarran - Cuv\u00e9e La Lionne - Rouge. De caract\u00e8re, avec des notes aromatiques de m\u00fbre, de poivre et de r\u00e9glisse.","breadcrumb":{"@id":"https:\/\/www.ivinio.com\/fr\/produit\/domaine-de-lengarran-cuvee-la-lionne-rouge\/#breadcrumb"},"inLanguage":"fr-FR","potentialAction":[{"@type":"ReadAction","target":["https:\/\/www.ivinio.com\/fr\/produit\/domaine-de-lengarran-cuvee-la-lionne-rouge\/"]}]},{"@type":"ImageObject","inLanguage":"fr-FR","@id":"https:\/\/www.ivinio.com\/fr\/produit\/domaine-de-lengarran-cuvee-la-lionne-rouge\/#primaryimage","url":"https:\/\/www.ivinio.com\/wp-content\/uploads\/nc\/public\/modules\/file\/pictures\/6613.domaine-de-l-engarran-la-lionne-rouge-ivinio.jpg","contentUrl":"https:\/\/www.ivinio.com\/wp-content\/uploads\/nc\/public\/modules\/file\/pictures\/6613.domaine-de-l-engarran-la-lionne-rouge-ivinio.jpg","width":500,"height":500,"caption":"Domaine de l'Engarran - Cuv\u00e9e La Lionne"},{"@type":"BreadcrumbList","@id":"https:\/\/www.ivinio.com\/fr\/produit\/domaine-de-lengarran-cuvee-la-lionne-rouge\/#breadcrumb","itemListElement":[{"@type":"ListItem","position":1,"name":"Home","item":"https:\/\/www.ivinio.com\/fr\/"},{"@type":"ListItem","position":2,"name":"Boutique de vin","item":"https:\/\/www.ivinio.com\/fr\/boutique-de-vin\/"},{"@type":"ListItem","position":3,"name":"Domaine de l&#8217;Engarran &#8211; Cuv\u00e9e La Lionne &#8211; Rouge"}]},{"@type":"WebSite","@id":"https:\/\/www.ivinio.com\/fr\/#website","url":"https:\/\/www.ivinio.com\/fr\/","name":"IVINIO Caviste","description":"Vins de France et d&#039;Italie avec livraison \u00e0 domicile","publisher":{"@id":"https:\/\/www.ivinio.com\/fr\/#organization"},"potentialAction":[{"@type":"SearchAction","target":{"@type":"EntryPoint","urlTemplate":"https:\/\/www.ivinio.com\/fr\/?s={search_term_string}"},"query-input":{"@type":"PropertyValueSpecification","valueRequired":true,"valueName":"search_term_string"}}],"inLanguage":"fr-FR"},{"@type":"Organization","@id":"https:\/\/www.ivinio.com\/fr\/#organization","name":"IVINIO","url":"https:\/\/www.ivinio.com\/fr\/","logo":{"@type":"ImageObject","inLanguage":"fr-FR","@id":"https:\/\/www.ivinio.com\/fr\/#\/schema\/logo\/image\/","url":"https:\/\/www.ivinio.com\/wp-content\/uploads\/2021\/01\/Logo-Ivinio-v2.jpg","contentUrl":"https:\/\/www.ivinio.com\/wp-content\/uploads\/2021\/01\/Logo-Ivinio-v2.jpg","width":1194,"height":1194,"caption":"IVINIO"},"image":{"@id":"https:\/\/www.ivinio.com\/fr\/#\/schema\/logo\/image\/"},"sameAs":["https:\/\/www.facebook.com\/groups\/165217837022391\/?ref=bookmarks","https:\/\/www.instagram.com\/_ivinio_\/?hl=fr"]}]}},"jetpack_sharing_enabled":true,"_links":{"self":[{"href":"https:\/\/www.ivinio.com\/fr\/wp-json\/wp\/v2\/product\/121031","targetHints":{"allow":["GET"]}}],"collection":[{"href":"https:\/\/www.ivinio.com\/fr\/wp-json\/wp\/v2\/product"}],"about":[{"href":"https:\/\/www.ivinio.com\/fr\/wp-json\/wp\/v2\/types\/product"}],"replies":[{"embeddable":true,"href":"https:\/\/www.ivinio.com\/fr\/wp-json\/wp\/v2\/comments?post=121031"}],"wp:featuredmedia":[{"embeddable":true,"href":"https:\/\/www.ivinio.com\/fr\/wp-json\/wp\/v2\/media\/121034"}],"wp:attachment":[{"href":"https:\/\/www.ivinio.com\/fr\/wp-json\/wp\/v2\/media?parent=121031"}],"wp:term":[{"taxonomy":"product_brand","embeddable":true,"href":"https:\/\/www.ivinio.com\/fr\/wp-json\/wp\/v2\/product_brand?post=121031"},{"taxonomy":"product_cat","embeddable":true,"href":"https:\/\/www.ivinio.com\/fr\/wp-json\/wp\/v2\/product_cat?post=121031"},{"taxonomy":"product_tag","embeddable":true,"href":"https:\/\/www.ivinio.com\/fr\/wp-json\/wp\/v2\/product_tag?post=121031"}],"curies":[{"name":"wp","href":"https:\/\/api.w.org\/{rel}","templated":true}]}}