{"id":121020,"date":"2018-01-18T09:06:11","date_gmt":"2018-01-18T09:06:11","guid":{"rendered":"https:\/\/henrik.www.ivinio.com\/?product=chateau-simone-blanc"},"modified":"2026-03-14T19:49:39","modified_gmt":"2026-03-14T18:49:39","slug":"chateau-simone-blanc","status":"publish","type":"product","link":"https:\/\/www.ivinio.com\/fr\/produit\/chateau-simone-blanc\/","title":{"rendered":"Ch\u00e2teau Simone &#8211; Blanc"},"content":{"rendered":"<p>Le Ch\u00e2teau Simone blanc est compos\u00e9 de\u00a080% de Clairette, 10% de Grenache Blanc, 6% d\u2019Ugni Blanc, 2% de Bourboulenc et 2% de Muscat Blanc. Les raisins sont vendang\u00e9s \u00e0 la main et tri\u00e9s imm\u00e9diatement avant d&#8217;\u00eatre charg\u00e9s et transport\u00e9s dans des paniers de 40 kg. Une fois au caveau, les raisins sont \u00e0 nouveau tri\u00e9s. Ils sont l\u00e9g\u00e8rement press\u00e9s pour que la peau se brise (foulage). Le jus s&#8217;\u00e9coulent et cr\u00e9e\u00a0le\u00a0&#8220;mo\u00fbt de goutte&#8221;, avant que le reste des raisins ne soit press\u00e9, donnant ainsi un &#8220;vin de presse&#8221;. Les restes de presse sont m\u00e9lang\u00e9s au vin pour une nouvelle presse (reb\u00eachage). Suit une\u00a0clarification partielle avant la fermentation (d\u00e9bourbage). L&#8217;\u00e9levage se fait sur bois\u00a0&#8211; d&#8217;abord dans des\u00a0foudres pendant 6 mois sur les lies\u00a0du vin, puis pendant 1 an dans\u00a0des f\u00fbts de ch\u00eane.<\/p>\n","protected":false},"excerpt":{"rendered":"<p>Le Ch\u00e2teau Simone de la petite appellation Palette est l&#8217;un des vins les plus c\u00e9l\u00e8bres et les plus exclusifs de Provence. Le vin blanc est floral et fruit\u00e9 &#8211; l\u00e9g\u00e8rement bois\u00e9. Un vin \u00e0 boire d\u00e8s maintenant pour sa fra\u00eecheur ou pour une longue garde et un profil de vin plus complexe !<\/p>\n","protected":false},"featured_media":129549,"comment_status":"open","ping_status":"closed","template":"","meta":{"_monsterinsights_skip_tracking":false,"_monsterinsights_sitenote_active":false,"_monsterinsights_sitenote_note":"","_monsterinsights_sitenote_category":0,"_uf_show_specific_survey":0,"_uf_disable_surveys":false},"product_brand":[],"product_cat":[36622,36586],"product_tag":[],"class_list":{"0":"post-121020","1":"product","2":"type-product","3":"status-publish","4":"has-post-thumbnail","6":"product_cat-fr-provence","7":"product_cat-vins-francais","8":"pa_alcohol-degree-13-5","9":"pa_awards-the-wine-advocate-fr","10":"pa_classification-aop-palette-fr","11":"pa_grape-variety-bourboulenc-fr","12":"pa_grape-variety-clairette-fr","13":"pa_grape-variety-grenache-blanc-fr","14":"pa_grape-variety-muscat-blanc-fr","15":"pa_grape-variety-ugni-blanc-fr","16":"pa_package-1x1-fr","17":"pa_package-1x6-fr","18":"pa_region-provence-fr","19":"pa_vintage-2022-fr","20":"pa_volume-75-cl-fr","22":"first","23":"instock","24":"taxable","25":"shipping-taxable","26":"purchasable","27":"product-type-variable"},"bundled_by":["121054"],"bundle_stock_status":"instock","bundle_stock_quantity":null,"bundle_virtual":false,"bundle_layout":"","bundle_add_to_cart_form_location":"","bundle_editable_in_cart":false,"bundle_sold_individually_context":"","bundle_item_grouping":"","bundle_min_size":"","bundle_max_size":"","bundle_price":[],"bundled_items":[],"bundle_sell_ids":[],"yoast_head":"<!-- This site is optimized with the Yoast SEO plugin v27.5 - https:\/\/yoast.com\/product\/yoast-seo-wordpress\/ -->\n<title>Acheter Ch\u00e2teau Simone - Blanc - IVINIO Caviste<\/title>\n<meta name=\"description\" content=\"Acheter Ch\u00e2teau Simone - Blanc. De la petite appellation Palette. Un des vins les plus c\u00e9l\u00e8bres et plus exclusifs de Provence.\" \/>\n<meta name=\"robots\" content=\"index, follow, max-snippet:-1, max-image-preview:large, max-video-preview:-1\" \/>\n<link rel=\"canonical\" href=\"https:\/\/www.ivinio.com\/fr\/produit\/chateau-simone-blanc\/\" \/>\n<meta property=\"og:locale\" content=\"fr_FR\" \/>\n<meta property=\"og:type\" content=\"article\" \/>\n<meta property=\"og:title\" content=\"Acheter Ch\u00e2teau Simone - Blanc - IVINIO Caviste\" \/>\n<meta property=\"og:description\" content=\"Acheter Ch\u00e2teau Simone - Blanc. De la petite appellation Palette. Un des vins les plus c\u00e9l\u00e8bres et plus exclusifs de Provence.\" \/>\n<meta property=\"og:url\" content=\"https:\/\/www.ivinio.com\/fr\/produit\/chateau-simone-blanc\/\" \/>\n<meta property=\"og:site_name\" content=\"IVINIO Caviste\" \/>\n<meta property=\"article:publisher\" content=\"https:\/\/www.facebook.com\/groups\/165217837022391\/?ref=bookmarks\" \/>\n<meta property=\"article:modified_time\" content=\"2026-03-14T18:49:39+00:00\" \/>\n<meta property=\"og:image\" content=\"https:\/\/www.ivinio.com\/wp-content\/uploads\/nc\/public\/modules\/file\/pictures\/6608.ch-teau-simone-blanc-ivinio.jpg\" \/>\n\t<meta property=\"og:image:width\" content=\"500\" \/>\n\t<meta property=\"og:image:height\" content=\"500\" \/>\n\t<meta property=\"og:image:type\" content=\"image\/jpeg\" \/>\n<meta name=\"twitter:card\" content=\"summary_large_image\" \/>\n<meta name=\"twitter:label1\" content=\"Dur\u00e9e de lecture estim\u00e9e\" \/>\n\t<meta name=\"twitter:data1\" content=\"1 minute\" \/>\n<script type=\"application\/ld+json\" class=\"yoast-schema-graph\">{\"@context\":\"https:\\\/\\\/schema.org\",\"@graph\":[{\"@type\":\"WebPage\",\"@id\":\"https:\\\/\\\/www.ivinio.com\\\/fr\\\/produit\\\/chateau-simone-blanc\\\/\",\"url\":\"https:\\\/\\\/www.ivinio.com\\\/fr\\\/produit\\\/chateau-simone-blanc\\\/\",\"name\":\"Acheter Ch\u00e2teau Simone - Blanc - IVINIO Caviste\",\"isPartOf\":{\"@id\":\"https:\\\/\\\/www.ivinio.com\\\/fr\\\/#website\"},\"primaryImageOfPage\":{\"@id\":\"https:\\\/\\\/www.ivinio.com\\\/fr\\\/produit\\\/chateau-simone-blanc\\\/#primaryimage\"},\"image\":{\"@id\":\"https:\\\/\\\/www.ivinio.com\\\/fr\\\/produit\\\/chateau-simone-blanc\\\/#primaryimage\"},\"thumbnailUrl\":\"https:\\\/\\\/www.ivinio.com\\\/wp-content\\\/uploads\\\/nc\\\/public\\\/modules\\\/file\\\/pictures\\\/6608.ch-teau-simone-blanc-ivinio.jpg\",\"datePublished\":\"2018-01-18T09:06:11+00:00\",\"dateModified\":\"2026-03-14T18:49:39+00:00\",\"description\":\"Acheter Ch\u00e2teau Simone - Blanc. De la petite appellation Palette. Un des vins les plus c\u00e9l\u00e8bres et plus exclusifs de Provence.\",\"breadcrumb\":{\"@id\":\"https:\\\/\\\/www.ivinio.com\\\/fr\\\/produit\\\/chateau-simone-blanc\\\/#breadcrumb\"},\"inLanguage\":\"fr-FR\",\"potentialAction\":[{\"@type\":\"ReadAction\",\"target\":[\"https:\\\/\\\/www.ivinio.com\\\/fr\\\/produit\\\/chateau-simone-blanc\\\/\"]}]},{\"@type\":\"ImageObject\",\"inLanguage\":\"fr-FR\",\"@id\":\"https:\\\/\\\/www.ivinio.com\\\/fr\\\/produit\\\/chateau-simone-blanc\\\/#primaryimage\",\"url\":\"https:\\\/\\\/www.ivinio.com\\\/wp-content\\\/uploads\\\/nc\\\/public\\\/modules\\\/file\\\/pictures\\\/6608.ch-teau-simone-blanc-ivinio.jpg\",\"contentUrl\":\"https:\\\/\\\/www.ivinio.com\\\/wp-content\\\/uploads\\\/nc\\\/public\\\/modules\\\/file\\\/pictures\\\/6608.ch-teau-simone-blanc-ivinio.jpg\",\"width\":500,\"height\":500,\"caption\":\"Ch\u00e2teau Simone\"},{\"@type\":\"BreadcrumbList\",\"@id\":\"https:\\\/\\\/www.ivinio.com\\\/fr\\\/produit\\\/chateau-simone-blanc\\\/#breadcrumb\",\"itemListElement\":[{\"@type\":\"ListItem\",\"position\":1,\"name\":\"Home\",\"item\":\"https:\\\/\\\/www.ivinio.com\\\/fr\\\/\"},{\"@type\":\"ListItem\",\"position\":2,\"name\":\"Boutique de vin\",\"item\":\"https:\\\/\\\/www.ivinio.com\\\/fr\\\/boutique-de-vin\\\/\"},{\"@type\":\"ListItem\",\"position\":3,\"name\":\"Ch\u00e2teau Simone &#8211; Blanc\"}]},{\"@type\":\"WebSite\",\"@id\":\"https:\\\/\\\/www.ivinio.com\\\/fr\\\/#website\",\"url\":\"https:\\\/\\\/www.ivinio.com\\\/fr\\\/\",\"name\":\"IVINIO Caviste\",\"description\":\"Vins de France et d&#039;Italie avec livraison \u00e0 domicile\",\"publisher\":{\"@id\":\"https:\\\/\\\/www.ivinio.com\\\/fr\\\/#organization\"},\"potentialAction\":[{\"@type\":\"SearchAction\",\"target\":{\"@type\":\"EntryPoint\",\"urlTemplate\":\"https:\\\/\\\/www.ivinio.com\\\/fr\\\/?s={search_term_string}\"},\"query-input\":{\"@type\":\"PropertyValueSpecification\",\"valueRequired\":true,\"valueName\":\"search_term_string\"}}],\"inLanguage\":\"fr-FR\"},{\"@type\":\"Organization\",\"@id\":\"https:\\\/\\\/www.ivinio.com\\\/fr\\\/#organization\",\"name\":\"IVINIO\",\"url\":\"https:\\\/\\\/www.ivinio.com\\\/fr\\\/\",\"logo\":{\"@type\":\"ImageObject\",\"inLanguage\":\"fr-FR\",\"@id\":\"https:\\\/\\\/www.ivinio.com\\\/fr\\\/#\\\/schema\\\/logo\\\/image\\\/\",\"url\":\"https:\\\/\\\/www.ivinio.com\\\/wp-content\\\/uploads\\\/2021\\\/01\\\/Logo-Ivinio-v2.jpg\",\"contentUrl\":\"https:\\\/\\\/www.ivinio.com\\\/wp-content\\\/uploads\\\/2021\\\/01\\\/Logo-Ivinio-v2.jpg\",\"width\":1194,\"height\":1194,\"caption\":\"IVINIO\"},\"image\":{\"@id\":\"https:\\\/\\\/www.ivinio.com\\\/fr\\\/#\\\/schema\\\/logo\\\/image\\\/\"},\"sameAs\":[\"https:\\\/\\\/www.facebook.com\\\/groups\\\/165217837022391\\\/?ref=bookmarks\",\"https:\\\/\\\/www.instagram.com\\\/_ivinio_\\\/?hl=fr\"]}]}<\/script>\n<!-- \/ Yoast SEO plugin. -->","yoast_head_json":{"title":"Acheter Ch\u00e2teau Simone - Blanc - IVINIO Caviste","description":"Acheter Ch\u00e2teau Simone - Blanc. De la petite appellation Palette. Un des vins les plus c\u00e9l\u00e8bres et plus exclusifs de Provence.","robots":{"index":"index","follow":"follow","max-snippet":"max-snippet:-1","max-image-preview":"max-image-preview:large","max-video-preview":"max-video-preview:-1"},"canonical":"https:\/\/www.ivinio.com\/fr\/produit\/chateau-simone-blanc\/","og_locale":"fr_FR","og_type":"article","og_title":"Acheter Ch\u00e2teau Simone - Blanc - IVINIO Caviste","og_description":"Acheter Ch\u00e2teau Simone - Blanc. De la petite appellation Palette. Un des vins les plus c\u00e9l\u00e8bres et plus exclusifs de Provence.","og_url":"https:\/\/www.ivinio.com\/fr\/produit\/chateau-simone-blanc\/","og_site_name":"IVINIO Caviste","article_publisher":"https:\/\/www.facebook.com\/groups\/165217837022391\/?ref=bookmarks","article_modified_time":"2026-03-14T18:49:39+00:00","og_image":[{"width":500,"height":500,"url":"https:\/\/www.ivinio.com\/wp-content\/uploads\/nc\/public\/modules\/file\/pictures\/6608.ch-teau-simone-blanc-ivinio.jpg","type":"image\/jpeg"}],"twitter_card":"summary_large_image","twitter_misc":{"Dur\u00e9e de lecture estim\u00e9e":"1 minute"},"schema":{"@context":"https:\/\/schema.org","@graph":[{"@type":"WebPage","@id":"https:\/\/www.ivinio.com\/fr\/produit\/chateau-simone-blanc\/","url":"https:\/\/www.ivinio.com\/fr\/produit\/chateau-simone-blanc\/","name":"Acheter Ch\u00e2teau Simone - Blanc - IVINIO Caviste","isPartOf":{"@id":"https:\/\/www.ivinio.com\/fr\/#website"},"primaryImageOfPage":{"@id":"https:\/\/www.ivinio.com\/fr\/produit\/chateau-simone-blanc\/#primaryimage"},"image":{"@id":"https:\/\/www.ivinio.com\/fr\/produit\/chateau-simone-blanc\/#primaryimage"},"thumbnailUrl":"https:\/\/www.ivinio.com\/wp-content\/uploads\/nc\/public\/modules\/file\/pictures\/6608.ch-teau-simone-blanc-ivinio.jpg","datePublished":"2018-01-18T09:06:11+00:00","dateModified":"2026-03-14T18:49:39+00:00","description":"Acheter Ch\u00e2teau Simone - Blanc. De la petite appellation Palette. Un des vins les plus c\u00e9l\u00e8bres et plus exclusifs de Provence.","breadcrumb":{"@id":"https:\/\/www.ivinio.com\/fr\/produit\/chateau-simone-blanc\/#breadcrumb"},"inLanguage":"fr-FR","potentialAction":[{"@type":"ReadAction","target":["https:\/\/www.ivinio.com\/fr\/produit\/chateau-simone-blanc\/"]}]},{"@type":"ImageObject","inLanguage":"fr-FR","@id":"https:\/\/www.ivinio.com\/fr\/produit\/chateau-simone-blanc\/#primaryimage","url":"https:\/\/www.ivinio.com\/wp-content\/uploads\/nc\/public\/modules\/file\/pictures\/6608.ch-teau-simone-blanc-ivinio.jpg","contentUrl":"https:\/\/www.ivinio.com\/wp-content\/uploads\/nc\/public\/modules\/file\/pictures\/6608.ch-teau-simone-blanc-ivinio.jpg","width":500,"height":500,"caption":"Ch\u00e2teau Simone"},{"@type":"BreadcrumbList","@id":"https:\/\/www.ivinio.com\/fr\/produit\/chateau-simone-blanc\/#breadcrumb","itemListElement":[{"@type":"ListItem","position":1,"name":"Home","item":"https:\/\/www.ivinio.com\/fr\/"},{"@type":"ListItem","position":2,"name":"Boutique de vin","item":"https:\/\/www.ivinio.com\/fr\/boutique-de-vin\/"},{"@type":"ListItem","position":3,"name":"Ch\u00e2teau Simone &#8211; Blanc"}]},{"@type":"WebSite","@id":"https:\/\/www.ivinio.com\/fr\/#website","url":"https:\/\/www.ivinio.com\/fr\/","name":"IVINIO Caviste","description":"Vins de France et d&#039;Italie avec livraison \u00e0 domicile","publisher":{"@id":"https:\/\/www.ivinio.com\/fr\/#organization"},"potentialAction":[{"@type":"SearchAction","target":{"@type":"EntryPoint","urlTemplate":"https:\/\/www.ivinio.com\/fr\/?s={search_term_string}"},"query-input":{"@type":"PropertyValueSpecification","valueRequired":true,"valueName":"search_term_string"}}],"inLanguage":"fr-FR"},{"@type":"Organization","@id":"https:\/\/www.ivinio.com\/fr\/#organization","name":"IVINIO","url":"https:\/\/www.ivinio.com\/fr\/","logo":{"@type":"ImageObject","inLanguage":"fr-FR","@id":"https:\/\/www.ivinio.com\/fr\/#\/schema\/logo\/image\/","url":"https:\/\/www.ivinio.com\/wp-content\/uploads\/2021\/01\/Logo-Ivinio-v2.jpg","contentUrl":"https:\/\/www.ivinio.com\/wp-content\/uploads\/2021\/01\/Logo-Ivinio-v2.jpg","width":1194,"height":1194,"caption":"IVINIO"},"image":{"@id":"https:\/\/www.ivinio.com\/fr\/#\/schema\/logo\/image\/"},"sameAs":["https:\/\/www.facebook.com\/groups\/165217837022391\/?ref=bookmarks","https:\/\/www.instagram.com\/_ivinio_\/?hl=fr"]}]}},"jetpack_sharing_enabled":true,"_links":{"self":[{"href":"https:\/\/www.ivinio.com\/fr\/wp-json\/wp\/v2\/product\/121020","targetHints":{"allow":["GET"]}}],"collection":[{"href":"https:\/\/www.ivinio.com\/fr\/wp-json\/wp\/v2\/product"}],"about":[{"href":"https:\/\/www.ivinio.com\/fr\/wp-json\/wp\/v2\/types\/product"}],"replies":[{"embeddable":true,"href":"https:\/\/www.ivinio.com\/fr\/wp-json\/wp\/v2\/comments?post=121020"}],"wp:featuredmedia":[{"embeddable":true,"href":"https:\/\/www.ivinio.com\/fr\/wp-json\/wp\/v2\/media\/129549"}],"wp:attachment":[{"href":"https:\/\/www.ivinio.com\/fr\/wp-json\/wp\/v2\/media?parent=121020"}],"wp:term":[{"taxonomy":"product_brand","embeddable":true,"href":"https:\/\/www.ivinio.com\/fr\/wp-json\/wp\/v2\/product_brand?post=121020"},{"taxonomy":"product_cat","embeddable":true,"href":"https:\/\/www.ivinio.com\/fr\/wp-json\/wp\/v2\/product_cat?post=121020"},{"taxonomy":"product_tag","embeddable":true,"href":"https:\/\/www.ivinio.com\/fr\/wp-json\/wp\/v2\/product_tag?post=121020"}],"curies":[{"name":"wp","href":"https:\/\/api.w.org\/{rel}","templated":true}]}}