{"id":121009,"date":"2018-01-18T09:06:11","date_gmt":"2018-01-18T09:06:11","guid":{"rendered":"https:\/\/henrik.www.ivinio.com\/?product=chateau-simone-rouge"},"modified":"2026-03-14T19:47:42","modified_gmt":"2026-03-14T18:47:42","slug":"chateau-simone-rouge","status":"publish","type":"product","link":"https:\/\/www.ivinio.com\/fr\/produit\/chateau-simone-rouge\/","title":{"rendered":"Ch\u00e2teau Simone &#8211; Rouge"},"content":{"rendered":"<p>Le Ch\u00e2teau Simone rouge est compos\u00e9 de 45% de grenache, 30% de mourv\u00e8dre, 5% de cinsault et 20% d&#8217;autres c\u00e9pages tels que la syrah, le castets, les manosquins, le carignan et diverses vari\u00e9t\u00e9s de muscat. Les raisins sont vendang\u00e9s \u00e0 la main et tri\u00e9s imm\u00e9diatement avant d&#8217;\u00eatre charg\u00e9s et transport\u00e9s dans des paniers de 40 kg. Une fois au caveau,\u00a0les raisins sont \u00e0 nouveau tri\u00e9s et \u00e9grapp\u00e9s. Les raisins sont l\u00e9g\u00e8rement press\u00e9s pour se fissurer (foulage). La vinification se r\u00e9alise avec des\u00a0levure indig\u00e8nes\u00a0dans de petites cuves en acier pendant 15 \u00e0 21 jours avec du remontage r\u00e9guli\u00e8rement. L&#8217;\u00e9levage se fait sur bois &#8211; d&#8217;abord dans des\u00a0foudres pendant 8 mois, puis pendant 1 an suppl\u00e9mentaire dans des f\u00fbts de ch\u00eane d&#8217;\u00e2ges diff\u00e9rents. Pas de filtration.<\/p>\n","protected":false},"excerpt":{"rendered":"<p>Le Ch\u00e2teau Simone de la petite appellation Palette est l&#8217;un des vins les plus c\u00e9l\u00e8bres et les plus exclusifs de Provence. Le vin rouge a une grande complexit\u00e9 et des tanins bien marqu\u00e9s &#8211; un vin de\u00a0longue garde !<\/p>\n","protected":false},"featured_media":129820,"comment_status":"open","ping_status":"closed","template":"","meta":{"_monsterinsights_skip_tracking":false,"_monsterinsights_sitenote_active":false,"_monsterinsights_sitenote_note":"","_monsterinsights_sitenote_category":0,"_uf_show_specific_survey":0,"_uf_disable_surveys":false},"product_brand":[],"product_cat":[36622,36586],"product_tag":[],"class_list":{"0":"post-121009","1":"product","2":"type-product","3":"status-publish","4":"has-post-thumbnail","6":"product_cat-fr-provence","7":"product_cat-vins-francais","8":"pa_alcohol-degree-14-fr","9":"pa_awards-the-wine-advocate-fr","10":"pa_classification-aop-palette-fr","11":"pa_color-rouge-fr","12":"pa_country-france-fr","13":"pa_grape-variety-carignan-fr","14":"pa_grape-variety-castet-fr","15":"pa_grape-variety-cinsault-fr","16":"pa_grape-variety-grenache-fr","17":"pa_grape-variety-mourvedre-fr","18":"pa_grape-variety-muscat-petits-grains-fr","19":"pa_grape-variety-syrah-fr","20":"pa_package-1x1-fr","21":"pa_package-1x6-fr","22":"pa_region-provence-fr","23":"pa_storage-potential-plus-de-10-ans-fr","24":"pa_vintage-2022-fr","25":"pa_volume-75-cl-fr","27":"first","28":"instock","29":"taxable","30":"shipping-taxable","31":"purchasable","32":"product-type-variable"},"bundled_by":["121054"],"bundle_stock_status":"instock","bundle_stock_quantity":null,"bundle_virtual":false,"bundle_layout":"","bundle_add_to_cart_form_location":"","bundle_editable_in_cart":false,"bundle_sold_individually_context":"","bundle_item_grouping":"","bundle_min_size":"","bundle_max_size":"","bundle_price":[],"bundled_items":[],"bundle_sell_ids":[],"yoast_head":"<!-- This site is optimized with the Yoast SEO plugin v27.5 - https:\/\/yoast.com\/product\/yoast-seo-wordpress\/ -->\n<title>Acheter Ch\u00e2teau Simone - vin rouge - IVINIO Caviste<\/title>\n<meta name=\"description\" content=\"Acheter Ch\u00e2teau Simone - vin rouge. De la petite appellation Palette. Grande complexit\u00e9 et des tanins bien marqu\u00e9s - un vin de longue garde !\" \/>\n<meta name=\"robots\" content=\"index, follow, max-snippet:-1, max-image-preview:large, max-video-preview:-1\" \/>\n<link rel=\"canonical\" href=\"https:\/\/www.ivinio.com\/fr\/produit\/chateau-simone-rouge\/\" \/>\n<meta property=\"og:locale\" content=\"fr_FR\" \/>\n<meta property=\"og:type\" content=\"article\" \/>\n<meta property=\"og:title\" content=\"Acheter Ch\u00e2teau Simone - vin rouge - IVINIO Caviste\" \/>\n<meta property=\"og:description\" content=\"Acheter Ch\u00e2teau Simone - vin rouge. De la petite appellation Palette. Grande complexit\u00e9 et des tanins bien marqu\u00e9s - un vin de longue garde !\" \/>\n<meta property=\"og:url\" content=\"https:\/\/www.ivinio.com\/fr\/produit\/chateau-simone-rouge\/\" \/>\n<meta property=\"og:site_name\" content=\"IVINIO Caviste\" \/>\n<meta property=\"article:publisher\" content=\"https:\/\/www.facebook.com\/groups\/165217837022391\/?ref=bookmarks\" \/>\n<meta property=\"article:modified_time\" content=\"2026-03-14T18:47:42+00:00\" \/>\n<meta property=\"og:image\" content=\"https:\/\/www.ivinio.com\/wp-content\/uploads\/nc\/public\/modules\/file\/pictures\/6606.ch-teau-simone-rouge-ivinio.jpg\" \/>\n\t<meta property=\"og:image:width\" content=\"500\" \/>\n\t<meta property=\"og:image:height\" content=\"500\" \/>\n\t<meta property=\"og:image:type\" content=\"image\/jpeg\" \/>\n<meta name=\"twitter:card\" content=\"summary_large_image\" \/>\n<meta name=\"twitter:label1\" content=\"Dur\u00e9e de lecture estim\u00e9e\" \/>\n\t<meta name=\"twitter:data1\" content=\"1 minute\" \/>\n<script type=\"application\/ld+json\" class=\"yoast-schema-graph\">{\"@context\":\"https:\\\/\\\/schema.org\",\"@graph\":[{\"@type\":\"WebPage\",\"@id\":\"https:\\\/\\\/www.ivinio.com\\\/fr\\\/produit\\\/chateau-simone-rouge\\\/\",\"url\":\"https:\\\/\\\/www.ivinio.com\\\/fr\\\/produit\\\/chateau-simone-rouge\\\/\",\"name\":\"Acheter Ch\u00e2teau Simone - vin rouge - IVINIO Caviste\",\"isPartOf\":{\"@id\":\"https:\\\/\\\/www.ivinio.com\\\/fr\\\/#website\"},\"primaryImageOfPage\":{\"@id\":\"https:\\\/\\\/www.ivinio.com\\\/fr\\\/produit\\\/chateau-simone-rouge\\\/#primaryimage\"},\"image\":{\"@id\":\"https:\\\/\\\/www.ivinio.com\\\/fr\\\/produit\\\/chateau-simone-rouge\\\/#primaryimage\"},\"thumbnailUrl\":\"https:\\\/\\\/www.ivinio.com\\\/wp-content\\\/uploads\\\/nc\\\/public\\\/modules\\\/file\\\/pictures\\\/6606.ch-teau-simone-rouge-ivinio.jpg\",\"datePublished\":\"2018-01-18T09:06:11+00:00\",\"dateModified\":\"2026-03-14T18:47:42+00:00\",\"description\":\"Acheter Ch\u00e2teau Simone - vin rouge. De la petite appellation Palette. Grande complexit\u00e9 et des tanins bien marqu\u00e9s - un vin de longue garde !\",\"breadcrumb\":{\"@id\":\"https:\\\/\\\/www.ivinio.com\\\/fr\\\/produit\\\/chateau-simone-rouge\\\/#breadcrumb\"},\"inLanguage\":\"fr-FR\",\"potentialAction\":[{\"@type\":\"ReadAction\",\"target\":[\"https:\\\/\\\/www.ivinio.com\\\/fr\\\/produit\\\/chateau-simone-rouge\\\/\"]}]},{\"@type\":\"ImageObject\",\"inLanguage\":\"fr-FR\",\"@id\":\"https:\\\/\\\/www.ivinio.com\\\/fr\\\/produit\\\/chateau-simone-rouge\\\/#primaryimage\",\"url\":\"https:\\\/\\\/www.ivinio.com\\\/wp-content\\\/uploads\\\/nc\\\/public\\\/modules\\\/file\\\/pictures\\\/6606.ch-teau-simone-rouge-ivinio.jpg\",\"contentUrl\":\"https:\\\/\\\/www.ivinio.com\\\/wp-content\\\/uploads\\\/nc\\\/public\\\/modules\\\/file\\\/pictures\\\/6606.ch-teau-simone-rouge-ivinio.jpg\",\"width\":500,\"height\":500,\"caption\":\"Ch\u00e2teau Simone rouge\"},{\"@type\":\"BreadcrumbList\",\"@id\":\"https:\\\/\\\/www.ivinio.com\\\/fr\\\/produit\\\/chateau-simone-rouge\\\/#breadcrumb\",\"itemListElement\":[{\"@type\":\"ListItem\",\"position\":1,\"name\":\"Home\",\"item\":\"https:\\\/\\\/www.ivinio.com\\\/fr\\\/\"},{\"@type\":\"ListItem\",\"position\":2,\"name\":\"Boutique de vin\",\"item\":\"https:\\\/\\\/www.ivinio.com\\\/fr\\\/boutique-de-vin\\\/\"},{\"@type\":\"ListItem\",\"position\":3,\"name\":\"Ch\u00e2teau Simone &#8211; Rouge\"}]},{\"@type\":\"WebSite\",\"@id\":\"https:\\\/\\\/www.ivinio.com\\\/fr\\\/#website\",\"url\":\"https:\\\/\\\/www.ivinio.com\\\/fr\\\/\",\"name\":\"IVINIO Caviste\",\"description\":\"Vins de France et d&#039;Italie avec livraison \u00e0 domicile\",\"publisher\":{\"@id\":\"https:\\\/\\\/www.ivinio.com\\\/fr\\\/#organization\"},\"potentialAction\":[{\"@type\":\"SearchAction\",\"target\":{\"@type\":\"EntryPoint\",\"urlTemplate\":\"https:\\\/\\\/www.ivinio.com\\\/fr\\\/?s={search_term_string}\"},\"query-input\":{\"@type\":\"PropertyValueSpecification\",\"valueRequired\":true,\"valueName\":\"search_term_string\"}}],\"inLanguage\":\"fr-FR\"},{\"@type\":\"Organization\",\"@id\":\"https:\\\/\\\/www.ivinio.com\\\/fr\\\/#organization\",\"name\":\"IVINIO\",\"url\":\"https:\\\/\\\/www.ivinio.com\\\/fr\\\/\",\"logo\":{\"@type\":\"ImageObject\",\"inLanguage\":\"fr-FR\",\"@id\":\"https:\\\/\\\/www.ivinio.com\\\/fr\\\/#\\\/schema\\\/logo\\\/image\\\/\",\"url\":\"https:\\\/\\\/www.ivinio.com\\\/wp-content\\\/uploads\\\/2021\\\/01\\\/Logo-Ivinio-v2.jpg\",\"contentUrl\":\"https:\\\/\\\/www.ivinio.com\\\/wp-content\\\/uploads\\\/2021\\\/01\\\/Logo-Ivinio-v2.jpg\",\"width\":1194,\"height\":1194,\"caption\":\"IVINIO\"},\"image\":{\"@id\":\"https:\\\/\\\/www.ivinio.com\\\/fr\\\/#\\\/schema\\\/logo\\\/image\\\/\"},\"sameAs\":[\"https:\\\/\\\/www.facebook.com\\\/groups\\\/165217837022391\\\/?ref=bookmarks\",\"https:\\\/\\\/www.instagram.com\\\/_ivinio_\\\/?hl=fr\"]}]}<\/script>\n<!-- \/ Yoast SEO plugin. -->","yoast_head_json":{"title":"Acheter Ch\u00e2teau Simone - vin rouge - IVINIO Caviste","description":"Acheter Ch\u00e2teau Simone - vin rouge. De la petite appellation Palette. Grande complexit\u00e9 et des tanins bien marqu\u00e9s - un vin de longue garde !","robots":{"index":"index","follow":"follow","max-snippet":"max-snippet:-1","max-image-preview":"max-image-preview:large","max-video-preview":"max-video-preview:-1"},"canonical":"https:\/\/www.ivinio.com\/fr\/produit\/chateau-simone-rouge\/","og_locale":"fr_FR","og_type":"article","og_title":"Acheter Ch\u00e2teau Simone - vin rouge - IVINIO Caviste","og_description":"Acheter Ch\u00e2teau Simone - vin rouge. De la petite appellation Palette. Grande complexit\u00e9 et des tanins bien marqu\u00e9s - un vin de longue garde !","og_url":"https:\/\/www.ivinio.com\/fr\/produit\/chateau-simone-rouge\/","og_site_name":"IVINIO Caviste","article_publisher":"https:\/\/www.facebook.com\/groups\/165217837022391\/?ref=bookmarks","article_modified_time":"2026-03-14T18:47:42+00:00","og_image":[{"width":500,"height":500,"url":"https:\/\/www.ivinio.com\/wp-content\/uploads\/nc\/public\/modules\/file\/pictures\/6606.ch-teau-simone-rouge-ivinio.jpg","type":"image\/jpeg"}],"twitter_card":"summary_large_image","twitter_misc":{"Dur\u00e9e de lecture estim\u00e9e":"1 minute"},"schema":{"@context":"https:\/\/schema.org","@graph":[{"@type":"WebPage","@id":"https:\/\/www.ivinio.com\/fr\/produit\/chateau-simone-rouge\/","url":"https:\/\/www.ivinio.com\/fr\/produit\/chateau-simone-rouge\/","name":"Acheter Ch\u00e2teau Simone - vin rouge - IVINIO Caviste","isPartOf":{"@id":"https:\/\/www.ivinio.com\/fr\/#website"},"primaryImageOfPage":{"@id":"https:\/\/www.ivinio.com\/fr\/produit\/chateau-simone-rouge\/#primaryimage"},"image":{"@id":"https:\/\/www.ivinio.com\/fr\/produit\/chateau-simone-rouge\/#primaryimage"},"thumbnailUrl":"https:\/\/www.ivinio.com\/wp-content\/uploads\/nc\/public\/modules\/file\/pictures\/6606.ch-teau-simone-rouge-ivinio.jpg","datePublished":"2018-01-18T09:06:11+00:00","dateModified":"2026-03-14T18:47:42+00:00","description":"Acheter Ch\u00e2teau Simone - vin rouge. De la petite appellation Palette. Grande complexit\u00e9 et des tanins bien marqu\u00e9s - un vin de longue garde !","breadcrumb":{"@id":"https:\/\/www.ivinio.com\/fr\/produit\/chateau-simone-rouge\/#breadcrumb"},"inLanguage":"fr-FR","potentialAction":[{"@type":"ReadAction","target":["https:\/\/www.ivinio.com\/fr\/produit\/chateau-simone-rouge\/"]}]},{"@type":"ImageObject","inLanguage":"fr-FR","@id":"https:\/\/www.ivinio.com\/fr\/produit\/chateau-simone-rouge\/#primaryimage","url":"https:\/\/www.ivinio.com\/wp-content\/uploads\/nc\/public\/modules\/file\/pictures\/6606.ch-teau-simone-rouge-ivinio.jpg","contentUrl":"https:\/\/www.ivinio.com\/wp-content\/uploads\/nc\/public\/modules\/file\/pictures\/6606.ch-teau-simone-rouge-ivinio.jpg","width":500,"height":500,"caption":"Ch\u00e2teau Simone rouge"},{"@type":"BreadcrumbList","@id":"https:\/\/www.ivinio.com\/fr\/produit\/chateau-simone-rouge\/#breadcrumb","itemListElement":[{"@type":"ListItem","position":1,"name":"Home","item":"https:\/\/www.ivinio.com\/fr\/"},{"@type":"ListItem","position":2,"name":"Boutique de vin","item":"https:\/\/www.ivinio.com\/fr\/boutique-de-vin\/"},{"@type":"ListItem","position":3,"name":"Ch\u00e2teau Simone &#8211; Rouge"}]},{"@type":"WebSite","@id":"https:\/\/www.ivinio.com\/fr\/#website","url":"https:\/\/www.ivinio.com\/fr\/","name":"IVINIO Caviste","description":"Vins de France et d&#039;Italie avec livraison \u00e0 domicile","publisher":{"@id":"https:\/\/www.ivinio.com\/fr\/#organization"},"potentialAction":[{"@type":"SearchAction","target":{"@type":"EntryPoint","urlTemplate":"https:\/\/www.ivinio.com\/fr\/?s={search_term_string}"},"query-input":{"@type":"PropertyValueSpecification","valueRequired":true,"valueName":"search_term_string"}}],"inLanguage":"fr-FR"},{"@type":"Organization","@id":"https:\/\/www.ivinio.com\/fr\/#organization","name":"IVINIO","url":"https:\/\/www.ivinio.com\/fr\/","logo":{"@type":"ImageObject","inLanguage":"fr-FR","@id":"https:\/\/www.ivinio.com\/fr\/#\/schema\/logo\/image\/","url":"https:\/\/www.ivinio.com\/wp-content\/uploads\/2021\/01\/Logo-Ivinio-v2.jpg","contentUrl":"https:\/\/www.ivinio.com\/wp-content\/uploads\/2021\/01\/Logo-Ivinio-v2.jpg","width":1194,"height":1194,"caption":"IVINIO"},"image":{"@id":"https:\/\/www.ivinio.com\/fr\/#\/schema\/logo\/image\/"},"sameAs":["https:\/\/www.facebook.com\/groups\/165217837022391\/?ref=bookmarks","https:\/\/www.instagram.com\/_ivinio_\/?hl=fr"]}]}},"jetpack_sharing_enabled":true,"_links":{"self":[{"href":"https:\/\/www.ivinio.com\/fr\/wp-json\/wp\/v2\/product\/121009","targetHints":{"allow":["GET"]}}],"collection":[{"href":"https:\/\/www.ivinio.com\/fr\/wp-json\/wp\/v2\/product"}],"about":[{"href":"https:\/\/www.ivinio.com\/fr\/wp-json\/wp\/v2\/types\/product"}],"replies":[{"embeddable":true,"href":"https:\/\/www.ivinio.com\/fr\/wp-json\/wp\/v2\/comments?post=121009"}],"wp:featuredmedia":[{"embeddable":true,"href":"https:\/\/www.ivinio.com\/fr\/wp-json\/wp\/v2\/media\/129820"}],"wp:attachment":[{"href":"https:\/\/www.ivinio.com\/fr\/wp-json\/wp\/v2\/media?parent=121009"}],"wp:term":[{"taxonomy":"product_brand","embeddable":true,"href":"https:\/\/www.ivinio.com\/fr\/wp-json\/wp\/v2\/product_brand?post=121009"},{"taxonomy":"product_cat","embeddable":true,"href":"https:\/\/www.ivinio.com\/fr\/wp-json\/wp\/v2\/product_cat?post=121009"},{"taxonomy":"product_tag","embeddable":true,"href":"https:\/\/www.ivinio.com\/fr\/wp-json\/wp\/v2\/product_tag?post=121009"}],"curies":[{"name":"wp","href":"https:\/\/api.w.org\/{rel}","templated":true}]}}