{"id":120989,"date":"2017-12-08T16:05:58","date_gmt":"2017-12-08T16:05:58","guid":{"rendered":"https:\/\/henrik.www.ivinio.com\/?product=drappier-cuvee-charles-de-gaulle"},"modified":"2022-06-08T18:55:15","modified_gmt":"2022-06-08T16:55:15","slug":"drappier-cuvee-charles-de-gaulle","status":"publish","type":"product","link":"https:\/\/www.ivinio.com\/fr\/produit\/drappier-cuvee-charles-de-gaulle\/","title":{"rendered":"Drappier &#8211; Cuv\u00e9e Charles de Gaulle"},"content":{"rendered":"<p>&#8220;Charles-de-Gaulle&#8221; de Drappier est compos\u00e9 de\u00a080% de Pinot noir et de\u00a020% de Chardonnay. Cette cuv\u00e9e serait la plus appr\u00e9ci\u00e9e de Charles-de-Gaulle lorsqu\u2019il se d\u00e9tendait chez lui \u00e0 Colombey-les-Deux-\u00c9glises, \u00e0 quelques kilom\u00e8tres d&#8217;Urville de Drappier. Seuls les premiers vins\u00a0de presse sont gard\u00e9s apr\u00e8s la\u00a0presse\u00a0m\u00e9caniques des raisins \u00e0 basse pression. D\u00e9bourbage naturel. La fermentation alcoolique dure environ 2 semaines \u00e0 basse temp\u00e9rature, suivie par la fermentation malolactique naturelle et compl\u00e8te. Pas de filtration. Toutes les cuv\u00e9es\u00a0sont gard\u00e9es dans des cuves\u00a0en acier afin de pr\u00e9server la\u00a0fra\u00eecheur du vin. Le vin finalis\u00e9\u00a0est gard\u00e9 pendant 3 ans avant la vente. Dosage : 7,5 g \/ l<\/p>\n","protected":false},"excerpt":{"rendered":"<p>&#8220;Charles de Gaulle&#8221; de Drappier est\u00a0un champagne mythique cens\u00e9 \u00eatre le champagne\u00a0favori du pr\u00e9sident Charles-de-Gaulle lorsqu&#8217;il se d\u00e9tendait chez lui \u00e0 Colombey-les-Deux-Eglises. Notes aromatiques d&#8217;agrumes, de pomme, d&#8217;amande et de noix de muscade.<\/p>\n<p>&nbsp;<\/p>\n","protected":false},"featured_media":130638,"comment_status":"open","ping_status":"closed","template":"","meta":{"_monsterinsights_skip_tracking":false,"_monsterinsights_sitenote_active":false,"_monsterinsights_sitenote_note":"","_monsterinsights_sitenote_category":0,"_uf_show_specific_survey":0,"_uf_disable_surveys":false},"product_brand":[],"product_cat":[36613,36586],"product_tag":[],"class_list":{"0":"post-120989","1":"product","2":"type-product","3":"status-publish","4":"has-post-thumbnail","6":"product_cat-fr-champagne","7":"product_cat-vins-francais","8":"pa_alcohol-degree-12-fr","9":"pa_classification-aop-champagne-fr","10":"pa_color-mousseux-fr","11":"pa_country-france-fr","12":"pa_grape-variety-chardonnay-fr","13":"pa_grape-variety-pinot-noir-fr","14":"pa_package-1x1-fr","15":"pa_package-1x6-fr","16":"pa_region-champagne-fr","17":"pa_storage-potential-5-ans-fr","18":"pa_volume-75-cl-fr","20":"first","21":"instock","22":"taxable","23":"shipping-taxable","24":"purchasable","25":"product-type-variable"},"bundled_by":["120999"],"bundle_stock_status":"instock","bundle_stock_quantity":1,"bundle_virtual":false,"bundle_layout":"","bundle_add_to_cart_form_location":"","bundle_editable_in_cart":false,"bundle_sold_individually_context":"","bundle_item_grouping":"","bundle_min_size":"","bundle_max_size":"","bundle_price":[],"bundled_items":[],"bundle_sell_ids":[],"yoast_head":"<!-- This site is optimized with the Yoast SEO plugin v27.5 - https:\/\/yoast.com\/product\/yoast-seo-wordpress\/ -->\n<title>Acheter Drappier - Cuv\u00e9e Charles de Gaulle - IVINIO Caviste<\/title>\n<meta name=\"description\" content=\"Acheter Drappier - Cuv\u00e9e Charles de Gaulle. Champagne mythique cens\u00e9 \u00eatre le champagne favori du pr\u00e9sident Charles-de-Gaulle lorsqu&#039;il se d\u00e9tendait chez lui \u00e0 Colombey-les-Deux-Eglises. Notes aromatiques d&#039;agrumes, de pomme, d&#039;amande et de noix de muscade\" \/>\n<meta name=\"robots\" content=\"index, follow, max-snippet:-1, max-image-preview:large, max-video-preview:-1\" \/>\n<link rel=\"canonical\" href=\"https:\/\/www.ivinio.com\/fr\/produit\/drappier-cuvee-charles-de-gaulle\/\" \/>\n<meta property=\"og:locale\" content=\"fr_FR\" \/>\n<meta property=\"og:type\" content=\"article\" \/>\n<meta property=\"og:title\" content=\"Acheter Drappier - Cuv\u00e9e Charles de Gaulle - IVINIO Caviste\" \/>\n<meta property=\"og:description\" content=\"Acheter Drappier - Cuv\u00e9e Charles de Gaulle. Champagne mythique cens\u00e9 \u00eatre le champagne favori du pr\u00e9sident Charles-de-Gaulle lorsqu&#039;il se d\u00e9tendait chez lui \u00e0 Colombey-les-Deux-Eglises. Notes aromatiques d&#039;agrumes, de pomme, d&#039;amande et de noix de muscade\" \/>\n<meta property=\"og:url\" content=\"https:\/\/www.ivinio.com\/fr\/produit\/drappier-cuvee-charles-de-gaulle\/\" \/>\n<meta property=\"og:site_name\" content=\"IVINIO Caviste\" \/>\n<meta property=\"article:publisher\" content=\"https:\/\/www.facebook.com\/groups\/165217837022391\/?ref=bookmarks\" \/>\n<meta property=\"article:modified_time\" content=\"2022-06-08T16:55:15+00:00\" \/>\n<meta property=\"og:image\" content=\"https:\/\/www.ivinio.com\/wp-content\/uploads\/nc\/public\/modules\/file\/pictures\/6596.drappier-charles-de-gaulle-ivinio.jpg\" \/>\n\t<meta property=\"og:image:width\" content=\"500\" \/>\n\t<meta property=\"og:image:height\" content=\"500\" \/>\n\t<meta property=\"og:image:type\" content=\"image\/jpeg\" \/>\n<meta name=\"twitter:card\" content=\"summary_large_image\" \/>\n<meta name=\"twitter:label1\" content=\"Dur\u00e9e de lecture estim\u00e9e\" \/>\n\t<meta name=\"twitter:data1\" content=\"1 minute\" \/>\n<script type=\"application\/ld+json\" class=\"yoast-schema-graph\">{\"@context\":\"https:\\\/\\\/schema.org\",\"@graph\":[{\"@type\":\"WebPage\",\"@id\":\"https:\\\/\\\/www.ivinio.com\\\/fr\\\/produit\\\/drappier-cuvee-charles-de-gaulle\\\/\",\"url\":\"https:\\\/\\\/www.ivinio.com\\\/fr\\\/produit\\\/drappier-cuvee-charles-de-gaulle\\\/\",\"name\":\"Acheter Drappier - Cuv\u00e9e Charles de Gaulle - IVINIO Caviste\",\"isPartOf\":{\"@id\":\"https:\\\/\\\/www.ivinio.com\\\/fr\\\/#website\"},\"primaryImageOfPage\":{\"@id\":\"https:\\\/\\\/www.ivinio.com\\\/fr\\\/produit\\\/drappier-cuvee-charles-de-gaulle\\\/#primaryimage\"},\"image\":{\"@id\":\"https:\\\/\\\/www.ivinio.com\\\/fr\\\/produit\\\/drappier-cuvee-charles-de-gaulle\\\/#primaryimage\"},\"thumbnailUrl\":\"https:\\\/\\\/www.ivinio.com\\\/wp-content\\\/uploads\\\/nc\\\/public\\\/modules\\\/file\\\/pictures\\\/6596.drappier-charles-de-gaulle-ivinio.jpg\",\"datePublished\":\"2017-12-08T16:05:58+00:00\",\"dateModified\":\"2022-06-08T16:55:15+00:00\",\"description\":\"Acheter Drappier - Cuv\u00e9e Charles de Gaulle. Champagne mythique cens\u00e9 \u00eatre le champagne favori du pr\u00e9sident Charles-de-Gaulle lorsqu'il se d\u00e9tendait chez lui \u00e0 Colombey-les-Deux-Eglises. Notes aromatiques d'agrumes, de pomme, d'amande et de noix de muscade\",\"breadcrumb\":{\"@id\":\"https:\\\/\\\/www.ivinio.com\\\/fr\\\/produit\\\/drappier-cuvee-charles-de-gaulle\\\/#breadcrumb\"},\"inLanguage\":\"fr-FR\",\"potentialAction\":[{\"@type\":\"ReadAction\",\"target\":[\"https:\\\/\\\/www.ivinio.com\\\/fr\\\/produit\\\/drappier-cuvee-charles-de-gaulle\\\/\"]}]},{\"@type\":\"ImageObject\",\"inLanguage\":\"fr-FR\",\"@id\":\"https:\\\/\\\/www.ivinio.com\\\/fr\\\/produit\\\/drappier-cuvee-charles-de-gaulle\\\/#primaryimage\",\"url\":\"https:\\\/\\\/www.ivinio.com\\\/wp-content\\\/uploads\\\/nc\\\/public\\\/modules\\\/file\\\/pictures\\\/6596.drappier-charles-de-gaulle-ivinio.jpg\",\"contentUrl\":\"https:\\\/\\\/www.ivinio.com\\\/wp-content\\\/uploads\\\/nc\\\/public\\\/modules\\\/file\\\/pictures\\\/6596.drappier-charles-de-gaulle-ivinio.jpg\",\"width\":500,\"height\":500,\"caption\":\"Champagne Drappier - Cuv\u00e9e Charles de Gaulle\"},{\"@type\":\"BreadcrumbList\",\"@id\":\"https:\\\/\\\/www.ivinio.com\\\/fr\\\/produit\\\/drappier-cuvee-charles-de-gaulle\\\/#breadcrumb\",\"itemListElement\":[{\"@type\":\"ListItem\",\"position\":1,\"name\":\"Home\",\"item\":\"https:\\\/\\\/www.ivinio.com\\\/fr\\\/\"},{\"@type\":\"ListItem\",\"position\":2,\"name\":\"Boutique de vin\",\"item\":\"https:\\\/\\\/www.ivinio.com\\\/fr\\\/boutique-de-vin\\\/\"},{\"@type\":\"ListItem\",\"position\":3,\"name\":\"Drappier &#8211; Cuv\u00e9e Charles de Gaulle\"}]},{\"@type\":\"WebSite\",\"@id\":\"https:\\\/\\\/www.ivinio.com\\\/fr\\\/#website\",\"url\":\"https:\\\/\\\/www.ivinio.com\\\/fr\\\/\",\"name\":\"IVINIO Caviste\",\"description\":\"Vins de France et d&#039;Italie avec livraison \u00e0 domicile\",\"publisher\":{\"@id\":\"https:\\\/\\\/www.ivinio.com\\\/fr\\\/#organization\"},\"potentialAction\":[{\"@type\":\"SearchAction\",\"target\":{\"@type\":\"EntryPoint\",\"urlTemplate\":\"https:\\\/\\\/www.ivinio.com\\\/fr\\\/?s={search_term_string}\"},\"query-input\":{\"@type\":\"PropertyValueSpecification\",\"valueRequired\":true,\"valueName\":\"search_term_string\"}}],\"inLanguage\":\"fr-FR\"},{\"@type\":\"Organization\",\"@id\":\"https:\\\/\\\/www.ivinio.com\\\/fr\\\/#organization\",\"name\":\"IVINIO\",\"url\":\"https:\\\/\\\/www.ivinio.com\\\/fr\\\/\",\"logo\":{\"@type\":\"ImageObject\",\"inLanguage\":\"fr-FR\",\"@id\":\"https:\\\/\\\/www.ivinio.com\\\/fr\\\/#\\\/schema\\\/logo\\\/image\\\/\",\"url\":\"https:\\\/\\\/www.ivinio.com\\\/wp-content\\\/uploads\\\/2021\\\/01\\\/Logo-Ivinio-v2.jpg\",\"contentUrl\":\"https:\\\/\\\/www.ivinio.com\\\/wp-content\\\/uploads\\\/2021\\\/01\\\/Logo-Ivinio-v2.jpg\",\"width\":1194,\"height\":1194,\"caption\":\"IVINIO\"},\"image\":{\"@id\":\"https:\\\/\\\/www.ivinio.com\\\/fr\\\/#\\\/schema\\\/logo\\\/image\\\/\"},\"sameAs\":[\"https:\\\/\\\/www.facebook.com\\\/groups\\\/165217837022391\\\/?ref=bookmarks\",\"https:\\\/\\\/www.instagram.com\\\/_ivinio_\\\/?hl=fr\"]}]}<\/script>\n<!-- \/ Yoast SEO plugin. -->","yoast_head_json":{"title":"Acheter Drappier - Cuv\u00e9e Charles de Gaulle - IVINIO Caviste","description":"Acheter Drappier - Cuv\u00e9e Charles de Gaulle. Champagne mythique cens\u00e9 \u00eatre le champagne favori du pr\u00e9sident Charles-de-Gaulle lorsqu'il se d\u00e9tendait chez lui \u00e0 Colombey-les-Deux-Eglises. Notes aromatiques d'agrumes, de pomme, d'amande et de noix de muscade","robots":{"index":"index","follow":"follow","max-snippet":"max-snippet:-1","max-image-preview":"max-image-preview:large","max-video-preview":"max-video-preview:-1"},"canonical":"https:\/\/www.ivinio.com\/fr\/produit\/drappier-cuvee-charles-de-gaulle\/","og_locale":"fr_FR","og_type":"article","og_title":"Acheter Drappier - Cuv\u00e9e Charles de Gaulle - IVINIO Caviste","og_description":"Acheter Drappier - Cuv\u00e9e Charles de Gaulle. Champagne mythique cens\u00e9 \u00eatre le champagne favori du pr\u00e9sident Charles-de-Gaulle lorsqu'il se d\u00e9tendait chez lui \u00e0 Colombey-les-Deux-Eglises. Notes aromatiques d'agrumes, de pomme, d'amande et de noix de muscade","og_url":"https:\/\/www.ivinio.com\/fr\/produit\/drappier-cuvee-charles-de-gaulle\/","og_site_name":"IVINIO Caviste","article_publisher":"https:\/\/www.facebook.com\/groups\/165217837022391\/?ref=bookmarks","article_modified_time":"2022-06-08T16:55:15+00:00","og_image":[{"width":500,"height":500,"url":"https:\/\/www.ivinio.com\/wp-content\/uploads\/nc\/public\/modules\/file\/pictures\/6596.drappier-charles-de-gaulle-ivinio.jpg","type":"image\/jpeg"}],"twitter_card":"summary_large_image","twitter_misc":{"Dur\u00e9e de lecture estim\u00e9e":"1 minute"},"schema":{"@context":"https:\/\/schema.org","@graph":[{"@type":"WebPage","@id":"https:\/\/www.ivinio.com\/fr\/produit\/drappier-cuvee-charles-de-gaulle\/","url":"https:\/\/www.ivinio.com\/fr\/produit\/drappier-cuvee-charles-de-gaulle\/","name":"Acheter Drappier - Cuv\u00e9e Charles de Gaulle - IVINIO Caviste","isPartOf":{"@id":"https:\/\/www.ivinio.com\/fr\/#website"},"primaryImageOfPage":{"@id":"https:\/\/www.ivinio.com\/fr\/produit\/drappier-cuvee-charles-de-gaulle\/#primaryimage"},"image":{"@id":"https:\/\/www.ivinio.com\/fr\/produit\/drappier-cuvee-charles-de-gaulle\/#primaryimage"},"thumbnailUrl":"https:\/\/www.ivinio.com\/wp-content\/uploads\/nc\/public\/modules\/file\/pictures\/6596.drappier-charles-de-gaulle-ivinio.jpg","datePublished":"2017-12-08T16:05:58+00:00","dateModified":"2022-06-08T16:55:15+00:00","description":"Acheter Drappier - Cuv\u00e9e Charles de Gaulle. Champagne mythique cens\u00e9 \u00eatre le champagne favori du pr\u00e9sident Charles-de-Gaulle lorsqu'il se d\u00e9tendait chez lui \u00e0 Colombey-les-Deux-Eglises. Notes aromatiques d'agrumes, de pomme, d'amande et de noix de muscade","breadcrumb":{"@id":"https:\/\/www.ivinio.com\/fr\/produit\/drappier-cuvee-charles-de-gaulle\/#breadcrumb"},"inLanguage":"fr-FR","potentialAction":[{"@type":"ReadAction","target":["https:\/\/www.ivinio.com\/fr\/produit\/drappier-cuvee-charles-de-gaulle\/"]}]},{"@type":"ImageObject","inLanguage":"fr-FR","@id":"https:\/\/www.ivinio.com\/fr\/produit\/drappier-cuvee-charles-de-gaulle\/#primaryimage","url":"https:\/\/www.ivinio.com\/wp-content\/uploads\/nc\/public\/modules\/file\/pictures\/6596.drappier-charles-de-gaulle-ivinio.jpg","contentUrl":"https:\/\/www.ivinio.com\/wp-content\/uploads\/nc\/public\/modules\/file\/pictures\/6596.drappier-charles-de-gaulle-ivinio.jpg","width":500,"height":500,"caption":"Champagne Drappier - Cuv\u00e9e Charles de Gaulle"},{"@type":"BreadcrumbList","@id":"https:\/\/www.ivinio.com\/fr\/produit\/drappier-cuvee-charles-de-gaulle\/#breadcrumb","itemListElement":[{"@type":"ListItem","position":1,"name":"Home","item":"https:\/\/www.ivinio.com\/fr\/"},{"@type":"ListItem","position":2,"name":"Boutique de vin","item":"https:\/\/www.ivinio.com\/fr\/boutique-de-vin\/"},{"@type":"ListItem","position":3,"name":"Drappier &#8211; Cuv\u00e9e Charles de Gaulle"}]},{"@type":"WebSite","@id":"https:\/\/www.ivinio.com\/fr\/#website","url":"https:\/\/www.ivinio.com\/fr\/","name":"IVINIO Caviste","description":"Vins de France et d&#039;Italie avec livraison \u00e0 domicile","publisher":{"@id":"https:\/\/www.ivinio.com\/fr\/#organization"},"potentialAction":[{"@type":"SearchAction","target":{"@type":"EntryPoint","urlTemplate":"https:\/\/www.ivinio.com\/fr\/?s={search_term_string}"},"query-input":{"@type":"PropertyValueSpecification","valueRequired":true,"valueName":"search_term_string"}}],"inLanguage":"fr-FR"},{"@type":"Organization","@id":"https:\/\/www.ivinio.com\/fr\/#organization","name":"IVINIO","url":"https:\/\/www.ivinio.com\/fr\/","logo":{"@type":"ImageObject","inLanguage":"fr-FR","@id":"https:\/\/www.ivinio.com\/fr\/#\/schema\/logo\/image\/","url":"https:\/\/www.ivinio.com\/wp-content\/uploads\/2021\/01\/Logo-Ivinio-v2.jpg","contentUrl":"https:\/\/www.ivinio.com\/wp-content\/uploads\/2021\/01\/Logo-Ivinio-v2.jpg","width":1194,"height":1194,"caption":"IVINIO"},"image":{"@id":"https:\/\/www.ivinio.com\/fr\/#\/schema\/logo\/image\/"},"sameAs":["https:\/\/www.facebook.com\/groups\/165217837022391\/?ref=bookmarks","https:\/\/www.instagram.com\/_ivinio_\/?hl=fr"]}]}},"jetpack_sharing_enabled":true,"_links":{"self":[{"href":"https:\/\/www.ivinio.com\/fr\/wp-json\/wp\/v2\/product\/120989","targetHints":{"allow":["GET"]}}],"collection":[{"href":"https:\/\/www.ivinio.com\/fr\/wp-json\/wp\/v2\/product"}],"about":[{"href":"https:\/\/www.ivinio.com\/fr\/wp-json\/wp\/v2\/types\/product"}],"replies":[{"embeddable":true,"href":"https:\/\/www.ivinio.com\/fr\/wp-json\/wp\/v2\/comments?post=120989"}],"wp:featuredmedia":[{"embeddable":true,"href":"https:\/\/www.ivinio.com\/fr\/wp-json\/wp\/v2\/media\/130638"}],"wp:attachment":[{"href":"https:\/\/www.ivinio.com\/fr\/wp-json\/wp\/v2\/media?parent=120989"}],"wp:term":[{"taxonomy":"product_brand","embeddable":true,"href":"https:\/\/www.ivinio.com\/fr\/wp-json\/wp\/v2\/product_brand?post=120989"},{"taxonomy":"product_cat","embeddable":true,"href":"https:\/\/www.ivinio.com\/fr\/wp-json\/wp\/v2\/product_cat?post=120989"},{"taxonomy":"product_tag","embeddable":true,"href":"https:\/\/www.ivinio.com\/fr\/wp-json\/wp\/v2\/product_tag?post=120989"}],"curies":[{"name":"wp","href":"https:\/\/api.w.org\/{rel}","templated":true}]}}