{"id":120973,"date":"2017-02-18T19:38:55","date_gmt":"2017-02-18T18:38:55","guid":{"rendered":"https:\/\/henrik.www.ivinio.com\/?product=domaine-colbois-chablis-vieilles-vignes-blanc"},"modified":"2025-05-05T17:58:19","modified_gmt":"2025-05-05T15:58:19","slug":"domaine-colbois-chablis-vieilles-vignes-blanc","status":"publish","type":"product","link":"https:\/\/www.ivinio.com\/fr\/produit\/domaine-colbois-chablis-vieilles-vignes-blanc\/","title":{"rendered":"Domaine Colbois &#8211; Chablis Vieilles vignes &#8211; Blanc"},"content":{"rendered":"<p>La vinification et l&#8217;\u00e9levage des vins se font principalement dans des cuves en acier inoxydable \u00e0 temp\u00e9rature contr\u00f4l\u00e9e, ce qui permet d&#8217;ajouter une technologie moderne aux m\u00e9thodes traditionnelles. La cuv\u00e9e\u00a0Chablis Vieilles vignes est partiellement vinifi\u00e9e dans\u00a0des f\u00fbts de ch\u00eane (dont 5% de f\u00fbts neufs). Le vin est \u00e9lev\u00e9 pendant 12 mois sur ses lies avec batonnage r\u00e9guli\u00e8rement.<\/p>\n","protected":false},"excerpt":{"rendered":"<p>Les Chablis &#8220;Vieilles vignes&#8221; du Domaine Colbois est\u00a0un vin blanc \u00e9lev\u00e9 en f\u00fbt de ch\u00eane avec des notes torr\u00e9fi\u00e9s et vanill\u00e9s dans une riche harmonie avec les acidit\u00e9s. Pour accompagner un filet de dor\u00e9 jaune\u00a0avec des girolles au beurre ou sur le plateau de fromages.<\/p>\n","protected":false},"featured_media":132349,"comment_status":"open","ping_status":"closed","template":"","meta":{"_monsterinsights_skip_tracking":false,"_monsterinsights_sitenote_active":false,"_monsterinsights_sitenote_note":"","_monsterinsights_sitenote_category":0,"_uf_show_specific_survey":0,"_uf_disable_surveys":false},"product_brand":[],"product_cat":[36610,36586],"product_tag":[],"class_list":{"0":"post-120973","1":"product","2":"type-product","3":"status-publish","4":"has-post-thumbnail","6":"product_cat-fr-bourgogne","7":"product_cat-vins-francais","8":"pa_alcohol-degree-40057","9":"pa_classification-aop-chablis-fr","10":"pa_color-blanc-fr","11":"pa_country-france-fr","12":"pa_grape-variety-chardonnay-fr","13":"pa_region-bourgogne-fr","14":"pa_storage-potential-7-ans","15":"pa_vintage-2023-fr","16":"pa_volume-75-cl-fr","18":"first","19":"instock","20":"taxable","21":"shipping-taxable","22":"purchasable","23":"product-type-simple"},"bundled_by":[],"bundle_stock_status":"instock","bundle_stock_quantity":null,"bundle_virtual":false,"bundle_layout":"","bundle_add_to_cart_form_location":"","bundle_editable_in_cart":false,"bundle_sold_individually_context":"","bundle_item_grouping":"","bundle_min_size":"","bundle_max_size":"","bundle_price":[],"bundled_items":[],"bundle_sell_ids":[],"yoast_head":"<!-- This site is optimized with the Yoast SEO plugin v27.5 - https:\/\/yoast.com\/product\/yoast-seo-wordpress\/ -->\n<title>Acheter Domaine Colbois - Chablis Vieilles vignes - Blanc - IVINIO Caviste<\/title>\n<meta name=\"description\" content=\"Acheter Domaine Colbois - Chablis Vieilles vignes - Blanc. Elev\u00e9 en f\u00fbt de ch\u00eane avec des notes torr\u00e9fi\u00e9s et vanill\u00e9s dans une riche harmonie avec les acidit\u00e9s.\" \/>\n<meta name=\"robots\" content=\"index, follow, max-snippet:-1, max-image-preview:large, max-video-preview:-1\" \/>\n<link rel=\"canonical\" href=\"https:\/\/www.ivinio.com\/fr\/produit\/domaine-colbois-chablis-vieilles-vignes-blanc\/\" \/>\n<meta property=\"og:locale\" content=\"fr_FR\" \/>\n<meta property=\"og:type\" content=\"article\" \/>\n<meta property=\"og:title\" content=\"Acheter Domaine Colbois - Chablis Vieilles vignes - Blanc - IVINIO Caviste\" \/>\n<meta property=\"og:description\" content=\"Acheter Domaine Colbois - Chablis Vieilles vignes - Blanc. Elev\u00e9 en f\u00fbt de ch\u00eane avec des notes torr\u00e9fi\u00e9s et vanill\u00e9s dans une riche harmonie avec les acidit\u00e9s.\" \/>\n<meta property=\"og:url\" content=\"https:\/\/www.ivinio.com\/fr\/produit\/domaine-colbois-chablis-vieilles-vignes-blanc\/\" \/>\n<meta property=\"og:site_name\" content=\"IVINIO Caviste\" \/>\n<meta property=\"article:publisher\" content=\"https:\/\/www.facebook.com\/groups\/165217837022391\/?ref=bookmarks\" \/>\n<meta property=\"article:modified_time\" content=\"2025-05-05T15:58:19+00:00\" \/>\n<meta property=\"og:image\" content=\"https:\/\/www.ivinio.com\/wp-content\/uploads\/2017\/02\/Domaine-Colbois-Chablis-Vieilles-vignes-IVINIO.jpg\" \/>\n\t<meta property=\"og:image:width\" content=\"500\" \/>\n\t<meta property=\"og:image:height\" content=\"500\" \/>\n\t<meta property=\"og:image:type\" content=\"image\/jpeg\" \/>\n<meta name=\"twitter:card\" content=\"summary_large_image\" \/>\n<script type=\"application\/ld+json\" class=\"yoast-schema-graph\">{\"@context\":\"https:\\\/\\\/schema.org\",\"@graph\":[{\"@type\":\"WebPage\",\"@id\":\"https:\\\/\\\/www.ivinio.com\\\/fr\\\/produit\\\/domaine-colbois-chablis-vieilles-vignes-blanc\\\/\",\"url\":\"https:\\\/\\\/www.ivinio.com\\\/fr\\\/produit\\\/domaine-colbois-chablis-vieilles-vignes-blanc\\\/\",\"name\":\"Acheter Domaine Colbois - Chablis Vieilles vignes - Blanc - IVINIO Caviste\",\"isPartOf\":{\"@id\":\"https:\\\/\\\/www.ivinio.com\\\/fr\\\/#website\"},\"primaryImageOfPage\":{\"@id\":\"https:\\\/\\\/www.ivinio.com\\\/fr\\\/produit\\\/domaine-colbois-chablis-vieilles-vignes-blanc\\\/#primaryimage\"},\"image\":{\"@id\":\"https:\\\/\\\/www.ivinio.com\\\/fr\\\/produit\\\/domaine-colbois-chablis-vieilles-vignes-blanc\\\/#primaryimage\"},\"thumbnailUrl\":\"https:\\\/\\\/www.ivinio.com\\\/wp-content\\\/uploads\\\/2017\\\/02\\\/Domaine-Colbois-Chablis-Vieilles-vignes-IVINIO.jpg\",\"datePublished\":\"2017-02-18T18:38:55+00:00\",\"dateModified\":\"2025-05-05T15:58:19+00:00\",\"description\":\"Acheter Domaine Colbois - Chablis Vieilles vignes - Blanc. Elev\u00e9 en f\u00fbt de ch\u00eane avec des notes torr\u00e9fi\u00e9s et vanill\u00e9s dans une riche harmonie avec les acidit\u00e9s.\",\"breadcrumb\":{\"@id\":\"https:\\\/\\\/www.ivinio.com\\\/fr\\\/produit\\\/domaine-colbois-chablis-vieilles-vignes-blanc\\\/#breadcrumb\"},\"inLanguage\":\"fr-FR\",\"potentialAction\":[{\"@type\":\"ReadAction\",\"target\":[\"https:\\\/\\\/www.ivinio.com\\\/fr\\\/produit\\\/domaine-colbois-chablis-vieilles-vignes-blanc\\\/\"]}]},{\"@type\":\"ImageObject\",\"inLanguage\":\"fr-FR\",\"@id\":\"https:\\\/\\\/www.ivinio.com\\\/fr\\\/produit\\\/domaine-colbois-chablis-vieilles-vignes-blanc\\\/#primaryimage\",\"url\":\"https:\\\/\\\/www.ivinio.com\\\/wp-content\\\/uploads\\\/2017\\\/02\\\/Domaine-Colbois-Chablis-Vieilles-vignes-IVINIO.jpg\",\"contentUrl\":\"https:\\\/\\\/www.ivinio.com\\\/wp-content\\\/uploads\\\/2017\\\/02\\\/Domaine-Colbois-Chablis-Vieilles-vignes-IVINIO.jpg\",\"width\":500,\"height\":500},{\"@type\":\"BreadcrumbList\",\"@id\":\"https:\\\/\\\/www.ivinio.com\\\/fr\\\/produit\\\/domaine-colbois-chablis-vieilles-vignes-blanc\\\/#breadcrumb\",\"itemListElement\":[{\"@type\":\"ListItem\",\"position\":1,\"name\":\"Home\",\"item\":\"https:\\\/\\\/www.ivinio.com\\\/fr\\\/\"},{\"@type\":\"ListItem\",\"position\":2,\"name\":\"Boutique de vin\",\"item\":\"https:\\\/\\\/www.ivinio.com\\\/fr\\\/boutique-de-vin\\\/\"},{\"@type\":\"ListItem\",\"position\":3,\"name\":\"Domaine Colbois &#8211; Chablis Vieilles vignes &#8211; Blanc\"}]},{\"@type\":\"WebSite\",\"@id\":\"https:\\\/\\\/www.ivinio.com\\\/fr\\\/#website\",\"url\":\"https:\\\/\\\/www.ivinio.com\\\/fr\\\/\",\"name\":\"IVINIO Caviste\",\"description\":\"Vins de France et d&#039;Italie avec livraison \u00e0 domicile\",\"publisher\":{\"@id\":\"https:\\\/\\\/www.ivinio.com\\\/fr\\\/#organization\"},\"potentialAction\":[{\"@type\":\"SearchAction\",\"target\":{\"@type\":\"EntryPoint\",\"urlTemplate\":\"https:\\\/\\\/www.ivinio.com\\\/fr\\\/?s={search_term_string}\"},\"query-input\":{\"@type\":\"PropertyValueSpecification\",\"valueRequired\":true,\"valueName\":\"search_term_string\"}}],\"inLanguage\":\"fr-FR\"},{\"@type\":\"Organization\",\"@id\":\"https:\\\/\\\/www.ivinio.com\\\/fr\\\/#organization\",\"name\":\"IVINIO\",\"url\":\"https:\\\/\\\/www.ivinio.com\\\/fr\\\/\",\"logo\":{\"@type\":\"ImageObject\",\"inLanguage\":\"fr-FR\",\"@id\":\"https:\\\/\\\/www.ivinio.com\\\/fr\\\/#\\\/schema\\\/logo\\\/image\\\/\",\"url\":\"https:\\\/\\\/www.ivinio.com\\\/wp-content\\\/uploads\\\/2021\\\/01\\\/Logo-Ivinio-v2.jpg\",\"contentUrl\":\"https:\\\/\\\/www.ivinio.com\\\/wp-content\\\/uploads\\\/2021\\\/01\\\/Logo-Ivinio-v2.jpg\",\"width\":1194,\"height\":1194,\"caption\":\"IVINIO\"},\"image\":{\"@id\":\"https:\\\/\\\/www.ivinio.com\\\/fr\\\/#\\\/schema\\\/logo\\\/image\\\/\"},\"sameAs\":[\"https:\\\/\\\/www.facebook.com\\\/groups\\\/165217837022391\\\/?ref=bookmarks\",\"https:\\\/\\\/www.instagram.com\\\/_ivinio_\\\/?hl=fr\"]}]}<\/script>\n<!-- \/ Yoast SEO plugin. -->","yoast_head_json":{"title":"Acheter Domaine Colbois - Chablis Vieilles vignes - Blanc - IVINIO Caviste","description":"Acheter Domaine Colbois - Chablis Vieilles vignes - Blanc. Elev\u00e9 en f\u00fbt de ch\u00eane avec des notes torr\u00e9fi\u00e9s et vanill\u00e9s dans une riche harmonie avec les acidit\u00e9s.","robots":{"index":"index","follow":"follow","max-snippet":"max-snippet:-1","max-image-preview":"max-image-preview:large","max-video-preview":"max-video-preview:-1"},"canonical":"https:\/\/www.ivinio.com\/fr\/produit\/domaine-colbois-chablis-vieilles-vignes-blanc\/","og_locale":"fr_FR","og_type":"article","og_title":"Acheter Domaine Colbois - Chablis Vieilles vignes - Blanc - IVINIO Caviste","og_description":"Acheter Domaine Colbois - Chablis Vieilles vignes - Blanc. Elev\u00e9 en f\u00fbt de ch\u00eane avec des notes torr\u00e9fi\u00e9s et vanill\u00e9s dans une riche harmonie avec les acidit\u00e9s.","og_url":"https:\/\/www.ivinio.com\/fr\/produit\/domaine-colbois-chablis-vieilles-vignes-blanc\/","og_site_name":"IVINIO Caviste","article_publisher":"https:\/\/www.facebook.com\/groups\/165217837022391\/?ref=bookmarks","article_modified_time":"2025-05-05T15:58:19+00:00","og_image":[{"width":500,"height":500,"url":"https:\/\/www.ivinio.com\/wp-content\/uploads\/2017\/02\/Domaine-Colbois-Chablis-Vieilles-vignes-IVINIO.jpg","type":"image\/jpeg"}],"twitter_card":"summary_large_image","schema":{"@context":"https:\/\/schema.org","@graph":[{"@type":"WebPage","@id":"https:\/\/www.ivinio.com\/fr\/produit\/domaine-colbois-chablis-vieilles-vignes-blanc\/","url":"https:\/\/www.ivinio.com\/fr\/produit\/domaine-colbois-chablis-vieilles-vignes-blanc\/","name":"Acheter Domaine Colbois - Chablis Vieilles vignes - Blanc - IVINIO Caviste","isPartOf":{"@id":"https:\/\/www.ivinio.com\/fr\/#website"},"primaryImageOfPage":{"@id":"https:\/\/www.ivinio.com\/fr\/produit\/domaine-colbois-chablis-vieilles-vignes-blanc\/#primaryimage"},"image":{"@id":"https:\/\/www.ivinio.com\/fr\/produit\/domaine-colbois-chablis-vieilles-vignes-blanc\/#primaryimage"},"thumbnailUrl":"https:\/\/www.ivinio.com\/wp-content\/uploads\/2017\/02\/Domaine-Colbois-Chablis-Vieilles-vignes-IVINIO.jpg","datePublished":"2017-02-18T18:38:55+00:00","dateModified":"2025-05-05T15:58:19+00:00","description":"Acheter Domaine Colbois - Chablis Vieilles vignes - Blanc. Elev\u00e9 en f\u00fbt de ch\u00eane avec des notes torr\u00e9fi\u00e9s et vanill\u00e9s dans une riche harmonie avec les acidit\u00e9s.","breadcrumb":{"@id":"https:\/\/www.ivinio.com\/fr\/produit\/domaine-colbois-chablis-vieilles-vignes-blanc\/#breadcrumb"},"inLanguage":"fr-FR","potentialAction":[{"@type":"ReadAction","target":["https:\/\/www.ivinio.com\/fr\/produit\/domaine-colbois-chablis-vieilles-vignes-blanc\/"]}]},{"@type":"ImageObject","inLanguage":"fr-FR","@id":"https:\/\/www.ivinio.com\/fr\/produit\/domaine-colbois-chablis-vieilles-vignes-blanc\/#primaryimage","url":"https:\/\/www.ivinio.com\/wp-content\/uploads\/2017\/02\/Domaine-Colbois-Chablis-Vieilles-vignes-IVINIO.jpg","contentUrl":"https:\/\/www.ivinio.com\/wp-content\/uploads\/2017\/02\/Domaine-Colbois-Chablis-Vieilles-vignes-IVINIO.jpg","width":500,"height":500},{"@type":"BreadcrumbList","@id":"https:\/\/www.ivinio.com\/fr\/produit\/domaine-colbois-chablis-vieilles-vignes-blanc\/#breadcrumb","itemListElement":[{"@type":"ListItem","position":1,"name":"Home","item":"https:\/\/www.ivinio.com\/fr\/"},{"@type":"ListItem","position":2,"name":"Boutique de vin","item":"https:\/\/www.ivinio.com\/fr\/boutique-de-vin\/"},{"@type":"ListItem","position":3,"name":"Domaine Colbois &#8211; Chablis Vieilles vignes &#8211; Blanc"}]},{"@type":"WebSite","@id":"https:\/\/www.ivinio.com\/fr\/#website","url":"https:\/\/www.ivinio.com\/fr\/","name":"IVINIO Caviste","description":"Vins de France et d&#039;Italie avec livraison \u00e0 domicile","publisher":{"@id":"https:\/\/www.ivinio.com\/fr\/#organization"},"potentialAction":[{"@type":"SearchAction","target":{"@type":"EntryPoint","urlTemplate":"https:\/\/www.ivinio.com\/fr\/?s={search_term_string}"},"query-input":{"@type":"PropertyValueSpecification","valueRequired":true,"valueName":"search_term_string"}}],"inLanguage":"fr-FR"},{"@type":"Organization","@id":"https:\/\/www.ivinio.com\/fr\/#organization","name":"IVINIO","url":"https:\/\/www.ivinio.com\/fr\/","logo":{"@type":"ImageObject","inLanguage":"fr-FR","@id":"https:\/\/www.ivinio.com\/fr\/#\/schema\/logo\/image\/","url":"https:\/\/www.ivinio.com\/wp-content\/uploads\/2021\/01\/Logo-Ivinio-v2.jpg","contentUrl":"https:\/\/www.ivinio.com\/wp-content\/uploads\/2021\/01\/Logo-Ivinio-v2.jpg","width":1194,"height":1194,"caption":"IVINIO"},"image":{"@id":"https:\/\/www.ivinio.com\/fr\/#\/schema\/logo\/image\/"},"sameAs":["https:\/\/www.facebook.com\/groups\/165217837022391\/?ref=bookmarks","https:\/\/www.instagram.com\/_ivinio_\/?hl=fr"]}]}},"jetpack_sharing_enabled":true,"_links":{"self":[{"href":"https:\/\/www.ivinio.com\/fr\/wp-json\/wp\/v2\/product\/120973","targetHints":{"allow":["GET"]}}],"collection":[{"href":"https:\/\/www.ivinio.com\/fr\/wp-json\/wp\/v2\/product"}],"about":[{"href":"https:\/\/www.ivinio.com\/fr\/wp-json\/wp\/v2\/types\/product"}],"replies":[{"embeddable":true,"href":"https:\/\/www.ivinio.com\/fr\/wp-json\/wp\/v2\/comments?post=120973"}],"wp:featuredmedia":[{"embeddable":true,"href":"https:\/\/www.ivinio.com\/fr\/wp-json\/wp\/v2\/media\/132349"}],"wp:attachment":[{"href":"https:\/\/www.ivinio.com\/fr\/wp-json\/wp\/v2\/media?parent=120973"}],"wp:term":[{"taxonomy":"product_brand","embeddable":true,"href":"https:\/\/www.ivinio.com\/fr\/wp-json\/wp\/v2\/product_brand?post=120973"},{"taxonomy":"product_cat","embeddable":true,"href":"https:\/\/www.ivinio.com\/fr\/wp-json\/wp\/v2\/product_cat?post=120973"},{"taxonomy":"product_tag","embeddable":true,"href":"https:\/\/www.ivinio.com\/fr\/wp-json\/wp\/v2\/product_tag?post=120973"}],"curies":[{"name":"wp","href":"https:\/\/api.w.org\/{rel}","templated":true}]}}