{"id":120961,"date":"2017-10-19T17:39:55","date_gmt":"2017-10-19T17:39:55","guid":{"rendered":"https:\/\/henrik.www.ivinio.com\/?product=ollieux-romanis-cuvee-prestige-corbieres-blanc"},"modified":"2022-03-17T05:21:12","modified_gmt":"2022-03-17T04:21:12","slug":"ollieux-romanis-cuvee-prestige-corbieres-blanc","status":"publish","type":"product","link":"https:\/\/www.ivinio.com\/fr\/produit\/ollieux-romanis-cuvee-prestige-corbieres-blanc\/","title":{"rendered":"Ollieux Romanis &#8211; Cuv\u00e9e Prestige &#8211; Corbi\u00e8res &#8211; Blanc"},"content":{"rendered":"<p>Prestige d&#8217;Ollieux romanis est compos\u00e9 de\u00a050% de Roussanne et de\u00a050% de Marsanne.Mac\u00e9ration pelliculaire apr\u00e8s les vendanges. Les raisins sont ensuite\u00a0press\u00e9s sans exag\u00e9ration \u00e0 faible pression. Les raisins sont ferment\u00e9s\u00a0et ensuite \u00e9lev\u00e9s sur leur lies en f\u00fbts de ch\u00eane pendant un an.<\/p>\n","protected":false},"excerpt":{"rendered":"<p>La Cuv\u00e9e Prestige d&#8217;Ollieux Romanis est un vin blanc puissant, rond, \u00e9lev\u00e9 en f\u00fbts de ch\u00eane avec des notes aromatiques de fleurs blanches et de fruits exotiques. Un vin blanc gastronomique pour accompagner des plats de viandes blanches, des coquilles saint-Jacques grill\u00e9s ou un plateau de fromages<\/p>\n","protected":false},"featured_media":120964,"comment_status":"open","ping_status":"closed","template":"","meta":{"_monsterinsights_skip_tracking":false,"_monsterinsights_sitenote_active":false,"_monsterinsights_sitenote_note":"","_monsterinsights_sitenote_category":0,"_uf_show_specific_survey":0,"_uf_disable_surveys":false},"product_brand":[],"product_cat":[36625,36586],"product_tag":[],"class_list":{"0":"post-120961","1":"product","2":"type-product","3":"status-publish","4":"has-post-thumbnail","6":"product_cat-fr-languedoc","7":"product_cat-vins-francais","8":"pa_alcohol-degree-14-fr","9":"pa_classification-aop-corbieres-fr","10":"pa_color-blanc-fr","11":"pa_country-france-fr","12":"pa_grape-variety-grenache-blanc-fr","13":"pa_grape-variety-macabeu-fr","14":"pa_grape-variety-roussanne-fr","15":"pa_region-languedoc-fr","16":"pa_storage-potential-4-ans-fr","17":"pa_vintage-2020-fr","18":"pa_volume-75-cl-fr","20":"first","21":"instock","22":"taxable","23":"shipping-taxable","24":"purchasable","25":"product-type-simple"},"bundled_by":[],"bundle_stock_status":"instock","bundle_stock_quantity":null,"bundle_virtual":false,"bundle_layout":"","bundle_add_to_cart_form_location":"","bundle_editable_in_cart":false,"bundle_sold_individually_context":"","bundle_item_grouping":"","bundle_min_size":"","bundle_max_size":"","bundle_price":[],"bundled_items":[],"bundle_sell_ids":[],"yoast_head":"<!-- This site is optimized with the Yoast SEO plugin v27.5 - https:\/\/yoast.com\/product\/yoast-seo-wordpress\/ -->\n<title>Acheter Ollieux Romanis - Cuv\u00e9e Prestige - Corbi\u00e8res - Blanc - IVINIO Caviste<\/title>\n<meta name=\"description\" content=\"Acheter Ollieux Romanis - Cuv\u00e9e Prestige - Corbi\u00e8res - Blanc. Puissant, rond, \u00e9levage f\u00fbts de ch\u00eane, notes fleurs blanches, fruits exotiques.\" \/>\n<meta name=\"robots\" content=\"index, follow, max-snippet:-1, max-image-preview:large, max-video-preview:-1\" \/>\n<link rel=\"canonical\" href=\"https:\/\/www.ivinio.com\/fr\/produit\/ollieux-romanis-cuvee-prestige-corbieres-blanc\/\" \/>\n<meta property=\"og:locale\" content=\"fr_FR\" \/>\n<meta property=\"og:type\" content=\"article\" \/>\n<meta property=\"og:title\" content=\"Acheter Ollieux Romanis - Cuv\u00e9e Prestige - Corbi\u00e8res - Blanc - IVINIO Caviste\" \/>\n<meta property=\"og:description\" content=\"Acheter Ollieux Romanis - Cuv\u00e9e Prestige - Corbi\u00e8res - Blanc. Puissant, rond, \u00e9levage f\u00fbts de ch\u00eane, notes fleurs blanches, fruits exotiques.\" \/>\n<meta property=\"og:url\" content=\"https:\/\/www.ivinio.com\/fr\/produit\/ollieux-romanis-cuvee-prestige-corbieres-blanc\/\" \/>\n<meta property=\"og:site_name\" content=\"IVINIO Caviste\" \/>\n<meta property=\"article:publisher\" content=\"https:\/\/www.facebook.com\/groups\/165217837022391\/?ref=bookmarks\" \/>\n<meta property=\"article:modified_time\" content=\"2022-03-17T04:21:12+00:00\" \/>\n<meta property=\"og:image\" content=\"https:\/\/www.ivinio.com\/wp-content\/uploads\/nc\/public\/modules\/file\/pictures\/7038.ollieux-romanis-prestige-blanc-IVINIO.jpg\" \/>\n\t<meta property=\"og:image:width\" content=\"500\" \/>\n\t<meta property=\"og:image:height\" content=\"500\" \/>\n\t<meta property=\"og:image:type\" content=\"image\/jpeg\" \/>\n<meta name=\"twitter:card\" content=\"summary_large_image\" \/>\n<script type=\"application\/ld+json\" class=\"yoast-schema-graph\">{\"@context\":\"https:\\\/\\\/schema.org\",\"@graph\":[{\"@type\":\"WebPage\",\"@id\":\"https:\\\/\\\/www.ivinio.com\\\/fr\\\/produit\\\/ollieux-romanis-cuvee-prestige-corbieres-blanc\\\/\",\"url\":\"https:\\\/\\\/www.ivinio.com\\\/fr\\\/produit\\\/ollieux-romanis-cuvee-prestige-corbieres-blanc\\\/\",\"name\":\"Acheter Ollieux Romanis - Cuv\u00e9e Prestige - Corbi\u00e8res - Blanc - IVINIO Caviste\",\"isPartOf\":{\"@id\":\"https:\\\/\\\/www.ivinio.com\\\/fr\\\/#website\"},\"primaryImageOfPage\":{\"@id\":\"https:\\\/\\\/www.ivinio.com\\\/fr\\\/produit\\\/ollieux-romanis-cuvee-prestige-corbieres-blanc\\\/#primaryimage\"},\"image\":{\"@id\":\"https:\\\/\\\/www.ivinio.com\\\/fr\\\/produit\\\/ollieux-romanis-cuvee-prestige-corbieres-blanc\\\/#primaryimage\"},\"thumbnailUrl\":\"https:\\\/\\\/www.ivinio.com\\\/wp-content\\\/uploads\\\/nc\\\/public\\\/modules\\\/file\\\/pictures\\\/7038.ollieux-romanis-prestige-blanc-IVINIO.jpg\",\"datePublished\":\"2017-10-19T17:39:55+00:00\",\"dateModified\":\"2022-03-17T04:21:12+00:00\",\"description\":\"Acheter Ollieux Romanis - Cuv\u00e9e Prestige - Corbi\u00e8res - Blanc. Puissant, rond, \u00e9levage f\u00fbts de ch\u00eane, notes fleurs blanches, fruits exotiques.\",\"breadcrumb\":{\"@id\":\"https:\\\/\\\/www.ivinio.com\\\/fr\\\/produit\\\/ollieux-romanis-cuvee-prestige-corbieres-blanc\\\/#breadcrumb\"},\"inLanguage\":\"fr-FR\",\"potentialAction\":[{\"@type\":\"ReadAction\",\"target\":[\"https:\\\/\\\/www.ivinio.com\\\/fr\\\/produit\\\/ollieux-romanis-cuvee-prestige-corbieres-blanc\\\/\"]}]},{\"@type\":\"ImageObject\",\"inLanguage\":\"fr-FR\",\"@id\":\"https:\\\/\\\/www.ivinio.com\\\/fr\\\/produit\\\/ollieux-romanis-cuvee-prestige-corbieres-blanc\\\/#primaryimage\",\"url\":\"https:\\\/\\\/www.ivinio.com\\\/wp-content\\\/uploads\\\/nc\\\/public\\\/modules\\\/file\\\/pictures\\\/7038.ollieux-romanis-prestige-blanc-IVINIO.jpg\",\"contentUrl\":\"https:\\\/\\\/www.ivinio.com\\\/wp-content\\\/uploads\\\/nc\\\/public\\\/modules\\\/file\\\/pictures\\\/7038.ollieux-romanis-prestige-blanc-IVINIO.jpg\",\"width\":500,\"height\":500,\"caption\":\"Ollieux Romanis - Cuv\u00e9e Prestige - Corbi\u00e8res\"},{\"@type\":\"BreadcrumbList\",\"@id\":\"https:\\\/\\\/www.ivinio.com\\\/fr\\\/produit\\\/ollieux-romanis-cuvee-prestige-corbieres-blanc\\\/#breadcrumb\",\"itemListElement\":[{\"@type\":\"ListItem\",\"position\":1,\"name\":\"Home\",\"item\":\"https:\\\/\\\/www.ivinio.com\\\/fr\\\/\"},{\"@type\":\"ListItem\",\"position\":2,\"name\":\"Boutique de vin\",\"item\":\"https:\\\/\\\/www.ivinio.com\\\/fr\\\/boutique-de-vin\\\/\"},{\"@type\":\"ListItem\",\"position\":3,\"name\":\"Ollieux Romanis &#8211; Cuv\u00e9e Prestige &#8211; Corbi\u00e8res &#8211; Blanc\"}]},{\"@type\":\"WebSite\",\"@id\":\"https:\\\/\\\/www.ivinio.com\\\/fr\\\/#website\",\"url\":\"https:\\\/\\\/www.ivinio.com\\\/fr\\\/\",\"name\":\"IVINIO Caviste\",\"description\":\"Vins de France et d&#039;Italie avec livraison \u00e0 domicile\",\"publisher\":{\"@id\":\"https:\\\/\\\/www.ivinio.com\\\/fr\\\/#organization\"},\"potentialAction\":[{\"@type\":\"SearchAction\",\"target\":{\"@type\":\"EntryPoint\",\"urlTemplate\":\"https:\\\/\\\/www.ivinio.com\\\/fr\\\/?s={search_term_string}\"},\"query-input\":{\"@type\":\"PropertyValueSpecification\",\"valueRequired\":true,\"valueName\":\"search_term_string\"}}],\"inLanguage\":\"fr-FR\"},{\"@type\":\"Organization\",\"@id\":\"https:\\\/\\\/www.ivinio.com\\\/fr\\\/#organization\",\"name\":\"IVINIO\",\"url\":\"https:\\\/\\\/www.ivinio.com\\\/fr\\\/\",\"logo\":{\"@type\":\"ImageObject\",\"inLanguage\":\"fr-FR\",\"@id\":\"https:\\\/\\\/www.ivinio.com\\\/fr\\\/#\\\/schema\\\/logo\\\/image\\\/\",\"url\":\"https:\\\/\\\/www.ivinio.com\\\/wp-content\\\/uploads\\\/2021\\\/01\\\/Logo-Ivinio-v2.jpg\",\"contentUrl\":\"https:\\\/\\\/www.ivinio.com\\\/wp-content\\\/uploads\\\/2021\\\/01\\\/Logo-Ivinio-v2.jpg\",\"width\":1194,\"height\":1194,\"caption\":\"IVINIO\"},\"image\":{\"@id\":\"https:\\\/\\\/www.ivinio.com\\\/fr\\\/#\\\/schema\\\/logo\\\/image\\\/\"},\"sameAs\":[\"https:\\\/\\\/www.facebook.com\\\/groups\\\/165217837022391\\\/?ref=bookmarks\",\"https:\\\/\\\/www.instagram.com\\\/_ivinio_\\\/?hl=fr\"]}]}<\/script>\n<!-- \/ Yoast SEO plugin. -->","yoast_head_json":{"title":"Acheter Ollieux Romanis - Cuv\u00e9e Prestige - Corbi\u00e8res - Blanc - IVINIO Caviste","description":"Acheter Ollieux Romanis - Cuv\u00e9e Prestige - Corbi\u00e8res - Blanc. Puissant, rond, \u00e9levage f\u00fbts de ch\u00eane, notes fleurs blanches, fruits exotiques.","robots":{"index":"index","follow":"follow","max-snippet":"max-snippet:-1","max-image-preview":"max-image-preview:large","max-video-preview":"max-video-preview:-1"},"canonical":"https:\/\/www.ivinio.com\/fr\/produit\/ollieux-romanis-cuvee-prestige-corbieres-blanc\/","og_locale":"fr_FR","og_type":"article","og_title":"Acheter Ollieux Romanis - Cuv\u00e9e Prestige - Corbi\u00e8res - Blanc - IVINIO Caviste","og_description":"Acheter Ollieux Romanis - Cuv\u00e9e Prestige - Corbi\u00e8res - Blanc. Puissant, rond, \u00e9levage f\u00fbts de ch\u00eane, notes fleurs blanches, fruits exotiques.","og_url":"https:\/\/www.ivinio.com\/fr\/produit\/ollieux-romanis-cuvee-prestige-corbieres-blanc\/","og_site_name":"IVINIO Caviste","article_publisher":"https:\/\/www.facebook.com\/groups\/165217837022391\/?ref=bookmarks","article_modified_time":"2022-03-17T04:21:12+00:00","og_image":[{"width":500,"height":500,"url":"https:\/\/www.ivinio.com\/wp-content\/uploads\/nc\/public\/modules\/file\/pictures\/7038.ollieux-romanis-prestige-blanc-IVINIO.jpg","type":"image\/jpeg"}],"twitter_card":"summary_large_image","schema":{"@context":"https:\/\/schema.org","@graph":[{"@type":"WebPage","@id":"https:\/\/www.ivinio.com\/fr\/produit\/ollieux-romanis-cuvee-prestige-corbieres-blanc\/","url":"https:\/\/www.ivinio.com\/fr\/produit\/ollieux-romanis-cuvee-prestige-corbieres-blanc\/","name":"Acheter Ollieux Romanis - Cuv\u00e9e Prestige - Corbi\u00e8res - Blanc - IVINIO Caviste","isPartOf":{"@id":"https:\/\/www.ivinio.com\/fr\/#website"},"primaryImageOfPage":{"@id":"https:\/\/www.ivinio.com\/fr\/produit\/ollieux-romanis-cuvee-prestige-corbieres-blanc\/#primaryimage"},"image":{"@id":"https:\/\/www.ivinio.com\/fr\/produit\/ollieux-romanis-cuvee-prestige-corbieres-blanc\/#primaryimage"},"thumbnailUrl":"https:\/\/www.ivinio.com\/wp-content\/uploads\/nc\/public\/modules\/file\/pictures\/7038.ollieux-romanis-prestige-blanc-IVINIO.jpg","datePublished":"2017-10-19T17:39:55+00:00","dateModified":"2022-03-17T04:21:12+00:00","description":"Acheter Ollieux Romanis - Cuv\u00e9e Prestige - Corbi\u00e8res - Blanc. Puissant, rond, \u00e9levage f\u00fbts de ch\u00eane, notes fleurs blanches, fruits exotiques.","breadcrumb":{"@id":"https:\/\/www.ivinio.com\/fr\/produit\/ollieux-romanis-cuvee-prestige-corbieres-blanc\/#breadcrumb"},"inLanguage":"fr-FR","potentialAction":[{"@type":"ReadAction","target":["https:\/\/www.ivinio.com\/fr\/produit\/ollieux-romanis-cuvee-prestige-corbieres-blanc\/"]}]},{"@type":"ImageObject","inLanguage":"fr-FR","@id":"https:\/\/www.ivinio.com\/fr\/produit\/ollieux-romanis-cuvee-prestige-corbieres-blanc\/#primaryimage","url":"https:\/\/www.ivinio.com\/wp-content\/uploads\/nc\/public\/modules\/file\/pictures\/7038.ollieux-romanis-prestige-blanc-IVINIO.jpg","contentUrl":"https:\/\/www.ivinio.com\/wp-content\/uploads\/nc\/public\/modules\/file\/pictures\/7038.ollieux-romanis-prestige-blanc-IVINIO.jpg","width":500,"height":500,"caption":"Ollieux Romanis - Cuv\u00e9e Prestige - Corbi\u00e8res"},{"@type":"BreadcrumbList","@id":"https:\/\/www.ivinio.com\/fr\/produit\/ollieux-romanis-cuvee-prestige-corbieres-blanc\/#breadcrumb","itemListElement":[{"@type":"ListItem","position":1,"name":"Home","item":"https:\/\/www.ivinio.com\/fr\/"},{"@type":"ListItem","position":2,"name":"Boutique de vin","item":"https:\/\/www.ivinio.com\/fr\/boutique-de-vin\/"},{"@type":"ListItem","position":3,"name":"Ollieux Romanis &#8211; Cuv\u00e9e Prestige &#8211; Corbi\u00e8res &#8211; Blanc"}]},{"@type":"WebSite","@id":"https:\/\/www.ivinio.com\/fr\/#website","url":"https:\/\/www.ivinio.com\/fr\/","name":"IVINIO Caviste","description":"Vins de France et d&#039;Italie avec livraison \u00e0 domicile","publisher":{"@id":"https:\/\/www.ivinio.com\/fr\/#organization"},"potentialAction":[{"@type":"SearchAction","target":{"@type":"EntryPoint","urlTemplate":"https:\/\/www.ivinio.com\/fr\/?s={search_term_string}"},"query-input":{"@type":"PropertyValueSpecification","valueRequired":true,"valueName":"search_term_string"}}],"inLanguage":"fr-FR"},{"@type":"Organization","@id":"https:\/\/www.ivinio.com\/fr\/#organization","name":"IVINIO","url":"https:\/\/www.ivinio.com\/fr\/","logo":{"@type":"ImageObject","inLanguage":"fr-FR","@id":"https:\/\/www.ivinio.com\/fr\/#\/schema\/logo\/image\/","url":"https:\/\/www.ivinio.com\/wp-content\/uploads\/2021\/01\/Logo-Ivinio-v2.jpg","contentUrl":"https:\/\/www.ivinio.com\/wp-content\/uploads\/2021\/01\/Logo-Ivinio-v2.jpg","width":1194,"height":1194,"caption":"IVINIO"},"image":{"@id":"https:\/\/www.ivinio.com\/fr\/#\/schema\/logo\/image\/"},"sameAs":["https:\/\/www.facebook.com\/groups\/165217837022391\/?ref=bookmarks","https:\/\/www.instagram.com\/_ivinio_\/?hl=fr"]}]}},"jetpack_sharing_enabled":true,"_links":{"self":[{"href":"https:\/\/www.ivinio.com\/fr\/wp-json\/wp\/v2\/product\/120961","targetHints":{"allow":["GET"]}}],"collection":[{"href":"https:\/\/www.ivinio.com\/fr\/wp-json\/wp\/v2\/product"}],"about":[{"href":"https:\/\/www.ivinio.com\/fr\/wp-json\/wp\/v2\/types\/product"}],"replies":[{"embeddable":true,"href":"https:\/\/www.ivinio.com\/fr\/wp-json\/wp\/v2\/comments?post=120961"}],"wp:featuredmedia":[{"embeddable":true,"href":"https:\/\/www.ivinio.com\/fr\/wp-json\/wp\/v2\/media\/120964"}],"wp:attachment":[{"href":"https:\/\/www.ivinio.com\/fr\/wp-json\/wp\/v2\/media?parent=120961"}],"wp:term":[{"taxonomy":"product_brand","embeddable":true,"href":"https:\/\/www.ivinio.com\/fr\/wp-json\/wp\/v2\/product_brand?post=120961"},{"taxonomy":"product_cat","embeddable":true,"href":"https:\/\/www.ivinio.com\/fr\/wp-json\/wp\/v2\/product_cat?post=120961"},{"taxonomy":"product_tag","embeddable":true,"href":"https:\/\/www.ivinio.com\/fr\/wp-json\/wp\/v2\/product_tag?post=120961"}],"curies":[{"name":"wp","href":"https:\/\/api.w.org\/{rel}","templated":true}]}}