{"id":120950,"date":"2017-10-19T17:39:55","date_gmt":"2017-10-19T17:39:55","guid":{"rendered":"https:\/\/henrik.www.ivinio.com\/?product=ollieux-romanis-cuvee-classique-corbieres-rouge"},"modified":"2023-02-08T18:24:10","modified_gmt":"2023-02-08T17:24:10","slug":"ollieux-romanis-cuvee-classique-corbieres-rouge","status":"publish","type":"product","link":"https:\/\/www.ivinio.com\/fr\/produit\/ollieux-romanis-cuvee-classique-corbieres-rouge\/","title":{"rendered":"Ollieux Romanis &#8211; Cuv\u00e9e Classique &#8211; Corbi\u00e8res &#8211; Rouge"},"content":{"rendered":"<p>Ollieux Romanis &#8211; Cuv\u00e9e Classique &#8211; Corbi\u00e8res &#8211; Rouge est compos\u00e9 de 40% de Carignan, 30% de Grenache et 30% de Syrah. Les vignes poussent sur un sol rouge et rocheux sur gr\u00e8s &#8211; typiquement autour de la M\u00e9diterran\u00e9e. La r\u00e9colte est faite \u00e0 la main. Les raisins de carignan peuvent partiellement subir une r\u00e9action de monoxyde de carbone, tandis que les raisins Grenache et Syrah sont r\u00e9colt\u00e9s \u00e0 partir de leurs grappes. La fermentation a lieu pendant 15 jours dans un r\u00e9servoir en acier \u00e0 temp\u00e9rature contr\u00f4l\u00e9e.<\/p>\n","protected":false},"excerpt":{"rendered":"<p>La Cuv\u00e9e Classique d&#8217;Ollieux Romanis est un vin rouge riche et puissant avec des \u00e9l\u00e9ments de m\u00fbres. Une saveur fruit\u00e9e et cors\u00e9e qui se termine avec des baies fra\u00eeches et des tanins ronds. A servir sur un steak sauce cr\u00e9meuse champignons de la for\u00eat\u00a0!<\/p>\n","protected":false},"featured_media":120953,"comment_status":"open","ping_status":"closed","template":"","meta":{"_monsterinsights_skip_tracking":false,"_monsterinsights_sitenote_active":false,"_monsterinsights_sitenote_note":"","_monsterinsights_sitenote_category":0,"_uf_show_specific_survey":0,"_uf_disable_surveys":false},"product_brand":[],"product_cat":[36627,36588],"product_tag":[],"class_list":{"0":"post-120950","1":"product","2":"type-product","3":"status-publish","4":"has-post-thumbnail","6":"product_cat-sv-languedoc","7":"product_cat-franska-viner","8":"pa_alcohol-degree-14-5-sv","9":"pa_awards-bettanedesseauve-sv","10":"pa_awards-the-wine-advocate","11":"pa_classification-aop-corbieres-sv","12":"pa_color-rod-sv","13":"pa_country-frankrike-sv","14":"pa_grape-variety-carignan-sv","15":"pa_grape-variety-grenache-sv","16":"pa_grape-variety-syrah-sv","17":"pa_region-languedoc-sv","18":"pa_storage-potential-5-ar-sv","19":"pa_vintage-2019-sv","20":"pa_volume-75-cl-sv","22":"first","23":"instock","24":"taxable","25":"shipping-taxable","26":"purchasable","27":"product-type-simple"},"bundled_by":[],"bundle_stock_status":"instock","bundle_stock_quantity":null,"bundle_virtual":false,"bundle_layout":"","bundle_add_to_cart_form_location":"","bundle_editable_in_cart":false,"bundle_sold_individually_context":"","bundle_item_grouping":"","bundle_min_size":"","bundle_max_size":"","bundle_price":[],"bundled_items":[],"bundle_sell_ids":[],"yoast_head":"<!-- This site is optimized with the Yoast SEO plugin v27.5 - https:\/\/yoast.com\/product\/yoast-seo-wordpress\/ -->\n<title>Acheter Ollieux Romanis - Cuv\u00e9e Classique - Corbi\u00e8res - Rouge - IVINIO Caviste<\/title>\n<meta name=\"description\" content=\"Acheter Ollieux Romanis - Cuv\u00e9e Classique - Corbi\u00e8res - Rouge. Un vin rouge \u00e9pic\u00e9 et puissant avec notes de caf\u00e9, cacao, m\u00fbre et cassis.\" \/>\n<meta name=\"robots\" content=\"index, follow, max-snippet:-1, max-image-preview:large, max-video-preview:-1\" \/>\n<link rel=\"canonical\" href=\"https:\/\/www.ivinio.com\/fr\/produit\/ollieux-romanis-cuvee-classique-corbieres-rouge\/\" \/>\n<meta property=\"og:locale\" content=\"fr_FR\" \/>\n<meta property=\"og:type\" content=\"article\" \/>\n<meta property=\"og:title\" content=\"Acheter Ollieux Romanis - Cuv\u00e9e Classique - Corbi\u00e8res - Rouge - IVINIO Caviste\" \/>\n<meta property=\"og:description\" content=\"Acheter Ollieux Romanis - Cuv\u00e9e Classique - Corbi\u00e8res - Rouge. Un vin rouge \u00e9pic\u00e9 et puissant avec notes de caf\u00e9, cacao, m\u00fbre et cassis.\" \/>\n<meta property=\"og:url\" content=\"https:\/\/www.ivinio.com\/fr\/produit\/ollieux-romanis-cuvee-classique-corbieres-rouge\/\" \/>\n<meta property=\"og:site_name\" content=\"IVINIO Caviste\" \/>\n<meta property=\"article:publisher\" content=\"https:\/\/www.facebook.com\/groups\/165217837022391\/?ref=bookmarks\" \/>\n<meta property=\"article:modified_time\" content=\"2023-02-08T17:24:10+00:00\" \/>\n<meta property=\"og:image\" content=\"https:\/\/www.ivinio.com\/wp-content\/uploads\/nc\/public\/modules\/file\/pictures\/6569.ollieux-romanis-cuv-e-classique-ivinio.jpg\" \/>\n\t<meta property=\"og:image:width\" content=\"500\" \/>\n\t<meta property=\"og:image:height\" content=\"500\" \/>\n\t<meta property=\"og:image:type\" content=\"image\/jpeg\" \/>\n<meta name=\"twitter:card\" content=\"summary_large_image\" \/>\n<script type=\"application\/ld+json\" class=\"yoast-schema-graph\">{\"@context\":\"https:\\\/\\\/schema.org\",\"@graph\":[{\"@type\":\"WebPage\",\"@id\":\"https:\\\/\\\/www.ivinio.com\\\/fr\\\/produit\\\/ollieux-romanis-cuvee-classique-corbieres-rouge\\\/\",\"url\":\"https:\\\/\\\/www.ivinio.com\\\/fr\\\/produit\\\/ollieux-romanis-cuvee-classique-corbieres-rouge\\\/\",\"name\":\"Acheter Ollieux Romanis - Cuv\u00e9e Classique - Corbi\u00e8res - Rouge - IVINIO Caviste\",\"isPartOf\":{\"@id\":\"https:\\\/\\\/www.ivinio.com\\\/fr\\\/#website\"},\"primaryImageOfPage\":{\"@id\":\"https:\\\/\\\/www.ivinio.com\\\/fr\\\/produit\\\/ollieux-romanis-cuvee-classique-corbieres-rouge\\\/#primaryimage\"},\"image\":{\"@id\":\"https:\\\/\\\/www.ivinio.com\\\/fr\\\/produit\\\/ollieux-romanis-cuvee-classique-corbieres-rouge\\\/#primaryimage\"},\"thumbnailUrl\":\"https:\\\/\\\/www.ivinio.com\\\/wp-content\\\/uploads\\\/nc\\\/public\\\/modules\\\/file\\\/pictures\\\/6569.ollieux-romanis-cuv-e-classique-ivinio.jpg\",\"datePublished\":\"2017-10-19T17:39:55+00:00\",\"dateModified\":\"2023-02-08T17:24:10+00:00\",\"description\":\"Acheter Ollieux Romanis - Cuv\u00e9e Classique - Corbi\u00e8res - Rouge. Un vin rouge \u00e9pic\u00e9 et puissant avec notes de caf\u00e9, cacao, m\u00fbre et cassis.\",\"breadcrumb\":{\"@id\":\"https:\\\/\\\/www.ivinio.com\\\/fr\\\/produit\\\/ollieux-romanis-cuvee-classique-corbieres-rouge\\\/#breadcrumb\"},\"inLanguage\":\"fr-FR\",\"potentialAction\":[{\"@type\":\"ReadAction\",\"target\":[\"https:\\\/\\\/www.ivinio.com\\\/fr\\\/produit\\\/ollieux-romanis-cuvee-classique-corbieres-rouge\\\/\"]}]},{\"@type\":\"ImageObject\",\"inLanguage\":\"fr-FR\",\"@id\":\"https:\\\/\\\/www.ivinio.com\\\/fr\\\/produit\\\/ollieux-romanis-cuvee-classique-corbieres-rouge\\\/#primaryimage\",\"url\":\"https:\\\/\\\/www.ivinio.com\\\/wp-content\\\/uploads\\\/nc\\\/public\\\/modules\\\/file\\\/pictures\\\/6569.ollieux-romanis-cuv-e-classique-ivinio.jpg\",\"contentUrl\":\"https:\\\/\\\/www.ivinio.com\\\/wp-content\\\/uploads\\\/nc\\\/public\\\/modules\\\/file\\\/pictures\\\/6569.ollieux-romanis-cuv-e-classique-ivinio.jpg\",\"width\":500,\"height\":500,\"caption\":\"Ollieux Romanis - Cuv\u00e9e Classique - Corbi\u00e8res\"},{\"@type\":\"BreadcrumbList\",\"@id\":\"https:\\\/\\\/www.ivinio.com\\\/fr\\\/produit\\\/ollieux-romanis-cuvee-classique-corbieres-rouge\\\/#breadcrumb\",\"itemListElement\":[{\"@type\":\"ListItem\",\"position\":1,\"name\":\"Home\",\"item\":\"https:\\\/\\\/www.ivinio.com\\\/fr\\\/\"},{\"@type\":\"ListItem\",\"position\":2,\"name\":\"Boutique de vin\",\"item\":\"https:\\\/\\\/www.ivinio.com\\\/fr\\\/boutique-de-vin\\\/\"},{\"@type\":\"ListItem\",\"position\":3,\"name\":\"Ollieux Romanis &#8211; Cuv\u00e9e Classique &#8211; Corbi\u00e8res &#8211; Rouge\"}]},{\"@type\":\"WebSite\",\"@id\":\"https:\\\/\\\/www.ivinio.com\\\/fr\\\/#website\",\"url\":\"https:\\\/\\\/www.ivinio.com\\\/fr\\\/\",\"name\":\"IVINIO Caviste\",\"description\":\"Vins de France et d&#039;Italie avec livraison \u00e0 domicile\",\"publisher\":{\"@id\":\"https:\\\/\\\/www.ivinio.com\\\/fr\\\/#organization\"},\"potentialAction\":[{\"@type\":\"SearchAction\",\"target\":{\"@type\":\"EntryPoint\",\"urlTemplate\":\"https:\\\/\\\/www.ivinio.com\\\/fr\\\/?s={search_term_string}\"},\"query-input\":{\"@type\":\"PropertyValueSpecification\",\"valueRequired\":true,\"valueName\":\"search_term_string\"}}],\"inLanguage\":\"fr-FR\"},{\"@type\":\"Organization\",\"@id\":\"https:\\\/\\\/www.ivinio.com\\\/fr\\\/#organization\",\"name\":\"IVINIO\",\"url\":\"https:\\\/\\\/www.ivinio.com\\\/fr\\\/\",\"logo\":{\"@type\":\"ImageObject\",\"inLanguage\":\"fr-FR\",\"@id\":\"https:\\\/\\\/www.ivinio.com\\\/fr\\\/#\\\/schema\\\/logo\\\/image\\\/\",\"url\":\"https:\\\/\\\/www.ivinio.com\\\/wp-content\\\/uploads\\\/2021\\\/01\\\/Logo-Ivinio-v2.jpg\",\"contentUrl\":\"https:\\\/\\\/www.ivinio.com\\\/wp-content\\\/uploads\\\/2021\\\/01\\\/Logo-Ivinio-v2.jpg\",\"width\":1194,\"height\":1194,\"caption\":\"IVINIO\"},\"image\":{\"@id\":\"https:\\\/\\\/www.ivinio.com\\\/fr\\\/#\\\/schema\\\/logo\\\/image\\\/\"},\"sameAs\":[\"https:\\\/\\\/www.facebook.com\\\/groups\\\/165217837022391\\\/?ref=bookmarks\",\"https:\\\/\\\/www.instagram.com\\\/_ivinio_\\\/?hl=fr\"]}]}<\/script>\n<!-- \/ Yoast SEO plugin. -->","yoast_head_json":{"title":"Acheter Ollieux Romanis - Cuv\u00e9e Classique - Corbi\u00e8res - Rouge - IVINIO Caviste","description":"Acheter Ollieux Romanis - Cuv\u00e9e Classique - Corbi\u00e8res - Rouge. Un vin rouge \u00e9pic\u00e9 et puissant avec notes de caf\u00e9, cacao, m\u00fbre et cassis.","robots":{"index":"index","follow":"follow","max-snippet":"max-snippet:-1","max-image-preview":"max-image-preview:large","max-video-preview":"max-video-preview:-1"},"canonical":"https:\/\/www.ivinio.com\/fr\/produit\/ollieux-romanis-cuvee-classique-corbieres-rouge\/","og_locale":"fr_FR","og_type":"article","og_title":"Acheter Ollieux Romanis - Cuv\u00e9e Classique - Corbi\u00e8res - Rouge - IVINIO Caviste","og_description":"Acheter Ollieux Romanis - Cuv\u00e9e Classique - Corbi\u00e8res - Rouge. Un vin rouge \u00e9pic\u00e9 et puissant avec notes de caf\u00e9, cacao, m\u00fbre et cassis.","og_url":"https:\/\/www.ivinio.com\/fr\/produit\/ollieux-romanis-cuvee-classique-corbieres-rouge\/","og_site_name":"IVINIO Caviste","article_publisher":"https:\/\/www.facebook.com\/groups\/165217837022391\/?ref=bookmarks","article_modified_time":"2023-02-08T17:24:10+00:00","og_image":[{"width":500,"height":500,"url":"https:\/\/www.ivinio.com\/wp-content\/uploads\/nc\/public\/modules\/file\/pictures\/6569.ollieux-romanis-cuv-e-classique-ivinio.jpg","type":"image\/jpeg"}],"twitter_card":"summary_large_image","schema":{"@context":"https:\/\/schema.org","@graph":[{"@type":"WebPage","@id":"https:\/\/www.ivinio.com\/fr\/produit\/ollieux-romanis-cuvee-classique-corbieres-rouge\/","url":"https:\/\/www.ivinio.com\/fr\/produit\/ollieux-romanis-cuvee-classique-corbieres-rouge\/","name":"Acheter Ollieux Romanis - Cuv\u00e9e Classique - Corbi\u00e8res - Rouge - IVINIO Caviste","isPartOf":{"@id":"https:\/\/www.ivinio.com\/fr\/#website"},"primaryImageOfPage":{"@id":"https:\/\/www.ivinio.com\/fr\/produit\/ollieux-romanis-cuvee-classique-corbieres-rouge\/#primaryimage"},"image":{"@id":"https:\/\/www.ivinio.com\/fr\/produit\/ollieux-romanis-cuvee-classique-corbieres-rouge\/#primaryimage"},"thumbnailUrl":"https:\/\/www.ivinio.com\/wp-content\/uploads\/nc\/public\/modules\/file\/pictures\/6569.ollieux-romanis-cuv-e-classique-ivinio.jpg","datePublished":"2017-10-19T17:39:55+00:00","dateModified":"2023-02-08T17:24:10+00:00","description":"Acheter Ollieux Romanis - Cuv\u00e9e Classique - Corbi\u00e8res - Rouge. Un vin rouge \u00e9pic\u00e9 et puissant avec notes de caf\u00e9, cacao, m\u00fbre et cassis.","breadcrumb":{"@id":"https:\/\/www.ivinio.com\/fr\/produit\/ollieux-romanis-cuvee-classique-corbieres-rouge\/#breadcrumb"},"inLanguage":"fr-FR","potentialAction":[{"@type":"ReadAction","target":["https:\/\/www.ivinio.com\/fr\/produit\/ollieux-romanis-cuvee-classique-corbieres-rouge\/"]}]},{"@type":"ImageObject","inLanguage":"fr-FR","@id":"https:\/\/www.ivinio.com\/fr\/produit\/ollieux-romanis-cuvee-classique-corbieres-rouge\/#primaryimage","url":"https:\/\/www.ivinio.com\/wp-content\/uploads\/nc\/public\/modules\/file\/pictures\/6569.ollieux-romanis-cuv-e-classique-ivinio.jpg","contentUrl":"https:\/\/www.ivinio.com\/wp-content\/uploads\/nc\/public\/modules\/file\/pictures\/6569.ollieux-romanis-cuv-e-classique-ivinio.jpg","width":500,"height":500,"caption":"Ollieux Romanis - Cuv\u00e9e Classique - Corbi\u00e8res"},{"@type":"BreadcrumbList","@id":"https:\/\/www.ivinio.com\/fr\/produit\/ollieux-romanis-cuvee-classique-corbieres-rouge\/#breadcrumb","itemListElement":[{"@type":"ListItem","position":1,"name":"Home","item":"https:\/\/www.ivinio.com\/fr\/"},{"@type":"ListItem","position":2,"name":"Boutique de vin","item":"https:\/\/www.ivinio.com\/fr\/boutique-de-vin\/"},{"@type":"ListItem","position":3,"name":"Ollieux Romanis &#8211; Cuv\u00e9e Classique &#8211; Corbi\u00e8res &#8211; Rouge"}]},{"@type":"WebSite","@id":"https:\/\/www.ivinio.com\/fr\/#website","url":"https:\/\/www.ivinio.com\/fr\/","name":"IVINIO Caviste","description":"Vins de France et d&#039;Italie avec livraison \u00e0 domicile","publisher":{"@id":"https:\/\/www.ivinio.com\/fr\/#organization"},"potentialAction":[{"@type":"SearchAction","target":{"@type":"EntryPoint","urlTemplate":"https:\/\/www.ivinio.com\/fr\/?s={search_term_string}"},"query-input":{"@type":"PropertyValueSpecification","valueRequired":true,"valueName":"search_term_string"}}],"inLanguage":"fr-FR"},{"@type":"Organization","@id":"https:\/\/www.ivinio.com\/fr\/#organization","name":"IVINIO","url":"https:\/\/www.ivinio.com\/fr\/","logo":{"@type":"ImageObject","inLanguage":"fr-FR","@id":"https:\/\/www.ivinio.com\/fr\/#\/schema\/logo\/image\/","url":"https:\/\/www.ivinio.com\/wp-content\/uploads\/2021\/01\/Logo-Ivinio-v2.jpg","contentUrl":"https:\/\/www.ivinio.com\/wp-content\/uploads\/2021\/01\/Logo-Ivinio-v2.jpg","width":1194,"height":1194,"caption":"IVINIO"},"image":{"@id":"https:\/\/www.ivinio.com\/fr\/#\/schema\/logo\/image\/"},"sameAs":["https:\/\/www.facebook.com\/groups\/165217837022391\/?ref=bookmarks","https:\/\/www.instagram.com\/_ivinio_\/?hl=fr"]}]}},"jetpack_sharing_enabled":true,"_links":{"self":[{"href":"https:\/\/www.ivinio.com\/fr\/wp-json\/wp\/v2\/product\/120950","targetHints":{"allow":["GET"]}}],"collection":[{"href":"https:\/\/www.ivinio.com\/fr\/wp-json\/wp\/v2\/product"}],"about":[{"href":"https:\/\/www.ivinio.com\/fr\/wp-json\/wp\/v2\/types\/product"}],"replies":[{"embeddable":true,"href":"https:\/\/www.ivinio.com\/fr\/wp-json\/wp\/v2\/comments?post=120950"}],"wp:featuredmedia":[{"embeddable":true,"href":"https:\/\/www.ivinio.com\/fr\/wp-json\/wp\/v2\/media\/120953"}],"wp:attachment":[{"href":"https:\/\/www.ivinio.com\/fr\/wp-json\/wp\/v2\/media?parent=120950"}],"wp:term":[{"taxonomy":"product_brand","embeddable":true,"href":"https:\/\/www.ivinio.com\/fr\/wp-json\/wp\/v2\/product_brand?post=120950"},{"taxonomy":"product_cat","embeddable":true,"href":"https:\/\/www.ivinio.com\/fr\/wp-json\/wp\/v2\/product_cat?post=120950"},{"taxonomy":"product_tag","embeddable":true,"href":"https:\/\/www.ivinio.com\/fr\/wp-json\/wp\/v2\/product_tag?post=120950"}],"curies":[{"name":"wp","href":"https:\/\/api.w.org\/{rel}","templated":true}]}}