{"id":120943,"date":"2017-11-02T12:07:02","date_gmt":"2017-11-02T12:07:02","guid":{"rendered":"https:\/\/henrik.www.ivinio.com\/?product=la-celestiere-chateauneuf-du-pape-tradition-rouge"},"modified":"2026-01-20T18:47:26","modified_gmt":"2026-01-20T17:47:26","slug":"la-celestiere-chateauneuf-du-pape-tradition-rouge","status":"publish","type":"product","link":"https:\/\/www.ivinio.com\/fr\/produit\/la-celestiere-chateauneuf-du-pape-tradition-rouge\/","title":{"rendered":"La C\u00e9lesti\u00e8re &#8211; Ch\u00e2teauneuf-du-Pape &#8211; Tradition &#8211; Rouge"},"content":{"rendered":"<p>La tradition de la C\u00e9lesti\u00e8re est un Ch\u00e2teauneuf-du-Pape rouge compos\u00e9 \u00e0\u00a055% de Grenache, 15% de Cinsault, 15% de Syrah et 15% de Mourv\u00e8dre. Le vignoble est g\u00e9r\u00e9 bio sans engrais chimiques ni d\u00e9sherbages. Les classements sont recadr\u00e9s en forme de &#8220;Gobelet&#8221;. La r\u00e9colte se fait \u00e0 la main et les raisins sont transport\u00e9s dans de petits paniers puis tri\u00e9s sur une table de nettoyage. Les raisins sont r\u00e9colt\u00e9s dans les grappes (\u00e9grappage) et d\u00e9licatement press\u00e9s (foulage). La vinification est effectu\u00e9e selon la m\u00e9thode classique dans des cuves en acier \u00e0 temp\u00e9rature contr\u00f4l\u00e9e.<\/p>\n","protected":false},"excerpt":{"rendered":"<p>La tradition de La C\u00e9lesti\u00e8re est un Ch\u00e2teauneuf-du Pape rouge cultiv\u00e9 \u00e9cologiquement. Un vin rouge riche et puissant avec des notes de cerise et de r\u00e9glisse. Servir avec une oie r\u00f4tie, un canard ou des fromages affin\u00e9s.<\/p>\n","protected":false},"featured_media":130375,"comment_status":"open","ping_status":"closed","template":"","meta":{"_monsterinsights_skip_tracking":false,"_monsterinsights_sitenote_active":false,"_monsterinsights_sitenote_note":"","_monsterinsights_sitenote_category":0,"_uf_show_specific_survey":0,"_uf_disable_surveys":false},"product_brand":[],"product_cat":[36619,36586],"product_tag":[],"class_list":{"0":"post-120943","1":"product","2":"type-product","3":"status-publish","4":"has-post-thumbnail","6":"product_cat-fr-cotes-du-rhone","7":"product_cat-vins-francais","8":"pa_alcohol-degree-15-fr","9":"pa_awards-wine-enthusiast-fr","10":"pa_classification-aop-chateauneuf-du-pape-fr","11":"pa_color-rouge-fr","12":"pa_country-france-fr","13":"pa_grape-variety-cinsault-fr","14":"pa_grape-variety-grenache-fr","15":"pa_grape-variety-mourvedre-fr","16":"pa_grape-variety-syrah-fr","17":"pa_region-vallee-du-rhone-fr","18":"pa_storage-potential-plus-de-10-ans-fr","19":"pa_vintage-2022-fr","20":"pa_volume-75-cl-fr","22":"first","23":"instock","24":"taxable","25":"shipping-taxable","26":"purchasable","27":"product-type-simple"},"bundled_by":[],"bundle_stock_status":"instock","bundle_stock_quantity":null,"bundle_virtual":false,"bundle_layout":"","bundle_add_to_cart_form_location":"","bundle_editable_in_cart":false,"bundle_sold_individually_context":"","bundle_item_grouping":"","bundle_min_size":"","bundle_max_size":"","bundle_price":[],"bundled_items":[],"bundle_sell_ids":[],"yoast_head":"<!-- This site is optimized with the Yoast SEO plugin v27.5 - https:\/\/yoast.com\/product\/yoast-seo-wordpress\/ -->\n<title>Acheter La C\u00e9lesti\u00e8re - Ch\u00e2teauneuf-du-Pape - Tradition - Rouge - IVINIO Caviste<\/title>\n<meta name=\"description\" content=\"Acheter La C\u00e9lesti\u00e8re - Ch\u00e2teauneuf-du-Pape - Tradition - Rouge. Bio, riche et puissant, notes aromatiques de cerise, de r\u00e9glisse.\" \/>\n<meta name=\"robots\" content=\"index, follow, max-snippet:-1, max-image-preview:large, max-video-preview:-1\" \/>\n<link rel=\"canonical\" href=\"https:\/\/www.ivinio.com\/fr\/produit\/la-celestiere-chateauneuf-du-pape-tradition-rouge\/\" \/>\n<meta property=\"og:locale\" content=\"fr_FR\" \/>\n<meta property=\"og:type\" content=\"article\" \/>\n<meta property=\"og:title\" content=\"Acheter La C\u00e9lesti\u00e8re - Ch\u00e2teauneuf-du-Pape - Tradition - Rouge - IVINIO Caviste\" \/>\n<meta property=\"og:description\" content=\"Acheter La C\u00e9lesti\u00e8re - Ch\u00e2teauneuf-du-Pape - Tradition - Rouge. Bio, riche et puissant, notes aromatiques de cerise, de r\u00e9glisse.\" \/>\n<meta property=\"og:url\" content=\"https:\/\/www.ivinio.com\/fr\/produit\/la-celestiere-chateauneuf-du-pape-tradition-rouge\/\" \/>\n<meta property=\"og:site_name\" content=\"IVINIO Caviste\" \/>\n<meta property=\"article:publisher\" content=\"https:\/\/www.facebook.com\/groups\/165217837022391\/?ref=bookmarks\" \/>\n<meta property=\"article:modified_time\" content=\"2026-01-20T17:47:26+00:00\" \/>\n<meta property=\"og:image\" content=\"https:\/\/www.ivinio.com\/wp-content\/uploads\/nc\/public\/modules\/file\/pictures\/6565.La-C-lesti-re-Ch-teauneuf-du-Pape-Tradition-Ivinio.jpg\" \/>\n\t<meta property=\"og:image:width\" content=\"500\" \/>\n\t<meta property=\"og:image:height\" content=\"500\" \/>\n\t<meta property=\"og:image:type\" content=\"image\/jpeg\" \/>\n<meta name=\"twitter:card\" content=\"summary_large_image\" \/>\n<meta name=\"twitter:label1\" content=\"Dur\u00e9e de lecture estim\u00e9e\" \/>\n\t<meta name=\"twitter:data1\" content=\"1 minute\" \/>\n<script type=\"application\/ld+json\" class=\"yoast-schema-graph\">{\"@context\":\"https:\\\/\\\/schema.org\",\"@graph\":[{\"@type\":\"WebPage\",\"@id\":\"https:\\\/\\\/www.ivinio.com\\\/fr\\\/produit\\\/la-celestiere-chateauneuf-du-pape-tradition-rouge\\\/\",\"url\":\"https:\\\/\\\/www.ivinio.com\\\/fr\\\/produit\\\/la-celestiere-chateauneuf-du-pape-tradition-rouge\\\/\",\"name\":\"Acheter La C\u00e9lesti\u00e8re - Ch\u00e2teauneuf-du-Pape - Tradition - Rouge - IVINIO Caviste\",\"isPartOf\":{\"@id\":\"https:\\\/\\\/www.ivinio.com\\\/fr\\\/#website\"},\"primaryImageOfPage\":{\"@id\":\"https:\\\/\\\/www.ivinio.com\\\/fr\\\/produit\\\/la-celestiere-chateauneuf-du-pape-tradition-rouge\\\/#primaryimage\"},\"image\":{\"@id\":\"https:\\\/\\\/www.ivinio.com\\\/fr\\\/produit\\\/la-celestiere-chateauneuf-du-pape-tradition-rouge\\\/#primaryimage\"},\"thumbnailUrl\":\"https:\\\/\\\/www.ivinio.com\\\/wp-content\\\/uploads\\\/nc\\\/public\\\/modules\\\/file\\\/pictures\\\/6565.La-C-lesti-re-Ch-teauneuf-du-Pape-Tradition-Ivinio.jpg\",\"datePublished\":\"2017-11-02T12:07:02+00:00\",\"dateModified\":\"2026-01-20T17:47:26+00:00\",\"description\":\"Acheter La C\u00e9lesti\u00e8re - Ch\u00e2teauneuf-du-Pape - Tradition - Rouge. Bio, riche et puissant, notes aromatiques de cerise, de r\u00e9glisse.\",\"breadcrumb\":{\"@id\":\"https:\\\/\\\/www.ivinio.com\\\/fr\\\/produit\\\/la-celestiere-chateauneuf-du-pape-tradition-rouge\\\/#breadcrumb\"},\"inLanguage\":\"fr-FR\",\"potentialAction\":[{\"@type\":\"ReadAction\",\"target\":[\"https:\\\/\\\/www.ivinio.com\\\/fr\\\/produit\\\/la-celestiere-chateauneuf-du-pape-tradition-rouge\\\/\"]}]},{\"@type\":\"ImageObject\",\"inLanguage\":\"fr-FR\",\"@id\":\"https:\\\/\\\/www.ivinio.com\\\/fr\\\/produit\\\/la-celestiere-chateauneuf-du-pape-tradition-rouge\\\/#primaryimage\",\"url\":\"https:\\\/\\\/www.ivinio.com\\\/wp-content\\\/uploads\\\/nc\\\/public\\\/modules\\\/file\\\/pictures\\\/6565.La-C-lesti-re-Ch-teauneuf-du-Pape-Tradition-Ivinio.jpg\",\"contentUrl\":\"https:\\\/\\\/www.ivinio.com\\\/wp-content\\\/uploads\\\/nc\\\/public\\\/modules\\\/file\\\/pictures\\\/6565.La-C-lesti-re-Ch-teauneuf-du-Pape-Tradition-Ivinio.jpg\",\"width\":500,\"height\":500,\"caption\":\"La C\u00e9lesti\u00e8re - Ch\u00e2teauneuf-du-Pape - Tradition\"},{\"@type\":\"BreadcrumbList\",\"@id\":\"https:\\\/\\\/www.ivinio.com\\\/fr\\\/produit\\\/la-celestiere-chateauneuf-du-pape-tradition-rouge\\\/#breadcrumb\",\"itemListElement\":[{\"@type\":\"ListItem\",\"position\":1,\"name\":\"Home\",\"item\":\"https:\\\/\\\/www.ivinio.com\\\/fr\\\/\"},{\"@type\":\"ListItem\",\"position\":2,\"name\":\"Boutique de vin\",\"item\":\"https:\\\/\\\/www.ivinio.com\\\/fr\\\/boutique-de-vin\\\/\"},{\"@type\":\"ListItem\",\"position\":3,\"name\":\"La C\u00e9lesti\u00e8re &#8211; Ch\u00e2teauneuf-du-Pape &#8211; Tradition &#8211; Rouge\"}]},{\"@type\":\"WebSite\",\"@id\":\"https:\\\/\\\/www.ivinio.com\\\/fr\\\/#website\",\"url\":\"https:\\\/\\\/www.ivinio.com\\\/fr\\\/\",\"name\":\"IVINIO Caviste\",\"description\":\"Vins de France et d&#039;Italie avec livraison \u00e0 domicile\",\"publisher\":{\"@id\":\"https:\\\/\\\/www.ivinio.com\\\/fr\\\/#organization\"},\"potentialAction\":[{\"@type\":\"SearchAction\",\"target\":{\"@type\":\"EntryPoint\",\"urlTemplate\":\"https:\\\/\\\/www.ivinio.com\\\/fr\\\/?s={search_term_string}\"},\"query-input\":{\"@type\":\"PropertyValueSpecification\",\"valueRequired\":true,\"valueName\":\"search_term_string\"}}],\"inLanguage\":\"fr-FR\"},{\"@type\":\"Organization\",\"@id\":\"https:\\\/\\\/www.ivinio.com\\\/fr\\\/#organization\",\"name\":\"IVINIO\",\"url\":\"https:\\\/\\\/www.ivinio.com\\\/fr\\\/\",\"logo\":{\"@type\":\"ImageObject\",\"inLanguage\":\"fr-FR\",\"@id\":\"https:\\\/\\\/www.ivinio.com\\\/fr\\\/#\\\/schema\\\/logo\\\/image\\\/\",\"url\":\"https:\\\/\\\/www.ivinio.com\\\/wp-content\\\/uploads\\\/2021\\\/01\\\/Logo-Ivinio-v2.jpg\",\"contentUrl\":\"https:\\\/\\\/www.ivinio.com\\\/wp-content\\\/uploads\\\/2021\\\/01\\\/Logo-Ivinio-v2.jpg\",\"width\":1194,\"height\":1194,\"caption\":\"IVINIO\"},\"image\":{\"@id\":\"https:\\\/\\\/www.ivinio.com\\\/fr\\\/#\\\/schema\\\/logo\\\/image\\\/\"},\"sameAs\":[\"https:\\\/\\\/www.facebook.com\\\/groups\\\/165217837022391\\\/?ref=bookmarks\",\"https:\\\/\\\/www.instagram.com\\\/_ivinio_\\\/?hl=fr\"]}]}<\/script>\n<!-- \/ Yoast SEO plugin. -->","yoast_head_json":{"title":"Acheter La C\u00e9lesti\u00e8re - Ch\u00e2teauneuf-du-Pape - Tradition - Rouge - IVINIO Caviste","description":"Acheter La C\u00e9lesti\u00e8re - Ch\u00e2teauneuf-du-Pape - Tradition - Rouge. Bio, riche et puissant, notes aromatiques de cerise, de r\u00e9glisse.","robots":{"index":"index","follow":"follow","max-snippet":"max-snippet:-1","max-image-preview":"max-image-preview:large","max-video-preview":"max-video-preview:-1"},"canonical":"https:\/\/www.ivinio.com\/fr\/produit\/la-celestiere-chateauneuf-du-pape-tradition-rouge\/","og_locale":"fr_FR","og_type":"article","og_title":"Acheter La C\u00e9lesti\u00e8re - Ch\u00e2teauneuf-du-Pape - Tradition - Rouge - IVINIO Caviste","og_description":"Acheter La C\u00e9lesti\u00e8re - Ch\u00e2teauneuf-du-Pape - Tradition - Rouge. Bio, riche et puissant, notes aromatiques de cerise, de r\u00e9glisse.","og_url":"https:\/\/www.ivinio.com\/fr\/produit\/la-celestiere-chateauneuf-du-pape-tradition-rouge\/","og_site_name":"IVINIO Caviste","article_publisher":"https:\/\/www.facebook.com\/groups\/165217837022391\/?ref=bookmarks","article_modified_time":"2026-01-20T17:47:26+00:00","og_image":[{"width":500,"height":500,"url":"https:\/\/www.ivinio.com\/wp-content\/uploads\/nc\/public\/modules\/file\/pictures\/6565.La-C-lesti-re-Ch-teauneuf-du-Pape-Tradition-Ivinio.jpg","type":"image\/jpeg"}],"twitter_card":"summary_large_image","twitter_misc":{"Dur\u00e9e de lecture estim\u00e9e":"1 minute"},"schema":{"@context":"https:\/\/schema.org","@graph":[{"@type":"WebPage","@id":"https:\/\/www.ivinio.com\/fr\/produit\/la-celestiere-chateauneuf-du-pape-tradition-rouge\/","url":"https:\/\/www.ivinio.com\/fr\/produit\/la-celestiere-chateauneuf-du-pape-tradition-rouge\/","name":"Acheter La C\u00e9lesti\u00e8re - Ch\u00e2teauneuf-du-Pape - Tradition - Rouge - IVINIO Caviste","isPartOf":{"@id":"https:\/\/www.ivinio.com\/fr\/#website"},"primaryImageOfPage":{"@id":"https:\/\/www.ivinio.com\/fr\/produit\/la-celestiere-chateauneuf-du-pape-tradition-rouge\/#primaryimage"},"image":{"@id":"https:\/\/www.ivinio.com\/fr\/produit\/la-celestiere-chateauneuf-du-pape-tradition-rouge\/#primaryimage"},"thumbnailUrl":"https:\/\/www.ivinio.com\/wp-content\/uploads\/nc\/public\/modules\/file\/pictures\/6565.La-C-lesti-re-Ch-teauneuf-du-Pape-Tradition-Ivinio.jpg","datePublished":"2017-11-02T12:07:02+00:00","dateModified":"2026-01-20T17:47:26+00:00","description":"Acheter La C\u00e9lesti\u00e8re - Ch\u00e2teauneuf-du-Pape - Tradition - Rouge. Bio, riche et puissant, notes aromatiques de cerise, de r\u00e9glisse.","breadcrumb":{"@id":"https:\/\/www.ivinio.com\/fr\/produit\/la-celestiere-chateauneuf-du-pape-tradition-rouge\/#breadcrumb"},"inLanguage":"fr-FR","potentialAction":[{"@type":"ReadAction","target":["https:\/\/www.ivinio.com\/fr\/produit\/la-celestiere-chateauneuf-du-pape-tradition-rouge\/"]}]},{"@type":"ImageObject","inLanguage":"fr-FR","@id":"https:\/\/www.ivinio.com\/fr\/produit\/la-celestiere-chateauneuf-du-pape-tradition-rouge\/#primaryimage","url":"https:\/\/www.ivinio.com\/wp-content\/uploads\/nc\/public\/modules\/file\/pictures\/6565.La-C-lesti-re-Ch-teauneuf-du-Pape-Tradition-Ivinio.jpg","contentUrl":"https:\/\/www.ivinio.com\/wp-content\/uploads\/nc\/public\/modules\/file\/pictures\/6565.La-C-lesti-re-Ch-teauneuf-du-Pape-Tradition-Ivinio.jpg","width":500,"height":500,"caption":"La C\u00e9lesti\u00e8re - Ch\u00e2teauneuf-du-Pape - Tradition"},{"@type":"BreadcrumbList","@id":"https:\/\/www.ivinio.com\/fr\/produit\/la-celestiere-chateauneuf-du-pape-tradition-rouge\/#breadcrumb","itemListElement":[{"@type":"ListItem","position":1,"name":"Home","item":"https:\/\/www.ivinio.com\/fr\/"},{"@type":"ListItem","position":2,"name":"Boutique de vin","item":"https:\/\/www.ivinio.com\/fr\/boutique-de-vin\/"},{"@type":"ListItem","position":3,"name":"La C\u00e9lesti\u00e8re &#8211; Ch\u00e2teauneuf-du-Pape &#8211; Tradition &#8211; Rouge"}]},{"@type":"WebSite","@id":"https:\/\/www.ivinio.com\/fr\/#website","url":"https:\/\/www.ivinio.com\/fr\/","name":"IVINIO Caviste","description":"Vins de France et d&#039;Italie avec livraison \u00e0 domicile","publisher":{"@id":"https:\/\/www.ivinio.com\/fr\/#organization"},"potentialAction":[{"@type":"SearchAction","target":{"@type":"EntryPoint","urlTemplate":"https:\/\/www.ivinio.com\/fr\/?s={search_term_string}"},"query-input":{"@type":"PropertyValueSpecification","valueRequired":true,"valueName":"search_term_string"}}],"inLanguage":"fr-FR"},{"@type":"Organization","@id":"https:\/\/www.ivinio.com\/fr\/#organization","name":"IVINIO","url":"https:\/\/www.ivinio.com\/fr\/","logo":{"@type":"ImageObject","inLanguage":"fr-FR","@id":"https:\/\/www.ivinio.com\/fr\/#\/schema\/logo\/image\/","url":"https:\/\/www.ivinio.com\/wp-content\/uploads\/2021\/01\/Logo-Ivinio-v2.jpg","contentUrl":"https:\/\/www.ivinio.com\/wp-content\/uploads\/2021\/01\/Logo-Ivinio-v2.jpg","width":1194,"height":1194,"caption":"IVINIO"},"image":{"@id":"https:\/\/www.ivinio.com\/fr\/#\/schema\/logo\/image\/"},"sameAs":["https:\/\/www.facebook.com\/groups\/165217837022391\/?ref=bookmarks","https:\/\/www.instagram.com\/_ivinio_\/?hl=fr"]}]}},"jetpack_sharing_enabled":true,"_links":{"self":[{"href":"https:\/\/www.ivinio.com\/fr\/wp-json\/wp\/v2\/product\/120943","targetHints":{"allow":["GET"]}}],"collection":[{"href":"https:\/\/www.ivinio.com\/fr\/wp-json\/wp\/v2\/product"}],"about":[{"href":"https:\/\/www.ivinio.com\/fr\/wp-json\/wp\/v2\/types\/product"}],"replies":[{"embeddable":true,"href":"https:\/\/www.ivinio.com\/fr\/wp-json\/wp\/v2\/comments?post=120943"}],"wp:featuredmedia":[{"embeddable":true,"href":"https:\/\/www.ivinio.com\/fr\/wp-json\/wp\/v2\/media\/130375"}],"wp:attachment":[{"href":"https:\/\/www.ivinio.com\/fr\/wp-json\/wp\/v2\/media?parent=120943"}],"wp:term":[{"taxonomy":"product_brand","embeddable":true,"href":"https:\/\/www.ivinio.com\/fr\/wp-json\/wp\/v2\/product_brand?post=120943"},{"taxonomy":"product_cat","embeddable":true,"href":"https:\/\/www.ivinio.com\/fr\/wp-json\/wp\/v2\/product_cat?post=120943"},{"taxonomy":"product_tag","embeddable":true,"href":"https:\/\/www.ivinio.com\/fr\/wp-json\/wp\/v2\/product_tag?post=120943"}],"curies":[{"name":"wp","href":"https:\/\/api.w.org\/{rel}","templated":true}]}}