{"id":120896,"date":"2017-10-19T17:39:55","date_gmt":"2017-10-19T17:39:55","guid":{"rendered":"https:\/\/henrik.www.ivinio.com\/?product=ollieux-romanis-atal-sia-rouge"},"modified":"2022-03-17T05:21:08","modified_gmt":"2022-03-17T04:21:08","slug":"ollieux-romanis-atal-sia-rouge","status":"publish","type":"product","link":"https:\/\/www.ivinio.com\/fr\/produit\/ollieux-romanis-atal-sia-rouge\/","title":{"rendered":"Ollieux Romanis &#8211; Atal Sia &#8211; Rouge"},"content":{"rendered":"<p>Atal Sia veut dire\u00a0&#8220;ainsi soit-il&#8221; en\u00a0vieux <a href=\"https:\/\/www.ivinio.com\/fr\/categorie-produit\/vins-francais\/fr-languedoc\/\">languedocien<\/a>. Le vin est compos\u00e9 de\u00a045% de Carignan 30% de Grenache 20% de Mourv\u00e8dre et 5% de Syrah. Les vignes sont cultiv\u00e9s dans du poudingue sur gr\u00e8s, un sol rouge typiquement <a href=\"https:\/\/fr.wikipedia.org\/wiki\/Mer_M%C3%A9diterran%C3%A9e\">m\u00e9diterran\u00e9en<\/a>. Les\u00a0vendanges sont r\u00e9alis\u00e9es manuellement. La fermentation se fait ensuite avec des raisins entiers o\u00f9 les 3 c\u00e9pages les plus importants sont assembl\u00e9s d\u00e8s le d\u00e9but. Le vin finalis\u00e9\u00a0est elev\u00e9 en bouteille pendant 1 an.<\/p>\n","protected":false},"excerpt":{"rendered":"<p>Ollieux romanis-Atal-sia-Corbi\u00e8res-Boutenac est un vin rouge du Languedoc merveilleusement \u00e9pic\u00e9 et puissant. Avec livraison \u00e0 domicile. est un magnifique vin rouge, \u00e9pic\u00e9 et puissant, avec des notes de moka, de cacao, de m\u00fbre et de cassis. Beaucoup de fra\u00eecheur qui permettra des combinaisons de saveurs non conventionnelles!<\/p>\n","protected":false},"featured_media":120899,"comment_status":"open","ping_status":"closed","template":"","meta":{"_monsterinsights_skip_tracking":false,"_monsterinsights_sitenote_active":false,"_monsterinsights_sitenote_note":"","_monsterinsights_sitenote_category":0,"_uf_show_specific_survey":0,"_uf_disable_surveys":false},"product_brand":[],"product_cat":[36627,36588],"product_tag":[],"class_list":{"0":"post-120896","1":"product","2":"type-product","3":"status-publish","4":"has-post-thumbnail","6":"product_cat-sv-languedoc","7":"product_cat-franska-viner","8":"pa_alcohol-degree-14-5-sv","9":"pa_awards-bettanedesseauve-sv","10":"pa_awards-la-revue-du-vin-de-france-sv","11":"pa_classification-aop-corbieres-boutenac-sv","12":"pa_color-rod-sv","13":"pa_country-frankrike-sv","14":"pa_grape-variety-carignan-sv","15":"pa_grape-variety-grenache-sv","16":"pa_grape-variety-mourvedre-sv","17":"pa_grape-variety-syrah-sv","18":"pa_region-languedoc-sv","19":"pa_storage-potential-10-ar-sv","20":"pa_vintage-2018-sv","21":"pa_volume-75-cl-sv","23":"first","24":"instock","25":"taxable","26":"shipping-taxable","27":"purchasable","28":"product-type-simple"},"bundled_by":[],"bundle_stock_status":"instock","bundle_stock_quantity":null,"bundle_virtual":false,"bundle_layout":"","bundle_add_to_cart_form_location":"","bundle_editable_in_cart":false,"bundle_sold_individually_context":"","bundle_item_grouping":"","bundle_min_size":"","bundle_max_size":"","bundle_price":[],"bundled_items":[],"bundle_sell_ids":[],"yoast_head":"<!-- This site is optimized with the Yoast SEO plugin v27.5 - https:\/\/yoast.com\/product\/yoast-seo-wordpress\/ -->\n<title>Acheter Ollieux romanis - Atal Sia - Corbi\u00e8res-Boutenac<\/title>\n<meta name=\"description\" content=\"Ollieux romanis-Atal-sia-Corbi\u00e8res-Boutenac est un vin rouge du Languedoc merveilleusement \u00e9pic\u00e9 et puissant. Avec livraison \u00e0 domicile.\" \/>\n<meta name=\"robots\" content=\"index, follow, max-snippet:-1, max-image-preview:large, max-video-preview:-1\" \/>\n<link rel=\"canonical\" href=\"https:\/\/www.ivinio.com\/fr\/produit\/ollieux-romanis-atal-sia-rouge\/\" \/>\n<meta property=\"og:locale\" content=\"fr_FR\" \/>\n<meta property=\"og:type\" content=\"article\" \/>\n<meta property=\"og:title\" content=\"Acheter Ollieux romanis - Atal Sia - Corbi\u00e8res-Boutenac\" \/>\n<meta property=\"og:description\" content=\"Ollieux romanis-Atal-sia-Corbi\u00e8res-Boutenac est un vin rouge du Languedoc merveilleusement \u00e9pic\u00e9 et puissant. Avec livraison \u00e0 domicile.\" \/>\n<meta property=\"og:url\" content=\"https:\/\/www.ivinio.com\/fr\/produit\/ollieux-romanis-atal-sia-rouge\/\" \/>\n<meta property=\"og:site_name\" content=\"IVINIO Caviste\" \/>\n<meta property=\"article:publisher\" content=\"https:\/\/www.facebook.com\/groups\/165217837022391\/?ref=bookmarks\" \/>\n<meta property=\"article:modified_time\" content=\"2022-03-17T04:21:08+00:00\" \/>\n<meta property=\"og:image\" content=\"https:\/\/www.ivinio.com\/wp-content\/uploads\/nc\/public\/modules\/file\/pictures\/6537.ollieux-romanis-atal-sia-ivinio.jpg\" \/>\n\t<meta property=\"og:image:width\" content=\"500\" \/>\n\t<meta property=\"og:image:height\" content=\"500\" \/>\n\t<meta property=\"og:image:type\" content=\"image\/jpeg\" \/>\n<meta name=\"twitter:card\" content=\"summary_large_image\" \/>\n<meta name=\"twitter:label1\" content=\"Dur\u00e9e de lecture estim\u00e9e\" \/>\n\t<meta name=\"twitter:data1\" content=\"1 minute\" \/>\n<script type=\"application\/ld+json\" class=\"yoast-schema-graph\">{\"@context\":\"https:\\\/\\\/schema.org\",\"@graph\":[{\"@type\":\"WebPage\",\"@id\":\"https:\\\/\\\/www.ivinio.com\\\/fr\\\/produit\\\/ollieux-romanis-atal-sia-rouge\\\/\",\"url\":\"https:\\\/\\\/www.ivinio.com\\\/fr\\\/produit\\\/ollieux-romanis-atal-sia-rouge\\\/\",\"name\":\"Acheter Ollieux romanis - Atal Sia - Corbi\u00e8res-Boutenac\",\"isPartOf\":{\"@id\":\"https:\\\/\\\/www.ivinio.com\\\/fr\\\/#website\"},\"primaryImageOfPage\":{\"@id\":\"https:\\\/\\\/www.ivinio.com\\\/fr\\\/produit\\\/ollieux-romanis-atal-sia-rouge\\\/#primaryimage\"},\"image\":{\"@id\":\"https:\\\/\\\/www.ivinio.com\\\/fr\\\/produit\\\/ollieux-romanis-atal-sia-rouge\\\/#primaryimage\"},\"thumbnailUrl\":\"https:\\\/\\\/www.ivinio.com\\\/wp-content\\\/uploads\\\/nc\\\/public\\\/modules\\\/file\\\/pictures\\\/6537.ollieux-romanis-atal-sia-ivinio.jpg\",\"datePublished\":\"2017-10-19T17:39:55+00:00\",\"dateModified\":\"2022-03-17T04:21:08+00:00\",\"description\":\"Ollieux romanis-Atal-sia-Corbi\u00e8res-Boutenac est un vin rouge du Languedoc merveilleusement \u00e9pic\u00e9 et puissant. Avec livraison \u00e0 domicile.\",\"breadcrumb\":{\"@id\":\"https:\\\/\\\/www.ivinio.com\\\/fr\\\/produit\\\/ollieux-romanis-atal-sia-rouge\\\/#breadcrumb\"},\"inLanguage\":\"fr-FR\",\"potentialAction\":[{\"@type\":\"ReadAction\",\"target\":[\"https:\\\/\\\/www.ivinio.com\\\/fr\\\/produit\\\/ollieux-romanis-atal-sia-rouge\\\/\"]}]},{\"@type\":\"ImageObject\",\"inLanguage\":\"fr-FR\",\"@id\":\"https:\\\/\\\/www.ivinio.com\\\/fr\\\/produit\\\/ollieux-romanis-atal-sia-rouge\\\/#primaryimage\",\"url\":\"https:\\\/\\\/www.ivinio.com\\\/wp-content\\\/uploads\\\/nc\\\/public\\\/modules\\\/file\\\/pictures\\\/6537.ollieux-romanis-atal-sia-ivinio.jpg\",\"contentUrl\":\"https:\\\/\\\/www.ivinio.com\\\/wp-content\\\/uploads\\\/nc\\\/public\\\/modules\\\/file\\\/pictures\\\/6537.ollieux-romanis-atal-sia-ivinio.jpg\",\"width\":500,\"height\":500,\"caption\":\"Ollieux romanis-Atal-sia-Corbieres-Boutenac\"},{\"@type\":\"BreadcrumbList\",\"@id\":\"https:\\\/\\\/www.ivinio.com\\\/fr\\\/produit\\\/ollieux-romanis-atal-sia-rouge\\\/#breadcrumb\",\"itemListElement\":[{\"@type\":\"ListItem\",\"position\":1,\"name\":\"Home\",\"item\":\"https:\\\/\\\/www.ivinio.com\\\/fr\\\/\"},{\"@type\":\"ListItem\",\"position\":2,\"name\":\"Boutique de vin\",\"item\":\"https:\\\/\\\/www.ivinio.com\\\/fr\\\/boutique-de-vin\\\/\"},{\"@type\":\"ListItem\",\"position\":3,\"name\":\"Ollieux Romanis &#8211; Atal Sia &#8211; Rouge\"}]},{\"@type\":\"WebSite\",\"@id\":\"https:\\\/\\\/www.ivinio.com\\\/fr\\\/#website\",\"url\":\"https:\\\/\\\/www.ivinio.com\\\/fr\\\/\",\"name\":\"IVINIO Caviste\",\"description\":\"Vins de France et d&#039;Italie avec livraison \u00e0 domicile\",\"publisher\":{\"@id\":\"https:\\\/\\\/www.ivinio.com\\\/fr\\\/#organization\"},\"potentialAction\":[{\"@type\":\"SearchAction\",\"target\":{\"@type\":\"EntryPoint\",\"urlTemplate\":\"https:\\\/\\\/www.ivinio.com\\\/fr\\\/?s={search_term_string}\"},\"query-input\":{\"@type\":\"PropertyValueSpecification\",\"valueRequired\":true,\"valueName\":\"search_term_string\"}}],\"inLanguage\":\"fr-FR\"},{\"@type\":\"Organization\",\"@id\":\"https:\\\/\\\/www.ivinio.com\\\/fr\\\/#organization\",\"name\":\"IVINIO\",\"url\":\"https:\\\/\\\/www.ivinio.com\\\/fr\\\/\",\"logo\":{\"@type\":\"ImageObject\",\"inLanguage\":\"fr-FR\",\"@id\":\"https:\\\/\\\/www.ivinio.com\\\/fr\\\/#\\\/schema\\\/logo\\\/image\\\/\",\"url\":\"https:\\\/\\\/www.ivinio.com\\\/wp-content\\\/uploads\\\/2021\\\/01\\\/Logo-Ivinio-v2.jpg\",\"contentUrl\":\"https:\\\/\\\/www.ivinio.com\\\/wp-content\\\/uploads\\\/2021\\\/01\\\/Logo-Ivinio-v2.jpg\",\"width\":1194,\"height\":1194,\"caption\":\"IVINIO\"},\"image\":{\"@id\":\"https:\\\/\\\/www.ivinio.com\\\/fr\\\/#\\\/schema\\\/logo\\\/image\\\/\"},\"sameAs\":[\"https:\\\/\\\/www.facebook.com\\\/groups\\\/165217837022391\\\/?ref=bookmarks\",\"https:\\\/\\\/www.instagram.com\\\/_ivinio_\\\/?hl=fr\"]}]}<\/script>\n<!-- \/ Yoast SEO plugin. -->","yoast_head_json":{"title":"Acheter Ollieux romanis - Atal Sia - Corbi\u00e8res-Boutenac","description":"Ollieux romanis-Atal-sia-Corbi\u00e8res-Boutenac est un vin rouge du Languedoc merveilleusement \u00e9pic\u00e9 et puissant. Avec livraison \u00e0 domicile.","robots":{"index":"index","follow":"follow","max-snippet":"max-snippet:-1","max-image-preview":"max-image-preview:large","max-video-preview":"max-video-preview:-1"},"canonical":"https:\/\/www.ivinio.com\/fr\/produit\/ollieux-romanis-atal-sia-rouge\/","og_locale":"fr_FR","og_type":"article","og_title":"Acheter Ollieux romanis - Atal Sia - Corbi\u00e8res-Boutenac","og_description":"Ollieux romanis-Atal-sia-Corbi\u00e8res-Boutenac est un vin rouge du Languedoc merveilleusement \u00e9pic\u00e9 et puissant. Avec livraison \u00e0 domicile.","og_url":"https:\/\/www.ivinio.com\/fr\/produit\/ollieux-romanis-atal-sia-rouge\/","og_site_name":"IVINIO Caviste","article_publisher":"https:\/\/www.facebook.com\/groups\/165217837022391\/?ref=bookmarks","article_modified_time":"2022-03-17T04:21:08+00:00","og_image":[{"width":500,"height":500,"url":"https:\/\/www.ivinio.com\/wp-content\/uploads\/nc\/public\/modules\/file\/pictures\/6537.ollieux-romanis-atal-sia-ivinio.jpg","type":"image\/jpeg"}],"twitter_card":"summary_large_image","twitter_misc":{"Dur\u00e9e de lecture estim\u00e9e":"1 minute"},"schema":{"@context":"https:\/\/schema.org","@graph":[{"@type":"WebPage","@id":"https:\/\/www.ivinio.com\/fr\/produit\/ollieux-romanis-atal-sia-rouge\/","url":"https:\/\/www.ivinio.com\/fr\/produit\/ollieux-romanis-atal-sia-rouge\/","name":"Acheter Ollieux romanis - Atal Sia - Corbi\u00e8res-Boutenac","isPartOf":{"@id":"https:\/\/www.ivinio.com\/fr\/#website"},"primaryImageOfPage":{"@id":"https:\/\/www.ivinio.com\/fr\/produit\/ollieux-romanis-atal-sia-rouge\/#primaryimage"},"image":{"@id":"https:\/\/www.ivinio.com\/fr\/produit\/ollieux-romanis-atal-sia-rouge\/#primaryimage"},"thumbnailUrl":"https:\/\/www.ivinio.com\/wp-content\/uploads\/nc\/public\/modules\/file\/pictures\/6537.ollieux-romanis-atal-sia-ivinio.jpg","datePublished":"2017-10-19T17:39:55+00:00","dateModified":"2022-03-17T04:21:08+00:00","description":"Ollieux romanis-Atal-sia-Corbi\u00e8res-Boutenac est un vin rouge du Languedoc merveilleusement \u00e9pic\u00e9 et puissant. Avec livraison \u00e0 domicile.","breadcrumb":{"@id":"https:\/\/www.ivinio.com\/fr\/produit\/ollieux-romanis-atal-sia-rouge\/#breadcrumb"},"inLanguage":"fr-FR","potentialAction":[{"@type":"ReadAction","target":["https:\/\/www.ivinio.com\/fr\/produit\/ollieux-romanis-atal-sia-rouge\/"]}]},{"@type":"ImageObject","inLanguage":"fr-FR","@id":"https:\/\/www.ivinio.com\/fr\/produit\/ollieux-romanis-atal-sia-rouge\/#primaryimage","url":"https:\/\/www.ivinio.com\/wp-content\/uploads\/nc\/public\/modules\/file\/pictures\/6537.ollieux-romanis-atal-sia-ivinio.jpg","contentUrl":"https:\/\/www.ivinio.com\/wp-content\/uploads\/nc\/public\/modules\/file\/pictures\/6537.ollieux-romanis-atal-sia-ivinio.jpg","width":500,"height":500,"caption":"Ollieux romanis-Atal-sia-Corbieres-Boutenac"},{"@type":"BreadcrumbList","@id":"https:\/\/www.ivinio.com\/fr\/produit\/ollieux-romanis-atal-sia-rouge\/#breadcrumb","itemListElement":[{"@type":"ListItem","position":1,"name":"Home","item":"https:\/\/www.ivinio.com\/fr\/"},{"@type":"ListItem","position":2,"name":"Boutique de vin","item":"https:\/\/www.ivinio.com\/fr\/boutique-de-vin\/"},{"@type":"ListItem","position":3,"name":"Ollieux Romanis &#8211; Atal Sia &#8211; Rouge"}]},{"@type":"WebSite","@id":"https:\/\/www.ivinio.com\/fr\/#website","url":"https:\/\/www.ivinio.com\/fr\/","name":"IVINIO Caviste","description":"Vins de France et d&#039;Italie avec livraison \u00e0 domicile","publisher":{"@id":"https:\/\/www.ivinio.com\/fr\/#organization"},"potentialAction":[{"@type":"SearchAction","target":{"@type":"EntryPoint","urlTemplate":"https:\/\/www.ivinio.com\/fr\/?s={search_term_string}"},"query-input":{"@type":"PropertyValueSpecification","valueRequired":true,"valueName":"search_term_string"}}],"inLanguage":"fr-FR"},{"@type":"Organization","@id":"https:\/\/www.ivinio.com\/fr\/#organization","name":"IVINIO","url":"https:\/\/www.ivinio.com\/fr\/","logo":{"@type":"ImageObject","inLanguage":"fr-FR","@id":"https:\/\/www.ivinio.com\/fr\/#\/schema\/logo\/image\/","url":"https:\/\/www.ivinio.com\/wp-content\/uploads\/2021\/01\/Logo-Ivinio-v2.jpg","contentUrl":"https:\/\/www.ivinio.com\/wp-content\/uploads\/2021\/01\/Logo-Ivinio-v2.jpg","width":1194,"height":1194,"caption":"IVINIO"},"image":{"@id":"https:\/\/www.ivinio.com\/fr\/#\/schema\/logo\/image\/"},"sameAs":["https:\/\/www.facebook.com\/groups\/165217837022391\/?ref=bookmarks","https:\/\/www.instagram.com\/_ivinio_\/?hl=fr"]}]}},"jetpack_sharing_enabled":true,"_links":{"self":[{"href":"https:\/\/www.ivinio.com\/fr\/wp-json\/wp\/v2\/product\/120896","targetHints":{"allow":["GET"]}}],"collection":[{"href":"https:\/\/www.ivinio.com\/fr\/wp-json\/wp\/v2\/product"}],"about":[{"href":"https:\/\/www.ivinio.com\/fr\/wp-json\/wp\/v2\/types\/product"}],"replies":[{"embeddable":true,"href":"https:\/\/www.ivinio.com\/fr\/wp-json\/wp\/v2\/comments?post=120896"}],"wp:featuredmedia":[{"embeddable":true,"href":"https:\/\/www.ivinio.com\/fr\/wp-json\/wp\/v2\/media\/120899"}],"wp:attachment":[{"href":"https:\/\/www.ivinio.com\/fr\/wp-json\/wp\/v2\/media?parent=120896"}],"wp:term":[{"taxonomy":"product_brand","embeddable":true,"href":"https:\/\/www.ivinio.com\/fr\/wp-json\/wp\/v2\/product_brand?post=120896"},{"taxonomy":"product_cat","embeddable":true,"href":"https:\/\/www.ivinio.com\/fr\/wp-json\/wp\/v2\/product_cat?post=120896"},{"taxonomy":"product_tag","embeddable":true,"href":"https:\/\/www.ivinio.com\/fr\/wp-json\/wp\/v2\/product_tag?post=120896"}],"curies":[{"name":"wp","href":"https:\/\/api.w.org\/{rel}","templated":true}]}}