{"id":120832,"date":"2015-09-04T13:55:49","date_gmt":"2015-09-04T13:55:49","guid":{"rendered":"https:\/\/henrik.www.ivinio.com\/?product=pommery-brut-silver-royal"},"modified":"2022-03-13T10:00:33","modified_gmt":"2022-03-13T09:00:33","slug":"pommery-brut-silver-royal","status":"publish","type":"product","link":"https:\/\/www.ivinio.com\/fr\/produit\/pommery-brut-silver-royal\/","title":{"rendered":"Pommery &#8211; Brut Silver Royal"},"content":{"rendered":"<p>Le Brut Silver Royal de Pommery est compos&eacute; des 3 principales vari&eacute;t&eacute;s de c&eacute;pages de Champagne; 42% de Chardonnay, 35% de Pinot Noir et 23% de Pinot Meunier. Un dosage&nbsp;relativement faible &#8211; 9g \/ L. Le vin a &eacute;t&eacute; stock&eacute; pendant au moins 36 mois avant d&#39;&ecirc;tre mis en vente.<\/p>\n","protected":false},"excerpt":{"rendered":"<p>Pommery Brut Silver Royal est un champagne frais aux &eacute;l&eacute;ments aromatiques d&#39;agrumes (pamplemousse) et au palais de fruits confits, de vanille, de tabac blond et de p&acirc;tisserie. Un d&eacute;licieux champagne fait &agrave; partir des 3 grands c&eacute;pages &agrave; servir en ap&eacute;ritif ou sur un&nbsp;buffet.<\/p>\n","protected":false},"featured_media":120835,"comment_status":"open","ping_status":"closed","template":"","meta":{"_monsterinsights_skip_tracking":false,"_monsterinsights_sitenote_active":false,"_monsterinsights_sitenote_note":"","_monsterinsights_sitenote_category":0,"_uf_show_specific_survey":0,"_uf_disable_surveys":false},"product_brand":[],"product_cat":[36613,36586],"product_tag":[],"class_list":{"0":"post-120832","1":"product","2":"type-product","3":"status-publish","4":"has-post-thumbnail","6":"product_cat-fr-champagne","7":"product_cat-vins-francais","8":"pa_alcohol-degree-40057","9":"pa_awards-falstaff-fr","10":"pa_awards-gault-et-millau-vins-fr","11":"pa_classification-aop-champagne-fr","12":"pa_color-mousseux-fr","13":"pa_country-france-fr","14":"pa_grape-variety-chardonnay-fr","15":"pa_grape-variety-pinot-meunier-fr","16":"pa_grape-variety-pinot-noir-fr","17":"pa_package-1x1-fr","18":"pa_package-1x6-fr","19":"pa_region-champagne-fr","20":"pa_storage-potential-3-ans-fr","21":"pa_volume-75-cl-fr","23":"first","24":"instock","25":"taxable","26":"shipping-taxable","27":"purchasable","28":"product-type-variable"},"bundled_by":["120866","121064"],"bundle_stock_status":"instock","bundle_stock_quantity":null,"bundle_virtual":false,"bundle_layout":"","bundle_add_to_cart_form_location":"","bundle_editable_in_cart":false,"bundle_sold_individually_context":"","bundle_item_grouping":"","bundle_min_size":"","bundle_max_size":"","bundle_price":[],"bundled_items":[],"bundle_sell_ids":[],"yoast_head":"<!-- This site is optimized with the Yoast SEO plugin v27.4 - https:\/\/yoast.com\/product\/yoast-seo-wordpress\/ -->\n<title>acheter du champagne en ligne - Champagne boutique en ligne Ivinio.com<\/title>\n<meta name=\"description\" content=\"Pommery Brut Silver Royal est un champagne frais aux \u00e9l\u00e9ments cr\u00e9meux aromatiques d&#039;agrumes (pamplemousse) et au go\u00fbt de fruits confits, de vanille, de tabac blond et de p\u00e2tisserie. Un d\u00e9licieux champagne fabriqu\u00e9 \u00e0 partir des 3 grands c\u00e9pages \u00e0 serv\" \/>\n<meta name=\"robots\" content=\"index, follow, max-snippet:-1, max-image-preview:large, max-video-preview:-1\" \/>\n<link rel=\"canonical\" href=\"https:\/\/www.ivinio.com\/fr\/produit\/pommery-brut-silver-royal\/\" \/>\n<meta property=\"og:locale\" content=\"fr_FR\" \/>\n<meta property=\"og:type\" content=\"article\" \/>\n<meta property=\"og:title\" content=\"acheter du champagne en ligne - Champagne boutique en ligne Ivinio.com\" \/>\n<meta property=\"og:description\" content=\"Pommery Brut Silver Royal est un champagne frais aux \u00e9l\u00e9ments cr\u00e9meux aromatiques d&#039;agrumes (pamplemousse) et au go\u00fbt de fruits confits, de vanille, de tabac blond et de p\u00e2tisserie. Un d\u00e9licieux champagne fabriqu\u00e9 \u00e0 partir des 3 grands c\u00e9pages \u00e0 serv\" \/>\n<meta property=\"og:url\" content=\"https:\/\/www.ivinio.com\/fr\/produit\/pommery-brut-silver-royal\/\" \/>\n<meta property=\"og:site_name\" content=\"IVINIO Caviste\" \/>\n<meta property=\"article:publisher\" content=\"https:\/\/www.facebook.com\/groups\/165217837022391\/?ref=bookmarks\" \/>\n<meta property=\"article:modified_time\" content=\"2022-03-13T09:00:33+00:00\" \/>\n<meta property=\"og:image\" content=\"https:\/\/www.ivinio.com\/wp-content\/uploads\/nc\/public\/modules\/file\/pictures\/6508.Pommery-Brut-silver-royal-ivinio.jpg\" \/>\n\t<meta property=\"og:image:width\" content=\"500\" \/>\n\t<meta property=\"og:image:height\" content=\"500\" \/>\n\t<meta property=\"og:image:type\" content=\"image\/jpeg\" \/>\n<meta name=\"twitter:card\" content=\"summary_large_image\" \/>\n<script type=\"application\/ld+json\" class=\"yoast-schema-graph\">{\"@context\":\"https:\\\/\\\/schema.org\",\"@graph\":[{\"@type\":\"WebPage\",\"@id\":\"https:\\\/\\\/www.ivinio.com\\\/fr\\\/produit\\\/pommery-brut-silver-royal\\\/\",\"url\":\"https:\\\/\\\/www.ivinio.com\\\/fr\\\/produit\\\/pommery-brut-silver-royal\\\/\",\"name\":\"acheter du champagne en ligne - Champagne boutique en ligne Ivinio.com\",\"isPartOf\":{\"@id\":\"https:\\\/\\\/www.ivinio.com\\\/fr\\\/#website\"},\"primaryImageOfPage\":{\"@id\":\"https:\\\/\\\/www.ivinio.com\\\/fr\\\/produit\\\/pommery-brut-silver-royal\\\/#primaryimage\"},\"image\":{\"@id\":\"https:\\\/\\\/www.ivinio.com\\\/fr\\\/produit\\\/pommery-brut-silver-royal\\\/#primaryimage\"},\"thumbnailUrl\":\"https:\\\/\\\/www.ivinio.com\\\/wp-content\\\/uploads\\\/nc\\\/public\\\/modules\\\/file\\\/pictures\\\/6508.Pommery-Brut-silver-royal-ivinio.jpg\",\"datePublished\":\"2015-09-04T13:55:49+00:00\",\"dateModified\":\"2022-03-13T09:00:33+00:00\",\"description\":\"Pommery Brut Silver Royal est un champagne frais aux \u00e9l\u00e9ments cr\u00e9meux aromatiques d'agrumes (pamplemousse) et au go\u00fbt de fruits confits, de vanille, de tabac blond et de p\u00e2tisserie. Un d\u00e9licieux champagne fabriqu\u00e9 \u00e0 partir des 3 grands c\u00e9pages \u00e0 serv\",\"breadcrumb\":{\"@id\":\"https:\\\/\\\/www.ivinio.com\\\/fr\\\/produit\\\/pommery-brut-silver-royal\\\/#breadcrumb\"},\"inLanguage\":\"fr-FR\",\"potentialAction\":[{\"@type\":\"ReadAction\",\"target\":[\"https:\\\/\\\/www.ivinio.com\\\/fr\\\/produit\\\/pommery-brut-silver-royal\\\/\"]}]},{\"@type\":\"ImageObject\",\"inLanguage\":\"fr-FR\",\"@id\":\"https:\\\/\\\/www.ivinio.com\\\/fr\\\/produit\\\/pommery-brut-silver-royal\\\/#primaryimage\",\"url\":\"https:\\\/\\\/www.ivinio.com\\\/wp-content\\\/uploads\\\/nc\\\/public\\\/modules\\\/file\\\/pictures\\\/6508.Pommery-Brut-silver-royal-ivinio.jpg\",\"contentUrl\":\"https:\\\/\\\/www.ivinio.com\\\/wp-content\\\/uploads\\\/nc\\\/public\\\/modules\\\/file\\\/pictures\\\/6508.Pommery-Brut-silver-royal-ivinio.jpg\",\"width\":500,\"height\":500,\"caption\":\"Pommery - Brut Silver Royal\"},{\"@type\":\"BreadcrumbList\",\"@id\":\"https:\\\/\\\/www.ivinio.com\\\/fr\\\/produit\\\/pommery-brut-silver-royal\\\/#breadcrumb\",\"itemListElement\":[{\"@type\":\"ListItem\",\"position\":1,\"name\":\"Home\",\"item\":\"https:\\\/\\\/www.ivinio.com\\\/fr\\\/\"},{\"@type\":\"ListItem\",\"position\":2,\"name\":\"Boutique de vin\",\"item\":\"https:\\\/\\\/www.ivinio.com\\\/fr\\\/boutique-de-vin\\\/\"},{\"@type\":\"ListItem\",\"position\":3,\"name\":\"Pommery &#8211; Brut Silver Royal\"}]},{\"@type\":\"WebSite\",\"@id\":\"https:\\\/\\\/www.ivinio.com\\\/fr\\\/#website\",\"url\":\"https:\\\/\\\/www.ivinio.com\\\/fr\\\/\",\"name\":\"IVINIO Caviste\",\"description\":\"Vins de France et d&#039;Italie avec livraison \u00e0 domicile\",\"publisher\":{\"@id\":\"https:\\\/\\\/www.ivinio.com\\\/fr\\\/#organization\"},\"potentialAction\":[{\"@type\":\"SearchAction\",\"target\":{\"@type\":\"EntryPoint\",\"urlTemplate\":\"https:\\\/\\\/www.ivinio.com\\\/fr\\\/?s={search_term_string}\"},\"query-input\":{\"@type\":\"PropertyValueSpecification\",\"valueRequired\":true,\"valueName\":\"search_term_string\"}}],\"inLanguage\":\"fr-FR\"},{\"@type\":\"Organization\",\"@id\":\"https:\\\/\\\/www.ivinio.com\\\/fr\\\/#organization\",\"name\":\"IVINIO\",\"url\":\"https:\\\/\\\/www.ivinio.com\\\/fr\\\/\",\"logo\":{\"@type\":\"ImageObject\",\"inLanguage\":\"fr-FR\",\"@id\":\"https:\\\/\\\/www.ivinio.com\\\/fr\\\/#\\\/schema\\\/logo\\\/image\\\/\",\"url\":\"https:\\\/\\\/www.ivinio.com\\\/wp-content\\\/uploads\\\/2021\\\/01\\\/Logo-Ivinio-v2.jpg\",\"contentUrl\":\"https:\\\/\\\/www.ivinio.com\\\/wp-content\\\/uploads\\\/2021\\\/01\\\/Logo-Ivinio-v2.jpg\",\"width\":1194,\"height\":1194,\"caption\":\"IVINIO\"},\"image\":{\"@id\":\"https:\\\/\\\/www.ivinio.com\\\/fr\\\/#\\\/schema\\\/logo\\\/image\\\/\"},\"sameAs\":[\"https:\\\/\\\/www.facebook.com\\\/groups\\\/165217837022391\\\/?ref=bookmarks\",\"https:\\\/\\\/www.instagram.com\\\/_ivinio_\\\/?hl=fr\"]}]}<\/script>\n<!-- \/ Yoast SEO plugin. -->","yoast_head_json":{"title":"acheter du champagne en ligne - Champagne boutique en ligne Ivinio.com","description":"Pommery Brut Silver Royal est un champagne frais aux \u00e9l\u00e9ments cr\u00e9meux aromatiques d'agrumes (pamplemousse) et au go\u00fbt de fruits confits, de vanille, de tabac blond et de p\u00e2tisserie. Un d\u00e9licieux champagne fabriqu\u00e9 \u00e0 partir des 3 grands c\u00e9pages \u00e0 serv","robots":{"index":"index","follow":"follow","max-snippet":"max-snippet:-1","max-image-preview":"max-image-preview:large","max-video-preview":"max-video-preview:-1"},"canonical":"https:\/\/www.ivinio.com\/fr\/produit\/pommery-brut-silver-royal\/","og_locale":"fr_FR","og_type":"article","og_title":"acheter du champagne en ligne - Champagne boutique en ligne Ivinio.com","og_description":"Pommery Brut Silver Royal est un champagne frais aux \u00e9l\u00e9ments cr\u00e9meux aromatiques d'agrumes (pamplemousse) et au go\u00fbt de fruits confits, de vanille, de tabac blond et de p\u00e2tisserie. Un d\u00e9licieux champagne fabriqu\u00e9 \u00e0 partir des 3 grands c\u00e9pages \u00e0 serv","og_url":"https:\/\/www.ivinio.com\/fr\/produit\/pommery-brut-silver-royal\/","og_site_name":"IVINIO Caviste","article_publisher":"https:\/\/www.facebook.com\/groups\/165217837022391\/?ref=bookmarks","article_modified_time":"2022-03-13T09:00:33+00:00","og_image":[{"width":500,"height":500,"url":"https:\/\/www.ivinio.com\/wp-content\/uploads\/nc\/public\/modules\/file\/pictures\/6508.Pommery-Brut-silver-royal-ivinio.jpg","type":"image\/jpeg"}],"twitter_card":"summary_large_image","schema":{"@context":"https:\/\/schema.org","@graph":[{"@type":"WebPage","@id":"https:\/\/www.ivinio.com\/fr\/produit\/pommery-brut-silver-royal\/","url":"https:\/\/www.ivinio.com\/fr\/produit\/pommery-brut-silver-royal\/","name":"acheter du champagne en ligne - Champagne boutique en ligne Ivinio.com","isPartOf":{"@id":"https:\/\/www.ivinio.com\/fr\/#website"},"primaryImageOfPage":{"@id":"https:\/\/www.ivinio.com\/fr\/produit\/pommery-brut-silver-royal\/#primaryimage"},"image":{"@id":"https:\/\/www.ivinio.com\/fr\/produit\/pommery-brut-silver-royal\/#primaryimage"},"thumbnailUrl":"https:\/\/www.ivinio.com\/wp-content\/uploads\/nc\/public\/modules\/file\/pictures\/6508.Pommery-Brut-silver-royal-ivinio.jpg","datePublished":"2015-09-04T13:55:49+00:00","dateModified":"2022-03-13T09:00:33+00:00","description":"Pommery Brut Silver Royal est un champagne frais aux \u00e9l\u00e9ments cr\u00e9meux aromatiques d'agrumes (pamplemousse) et au go\u00fbt de fruits confits, de vanille, de tabac blond et de p\u00e2tisserie. Un d\u00e9licieux champagne fabriqu\u00e9 \u00e0 partir des 3 grands c\u00e9pages \u00e0 serv","breadcrumb":{"@id":"https:\/\/www.ivinio.com\/fr\/produit\/pommery-brut-silver-royal\/#breadcrumb"},"inLanguage":"fr-FR","potentialAction":[{"@type":"ReadAction","target":["https:\/\/www.ivinio.com\/fr\/produit\/pommery-brut-silver-royal\/"]}]},{"@type":"ImageObject","inLanguage":"fr-FR","@id":"https:\/\/www.ivinio.com\/fr\/produit\/pommery-brut-silver-royal\/#primaryimage","url":"https:\/\/www.ivinio.com\/wp-content\/uploads\/nc\/public\/modules\/file\/pictures\/6508.Pommery-Brut-silver-royal-ivinio.jpg","contentUrl":"https:\/\/www.ivinio.com\/wp-content\/uploads\/nc\/public\/modules\/file\/pictures\/6508.Pommery-Brut-silver-royal-ivinio.jpg","width":500,"height":500,"caption":"Pommery - Brut Silver Royal"},{"@type":"BreadcrumbList","@id":"https:\/\/www.ivinio.com\/fr\/produit\/pommery-brut-silver-royal\/#breadcrumb","itemListElement":[{"@type":"ListItem","position":1,"name":"Home","item":"https:\/\/www.ivinio.com\/fr\/"},{"@type":"ListItem","position":2,"name":"Boutique de vin","item":"https:\/\/www.ivinio.com\/fr\/boutique-de-vin\/"},{"@type":"ListItem","position":3,"name":"Pommery &#8211; Brut Silver Royal"}]},{"@type":"WebSite","@id":"https:\/\/www.ivinio.com\/fr\/#website","url":"https:\/\/www.ivinio.com\/fr\/","name":"IVINIO Caviste","description":"Vins de France et d&#039;Italie avec livraison \u00e0 domicile","publisher":{"@id":"https:\/\/www.ivinio.com\/fr\/#organization"},"potentialAction":[{"@type":"SearchAction","target":{"@type":"EntryPoint","urlTemplate":"https:\/\/www.ivinio.com\/fr\/?s={search_term_string}"},"query-input":{"@type":"PropertyValueSpecification","valueRequired":true,"valueName":"search_term_string"}}],"inLanguage":"fr-FR"},{"@type":"Organization","@id":"https:\/\/www.ivinio.com\/fr\/#organization","name":"IVINIO","url":"https:\/\/www.ivinio.com\/fr\/","logo":{"@type":"ImageObject","inLanguage":"fr-FR","@id":"https:\/\/www.ivinio.com\/fr\/#\/schema\/logo\/image\/","url":"https:\/\/www.ivinio.com\/wp-content\/uploads\/2021\/01\/Logo-Ivinio-v2.jpg","contentUrl":"https:\/\/www.ivinio.com\/wp-content\/uploads\/2021\/01\/Logo-Ivinio-v2.jpg","width":1194,"height":1194,"caption":"IVINIO"},"image":{"@id":"https:\/\/www.ivinio.com\/fr\/#\/schema\/logo\/image\/"},"sameAs":["https:\/\/www.facebook.com\/groups\/165217837022391\/?ref=bookmarks","https:\/\/www.instagram.com\/_ivinio_\/?hl=fr"]}]}},"jetpack_sharing_enabled":true,"_links":{"self":[{"href":"https:\/\/www.ivinio.com\/fr\/wp-json\/wp\/v2\/product\/120832","targetHints":{"allow":["GET"]}}],"collection":[{"href":"https:\/\/www.ivinio.com\/fr\/wp-json\/wp\/v2\/product"}],"about":[{"href":"https:\/\/www.ivinio.com\/fr\/wp-json\/wp\/v2\/types\/product"}],"replies":[{"embeddable":true,"href":"https:\/\/www.ivinio.com\/fr\/wp-json\/wp\/v2\/comments?post=120832"}],"wp:featuredmedia":[{"embeddable":true,"href":"https:\/\/www.ivinio.com\/fr\/wp-json\/wp\/v2\/media\/120835"}],"wp:attachment":[{"href":"https:\/\/www.ivinio.com\/fr\/wp-json\/wp\/v2\/media?parent=120832"}],"wp:term":[{"taxonomy":"product_brand","embeddable":true,"href":"https:\/\/www.ivinio.com\/fr\/wp-json\/wp\/v2\/product_brand?post=120832"},{"taxonomy":"product_cat","embeddable":true,"href":"https:\/\/www.ivinio.com\/fr\/wp-json\/wp\/v2\/product_cat?post=120832"},{"taxonomy":"product_tag","embeddable":true,"href":"https:\/\/www.ivinio.com\/fr\/wp-json\/wp\/v2\/product_tag?post=120832"}],"curies":[{"name":"wp","href":"https:\/\/api.w.org\/{rel}","templated":true}]}}