{"id":120788,"date":"2017-08-03T15:37:12","date_gmt":"2017-08-03T15:37:12","guid":{"rendered":"https:\/\/henrik.www.ivinio.com\/?product=maggiovini-vigna-di-pettineo-frappato-rouge"},"modified":"2022-03-17T06:06:44","modified_gmt":"2022-03-17T05:06:44","slug":"maggiovini-vigna-di-pettineo-frappato-rouge","status":"publish","type":"product","link":"https:\/\/www.ivinio.com\/fr\/produit\/maggiovini-vigna-di-pettineo-frappato-rouge\/","title":{"rendered":"Maggiovini &#8211; Vigna di Pettineo &#8211; Frappato &#8211; Rouge"},"content":{"rendered":"<p>Vigna di Pettineo de <a href=\"https:\/\/www.ivinio.com\/fr\/?term=&amp;s=maggiovini&amp;post_type=product&amp;taxonomy=product_cat\">Maggiovini<\/a> est compos\u00e9 de 100 % de <a href=\"https:\/\/fr.wikipedia.org\/wiki\/Frappato\">Frappato<\/a> issus de l&#8217;agriculture biologique du vignoble de la ville de Vittoria. Les raisins sont vendang\u00e9s et tri\u00e9s \u00e0 la main. Seuls les plus beaux raisins sont s\u00e9lectionn\u00e9s, qui sont ensuite mis \u00e0 mac\u00e9rer pendant 7 jours avec la peau et ferment\u00e9s \u00e0 temp\u00e9rature contr\u00f4l\u00e9e. Le vin est conserv\u00e9 1 mois en cuve acier puis 3 mois en bouteille.<\/p>\n","protected":false},"excerpt":{"rendered":"<p>Cerasuolo fr\u00e5n Maggiovini \u00e4r ett fruktigt och mycket v\u00e4lstrukturerat r\u00f6dvin framst\u00e4llt av Nero d&#8217;avola. Ett r\u00f6dvin med fin koncentration utan att vara tungt &#8211; passar till det mesta !<\/p>\n","protected":false},"featured_media":120791,"comment_status":"open","ping_status":"closed","template":"","meta":{"_monsterinsights_skip_tracking":false,"_monsterinsights_sitenote_active":false,"_monsterinsights_sitenote_note":"","_monsterinsights_sitenote_category":0,"_uf_show_specific_survey":0,"_uf_disable_surveys":false},"product_brand":[],"product_cat":[36601,36589],"product_tag":[],"class_list":{"0":"post-120788","1":"product","2":"type-product","3":"status-publish","4":"has-post-thumbnail","6":"product_cat-fr-sicile","7":"product_cat-vins-italiens","8":"pa_alcohol-degree-13-fr","9":"pa_color-rouge-fr","10":"pa_country-italie-fr","11":"pa_grape-variety-frappato-fr","12":"pa_region-sicile-fr","13":"pa_storage-potential-7-ans","14":"pa_vintage-2018-fr","15":"pa_volume-75-cl-fr","17":"first","18":"instock","19":"taxable","20":"shipping-taxable","21":"purchasable","22":"product-type-simple"},"bundled_by":[],"bundle_stock_status":"instock","bundle_stock_quantity":null,"bundle_virtual":false,"bundle_layout":"","bundle_add_to_cart_form_location":"","bundle_editable_in_cart":false,"bundle_sold_individually_context":"","bundle_item_grouping":"","bundle_min_size":"","bundle_max_size":"","bundle_price":[],"bundled_items":[],"bundle_sell_ids":[],"yoast_head":"<!-- This site is optimized with the Yoast SEO plugin v27.4 - https:\/\/yoast.com\/product\/yoast-seo-wordpress\/ -->\n<title>Acheter Maggiovini - Vigna di Pettineo - Frappato<\/title>\n<meta name=\"description\" content=\"Acheter Maggiovini - Vigna di Pettineo - Frappato. Un vin rouge relativement l\u00e9ger et fruit\u00e9 avec des tanins souples \u00e0 servir l\u00e9g\u00e8rement frais.\" \/>\n<meta name=\"robots\" content=\"index, follow, max-snippet:-1, max-image-preview:large, max-video-preview:-1\" \/>\n<link rel=\"canonical\" href=\"https:\/\/www.ivinio.com\/fr\/produit\/maggiovini-vigna-di-pettineo-frappato-rouge\/\" \/>\n<meta property=\"og:locale\" content=\"fr_FR\" \/>\n<meta property=\"og:type\" content=\"article\" \/>\n<meta property=\"og:title\" content=\"Acheter Maggiovini - Vigna di Pettineo - Frappato\" \/>\n<meta property=\"og:description\" content=\"Acheter Maggiovini - Vigna di Pettineo - Frappato. Un vin rouge relativement l\u00e9ger et fruit\u00e9 avec des tanins souples \u00e0 servir l\u00e9g\u00e8rement frais.\" \/>\n<meta property=\"og:url\" content=\"https:\/\/www.ivinio.com\/fr\/produit\/maggiovini-vigna-di-pettineo-frappato-rouge\/\" \/>\n<meta property=\"og:site_name\" content=\"IVINIO Caviste\" \/>\n<meta property=\"article:publisher\" content=\"https:\/\/www.facebook.com\/groups\/165217837022391\/?ref=bookmarks\" \/>\n<meta property=\"article:modified_time\" content=\"2022-03-17T05:06:44+00:00\" \/>\n<meta property=\"og:image\" content=\"https:\/\/www.ivinio.com\/wp-content\/uploads\/nc\/public\/modules\/file\/pictures\/6494.Maggiovini-Vigna-di-Pettineo-frappato-ivinio.jpg\" \/>\n\t<meta property=\"og:image:width\" content=\"500\" \/>\n\t<meta property=\"og:image:height\" content=\"500\" \/>\n\t<meta property=\"og:image:type\" content=\"image\/jpeg\" \/>\n<meta name=\"twitter:card\" content=\"summary_large_image\" \/>\n<meta name=\"twitter:label1\" content=\"Dur\u00e9e de lecture estim\u00e9e\" \/>\n\t<meta name=\"twitter:data1\" content=\"1 minute\" \/>\n<script type=\"application\/ld+json\" class=\"yoast-schema-graph\">{\"@context\":\"https:\\\/\\\/schema.org\",\"@graph\":[{\"@type\":\"WebPage\",\"@id\":\"https:\\\/\\\/www.ivinio.com\\\/fr\\\/produit\\\/maggiovini-vigna-di-pettineo-frappato-rouge\\\/\",\"url\":\"https:\\\/\\\/www.ivinio.com\\\/fr\\\/produit\\\/maggiovini-vigna-di-pettineo-frappato-rouge\\\/\",\"name\":\"Acheter Maggiovini - Vigna di Pettineo - Frappato\",\"isPartOf\":{\"@id\":\"https:\\\/\\\/www.ivinio.com\\\/fr\\\/#website\"},\"primaryImageOfPage\":{\"@id\":\"https:\\\/\\\/www.ivinio.com\\\/fr\\\/produit\\\/maggiovini-vigna-di-pettineo-frappato-rouge\\\/#primaryimage\"},\"image\":{\"@id\":\"https:\\\/\\\/www.ivinio.com\\\/fr\\\/produit\\\/maggiovini-vigna-di-pettineo-frappato-rouge\\\/#primaryimage\"},\"thumbnailUrl\":\"https:\\\/\\\/www.ivinio.com\\\/wp-content\\\/uploads\\\/nc\\\/public\\\/modules\\\/file\\\/pictures\\\/6494.Maggiovini-Vigna-di-Pettineo-frappato-ivinio.jpg\",\"datePublished\":\"2017-08-03T15:37:12+00:00\",\"dateModified\":\"2022-03-17T05:06:44+00:00\",\"description\":\"Acheter Maggiovini - Vigna di Pettineo - Frappato. Un vin rouge relativement l\u00e9ger et fruit\u00e9 avec des tanins souples \u00e0 servir l\u00e9g\u00e8rement frais.\",\"breadcrumb\":{\"@id\":\"https:\\\/\\\/www.ivinio.com\\\/fr\\\/produit\\\/maggiovini-vigna-di-pettineo-frappato-rouge\\\/#breadcrumb\"},\"inLanguage\":\"fr-FR\",\"potentialAction\":[{\"@type\":\"ReadAction\",\"target\":[\"https:\\\/\\\/www.ivinio.com\\\/fr\\\/produit\\\/maggiovini-vigna-di-pettineo-frappato-rouge\\\/\"]}]},{\"@type\":\"ImageObject\",\"inLanguage\":\"fr-FR\",\"@id\":\"https:\\\/\\\/www.ivinio.com\\\/fr\\\/produit\\\/maggiovini-vigna-di-pettineo-frappato-rouge\\\/#primaryimage\",\"url\":\"https:\\\/\\\/www.ivinio.com\\\/wp-content\\\/uploads\\\/nc\\\/public\\\/modules\\\/file\\\/pictures\\\/6494.Maggiovini-Vigna-di-Pettineo-frappato-ivinio.jpg\",\"contentUrl\":\"https:\\\/\\\/www.ivinio.com\\\/wp-content\\\/uploads\\\/nc\\\/public\\\/modules\\\/file\\\/pictures\\\/6494.Maggiovini-Vigna-di-Pettineo-frappato-ivinio.jpg\",\"width\":500,\"height\":500,\"caption\":\"Maggiovini - Vigna di Pettineo - Frappato\"},{\"@type\":\"BreadcrumbList\",\"@id\":\"https:\\\/\\\/www.ivinio.com\\\/fr\\\/produit\\\/maggiovini-vigna-di-pettineo-frappato-rouge\\\/#breadcrumb\",\"itemListElement\":[{\"@type\":\"ListItem\",\"position\":1,\"name\":\"Home\",\"item\":\"https:\\\/\\\/www.ivinio.com\\\/fr\\\/\"},{\"@type\":\"ListItem\",\"position\":2,\"name\":\"Boutique de vin\",\"item\":\"https:\\\/\\\/www.ivinio.com\\\/fr\\\/boutique-de-vin\\\/\"},{\"@type\":\"ListItem\",\"position\":3,\"name\":\"Maggiovini &#8211; Vigna di Pettineo &#8211; Frappato &#8211; Rouge\"}]},{\"@type\":\"WebSite\",\"@id\":\"https:\\\/\\\/www.ivinio.com\\\/fr\\\/#website\",\"url\":\"https:\\\/\\\/www.ivinio.com\\\/fr\\\/\",\"name\":\"IVINIO Caviste\",\"description\":\"Vins de France et d&#039;Italie avec livraison \u00e0 domicile\",\"publisher\":{\"@id\":\"https:\\\/\\\/www.ivinio.com\\\/fr\\\/#organization\"},\"potentialAction\":[{\"@type\":\"SearchAction\",\"target\":{\"@type\":\"EntryPoint\",\"urlTemplate\":\"https:\\\/\\\/www.ivinio.com\\\/fr\\\/?s={search_term_string}\"},\"query-input\":{\"@type\":\"PropertyValueSpecification\",\"valueRequired\":true,\"valueName\":\"search_term_string\"}}],\"inLanguage\":\"fr-FR\"},{\"@type\":\"Organization\",\"@id\":\"https:\\\/\\\/www.ivinio.com\\\/fr\\\/#organization\",\"name\":\"IVINIO\",\"url\":\"https:\\\/\\\/www.ivinio.com\\\/fr\\\/\",\"logo\":{\"@type\":\"ImageObject\",\"inLanguage\":\"fr-FR\",\"@id\":\"https:\\\/\\\/www.ivinio.com\\\/fr\\\/#\\\/schema\\\/logo\\\/image\\\/\",\"url\":\"https:\\\/\\\/www.ivinio.com\\\/wp-content\\\/uploads\\\/2021\\\/01\\\/Logo-Ivinio-v2.jpg\",\"contentUrl\":\"https:\\\/\\\/www.ivinio.com\\\/wp-content\\\/uploads\\\/2021\\\/01\\\/Logo-Ivinio-v2.jpg\",\"width\":1194,\"height\":1194,\"caption\":\"IVINIO\"},\"image\":{\"@id\":\"https:\\\/\\\/www.ivinio.com\\\/fr\\\/#\\\/schema\\\/logo\\\/image\\\/\"},\"sameAs\":[\"https:\\\/\\\/www.facebook.com\\\/groups\\\/165217837022391\\\/?ref=bookmarks\",\"https:\\\/\\\/www.instagram.com\\\/_ivinio_\\\/?hl=fr\"]}]}<\/script>\n<!-- \/ Yoast SEO plugin. -->","yoast_head_json":{"title":"Acheter Maggiovini - Vigna di Pettineo - Frappato","description":"Acheter Maggiovini - Vigna di Pettineo - Frappato. Un vin rouge relativement l\u00e9ger et fruit\u00e9 avec des tanins souples \u00e0 servir l\u00e9g\u00e8rement frais.","robots":{"index":"index","follow":"follow","max-snippet":"max-snippet:-1","max-image-preview":"max-image-preview:large","max-video-preview":"max-video-preview:-1"},"canonical":"https:\/\/www.ivinio.com\/fr\/produit\/maggiovini-vigna-di-pettineo-frappato-rouge\/","og_locale":"fr_FR","og_type":"article","og_title":"Acheter Maggiovini - Vigna di Pettineo - Frappato","og_description":"Acheter Maggiovini - Vigna di Pettineo - Frappato. Un vin rouge relativement l\u00e9ger et fruit\u00e9 avec des tanins souples \u00e0 servir l\u00e9g\u00e8rement frais.","og_url":"https:\/\/www.ivinio.com\/fr\/produit\/maggiovini-vigna-di-pettineo-frappato-rouge\/","og_site_name":"IVINIO Caviste","article_publisher":"https:\/\/www.facebook.com\/groups\/165217837022391\/?ref=bookmarks","article_modified_time":"2022-03-17T05:06:44+00:00","og_image":[{"width":500,"height":500,"url":"https:\/\/www.ivinio.com\/wp-content\/uploads\/nc\/public\/modules\/file\/pictures\/6494.Maggiovini-Vigna-di-Pettineo-frappato-ivinio.jpg","type":"image\/jpeg"}],"twitter_card":"summary_large_image","twitter_misc":{"Dur\u00e9e de lecture estim\u00e9e":"1 minute"},"schema":{"@context":"https:\/\/schema.org","@graph":[{"@type":"WebPage","@id":"https:\/\/www.ivinio.com\/fr\/produit\/maggiovini-vigna-di-pettineo-frappato-rouge\/","url":"https:\/\/www.ivinio.com\/fr\/produit\/maggiovini-vigna-di-pettineo-frappato-rouge\/","name":"Acheter Maggiovini - Vigna di Pettineo - Frappato","isPartOf":{"@id":"https:\/\/www.ivinio.com\/fr\/#website"},"primaryImageOfPage":{"@id":"https:\/\/www.ivinio.com\/fr\/produit\/maggiovini-vigna-di-pettineo-frappato-rouge\/#primaryimage"},"image":{"@id":"https:\/\/www.ivinio.com\/fr\/produit\/maggiovini-vigna-di-pettineo-frappato-rouge\/#primaryimage"},"thumbnailUrl":"https:\/\/www.ivinio.com\/wp-content\/uploads\/nc\/public\/modules\/file\/pictures\/6494.Maggiovini-Vigna-di-Pettineo-frappato-ivinio.jpg","datePublished":"2017-08-03T15:37:12+00:00","dateModified":"2022-03-17T05:06:44+00:00","description":"Acheter Maggiovini - Vigna di Pettineo - Frappato. Un vin rouge relativement l\u00e9ger et fruit\u00e9 avec des tanins souples \u00e0 servir l\u00e9g\u00e8rement frais.","breadcrumb":{"@id":"https:\/\/www.ivinio.com\/fr\/produit\/maggiovini-vigna-di-pettineo-frappato-rouge\/#breadcrumb"},"inLanguage":"fr-FR","potentialAction":[{"@type":"ReadAction","target":["https:\/\/www.ivinio.com\/fr\/produit\/maggiovini-vigna-di-pettineo-frappato-rouge\/"]}]},{"@type":"ImageObject","inLanguage":"fr-FR","@id":"https:\/\/www.ivinio.com\/fr\/produit\/maggiovini-vigna-di-pettineo-frappato-rouge\/#primaryimage","url":"https:\/\/www.ivinio.com\/wp-content\/uploads\/nc\/public\/modules\/file\/pictures\/6494.Maggiovini-Vigna-di-Pettineo-frappato-ivinio.jpg","contentUrl":"https:\/\/www.ivinio.com\/wp-content\/uploads\/nc\/public\/modules\/file\/pictures\/6494.Maggiovini-Vigna-di-Pettineo-frappato-ivinio.jpg","width":500,"height":500,"caption":"Maggiovini - Vigna di Pettineo - Frappato"},{"@type":"BreadcrumbList","@id":"https:\/\/www.ivinio.com\/fr\/produit\/maggiovini-vigna-di-pettineo-frappato-rouge\/#breadcrumb","itemListElement":[{"@type":"ListItem","position":1,"name":"Home","item":"https:\/\/www.ivinio.com\/fr\/"},{"@type":"ListItem","position":2,"name":"Boutique de vin","item":"https:\/\/www.ivinio.com\/fr\/boutique-de-vin\/"},{"@type":"ListItem","position":3,"name":"Maggiovini &#8211; Vigna di Pettineo &#8211; Frappato &#8211; Rouge"}]},{"@type":"WebSite","@id":"https:\/\/www.ivinio.com\/fr\/#website","url":"https:\/\/www.ivinio.com\/fr\/","name":"IVINIO Caviste","description":"Vins de France et d&#039;Italie avec livraison \u00e0 domicile","publisher":{"@id":"https:\/\/www.ivinio.com\/fr\/#organization"},"potentialAction":[{"@type":"SearchAction","target":{"@type":"EntryPoint","urlTemplate":"https:\/\/www.ivinio.com\/fr\/?s={search_term_string}"},"query-input":{"@type":"PropertyValueSpecification","valueRequired":true,"valueName":"search_term_string"}}],"inLanguage":"fr-FR"},{"@type":"Organization","@id":"https:\/\/www.ivinio.com\/fr\/#organization","name":"IVINIO","url":"https:\/\/www.ivinio.com\/fr\/","logo":{"@type":"ImageObject","inLanguage":"fr-FR","@id":"https:\/\/www.ivinio.com\/fr\/#\/schema\/logo\/image\/","url":"https:\/\/www.ivinio.com\/wp-content\/uploads\/2021\/01\/Logo-Ivinio-v2.jpg","contentUrl":"https:\/\/www.ivinio.com\/wp-content\/uploads\/2021\/01\/Logo-Ivinio-v2.jpg","width":1194,"height":1194,"caption":"IVINIO"},"image":{"@id":"https:\/\/www.ivinio.com\/fr\/#\/schema\/logo\/image\/"},"sameAs":["https:\/\/www.facebook.com\/groups\/165217837022391\/?ref=bookmarks","https:\/\/www.instagram.com\/_ivinio_\/?hl=fr"]}]}},"jetpack_sharing_enabled":true,"_links":{"self":[{"href":"https:\/\/www.ivinio.com\/fr\/wp-json\/wp\/v2\/product\/120788","targetHints":{"allow":["GET"]}}],"collection":[{"href":"https:\/\/www.ivinio.com\/fr\/wp-json\/wp\/v2\/product"}],"about":[{"href":"https:\/\/www.ivinio.com\/fr\/wp-json\/wp\/v2\/types\/product"}],"replies":[{"embeddable":true,"href":"https:\/\/www.ivinio.com\/fr\/wp-json\/wp\/v2\/comments?post=120788"}],"wp:featuredmedia":[{"embeddable":true,"href":"https:\/\/www.ivinio.com\/fr\/wp-json\/wp\/v2\/media\/120791"}],"wp:attachment":[{"href":"https:\/\/www.ivinio.com\/fr\/wp-json\/wp\/v2\/media?parent=120788"}],"wp:term":[{"taxonomy":"product_brand","embeddable":true,"href":"https:\/\/www.ivinio.com\/fr\/wp-json\/wp\/v2\/product_brand?post=120788"},{"taxonomy":"product_cat","embeddable":true,"href":"https:\/\/www.ivinio.com\/fr\/wp-json\/wp\/v2\/product_cat?post=120788"},{"taxonomy":"product_tag","embeddable":true,"href":"https:\/\/www.ivinio.com\/fr\/wp-json\/wp\/v2\/product_tag?post=120788"}],"curies":[{"name":"wp","href":"https:\/\/api.w.org\/{rel}","templated":true}]}}