{"id":120783,"date":"2017-08-08T17:40:14","date_gmt":"2017-08-08T17:40:14","guid":{"rendered":"https:\/\/henrik.www.ivinio.com\/?product=maggiovini-amongae-barrique-rouge"},"modified":"2023-01-04T10:19:42","modified_gmt":"2023-01-04T09:19:42","slug":"maggiovini-amongae-barrique-rouge","status":"publish","type":"product","link":"https:\/\/www.ivinio.com\/fr\/produit\/maggiovini-amongae-barrique-rouge\/","title":{"rendered":"Maggiovini &#8211; Amongae &#8211; barrique &#8211; Rouge"},"content":{"rendered":"<p>Amongae est le nom d&#8217;une coupe antique qui, dans la mythologie grecque, repr\u00e9sente les fondements de la v\u00e9rit\u00e9. Le vin est \u00e9labor\u00e9 \u00e0 partir de 60% de Nero d&#8217;avola et des c\u00e9pages typiquement bordelais que sont le Cabernet Sauvignon (25%) et le Merlot (15%). La vinification a lieu s\u00e9par\u00e9ment, c\u00e9page par\u00a0c\u00e9page. Les raisins cultiv\u00e9s \u00e9cologiquement sont r\u00e9colt\u00e9s \u00e0 la main sur les collines alentours. Les raisins sont mac\u00e9r\u00e9s 15 jours avant d&#8217;\u00eatre ferment\u00e9s \u00e0 temp\u00e9rature contr\u00f4l\u00e9e. Les vins sont ensuite stock\u00e9s en\u00a0f\u00fbts de ch\u00eane fran\u00e7ais pendant 8 mois avant d&#8217;\u00eatre assembl\u00e9s. Ensuite, le vin est conserv\u00e9 pendant 6 mois suppl\u00e9mentaires en\u00a0f\u00fbts de ch\u00eane. Le vin est mis en bouteille et stock\u00e9 pendant 9 \u00e012 mois.<\/p>\n","protected":false},"excerpt":{"rendered":"<p>Amongae de\u00a0Maggiovini est un vin rouge \u00e9lev\u00e9 en f\u00fbts de ch\u00eane compos\u00e9 des c\u00e9pages;\u00a0Cabernet Sauvignon, Nero d&#8217;avola et\u00a0Merlot. &#8220;Un\u00a0Bordeaux sicilien&#8221;, aux touches de fruits rouges et\u00a0de vanille. A servir sur une viande rouge grill\u00e9e ou un plat en sauce comme une daube.<\/p>\n","protected":false},"featured_media":130739,"comment_status":"open","ping_status":"closed","template":"","meta":{"_monsterinsights_skip_tracking":false,"_monsterinsights_sitenote_active":false,"_monsterinsights_sitenote_note":"","_monsterinsights_sitenote_category":0,"_uf_show_specific_survey":0,"_uf_disable_surveys":false},"product_brand":[],"product_cat":[36601,36589],"product_tag":[],"class_list":{"0":"post-120783","1":"product","2":"type-product","3":"status-publish","4":"has-post-thumbnail","6":"product_cat-fr-sicile","7":"product_cat-vins-italiens","8":"pa_alcohol-degree-145-fr","9":"pa_classification-igp-terre-siciliane","10":"pa_color-rouge-fr","11":"pa_country-italie-fr","12":"pa_grape-variety-cabernet-sauvignon-fr","13":"pa_grape-variety-merlot-fr","14":"pa_grape-variety-nero-davola-fr","15":"pa_region-sicile-fr","16":"pa_storage-potential-8-ans","17":"pa_vintage-2014-fr","18":"pa_volume-75-cl-fr","20":"first","21":"outofstock","22":"taxable","23":"shipping-taxable","24":"purchasable","25":"product-type-simple"},"bundled_by":["119489"],"bundle_stock_status":"outofstock","bundle_stock_quantity":null,"bundle_virtual":false,"bundle_layout":"","bundle_add_to_cart_form_location":"","bundle_editable_in_cart":false,"bundle_sold_individually_context":"","bundle_item_grouping":"","bundle_min_size":"","bundle_max_size":"","bundle_price":[],"bundled_items":[],"bundle_sell_ids":[],"yoast_head":"<!-- This site is optimized with the Yoast SEO plugin v27.5 - https:\/\/yoast.com\/product\/yoast-seo-wordpress\/ -->\n<title>Maggiovini - Amongae - barrique - Rouge - IVINIO Caviste<\/title>\n<meta name=\"description\" content=\"Maggiovini - Amongae - barrique - Rouge. Elev\u00e9 en f\u00fbt de ch\u00eane \u00e0 base de Cabernet Sauvignon, Nero d&#039;Avola et Merlot. &quot;Un Bordeaux sicilien&quot;, des \u00e9l\u00e9ments de fruits rouges, de vanille. Servir sur de la viande rouge grill\u00e9e ou un plat en sauce.\" \/>\n<meta name=\"robots\" content=\"index, follow, max-snippet:-1, max-image-preview:large, max-video-preview:-1\" \/>\n<link rel=\"canonical\" href=\"https:\/\/www.ivinio.com\/fr\/produit\/maggiovini-amongae-barrique-rouge\/\" \/>\n<meta property=\"og:locale\" content=\"fr_FR\" \/>\n<meta property=\"og:type\" content=\"article\" \/>\n<meta property=\"og:title\" content=\"Maggiovini - Amongae - barrique - Rouge - IVINIO Caviste\" \/>\n<meta property=\"og:description\" content=\"Maggiovini - Amongae - barrique - Rouge. Elev\u00e9 en f\u00fbt de ch\u00eane \u00e0 base de Cabernet Sauvignon, Nero d&#039;Avola et Merlot. &quot;Un Bordeaux sicilien&quot;, des \u00e9l\u00e9ments de fruits rouges, de vanille. Servir sur de la viande rouge grill\u00e9e ou un plat en sauce.\" \/>\n<meta property=\"og:url\" content=\"https:\/\/www.ivinio.com\/fr\/produit\/maggiovini-amongae-barrique-rouge\/\" \/>\n<meta property=\"og:site_name\" content=\"IVINIO Caviste\" \/>\n<meta property=\"article:publisher\" content=\"https:\/\/www.facebook.com\/groups\/165217837022391\/?ref=bookmarks\" \/>\n<meta property=\"article:modified_time\" content=\"2023-01-04T09:19:42+00:00\" \/>\n<meta property=\"og:image\" content=\"https:\/\/www.ivinio.com\/wp-content\/uploads\/nc\/public\/modules\/file\/pictures\/6493.maggiovini-amongae-ivinio.jpg\" \/>\n\t<meta property=\"og:image:width\" content=\"500\" \/>\n\t<meta property=\"og:image:height\" content=\"500\" \/>\n\t<meta property=\"og:image:type\" content=\"image\/jpeg\" \/>\n<meta name=\"twitter:card\" content=\"summary_large_image\" \/>\n<meta name=\"twitter:label1\" content=\"Dur\u00e9e de lecture estim\u00e9e\" \/>\n\t<meta name=\"twitter:data1\" content=\"1 minute\" \/>\n<script type=\"application\/ld+json\" class=\"yoast-schema-graph\">{\"@context\":\"https:\\\/\\\/schema.org\",\"@graph\":[{\"@type\":\"WebPage\",\"@id\":\"https:\\\/\\\/www.ivinio.com\\\/fr\\\/produit\\\/maggiovini-amongae-barrique-rouge\\\/\",\"url\":\"https:\\\/\\\/www.ivinio.com\\\/fr\\\/produit\\\/maggiovini-amongae-barrique-rouge\\\/\",\"name\":\"Maggiovini - Amongae - barrique - Rouge - IVINIO Caviste\",\"isPartOf\":{\"@id\":\"https:\\\/\\\/www.ivinio.com\\\/fr\\\/#website\"},\"primaryImageOfPage\":{\"@id\":\"https:\\\/\\\/www.ivinio.com\\\/fr\\\/produit\\\/maggiovini-amongae-barrique-rouge\\\/#primaryimage\"},\"image\":{\"@id\":\"https:\\\/\\\/www.ivinio.com\\\/fr\\\/produit\\\/maggiovini-amongae-barrique-rouge\\\/#primaryimage\"},\"thumbnailUrl\":\"https:\\\/\\\/www.ivinio.com\\\/wp-content\\\/uploads\\\/nc\\\/public\\\/modules\\\/file\\\/pictures\\\/6493.maggiovini-amongae-ivinio.jpg\",\"datePublished\":\"2017-08-08T17:40:14+00:00\",\"dateModified\":\"2023-01-04T09:19:42+00:00\",\"description\":\"Maggiovini - Amongae - barrique - Rouge. Elev\u00e9 en f\u00fbt de ch\u00eane \u00e0 base de Cabernet Sauvignon, Nero d'Avola et Merlot. \\\"Un Bordeaux sicilien\\\", des \u00e9l\u00e9ments de fruits rouges, de vanille. Servir sur de la viande rouge grill\u00e9e ou un plat en sauce.\",\"breadcrumb\":{\"@id\":\"https:\\\/\\\/www.ivinio.com\\\/fr\\\/produit\\\/maggiovini-amongae-barrique-rouge\\\/#breadcrumb\"},\"inLanguage\":\"fr-FR\",\"potentialAction\":[{\"@type\":\"ReadAction\",\"target\":[\"https:\\\/\\\/www.ivinio.com\\\/fr\\\/produit\\\/maggiovini-amongae-barrique-rouge\\\/\"]}]},{\"@type\":\"ImageObject\",\"inLanguage\":\"fr-FR\",\"@id\":\"https:\\\/\\\/www.ivinio.com\\\/fr\\\/produit\\\/maggiovini-amongae-barrique-rouge\\\/#primaryimage\",\"url\":\"https:\\\/\\\/www.ivinio.com\\\/wp-content\\\/uploads\\\/nc\\\/public\\\/modules\\\/file\\\/pictures\\\/6493.maggiovini-amongae-ivinio.jpg\",\"contentUrl\":\"https:\\\/\\\/www.ivinio.com\\\/wp-content\\\/uploads\\\/nc\\\/public\\\/modules\\\/file\\\/pictures\\\/6493.maggiovini-amongae-ivinio.jpg\",\"width\":500,\"height\":500},{\"@type\":\"BreadcrumbList\",\"@id\":\"https:\\\/\\\/www.ivinio.com\\\/fr\\\/produit\\\/maggiovini-amongae-barrique-rouge\\\/#breadcrumb\",\"itemListElement\":[{\"@type\":\"ListItem\",\"position\":1,\"name\":\"Home\",\"item\":\"https:\\\/\\\/www.ivinio.com\\\/fr\\\/\"},{\"@type\":\"ListItem\",\"position\":2,\"name\":\"Boutique de vin\",\"item\":\"https:\\\/\\\/www.ivinio.com\\\/fr\\\/boutique-de-vin\\\/\"},{\"@type\":\"ListItem\",\"position\":3,\"name\":\"Maggiovini &#8211; Amongae &#8211; barrique &#8211; Rouge\"}]},{\"@type\":\"WebSite\",\"@id\":\"https:\\\/\\\/www.ivinio.com\\\/fr\\\/#website\",\"url\":\"https:\\\/\\\/www.ivinio.com\\\/fr\\\/\",\"name\":\"IVINIO Caviste\",\"description\":\"Vins de France et d&#039;Italie avec livraison \u00e0 domicile\",\"publisher\":{\"@id\":\"https:\\\/\\\/www.ivinio.com\\\/fr\\\/#organization\"},\"potentialAction\":[{\"@type\":\"SearchAction\",\"target\":{\"@type\":\"EntryPoint\",\"urlTemplate\":\"https:\\\/\\\/www.ivinio.com\\\/fr\\\/?s={search_term_string}\"},\"query-input\":{\"@type\":\"PropertyValueSpecification\",\"valueRequired\":true,\"valueName\":\"search_term_string\"}}],\"inLanguage\":\"fr-FR\"},{\"@type\":\"Organization\",\"@id\":\"https:\\\/\\\/www.ivinio.com\\\/fr\\\/#organization\",\"name\":\"IVINIO\",\"url\":\"https:\\\/\\\/www.ivinio.com\\\/fr\\\/\",\"logo\":{\"@type\":\"ImageObject\",\"inLanguage\":\"fr-FR\",\"@id\":\"https:\\\/\\\/www.ivinio.com\\\/fr\\\/#\\\/schema\\\/logo\\\/image\\\/\",\"url\":\"https:\\\/\\\/www.ivinio.com\\\/wp-content\\\/uploads\\\/2021\\\/01\\\/Logo-Ivinio-v2.jpg\",\"contentUrl\":\"https:\\\/\\\/www.ivinio.com\\\/wp-content\\\/uploads\\\/2021\\\/01\\\/Logo-Ivinio-v2.jpg\",\"width\":1194,\"height\":1194,\"caption\":\"IVINIO\"},\"image\":{\"@id\":\"https:\\\/\\\/www.ivinio.com\\\/fr\\\/#\\\/schema\\\/logo\\\/image\\\/\"},\"sameAs\":[\"https:\\\/\\\/www.facebook.com\\\/groups\\\/165217837022391\\\/?ref=bookmarks\",\"https:\\\/\\\/www.instagram.com\\\/_ivinio_\\\/?hl=fr\"]}]}<\/script>\n<!-- \/ Yoast SEO plugin. -->","yoast_head_json":{"title":"Maggiovini - Amongae - barrique - Rouge - IVINIO Caviste","description":"Maggiovini - Amongae - barrique - Rouge. Elev\u00e9 en f\u00fbt de ch\u00eane \u00e0 base de Cabernet Sauvignon, Nero d'Avola et Merlot. \"Un Bordeaux sicilien\", des \u00e9l\u00e9ments de fruits rouges, de vanille. Servir sur de la viande rouge grill\u00e9e ou un plat en sauce.","robots":{"index":"index","follow":"follow","max-snippet":"max-snippet:-1","max-image-preview":"max-image-preview:large","max-video-preview":"max-video-preview:-1"},"canonical":"https:\/\/www.ivinio.com\/fr\/produit\/maggiovini-amongae-barrique-rouge\/","og_locale":"fr_FR","og_type":"article","og_title":"Maggiovini - Amongae - barrique - Rouge - IVINIO Caviste","og_description":"Maggiovini - Amongae - barrique - Rouge. Elev\u00e9 en f\u00fbt de ch\u00eane \u00e0 base de Cabernet Sauvignon, Nero d'Avola et Merlot. \"Un Bordeaux sicilien\", des \u00e9l\u00e9ments de fruits rouges, de vanille. Servir sur de la viande rouge grill\u00e9e ou un plat en sauce.","og_url":"https:\/\/www.ivinio.com\/fr\/produit\/maggiovini-amongae-barrique-rouge\/","og_site_name":"IVINIO Caviste","article_publisher":"https:\/\/www.facebook.com\/groups\/165217837022391\/?ref=bookmarks","article_modified_time":"2023-01-04T09:19:42+00:00","og_image":[{"width":500,"height":500,"url":"https:\/\/www.ivinio.com\/wp-content\/uploads\/nc\/public\/modules\/file\/pictures\/6493.maggiovini-amongae-ivinio.jpg","type":"image\/jpeg"}],"twitter_card":"summary_large_image","twitter_misc":{"Dur\u00e9e de lecture estim\u00e9e":"1 minute"},"schema":{"@context":"https:\/\/schema.org","@graph":[{"@type":"WebPage","@id":"https:\/\/www.ivinio.com\/fr\/produit\/maggiovini-amongae-barrique-rouge\/","url":"https:\/\/www.ivinio.com\/fr\/produit\/maggiovini-amongae-barrique-rouge\/","name":"Maggiovini - Amongae - barrique - Rouge - IVINIO Caviste","isPartOf":{"@id":"https:\/\/www.ivinio.com\/fr\/#website"},"primaryImageOfPage":{"@id":"https:\/\/www.ivinio.com\/fr\/produit\/maggiovini-amongae-barrique-rouge\/#primaryimage"},"image":{"@id":"https:\/\/www.ivinio.com\/fr\/produit\/maggiovini-amongae-barrique-rouge\/#primaryimage"},"thumbnailUrl":"https:\/\/www.ivinio.com\/wp-content\/uploads\/nc\/public\/modules\/file\/pictures\/6493.maggiovini-amongae-ivinio.jpg","datePublished":"2017-08-08T17:40:14+00:00","dateModified":"2023-01-04T09:19:42+00:00","description":"Maggiovini - Amongae - barrique - Rouge. Elev\u00e9 en f\u00fbt de ch\u00eane \u00e0 base de Cabernet Sauvignon, Nero d'Avola et Merlot. \"Un Bordeaux sicilien\", des \u00e9l\u00e9ments de fruits rouges, de vanille. Servir sur de la viande rouge grill\u00e9e ou un plat en sauce.","breadcrumb":{"@id":"https:\/\/www.ivinio.com\/fr\/produit\/maggiovini-amongae-barrique-rouge\/#breadcrumb"},"inLanguage":"fr-FR","potentialAction":[{"@type":"ReadAction","target":["https:\/\/www.ivinio.com\/fr\/produit\/maggiovini-amongae-barrique-rouge\/"]}]},{"@type":"ImageObject","inLanguage":"fr-FR","@id":"https:\/\/www.ivinio.com\/fr\/produit\/maggiovini-amongae-barrique-rouge\/#primaryimage","url":"https:\/\/www.ivinio.com\/wp-content\/uploads\/nc\/public\/modules\/file\/pictures\/6493.maggiovini-amongae-ivinio.jpg","contentUrl":"https:\/\/www.ivinio.com\/wp-content\/uploads\/nc\/public\/modules\/file\/pictures\/6493.maggiovini-amongae-ivinio.jpg","width":500,"height":500},{"@type":"BreadcrumbList","@id":"https:\/\/www.ivinio.com\/fr\/produit\/maggiovini-amongae-barrique-rouge\/#breadcrumb","itemListElement":[{"@type":"ListItem","position":1,"name":"Home","item":"https:\/\/www.ivinio.com\/fr\/"},{"@type":"ListItem","position":2,"name":"Boutique de vin","item":"https:\/\/www.ivinio.com\/fr\/boutique-de-vin\/"},{"@type":"ListItem","position":3,"name":"Maggiovini &#8211; Amongae &#8211; barrique &#8211; Rouge"}]},{"@type":"WebSite","@id":"https:\/\/www.ivinio.com\/fr\/#website","url":"https:\/\/www.ivinio.com\/fr\/","name":"IVINIO Caviste","description":"Vins de France et d&#039;Italie avec livraison \u00e0 domicile","publisher":{"@id":"https:\/\/www.ivinio.com\/fr\/#organization"},"potentialAction":[{"@type":"SearchAction","target":{"@type":"EntryPoint","urlTemplate":"https:\/\/www.ivinio.com\/fr\/?s={search_term_string}"},"query-input":{"@type":"PropertyValueSpecification","valueRequired":true,"valueName":"search_term_string"}}],"inLanguage":"fr-FR"},{"@type":"Organization","@id":"https:\/\/www.ivinio.com\/fr\/#organization","name":"IVINIO","url":"https:\/\/www.ivinio.com\/fr\/","logo":{"@type":"ImageObject","inLanguage":"fr-FR","@id":"https:\/\/www.ivinio.com\/fr\/#\/schema\/logo\/image\/","url":"https:\/\/www.ivinio.com\/wp-content\/uploads\/2021\/01\/Logo-Ivinio-v2.jpg","contentUrl":"https:\/\/www.ivinio.com\/wp-content\/uploads\/2021\/01\/Logo-Ivinio-v2.jpg","width":1194,"height":1194,"caption":"IVINIO"},"image":{"@id":"https:\/\/www.ivinio.com\/fr\/#\/schema\/logo\/image\/"},"sameAs":["https:\/\/www.facebook.com\/groups\/165217837022391\/?ref=bookmarks","https:\/\/www.instagram.com\/_ivinio_\/?hl=fr"]}]}},"jetpack_sharing_enabled":true,"_links":{"self":[{"href":"https:\/\/www.ivinio.com\/fr\/wp-json\/wp\/v2\/product\/120783","targetHints":{"allow":["GET"]}}],"collection":[{"href":"https:\/\/www.ivinio.com\/fr\/wp-json\/wp\/v2\/product"}],"about":[{"href":"https:\/\/www.ivinio.com\/fr\/wp-json\/wp\/v2\/types\/product"}],"replies":[{"embeddable":true,"href":"https:\/\/www.ivinio.com\/fr\/wp-json\/wp\/v2\/comments?post=120783"}],"wp:featuredmedia":[{"embeddable":true,"href":"https:\/\/www.ivinio.com\/fr\/wp-json\/wp\/v2\/media\/130739"}],"wp:attachment":[{"href":"https:\/\/www.ivinio.com\/fr\/wp-json\/wp\/v2\/media?parent=120783"}],"wp:term":[{"taxonomy":"product_brand","embeddable":true,"href":"https:\/\/www.ivinio.com\/fr\/wp-json\/wp\/v2\/product_brand?post=120783"},{"taxonomy":"product_cat","embeddable":true,"href":"https:\/\/www.ivinio.com\/fr\/wp-json\/wp\/v2\/product_cat?post=120783"},{"taxonomy":"product_tag","embeddable":true,"href":"https:\/\/www.ivinio.com\/fr\/wp-json\/wp\/v2\/product_tag?post=120783"}],"curies":[{"name":"wp","href":"https:\/\/api.w.org\/{rel}","templated":true}]}}