{"id":120771,"date":"2017-08-03T15:37:12","date_gmt":"2017-08-03T15:37:12","guid":{"rendered":"https:\/\/henrik.www.ivinio.com\/?product=maggiovini-vigna-di-pettineo-grillo-blanc"},"modified":"2022-03-17T06:06:43","modified_gmt":"2022-03-17T05:06:43","slug":"maggiovini-vigna-di-pettineo-grillo-blanc","status":"publish","type":"product","link":"https:\/\/www.ivinio.com\/fr\/produit\/maggiovini-vigna-di-pettineo-grillo-blanc\/","title":{"rendered":"Maggiovini &#8211; Vigna di Pettineo &#8211; Grillo &#8211; Blanc"},"content":{"rendered":"<p>Vigna di Pettineo de chez Maggiovini se\u00a0compose\u00a0de 100% de\u00a0Grillo cultiv\u00e9s en agriculture biologique dans le vignoble autour de la ville de\u00a0Vittoria. Les raisins sont r\u00e9colt\u00e9s et tri\u00e9s \u00e0 la main. Seuls les plus beaux raisins sont choisis, qui seront ensuite mac\u00e9r\u00e9s pendant 24 heures. Fermentation \u00e0 basse temp\u00e9rature en cuve d&#8217;acier, mais termin\u00e9e en f\u00fbts de ch\u00eane fran\u00e7ais.<\/p>\n<p>&nbsp;<\/p>\n","protected":false},"excerpt":{"rendered":"<p>Vigna di Pettineo est un vin blanc de Maggiovini fabriqu\u00e9 \u00e0 partir du\u00a0c\u00e9page Grillo local. Un vin blanc sec avec de belles\u00a0acidit\u00e9s,\u00a0mais \u00e9galement avec\u00a0des notes\u00a0aromatiques rondes\u00a0de fruits blancs et de miel. A servir en ap\u00e9ritif ou pour accompagner des\u00a0gambas grill\u00e9es!<\/p>\n","protected":false},"featured_media":120774,"comment_status":"open","ping_status":"closed","template":"","meta":{"_monsterinsights_skip_tracking":false,"_monsterinsights_sitenote_active":false,"_monsterinsights_sitenote_note":"","_monsterinsights_sitenote_category":0,"_uf_show_specific_survey":0,"_uf_disable_surveys":false},"product_brand":[],"product_cat":[36601,36589],"product_tag":[],"class_list":{"0":"post-120771","1":"product","2":"type-product","3":"status-publish","4":"has-post-thumbnail","6":"product_cat-fr-sicile","7":"product_cat-vins-italiens","8":"pa_alcohol-degree-13-fr","9":"pa_classification-igp-terre-siciliane","10":"pa_color-blanc-fr","11":"pa_country-italie-fr","12":"pa_grape-variety-grillo-fr","13":"pa_region-sicile-fr","14":"pa_vintage-2016-fr","15":"pa_volume-75-cl-fr","17":"first","18":"outofstock","19":"taxable","20":"shipping-taxable","21":"purchasable","22":"product-type-simple"},"bundled_by":[],"bundle_stock_status":"outofstock","bundle_stock_quantity":1,"bundle_virtual":false,"bundle_layout":"","bundle_add_to_cart_form_location":"","bundle_editable_in_cart":false,"bundle_sold_individually_context":"","bundle_item_grouping":"","bundle_min_size":"","bundle_max_size":"","bundle_price":[],"bundled_items":[],"bundle_sell_ids":[],"yoast_head":"<!-- This site is optimized with the Yoast SEO plugin v27.5 - https:\/\/yoast.com\/product\/yoast-seo-wordpress\/ -->\n<title>acheter des vins italiens en ligne - vins siciliens en ligne - Boutique de vin en ligne www.ivinio.com<\/title>\n<meta name=\"description\" content=\"Vigna di Pettineo est un vin blanc de Maggiovini fabriqu\u00e9 \u00e0 partir du c\u00e9page Grillo local. Un vin blanc sec avec de belles acidit\u00e9s, mais \u00e9galement avec des notes aromatiques rondes de fruits blancs et de miel. A servir en ap\u00e9ritif ou pour accompagne\" \/>\n<meta name=\"robots\" content=\"index, follow, max-snippet:-1, max-image-preview:large, max-video-preview:-1\" \/>\n<link rel=\"canonical\" href=\"https:\/\/www.ivinio.com\/fr\/produit\/maggiovini-vigna-di-pettineo-grillo-blanc\/\" \/>\n<meta property=\"og:locale\" content=\"fr_FR\" \/>\n<meta property=\"og:type\" content=\"article\" \/>\n<meta property=\"og:title\" content=\"acheter des vins italiens en ligne - vins siciliens en ligne - Boutique de vin en ligne www.ivinio.com\" \/>\n<meta property=\"og:description\" content=\"Vigna di Pettineo est un vin blanc de Maggiovini fabriqu\u00e9 \u00e0 partir du c\u00e9page Grillo local. Un vin blanc sec avec de belles acidit\u00e9s, mais \u00e9galement avec des notes aromatiques rondes de fruits blancs et de miel. A servir en ap\u00e9ritif ou pour accompagne\" \/>\n<meta property=\"og:url\" content=\"https:\/\/www.ivinio.com\/fr\/produit\/maggiovini-vigna-di-pettineo-grillo-blanc\/\" \/>\n<meta property=\"og:site_name\" content=\"IVINIO Caviste\" \/>\n<meta property=\"article:publisher\" content=\"https:\/\/www.facebook.com\/groups\/165217837022391\/?ref=bookmarks\" \/>\n<meta property=\"article:modified_time\" content=\"2022-03-17T05:06:43+00:00\" \/>\n<meta property=\"og:image\" content=\"https:\/\/www.ivinio.com\/wp-content\/uploads\/nc\/public\/modules\/file\/pictures\/6489.Maggiovini-Vigna-di-Pettineo-grillo-ivinio.jpg\" \/>\n\t<meta property=\"og:image:width\" content=\"500\" \/>\n\t<meta property=\"og:image:height\" content=\"500\" \/>\n\t<meta property=\"og:image:type\" content=\"image\/jpeg\" \/>\n<meta name=\"twitter:card\" content=\"summary_large_image\" \/>\n<script type=\"application\/ld+json\" class=\"yoast-schema-graph\">{\"@context\":\"https:\\\/\\\/schema.org\",\"@graph\":[{\"@type\":\"WebPage\",\"@id\":\"https:\\\/\\\/www.ivinio.com\\\/fr\\\/produit\\\/maggiovini-vigna-di-pettineo-grillo-blanc\\\/\",\"url\":\"https:\\\/\\\/www.ivinio.com\\\/fr\\\/produit\\\/maggiovini-vigna-di-pettineo-grillo-blanc\\\/\",\"name\":\"acheter des vins italiens en ligne - vins siciliens en ligne - Boutique de vin en ligne www.ivinio.com\",\"isPartOf\":{\"@id\":\"https:\\\/\\\/www.ivinio.com\\\/fr\\\/#website\"},\"primaryImageOfPage\":{\"@id\":\"https:\\\/\\\/www.ivinio.com\\\/fr\\\/produit\\\/maggiovini-vigna-di-pettineo-grillo-blanc\\\/#primaryimage\"},\"image\":{\"@id\":\"https:\\\/\\\/www.ivinio.com\\\/fr\\\/produit\\\/maggiovini-vigna-di-pettineo-grillo-blanc\\\/#primaryimage\"},\"thumbnailUrl\":\"https:\\\/\\\/www.ivinio.com\\\/wp-content\\\/uploads\\\/nc\\\/public\\\/modules\\\/file\\\/pictures\\\/6489.Maggiovini-Vigna-di-Pettineo-grillo-ivinio.jpg\",\"datePublished\":\"2017-08-03T15:37:12+00:00\",\"dateModified\":\"2022-03-17T05:06:43+00:00\",\"description\":\"Vigna di Pettineo est un vin blanc de Maggiovini fabriqu\u00e9 \u00e0 partir du c\u00e9page Grillo local. Un vin blanc sec avec de belles acidit\u00e9s, mais \u00e9galement avec des notes aromatiques rondes de fruits blancs et de miel. A servir en ap\u00e9ritif ou pour accompagne\",\"breadcrumb\":{\"@id\":\"https:\\\/\\\/www.ivinio.com\\\/fr\\\/produit\\\/maggiovini-vigna-di-pettineo-grillo-blanc\\\/#breadcrumb\"},\"inLanguage\":\"fr-FR\",\"potentialAction\":[{\"@type\":\"ReadAction\",\"target\":[\"https:\\\/\\\/www.ivinio.com\\\/fr\\\/produit\\\/maggiovini-vigna-di-pettineo-grillo-blanc\\\/\"]}]},{\"@type\":\"ImageObject\",\"inLanguage\":\"fr-FR\",\"@id\":\"https:\\\/\\\/www.ivinio.com\\\/fr\\\/produit\\\/maggiovini-vigna-di-pettineo-grillo-blanc\\\/#primaryimage\",\"url\":\"https:\\\/\\\/www.ivinio.com\\\/wp-content\\\/uploads\\\/nc\\\/public\\\/modules\\\/file\\\/pictures\\\/6489.Maggiovini-Vigna-di-Pettineo-grillo-ivinio.jpg\",\"contentUrl\":\"https:\\\/\\\/www.ivinio.com\\\/wp-content\\\/uploads\\\/nc\\\/public\\\/modules\\\/file\\\/pictures\\\/6489.Maggiovini-Vigna-di-Pettineo-grillo-ivinio.jpg\",\"width\":500,\"height\":500},{\"@type\":\"BreadcrumbList\",\"@id\":\"https:\\\/\\\/www.ivinio.com\\\/fr\\\/produit\\\/maggiovini-vigna-di-pettineo-grillo-blanc\\\/#breadcrumb\",\"itemListElement\":[{\"@type\":\"ListItem\",\"position\":1,\"name\":\"Home\",\"item\":\"https:\\\/\\\/www.ivinio.com\\\/fr\\\/\"},{\"@type\":\"ListItem\",\"position\":2,\"name\":\"Boutique de vin\",\"item\":\"https:\\\/\\\/www.ivinio.com\\\/fr\\\/boutique-de-vin\\\/\"},{\"@type\":\"ListItem\",\"position\":3,\"name\":\"Maggiovini &#8211; Vigna di Pettineo &#8211; Grillo &#8211; Blanc\"}]},{\"@type\":\"WebSite\",\"@id\":\"https:\\\/\\\/www.ivinio.com\\\/fr\\\/#website\",\"url\":\"https:\\\/\\\/www.ivinio.com\\\/fr\\\/\",\"name\":\"IVINIO Caviste\",\"description\":\"Vins de France et d&#039;Italie avec livraison \u00e0 domicile\",\"publisher\":{\"@id\":\"https:\\\/\\\/www.ivinio.com\\\/fr\\\/#organization\"},\"potentialAction\":[{\"@type\":\"SearchAction\",\"target\":{\"@type\":\"EntryPoint\",\"urlTemplate\":\"https:\\\/\\\/www.ivinio.com\\\/fr\\\/?s={search_term_string}\"},\"query-input\":{\"@type\":\"PropertyValueSpecification\",\"valueRequired\":true,\"valueName\":\"search_term_string\"}}],\"inLanguage\":\"fr-FR\"},{\"@type\":\"Organization\",\"@id\":\"https:\\\/\\\/www.ivinio.com\\\/fr\\\/#organization\",\"name\":\"IVINIO\",\"url\":\"https:\\\/\\\/www.ivinio.com\\\/fr\\\/\",\"logo\":{\"@type\":\"ImageObject\",\"inLanguage\":\"fr-FR\",\"@id\":\"https:\\\/\\\/www.ivinio.com\\\/fr\\\/#\\\/schema\\\/logo\\\/image\\\/\",\"url\":\"https:\\\/\\\/www.ivinio.com\\\/wp-content\\\/uploads\\\/2021\\\/01\\\/Logo-Ivinio-v2.jpg\",\"contentUrl\":\"https:\\\/\\\/www.ivinio.com\\\/wp-content\\\/uploads\\\/2021\\\/01\\\/Logo-Ivinio-v2.jpg\",\"width\":1194,\"height\":1194,\"caption\":\"IVINIO\"},\"image\":{\"@id\":\"https:\\\/\\\/www.ivinio.com\\\/fr\\\/#\\\/schema\\\/logo\\\/image\\\/\"},\"sameAs\":[\"https:\\\/\\\/www.facebook.com\\\/groups\\\/165217837022391\\\/?ref=bookmarks\",\"https:\\\/\\\/www.instagram.com\\\/_ivinio_\\\/?hl=fr\"]}]}<\/script>\n<!-- \/ Yoast SEO plugin. -->","yoast_head_json":{"title":"acheter des vins italiens en ligne - vins siciliens en ligne - Boutique de vin en ligne www.ivinio.com","description":"Vigna di Pettineo est un vin blanc de Maggiovini fabriqu\u00e9 \u00e0 partir du c\u00e9page Grillo local. Un vin blanc sec avec de belles acidit\u00e9s, mais \u00e9galement avec des notes aromatiques rondes de fruits blancs et de miel. A servir en ap\u00e9ritif ou pour accompagne","robots":{"index":"index","follow":"follow","max-snippet":"max-snippet:-1","max-image-preview":"max-image-preview:large","max-video-preview":"max-video-preview:-1"},"canonical":"https:\/\/www.ivinio.com\/fr\/produit\/maggiovini-vigna-di-pettineo-grillo-blanc\/","og_locale":"fr_FR","og_type":"article","og_title":"acheter des vins italiens en ligne - vins siciliens en ligne - Boutique de vin en ligne www.ivinio.com","og_description":"Vigna di Pettineo est un vin blanc de Maggiovini fabriqu\u00e9 \u00e0 partir du c\u00e9page Grillo local. Un vin blanc sec avec de belles acidit\u00e9s, mais \u00e9galement avec des notes aromatiques rondes de fruits blancs et de miel. A servir en ap\u00e9ritif ou pour accompagne","og_url":"https:\/\/www.ivinio.com\/fr\/produit\/maggiovini-vigna-di-pettineo-grillo-blanc\/","og_site_name":"IVINIO Caviste","article_publisher":"https:\/\/www.facebook.com\/groups\/165217837022391\/?ref=bookmarks","article_modified_time":"2022-03-17T05:06:43+00:00","og_image":[{"width":500,"height":500,"url":"https:\/\/www.ivinio.com\/wp-content\/uploads\/nc\/public\/modules\/file\/pictures\/6489.Maggiovini-Vigna-di-Pettineo-grillo-ivinio.jpg","type":"image\/jpeg"}],"twitter_card":"summary_large_image","schema":{"@context":"https:\/\/schema.org","@graph":[{"@type":"WebPage","@id":"https:\/\/www.ivinio.com\/fr\/produit\/maggiovini-vigna-di-pettineo-grillo-blanc\/","url":"https:\/\/www.ivinio.com\/fr\/produit\/maggiovini-vigna-di-pettineo-grillo-blanc\/","name":"acheter des vins italiens en ligne - vins siciliens en ligne - Boutique de vin en ligne www.ivinio.com","isPartOf":{"@id":"https:\/\/www.ivinio.com\/fr\/#website"},"primaryImageOfPage":{"@id":"https:\/\/www.ivinio.com\/fr\/produit\/maggiovini-vigna-di-pettineo-grillo-blanc\/#primaryimage"},"image":{"@id":"https:\/\/www.ivinio.com\/fr\/produit\/maggiovini-vigna-di-pettineo-grillo-blanc\/#primaryimage"},"thumbnailUrl":"https:\/\/www.ivinio.com\/wp-content\/uploads\/nc\/public\/modules\/file\/pictures\/6489.Maggiovini-Vigna-di-Pettineo-grillo-ivinio.jpg","datePublished":"2017-08-03T15:37:12+00:00","dateModified":"2022-03-17T05:06:43+00:00","description":"Vigna di Pettineo est un vin blanc de Maggiovini fabriqu\u00e9 \u00e0 partir du c\u00e9page Grillo local. Un vin blanc sec avec de belles acidit\u00e9s, mais \u00e9galement avec des notes aromatiques rondes de fruits blancs et de miel. A servir en ap\u00e9ritif ou pour accompagne","breadcrumb":{"@id":"https:\/\/www.ivinio.com\/fr\/produit\/maggiovini-vigna-di-pettineo-grillo-blanc\/#breadcrumb"},"inLanguage":"fr-FR","potentialAction":[{"@type":"ReadAction","target":["https:\/\/www.ivinio.com\/fr\/produit\/maggiovini-vigna-di-pettineo-grillo-blanc\/"]}]},{"@type":"ImageObject","inLanguage":"fr-FR","@id":"https:\/\/www.ivinio.com\/fr\/produit\/maggiovini-vigna-di-pettineo-grillo-blanc\/#primaryimage","url":"https:\/\/www.ivinio.com\/wp-content\/uploads\/nc\/public\/modules\/file\/pictures\/6489.Maggiovini-Vigna-di-Pettineo-grillo-ivinio.jpg","contentUrl":"https:\/\/www.ivinio.com\/wp-content\/uploads\/nc\/public\/modules\/file\/pictures\/6489.Maggiovini-Vigna-di-Pettineo-grillo-ivinio.jpg","width":500,"height":500},{"@type":"BreadcrumbList","@id":"https:\/\/www.ivinio.com\/fr\/produit\/maggiovini-vigna-di-pettineo-grillo-blanc\/#breadcrumb","itemListElement":[{"@type":"ListItem","position":1,"name":"Home","item":"https:\/\/www.ivinio.com\/fr\/"},{"@type":"ListItem","position":2,"name":"Boutique de vin","item":"https:\/\/www.ivinio.com\/fr\/boutique-de-vin\/"},{"@type":"ListItem","position":3,"name":"Maggiovini &#8211; Vigna di Pettineo &#8211; Grillo &#8211; Blanc"}]},{"@type":"WebSite","@id":"https:\/\/www.ivinio.com\/fr\/#website","url":"https:\/\/www.ivinio.com\/fr\/","name":"IVINIO Caviste","description":"Vins de France et d&#039;Italie avec livraison \u00e0 domicile","publisher":{"@id":"https:\/\/www.ivinio.com\/fr\/#organization"},"potentialAction":[{"@type":"SearchAction","target":{"@type":"EntryPoint","urlTemplate":"https:\/\/www.ivinio.com\/fr\/?s={search_term_string}"},"query-input":{"@type":"PropertyValueSpecification","valueRequired":true,"valueName":"search_term_string"}}],"inLanguage":"fr-FR"},{"@type":"Organization","@id":"https:\/\/www.ivinio.com\/fr\/#organization","name":"IVINIO","url":"https:\/\/www.ivinio.com\/fr\/","logo":{"@type":"ImageObject","inLanguage":"fr-FR","@id":"https:\/\/www.ivinio.com\/fr\/#\/schema\/logo\/image\/","url":"https:\/\/www.ivinio.com\/wp-content\/uploads\/2021\/01\/Logo-Ivinio-v2.jpg","contentUrl":"https:\/\/www.ivinio.com\/wp-content\/uploads\/2021\/01\/Logo-Ivinio-v2.jpg","width":1194,"height":1194,"caption":"IVINIO"},"image":{"@id":"https:\/\/www.ivinio.com\/fr\/#\/schema\/logo\/image\/"},"sameAs":["https:\/\/www.facebook.com\/groups\/165217837022391\/?ref=bookmarks","https:\/\/www.instagram.com\/_ivinio_\/?hl=fr"]}]}},"jetpack_sharing_enabled":true,"_links":{"self":[{"href":"https:\/\/www.ivinio.com\/fr\/wp-json\/wp\/v2\/product\/120771","targetHints":{"allow":["GET"]}}],"collection":[{"href":"https:\/\/www.ivinio.com\/fr\/wp-json\/wp\/v2\/product"}],"about":[{"href":"https:\/\/www.ivinio.com\/fr\/wp-json\/wp\/v2\/types\/product"}],"replies":[{"embeddable":true,"href":"https:\/\/www.ivinio.com\/fr\/wp-json\/wp\/v2\/comments?post=120771"}],"wp:featuredmedia":[{"embeddable":true,"href":"https:\/\/www.ivinio.com\/fr\/wp-json\/wp\/v2\/media\/120774"}],"wp:attachment":[{"href":"https:\/\/www.ivinio.com\/fr\/wp-json\/wp\/v2\/media?parent=120771"}],"wp:term":[{"taxonomy":"product_brand","embeddable":true,"href":"https:\/\/www.ivinio.com\/fr\/wp-json\/wp\/v2\/product_brand?post=120771"},{"taxonomy":"product_cat","embeddable":true,"href":"https:\/\/www.ivinio.com\/fr\/wp-json\/wp\/v2\/product_cat?post=120771"},{"taxonomy":"product_tag","embeddable":true,"href":"https:\/\/www.ivinio.com\/fr\/wp-json\/wp\/v2\/product_tag?post=120771"}],"curies":[{"name":"wp","href":"https:\/\/api.w.org\/{rel}","templated":true}]}}