{"id":120745,"date":"2017-08-03T15:37:12","date_gmt":"2017-08-03T15:37:12","guid":{"rendered":"https:\/\/henrik.www.ivinio.com\/?product=maggiovini-cerasuolo-cerasuolo-de-vittoria-classico-docg-rouge"},"modified":"2023-01-04T10:29:03","modified_gmt":"2023-01-04T09:29:03","slug":"maggiovini-cerasuolo-cerasuolo-de-vittoria-classico-docg-rouge","status":"publish","type":"product","link":"https:\/\/www.ivinio.com\/fr\/produit\/maggiovini-cerasuolo-cerasuolo-de-vittoria-classico-docg-rouge\/","title":{"rendered":"Maggiovini &#8211; Cerasuolo &#8211; Cerasuolo de Vittoria Classico DOCG &#8211; Rouge"},"content":{"rendered":"<p>Maggiovini &#8211; Cerasuolo &#8211; Cerasuolo de Vittoria Classico DOCG &#8211; Rouge. Cerasuolo vient du mot &#8220;Cerasa&#8221; qui signifie litt\u00e9ralement &#8220;cerise&#8221; en dialecte sicilien local ce qui est la description organoleptique de ce vin DOCG. C&#8217;est aussi un &#8220;Classico&#8221; puisque le vin est produit dans la municipalit\u00e9 m\u00eame de Vittoria. Le vin est compos\u00e9 de 50% de Nero d&#8217;avola et 50% de Frappato et subit une longue mac\u00e9ration (7-10 jours) avec les peaux et ensuite une fermentation \u00e0 temp\u00e9rature contr\u00f4l\u00e9e. Le vin est \u00e9lev\u00e9 dans des cuves en acier pendant un an avant la mise en bouteilles, puis 6 mois suppl\u00e9mentaires.<\/p>\n","protected":false},"excerpt":{"rendered":"<p>Cerasuolo de Maggiovini est un vin rouge fruit\u00e9 avec des notes\u00a0de fruits rouges, de r\u00e9glisse et de menthe &#8211; l\u00e9g\u00e8rement floral. Le vin est compos\u00e9 de\u00a050% de Nero d&#8217;avola et\u00a050% de Frappato. Un vin rouge pour accompagner\u00a0les fromages, les viandes grill\u00e9es et les viandes en sauce.<\/p>\n<p>&nbsp;<\/p>\n","protected":false},"featured_media":130741,"comment_status":"open","ping_status":"closed","template":"","meta":{"_monsterinsights_skip_tracking":false,"_monsterinsights_sitenote_active":false,"_monsterinsights_sitenote_note":"","_monsterinsights_sitenote_category":0,"_uf_show_specific_survey":0,"_uf_disable_surveys":false},"product_brand":[],"product_cat":[36601,36589],"product_tag":[],"class_list":{"0":"post-120745","1":"product","2":"type-product","3":"status-publish","4":"has-post-thumbnail","6":"product_cat-fr-sicile","7":"product_cat-vins-italiens","8":"pa_classification-igp-terre-siciliane","9":"pa_color-rouge-fr","10":"pa_country-italie-fr","11":"pa_grape-variety-frappato-fr","12":"pa_grape-variety-nero-davola-fr","13":"pa_region-sicile-fr","14":"pa_storage-potential-5-ans-fr","15":"pa_vintage-2015-fr","16":"pa_volume-75-cl-fr","18":"first","19":"outofstock","20":"taxable","21":"shipping-taxable","22":"purchasable","23":"product-type-simple"},"bundled_by":["120755"],"bundle_stock_status":"outofstock","bundle_stock_quantity":null,"bundle_virtual":false,"bundle_layout":"","bundle_add_to_cart_form_location":"","bundle_editable_in_cart":false,"bundle_sold_individually_context":"","bundle_item_grouping":"","bundle_min_size":"","bundle_max_size":"","bundle_price":[],"bundled_items":[],"bundle_sell_ids":[],"yoast_head":"<!-- This site is optimized with the Yoast SEO plugin v27.5 - https:\/\/yoast.com\/product\/yoast-seo-wordpress\/ -->\n<title>Maggiovini - Cerasuolo - Cerasuolo de Vittoria Classico DOCG - Rouge<\/title>\n<meta name=\"description\" content=\"Maggiovini - Cerasuolo - Cerasuolo de Vittoria Classico DOCG - Rouge. Fruit\u00e9 avec des notes de fruits rouges, de r\u00e9glisse et de menthe - l\u00e9g\u00e8rement floral. Le vin est compos\u00e9 de 50% de Nero d&#039;avola et 50% de Frappato.\" \/>\n<meta name=\"robots\" content=\"index, follow, max-snippet:-1, max-image-preview:large, max-video-preview:-1\" \/>\n<link rel=\"canonical\" href=\"https:\/\/www.ivinio.com\/fr\/produit\/maggiovini-cerasuolo-cerasuolo-de-vittoria-classico-docg-rouge\/\" \/>\n<meta property=\"og:locale\" content=\"fr_FR\" \/>\n<meta property=\"og:type\" content=\"article\" \/>\n<meta property=\"og:title\" content=\"Maggiovini - Cerasuolo - Cerasuolo de Vittoria Classico DOCG - Rouge\" \/>\n<meta property=\"og:description\" content=\"Maggiovini - Cerasuolo - Cerasuolo de Vittoria Classico DOCG - Rouge. Fruit\u00e9 avec des notes de fruits rouges, de r\u00e9glisse et de menthe - l\u00e9g\u00e8rement floral. Le vin est compos\u00e9 de 50% de Nero d&#039;avola et 50% de Frappato.\" \/>\n<meta property=\"og:url\" content=\"https:\/\/www.ivinio.com\/fr\/produit\/maggiovini-cerasuolo-cerasuolo-de-vittoria-classico-docg-rouge\/\" \/>\n<meta property=\"og:site_name\" content=\"IVINIO Caviste\" \/>\n<meta property=\"article:publisher\" content=\"https:\/\/www.facebook.com\/groups\/165217837022391\/?ref=bookmarks\" \/>\n<meta property=\"article:modified_time\" content=\"2023-01-04T09:29:03+00:00\" \/>\n<meta property=\"og:image\" content=\"https:\/\/www.ivinio.com\/wp-content\/uploads\/nc\/public\/modules\/file\/pictures\/6478.maggiovini-cerasuolo-ivinio.jpg\" \/>\n\t<meta property=\"og:image:width\" content=\"500\" \/>\n\t<meta property=\"og:image:height\" content=\"500\" \/>\n\t<meta property=\"og:image:type\" content=\"image\/jpeg\" \/>\n<meta name=\"twitter:card\" content=\"summary_large_image\" \/>\n<meta name=\"twitter:label1\" content=\"Dur\u00e9e de lecture estim\u00e9e\" \/>\n\t<meta name=\"twitter:data1\" content=\"1 minute\" \/>\n<script type=\"application\/ld+json\" class=\"yoast-schema-graph\">{\"@context\":\"https:\\\/\\\/schema.org\",\"@graph\":[{\"@type\":\"WebPage\",\"@id\":\"https:\\\/\\\/www.ivinio.com\\\/fr\\\/produit\\\/maggiovini-cerasuolo-cerasuolo-de-vittoria-classico-docg-rouge\\\/\",\"url\":\"https:\\\/\\\/www.ivinio.com\\\/fr\\\/produit\\\/maggiovini-cerasuolo-cerasuolo-de-vittoria-classico-docg-rouge\\\/\",\"name\":\"Maggiovini - Cerasuolo - Cerasuolo de Vittoria Classico DOCG - Rouge\",\"isPartOf\":{\"@id\":\"https:\\\/\\\/www.ivinio.com\\\/fr\\\/#website\"},\"primaryImageOfPage\":{\"@id\":\"https:\\\/\\\/www.ivinio.com\\\/fr\\\/produit\\\/maggiovini-cerasuolo-cerasuolo-de-vittoria-classico-docg-rouge\\\/#primaryimage\"},\"image\":{\"@id\":\"https:\\\/\\\/www.ivinio.com\\\/fr\\\/produit\\\/maggiovini-cerasuolo-cerasuolo-de-vittoria-classico-docg-rouge\\\/#primaryimage\"},\"thumbnailUrl\":\"https:\\\/\\\/www.ivinio.com\\\/wp-content\\\/uploads\\\/nc\\\/public\\\/modules\\\/file\\\/pictures\\\/6478.maggiovini-cerasuolo-ivinio.jpg\",\"datePublished\":\"2017-08-03T15:37:12+00:00\",\"dateModified\":\"2023-01-04T09:29:03+00:00\",\"description\":\"Maggiovini - Cerasuolo - Cerasuolo de Vittoria Classico DOCG - Rouge. Fruit\u00e9 avec des notes de fruits rouges, de r\u00e9glisse et de menthe - l\u00e9g\u00e8rement floral. Le vin est compos\u00e9 de 50% de Nero d'avola et 50% de Frappato.\",\"breadcrumb\":{\"@id\":\"https:\\\/\\\/www.ivinio.com\\\/fr\\\/produit\\\/maggiovini-cerasuolo-cerasuolo-de-vittoria-classico-docg-rouge\\\/#breadcrumb\"},\"inLanguage\":\"fr-FR\",\"potentialAction\":[{\"@type\":\"ReadAction\",\"target\":[\"https:\\\/\\\/www.ivinio.com\\\/fr\\\/produit\\\/maggiovini-cerasuolo-cerasuolo-de-vittoria-classico-docg-rouge\\\/\"]}]},{\"@type\":\"ImageObject\",\"inLanguage\":\"fr-FR\",\"@id\":\"https:\\\/\\\/www.ivinio.com\\\/fr\\\/produit\\\/maggiovini-cerasuolo-cerasuolo-de-vittoria-classico-docg-rouge\\\/#primaryimage\",\"url\":\"https:\\\/\\\/www.ivinio.com\\\/wp-content\\\/uploads\\\/nc\\\/public\\\/modules\\\/file\\\/pictures\\\/6478.maggiovini-cerasuolo-ivinio.jpg\",\"contentUrl\":\"https:\\\/\\\/www.ivinio.com\\\/wp-content\\\/uploads\\\/nc\\\/public\\\/modules\\\/file\\\/pictures\\\/6478.maggiovini-cerasuolo-ivinio.jpg\",\"width\":500,\"height\":500},{\"@type\":\"BreadcrumbList\",\"@id\":\"https:\\\/\\\/www.ivinio.com\\\/fr\\\/produit\\\/maggiovini-cerasuolo-cerasuolo-de-vittoria-classico-docg-rouge\\\/#breadcrumb\",\"itemListElement\":[{\"@type\":\"ListItem\",\"position\":1,\"name\":\"Home\",\"item\":\"https:\\\/\\\/www.ivinio.com\\\/fr\\\/\"},{\"@type\":\"ListItem\",\"position\":2,\"name\":\"Boutique de vin\",\"item\":\"https:\\\/\\\/www.ivinio.com\\\/fr\\\/boutique-de-vin\\\/\"},{\"@type\":\"ListItem\",\"position\":3,\"name\":\"Maggiovini &#8211; Cerasuolo &#8211; Cerasuolo de Vittoria Classico DOCG &#8211; Rouge\"}]},{\"@type\":\"WebSite\",\"@id\":\"https:\\\/\\\/www.ivinio.com\\\/fr\\\/#website\",\"url\":\"https:\\\/\\\/www.ivinio.com\\\/fr\\\/\",\"name\":\"IVINIO Caviste\",\"description\":\"Vins de France et d&#039;Italie avec livraison \u00e0 domicile\",\"publisher\":{\"@id\":\"https:\\\/\\\/www.ivinio.com\\\/fr\\\/#organization\"},\"potentialAction\":[{\"@type\":\"SearchAction\",\"target\":{\"@type\":\"EntryPoint\",\"urlTemplate\":\"https:\\\/\\\/www.ivinio.com\\\/fr\\\/?s={search_term_string}\"},\"query-input\":{\"@type\":\"PropertyValueSpecification\",\"valueRequired\":true,\"valueName\":\"search_term_string\"}}],\"inLanguage\":\"fr-FR\"},{\"@type\":\"Organization\",\"@id\":\"https:\\\/\\\/www.ivinio.com\\\/fr\\\/#organization\",\"name\":\"IVINIO\",\"url\":\"https:\\\/\\\/www.ivinio.com\\\/fr\\\/\",\"logo\":{\"@type\":\"ImageObject\",\"inLanguage\":\"fr-FR\",\"@id\":\"https:\\\/\\\/www.ivinio.com\\\/fr\\\/#\\\/schema\\\/logo\\\/image\\\/\",\"url\":\"https:\\\/\\\/www.ivinio.com\\\/wp-content\\\/uploads\\\/2021\\\/01\\\/Logo-Ivinio-v2.jpg\",\"contentUrl\":\"https:\\\/\\\/www.ivinio.com\\\/wp-content\\\/uploads\\\/2021\\\/01\\\/Logo-Ivinio-v2.jpg\",\"width\":1194,\"height\":1194,\"caption\":\"IVINIO\"},\"image\":{\"@id\":\"https:\\\/\\\/www.ivinio.com\\\/fr\\\/#\\\/schema\\\/logo\\\/image\\\/\"},\"sameAs\":[\"https:\\\/\\\/www.facebook.com\\\/groups\\\/165217837022391\\\/?ref=bookmarks\",\"https:\\\/\\\/www.instagram.com\\\/_ivinio_\\\/?hl=fr\"]}]}<\/script>\n<!-- \/ Yoast SEO plugin. -->","yoast_head_json":{"title":"Maggiovini - Cerasuolo - Cerasuolo de Vittoria Classico DOCG - Rouge","description":"Maggiovini - Cerasuolo - Cerasuolo de Vittoria Classico DOCG - Rouge. Fruit\u00e9 avec des notes de fruits rouges, de r\u00e9glisse et de menthe - l\u00e9g\u00e8rement floral. Le vin est compos\u00e9 de 50% de Nero d'avola et 50% de Frappato.","robots":{"index":"index","follow":"follow","max-snippet":"max-snippet:-1","max-image-preview":"max-image-preview:large","max-video-preview":"max-video-preview:-1"},"canonical":"https:\/\/www.ivinio.com\/fr\/produit\/maggiovini-cerasuolo-cerasuolo-de-vittoria-classico-docg-rouge\/","og_locale":"fr_FR","og_type":"article","og_title":"Maggiovini - Cerasuolo - Cerasuolo de Vittoria Classico DOCG - Rouge","og_description":"Maggiovini - Cerasuolo - Cerasuolo de Vittoria Classico DOCG - Rouge. Fruit\u00e9 avec des notes de fruits rouges, de r\u00e9glisse et de menthe - l\u00e9g\u00e8rement floral. Le vin est compos\u00e9 de 50% de Nero d'avola et 50% de Frappato.","og_url":"https:\/\/www.ivinio.com\/fr\/produit\/maggiovini-cerasuolo-cerasuolo-de-vittoria-classico-docg-rouge\/","og_site_name":"IVINIO Caviste","article_publisher":"https:\/\/www.facebook.com\/groups\/165217837022391\/?ref=bookmarks","article_modified_time":"2023-01-04T09:29:03+00:00","og_image":[{"width":500,"height":500,"url":"https:\/\/www.ivinio.com\/wp-content\/uploads\/nc\/public\/modules\/file\/pictures\/6478.maggiovini-cerasuolo-ivinio.jpg","type":"image\/jpeg"}],"twitter_card":"summary_large_image","twitter_misc":{"Dur\u00e9e de lecture estim\u00e9e":"1 minute"},"schema":{"@context":"https:\/\/schema.org","@graph":[{"@type":"WebPage","@id":"https:\/\/www.ivinio.com\/fr\/produit\/maggiovini-cerasuolo-cerasuolo-de-vittoria-classico-docg-rouge\/","url":"https:\/\/www.ivinio.com\/fr\/produit\/maggiovini-cerasuolo-cerasuolo-de-vittoria-classico-docg-rouge\/","name":"Maggiovini - Cerasuolo - Cerasuolo de Vittoria Classico DOCG - Rouge","isPartOf":{"@id":"https:\/\/www.ivinio.com\/fr\/#website"},"primaryImageOfPage":{"@id":"https:\/\/www.ivinio.com\/fr\/produit\/maggiovini-cerasuolo-cerasuolo-de-vittoria-classico-docg-rouge\/#primaryimage"},"image":{"@id":"https:\/\/www.ivinio.com\/fr\/produit\/maggiovini-cerasuolo-cerasuolo-de-vittoria-classico-docg-rouge\/#primaryimage"},"thumbnailUrl":"https:\/\/www.ivinio.com\/wp-content\/uploads\/nc\/public\/modules\/file\/pictures\/6478.maggiovini-cerasuolo-ivinio.jpg","datePublished":"2017-08-03T15:37:12+00:00","dateModified":"2023-01-04T09:29:03+00:00","description":"Maggiovini - Cerasuolo - Cerasuolo de Vittoria Classico DOCG - Rouge. Fruit\u00e9 avec des notes de fruits rouges, de r\u00e9glisse et de menthe - l\u00e9g\u00e8rement floral. Le vin est compos\u00e9 de 50% de Nero d'avola et 50% de Frappato.","breadcrumb":{"@id":"https:\/\/www.ivinio.com\/fr\/produit\/maggiovini-cerasuolo-cerasuolo-de-vittoria-classico-docg-rouge\/#breadcrumb"},"inLanguage":"fr-FR","potentialAction":[{"@type":"ReadAction","target":["https:\/\/www.ivinio.com\/fr\/produit\/maggiovini-cerasuolo-cerasuolo-de-vittoria-classico-docg-rouge\/"]}]},{"@type":"ImageObject","inLanguage":"fr-FR","@id":"https:\/\/www.ivinio.com\/fr\/produit\/maggiovini-cerasuolo-cerasuolo-de-vittoria-classico-docg-rouge\/#primaryimage","url":"https:\/\/www.ivinio.com\/wp-content\/uploads\/nc\/public\/modules\/file\/pictures\/6478.maggiovini-cerasuolo-ivinio.jpg","contentUrl":"https:\/\/www.ivinio.com\/wp-content\/uploads\/nc\/public\/modules\/file\/pictures\/6478.maggiovini-cerasuolo-ivinio.jpg","width":500,"height":500},{"@type":"BreadcrumbList","@id":"https:\/\/www.ivinio.com\/fr\/produit\/maggiovini-cerasuolo-cerasuolo-de-vittoria-classico-docg-rouge\/#breadcrumb","itemListElement":[{"@type":"ListItem","position":1,"name":"Home","item":"https:\/\/www.ivinio.com\/fr\/"},{"@type":"ListItem","position":2,"name":"Boutique de vin","item":"https:\/\/www.ivinio.com\/fr\/boutique-de-vin\/"},{"@type":"ListItem","position":3,"name":"Maggiovini &#8211; Cerasuolo &#8211; Cerasuolo de Vittoria Classico DOCG &#8211; Rouge"}]},{"@type":"WebSite","@id":"https:\/\/www.ivinio.com\/fr\/#website","url":"https:\/\/www.ivinio.com\/fr\/","name":"IVINIO Caviste","description":"Vins de France et d&#039;Italie avec livraison \u00e0 domicile","publisher":{"@id":"https:\/\/www.ivinio.com\/fr\/#organization"},"potentialAction":[{"@type":"SearchAction","target":{"@type":"EntryPoint","urlTemplate":"https:\/\/www.ivinio.com\/fr\/?s={search_term_string}"},"query-input":{"@type":"PropertyValueSpecification","valueRequired":true,"valueName":"search_term_string"}}],"inLanguage":"fr-FR"},{"@type":"Organization","@id":"https:\/\/www.ivinio.com\/fr\/#organization","name":"IVINIO","url":"https:\/\/www.ivinio.com\/fr\/","logo":{"@type":"ImageObject","inLanguage":"fr-FR","@id":"https:\/\/www.ivinio.com\/fr\/#\/schema\/logo\/image\/","url":"https:\/\/www.ivinio.com\/wp-content\/uploads\/2021\/01\/Logo-Ivinio-v2.jpg","contentUrl":"https:\/\/www.ivinio.com\/wp-content\/uploads\/2021\/01\/Logo-Ivinio-v2.jpg","width":1194,"height":1194,"caption":"IVINIO"},"image":{"@id":"https:\/\/www.ivinio.com\/fr\/#\/schema\/logo\/image\/"},"sameAs":["https:\/\/www.facebook.com\/groups\/165217837022391\/?ref=bookmarks","https:\/\/www.instagram.com\/_ivinio_\/?hl=fr"]}]}},"jetpack_sharing_enabled":true,"_links":{"self":[{"href":"https:\/\/www.ivinio.com\/fr\/wp-json\/wp\/v2\/product\/120745","targetHints":{"allow":["GET"]}}],"collection":[{"href":"https:\/\/www.ivinio.com\/fr\/wp-json\/wp\/v2\/product"}],"about":[{"href":"https:\/\/www.ivinio.com\/fr\/wp-json\/wp\/v2\/types\/product"}],"replies":[{"embeddable":true,"href":"https:\/\/www.ivinio.com\/fr\/wp-json\/wp\/v2\/comments?post=120745"}],"wp:featuredmedia":[{"embeddable":true,"href":"https:\/\/www.ivinio.com\/fr\/wp-json\/wp\/v2\/media\/130741"}],"wp:attachment":[{"href":"https:\/\/www.ivinio.com\/fr\/wp-json\/wp\/v2\/media?parent=120745"}],"wp:term":[{"taxonomy":"product_brand","embeddable":true,"href":"https:\/\/www.ivinio.com\/fr\/wp-json\/wp\/v2\/product_brand?post=120745"},{"taxonomy":"product_cat","embeddable":true,"href":"https:\/\/www.ivinio.com\/fr\/wp-json\/wp\/v2\/product_cat?post=120745"},{"taxonomy":"product_tag","embeddable":true,"href":"https:\/\/www.ivinio.com\/fr\/wp-json\/wp\/v2\/product_tag?post=120745"}],"curies":[{"name":"wp","href":"https:\/\/api.w.org\/{rel}","templated":true}]}}