{"id":120721,"date":"2017-07-21T13:41:19","date_gmt":"2017-07-21T13:41:19","guid":{"rendered":"https:\/\/henrik.www.ivinio.com\/?product=la-braccesca-vino-nobile-di-montepulciano-rouge"},"modified":"2024-04-26T19:25:28","modified_gmt":"2024-04-26T17:25:28","slug":"la-braccesca-vino-nobile-di-montepulciano-rouge","status":"publish","type":"product","link":"https:\/\/www.ivinio.com\/fr\/produit\/la-braccesca-vino-nobile-di-montepulciano-rouge\/","title":{"rendered":"La Braccesca &#8211; Vino nobile di Montepulciano &#8211; Rouge"},"content":{"rendered":"<p>Vino nobile di Montepulciano de Braccesca est un vin rouge compos\u00e9 des c\u00e9pages Sangiovese\u00a0(ou Prugnolo Gentile comme on le nomme \u00e0 Montepulciano), et de Merlot. Les raisins fermentent dans le but de pr\u00e9server les ar\u00f4mes et les \u00e9l\u00e9ments des fruits frais. Apr\u00e8s environ 10 jours de mac\u00e9ration, le vin est mis en\u00a0f\u00fbts de ch\u00eane o\u00f9 se d\u00e9roule la fermentation malolactique. Le vin fini est\u00a0stock\u00e9 pendant environ douze mois en f\u00fbts de ch\u00eane. Apr\u00e8s la mise en bouteille au printemps, le vin est encore conserv\u00e9 12 mois avant sa commercialisation.<\/p>\n","protected":false},"excerpt":{"rendered":"<p>Vino nobile di Montepulciano de Braccesca est un vin rouge \u00e9l\u00e9gant aux notes de m\u00fbres et de groseilles noires ainsi que des pointes \u00e9pic\u00e9s. A\u00a0servir sur un plat de viande rouge festive !<\/p>\n","protected":false},"featured_media":120724,"comment_status":"open","ping_status":"closed","template":"","meta":{"_monsterinsights_skip_tracking":false,"_monsterinsights_sitenote_active":false,"_monsterinsights_sitenote_note":"","_monsterinsights_sitenote_category":0,"_uf_show_specific_survey":0,"_uf_disable_surveys":false},"product_brand":[],"product_cat":[36595,36589],"product_tag":[],"class_list":{"0":"post-120721","1":"product","2":"type-product","3":"status-publish","4":"has-post-thumbnail","6":"product_cat-fr-toscane","7":"product_cat-vins-italiens","8":"pa_alcohol-degree-14-fr","9":"pa_classification-docg-vino-nobile-di-montepulciano-fr","10":"pa_color-rouge-fr","11":"pa_country-italie-fr","12":"pa_grape-variety-merlot-fr","13":"pa_region-toscane-fr","14":"pa_storage-potential-9-ans","15":"pa_volume-75-cl-fr","17":"first","18":"instock","19":"taxable","20":"shipping-taxable","21":"purchasable","22":"product-type-simple"},"bundled_by":[],"bundle_stock_status":"instock","bundle_stock_quantity":null,"bundle_virtual":false,"bundle_layout":"","bundle_add_to_cart_form_location":"","bundle_editable_in_cart":false,"bundle_sold_individually_context":"","bundle_item_grouping":"","bundle_min_size":"","bundle_max_size":"","bundle_price":[],"bundled_items":[],"bundle_sell_ids":[],"yoast_head":"<!-- This site is optimized with the Yoast SEO plugin v27.4 - https:\/\/yoast.com\/product\/yoast-seo-wordpress\/ -->\n<title>acheter La Braccesca - Vino nobile di Montepulciano - IVINIO Caviste<\/title>\n<meta name=\"description\" content=\"Acheter La Braccesca - Vino nobile di Montepulciano. Vin \u00e9l\u00e9gant aux notes de groseille et m\u00fbres et \u00e9pic\u00e9. Avec c\u00f4te de boeuf ou fromages.\" \/>\n<meta name=\"robots\" content=\"index, follow, max-snippet:-1, max-image-preview:large, max-video-preview:-1\" \/>\n<link rel=\"canonical\" href=\"https:\/\/www.ivinio.com\/fr\/produit\/la-braccesca-vino-nobile-di-montepulciano-rouge\/\" \/>\n<meta property=\"og:locale\" content=\"fr_FR\" \/>\n<meta property=\"og:type\" content=\"article\" \/>\n<meta property=\"og:title\" content=\"acheter La Braccesca - Vino nobile di Montepulciano - IVINIO Caviste\" \/>\n<meta property=\"og:description\" content=\"Acheter La Braccesca - Vino nobile di Montepulciano. Vin \u00e9l\u00e9gant aux notes de groseille et m\u00fbres et \u00e9pic\u00e9. Avec c\u00f4te de boeuf ou fromages.\" \/>\n<meta property=\"og:url\" content=\"https:\/\/www.ivinio.com\/fr\/produit\/la-braccesca-vino-nobile-di-montepulciano-rouge\/\" \/>\n<meta property=\"og:site_name\" content=\"IVINIO Caviste\" \/>\n<meta property=\"article:publisher\" content=\"https:\/\/www.facebook.com\/groups\/165217837022391\/?ref=bookmarks\" \/>\n<meta property=\"article:modified_time\" content=\"2024-04-26T17:25:28+00:00\" \/>\n<meta property=\"og:image\" content=\"https:\/\/www.ivinio.com\/wp-content\/uploads\/nc\/public\/modules\/file\/pictures\/6463.La-braccesca-vino-nobile-di-montepulciano-ivinio.jpg\" \/>\n\t<meta property=\"og:image:width\" content=\"500\" \/>\n\t<meta property=\"og:image:height\" content=\"500\" \/>\n\t<meta property=\"og:image:type\" content=\"image\/jpeg\" \/>\n<meta name=\"twitter:card\" content=\"summary_large_image\" \/>\n<meta name=\"twitter:label1\" content=\"Dur\u00e9e de lecture estim\u00e9e\" \/>\n\t<meta name=\"twitter:data1\" content=\"1 minute\" \/>\n<script type=\"application\/ld+json\" class=\"yoast-schema-graph\">{\"@context\":\"https:\\\/\\\/schema.org\",\"@graph\":[{\"@type\":\"WebPage\",\"@id\":\"https:\\\/\\\/www.ivinio.com\\\/fr\\\/produit\\\/la-braccesca-vino-nobile-di-montepulciano-rouge\\\/\",\"url\":\"https:\\\/\\\/www.ivinio.com\\\/fr\\\/produit\\\/la-braccesca-vino-nobile-di-montepulciano-rouge\\\/\",\"name\":\"acheter La Braccesca - Vino nobile di Montepulciano - IVINIO Caviste\",\"isPartOf\":{\"@id\":\"https:\\\/\\\/www.ivinio.com\\\/fr\\\/#website\"},\"primaryImageOfPage\":{\"@id\":\"https:\\\/\\\/www.ivinio.com\\\/fr\\\/produit\\\/la-braccesca-vino-nobile-di-montepulciano-rouge\\\/#primaryimage\"},\"image\":{\"@id\":\"https:\\\/\\\/www.ivinio.com\\\/fr\\\/produit\\\/la-braccesca-vino-nobile-di-montepulciano-rouge\\\/#primaryimage\"},\"thumbnailUrl\":\"https:\\\/\\\/www.ivinio.com\\\/wp-content\\\/uploads\\\/nc\\\/public\\\/modules\\\/file\\\/pictures\\\/6463.La-braccesca-vino-nobile-di-montepulciano-ivinio.jpg\",\"datePublished\":\"2017-07-21T13:41:19+00:00\",\"dateModified\":\"2024-04-26T17:25:28+00:00\",\"description\":\"Acheter La Braccesca - Vino nobile di Montepulciano. Vin \u00e9l\u00e9gant aux notes de groseille et m\u00fbres et \u00e9pic\u00e9. Avec c\u00f4te de boeuf ou fromages.\",\"breadcrumb\":{\"@id\":\"https:\\\/\\\/www.ivinio.com\\\/fr\\\/produit\\\/la-braccesca-vino-nobile-di-montepulciano-rouge\\\/#breadcrumb\"},\"inLanguage\":\"fr-FR\",\"potentialAction\":[{\"@type\":\"ReadAction\",\"target\":[\"https:\\\/\\\/www.ivinio.com\\\/fr\\\/produit\\\/la-braccesca-vino-nobile-di-montepulciano-rouge\\\/\"]}]},{\"@type\":\"ImageObject\",\"inLanguage\":\"fr-FR\",\"@id\":\"https:\\\/\\\/www.ivinio.com\\\/fr\\\/produit\\\/la-braccesca-vino-nobile-di-montepulciano-rouge\\\/#primaryimage\",\"url\":\"https:\\\/\\\/www.ivinio.com\\\/wp-content\\\/uploads\\\/nc\\\/public\\\/modules\\\/file\\\/pictures\\\/6463.La-braccesca-vino-nobile-di-montepulciano-ivinio.jpg\",\"contentUrl\":\"https:\\\/\\\/www.ivinio.com\\\/wp-content\\\/uploads\\\/nc\\\/public\\\/modules\\\/file\\\/pictures\\\/6463.La-braccesca-vino-nobile-di-montepulciano-ivinio.jpg\",\"width\":500,\"height\":500,\"caption\":\"La Braccesca - Vino nobile di Montepulciano\"},{\"@type\":\"BreadcrumbList\",\"@id\":\"https:\\\/\\\/www.ivinio.com\\\/fr\\\/produit\\\/la-braccesca-vino-nobile-di-montepulciano-rouge\\\/#breadcrumb\",\"itemListElement\":[{\"@type\":\"ListItem\",\"position\":1,\"name\":\"Home\",\"item\":\"https:\\\/\\\/www.ivinio.com\\\/fr\\\/\"},{\"@type\":\"ListItem\",\"position\":2,\"name\":\"Boutique de vin\",\"item\":\"https:\\\/\\\/www.ivinio.com\\\/fr\\\/boutique-de-vin\\\/\"},{\"@type\":\"ListItem\",\"position\":3,\"name\":\"La Braccesca &#8211; Vino nobile di Montepulciano &#8211; Rouge\"}]},{\"@type\":\"WebSite\",\"@id\":\"https:\\\/\\\/www.ivinio.com\\\/fr\\\/#website\",\"url\":\"https:\\\/\\\/www.ivinio.com\\\/fr\\\/\",\"name\":\"IVINIO Caviste\",\"description\":\"Vins de France et d&#039;Italie avec livraison \u00e0 domicile\",\"publisher\":{\"@id\":\"https:\\\/\\\/www.ivinio.com\\\/fr\\\/#organization\"},\"potentialAction\":[{\"@type\":\"SearchAction\",\"target\":{\"@type\":\"EntryPoint\",\"urlTemplate\":\"https:\\\/\\\/www.ivinio.com\\\/fr\\\/?s={search_term_string}\"},\"query-input\":{\"@type\":\"PropertyValueSpecification\",\"valueRequired\":true,\"valueName\":\"search_term_string\"}}],\"inLanguage\":\"fr-FR\"},{\"@type\":\"Organization\",\"@id\":\"https:\\\/\\\/www.ivinio.com\\\/fr\\\/#organization\",\"name\":\"IVINIO\",\"url\":\"https:\\\/\\\/www.ivinio.com\\\/fr\\\/\",\"logo\":{\"@type\":\"ImageObject\",\"inLanguage\":\"fr-FR\",\"@id\":\"https:\\\/\\\/www.ivinio.com\\\/fr\\\/#\\\/schema\\\/logo\\\/image\\\/\",\"url\":\"https:\\\/\\\/www.ivinio.com\\\/wp-content\\\/uploads\\\/2021\\\/01\\\/Logo-Ivinio-v2.jpg\",\"contentUrl\":\"https:\\\/\\\/www.ivinio.com\\\/wp-content\\\/uploads\\\/2021\\\/01\\\/Logo-Ivinio-v2.jpg\",\"width\":1194,\"height\":1194,\"caption\":\"IVINIO\"},\"image\":{\"@id\":\"https:\\\/\\\/www.ivinio.com\\\/fr\\\/#\\\/schema\\\/logo\\\/image\\\/\"},\"sameAs\":[\"https:\\\/\\\/www.facebook.com\\\/groups\\\/165217837022391\\\/?ref=bookmarks\",\"https:\\\/\\\/www.instagram.com\\\/_ivinio_\\\/?hl=fr\"]}]}<\/script>\n<!-- \/ Yoast SEO plugin. -->","yoast_head_json":{"title":"acheter La Braccesca - Vino nobile di Montepulciano - IVINIO Caviste","description":"Acheter La Braccesca - Vino nobile di Montepulciano. Vin \u00e9l\u00e9gant aux notes de groseille et m\u00fbres et \u00e9pic\u00e9. Avec c\u00f4te de boeuf ou fromages.","robots":{"index":"index","follow":"follow","max-snippet":"max-snippet:-1","max-image-preview":"max-image-preview:large","max-video-preview":"max-video-preview:-1"},"canonical":"https:\/\/www.ivinio.com\/fr\/produit\/la-braccesca-vino-nobile-di-montepulciano-rouge\/","og_locale":"fr_FR","og_type":"article","og_title":"acheter La Braccesca - Vino nobile di Montepulciano - IVINIO Caviste","og_description":"Acheter La Braccesca - Vino nobile di Montepulciano. Vin \u00e9l\u00e9gant aux notes de groseille et m\u00fbres et \u00e9pic\u00e9. Avec c\u00f4te de boeuf ou fromages.","og_url":"https:\/\/www.ivinio.com\/fr\/produit\/la-braccesca-vino-nobile-di-montepulciano-rouge\/","og_site_name":"IVINIO Caviste","article_publisher":"https:\/\/www.facebook.com\/groups\/165217837022391\/?ref=bookmarks","article_modified_time":"2024-04-26T17:25:28+00:00","og_image":[{"width":500,"height":500,"url":"https:\/\/www.ivinio.com\/wp-content\/uploads\/nc\/public\/modules\/file\/pictures\/6463.La-braccesca-vino-nobile-di-montepulciano-ivinio.jpg","type":"image\/jpeg"}],"twitter_card":"summary_large_image","twitter_misc":{"Dur\u00e9e de lecture estim\u00e9e":"1 minute"},"schema":{"@context":"https:\/\/schema.org","@graph":[{"@type":"WebPage","@id":"https:\/\/www.ivinio.com\/fr\/produit\/la-braccesca-vino-nobile-di-montepulciano-rouge\/","url":"https:\/\/www.ivinio.com\/fr\/produit\/la-braccesca-vino-nobile-di-montepulciano-rouge\/","name":"acheter La Braccesca - Vino nobile di Montepulciano - IVINIO Caviste","isPartOf":{"@id":"https:\/\/www.ivinio.com\/fr\/#website"},"primaryImageOfPage":{"@id":"https:\/\/www.ivinio.com\/fr\/produit\/la-braccesca-vino-nobile-di-montepulciano-rouge\/#primaryimage"},"image":{"@id":"https:\/\/www.ivinio.com\/fr\/produit\/la-braccesca-vino-nobile-di-montepulciano-rouge\/#primaryimage"},"thumbnailUrl":"https:\/\/www.ivinio.com\/wp-content\/uploads\/nc\/public\/modules\/file\/pictures\/6463.La-braccesca-vino-nobile-di-montepulciano-ivinio.jpg","datePublished":"2017-07-21T13:41:19+00:00","dateModified":"2024-04-26T17:25:28+00:00","description":"Acheter La Braccesca - Vino nobile di Montepulciano. Vin \u00e9l\u00e9gant aux notes de groseille et m\u00fbres et \u00e9pic\u00e9. Avec c\u00f4te de boeuf ou fromages.","breadcrumb":{"@id":"https:\/\/www.ivinio.com\/fr\/produit\/la-braccesca-vino-nobile-di-montepulciano-rouge\/#breadcrumb"},"inLanguage":"fr-FR","potentialAction":[{"@type":"ReadAction","target":["https:\/\/www.ivinio.com\/fr\/produit\/la-braccesca-vino-nobile-di-montepulciano-rouge\/"]}]},{"@type":"ImageObject","inLanguage":"fr-FR","@id":"https:\/\/www.ivinio.com\/fr\/produit\/la-braccesca-vino-nobile-di-montepulciano-rouge\/#primaryimage","url":"https:\/\/www.ivinio.com\/wp-content\/uploads\/nc\/public\/modules\/file\/pictures\/6463.La-braccesca-vino-nobile-di-montepulciano-ivinio.jpg","contentUrl":"https:\/\/www.ivinio.com\/wp-content\/uploads\/nc\/public\/modules\/file\/pictures\/6463.La-braccesca-vino-nobile-di-montepulciano-ivinio.jpg","width":500,"height":500,"caption":"La Braccesca - Vino nobile di Montepulciano"},{"@type":"BreadcrumbList","@id":"https:\/\/www.ivinio.com\/fr\/produit\/la-braccesca-vino-nobile-di-montepulciano-rouge\/#breadcrumb","itemListElement":[{"@type":"ListItem","position":1,"name":"Home","item":"https:\/\/www.ivinio.com\/fr\/"},{"@type":"ListItem","position":2,"name":"Boutique de vin","item":"https:\/\/www.ivinio.com\/fr\/boutique-de-vin\/"},{"@type":"ListItem","position":3,"name":"La Braccesca &#8211; Vino nobile di Montepulciano &#8211; Rouge"}]},{"@type":"WebSite","@id":"https:\/\/www.ivinio.com\/fr\/#website","url":"https:\/\/www.ivinio.com\/fr\/","name":"IVINIO Caviste","description":"Vins de France et d&#039;Italie avec livraison \u00e0 domicile","publisher":{"@id":"https:\/\/www.ivinio.com\/fr\/#organization"},"potentialAction":[{"@type":"SearchAction","target":{"@type":"EntryPoint","urlTemplate":"https:\/\/www.ivinio.com\/fr\/?s={search_term_string}"},"query-input":{"@type":"PropertyValueSpecification","valueRequired":true,"valueName":"search_term_string"}}],"inLanguage":"fr-FR"},{"@type":"Organization","@id":"https:\/\/www.ivinio.com\/fr\/#organization","name":"IVINIO","url":"https:\/\/www.ivinio.com\/fr\/","logo":{"@type":"ImageObject","inLanguage":"fr-FR","@id":"https:\/\/www.ivinio.com\/fr\/#\/schema\/logo\/image\/","url":"https:\/\/www.ivinio.com\/wp-content\/uploads\/2021\/01\/Logo-Ivinio-v2.jpg","contentUrl":"https:\/\/www.ivinio.com\/wp-content\/uploads\/2021\/01\/Logo-Ivinio-v2.jpg","width":1194,"height":1194,"caption":"IVINIO"},"image":{"@id":"https:\/\/www.ivinio.com\/fr\/#\/schema\/logo\/image\/"},"sameAs":["https:\/\/www.facebook.com\/groups\/165217837022391\/?ref=bookmarks","https:\/\/www.instagram.com\/_ivinio_\/?hl=fr"]}]}},"jetpack_sharing_enabled":true,"_links":{"self":[{"href":"https:\/\/www.ivinio.com\/fr\/wp-json\/wp\/v2\/product\/120721","targetHints":{"allow":["GET"]}}],"collection":[{"href":"https:\/\/www.ivinio.com\/fr\/wp-json\/wp\/v2\/product"}],"about":[{"href":"https:\/\/www.ivinio.com\/fr\/wp-json\/wp\/v2\/types\/product"}],"replies":[{"embeddable":true,"href":"https:\/\/www.ivinio.com\/fr\/wp-json\/wp\/v2\/comments?post=120721"}],"wp:featuredmedia":[{"embeddable":true,"href":"https:\/\/www.ivinio.com\/fr\/wp-json\/wp\/v2\/media\/120724"}],"wp:attachment":[{"href":"https:\/\/www.ivinio.com\/fr\/wp-json\/wp\/v2\/media?parent=120721"}],"wp:term":[{"taxonomy":"product_brand","embeddable":true,"href":"https:\/\/www.ivinio.com\/fr\/wp-json\/wp\/v2\/product_brand?post=120721"},{"taxonomy":"product_cat","embeddable":true,"href":"https:\/\/www.ivinio.com\/fr\/wp-json\/wp\/v2\/product_cat?post=120721"},{"taxonomy":"product_tag","embeddable":true,"href":"https:\/\/www.ivinio.com\/fr\/wp-json\/wp\/v2\/product_tag?post=120721"}],"curies":[{"name":"wp","href":"https:\/\/api.w.org\/{rel}","templated":true}]}}