{"id":120705,"date":"2017-07-06T10:27:24","date_gmt":"2017-07-06T10:27:24","guid":{"rendered":"https:\/\/henrik.www.ivinio.com\/?product=louis-roederer-brut-premier"},"modified":"2025-12-09T19:40:18","modified_gmt":"2025-12-09T18:40:18","slug":"louis-roederer-collection","status":"publish","type":"product","link":"https:\/\/www.ivinio.com\/fr\/produit\/louis-roederer-collection\/","title":{"rendered":"Champagne Louis Roederer &#8211; Collection"},"content":{"rendered":"<p>Champagne Louis Roederer \u2013 Collection repr\u00e9sente la pierre angulaire de la gamme Roederer et para\u00eet chaque ann\u00e9e dans de nouvelles \u00e9ditions. Le vin est \u00e9labor\u00e9 \u00e0 partir d\u2019un peu plus de 30 % de vins de r\u00e9serve (r\u00e9serve perp\u00e9tuelle) et d\u2019environ 10 % de vins de r\u00e9serve \u00e9lev\u00e9s en f\u00fbts de ch\u00eane, issus de plusieurs mill\u00e9simes (ce pourcentage varie l\u00e9g\u00e8rement chaque ann\u00e9e). Enfin, le vin est compl\u00e9t\u00e9 par des vins provenant de la r\u00e9colte de l\u2019ann\u00e9e pr\u00e9c\u00e9dente, principalement de Chardonnay, mais aussi de Pinot Noir et de Meunier de la Vall\u00e9e de la Marne. Le vin vieillit pendant 3 \u00e0 4 ans avant sa mise en vente.<\/p>\n","protected":false},"excerpt":{"rendered":"<p>Champagne Louis Roederer &#8211; Collection a des notes aromatiques d\u2019aub\u00e9pine, d\u2019amande et de brioche. Un champagne exclusif d&#8217;un m\u00e9lange complexe de fra\u00eecheur et de caract\u00e8re vineux !<\/p>\n","protected":false},"featured_media":120708,"comment_status":"open","ping_status":"closed","template":"","meta":{"_monsterinsights_skip_tracking":false,"_monsterinsights_sitenote_active":false,"_monsterinsights_sitenote_note":"","_monsterinsights_sitenote_category":0,"_uf_show_specific_survey":0,"_uf_disable_surveys":false},"product_brand":[],"product_cat":[36613,36586],"product_tag":[],"class_list":{"0":"post-120705","1":"product","2":"type-product","3":"status-publish","4":"has-post-thumbnail","6":"product_cat-fr-champagne","7":"product_cat-vins-francais","8":"pa_alcohol-degree-12-fr","9":"pa_awards-wine-spectator-fr","10":"pa_classification-aop-champagne-fr","11":"pa_color-mousseux-fr","12":"pa_country-france-fr","13":"pa_grape-variety-chardonnay-fr","14":"pa_grape-variety-pinot-meunier-fr","15":"pa_grape-variety-pinot-noir-fr","16":"pa_package-1x1-fr","17":"pa_package-1x6-fr","18":"pa_region-champagne-fr","19":"pa_storage-potential-5-ans-fr","20":"pa_volume-75-cl-fr","22":"first","23":"instock","24":"taxable","25":"shipping-taxable","26":"purchasable","27":"product-type-variable"},"bundled_by":[],"bundle_stock_status":"instock","bundle_stock_quantity":null,"bundle_virtual":false,"bundle_layout":"","bundle_add_to_cart_form_location":"","bundle_editable_in_cart":false,"bundle_sold_individually_context":"","bundle_item_grouping":"","bundle_min_size":"","bundle_max_size":"","bundle_price":[],"bundled_items":[],"bundle_sell_ids":[],"yoast_head":"<!-- This site is optimized with the Yoast SEO plugin v27.4 - https:\/\/yoast.com\/product\/yoast-seo-wordpress\/ -->\n<title>Acheter Champagne Louis Roederer - Collection 243 - IVINIO Caviste<\/title>\n<meta name=\"description\" content=\"Acheter Champagne Louis Roederer - Collection 243. Notes aromatiques d\u2019aub\u00e9pine, d\u2019amande et de brioche. Un champagne exclusif d&#039;un m\u00e9lange complexe de fra\u00eecheur et de caract\u00e8re vineux !\" \/>\n<meta name=\"robots\" content=\"index, follow, max-snippet:-1, max-image-preview:large, max-video-preview:-1\" \/>\n<link rel=\"canonical\" href=\"https:\/\/www.ivinio.com\/fr\/produit\/louis-roederer-collection\/\" \/>\n<meta property=\"og:locale\" content=\"fr_FR\" \/>\n<meta property=\"og:type\" content=\"article\" \/>\n<meta property=\"og:title\" content=\"Acheter Champagne Louis Roederer - Collection 243 - IVINIO Caviste\" \/>\n<meta property=\"og:description\" content=\"Acheter Champagne Louis Roederer - Collection 243. Notes aromatiques d\u2019aub\u00e9pine, d\u2019amande et de brioche. Un champagne exclusif d&#039;un m\u00e9lange complexe de fra\u00eecheur et de caract\u00e8re vineux !\" \/>\n<meta property=\"og:url\" content=\"https:\/\/www.ivinio.com\/fr\/produit\/louis-roederer-collection\/\" \/>\n<meta property=\"og:site_name\" content=\"IVINIO Caviste\" \/>\n<meta property=\"article:publisher\" content=\"https:\/\/www.facebook.com\/groups\/165217837022391\/?ref=bookmarks\" \/>\n<meta property=\"article:modified_time\" content=\"2025-12-09T18:40:18+00:00\" \/>\n<meta property=\"og:image\" content=\"https:\/\/www.ivinio.com\/wp-content\/uploads\/nc\/public\/modules\/file\/pictures\/6453.Louis-roederer-brut-premier-ivinio.jpg\" \/>\n\t<meta property=\"og:image:width\" content=\"500\" \/>\n\t<meta property=\"og:image:height\" content=\"500\" \/>\n\t<meta property=\"og:image:type\" content=\"image\/jpeg\" \/>\n<meta name=\"twitter:card\" content=\"summary_large_image\" \/>\n<meta name=\"twitter:label1\" content=\"Dur\u00e9e de lecture estim\u00e9e\" \/>\n\t<meta name=\"twitter:data1\" content=\"1 minute\" \/>\n<script type=\"application\/ld+json\" class=\"yoast-schema-graph\">{\"@context\":\"https:\\\/\\\/schema.org\",\"@graph\":[{\"@type\":\"WebPage\",\"@id\":\"https:\\\/\\\/www.ivinio.com\\\/fr\\\/produit\\\/louis-roederer-collection\\\/\",\"url\":\"https:\\\/\\\/www.ivinio.com\\\/fr\\\/produit\\\/louis-roederer-collection\\\/\",\"name\":\"Acheter Champagne Louis Roederer - Collection 243 - IVINIO Caviste\",\"isPartOf\":{\"@id\":\"https:\\\/\\\/www.ivinio.com\\\/fr\\\/#website\"},\"primaryImageOfPage\":{\"@id\":\"https:\\\/\\\/www.ivinio.com\\\/fr\\\/produit\\\/louis-roederer-collection\\\/#primaryimage\"},\"image\":{\"@id\":\"https:\\\/\\\/www.ivinio.com\\\/fr\\\/produit\\\/louis-roederer-collection\\\/#primaryimage\"},\"thumbnailUrl\":\"https:\\\/\\\/www.ivinio.com\\\/wp-content\\\/uploads\\\/nc\\\/public\\\/modules\\\/file\\\/pictures\\\/6453.Louis-roederer-brut-premier-ivinio.jpg\",\"datePublished\":\"2017-07-06T10:27:24+00:00\",\"dateModified\":\"2025-12-09T18:40:18+00:00\",\"description\":\"Acheter Champagne Louis Roederer - Collection 243. Notes aromatiques d\u2019aub\u00e9pine, d\u2019amande et de brioche. Un champagne exclusif d'un m\u00e9lange complexe de fra\u00eecheur et de caract\u00e8re vineux !\",\"breadcrumb\":{\"@id\":\"https:\\\/\\\/www.ivinio.com\\\/fr\\\/produit\\\/louis-roederer-collection\\\/#breadcrumb\"},\"inLanguage\":\"fr-FR\",\"potentialAction\":[{\"@type\":\"ReadAction\",\"target\":[\"https:\\\/\\\/www.ivinio.com\\\/fr\\\/produit\\\/louis-roederer-collection\\\/\"]}]},{\"@type\":\"ImageObject\",\"inLanguage\":\"fr-FR\",\"@id\":\"https:\\\/\\\/www.ivinio.com\\\/fr\\\/produit\\\/louis-roederer-collection\\\/#primaryimage\",\"url\":\"https:\\\/\\\/www.ivinio.com\\\/wp-content\\\/uploads\\\/nc\\\/public\\\/modules\\\/file\\\/pictures\\\/6453.Louis-roederer-brut-premier-ivinio.jpg\",\"contentUrl\":\"https:\\\/\\\/www.ivinio.com\\\/wp-content\\\/uploads\\\/nc\\\/public\\\/modules\\\/file\\\/pictures\\\/6453.Louis-roederer-brut-premier-ivinio.jpg\",\"width\":500,\"height\":500,\"caption\":\"Champagne Louis Roederer - Brut Premier\"},{\"@type\":\"BreadcrumbList\",\"@id\":\"https:\\\/\\\/www.ivinio.com\\\/fr\\\/produit\\\/louis-roederer-collection\\\/#breadcrumb\",\"itemListElement\":[{\"@type\":\"ListItem\",\"position\":1,\"name\":\"Home\",\"item\":\"https:\\\/\\\/www.ivinio.com\\\/fr\\\/\"},{\"@type\":\"ListItem\",\"position\":2,\"name\":\"Boutique de vin\",\"item\":\"https:\\\/\\\/www.ivinio.com\\\/fr\\\/boutique-de-vin\\\/\"},{\"@type\":\"ListItem\",\"position\":3,\"name\":\"Champagne Louis Roederer &#8211; Collection\"}]},{\"@type\":\"WebSite\",\"@id\":\"https:\\\/\\\/www.ivinio.com\\\/fr\\\/#website\",\"url\":\"https:\\\/\\\/www.ivinio.com\\\/fr\\\/\",\"name\":\"IVINIO Caviste\",\"description\":\"Vins de France et d&#039;Italie avec livraison \u00e0 domicile\",\"publisher\":{\"@id\":\"https:\\\/\\\/www.ivinio.com\\\/fr\\\/#organization\"},\"potentialAction\":[{\"@type\":\"SearchAction\",\"target\":{\"@type\":\"EntryPoint\",\"urlTemplate\":\"https:\\\/\\\/www.ivinio.com\\\/fr\\\/?s={search_term_string}\"},\"query-input\":{\"@type\":\"PropertyValueSpecification\",\"valueRequired\":true,\"valueName\":\"search_term_string\"}}],\"inLanguage\":\"fr-FR\"},{\"@type\":\"Organization\",\"@id\":\"https:\\\/\\\/www.ivinio.com\\\/fr\\\/#organization\",\"name\":\"IVINIO\",\"url\":\"https:\\\/\\\/www.ivinio.com\\\/fr\\\/\",\"logo\":{\"@type\":\"ImageObject\",\"inLanguage\":\"fr-FR\",\"@id\":\"https:\\\/\\\/www.ivinio.com\\\/fr\\\/#\\\/schema\\\/logo\\\/image\\\/\",\"url\":\"https:\\\/\\\/www.ivinio.com\\\/wp-content\\\/uploads\\\/2021\\\/01\\\/Logo-Ivinio-v2.jpg\",\"contentUrl\":\"https:\\\/\\\/www.ivinio.com\\\/wp-content\\\/uploads\\\/2021\\\/01\\\/Logo-Ivinio-v2.jpg\",\"width\":1194,\"height\":1194,\"caption\":\"IVINIO\"},\"image\":{\"@id\":\"https:\\\/\\\/www.ivinio.com\\\/fr\\\/#\\\/schema\\\/logo\\\/image\\\/\"},\"sameAs\":[\"https:\\\/\\\/www.facebook.com\\\/groups\\\/165217837022391\\\/?ref=bookmarks\",\"https:\\\/\\\/www.instagram.com\\\/_ivinio_\\\/?hl=fr\"]}]}<\/script>\n<!-- \/ Yoast SEO plugin. -->","yoast_head_json":{"title":"Acheter Champagne Louis Roederer - Collection 243 - IVINIO Caviste","description":"Acheter Champagne Louis Roederer - Collection 243. Notes aromatiques d\u2019aub\u00e9pine, d\u2019amande et de brioche. Un champagne exclusif d'un m\u00e9lange complexe de fra\u00eecheur et de caract\u00e8re vineux !","robots":{"index":"index","follow":"follow","max-snippet":"max-snippet:-1","max-image-preview":"max-image-preview:large","max-video-preview":"max-video-preview:-1"},"canonical":"https:\/\/www.ivinio.com\/fr\/produit\/louis-roederer-collection\/","og_locale":"fr_FR","og_type":"article","og_title":"Acheter Champagne Louis Roederer - Collection 243 - IVINIO Caviste","og_description":"Acheter Champagne Louis Roederer - Collection 243. Notes aromatiques d\u2019aub\u00e9pine, d\u2019amande et de brioche. Un champagne exclusif d'un m\u00e9lange complexe de fra\u00eecheur et de caract\u00e8re vineux !","og_url":"https:\/\/www.ivinio.com\/fr\/produit\/louis-roederer-collection\/","og_site_name":"IVINIO Caviste","article_publisher":"https:\/\/www.facebook.com\/groups\/165217837022391\/?ref=bookmarks","article_modified_time":"2025-12-09T18:40:18+00:00","og_image":[{"width":500,"height":500,"url":"https:\/\/www.ivinio.com\/wp-content\/uploads\/nc\/public\/modules\/file\/pictures\/6453.Louis-roederer-brut-premier-ivinio.jpg","type":"image\/jpeg"}],"twitter_card":"summary_large_image","twitter_misc":{"Dur\u00e9e de lecture estim\u00e9e":"1 minute"},"schema":{"@context":"https:\/\/schema.org","@graph":[{"@type":"WebPage","@id":"https:\/\/www.ivinio.com\/fr\/produit\/louis-roederer-collection\/","url":"https:\/\/www.ivinio.com\/fr\/produit\/louis-roederer-collection\/","name":"Acheter Champagne Louis Roederer - Collection 243 - IVINIO Caviste","isPartOf":{"@id":"https:\/\/www.ivinio.com\/fr\/#website"},"primaryImageOfPage":{"@id":"https:\/\/www.ivinio.com\/fr\/produit\/louis-roederer-collection\/#primaryimage"},"image":{"@id":"https:\/\/www.ivinio.com\/fr\/produit\/louis-roederer-collection\/#primaryimage"},"thumbnailUrl":"https:\/\/www.ivinio.com\/wp-content\/uploads\/nc\/public\/modules\/file\/pictures\/6453.Louis-roederer-brut-premier-ivinio.jpg","datePublished":"2017-07-06T10:27:24+00:00","dateModified":"2025-12-09T18:40:18+00:00","description":"Acheter Champagne Louis Roederer - Collection 243. Notes aromatiques d\u2019aub\u00e9pine, d\u2019amande et de brioche. Un champagne exclusif d'un m\u00e9lange complexe de fra\u00eecheur et de caract\u00e8re vineux !","breadcrumb":{"@id":"https:\/\/www.ivinio.com\/fr\/produit\/louis-roederer-collection\/#breadcrumb"},"inLanguage":"fr-FR","potentialAction":[{"@type":"ReadAction","target":["https:\/\/www.ivinio.com\/fr\/produit\/louis-roederer-collection\/"]}]},{"@type":"ImageObject","inLanguage":"fr-FR","@id":"https:\/\/www.ivinio.com\/fr\/produit\/louis-roederer-collection\/#primaryimage","url":"https:\/\/www.ivinio.com\/wp-content\/uploads\/nc\/public\/modules\/file\/pictures\/6453.Louis-roederer-brut-premier-ivinio.jpg","contentUrl":"https:\/\/www.ivinio.com\/wp-content\/uploads\/nc\/public\/modules\/file\/pictures\/6453.Louis-roederer-brut-premier-ivinio.jpg","width":500,"height":500,"caption":"Champagne Louis Roederer - Brut Premier"},{"@type":"BreadcrumbList","@id":"https:\/\/www.ivinio.com\/fr\/produit\/louis-roederer-collection\/#breadcrumb","itemListElement":[{"@type":"ListItem","position":1,"name":"Home","item":"https:\/\/www.ivinio.com\/fr\/"},{"@type":"ListItem","position":2,"name":"Boutique de vin","item":"https:\/\/www.ivinio.com\/fr\/boutique-de-vin\/"},{"@type":"ListItem","position":3,"name":"Champagne Louis Roederer &#8211; Collection"}]},{"@type":"WebSite","@id":"https:\/\/www.ivinio.com\/fr\/#website","url":"https:\/\/www.ivinio.com\/fr\/","name":"IVINIO Caviste","description":"Vins de France et d&#039;Italie avec livraison \u00e0 domicile","publisher":{"@id":"https:\/\/www.ivinio.com\/fr\/#organization"},"potentialAction":[{"@type":"SearchAction","target":{"@type":"EntryPoint","urlTemplate":"https:\/\/www.ivinio.com\/fr\/?s={search_term_string}"},"query-input":{"@type":"PropertyValueSpecification","valueRequired":true,"valueName":"search_term_string"}}],"inLanguage":"fr-FR"},{"@type":"Organization","@id":"https:\/\/www.ivinio.com\/fr\/#organization","name":"IVINIO","url":"https:\/\/www.ivinio.com\/fr\/","logo":{"@type":"ImageObject","inLanguage":"fr-FR","@id":"https:\/\/www.ivinio.com\/fr\/#\/schema\/logo\/image\/","url":"https:\/\/www.ivinio.com\/wp-content\/uploads\/2021\/01\/Logo-Ivinio-v2.jpg","contentUrl":"https:\/\/www.ivinio.com\/wp-content\/uploads\/2021\/01\/Logo-Ivinio-v2.jpg","width":1194,"height":1194,"caption":"IVINIO"},"image":{"@id":"https:\/\/www.ivinio.com\/fr\/#\/schema\/logo\/image\/"},"sameAs":["https:\/\/www.facebook.com\/groups\/165217837022391\/?ref=bookmarks","https:\/\/www.instagram.com\/_ivinio_\/?hl=fr"]}]}},"jetpack_sharing_enabled":true,"_links":{"self":[{"href":"https:\/\/www.ivinio.com\/fr\/wp-json\/wp\/v2\/product\/120705","targetHints":{"allow":["GET"]}}],"collection":[{"href":"https:\/\/www.ivinio.com\/fr\/wp-json\/wp\/v2\/product"}],"about":[{"href":"https:\/\/www.ivinio.com\/fr\/wp-json\/wp\/v2\/types\/product"}],"replies":[{"embeddable":true,"href":"https:\/\/www.ivinio.com\/fr\/wp-json\/wp\/v2\/comments?post=120705"}],"wp:featuredmedia":[{"embeddable":true,"href":"https:\/\/www.ivinio.com\/fr\/wp-json\/wp\/v2\/media\/120708"}],"wp:attachment":[{"href":"https:\/\/www.ivinio.com\/fr\/wp-json\/wp\/v2\/media?parent=120705"}],"wp:term":[{"taxonomy":"product_brand","embeddable":true,"href":"https:\/\/www.ivinio.com\/fr\/wp-json\/wp\/v2\/product_brand?post=120705"},{"taxonomy":"product_cat","embeddable":true,"href":"https:\/\/www.ivinio.com\/fr\/wp-json\/wp\/v2\/product_cat?post=120705"},{"taxonomy":"product_tag","embeddable":true,"href":"https:\/\/www.ivinio.com\/fr\/wp-json\/wp\/v2\/product_tag?post=120705"}],"curies":[{"name":"wp","href":"https:\/\/api.w.org\/{rel}","templated":true}]}}