{"id":120673,"date":"2017-07-05T14:17:39","date_gmt":"2017-07-05T14:17:39","guid":{"rendered":"https:\/\/henrik.www.ivinio.com\/?product=ruinart-r-brut"},"modified":"2022-03-17T05:25:42","modified_gmt":"2022-03-17T04:25:42","slug":"ruinart-r-brut","status":"publish","type":"product","link":"https:\/\/www.ivinio.com\/fr\/produit\/ruinart-r-brut\/","title":{"rendered":"Champagne Ruinart R &#8211; Brut"},"content":{"rendered":"<p>&#8220;R&#8221; de Ruinart est compos\u00e9 de 40% de Chardonnay, 49% de Pinot Noir et 11% de Pinot Meunier. 20-25% du vin est compos\u00e9 de vin de r\u00e9serve des 2 ann\u00e9es pr\u00e9c\u00e9dentes. La r\u00e9colte se fait manuellement et les raisins sont ferment\u00e9\u00a0dans des\u00a0cuves en acier \u00e0 temp\u00e9rature thermoregul\u00e9e. La fermentation malolactique suit. Le dosage en sucre est de\u00a09g \/ litre.<\/p>\n","protected":false},"excerpt":{"rendered":"<p>Un classique &#8211; un must pour l&#8217;amateur de champagne &#8230; de la plus ancienne maison de champagne au monde!<\/p>\n","protected":false},"featured_media":128817,"comment_status":"open","ping_status":"closed","template":"","meta":{"_monsterinsights_skip_tracking":false,"_monsterinsights_sitenote_active":false,"_monsterinsights_sitenote_note":"","_monsterinsights_sitenote_category":0,"_uf_show_specific_survey":0,"_uf_disable_surveys":false},"product_brand":[],"product_cat":[36613,36586],"product_tag":[],"class_list":{"0":"post-120673","1":"product","2":"type-product","3":"status-publish","4":"has-post-thumbnail","6":"product_cat-fr-champagne","7":"product_cat-vins-francais","8":"pa_alcohol-degree-12-fr","9":"pa_awards-bettane-et-desseauve-fr","10":"pa_awards-gault-et-millau-vins-fr","11":"pa_awards-jancis-robinson-fr","12":"pa_awards-la-revue-du-vins-de-france-fr","13":"pa_awards-the-wine-advocate-fr","14":"pa_awards-wine-spectator-fr","15":"pa_classification-aop-champagne-fr","16":"pa_color-mousseux-fr","17":"pa_country-france-fr","18":"pa_grape-variety-chardonnay-fr","19":"pa_grape-variety-pinot-meunier-fr","20":"pa_grape-variety-pinot-noir-fr","21":"pa_package-1x1-fr","22":"pa_package-1x6-fr","23":"pa_region-champagne-fr","24":"pa_storage-potential-5-ans-fr","25":"pa_volume-75-cl-fr","27":"first","28":"outofstock","29":"taxable","30":"shipping-taxable","31":"purchasable","32":"product-type-variable"},"bundled_by":[],"bundle_stock_status":"outofstock","bundle_stock_quantity":null,"bundle_virtual":false,"bundle_layout":"","bundle_add_to_cart_form_location":"","bundle_editable_in_cart":false,"bundle_sold_individually_context":"","bundle_item_grouping":"","bundle_min_size":"","bundle_max_size":"","bundle_price":[],"bundled_items":[],"bundle_sell_ids":[],"yoast_head":"<!-- This site is optimized with the Yoast SEO plugin v27.4 - https:\/\/yoast.com\/product\/yoast-seo-wordpress\/ -->\n<title>acheter Champagne Ruinart R - Brut - IVINIO Caviste<\/title>\n<meta name=\"description\" content=\"Acheter Champagne Ruinart R - Brut. Un classique - un must pour l&#039;amateur de champagne ... de la plus ancienne maison de champagne au monde!\" \/>\n<meta name=\"robots\" content=\"index, follow, max-snippet:-1, max-image-preview:large, max-video-preview:-1\" \/>\n<link rel=\"canonical\" href=\"https:\/\/www.ivinio.com\/fr\/produit\/ruinart-r-brut\/\" \/>\n<meta property=\"og:locale\" content=\"fr_FR\" \/>\n<meta property=\"og:type\" content=\"article\" \/>\n<meta property=\"og:title\" content=\"acheter Champagne Ruinart R - Brut - IVINIO Caviste\" \/>\n<meta property=\"og:description\" content=\"Acheter Champagne Ruinart R - Brut. Un classique - un must pour l&#039;amateur de champagne ... de la plus ancienne maison de champagne au monde!\" \/>\n<meta property=\"og:url\" content=\"https:\/\/www.ivinio.com\/fr\/produit\/ruinart-r-brut\/\" \/>\n<meta property=\"og:site_name\" content=\"IVINIO Caviste\" \/>\n<meta property=\"article:publisher\" content=\"https:\/\/www.facebook.com\/groups\/165217837022391\/?ref=bookmarks\" \/>\n<meta property=\"article:modified_time\" content=\"2022-03-17T04:25:42+00:00\" \/>\n<meta property=\"og:image\" content=\"https:\/\/www.ivinio.com\/wp-content\/uploads\/2017\/07\/ruinart-r-ivinio.jpg\" \/>\n\t<meta property=\"og:image:width\" content=\"500\" \/>\n\t<meta property=\"og:image:height\" content=\"500\" \/>\n\t<meta property=\"og:image:type\" content=\"image\/jpeg\" \/>\n<meta name=\"twitter:card\" content=\"summary_large_image\" \/>\n<script type=\"application\/ld+json\" class=\"yoast-schema-graph\">{\"@context\":\"https:\\\/\\\/schema.org\",\"@graph\":[{\"@type\":\"WebPage\",\"@id\":\"https:\\\/\\\/www.ivinio.com\\\/fr\\\/produit\\\/ruinart-r-brut\\\/\",\"url\":\"https:\\\/\\\/www.ivinio.com\\\/fr\\\/produit\\\/ruinart-r-brut\\\/\",\"name\":\"acheter Champagne Ruinart R - Brut - IVINIO Caviste\",\"isPartOf\":{\"@id\":\"https:\\\/\\\/www.ivinio.com\\\/fr\\\/#website\"},\"primaryImageOfPage\":{\"@id\":\"https:\\\/\\\/www.ivinio.com\\\/fr\\\/produit\\\/ruinart-r-brut\\\/#primaryimage\"},\"image\":{\"@id\":\"https:\\\/\\\/www.ivinio.com\\\/fr\\\/produit\\\/ruinart-r-brut\\\/#primaryimage\"},\"thumbnailUrl\":\"https:\\\/\\\/www.ivinio.com\\\/wp-content\\\/uploads\\\/2017\\\/07\\\/ruinart-r-ivinio.jpg\",\"datePublished\":\"2017-07-05T14:17:39+00:00\",\"dateModified\":\"2022-03-17T04:25:42+00:00\",\"description\":\"Acheter Champagne Ruinart R - Brut. Un classique - un must pour l'amateur de champagne ... de la plus ancienne maison de champagne au monde!\",\"breadcrumb\":{\"@id\":\"https:\\\/\\\/www.ivinio.com\\\/fr\\\/produit\\\/ruinart-r-brut\\\/#breadcrumb\"},\"inLanguage\":\"fr-FR\",\"potentialAction\":[{\"@type\":\"ReadAction\",\"target\":[\"https:\\\/\\\/www.ivinio.com\\\/fr\\\/produit\\\/ruinart-r-brut\\\/\"]}]},{\"@type\":\"ImageObject\",\"inLanguage\":\"fr-FR\",\"@id\":\"https:\\\/\\\/www.ivinio.com\\\/fr\\\/produit\\\/ruinart-r-brut\\\/#primaryimage\",\"url\":\"https:\\\/\\\/www.ivinio.com\\\/wp-content\\\/uploads\\\/2017\\\/07\\\/ruinart-r-ivinio.jpg\",\"contentUrl\":\"https:\\\/\\\/www.ivinio.com\\\/wp-content\\\/uploads\\\/2017\\\/07\\\/ruinart-r-ivinio.jpg\",\"width\":500,\"height\":500,\"caption\":\"Champagne Ruinart R - Brut\"},{\"@type\":\"BreadcrumbList\",\"@id\":\"https:\\\/\\\/www.ivinio.com\\\/fr\\\/produit\\\/ruinart-r-brut\\\/#breadcrumb\",\"itemListElement\":[{\"@type\":\"ListItem\",\"position\":1,\"name\":\"Home\",\"item\":\"https:\\\/\\\/www.ivinio.com\\\/fr\\\/\"},{\"@type\":\"ListItem\",\"position\":2,\"name\":\"Boutique de vin\",\"item\":\"https:\\\/\\\/www.ivinio.com\\\/fr\\\/boutique-de-vin\\\/\"},{\"@type\":\"ListItem\",\"position\":3,\"name\":\"Champagne Ruinart R &#8211; Brut\"}]},{\"@type\":\"WebSite\",\"@id\":\"https:\\\/\\\/www.ivinio.com\\\/fr\\\/#website\",\"url\":\"https:\\\/\\\/www.ivinio.com\\\/fr\\\/\",\"name\":\"IVINIO Caviste\",\"description\":\"Vins de France et d&#039;Italie avec livraison \u00e0 domicile\",\"publisher\":{\"@id\":\"https:\\\/\\\/www.ivinio.com\\\/fr\\\/#organization\"},\"potentialAction\":[{\"@type\":\"SearchAction\",\"target\":{\"@type\":\"EntryPoint\",\"urlTemplate\":\"https:\\\/\\\/www.ivinio.com\\\/fr\\\/?s={search_term_string}\"},\"query-input\":{\"@type\":\"PropertyValueSpecification\",\"valueRequired\":true,\"valueName\":\"search_term_string\"}}],\"inLanguage\":\"fr-FR\"},{\"@type\":\"Organization\",\"@id\":\"https:\\\/\\\/www.ivinio.com\\\/fr\\\/#organization\",\"name\":\"IVINIO\",\"url\":\"https:\\\/\\\/www.ivinio.com\\\/fr\\\/\",\"logo\":{\"@type\":\"ImageObject\",\"inLanguage\":\"fr-FR\",\"@id\":\"https:\\\/\\\/www.ivinio.com\\\/fr\\\/#\\\/schema\\\/logo\\\/image\\\/\",\"url\":\"https:\\\/\\\/www.ivinio.com\\\/wp-content\\\/uploads\\\/2021\\\/01\\\/Logo-Ivinio-v2.jpg\",\"contentUrl\":\"https:\\\/\\\/www.ivinio.com\\\/wp-content\\\/uploads\\\/2021\\\/01\\\/Logo-Ivinio-v2.jpg\",\"width\":1194,\"height\":1194,\"caption\":\"IVINIO\"},\"image\":{\"@id\":\"https:\\\/\\\/www.ivinio.com\\\/fr\\\/#\\\/schema\\\/logo\\\/image\\\/\"},\"sameAs\":[\"https:\\\/\\\/www.facebook.com\\\/groups\\\/165217837022391\\\/?ref=bookmarks\",\"https:\\\/\\\/www.instagram.com\\\/_ivinio_\\\/?hl=fr\"]}]}<\/script>\n<!-- \/ Yoast SEO plugin. -->","yoast_head_json":{"title":"acheter Champagne Ruinart R - Brut - IVINIO Caviste","description":"Acheter Champagne Ruinart R - Brut. Un classique - un must pour l'amateur de champagne ... de la plus ancienne maison de champagne au monde!","robots":{"index":"index","follow":"follow","max-snippet":"max-snippet:-1","max-image-preview":"max-image-preview:large","max-video-preview":"max-video-preview:-1"},"canonical":"https:\/\/www.ivinio.com\/fr\/produit\/ruinart-r-brut\/","og_locale":"fr_FR","og_type":"article","og_title":"acheter Champagne Ruinart R - Brut - IVINIO Caviste","og_description":"Acheter Champagne Ruinart R - Brut. Un classique - un must pour l'amateur de champagne ... de la plus ancienne maison de champagne au monde!","og_url":"https:\/\/www.ivinio.com\/fr\/produit\/ruinart-r-brut\/","og_site_name":"IVINIO Caviste","article_publisher":"https:\/\/www.facebook.com\/groups\/165217837022391\/?ref=bookmarks","article_modified_time":"2022-03-17T04:25:42+00:00","og_image":[{"width":500,"height":500,"url":"https:\/\/www.ivinio.com\/wp-content\/uploads\/2017\/07\/ruinart-r-ivinio.jpg","type":"image\/jpeg"}],"twitter_card":"summary_large_image","schema":{"@context":"https:\/\/schema.org","@graph":[{"@type":"WebPage","@id":"https:\/\/www.ivinio.com\/fr\/produit\/ruinart-r-brut\/","url":"https:\/\/www.ivinio.com\/fr\/produit\/ruinart-r-brut\/","name":"acheter Champagne Ruinart R - Brut - IVINIO Caviste","isPartOf":{"@id":"https:\/\/www.ivinio.com\/fr\/#website"},"primaryImageOfPage":{"@id":"https:\/\/www.ivinio.com\/fr\/produit\/ruinart-r-brut\/#primaryimage"},"image":{"@id":"https:\/\/www.ivinio.com\/fr\/produit\/ruinart-r-brut\/#primaryimage"},"thumbnailUrl":"https:\/\/www.ivinio.com\/wp-content\/uploads\/2017\/07\/ruinart-r-ivinio.jpg","datePublished":"2017-07-05T14:17:39+00:00","dateModified":"2022-03-17T04:25:42+00:00","description":"Acheter Champagne Ruinart R - Brut. Un classique - un must pour l'amateur de champagne ... de la plus ancienne maison de champagne au monde!","breadcrumb":{"@id":"https:\/\/www.ivinio.com\/fr\/produit\/ruinart-r-brut\/#breadcrumb"},"inLanguage":"fr-FR","potentialAction":[{"@type":"ReadAction","target":["https:\/\/www.ivinio.com\/fr\/produit\/ruinart-r-brut\/"]}]},{"@type":"ImageObject","inLanguage":"fr-FR","@id":"https:\/\/www.ivinio.com\/fr\/produit\/ruinart-r-brut\/#primaryimage","url":"https:\/\/www.ivinio.com\/wp-content\/uploads\/2017\/07\/ruinart-r-ivinio.jpg","contentUrl":"https:\/\/www.ivinio.com\/wp-content\/uploads\/2017\/07\/ruinart-r-ivinio.jpg","width":500,"height":500,"caption":"Champagne Ruinart R - Brut"},{"@type":"BreadcrumbList","@id":"https:\/\/www.ivinio.com\/fr\/produit\/ruinart-r-brut\/#breadcrumb","itemListElement":[{"@type":"ListItem","position":1,"name":"Home","item":"https:\/\/www.ivinio.com\/fr\/"},{"@type":"ListItem","position":2,"name":"Boutique de vin","item":"https:\/\/www.ivinio.com\/fr\/boutique-de-vin\/"},{"@type":"ListItem","position":3,"name":"Champagne Ruinart R &#8211; Brut"}]},{"@type":"WebSite","@id":"https:\/\/www.ivinio.com\/fr\/#website","url":"https:\/\/www.ivinio.com\/fr\/","name":"IVINIO Caviste","description":"Vins de France et d&#039;Italie avec livraison \u00e0 domicile","publisher":{"@id":"https:\/\/www.ivinio.com\/fr\/#organization"},"potentialAction":[{"@type":"SearchAction","target":{"@type":"EntryPoint","urlTemplate":"https:\/\/www.ivinio.com\/fr\/?s={search_term_string}"},"query-input":{"@type":"PropertyValueSpecification","valueRequired":true,"valueName":"search_term_string"}}],"inLanguage":"fr-FR"},{"@type":"Organization","@id":"https:\/\/www.ivinio.com\/fr\/#organization","name":"IVINIO","url":"https:\/\/www.ivinio.com\/fr\/","logo":{"@type":"ImageObject","inLanguage":"fr-FR","@id":"https:\/\/www.ivinio.com\/fr\/#\/schema\/logo\/image\/","url":"https:\/\/www.ivinio.com\/wp-content\/uploads\/2021\/01\/Logo-Ivinio-v2.jpg","contentUrl":"https:\/\/www.ivinio.com\/wp-content\/uploads\/2021\/01\/Logo-Ivinio-v2.jpg","width":1194,"height":1194,"caption":"IVINIO"},"image":{"@id":"https:\/\/www.ivinio.com\/fr\/#\/schema\/logo\/image\/"},"sameAs":["https:\/\/www.facebook.com\/groups\/165217837022391\/?ref=bookmarks","https:\/\/www.instagram.com\/_ivinio_\/?hl=fr"]}]}},"jetpack_sharing_enabled":true,"_links":{"self":[{"href":"https:\/\/www.ivinio.com\/fr\/wp-json\/wp\/v2\/product\/120673","targetHints":{"allow":["GET"]}}],"collection":[{"href":"https:\/\/www.ivinio.com\/fr\/wp-json\/wp\/v2\/product"}],"about":[{"href":"https:\/\/www.ivinio.com\/fr\/wp-json\/wp\/v2\/types\/product"}],"replies":[{"embeddable":true,"href":"https:\/\/www.ivinio.com\/fr\/wp-json\/wp\/v2\/comments?post=120673"}],"wp:featuredmedia":[{"embeddable":true,"href":"https:\/\/www.ivinio.com\/fr\/wp-json\/wp\/v2\/media\/128817"}],"wp:attachment":[{"href":"https:\/\/www.ivinio.com\/fr\/wp-json\/wp\/v2\/media?parent=120673"}],"wp:term":[{"taxonomy":"product_brand","embeddable":true,"href":"https:\/\/www.ivinio.com\/fr\/wp-json\/wp\/v2\/product_brand?post=120673"},{"taxonomy":"product_cat","embeddable":true,"href":"https:\/\/www.ivinio.com\/fr\/wp-json\/wp\/v2\/product_cat?post=120673"},{"taxonomy":"product_tag","embeddable":true,"href":"https:\/\/www.ivinio.com\/fr\/wp-json\/wp\/v2\/product_tag?post=120673"}],"curies":[{"name":"wp","href":"https:\/\/api.w.org\/{rel}","templated":true}]}}