{"id":120657,"date":"2017-07-05T13:00:58","date_gmt":"2017-07-05T13:00:58","guid":{"rendered":"https:\/\/henrik.www.ivinio.com\/?product=billecart-salmon-brut-reserve"},"modified":"2022-03-17T05:25:45","modified_gmt":"2022-03-17T04:25:45","slug":"billecart-salmon-brut-reserve","status":"publish","type":"product","link":"https:\/\/www.ivinio.com\/fr\/produit\/billecart-salmon-brut-reserve\/","title":{"rendered":"Billecart-salmon Brut R\u00e9serve"},"content":{"rendered":"<p>Brut R\u00e9serve de Billecart-Salmon est un champagne l\u00e9ger, subtil et harmonieux. Le vin est compos\u00e9 de 40% de Pinot Meunier, 30% de Chardonnay et 30% de Pinot Noir provenant de 3 diff\u00e9rents\u00a0mill\u00e9simes cultiv\u00e9es sur les meilleurs terroirs\u00a0de la Marne. Les vins sont gard\u00e9s selon traditiondans dans un vaste r\u00e9seau de grottes de craie sculpt\u00e9es du\u00a017e au 19e si\u00e8cle. La temp\u00e9rature est constante autour de 12 \u00b0 C, ce qui encourage\u00a0la production de petites bulles fines.<\/p>\n<p>&nbsp;<\/p>\n","protected":false},"excerpt":{"rendered":"<p>Brut R\u00e9serve de Billecart-Salmon est un champagne l\u00e9ger, subtil et harmonieux pour l&#8217;amateur\u00a0de\u00a0champagne exigeant!<\/p>\n","protected":false},"featured_media":120660,"comment_status":"open","ping_status":"closed","template":"","meta":{"_monsterinsights_skip_tracking":false,"_monsterinsights_sitenote_active":false,"_monsterinsights_sitenote_note":"","_monsterinsights_sitenote_category":0,"_uf_show_specific_survey":0,"_uf_disable_surveys":false},"product_brand":[],"product_cat":[36613],"product_tag":[],"class_list":{"0":"post-120657","1":"product","2":"type-product","3":"status-publish","4":"has-post-thumbnail","6":"product_cat-fr-champagne","7":"pa_alcohol-degree-12-fr","8":"pa_awards-bettane-et-desseauve-fr","9":"pa_awards-gault-et-millau-vins-fr","10":"pa_awards-jancis-robinson-fr","11":"pa_awards-la-revue-du-vins-de-france-fr","12":"pa_awards-le-point-fr","13":"pa_awards-robert-parker-fr","14":"pa_awards-wine-spectator-fr","15":"pa_classification-aop-champagne-fr","16":"pa_color-mousseux-fr","17":"pa_country-france-fr","18":"pa_grape-variety-chardonnay-fr","19":"pa_grape-variety-pinot-meunier-fr","20":"pa_grape-variety-pinot-noir-fr","21":"pa_package-1x1-fr","22":"pa_package-1x6-fr","23":"pa_region-champagne-fr","24":"pa_storage-potential-3-ans-fr","25":"pa_volume-75-cl-fr","27":"first","28":"instock","29":"taxable","30":"shipping-taxable","31":"purchasable","32":"product-type-variable"},"bundled_by":[],"bundle_stock_status":"instock","bundle_stock_quantity":18,"bundle_virtual":false,"bundle_layout":"","bundle_add_to_cart_form_location":"","bundle_editable_in_cart":false,"bundle_sold_individually_context":"","bundle_item_grouping":"","bundle_min_size":"","bundle_max_size":"","bundle_price":[],"bundled_items":[],"bundle_sell_ids":[],"yoast_head":"<!-- This site is optimized with the Yoast SEO plugin v27.5 - https:\/\/yoast.com\/product\/yoast-seo-wordpress\/ -->\n<title>Acheter Billecart-salmon Brut R\u00e9serve - IVINIO Caviste<\/title>\n<meta name=\"description\" content=\"Acheter Billecart-salmon Brut R\u00e9serve. Un champagne l\u00e9ger, subtil et harmonieux pour l&#039;amateur de champagne exigeant!\" \/>\n<meta name=\"robots\" content=\"index, follow, max-snippet:-1, max-image-preview:large, max-video-preview:-1\" \/>\n<link rel=\"canonical\" href=\"https:\/\/www.ivinio.com\/fr\/produit\/billecart-salmon-brut-reserve\/\" \/>\n<meta property=\"og:locale\" content=\"fr_FR\" \/>\n<meta property=\"og:type\" content=\"article\" \/>\n<meta property=\"og:title\" content=\"Acheter Billecart-salmon Brut R\u00e9serve - IVINIO Caviste\" \/>\n<meta property=\"og:description\" content=\"Acheter Billecart-salmon Brut R\u00e9serve. Un champagne l\u00e9ger, subtil et harmonieux pour l&#039;amateur de champagne exigeant!\" \/>\n<meta property=\"og:url\" content=\"https:\/\/www.ivinio.com\/fr\/produit\/billecart-salmon-brut-reserve\/\" \/>\n<meta property=\"og:site_name\" content=\"IVINIO Caviste\" \/>\n<meta property=\"article:publisher\" content=\"https:\/\/www.facebook.com\/groups\/165217837022391\/?ref=bookmarks\" \/>\n<meta property=\"article:modified_time\" content=\"2022-03-17T04:25:45+00:00\" \/>\n<meta property=\"og:image\" content=\"https:\/\/www.ivinio.com\/wp-content\/uploads\/nc\/public\/modules\/file\/pictures\/6432.billecart-salmon-brut-reserve-ivinio.jpg\" \/>\n\t<meta property=\"og:image:width\" content=\"500\" \/>\n\t<meta property=\"og:image:height\" content=\"500\" \/>\n\t<meta property=\"og:image:type\" content=\"image\/jpeg\" \/>\n<meta name=\"twitter:card\" content=\"summary_large_image\" \/>\n<script type=\"application\/ld+json\" class=\"yoast-schema-graph\">{\"@context\":\"https:\\\/\\\/schema.org\",\"@graph\":[{\"@type\":\"WebPage\",\"@id\":\"https:\\\/\\\/www.ivinio.com\\\/fr\\\/produit\\\/billecart-salmon-brut-reserve\\\/\",\"url\":\"https:\\\/\\\/www.ivinio.com\\\/fr\\\/produit\\\/billecart-salmon-brut-reserve\\\/\",\"name\":\"Acheter Billecart-salmon Brut R\u00e9serve - IVINIO Caviste\",\"isPartOf\":{\"@id\":\"https:\\\/\\\/www.ivinio.com\\\/fr\\\/#website\"},\"primaryImageOfPage\":{\"@id\":\"https:\\\/\\\/www.ivinio.com\\\/fr\\\/produit\\\/billecart-salmon-brut-reserve\\\/#primaryimage\"},\"image\":{\"@id\":\"https:\\\/\\\/www.ivinio.com\\\/fr\\\/produit\\\/billecart-salmon-brut-reserve\\\/#primaryimage\"},\"thumbnailUrl\":\"https:\\\/\\\/www.ivinio.com\\\/wp-content\\\/uploads\\\/nc\\\/public\\\/modules\\\/file\\\/pictures\\\/6432.billecart-salmon-brut-reserve-ivinio.jpg\",\"datePublished\":\"2017-07-05T13:00:58+00:00\",\"dateModified\":\"2022-03-17T04:25:45+00:00\",\"description\":\"Acheter Billecart-salmon Brut R\u00e9serve. Un champagne l\u00e9ger, subtil et harmonieux pour l'amateur de champagne exigeant!\",\"breadcrumb\":{\"@id\":\"https:\\\/\\\/www.ivinio.com\\\/fr\\\/produit\\\/billecart-salmon-brut-reserve\\\/#breadcrumb\"},\"inLanguage\":\"fr-FR\",\"potentialAction\":[{\"@type\":\"ReadAction\",\"target\":[\"https:\\\/\\\/www.ivinio.com\\\/fr\\\/produit\\\/billecart-salmon-brut-reserve\\\/\"]}]},{\"@type\":\"ImageObject\",\"inLanguage\":\"fr-FR\",\"@id\":\"https:\\\/\\\/www.ivinio.com\\\/fr\\\/produit\\\/billecart-salmon-brut-reserve\\\/#primaryimage\",\"url\":\"https:\\\/\\\/www.ivinio.com\\\/wp-content\\\/uploads\\\/nc\\\/public\\\/modules\\\/file\\\/pictures\\\/6432.billecart-salmon-brut-reserve-ivinio.jpg\",\"contentUrl\":\"https:\\\/\\\/www.ivinio.com\\\/wp-content\\\/uploads\\\/nc\\\/public\\\/modules\\\/file\\\/pictures\\\/6432.billecart-salmon-brut-reserve-ivinio.jpg\",\"width\":500,\"height\":500,\"caption\":\"Billecart-salmon Brut R\u00e9serve\"},{\"@type\":\"BreadcrumbList\",\"@id\":\"https:\\\/\\\/www.ivinio.com\\\/fr\\\/produit\\\/billecart-salmon-brut-reserve\\\/#breadcrumb\",\"itemListElement\":[{\"@type\":\"ListItem\",\"position\":1,\"name\":\"Home\",\"item\":\"https:\\\/\\\/www.ivinio.com\\\/fr\\\/\"},{\"@type\":\"ListItem\",\"position\":2,\"name\":\"Boutique de vin\",\"item\":\"https:\\\/\\\/www.ivinio.com\\\/fr\\\/boutique-de-vin\\\/\"},{\"@type\":\"ListItem\",\"position\":3,\"name\":\"Billecart-salmon Brut R\u00e9serve\"}]},{\"@type\":\"WebSite\",\"@id\":\"https:\\\/\\\/www.ivinio.com\\\/fr\\\/#website\",\"url\":\"https:\\\/\\\/www.ivinio.com\\\/fr\\\/\",\"name\":\"IVINIO Caviste\",\"description\":\"Vins de France et d&#039;Italie avec livraison \u00e0 domicile\",\"publisher\":{\"@id\":\"https:\\\/\\\/www.ivinio.com\\\/fr\\\/#organization\"},\"potentialAction\":[{\"@type\":\"SearchAction\",\"target\":{\"@type\":\"EntryPoint\",\"urlTemplate\":\"https:\\\/\\\/www.ivinio.com\\\/fr\\\/?s={search_term_string}\"},\"query-input\":{\"@type\":\"PropertyValueSpecification\",\"valueRequired\":true,\"valueName\":\"search_term_string\"}}],\"inLanguage\":\"fr-FR\"},{\"@type\":\"Organization\",\"@id\":\"https:\\\/\\\/www.ivinio.com\\\/fr\\\/#organization\",\"name\":\"IVINIO\",\"url\":\"https:\\\/\\\/www.ivinio.com\\\/fr\\\/\",\"logo\":{\"@type\":\"ImageObject\",\"inLanguage\":\"fr-FR\",\"@id\":\"https:\\\/\\\/www.ivinio.com\\\/fr\\\/#\\\/schema\\\/logo\\\/image\\\/\",\"url\":\"https:\\\/\\\/www.ivinio.com\\\/wp-content\\\/uploads\\\/2021\\\/01\\\/Logo-Ivinio-v2.jpg\",\"contentUrl\":\"https:\\\/\\\/www.ivinio.com\\\/wp-content\\\/uploads\\\/2021\\\/01\\\/Logo-Ivinio-v2.jpg\",\"width\":1194,\"height\":1194,\"caption\":\"IVINIO\"},\"image\":{\"@id\":\"https:\\\/\\\/www.ivinio.com\\\/fr\\\/#\\\/schema\\\/logo\\\/image\\\/\"},\"sameAs\":[\"https:\\\/\\\/www.facebook.com\\\/groups\\\/165217837022391\\\/?ref=bookmarks\",\"https:\\\/\\\/www.instagram.com\\\/_ivinio_\\\/?hl=fr\"]}]}<\/script>\n<!-- \/ Yoast SEO plugin. -->","yoast_head_json":{"title":"Acheter Billecart-salmon Brut R\u00e9serve - IVINIO Caviste","description":"Acheter Billecart-salmon Brut R\u00e9serve. Un champagne l\u00e9ger, subtil et harmonieux pour l'amateur de champagne exigeant!","robots":{"index":"index","follow":"follow","max-snippet":"max-snippet:-1","max-image-preview":"max-image-preview:large","max-video-preview":"max-video-preview:-1"},"canonical":"https:\/\/www.ivinio.com\/fr\/produit\/billecart-salmon-brut-reserve\/","og_locale":"fr_FR","og_type":"article","og_title":"Acheter Billecart-salmon Brut R\u00e9serve - IVINIO Caviste","og_description":"Acheter Billecart-salmon Brut R\u00e9serve. Un champagne l\u00e9ger, subtil et harmonieux pour l'amateur de champagne exigeant!","og_url":"https:\/\/www.ivinio.com\/fr\/produit\/billecart-salmon-brut-reserve\/","og_site_name":"IVINIO Caviste","article_publisher":"https:\/\/www.facebook.com\/groups\/165217837022391\/?ref=bookmarks","article_modified_time":"2022-03-17T04:25:45+00:00","og_image":[{"width":500,"height":500,"url":"https:\/\/www.ivinio.com\/wp-content\/uploads\/nc\/public\/modules\/file\/pictures\/6432.billecart-salmon-brut-reserve-ivinio.jpg","type":"image\/jpeg"}],"twitter_card":"summary_large_image","schema":{"@context":"https:\/\/schema.org","@graph":[{"@type":"WebPage","@id":"https:\/\/www.ivinio.com\/fr\/produit\/billecart-salmon-brut-reserve\/","url":"https:\/\/www.ivinio.com\/fr\/produit\/billecart-salmon-brut-reserve\/","name":"Acheter Billecart-salmon Brut R\u00e9serve - IVINIO Caviste","isPartOf":{"@id":"https:\/\/www.ivinio.com\/fr\/#website"},"primaryImageOfPage":{"@id":"https:\/\/www.ivinio.com\/fr\/produit\/billecart-salmon-brut-reserve\/#primaryimage"},"image":{"@id":"https:\/\/www.ivinio.com\/fr\/produit\/billecart-salmon-brut-reserve\/#primaryimage"},"thumbnailUrl":"https:\/\/www.ivinio.com\/wp-content\/uploads\/nc\/public\/modules\/file\/pictures\/6432.billecart-salmon-brut-reserve-ivinio.jpg","datePublished":"2017-07-05T13:00:58+00:00","dateModified":"2022-03-17T04:25:45+00:00","description":"Acheter Billecart-salmon Brut R\u00e9serve. Un champagne l\u00e9ger, subtil et harmonieux pour l'amateur de champagne exigeant!","breadcrumb":{"@id":"https:\/\/www.ivinio.com\/fr\/produit\/billecart-salmon-brut-reserve\/#breadcrumb"},"inLanguage":"fr-FR","potentialAction":[{"@type":"ReadAction","target":["https:\/\/www.ivinio.com\/fr\/produit\/billecart-salmon-brut-reserve\/"]}]},{"@type":"ImageObject","inLanguage":"fr-FR","@id":"https:\/\/www.ivinio.com\/fr\/produit\/billecart-salmon-brut-reserve\/#primaryimage","url":"https:\/\/www.ivinio.com\/wp-content\/uploads\/nc\/public\/modules\/file\/pictures\/6432.billecart-salmon-brut-reserve-ivinio.jpg","contentUrl":"https:\/\/www.ivinio.com\/wp-content\/uploads\/nc\/public\/modules\/file\/pictures\/6432.billecart-salmon-brut-reserve-ivinio.jpg","width":500,"height":500,"caption":"Billecart-salmon Brut R\u00e9serve"},{"@type":"BreadcrumbList","@id":"https:\/\/www.ivinio.com\/fr\/produit\/billecart-salmon-brut-reserve\/#breadcrumb","itemListElement":[{"@type":"ListItem","position":1,"name":"Home","item":"https:\/\/www.ivinio.com\/fr\/"},{"@type":"ListItem","position":2,"name":"Boutique de vin","item":"https:\/\/www.ivinio.com\/fr\/boutique-de-vin\/"},{"@type":"ListItem","position":3,"name":"Billecart-salmon Brut R\u00e9serve"}]},{"@type":"WebSite","@id":"https:\/\/www.ivinio.com\/fr\/#website","url":"https:\/\/www.ivinio.com\/fr\/","name":"IVINIO Caviste","description":"Vins de France et d&#039;Italie avec livraison \u00e0 domicile","publisher":{"@id":"https:\/\/www.ivinio.com\/fr\/#organization"},"potentialAction":[{"@type":"SearchAction","target":{"@type":"EntryPoint","urlTemplate":"https:\/\/www.ivinio.com\/fr\/?s={search_term_string}"},"query-input":{"@type":"PropertyValueSpecification","valueRequired":true,"valueName":"search_term_string"}}],"inLanguage":"fr-FR"},{"@type":"Organization","@id":"https:\/\/www.ivinio.com\/fr\/#organization","name":"IVINIO","url":"https:\/\/www.ivinio.com\/fr\/","logo":{"@type":"ImageObject","inLanguage":"fr-FR","@id":"https:\/\/www.ivinio.com\/fr\/#\/schema\/logo\/image\/","url":"https:\/\/www.ivinio.com\/wp-content\/uploads\/2021\/01\/Logo-Ivinio-v2.jpg","contentUrl":"https:\/\/www.ivinio.com\/wp-content\/uploads\/2021\/01\/Logo-Ivinio-v2.jpg","width":1194,"height":1194,"caption":"IVINIO"},"image":{"@id":"https:\/\/www.ivinio.com\/fr\/#\/schema\/logo\/image\/"},"sameAs":["https:\/\/www.facebook.com\/groups\/165217837022391\/?ref=bookmarks","https:\/\/www.instagram.com\/_ivinio_\/?hl=fr"]}]}},"jetpack_sharing_enabled":true,"_links":{"self":[{"href":"https:\/\/www.ivinio.com\/fr\/wp-json\/wp\/v2\/product\/120657","targetHints":{"allow":["GET"]}}],"collection":[{"href":"https:\/\/www.ivinio.com\/fr\/wp-json\/wp\/v2\/product"}],"about":[{"href":"https:\/\/www.ivinio.com\/fr\/wp-json\/wp\/v2\/types\/product"}],"replies":[{"embeddable":true,"href":"https:\/\/www.ivinio.com\/fr\/wp-json\/wp\/v2\/comments?post=120657"}],"wp:featuredmedia":[{"embeddable":true,"href":"https:\/\/www.ivinio.com\/fr\/wp-json\/wp\/v2\/media\/120660"}],"wp:attachment":[{"href":"https:\/\/www.ivinio.com\/fr\/wp-json\/wp\/v2\/media?parent=120657"}],"wp:term":[{"taxonomy":"product_brand","embeddable":true,"href":"https:\/\/www.ivinio.com\/fr\/wp-json\/wp\/v2\/product_brand?post=120657"},{"taxonomy":"product_cat","embeddable":true,"href":"https:\/\/www.ivinio.com\/fr\/wp-json\/wp\/v2\/product_cat?post=120657"},{"taxonomy":"product_tag","embeddable":true,"href":"https:\/\/www.ivinio.com\/fr\/wp-json\/wp\/v2\/product_tag?post=120657"}],"curies":[{"name":"wp","href":"https:\/\/api.w.org\/{rel}","templated":true}]}}