{"id":120647,"date":"2017-06-01T12:14:36","date_gmt":"2017-06-01T12:14:36","guid":{"rendered":"https:\/\/henrik.www.ivinio.com\/?product=bastide-des-2-lunes-tout-pres-des-etoiles-rose"},"modified":"2023-05-31T12:48:34","modified_gmt":"2023-05-31T10:48:34","slug":"bastide-des-2-lunes-tout-pres-des-etoiles-rose","status":"publish","type":"product","link":"https:\/\/www.ivinio.com\/fr\/produit\/bastide-des-2-lunes-tout-pres-des-etoiles-rose\/","title":{"rendered":"Bastide des 2 lunes &#8211; Tout pr\u00e8s des \u00e9toiles &#8211; Ros\u00e9"},"content":{"rendered":"<p>&#8220;Tout pr\u00e8s des \u00e9toiles&#8221; est\u00a0compos\u00e9 de\u00a080% de grenache, 10% de rolle et 10% de mourv\u00e8dre. Les raisins sont r\u00e9colt\u00e9s la nuit, puis tri\u00e9s\u00a0\u00e0 la main. Mac\u00e9ration \u00e0 froid et puis fermentation\u00a0\u00e0 basse temp\u00e9rature.<\/p>\n","protected":false},"excerpt":{"rendered":"<p>&#8220;Tout pr\u00e8s des \u00e9toiles&#8221; du Domaine des 2 Lunes est un vin\u00a0ros\u00e9, couleur\u00a0saumon clair avec des ar\u00f4mes\u00a0de p\u00eache et d&#8217;abricot. Un ros\u00e9 fruit\u00e9 rond \u00e0 servir en ap\u00e9ritif, ou accompagn\u00e9 de la cuisine du sud ou de l&#8217;Asie.<\/p>\n<p>&nbsp;<\/p>\n","protected":false},"featured_media":120650,"comment_status":"open","ping_status":"closed","template":"","meta":{"_monsterinsights_skip_tracking":false,"_monsterinsights_sitenote_active":false,"_monsterinsights_sitenote_note":"","_monsterinsights_sitenote_category":0,"_uf_show_specific_survey":0,"_uf_disable_surveys":false},"product_brand":[],"product_cat":[36622,36586],"product_tag":[],"class_list":{"0":"post-120647","1":"product","2":"type-product","3":"status-publish","4":"has-post-thumbnail","6":"product_cat-fr-provence","7":"product_cat-vins-francais","8":"pa_alcohol-degree-13-fr","9":"pa_awards-concours-des-vignerons-independants-fr","10":"pa_classification-aop-cotes-de-provence-fr","11":"pa_color-rose-fr","12":"pa_country-france-fr","13":"pa_grape-variety-grenache-fr","14":"pa_grape-variety-mourvedre-fr","15":"pa_grape-variety-rolle-aussi-appele-vermentino-fr","16":"pa_region-provence-fr","17":"pa_storage-potential-3-ans-fr","18":"pa_vintage-2023-fr","19":"pa_volume-75-cl-fr","21":"first","22":"instock","23":"taxable","24":"shipping-taxable","25":"purchasable","26":"product-type-simple"},"bundled_by":[],"bundle_stock_status":"instock","bundle_stock_quantity":null,"bundle_virtual":false,"bundle_layout":"","bundle_add_to_cart_form_location":"","bundle_editable_in_cart":false,"bundle_sold_individually_context":"","bundle_item_grouping":"","bundle_min_size":"","bundle_max_size":"","bundle_price":[],"bundled_items":[],"bundle_sell_ids":[],"yoast_head":"<!-- This site is optimized with the Yoast SEO plugin v27.3 - https:\/\/yoast.com\/product\/yoast-seo-wordpress\/ -->\n<title>Acheter Bastide des 2 lunes - Tout pr\u00e8s des \u00e9toiles - vin ros\u00e9 - IVINIO Wine Shop<\/title>\n<meta name=\"description\" content=\"Acheter Bastide des 2 lunes - Tout pr\u00e8s des \u00e9toiles - vin ros\u00e9. Couleur saumon clair avec des ar\u00f4mes de p\u00eache et d&#039;abricot.\" \/>\n<meta name=\"robots\" content=\"index, follow, max-snippet:-1, max-image-preview:large, max-video-preview:-1\" \/>\n<link rel=\"canonical\" href=\"https:\/\/www.ivinio.com\/fr\/produit\/bastide-des-2-lunes-tout-pres-des-etoiles-rose\/\" \/>\n<meta property=\"og:locale\" content=\"fr_FR\" \/>\n<meta property=\"og:type\" content=\"article\" \/>\n<meta property=\"og:title\" content=\"Acheter Bastide des 2 lunes - Tout pr\u00e8s des \u00e9toiles - vin ros\u00e9 - IVINIO Wine Shop\" \/>\n<meta property=\"og:description\" content=\"Acheter Bastide des 2 lunes - Tout pr\u00e8s des \u00e9toiles - vin ros\u00e9. Couleur saumon clair avec des ar\u00f4mes de p\u00eache et d&#039;abricot.\" \/>\n<meta property=\"og:url\" content=\"https:\/\/www.ivinio.com\/fr\/produit\/bastide-des-2-lunes-tout-pres-des-etoiles-rose\/\" \/>\n<meta property=\"og:site_name\" content=\"IVINIO Wine Shop\" \/>\n<meta property=\"article:publisher\" content=\"https:\/\/www.facebook.com\/groups\/165217837022391\/?ref=bookmarks\" \/>\n<meta property=\"article:modified_time\" content=\"2023-05-31T10:48:34+00:00\" \/>\n<meta property=\"og:image\" content=\"https:\/\/www.ivinio.com\/wp-content\/uploads\/nc\/public\/modules\/file\/pictures\/6405.bastide-des-2-lunes-tout-pr-s-des-toiles-ros-ivinio.jpg\" \/>\n\t<meta property=\"og:image:width\" content=\"500\" \/>\n\t<meta property=\"og:image:height\" content=\"500\" \/>\n\t<meta property=\"og:image:type\" content=\"image\/jpeg\" \/>\n<meta name=\"twitter:card\" content=\"summary_large_image\" \/>\n<script type=\"application\/ld+json\" class=\"yoast-schema-graph\">{\"@context\":\"https:\\\/\\\/schema.org\",\"@graph\":[{\"@type\":\"WebPage\",\"@id\":\"https:\\\/\\\/www.ivinio.com\\\/fr\\\/produit\\\/bastide-des-2-lunes-tout-pres-des-etoiles-rose\\\/\",\"url\":\"https:\\\/\\\/www.ivinio.com\\\/fr\\\/produit\\\/bastide-des-2-lunes-tout-pres-des-etoiles-rose\\\/\",\"name\":\"Acheter Bastide des 2 lunes - Tout pr\u00e8s des \u00e9toiles - vin ros\u00e9 - IVINIO Wine Shop\",\"isPartOf\":{\"@id\":\"https:\\\/\\\/www.ivinio.com\\\/fr\\\/#website\"},\"primaryImageOfPage\":{\"@id\":\"https:\\\/\\\/www.ivinio.com\\\/fr\\\/produit\\\/bastide-des-2-lunes-tout-pres-des-etoiles-rose\\\/#primaryimage\"},\"image\":{\"@id\":\"https:\\\/\\\/www.ivinio.com\\\/fr\\\/produit\\\/bastide-des-2-lunes-tout-pres-des-etoiles-rose\\\/#primaryimage\"},\"thumbnailUrl\":\"https:\\\/\\\/www.ivinio.com\\\/wp-content\\\/uploads\\\/nc\\\/public\\\/modules\\\/file\\\/pictures\\\/6405.bastide-des-2-lunes-tout-pr-s-des-toiles-ros-ivinio.jpg\",\"datePublished\":\"2017-06-01T12:14:36+00:00\",\"dateModified\":\"2023-05-31T10:48:34+00:00\",\"description\":\"Acheter Bastide des 2 lunes - Tout pr\u00e8s des \u00e9toiles - vin ros\u00e9. Couleur saumon clair avec des ar\u00f4mes de p\u00eache et d'abricot.\",\"breadcrumb\":{\"@id\":\"https:\\\/\\\/www.ivinio.com\\\/fr\\\/produit\\\/bastide-des-2-lunes-tout-pres-des-etoiles-rose\\\/#breadcrumb\"},\"inLanguage\":\"fr-FR\",\"potentialAction\":[{\"@type\":\"ReadAction\",\"target\":[\"https:\\\/\\\/www.ivinio.com\\\/fr\\\/produit\\\/bastide-des-2-lunes-tout-pres-des-etoiles-rose\\\/\"]}]},{\"@type\":\"ImageObject\",\"inLanguage\":\"fr-FR\",\"@id\":\"https:\\\/\\\/www.ivinio.com\\\/fr\\\/produit\\\/bastide-des-2-lunes-tout-pres-des-etoiles-rose\\\/#primaryimage\",\"url\":\"https:\\\/\\\/www.ivinio.com\\\/wp-content\\\/uploads\\\/nc\\\/public\\\/modules\\\/file\\\/pictures\\\/6405.bastide-des-2-lunes-tout-pr-s-des-toiles-ros-ivinio.jpg\",\"contentUrl\":\"https:\\\/\\\/www.ivinio.com\\\/wp-content\\\/uploads\\\/nc\\\/public\\\/modules\\\/file\\\/pictures\\\/6405.bastide-des-2-lunes-tout-pr-s-des-toiles-ros-ivinio.jpg\",\"width\":500,\"height\":500,\"caption\":\"Bastide des 2 lunes - Tout pr\u00e8s des \u00e9toiles - Ros\u00e9\"},{\"@type\":\"BreadcrumbList\",\"@id\":\"https:\\\/\\\/www.ivinio.com\\\/fr\\\/produit\\\/bastide-des-2-lunes-tout-pres-des-etoiles-rose\\\/#breadcrumb\",\"itemListElement\":[{\"@type\":\"ListItem\",\"position\":1,\"name\":\"Home\",\"item\":\"https:\\\/\\\/www.ivinio.com\\\/fr\\\/\"},{\"@type\":\"ListItem\",\"position\":2,\"name\":\"Boutique de vin\",\"item\":\"https:\\\/\\\/www.ivinio.com\\\/fr\\\/boutique-de-vin\\\/\"},{\"@type\":\"ListItem\",\"position\":3,\"name\":\"Bastide des 2 lunes &#8211; Tout pr\u00e8s des \u00e9toiles &#8211; Ros\u00e9\"}]},{\"@type\":\"WebSite\",\"@id\":\"https:\\\/\\\/www.ivinio.com\\\/fr\\\/#website\",\"url\":\"https:\\\/\\\/www.ivinio.com\\\/fr\\\/\",\"name\":\"IVINIO Wine Shop\",\"description\":\"French and Italian wines with delivery to your door\",\"publisher\":{\"@id\":\"https:\\\/\\\/www.ivinio.com\\\/fr\\\/#organization\"},\"potentialAction\":[{\"@type\":\"SearchAction\",\"target\":{\"@type\":\"EntryPoint\",\"urlTemplate\":\"https:\\\/\\\/www.ivinio.com\\\/fr\\\/?s={search_term_string}\"},\"query-input\":{\"@type\":\"PropertyValueSpecification\",\"valueRequired\":true,\"valueName\":\"search_term_string\"}}],\"inLanguage\":\"fr-FR\"},{\"@type\":\"Organization\",\"@id\":\"https:\\\/\\\/www.ivinio.com\\\/fr\\\/#organization\",\"name\":\"IVINIO\",\"url\":\"https:\\\/\\\/www.ivinio.com\\\/fr\\\/\",\"logo\":{\"@type\":\"ImageObject\",\"inLanguage\":\"fr-FR\",\"@id\":\"https:\\\/\\\/www.ivinio.com\\\/fr\\\/#\\\/schema\\\/logo\\\/image\\\/\",\"url\":\"https:\\\/\\\/www.ivinio.com\\\/wp-content\\\/uploads\\\/2021\\\/01\\\/Logo-Ivinio-v2.jpg\",\"contentUrl\":\"https:\\\/\\\/www.ivinio.com\\\/wp-content\\\/uploads\\\/2021\\\/01\\\/Logo-Ivinio-v2.jpg\",\"width\":1194,\"height\":1194,\"caption\":\"IVINIO\"},\"image\":{\"@id\":\"https:\\\/\\\/www.ivinio.com\\\/fr\\\/#\\\/schema\\\/logo\\\/image\\\/\"},\"sameAs\":[\"https:\\\/\\\/www.facebook.com\\\/groups\\\/165217837022391\\\/?ref=bookmarks\",\"https:\\\/\\\/www.instagram.com\\\/_ivinio_\\\/?hl=fr\"]}]}<\/script>\n<!-- \/ Yoast SEO plugin. -->","yoast_head_json":{"title":"Acheter Bastide des 2 lunes - Tout pr\u00e8s des \u00e9toiles - vin ros\u00e9 - IVINIO Wine Shop","description":"Acheter Bastide des 2 lunes - Tout pr\u00e8s des \u00e9toiles - vin ros\u00e9. Couleur saumon clair avec des ar\u00f4mes de p\u00eache et d'abricot.","robots":{"index":"index","follow":"follow","max-snippet":"max-snippet:-1","max-image-preview":"max-image-preview:large","max-video-preview":"max-video-preview:-1"},"canonical":"https:\/\/www.ivinio.com\/fr\/produit\/bastide-des-2-lunes-tout-pres-des-etoiles-rose\/","og_locale":"fr_FR","og_type":"article","og_title":"Acheter Bastide des 2 lunes - Tout pr\u00e8s des \u00e9toiles - vin ros\u00e9 - IVINIO Wine Shop","og_description":"Acheter Bastide des 2 lunes - Tout pr\u00e8s des \u00e9toiles - vin ros\u00e9. Couleur saumon clair avec des ar\u00f4mes de p\u00eache et d'abricot.","og_url":"https:\/\/www.ivinio.com\/fr\/produit\/bastide-des-2-lunes-tout-pres-des-etoiles-rose\/","og_site_name":"IVINIO Wine Shop","article_publisher":"https:\/\/www.facebook.com\/groups\/165217837022391\/?ref=bookmarks","article_modified_time":"2023-05-31T10:48:34+00:00","og_image":[{"width":500,"height":500,"url":"https:\/\/www.ivinio.com\/wp-content\/uploads\/nc\/public\/modules\/file\/pictures\/6405.bastide-des-2-lunes-tout-pr-s-des-toiles-ros-ivinio.jpg","type":"image\/jpeg"}],"twitter_card":"summary_large_image","schema":{"@context":"https:\/\/schema.org","@graph":[{"@type":"WebPage","@id":"https:\/\/www.ivinio.com\/fr\/produit\/bastide-des-2-lunes-tout-pres-des-etoiles-rose\/","url":"https:\/\/www.ivinio.com\/fr\/produit\/bastide-des-2-lunes-tout-pres-des-etoiles-rose\/","name":"Acheter Bastide des 2 lunes - Tout pr\u00e8s des \u00e9toiles - vin ros\u00e9 - IVINIO Wine Shop","isPartOf":{"@id":"https:\/\/www.ivinio.com\/fr\/#website"},"primaryImageOfPage":{"@id":"https:\/\/www.ivinio.com\/fr\/produit\/bastide-des-2-lunes-tout-pres-des-etoiles-rose\/#primaryimage"},"image":{"@id":"https:\/\/www.ivinio.com\/fr\/produit\/bastide-des-2-lunes-tout-pres-des-etoiles-rose\/#primaryimage"},"thumbnailUrl":"https:\/\/www.ivinio.com\/wp-content\/uploads\/nc\/public\/modules\/file\/pictures\/6405.bastide-des-2-lunes-tout-pr-s-des-toiles-ros-ivinio.jpg","datePublished":"2017-06-01T12:14:36+00:00","dateModified":"2023-05-31T10:48:34+00:00","description":"Acheter Bastide des 2 lunes - Tout pr\u00e8s des \u00e9toiles - vin ros\u00e9. Couleur saumon clair avec des ar\u00f4mes de p\u00eache et d'abricot.","breadcrumb":{"@id":"https:\/\/www.ivinio.com\/fr\/produit\/bastide-des-2-lunes-tout-pres-des-etoiles-rose\/#breadcrumb"},"inLanguage":"fr-FR","potentialAction":[{"@type":"ReadAction","target":["https:\/\/www.ivinio.com\/fr\/produit\/bastide-des-2-lunes-tout-pres-des-etoiles-rose\/"]}]},{"@type":"ImageObject","inLanguage":"fr-FR","@id":"https:\/\/www.ivinio.com\/fr\/produit\/bastide-des-2-lunes-tout-pres-des-etoiles-rose\/#primaryimage","url":"https:\/\/www.ivinio.com\/wp-content\/uploads\/nc\/public\/modules\/file\/pictures\/6405.bastide-des-2-lunes-tout-pr-s-des-toiles-ros-ivinio.jpg","contentUrl":"https:\/\/www.ivinio.com\/wp-content\/uploads\/nc\/public\/modules\/file\/pictures\/6405.bastide-des-2-lunes-tout-pr-s-des-toiles-ros-ivinio.jpg","width":500,"height":500,"caption":"Bastide des 2 lunes - Tout pr\u00e8s des \u00e9toiles - Ros\u00e9"},{"@type":"BreadcrumbList","@id":"https:\/\/www.ivinio.com\/fr\/produit\/bastide-des-2-lunes-tout-pres-des-etoiles-rose\/#breadcrumb","itemListElement":[{"@type":"ListItem","position":1,"name":"Home","item":"https:\/\/www.ivinio.com\/fr\/"},{"@type":"ListItem","position":2,"name":"Boutique de vin","item":"https:\/\/www.ivinio.com\/fr\/boutique-de-vin\/"},{"@type":"ListItem","position":3,"name":"Bastide des 2 lunes &#8211; Tout pr\u00e8s des \u00e9toiles &#8211; Ros\u00e9"}]},{"@type":"WebSite","@id":"https:\/\/www.ivinio.com\/fr\/#website","url":"https:\/\/www.ivinio.com\/fr\/","name":"IVINIO Wine Shop","description":"French and Italian wines with delivery to your door","publisher":{"@id":"https:\/\/www.ivinio.com\/fr\/#organization"},"potentialAction":[{"@type":"SearchAction","target":{"@type":"EntryPoint","urlTemplate":"https:\/\/www.ivinio.com\/fr\/?s={search_term_string}"},"query-input":{"@type":"PropertyValueSpecification","valueRequired":true,"valueName":"search_term_string"}}],"inLanguage":"fr-FR"},{"@type":"Organization","@id":"https:\/\/www.ivinio.com\/fr\/#organization","name":"IVINIO","url":"https:\/\/www.ivinio.com\/fr\/","logo":{"@type":"ImageObject","inLanguage":"fr-FR","@id":"https:\/\/www.ivinio.com\/fr\/#\/schema\/logo\/image\/","url":"https:\/\/www.ivinio.com\/wp-content\/uploads\/2021\/01\/Logo-Ivinio-v2.jpg","contentUrl":"https:\/\/www.ivinio.com\/wp-content\/uploads\/2021\/01\/Logo-Ivinio-v2.jpg","width":1194,"height":1194,"caption":"IVINIO"},"image":{"@id":"https:\/\/www.ivinio.com\/fr\/#\/schema\/logo\/image\/"},"sameAs":["https:\/\/www.facebook.com\/groups\/165217837022391\/?ref=bookmarks","https:\/\/www.instagram.com\/_ivinio_\/?hl=fr"]}]}},"jetpack_sharing_enabled":true,"_links":{"self":[{"href":"https:\/\/www.ivinio.com\/fr\/wp-json\/wp\/v2\/product\/120647","targetHints":{"allow":["GET"]}}],"collection":[{"href":"https:\/\/www.ivinio.com\/fr\/wp-json\/wp\/v2\/product"}],"about":[{"href":"https:\/\/www.ivinio.com\/fr\/wp-json\/wp\/v2\/types\/product"}],"replies":[{"embeddable":true,"href":"https:\/\/www.ivinio.com\/fr\/wp-json\/wp\/v2\/comments?post=120647"}],"wp:featuredmedia":[{"embeddable":true,"href":"https:\/\/www.ivinio.com\/fr\/wp-json\/wp\/v2\/media\/120650"}],"wp:attachment":[{"href":"https:\/\/www.ivinio.com\/fr\/wp-json\/wp\/v2\/media?parent=120647"}],"wp:term":[{"taxonomy":"product_brand","embeddable":true,"href":"https:\/\/www.ivinio.com\/fr\/wp-json\/wp\/v2\/product_brand?post=120647"},{"taxonomy":"product_cat","embeddable":true,"href":"https:\/\/www.ivinio.com\/fr\/wp-json\/wp\/v2\/product_cat?post=120647"},{"taxonomy":"product_tag","embeddable":true,"href":"https:\/\/www.ivinio.com\/fr\/wp-json\/wp\/v2\/product_tag?post=120647"}],"curies":[{"name":"wp","href":"https:\/\/api.w.org\/{rel}","templated":true}]}}