{"id":120632,"date":"2017-05-15T18:01:26","date_gmt":"2017-05-15T18:01:26","guid":{"rendered":"https:\/\/henrik.www.ivinio.com\/?product=azienda-giribaldi-blandad-vinlada-3x2-flaskor"},"modified":"2022-03-17T05:25:49","modified_gmt":"2022-03-17T04:25:49","slug":"azienda-giribaldi-blandad-vinlada-3x2-flaskor","status":"publish","type":"product","link":"https:\/\/www.ivinio.com\/fr\/produit\/azienda-giribaldi-blandad-vinlada-3x2-flaskor\/","title":{"rendered":"Azienda Giribaldi &#8211; BLANDAD VINL\u00c5DA 3X2 FLASKOR"},"content":{"rendered":"<p>Dans ce carton de vins rouges&nbsp;m&eacute;lang&eacute;s de chez Mario Giribaldi, nous avons s&eacute;lectionn&eacute; 3 vins rouges diff&eacute;rents avec 3 expressions diff&eacute;rentes pour les vins &eacute;labor&eacute;s avec le c&eacute;page Nebbiolo. 2 bouteilles de Barolo Ravera, 2 bouteilles de Barbaresco et 2 bouteilles de Nebbiolo d&#39;Alba !<\/p>\n","protected":false},"excerpt":{"rendered":"<p>Voil&agrave; une belle proposition de vins rouges du Pi&eacute;mont, plus pr&eacute;cis&eacute;ment du vignoble Mario Giribaldi. Vous recevrez 2 Barolo Ravera exclusifs, 2 Barbaresco et 2 Nebbiolo d&#39;Alba Conca d&#39;Oro &#8211; un choix pour l&#39;amateur de vins&nbsp;pi&eacute;montais avis&eacute;!<\/p>\n","protected":false},"featured_media":126513,"comment_status":"open","ping_status":"closed","template":"","meta":{"_monsterinsights_skip_tracking":false,"_monsterinsights_sitenote_active":false,"_monsterinsights_sitenote_note":"","_monsterinsights_sitenote_category":0,"_uf_show_specific_survey":0,"_uf_disable_surveys":false},"product_brand":[],"product_cat":[39811],"product_tag":[],"class_list":{"0":"post-120632","1":"product","2":"type-product","3":"status-publish","4":"has-post-thumbnail","6":"product_cat-uncategorized-fr","7":"pa_classification-doc-barbera-dalba-fr","8":"pa_classification-docg-barbaresco-fr","9":"pa_classification-docg-barolo-fr","10":"pa_color-rouge-fr","11":"pa_country-italie-fr","12":"pa_grape-variety-barbera-fr","13":"pa_grape-variety-nebbiolo","14":"pa_package-1x1-fr","15":"pa_package-1x6-fr","16":"pa_region-piemont-fr","17":"pa_vintage-2015-fr","18":"pa_vintage-2016-fr","19":"pa_vintage-2017-fr","21":"first","22":"outofstock","23":"taxable","24":"shipping-taxable","25":"purchasable","26":"product-type-bundle"},"bundled_by":[],"bundle_stock_status":"outofstock","bundle_stock_quantity":0,"bundle_virtual":false,"bundle_layout":"grid","bundle_add_to_cart_form_location":"after_summary","bundle_editable_in_cart":false,"bundle_sold_individually_context":"product","bundle_item_grouping":"noindent","bundle_min_size":"","bundle_max_size":"","bundle_price":{"price":{"min":{"incl_tax":"165.8","excl_tax":"165.833333"},"max":{"incl_tax":"165.8","excl_tax":"165.833333"}},"regular_price":{"min":{"incl_tax":"165.8","excl_tax":"165.833333"},"max":{"incl_tax":"165.8","excl_tax":"165.833333"}}},"bundled_items":[{"bundled_item_id":8331,"product_id":120573,"menu_order":0,"quantity_min":1,"quantity_max":1,"quantity_default":1,"priced_individually":false,"shipped_individually":false,"override_title":false,"title":"Azienda Giribaldi &#8211; Barbaresco &#8211; rouge","override_description":false,"description":"Azienda Giribaldi &#8211; Barbaresco &#8211; rouge","optional":false,"hide_thumbnail":false,"discount":"","override_variations":true,"allowed_variations":[123011],"override_default_variation_attributes":true,"default_variation_attributes":[],"single_product_visibility":"visible","cart_visibility":"hidden","order_visibility":"visible","single_product_price_visibility":"visible","cart_price_visibility":"visible","order_price_visibility":"visible","stock_status":"out_of_stock"},{"bundled_item_id":8332,"product_id":120555,"menu_order":1,"quantity_min":1,"quantity_max":1,"quantity_default":1,"priced_individually":false,"shipped_individually":false,"override_title":false,"title":"Azienda Giribaldi &#8211; Barolo Ravera &#8211; rouge","override_description":false,"description":"Azienda Giribaldi &#8211; Barolo Ravera &#8211; rouge","optional":false,"hide_thumbnail":false,"discount":"","override_variations":true,"allowed_variations":[123007],"override_default_variation_attributes":true,"default_variation_attributes":[{"id":223,"name":"Package :","option":"1x1-fr"}],"single_product_visibility":"visible","cart_visibility":"hidden","order_visibility":"visible","single_product_price_visibility":"visible","cart_price_visibility":"visible","order_price_visibility":"visible","stock_status":"out_of_stock"},{"bundled_item_id":8333,"product_id":120585,"menu_order":2,"quantity_min":1,"quantity_max":1,"quantity_default":1,"priced_individually":false,"shipped_individually":false,"override_title":false,"title":"Azienda Giribaldi &#8211; Nebbiolo d&#8217;Alba &#8211; Conca d&#8217;Oro &#8211; Rouge","override_description":false,"description":"Azienda Giribaldi &#8211; Nebbiolo d&#8217;Alba &#8211; Conca d&#8217;Oro &#8211; Rouge","optional":false,"hide_thumbnail":false,"discount":"","override_variations":true,"allowed_variations":[""],"override_default_variation_attributes":true,"default_variation_attributes":[],"single_product_visibility":"visible","cart_visibility":"hidden","order_visibility":"visible","single_product_price_visibility":"visible","cart_price_visibility":"visible","order_price_visibility":"visible","stock_status":"in_stock"}],"bundle_sell_ids":[],"yoast_head":"<!-- This site is optimized with the Yoast SEO plugin v27.5 - https:\/\/yoast.com\/product\/yoast-seo-wordpress\/ -->\n<title>acheter barolo en ligne - vente barbaresco en ligne - boutique de vin en ligne www.ivinio.com<\/title>\n<meta name=\"description\" content=\"Voil\u00e0 une belle proposition de vins rouges du Pi\u00e9mont, plus pr\u00e9cis\u00e9ment du vignoble Mario Giribaldi. Vous recevrez 2 Barolo Ravera exclusifs, 2 Barbaresco et 2 Nebbiolo d&#039;Alba Conca d&#039;Oro - un choix pour l&#039;amateur de vins pi\u00e9montais avis\u00e9!\" \/>\n<meta name=\"robots\" content=\"index, follow, max-snippet:-1, max-image-preview:large, max-video-preview:-1\" \/>\n<link rel=\"canonical\" href=\"https:\/\/www.ivinio.com\/fr\/produit\/azienda-giribaldi-blandad-vinlada-3x2-flaskor\/\" \/>\n<meta property=\"og:locale\" content=\"fr_FR\" \/>\n<meta property=\"og:type\" content=\"article\" \/>\n<meta property=\"og:title\" content=\"acheter barolo en ligne - vente barbaresco en ligne - boutique de vin en ligne www.ivinio.com\" \/>\n<meta property=\"og:description\" content=\"Voil\u00e0 une belle proposition de vins rouges du Pi\u00e9mont, plus pr\u00e9cis\u00e9ment du vignoble Mario Giribaldi. Vous recevrez 2 Barolo Ravera exclusifs, 2 Barbaresco et 2 Nebbiolo d&#039;Alba Conca d&#039;Oro - un choix pour l&#039;amateur de vins pi\u00e9montais avis\u00e9!\" \/>\n<meta property=\"og:url\" content=\"https:\/\/www.ivinio.com\/fr\/produit\/azienda-giribaldi-blandad-vinlada-3x2-flaskor\/\" \/>\n<meta property=\"og:site_name\" content=\"IVINIO Caviste\" \/>\n<meta property=\"article:publisher\" content=\"https:\/\/www.facebook.com\/groups\/165217837022391\/?ref=bookmarks\" \/>\n<meta property=\"article:modified_time\" content=\"2022-03-17T04:25:49+00:00\" \/>\n<meta property=\"og:image\" content=\"https:\/\/www.ivinio.com\/wp-content\/uploads\/nc\/public\/modules\/file\/pictures\/6393.Mario-Giribaldi-pack-ivinio.jpg\" \/>\n\t<meta property=\"og:image:width\" content=\"500\" \/>\n\t<meta property=\"og:image:height\" content=\"500\" \/>\n\t<meta property=\"og:image:type\" content=\"image\/jpeg\" \/>\n<meta name=\"twitter:card\" content=\"summary_large_image\" \/>\n<script type=\"application\/ld+json\" class=\"yoast-schema-graph\">{\"@context\":\"https:\\\/\\\/schema.org\",\"@graph\":[{\"@type\":\"WebPage\",\"@id\":\"https:\\\/\\\/www.ivinio.com\\\/fr\\\/produit\\\/azienda-giribaldi-blandad-vinlada-3x2-flaskor\\\/\",\"url\":\"https:\\\/\\\/www.ivinio.com\\\/fr\\\/produit\\\/azienda-giribaldi-blandad-vinlada-3x2-flaskor\\\/\",\"name\":\"acheter barolo en ligne - vente barbaresco en ligne - boutique de vin en ligne www.ivinio.com\",\"isPartOf\":{\"@id\":\"https:\\\/\\\/www.ivinio.com\\\/fr\\\/#website\"},\"primaryImageOfPage\":{\"@id\":\"https:\\\/\\\/www.ivinio.com\\\/fr\\\/produit\\\/azienda-giribaldi-blandad-vinlada-3x2-flaskor\\\/#primaryimage\"},\"image\":{\"@id\":\"https:\\\/\\\/www.ivinio.com\\\/fr\\\/produit\\\/azienda-giribaldi-blandad-vinlada-3x2-flaskor\\\/#primaryimage\"},\"thumbnailUrl\":\"https:\\\/\\\/www.ivinio.com\\\/wp-content\\\/uploads\\\/nc\\\/public\\\/modules\\\/file\\\/pictures\\\/6393.Mario-Giribaldi-pack-ivinio.jpg\",\"datePublished\":\"2017-05-15T18:01:26+00:00\",\"dateModified\":\"2022-03-17T04:25:49+00:00\",\"description\":\"Voil\u00e0 une belle proposition de vins rouges du Pi\u00e9mont, plus pr\u00e9cis\u00e9ment du vignoble Mario Giribaldi. Vous recevrez 2 Barolo Ravera exclusifs, 2 Barbaresco et 2 Nebbiolo d'Alba Conca d'Oro - un choix pour l'amateur de vins pi\u00e9montais avis\u00e9!\",\"breadcrumb\":{\"@id\":\"https:\\\/\\\/www.ivinio.com\\\/fr\\\/produit\\\/azienda-giribaldi-blandad-vinlada-3x2-flaskor\\\/#breadcrumb\"},\"inLanguage\":\"fr-FR\",\"potentialAction\":[{\"@type\":\"ReadAction\",\"target\":[\"https:\\\/\\\/www.ivinio.com\\\/fr\\\/produit\\\/azienda-giribaldi-blandad-vinlada-3x2-flaskor\\\/\"]}]},{\"@type\":\"ImageObject\",\"inLanguage\":\"fr-FR\",\"@id\":\"https:\\\/\\\/www.ivinio.com\\\/fr\\\/produit\\\/azienda-giribaldi-blandad-vinlada-3x2-flaskor\\\/#primaryimage\",\"url\":\"https:\\\/\\\/www.ivinio.com\\\/wp-content\\\/uploads\\\/nc\\\/public\\\/modules\\\/file\\\/pictures\\\/6393.Mario-Giribaldi-pack-ivinio.jpg\",\"contentUrl\":\"https:\\\/\\\/www.ivinio.com\\\/wp-content\\\/uploads\\\/nc\\\/public\\\/modules\\\/file\\\/pictures\\\/6393.Mario-Giribaldi-pack-ivinio.jpg\",\"width\":500,\"height\":500},{\"@type\":\"BreadcrumbList\",\"@id\":\"https:\\\/\\\/www.ivinio.com\\\/fr\\\/produit\\\/azienda-giribaldi-blandad-vinlada-3x2-flaskor\\\/#breadcrumb\",\"itemListElement\":[{\"@type\":\"ListItem\",\"position\":1,\"name\":\"Home\",\"item\":\"https:\\\/\\\/www.ivinio.com\\\/fr\\\/\"},{\"@type\":\"ListItem\",\"position\":2,\"name\":\"Boutique de vin\",\"item\":\"https:\\\/\\\/www.ivinio.com\\\/fr\\\/boutique-de-vin\\\/\"},{\"@type\":\"ListItem\",\"position\":3,\"name\":\"Azienda Giribaldi &#8211; BLANDAD VINL\u00c5DA 3X2 FLASKOR\"}]},{\"@type\":\"WebSite\",\"@id\":\"https:\\\/\\\/www.ivinio.com\\\/fr\\\/#website\",\"url\":\"https:\\\/\\\/www.ivinio.com\\\/fr\\\/\",\"name\":\"IVINIO Caviste\",\"description\":\"Vins de France et d&#039;Italie avec livraison \u00e0 domicile\",\"publisher\":{\"@id\":\"https:\\\/\\\/www.ivinio.com\\\/fr\\\/#organization\"},\"potentialAction\":[{\"@type\":\"SearchAction\",\"target\":{\"@type\":\"EntryPoint\",\"urlTemplate\":\"https:\\\/\\\/www.ivinio.com\\\/fr\\\/?s={search_term_string}\"},\"query-input\":{\"@type\":\"PropertyValueSpecification\",\"valueRequired\":true,\"valueName\":\"search_term_string\"}}],\"inLanguage\":\"fr-FR\"},{\"@type\":\"Organization\",\"@id\":\"https:\\\/\\\/www.ivinio.com\\\/fr\\\/#organization\",\"name\":\"IVINIO\",\"url\":\"https:\\\/\\\/www.ivinio.com\\\/fr\\\/\",\"logo\":{\"@type\":\"ImageObject\",\"inLanguage\":\"fr-FR\",\"@id\":\"https:\\\/\\\/www.ivinio.com\\\/fr\\\/#\\\/schema\\\/logo\\\/image\\\/\",\"url\":\"https:\\\/\\\/www.ivinio.com\\\/wp-content\\\/uploads\\\/2021\\\/01\\\/Logo-Ivinio-v2.jpg\",\"contentUrl\":\"https:\\\/\\\/www.ivinio.com\\\/wp-content\\\/uploads\\\/2021\\\/01\\\/Logo-Ivinio-v2.jpg\",\"width\":1194,\"height\":1194,\"caption\":\"IVINIO\"},\"image\":{\"@id\":\"https:\\\/\\\/www.ivinio.com\\\/fr\\\/#\\\/schema\\\/logo\\\/image\\\/\"},\"sameAs\":[\"https:\\\/\\\/www.facebook.com\\\/groups\\\/165217837022391\\\/?ref=bookmarks\",\"https:\\\/\\\/www.instagram.com\\\/_ivinio_\\\/?hl=fr\"]}]}<\/script>\n<!-- \/ Yoast SEO plugin. -->","yoast_head_json":{"title":"acheter barolo en ligne - vente barbaresco en ligne - boutique de vin en ligne www.ivinio.com","description":"Voil\u00e0 une belle proposition de vins rouges du Pi\u00e9mont, plus pr\u00e9cis\u00e9ment du vignoble Mario Giribaldi. Vous recevrez 2 Barolo Ravera exclusifs, 2 Barbaresco et 2 Nebbiolo d'Alba Conca d'Oro - un choix pour l'amateur de vins pi\u00e9montais avis\u00e9!","robots":{"index":"index","follow":"follow","max-snippet":"max-snippet:-1","max-image-preview":"max-image-preview:large","max-video-preview":"max-video-preview:-1"},"canonical":"https:\/\/www.ivinio.com\/fr\/produit\/azienda-giribaldi-blandad-vinlada-3x2-flaskor\/","og_locale":"fr_FR","og_type":"article","og_title":"acheter barolo en ligne - vente barbaresco en ligne - boutique de vin en ligne www.ivinio.com","og_description":"Voil\u00e0 une belle proposition de vins rouges du Pi\u00e9mont, plus pr\u00e9cis\u00e9ment du vignoble Mario Giribaldi. Vous recevrez 2 Barolo Ravera exclusifs, 2 Barbaresco et 2 Nebbiolo d'Alba Conca d'Oro - un choix pour l'amateur de vins pi\u00e9montais avis\u00e9!","og_url":"https:\/\/www.ivinio.com\/fr\/produit\/azienda-giribaldi-blandad-vinlada-3x2-flaskor\/","og_site_name":"IVINIO Caviste","article_publisher":"https:\/\/www.facebook.com\/groups\/165217837022391\/?ref=bookmarks","article_modified_time":"2022-03-17T04:25:49+00:00","og_image":[{"width":500,"height":500,"url":"https:\/\/www.ivinio.com\/wp-content\/uploads\/nc\/public\/modules\/file\/pictures\/6393.Mario-Giribaldi-pack-ivinio.jpg","type":"image\/jpeg"}],"twitter_card":"summary_large_image","schema":{"@context":"https:\/\/schema.org","@graph":[{"@type":"WebPage","@id":"https:\/\/www.ivinio.com\/fr\/produit\/azienda-giribaldi-blandad-vinlada-3x2-flaskor\/","url":"https:\/\/www.ivinio.com\/fr\/produit\/azienda-giribaldi-blandad-vinlada-3x2-flaskor\/","name":"acheter barolo en ligne - vente barbaresco en ligne - boutique de vin en ligne www.ivinio.com","isPartOf":{"@id":"https:\/\/www.ivinio.com\/fr\/#website"},"primaryImageOfPage":{"@id":"https:\/\/www.ivinio.com\/fr\/produit\/azienda-giribaldi-blandad-vinlada-3x2-flaskor\/#primaryimage"},"image":{"@id":"https:\/\/www.ivinio.com\/fr\/produit\/azienda-giribaldi-blandad-vinlada-3x2-flaskor\/#primaryimage"},"thumbnailUrl":"https:\/\/www.ivinio.com\/wp-content\/uploads\/nc\/public\/modules\/file\/pictures\/6393.Mario-Giribaldi-pack-ivinio.jpg","datePublished":"2017-05-15T18:01:26+00:00","dateModified":"2022-03-17T04:25:49+00:00","description":"Voil\u00e0 une belle proposition de vins rouges du Pi\u00e9mont, plus pr\u00e9cis\u00e9ment du vignoble Mario Giribaldi. Vous recevrez 2 Barolo Ravera exclusifs, 2 Barbaresco et 2 Nebbiolo d'Alba Conca d'Oro - un choix pour l'amateur de vins pi\u00e9montais avis\u00e9!","breadcrumb":{"@id":"https:\/\/www.ivinio.com\/fr\/produit\/azienda-giribaldi-blandad-vinlada-3x2-flaskor\/#breadcrumb"},"inLanguage":"fr-FR","potentialAction":[{"@type":"ReadAction","target":["https:\/\/www.ivinio.com\/fr\/produit\/azienda-giribaldi-blandad-vinlada-3x2-flaskor\/"]}]},{"@type":"ImageObject","inLanguage":"fr-FR","@id":"https:\/\/www.ivinio.com\/fr\/produit\/azienda-giribaldi-blandad-vinlada-3x2-flaskor\/#primaryimage","url":"https:\/\/www.ivinio.com\/wp-content\/uploads\/nc\/public\/modules\/file\/pictures\/6393.Mario-Giribaldi-pack-ivinio.jpg","contentUrl":"https:\/\/www.ivinio.com\/wp-content\/uploads\/nc\/public\/modules\/file\/pictures\/6393.Mario-Giribaldi-pack-ivinio.jpg","width":500,"height":500},{"@type":"BreadcrumbList","@id":"https:\/\/www.ivinio.com\/fr\/produit\/azienda-giribaldi-blandad-vinlada-3x2-flaskor\/#breadcrumb","itemListElement":[{"@type":"ListItem","position":1,"name":"Home","item":"https:\/\/www.ivinio.com\/fr\/"},{"@type":"ListItem","position":2,"name":"Boutique de vin","item":"https:\/\/www.ivinio.com\/fr\/boutique-de-vin\/"},{"@type":"ListItem","position":3,"name":"Azienda Giribaldi &#8211; BLANDAD VINL\u00c5DA 3X2 FLASKOR"}]},{"@type":"WebSite","@id":"https:\/\/www.ivinio.com\/fr\/#website","url":"https:\/\/www.ivinio.com\/fr\/","name":"IVINIO Caviste","description":"Vins de France et d&#039;Italie avec livraison \u00e0 domicile","publisher":{"@id":"https:\/\/www.ivinio.com\/fr\/#organization"},"potentialAction":[{"@type":"SearchAction","target":{"@type":"EntryPoint","urlTemplate":"https:\/\/www.ivinio.com\/fr\/?s={search_term_string}"},"query-input":{"@type":"PropertyValueSpecification","valueRequired":true,"valueName":"search_term_string"}}],"inLanguage":"fr-FR"},{"@type":"Organization","@id":"https:\/\/www.ivinio.com\/fr\/#organization","name":"IVINIO","url":"https:\/\/www.ivinio.com\/fr\/","logo":{"@type":"ImageObject","inLanguage":"fr-FR","@id":"https:\/\/www.ivinio.com\/fr\/#\/schema\/logo\/image\/","url":"https:\/\/www.ivinio.com\/wp-content\/uploads\/2021\/01\/Logo-Ivinio-v2.jpg","contentUrl":"https:\/\/www.ivinio.com\/wp-content\/uploads\/2021\/01\/Logo-Ivinio-v2.jpg","width":1194,"height":1194,"caption":"IVINIO"},"image":{"@id":"https:\/\/www.ivinio.com\/fr\/#\/schema\/logo\/image\/"},"sameAs":["https:\/\/www.facebook.com\/groups\/165217837022391\/?ref=bookmarks","https:\/\/www.instagram.com\/_ivinio_\/?hl=fr"]}]}},"jetpack_sharing_enabled":true,"_links":{"self":[{"href":"https:\/\/www.ivinio.com\/fr\/wp-json\/wp\/v2\/product\/120632","targetHints":{"allow":["GET"]}}],"collection":[{"href":"https:\/\/www.ivinio.com\/fr\/wp-json\/wp\/v2\/product"}],"about":[{"href":"https:\/\/www.ivinio.com\/fr\/wp-json\/wp\/v2\/types\/product"}],"replies":[{"embeddable":true,"href":"https:\/\/www.ivinio.com\/fr\/wp-json\/wp\/v2\/comments?post=120632"}],"wp:featuredmedia":[{"embeddable":true,"href":"https:\/\/www.ivinio.com\/fr\/wp-json\/wp\/v2\/media\/126513"}],"wp:attachment":[{"href":"https:\/\/www.ivinio.com\/fr\/wp-json\/wp\/v2\/media?parent=120632"}],"wp:term":[{"taxonomy":"product_brand","embeddable":true,"href":"https:\/\/www.ivinio.com\/fr\/wp-json\/wp\/v2\/product_brand?post=120632"},{"taxonomy":"product_cat","embeddable":true,"href":"https:\/\/www.ivinio.com\/fr\/wp-json\/wp\/v2\/product_cat?post=120632"},{"taxonomy":"product_tag","embeddable":true,"href":"https:\/\/www.ivinio.com\/fr\/wp-json\/wp\/v2\/product_tag?post=120632"}],"curies":[{"name":"wp","href":"https:\/\/api.w.org\/{rel}","templated":true}]}}