{"id":120530,"date":"2017-02-18T19:38:55","date_gmt":"2017-02-18T19:38:55","guid":{"rendered":"https:\/\/henrik.www.ivinio.com\/?product=domaine-colbois-carton-decouverte-3x2-bouteilles"},"modified":"2020-12-09T04:48:09","modified_gmt":"2020-12-09T04:48:09","slug":"domaine-colbois-carton-decouverte-3x2-bouteilles","status":"publish","type":"product","link":"https:\/\/www.ivinio.com\/fr\/produit\/domaine-colbois-carton-decouverte-3x2-bouteilles\/","title":{"rendered":"Domaine Colbois &#8211; Carton d\u00e9couverte 3&#215;2 bouteilles"},"content":{"rendered":"<p>Le Domaine Colbois produit de superbes&nbsp;vins blancs de la fameuse appellation&nbsp;Chablis. Au sud de Chablis se trouve le village de Chitry et dans ce carton d&eacute;couverte, vous aurez l&#39;occasion de d&eacute;guster &agrave; plusieurs des joyaux de la r&eacute;gion.&nbsp;2 Chablis, 2 Bourgogne Chitry blanc et 2 Bourgogne Chitry rouge !<\/p>\n","protected":false},"excerpt":{"rendered":"<p>Ceci est un carton de vins m&eacute;lang&eacute;s du nord de la Bourgogne du&nbsp;Domaine Colbois. La bo&icirc;te contient deux bouteilles de Chablis,&nbsp;2 bouteilles de Bourgogne Chitry&nbsp;blanc et 2 de rouge !<\/p>\n<p>&nbsp;<\/p>\n","protected":false},"featured_media":120533,"comment_status":"open","ping_status":"closed","template":"","meta":{"_monsterinsights_skip_tracking":false,"_monsterinsights_sitenote_active":false,"_monsterinsights_sitenote_note":"","_monsterinsights_sitenote_category":0,"_uf_show_specific_survey":0,"_uf_disable_surveys":false},"product_brand":[],"product_cat":[36610,36643],"product_tag":[],"class_list":{"0":"post-120530","1":"product","2":"type-product","3":"status-publish","4":"has-post-thumbnail","6":"product_cat-fr-bourgogne","7":"product_cat-ronde-des-vins","8":"pa_classification-aop-bourgogne-chitry-fr","9":"pa_classification-aop-chablis-fr","10":"pa_color-blanc-fr","11":"pa_color-rouge-fr","12":"pa_country-france-fr","13":"pa_package-1x1-fr","14":"pa_package-1x6-fr","15":"pa_region-bourgogne-fr","16":"pa_vintage-2020-fr","17":"pa_vintage-2021-fr","18":"pa_volume-75-cl-fr","20":"first","21":"instock","22":"taxable","23":"shipping-taxable","24":"purchasable","25":"product-type-bundle"},"bundled_by":[],"bundle_stock_status":"instock","bundle_stock_quantity":"","bundle_virtual":false,"bundle_layout":"grid","bundle_add_to_cart_form_location":"after_summary","bundle_editable_in_cart":false,"bundle_sold_individually_context":"product","bundle_item_grouping":"noindent","bundle_min_size":"","bundle_max_size":"","bundle_price":{"price":{"min":{"incl_tax":"82.5","excl_tax":"82.5"},"max":{"incl_tax":"82.5","excl_tax":"82.5"}},"regular_price":{"min":{"incl_tax":"82.5","excl_tax":"82.5"},"max":{"incl_tax":"82.5","excl_tax":"82.5"}}},"bundled_items":[{"bundled_item_id":8697,"product_id":120526,"menu_order":0,"quantity_min":1,"quantity_max":1,"quantity_default":1,"priced_individually":false,"shipped_individually":false,"override_title":false,"title":"Domaine Colbois &#8211; Bourgogne Chitry &#8211; Blanc","override_description":false,"description":"Domaine Colbois &#8211; Bourgogne Chitry &#8211; Blanc","optional":false,"hide_thumbnail":false,"discount":"","override_variations":true,"allowed_variations":[""],"override_default_variation_attributes":true,"default_variation_attributes":[],"single_product_visibility":"visible","cart_visibility":"hidden","order_visibility":"visible","single_product_price_visibility":"visible","cart_price_visibility":"visible","order_price_visibility":"visible","stock_status":"in_stock"},{"bundled_item_id":8698,"product_id":120522,"menu_order":1,"quantity_min":2,"quantity_max":2,"quantity_default":2,"priced_individually":false,"shipped_individually":false,"override_title":false,"title":"Domaine Colbois &#8211; Bourgogne Chitry &#8211; Rouge","override_description":false,"description":"Domaine Colbois &#8211; Bourgogne Chitry &#8211; Rouge","optional":false,"hide_thumbnail":false,"discount":"","override_variations":true,"allowed_variations":[""],"override_default_variation_attributes":true,"default_variation_attributes":[],"single_product_visibility":"visible","cart_visibility":"hidden","order_visibility":"visible","single_product_price_visibility":"visible","cart_price_visibility":"visible","order_price_visibility":"visible","stock_status":"in_stock"},{"bundled_item_id":8699,"product_id":120517,"menu_order":2,"quantity_min":2,"quantity_max":2,"quantity_default":2,"priced_individually":false,"shipped_individually":false,"override_title":false,"title":"Domaine Colbois &#8211; Chablis &#8211; Blanc","override_description":false,"description":"Domaine Colbois &#8211; Chablis &#8211; Blanc","optional":false,"hide_thumbnail":false,"discount":"","override_variations":true,"allowed_variations":[""],"override_default_variation_attributes":true,"default_variation_attributes":[],"single_product_visibility":"visible","cart_visibility":"hidden","order_visibility":"visible","single_product_price_visibility":"visible","cart_price_visibility":"visible","order_price_visibility":"visible","stock_status":"in_stock"}],"bundle_sell_ids":[],"yoast_head":"<!-- This site is optimized with the Yoast SEO plugin v27.5 - https:\/\/yoast.com\/product\/yoast-seo-wordpress\/ -->\n<title>chablis acheter en ligne - acheter du vin en ligne - Boutique de vin en ligne www.ivinio.com<\/title>\n<meta name=\"description\" content=\"Chablis Domaine Colbois est un vin blanc sec mais fruit\u00e9 avec une belle min\u00e9ralit\u00e9. Un tr\u00e8s bien fait et prim\u00e9 Chablis pour servir avec plateau de fruits de mer ou des plats de poisson assortis!\" \/>\n<meta name=\"robots\" content=\"index, follow, max-snippet:-1, max-image-preview:large, max-video-preview:-1\" \/>\n<link rel=\"canonical\" href=\"https:\/\/www.ivinio.com\/fr\/produit\/domaine-colbois-carton-decouverte-3x2-bouteilles\/\" \/>\n<meta property=\"og:locale\" content=\"fr_FR\" \/>\n<meta property=\"og:type\" content=\"article\" \/>\n<meta property=\"og:title\" content=\"chablis acheter en ligne - acheter du vin en ligne - Boutique de vin en ligne www.ivinio.com\" \/>\n<meta property=\"og:description\" content=\"Chablis Domaine Colbois est un vin blanc sec mais fruit\u00e9 avec une belle min\u00e9ralit\u00e9. Un tr\u00e8s bien fait et prim\u00e9 Chablis pour servir avec plateau de fruits de mer ou des plats de poisson assortis!\" \/>\n<meta property=\"og:url\" content=\"https:\/\/www.ivinio.com\/fr\/produit\/domaine-colbois-carton-decouverte-3x2-bouteilles\/\" \/>\n<meta property=\"og:site_name\" content=\"IVINIO Caviste\" \/>\n<meta property=\"article:publisher\" content=\"https:\/\/www.facebook.com\/groups\/165217837022391\/?ref=bookmarks\" \/>\n<meta property=\"article:modified_time\" content=\"2020-12-09T04:48:09+00:00\" \/>\n<meta property=\"og:image\" content=\"https:\/\/www.ivinio.com\/wp-content\/uploads\/nc\/public\/modules\/file\/pictures\/6357.Domaine-colbois-pack-ivinio.jpg\" \/>\n\t<meta property=\"og:image:width\" content=\"500\" \/>\n\t<meta property=\"og:image:height\" content=\"500\" \/>\n\t<meta property=\"og:image:type\" content=\"image\/jpeg\" \/>\n<meta name=\"twitter:card\" content=\"summary_large_image\" \/>\n<script type=\"application\/ld+json\" class=\"yoast-schema-graph\">{\"@context\":\"https:\\\/\\\/schema.org\",\"@graph\":[{\"@type\":\"WebPage\",\"@id\":\"https:\\\/\\\/www.ivinio.com\\\/fr\\\/produit\\\/domaine-colbois-carton-decouverte-3x2-bouteilles\\\/\",\"url\":\"https:\\\/\\\/www.ivinio.com\\\/fr\\\/produit\\\/domaine-colbois-carton-decouverte-3x2-bouteilles\\\/\",\"name\":\"chablis acheter en ligne - acheter du vin en ligne - Boutique de vin en ligne www.ivinio.com\",\"isPartOf\":{\"@id\":\"https:\\\/\\\/www.ivinio.com\\\/fr\\\/#website\"},\"primaryImageOfPage\":{\"@id\":\"https:\\\/\\\/www.ivinio.com\\\/fr\\\/produit\\\/domaine-colbois-carton-decouverte-3x2-bouteilles\\\/#primaryimage\"},\"image\":{\"@id\":\"https:\\\/\\\/www.ivinio.com\\\/fr\\\/produit\\\/domaine-colbois-carton-decouverte-3x2-bouteilles\\\/#primaryimage\"},\"thumbnailUrl\":\"https:\\\/\\\/www.ivinio.com\\\/wp-content\\\/uploads\\\/nc\\\/public\\\/modules\\\/file\\\/pictures\\\/6357.Domaine-colbois-pack-ivinio.jpg\",\"datePublished\":\"2017-02-18T19:38:55+00:00\",\"dateModified\":\"2020-12-09T04:48:09+00:00\",\"description\":\"Chablis Domaine Colbois est un vin blanc sec mais fruit\u00e9 avec une belle min\u00e9ralit\u00e9. Un tr\u00e8s bien fait et prim\u00e9 Chablis pour servir avec plateau de fruits de mer ou des plats de poisson assortis!\",\"breadcrumb\":{\"@id\":\"https:\\\/\\\/www.ivinio.com\\\/fr\\\/produit\\\/domaine-colbois-carton-decouverte-3x2-bouteilles\\\/#breadcrumb\"},\"inLanguage\":\"fr-FR\",\"potentialAction\":[{\"@type\":\"ReadAction\",\"target\":[\"https:\\\/\\\/www.ivinio.com\\\/fr\\\/produit\\\/domaine-colbois-carton-decouverte-3x2-bouteilles\\\/\"]}]},{\"@type\":\"ImageObject\",\"inLanguage\":\"fr-FR\",\"@id\":\"https:\\\/\\\/www.ivinio.com\\\/fr\\\/produit\\\/domaine-colbois-carton-decouverte-3x2-bouteilles\\\/#primaryimage\",\"url\":\"https:\\\/\\\/www.ivinio.com\\\/wp-content\\\/uploads\\\/nc\\\/public\\\/modules\\\/file\\\/pictures\\\/6357.Domaine-colbois-pack-ivinio.jpg\",\"contentUrl\":\"https:\\\/\\\/www.ivinio.com\\\/wp-content\\\/uploads\\\/nc\\\/public\\\/modules\\\/file\\\/pictures\\\/6357.Domaine-colbois-pack-ivinio.jpg\",\"width\":500,\"height\":500},{\"@type\":\"BreadcrumbList\",\"@id\":\"https:\\\/\\\/www.ivinio.com\\\/fr\\\/produit\\\/domaine-colbois-carton-decouverte-3x2-bouteilles\\\/#breadcrumb\",\"itemListElement\":[{\"@type\":\"ListItem\",\"position\":1,\"name\":\"Home\",\"item\":\"https:\\\/\\\/www.ivinio.com\\\/fr\\\/\"},{\"@type\":\"ListItem\",\"position\":2,\"name\":\"Boutique de vin\",\"item\":\"https:\\\/\\\/www.ivinio.com\\\/fr\\\/boutique-de-vin\\\/\"},{\"@type\":\"ListItem\",\"position\":3,\"name\":\"Domaine Colbois &#8211; Carton d\u00e9couverte 3&#215;2 bouteilles\"}]},{\"@type\":\"WebSite\",\"@id\":\"https:\\\/\\\/www.ivinio.com\\\/fr\\\/#website\",\"url\":\"https:\\\/\\\/www.ivinio.com\\\/fr\\\/\",\"name\":\"IVINIO Caviste\",\"description\":\"Vins de France et d&#039;Italie avec livraison \u00e0 domicile\",\"publisher\":{\"@id\":\"https:\\\/\\\/www.ivinio.com\\\/fr\\\/#organization\"},\"potentialAction\":[{\"@type\":\"SearchAction\",\"target\":{\"@type\":\"EntryPoint\",\"urlTemplate\":\"https:\\\/\\\/www.ivinio.com\\\/fr\\\/?s={search_term_string}\"},\"query-input\":{\"@type\":\"PropertyValueSpecification\",\"valueRequired\":true,\"valueName\":\"search_term_string\"}}],\"inLanguage\":\"fr-FR\"},{\"@type\":\"Organization\",\"@id\":\"https:\\\/\\\/www.ivinio.com\\\/fr\\\/#organization\",\"name\":\"IVINIO\",\"url\":\"https:\\\/\\\/www.ivinio.com\\\/fr\\\/\",\"logo\":{\"@type\":\"ImageObject\",\"inLanguage\":\"fr-FR\",\"@id\":\"https:\\\/\\\/www.ivinio.com\\\/fr\\\/#\\\/schema\\\/logo\\\/image\\\/\",\"url\":\"https:\\\/\\\/www.ivinio.com\\\/wp-content\\\/uploads\\\/2021\\\/01\\\/Logo-Ivinio-v2.jpg\",\"contentUrl\":\"https:\\\/\\\/www.ivinio.com\\\/wp-content\\\/uploads\\\/2021\\\/01\\\/Logo-Ivinio-v2.jpg\",\"width\":1194,\"height\":1194,\"caption\":\"IVINIO\"},\"image\":{\"@id\":\"https:\\\/\\\/www.ivinio.com\\\/fr\\\/#\\\/schema\\\/logo\\\/image\\\/\"},\"sameAs\":[\"https:\\\/\\\/www.facebook.com\\\/groups\\\/165217837022391\\\/?ref=bookmarks\",\"https:\\\/\\\/www.instagram.com\\\/_ivinio_\\\/?hl=fr\"]}]}<\/script>\n<!-- \/ Yoast SEO plugin. -->","yoast_head_json":{"title":"chablis acheter en ligne - acheter du vin en ligne - Boutique de vin en ligne www.ivinio.com","description":"Chablis Domaine Colbois est un vin blanc sec mais fruit\u00e9 avec une belle min\u00e9ralit\u00e9. Un tr\u00e8s bien fait et prim\u00e9 Chablis pour servir avec plateau de fruits de mer ou des plats de poisson assortis!","robots":{"index":"index","follow":"follow","max-snippet":"max-snippet:-1","max-image-preview":"max-image-preview:large","max-video-preview":"max-video-preview:-1"},"canonical":"https:\/\/www.ivinio.com\/fr\/produit\/domaine-colbois-carton-decouverte-3x2-bouteilles\/","og_locale":"fr_FR","og_type":"article","og_title":"chablis acheter en ligne - acheter du vin en ligne - Boutique de vin en ligne www.ivinio.com","og_description":"Chablis Domaine Colbois est un vin blanc sec mais fruit\u00e9 avec une belle min\u00e9ralit\u00e9. Un tr\u00e8s bien fait et prim\u00e9 Chablis pour servir avec plateau de fruits de mer ou des plats de poisson assortis!","og_url":"https:\/\/www.ivinio.com\/fr\/produit\/domaine-colbois-carton-decouverte-3x2-bouteilles\/","og_site_name":"IVINIO Caviste","article_publisher":"https:\/\/www.facebook.com\/groups\/165217837022391\/?ref=bookmarks","article_modified_time":"2020-12-09T04:48:09+00:00","og_image":[{"width":500,"height":500,"url":"https:\/\/www.ivinio.com\/wp-content\/uploads\/nc\/public\/modules\/file\/pictures\/6357.Domaine-colbois-pack-ivinio.jpg","type":"image\/jpeg"}],"twitter_card":"summary_large_image","schema":{"@context":"https:\/\/schema.org","@graph":[{"@type":"WebPage","@id":"https:\/\/www.ivinio.com\/fr\/produit\/domaine-colbois-carton-decouverte-3x2-bouteilles\/","url":"https:\/\/www.ivinio.com\/fr\/produit\/domaine-colbois-carton-decouverte-3x2-bouteilles\/","name":"chablis acheter en ligne - acheter du vin en ligne - Boutique de vin en ligne www.ivinio.com","isPartOf":{"@id":"https:\/\/www.ivinio.com\/fr\/#website"},"primaryImageOfPage":{"@id":"https:\/\/www.ivinio.com\/fr\/produit\/domaine-colbois-carton-decouverte-3x2-bouteilles\/#primaryimage"},"image":{"@id":"https:\/\/www.ivinio.com\/fr\/produit\/domaine-colbois-carton-decouverte-3x2-bouteilles\/#primaryimage"},"thumbnailUrl":"https:\/\/www.ivinio.com\/wp-content\/uploads\/nc\/public\/modules\/file\/pictures\/6357.Domaine-colbois-pack-ivinio.jpg","datePublished":"2017-02-18T19:38:55+00:00","dateModified":"2020-12-09T04:48:09+00:00","description":"Chablis Domaine Colbois est un vin blanc sec mais fruit\u00e9 avec une belle min\u00e9ralit\u00e9. Un tr\u00e8s bien fait et prim\u00e9 Chablis pour servir avec plateau de fruits de mer ou des plats de poisson assortis!","breadcrumb":{"@id":"https:\/\/www.ivinio.com\/fr\/produit\/domaine-colbois-carton-decouverte-3x2-bouteilles\/#breadcrumb"},"inLanguage":"fr-FR","potentialAction":[{"@type":"ReadAction","target":["https:\/\/www.ivinio.com\/fr\/produit\/domaine-colbois-carton-decouverte-3x2-bouteilles\/"]}]},{"@type":"ImageObject","inLanguage":"fr-FR","@id":"https:\/\/www.ivinio.com\/fr\/produit\/domaine-colbois-carton-decouverte-3x2-bouteilles\/#primaryimage","url":"https:\/\/www.ivinio.com\/wp-content\/uploads\/nc\/public\/modules\/file\/pictures\/6357.Domaine-colbois-pack-ivinio.jpg","contentUrl":"https:\/\/www.ivinio.com\/wp-content\/uploads\/nc\/public\/modules\/file\/pictures\/6357.Domaine-colbois-pack-ivinio.jpg","width":500,"height":500},{"@type":"BreadcrumbList","@id":"https:\/\/www.ivinio.com\/fr\/produit\/domaine-colbois-carton-decouverte-3x2-bouteilles\/#breadcrumb","itemListElement":[{"@type":"ListItem","position":1,"name":"Home","item":"https:\/\/www.ivinio.com\/fr\/"},{"@type":"ListItem","position":2,"name":"Boutique de vin","item":"https:\/\/www.ivinio.com\/fr\/boutique-de-vin\/"},{"@type":"ListItem","position":3,"name":"Domaine Colbois &#8211; Carton d\u00e9couverte 3&#215;2 bouteilles"}]},{"@type":"WebSite","@id":"https:\/\/www.ivinio.com\/fr\/#website","url":"https:\/\/www.ivinio.com\/fr\/","name":"IVINIO Caviste","description":"Vins de France et d&#039;Italie avec livraison \u00e0 domicile","publisher":{"@id":"https:\/\/www.ivinio.com\/fr\/#organization"},"potentialAction":[{"@type":"SearchAction","target":{"@type":"EntryPoint","urlTemplate":"https:\/\/www.ivinio.com\/fr\/?s={search_term_string}"},"query-input":{"@type":"PropertyValueSpecification","valueRequired":true,"valueName":"search_term_string"}}],"inLanguage":"fr-FR"},{"@type":"Organization","@id":"https:\/\/www.ivinio.com\/fr\/#organization","name":"IVINIO","url":"https:\/\/www.ivinio.com\/fr\/","logo":{"@type":"ImageObject","inLanguage":"fr-FR","@id":"https:\/\/www.ivinio.com\/fr\/#\/schema\/logo\/image\/","url":"https:\/\/www.ivinio.com\/wp-content\/uploads\/2021\/01\/Logo-Ivinio-v2.jpg","contentUrl":"https:\/\/www.ivinio.com\/wp-content\/uploads\/2021\/01\/Logo-Ivinio-v2.jpg","width":1194,"height":1194,"caption":"IVINIO"},"image":{"@id":"https:\/\/www.ivinio.com\/fr\/#\/schema\/logo\/image\/"},"sameAs":["https:\/\/www.facebook.com\/groups\/165217837022391\/?ref=bookmarks","https:\/\/www.instagram.com\/_ivinio_\/?hl=fr"]}]}},"jetpack_sharing_enabled":true,"_links":{"self":[{"href":"https:\/\/www.ivinio.com\/fr\/wp-json\/wp\/v2\/product\/120530","targetHints":{"allow":["GET"]}}],"collection":[{"href":"https:\/\/www.ivinio.com\/fr\/wp-json\/wp\/v2\/product"}],"about":[{"href":"https:\/\/www.ivinio.com\/fr\/wp-json\/wp\/v2\/types\/product"}],"replies":[{"embeddable":true,"href":"https:\/\/www.ivinio.com\/fr\/wp-json\/wp\/v2\/comments?post=120530"}],"wp:featuredmedia":[{"embeddable":true,"href":"https:\/\/www.ivinio.com\/fr\/wp-json\/wp\/v2\/media\/120533"}],"wp:attachment":[{"href":"https:\/\/www.ivinio.com\/fr\/wp-json\/wp\/v2\/media?parent=120530"}],"wp:term":[{"taxonomy":"product_brand","embeddable":true,"href":"https:\/\/www.ivinio.com\/fr\/wp-json\/wp\/v2\/product_brand?post=120530"},{"taxonomy":"product_cat","embeddable":true,"href":"https:\/\/www.ivinio.com\/fr\/wp-json\/wp\/v2\/product_cat?post=120530"},{"taxonomy":"product_tag","embeddable":true,"href":"https:\/\/www.ivinio.com\/fr\/wp-json\/wp\/v2\/product_tag?post=120530"}],"curies":[{"name":"wp","href":"https:\/\/api.w.org\/{rel}","templated":true}]}}