{"id":120463,"date":"2016-11-07T01:07:37","date_gmt":"2016-11-07T01:07:37","guid":{"rendered":"https:\/\/henrik.www.ivinio.com\/?product=chevalier-torpez-ultimum-rouge"},"modified":"2024-03-13T12:52:02","modified_gmt":"2024-03-13T11:52:02","slug":"chevalier-torpez-ultimum-rose","status":"publish","type":"product","link":"https:\/\/www.ivinio.com\/fr\/produit\/chevalier-torpez-ultimum-rose\/","title":{"rendered":"Chevalier Torpez &#8211; Ultimum &#8211; Ros\u00e9"},"content":{"rendered":"<p>Le vin Chevalier Torpez &#8211; Ultimum &#8211; Ros\u00e9 est compos\u00e9 de 40% Grenache, 25% Mourv\u00e8dre, 15% Tibouren et 5% Syrah. Les raisins sont vendang\u00e9s manuellement en caisses et sont partiellement \u00e9grapp\u00e9s. Une mac\u00e9ration \u00e0 froid avant fermentation a lieu \u00e0 5\u00b0C pendant 8 \u00e0 10 jours. La temp\u00e9rature est ensuite \u00e9lev\u00e9e et la fermentation dure entre 3 \u00e0 4 semaines \u00e0 une temp\u00e9rature de 20\u00b0C-25\u00b0C. Le vin est ensuite \u00e9lev\u00e9 sur lies fines et b\u00e2tonn\u00e9 r\u00e9guli\u00e8rement \u00e0 l&#8217;aide de racleurs qui remontent les lies. Les lies au fond lib\u00e8rent des ar\u00f4mes, qui donnent du volume et du \u00ab gras \u00bb. Le vin est \u00e9lev\u00e9 en f\u00fbts de ch\u00eane pendant plus de 18 mois.<\/p>\n","protected":false},"excerpt":{"rendered":"<p>Ultimum de Chevalier Torpez est le fleuron exclusif du vignoble ; un vin ros\u00e9 \u00e9lev\u00e9 en f\u00fbt de ch\u00eane qui offre le meilleur de la Provence.<\/p>\n","protected":false},"featured_media":131804,"comment_status":"open","ping_status":"closed","template":"","meta":{"_monsterinsights_skip_tracking":false,"_monsterinsights_sitenote_active":false,"_monsterinsights_sitenote_note":"","_monsterinsights_sitenote_category":0,"_uf_show_specific_survey":0,"_uf_disable_surveys":false},"product_brand":[],"product_cat":[36622,36586],"product_tag":[],"class_list":{"0":"post-120463","1":"product","2":"type-product","3":"status-publish","4":"has-post-thumbnail","6":"product_cat-fr-provence","7":"product_cat-vins-francais","8":"pa_alcohol-degree-145-fr","9":"pa_classification-aop-cotes-de-provence-fr","10":"pa_color-rose-fr","11":"pa_country-france-fr","12":"pa_grape-variety-grenache-fr","13":"pa_grape-variety-mourvedre-fr","14":"pa_grape-variety-syrah-fr","15":"pa_grape-variety-tibouren-fr","16":"pa_region-provence-fr","17":"pa_storage-potential-5-ans-fr","18":"pa_vintage-2019-fr","19":"pa_volume-75-cl-fr","21":"first","22":"instock","23":"taxable","24":"shipping-taxable","25":"purchasable","26":"product-type-simple"},"bundled_by":[],"bundle_stock_status":"instock","bundle_stock_quantity":null,"bundle_virtual":false,"bundle_layout":"","bundle_add_to_cart_form_location":"","bundle_editable_in_cart":false,"bundle_sold_individually_context":"","bundle_item_grouping":"","bundle_min_size":"","bundle_max_size":"","bundle_price":[],"bundled_items":[],"bundle_sell_ids":[],"yoast_head":"<!-- This site is optimized with the Yoast SEO plugin v27.5 - https:\/\/yoast.com\/product\/yoast-seo-wordpress\/ -->\n<title>Achat Chevalier Torpez - Ultimum - Ros\u00e9 - IVINIO Caviste<\/title>\n<meta name=\"description\" content=\"Achat Chevalier Torpez - Ultimum - Ros\u00e9. Le produit phare exclusif du vignoble ; un vin ros\u00e9 \u00e9lev\u00e9 en f\u00fbts de ch\u00eane qui offre le meilleur de la Provence.\" \/>\n<meta name=\"robots\" content=\"index, follow, max-snippet:-1, max-image-preview:large, max-video-preview:-1\" \/>\n<link rel=\"canonical\" href=\"https:\/\/www.ivinio.com\/fr\/produit\/chevalier-torpez-ultimum-rose\/\" \/>\n<meta property=\"og:locale\" content=\"fr_FR\" \/>\n<meta property=\"og:type\" content=\"article\" \/>\n<meta property=\"og:title\" content=\"Achat Chevalier Torpez - Ultimum - Ros\u00e9 - IVINIO Caviste\" \/>\n<meta property=\"og:description\" content=\"Achat Chevalier Torpez - Ultimum - Ros\u00e9. Le produit phare exclusif du vignoble ; un vin ros\u00e9 \u00e9lev\u00e9 en f\u00fbts de ch\u00eane qui offre le meilleur de la Provence.\" \/>\n<meta property=\"og:url\" content=\"https:\/\/www.ivinio.com\/fr\/produit\/chevalier-torpez-ultimum-rose\/\" \/>\n<meta property=\"og:site_name\" content=\"IVINIO Caviste\" \/>\n<meta property=\"article:publisher\" content=\"https:\/\/www.facebook.com\/groups\/165217837022391\/?ref=bookmarks\" \/>\n<meta property=\"article:modified_time\" content=\"2024-03-13T11:52:02+00:00\" \/>\n<meta property=\"og:image\" content=\"https:\/\/www.ivinio.com\/wp-content\/uploads\/2016\/11\/chevalier-torpez-ultimum-rose-IVINIO.jpg\" \/>\n\t<meta property=\"og:image:width\" content=\"500\" \/>\n\t<meta property=\"og:image:height\" content=\"500\" \/>\n\t<meta property=\"og:image:type\" content=\"image\/jpeg\" \/>\n<meta name=\"twitter:card\" content=\"summary_large_image\" \/>\n<meta name=\"twitter:label1\" content=\"Dur\u00e9e de lecture estim\u00e9e\" \/>\n\t<meta name=\"twitter:data1\" content=\"1 minute\" \/>\n<script type=\"application\/ld+json\" class=\"yoast-schema-graph\">{\"@context\":\"https:\\\/\\\/schema.org\",\"@graph\":[{\"@type\":\"WebPage\",\"@id\":\"https:\\\/\\\/www.ivinio.com\\\/fr\\\/produit\\\/chevalier-torpez-ultimum-rose\\\/\",\"url\":\"https:\\\/\\\/www.ivinio.com\\\/fr\\\/produit\\\/chevalier-torpez-ultimum-rose\\\/\",\"name\":\"Achat Chevalier Torpez - Ultimum - Ros\u00e9 - IVINIO Caviste\",\"isPartOf\":{\"@id\":\"https:\\\/\\\/www.ivinio.com\\\/fr\\\/#website\"},\"primaryImageOfPage\":{\"@id\":\"https:\\\/\\\/www.ivinio.com\\\/fr\\\/produit\\\/chevalier-torpez-ultimum-rose\\\/#primaryimage\"},\"image\":{\"@id\":\"https:\\\/\\\/www.ivinio.com\\\/fr\\\/produit\\\/chevalier-torpez-ultimum-rose\\\/#primaryimage\"},\"thumbnailUrl\":\"https:\\\/\\\/www.ivinio.com\\\/wp-content\\\/uploads\\\/2016\\\/11\\\/chevalier-torpez-ultimum-rose-IVINIO.jpg\",\"datePublished\":\"2016-11-07T01:07:37+00:00\",\"dateModified\":\"2024-03-13T11:52:02+00:00\",\"description\":\"Achat Chevalier Torpez - Ultimum - Ros\u00e9. Le produit phare exclusif du vignoble ; un vin ros\u00e9 \u00e9lev\u00e9 en f\u00fbts de ch\u00eane qui offre le meilleur de la Provence.\",\"breadcrumb\":{\"@id\":\"https:\\\/\\\/www.ivinio.com\\\/fr\\\/produit\\\/chevalier-torpez-ultimum-rose\\\/#breadcrumb\"},\"inLanguage\":\"fr-FR\",\"potentialAction\":[{\"@type\":\"ReadAction\",\"target\":[\"https:\\\/\\\/www.ivinio.com\\\/fr\\\/produit\\\/chevalier-torpez-ultimum-rose\\\/\"]}]},{\"@type\":\"ImageObject\",\"inLanguage\":\"fr-FR\",\"@id\":\"https:\\\/\\\/www.ivinio.com\\\/fr\\\/produit\\\/chevalier-torpez-ultimum-rose\\\/#primaryimage\",\"url\":\"https:\\\/\\\/www.ivinio.com\\\/wp-content\\\/uploads\\\/2016\\\/11\\\/chevalier-torpez-ultimum-rose-IVINIO.jpg\",\"contentUrl\":\"https:\\\/\\\/www.ivinio.com\\\/wp-content\\\/uploads\\\/2016\\\/11\\\/chevalier-torpez-ultimum-rose-IVINIO.jpg\",\"width\":500,\"height\":500},{\"@type\":\"BreadcrumbList\",\"@id\":\"https:\\\/\\\/www.ivinio.com\\\/fr\\\/produit\\\/chevalier-torpez-ultimum-rose\\\/#breadcrumb\",\"itemListElement\":[{\"@type\":\"ListItem\",\"position\":1,\"name\":\"Home\",\"item\":\"https:\\\/\\\/www.ivinio.com\\\/fr\\\/\"},{\"@type\":\"ListItem\",\"position\":2,\"name\":\"Boutique de vin\",\"item\":\"https:\\\/\\\/www.ivinio.com\\\/fr\\\/boutique-de-vin\\\/\"},{\"@type\":\"ListItem\",\"position\":3,\"name\":\"Chevalier Torpez &#8211; Ultimum &#8211; Ros\u00e9\"}]},{\"@type\":\"WebSite\",\"@id\":\"https:\\\/\\\/www.ivinio.com\\\/fr\\\/#website\",\"url\":\"https:\\\/\\\/www.ivinio.com\\\/fr\\\/\",\"name\":\"IVINIO Caviste\",\"description\":\"Vins de France et d&#039;Italie avec livraison \u00e0 domicile\",\"publisher\":{\"@id\":\"https:\\\/\\\/www.ivinio.com\\\/fr\\\/#organization\"},\"potentialAction\":[{\"@type\":\"SearchAction\",\"target\":{\"@type\":\"EntryPoint\",\"urlTemplate\":\"https:\\\/\\\/www.ivinio.com\\\/fr\\\/?s={search_term_string}\"},\"query-input\":{\"@type\":\"PropertyValueSpecification\",\"valueRequired\":true,\"valueName\":\"search_term_string\"}}],\"inLanguage\":\"fr-FR\"},{\"@type\":\"Organization\",\"@id\":\"https:\\\/\\\/www.ivinio.com\\\/fr\\\/#organization\",\"name\":\"IVINIO\",\"url\":\"https:\\\/\\\/www.ivinio.com\\\/fr\\\/\",\"logo\":{\"@type\":\"ImageObject\",\"inLanguage\":\"fr-FR\",\"@id\":\"https:\\\/\\\/www.ivinio.com\\\/fr\\\/#\\\/schema\\\/logo\\\/image\\\/\",\"url\":\"https:\\\/\\\/www.ivinio.com\\\/wp-content\\\/uploads\\\/2021\\\/01\\\/Logo-Ivinio-v2.jpg\",\"contentUrl\":\"https:\\\/\\\/www.ivinio.com\\\/wp-content\\\/uploads\\\/2021\\\/01\\\/Logo-Ivinio-v2.jpg\",\"width\":1194,\"height\":1194,\"caption\":\"IVINIO\"},\"image\":{\"@id\":\"https:\\\/\\\/www.ivinio.com\\\/fr\\\/#\\\/schema\\\/logo\\\/image\\\/\"},\"sameAs\":[\"https:\\\/\\\/www.facebook.com\\\/groups\\\/165217837022391\\\/?ref=bookmarks\",\"https:\\\/\\\/www.instagram.com\\\/_ivinio_\\\/?hl=fr\"]}]}<\/script>\n<!-- \/ Yoast SEO plugin. -->","yoast_head_json":{"title":"Achat Chevalier Torpez - Ultimum - Ros\u00e9 - IVINIO Caviste","description":"Achat Chevalier Torpez - Ultimum - Ros\u00e9. Le produit phare exclusif du vignoble ; un vin ros\u00e9 \u00e9lev\u00e9 en f\u00fbts de ch\u00eane qui offre le meilleur de la Provence.","robots":{"index":"index","follow":"follow","max-snippet":"max-snippet:-1","max-image-preview":"max-image-preview:large","max-video-preview":"max-video-preview:-1"},"canonical":"https:\/\/www.ivinio.com\/fr\/produit\/chevalier-torpez-ultimum-rose\/","og_locale":"fr_FR","og_type":"article","og_title":"Achat Chevalier Torpez - Ultimum - Ros\u00e9 - IVINIO Caviste","og_description":"Achat Chevalier Torpez - Ultimum - Ros\u00e9. Le produit phare exclusif du vignoble ; un vin ros\u00e9 \u00e9lev\u00e9 en f\u00fbts de ch\u00eane qui offre le meilleur de la Provence.","og_url":"https:\/\/www.ivinio.com\/fr\/produit\/chevalier-torpez-ultimum-rose\/","og_site_name":"IVINIO Caviste","article_publisher":"https:\/\/www.facebook.com\/groups\/165217837022391\/?ref=bookmarks","article_modified_time":"2024-03-13T11:52:02+00:00","og_image":[{"width":500,"height":500,"url":"https:\/\/www.ivinio.com\/wp-content\/uploads\/2016\/11\/chevalier-torpez-ultimum-rose-IVINIO.jpg","type":"image\/jpeg"}],"twitter_card":"summary_large_image","twitter_misc":{"Dur\u00e9e de lecture estim\u00e9e":"1 minute"},"schema":{"@context":"https:\/\/schema.org","@graph":[{"@type":"WebPage","@id":"https:\/\/www.ivinio.com\/fr\/produit\/chevalier-torpez-ultimum-rose\/","url":"https:\/\/www.ivinio.com\/fr\/produit\/chevalier-torpez-ultimum-rose\/","name":"Achat Chevalier Torpez - Ultimum - Ros\u00e9 - IVINIO Caviste","isPartOf":{"@id":"https:\/\/www.ivinio.com\/fr\/#website"},"primaryImageOfPage":{"@id":"https:\/\/www.ivinio.com\/fr\/produit\/chevalier-torpez-ultimum-rose\/#primaryimage"},"image":{"@id":"https:\/\/www.ivinio.com\/fr\/produit\/chevalier-torpez-ultimum-rose\/#primaryimage"},"thumbnailUrl":"https:\/\/www.ivinio.com\/wp-content\/uploads\/2016\/11\/chevalier-torpez-ultimum-rose-IVINIO.jpg","datePublished":"2016-11-07T01:07:37+00:00","dateModified":"2024-03-13T11:52:02+00:00","description":"Achat Chevalier Torpez - Ultimum - Ros\u00e9. Le produit phare exclusif du vignoble ; un vin ros\u00e9 \u00e9lev\u00e9 en f\u00fbts de ch\u00eane qui offre le meilleur de la Provence.","breadcrumb":{"@id":"https:\/\/www.ivinio.com\/fr\/produit\/chevalier-torpez-ultimum-rose\/#breadcrumb"},"inLanguage":"fr-FR","potentialAction":[{"@type":"ReadAction","target":["https:\/\/www.ivinio.com\/fr\/produit\/chevalier-torpez-ultimum-rose\/"]}]},{"@type":"ImageObject","inLanguage":"fr-FR","@id":"https:\/\/www.ivinio.com\/fr\/produit\/chevalier-torpez-ultimum-rose\/#primaryimage","url":"https:\/\/www.ivinio.com\/wp-content\/uploads\/2016\/11\/chevalier-torpez-ultimum-rose-IVINIO.jpg","contentUrl":"https:\/\/www.ivinio.com\/wp-content\/uploads\/2016\/11\/chevalier-torpez-ultimum-rose-IVINIO.jpg","width":500,"height":500},{"@type":"BreadcrumbList","@id":"https:\/\/www.ivinio.com\/fr\/produit\/chevalier-torpez-ultimum-rose\/#breadcrumb","itemListElement":[{"@type":"ListItem","position":1,"name":"Home","item":"https:\/\/www.ivinio.com\/fr\/"},{"@type":"ListItem","position":2,"name":"Boutique de vin","item":"https:\/\/www.ivinio.com\/fr\/boutique-de-vin\/"},{"@type":"ListItem","position":3,"name":"Chevalier Torpez &#8211; Ultimum &#8211; Ros\u00e9"}]},{"@type":"WebSite","@id":"https:\/\/www.ivinio.com\/fr\/#website","url":"https:\/\/www.ivinio.com\/fr\/","name":"IVINIO Caviste","description":"Vins de France et d&#039;Italie avec livraison \u00e0 domicile","publisher":{"@id":"https:\/\/www.ivinio.com\/fr\/#organization"},"potentialAction":[{"@type":"SearchAction","target":{"@type":"EntryPoint","urlTemplate":"https:\/\/www.ivinio.com\/fr\/?s={search_term_string}"},"query-input":{"@type":"PropertyValueSpecification","valueRequired":true,"valueName":"search_term_string"}}],"inLanguage":"fr-FR"},{"@type":"Organization","@id":"https:\/\/www.ivinio.com\/fr\/#organization","name":"IVINIO","url":"https:\/\/www.ivinio.com\/fr\/","logo":{"@type":"ImageObject","inLanguage":"fr-FR","@id":"https:\/\/www.ivinio.com\/fr\/#\/schema\/logo\/image\/","url":"https:\/\/www.ivinio.com\/wp-content\/uploads\/2021\/01\/Logo-Ivinio-v2.jpg","contentUrl":"https:\/\/www.ivinio.com\/wp-content\/uploads\/2021\/01\/Logo-Ivinio-v2.jpg","width":1194,"height":1194,"caption":"IVINIO"},"image":{"@id":"https:\/\/www.ivinio.com\/fr\/#\/schema\/logo\/image\/"},"sameAs":["https:\/\/www.facebook.com\/groups\/165217837022391\/?ref=bookmarks","https:\/\/www.instagram.com\/_ivinio_\/?hl=fr"]}]}},"jetpack_sharing_enabled":true,"_links":{"self":[{"href":"https:\/\/www.ivinio.com\/fr\/wp-json\/wp\/v2\/product\/120463","targetHints":{"allow":["GET"]}}],"collection":[{"href":"https:\/\/www.ivinio.com\/fr\/wp-json\/wp\/v2\/product"}],"about":[{"href":"https:\/\/www.ivinio.com\/fr\/wp-json\/wp\/v2\/types\/product"}],"replies":[{"embeddable":true,"href":"https:\/\/www.ivinio.com\/fr\/wp-json\/wp\/v2\/comments?post=120463"}],"wp:featuredmedia":[{"embeddable":true,"href":"https:\/\/www.ivinio.com\/fr\/wp-json\/wp\/v2\/media\/131804"}],"wp:attachment":[{"href":"https:\/\/www.ivinio.com\/fr\/wp-json\/wp\/v2\/media?parent=120463"}],"wp:term":[{"taxonomy":"product_brand","embeddable":true,"href":"https:\/\/www.ivinio.com\/fr\/wp-json\/wp\/v2\/product_brand?post=120463"},{"taxonomy":"product_cat","embeddable":true,"href":"https:\/\/www.ivinio.com\/fr\/wp-json\/wp\/v2\/product_cat?post=120463"},{"taxonomy":"product_tag","embeddable":true,"href":"https:\/\/www.ivinio.com\/fr\/wp-json\/wp\/v2\/product_tag?post=120463"}],"curies":[{"name":"wp","href":"https:\/\/api.w.org\/{rel}","templated":true}]}}