{"id":120401,"date":"2016-09-16T13:19:31","date_gmt":"2016-09-16T13:19:31","guid":{"rendered":"https:\/\/henrik.www.ivinio.com\/?product=chateau-de-nages-vieilles-vignes-rouge"},"modified":"2022-03-13T10:17:16","modified_gmt":"2022-03-13T09:17:16","slug":"chateau-de-nages-heritage-rouge","status":"publish","type":"product","link":"https:\/\/www.ivinio.com\/fr\/produit\/chateau-de-nages-heritage-rouge\/","title":{"rendered":"Ch\u00e2teau de Nages &#8211; H\u00e9ritage &#8211; Rouge"},"content":{"rendered":"<p>Ch\u00e2teau de Nages &#8211; H\u00e9ritage &#8211; Rouge est compos\u00e9 de 75% de Grenache, 10% de Syrah, 10% de Mourv\u00e8dre et 5% de Carignan en culture biologique. La r\u00e9colte se fait manuellement. Encuvage des raisins entiers avec ? de baies sans ajout de SO2. Fermentation en levure indig\u00e8ne r\u00e9gul\u00e9e \u00e0 24 \u00b0C de temp\u00e9rature avec d\u00e9lestage et remontages. Un quart du vin fini est stock\u00e9 en f\u00fbts de ch\u00eane fran\u00e7ais et le reste en cuve b\u00e9ton pour une p\u00e9riode d&#8217;un an. Le vin est enfin mis en bouteille sans filtration.<\/p>\n","protected":false},"excerpt":{"rendered":"<p>Les &#8220;Vieilles Vignes&#8221; de Ch\u00e2teau de Nages est un vin rouge bio\u00a0cors\u00e9 et puissant, avec des notes d&#8217;\u00e9pices, de r\u00e9glisse et de fruits noirs bien m\u00fbrs. Un vin \u00e9l\u00e9gant \u00e0 d\u00e9guster sur de l&#8217;agneau r\u00f4ti, une viande grill\u00e9e ou du chocolat noir !<\/p>\n","protected":false},"featured_media":130260,"comment_status":"open","ping_status":"closed","template":"","meta":{"_monsterinsights_skip_tracking":false,"_monsterinsights_sitenote_active":false,"_monsterinsights_sitenote_note":"","_monsterinsights_sitenote_category":0,"_uf_show_specific_survey":0,"_uf_disable_surveys":false},"product_brand":[],"product_cat":[36619,36586],"product_tag":[],"class_list":{"0":"post-120401","1":"product","2":"type-product","3":"status-publish","4":"has-post-thumbnail","6":"product_cat-fr-cotes-du-rhone","7":"product_cat-vins-francais","8":"pa_alcohol-degree-14-fr","9":"pa_awards-jeb-dunnuck-fr","10":"pa_classification-aop-costieres-de-nimes-fr","11":"pa_color-rouge-fr","12":"pa_country-france-fr","13":"pa_grape-variety-carignan-fr","14":"pa_grape-variety-grenache-fr","15":"pa_grape-variety-mourvedre-fr","16":"pa_grape-variety-syrah-fr","17":"pa_region-vallee-du-rhone-fr","18":"pa_storage-potential-8-ans","19":"pa_vintage-2019-fr","20":"pa_volume-75-cl-fr","22":"first","23":"instock","24":"taxable","25":"shipping-taxable","26":"purchasable","27":"product-type-simple"},"bundled_by":["120425"],"bundle_stock_status":"instock","bundle_stock_quantity":null,"bundle_virtual":false,"bundle_layout":"","bundle_add_to_cart_form_location":"","bundle_editable_in_cart":false,"bundle_sold_individually_context":"","bundle_item_grouping":"","bundle_min_size":"","bundle_max_size":"","bundle_price":[],"bundled_items":[],"bundle_sell_ids":[],"yoast_head":"<!-- This site is optimized with the Yoast SEO plugin v27.4 - https:\/\/yoast.com\/product\/yoast-seo-wordpress\/ -->\n<title>Acheter Ch\u00e2teau de Nages - H\u00e9ritage - vin rouge - IVINIO Caviste<\/title>\n<meta name=\"description\" content=\"Acheter Ch\u00e2teau de Nages - H\u00e9ritage - vin rouge. Cors\u00e9 et puissant, biologique rouge avec des notes d&#039;\u00e9pices, de r\u00e9glisse et de fruits noirs m\u00fbrs.\" \/>\n<meta name=\"robots\" content=\"index, follow, max-snippet:-1, max-image-preview:large, max-video-preview:-1\" \/>\n<link rel=\"canonical\" href=\"https:\/\/www.ivinio.com\/fr\/produit\/chateau-de-nages-heritage-rouge\/\" \/>\n<meta property=\"og:locale\" content=\"fr_FR\" \/>\n<meta property=\"og:type\" content=\"article\" \/>\n<meta property=\"og:title\" content=\"Acheter Ch\u00e2teau de Nages - H\u00e9ritage - vin rouge - IVINIO Caviste\" \/>\n<meta property=\"og:description\" content=\"Acheter Ch\u00e2teau de Nages - H\u00e9ritage - vin rouge. Cors\u00e9 et puissant, biologique rouge avec des notes d&#039;\u00e9pices, de r\u00e9glisse et de fruits noirs m\u00fbrs.\" \/>\n<meta property=\"og:url\" content=\"https:\/\/www.ivinio.com\/fr\/produit\/chateau-de-nages-heritage-rouge\/\" \/>\n<meta property=\"og:site_name\" content=\"IVINIO Caviste\" \/>\n<meta property=\"article:publisher\" content=\"https:\/\/www.facebook.com\/groups\/165217837022391\/?ref=bookmarks\" \/>\n<meta property=\"article:modified_time\" content=\"2022-03-13T09:17:16+00:00\" \/>\n<meta property=\"og:image\" content=\"https:\/\/www.ivinio.com\/wp-content\/uploads\/2016\/09\/Chateau-de-Nages-Heritage-rouge.jpg\" \/>\n\t<meta property=\"og:image:width\" content=\"500\" \/>\n\t<meta property=\"og:image:height\" content=\"500\" \/>\n\t<meta property=\"og:image:type\" content=\"image\/jpeg\" \/>\n<meta name=\"twitter:card\" content=\"summary_large_image\" \/>\n<meta name=\"twitter:label1\" content=\"Dur\u00e9e de lecture estim\u00e9e\" \/>\n\t<meta name=\"twitter:data1\" content=\"1 minute\" \/>\n<script type=\"application\/ld+json\" class=\"yoast-schema-graph\">{\"@context\":\"https:\\\/\\\/schema.org\",\"@graph\":[{\"@type\":\"WebPage\",\"@id\":\"https:\\\/\\\/www.ivinio.com\\\/fr\\\/produit\\\/chateau-de-nages-heritage-rouge\\\/\",\"url\":\"https:\\\/\\\/www.ivinio.com\\\/fr\\\/produit\\\/chateau-de-nages-heritage-rouge\\\/\",\"name\":\"Acheter Ch\u00e2teau de Nages - H\u00e9ritage - vin rouge - IVINIO Caviste\",\"isPartOf\":{\"@id\":\"https:\\\/\\\/www.ivinio.com\\\/fr\\\/#website\"},\"primaryImageOfPage\":{\"@id\":\"https:\\\/\\\/www.ivinio.com\\\/fr\\\/produit\\\/chateau-de-nages-heritage-rouge\\\/#primaryimage\"},\"image\":{\"@id\":\"https:\\\/\\\/www.ivinio.com\\\/fr\\\/produit\\\/chateau-de-nages-heritage-rouge\\\/#primaryimage\"},\"thumbnailUrl\":\"https:\\\/\\\/www.ivinio.com\\\/wp-content\\\/uploads\\\/2016\\\/09\\\/Chateau-de-Nages-Heritage-rouge.jpg\",\"datePublished\":\"2016-09-16T13:19:31+00:00\",\"dateModified\":\"2022-03-13T09:17:16+00:00\",\"description\":\"Acheter Ch\u00e2teau de Nages - H\u00e9ritage - vin rouge. Cors\u00e9 et puissant, biologique rouge avec des notes d'\u00e9pices, de r\u00e9glisse et de fruits noirs m\u00fbrs.\",\"breadcrumb\":{\"@id\":\"https:\\\/\\\/www.ivinio.com\\\/fr\\\/produit\\\/chateau-de-nages-heritage-rouge\\\/#breadcrumb\"},\"inLanguage\":\"fr-FR\",\"potentialAction\":[{\"@type\":\"ReadAction\",\"target\":[\"https:\\\/\\\/www.ivinio.com\\\/fr\\\/produit\\\/chateau-de-nages-heritage-rouge\\\/\"]}]},{\"@type\":\"ImageObject\",\"inLanguage\":\"fr-FR\",\"@id\":\"https:\\\/\\\/www.ivinio.com\\\/fr\\\/produit\\\/chateau-de-nages-heritage-rouge\\\/#primaryimage\",\"url\":\"https:\\\/\\\/www.ivinio.com\\\/wp-content\\\/uploads\\\/2016\\\/09\\\/Chateau-de-Nages-Heritage-rouge.jpg\",\"contentUrl\":\"https:\\\/\\\/www.ivinio.com\\\/wp-content\\\/uploads\\\/2016\\\/09\\\/Chateau-de-Nages-Heritage-rouge.jpg\",\"width\":500,\"height\":500},{\"@type\":\"BreadcrumbList\",\"@id\":\"https:\\\/\\\/www.ivinio.com\\\/fr\\\/produit\\\/chateau-de-nages-heritage-rouge\\\/#breadcrumb\",\"itemListElement\":[{\"@type\":\"ListItem\",\"position\":1,\"name\":\"Home\",\"item\":\"https:\\\/\\\/www.ivinio.com\\\/fr\\\/\"},{\"@type\":\"ListItem\",\"position\":2,\"name\":\"Boutique de vin\",\"item\":\"https:\\\/\\\/www.ivinio.com\\\/fr\\\/boutique-de-vin\\\/\"},{\"@type\":\"ListItem\",\"position\":3,\"name\":\"Ch\u00e2teau de Nages &#8211; H\u00e9ritage &#8211; Rouge\"}]},{\"@type\":\"WebSite\",\"@id\":\"https:\\\/\\\/www.ivinio.com\\\/fr\\\/#website\",\"url\":\"https:\\\/\\\/www.ivinio.com\\\/fr\\\/\",\"name\":\"IVINIO Caviste\",\"description\":\"Vins de France et d&#039;Italie avec livraison \u00e0 domicile\",\"publisher\":{\"@id\":\"https:\\\/\\\/www.ivinio.com\\\/fr\\\/#organization\"},\"potentialAction\":[{\"@type\":\"SearchAction\",\"target\":{\"@type\":\"EntryPoint\",\"urlTemplate\":\"https:\\\/\\\/www.ivinio.com\\\/fr\\\/?s={search_term_string}\"},\"query-input\":{\"@type\":\"PropertyValueSpecification\",\"valueRequired\":true,\"valueName\":\"search_term_string\"}}],\"inLanguage\":\"fr-FR\"},{\"@type\":\"Organization\",\"@id\":\"https:\\\/\\\/www.ivinio.com\\\/fr\\\/#organization\",\"name\":\"IVINIO\",\"url\":\"https:\\\/\\\/www.ivinio.com\\\/fr\\\/\",\"logo\":{\"@type\":\"ImageObject\",\"inLanguage\":\"fr-FR\",\"@id\":\"https:\\\/\\\/www.ivinio.com\\\/fr\\\/#\\\/schema\\\/logo\\\/image\\\/\",\"url\":\"https:\\\/\\\/www.ivinio.com\\\/wp-content\\\/uploads\\\/2021\\\/01\\\/Logo-Ivinio-v2.jpg\",\"contentUrl\":\"https:\\\/\\\/www.ivinio.com\\\/wp-content\\\/uploads\\\/2021\\\/01\\\/Logo-Ivinio-v2.jpg\",\"width\":1194,\"height\":1194,\"caption\":\"IVINIO\"},\"image\":{\"@id\":\"https:\\\/\\\/www.ivinio.com\\\/fr\\\/#\\\/schema\\\/logo\\\/image\\\/\"},\"sameAs\":[\"https:\\\/\\\/www.facebook.com\\\/groups\\\/165217837022391\\\/?ref=bookmarks\",\"https:\\\/\\\/www.instagram.com\\\/_ivinio_\\\/?hl=fr\"]}]}<\/script>\n<!-- \/ Yoast SEO plugin. -->","yoast_head_json":{"title":"Acheter Ch\u00e2teau de Nages - H\u00e9ritage - vin rouge - IVINIO Caviste","description":"Acheter Ch\u00e2teau de Nages - H\u00e9ritage - vin rouge. Cors\u00e9 et puissant, biologique rouge avec des notes d'\u00e9pices, de r\u00e9glisse et de fruits noirs m\u00fbrs.","robots":{"index":"index","follow":"follow","max-snippet":"max-snippet:-1","max-image-preview":"max-image-preview:large","max-video-preview":"max-video-preview:-1"},"canonical":"https:\/\/www.ivinio.com\/fr\/produit\/chateau-de-nages-heritage-rouge\/","og_locale":"fr_FR","og_type":"article","og_title":"Acheter Ch\u00e2teau de Nages - H\u00e9ritage - vin rouge - IVINIO Caviste","og_description":"Acheter Ch\u00e2teau de Nages - H\u00e9ritage - vin rouge. Cors\u00e9 et puissant, biologique rouge avec des notes d'\u00e9pices, de r\u00e9glisse et de fruits noirs m\u00fbrs.","og_url":"https:\/\/www.ivinio.com\/fr\/produit\/chateau-de-nages-heritage-rouge\/","og_site_name":"IVINIO Caviste","article_publisher":"https:\/\/www.facebook.com\/groups\/165217837022391\/?ref=bookmarks","article_modified_time":"2022-03-13T09:17:16+00:00","og_image":[{"width":500,"height":500,"url":"https:\/\/www.ivinio.com\/wp-content\/uploads\/2016\/09\/Chateau-de-Nages-Heritage-rouge.jpg","type":"image\/jpeg"}],"twitter_card":"summary_large_image","twitter_misc":{"Dur\u00e9e de lecture estim\u00e9e":"1 minute"},"schema":{"@context":"https:\/\/schema.org","@graph":[{"@type":"WebPage","@id":"https:\/\/www.ivinio.com\/fr\/produit\/chateau-de-nages-heritage-rouge\/","url":"https:\/\/www.ivinio.com\/fr\/produit\/chateau-de-nages-heritage-rouge\/","name":"Acheter Ch\u00e2teau de Nages - H\u00e9ritage - vin rouge - IVINIO Caviste","isPartOf":{"@id":"https:\/\/www.ivinio.com\/fr\/#website"},"primaryImageOfPage":{"@id":"https:\/\/www.ivinio.com\/fr\/produit\/chateau-de-nages-heritage-rouge\/#primaryimage"},"image":{"@id":"https:\/\/www.ivinio.com\/fr\/produit\/chateau-de-nages-heritage-rouge\/#primaryimage"},"thumbnailUrl":"https:\/\/www.ivinio.com\/wp-content\/uploads\/2016\/09\/Chateau-de-Nages-Heritage-rouge.jpg","datePublished":"2016-09-16T13:19:31+00:00","dateModified":"2022-03-13T09:17:16+00:00","description":"Acheter Ch\u00e2teau de Nages - H\u00e9ritage - vin rouge. Cors\u00e9 et puissant, biologique rouge avec des notes d'\u00e9pices, de r\u00e9glisse et de fruits noirs m\u00fbrs.","breadcrumb":{"@id":"https:\/\/www.ivinio.com\/fr\/produit\/chateau-de-nages-heritage-rouge\/#breadcrumb"},"inLanguage":"fr-FR","potentialAction":[{"@type":"ReadAction","target":["https:\/\/www.ivinio.com\/fr\/produit\/chateau-de-nages-heritage-rouge\/"]}]},{"@type":"ImageObject","inLanguage":"fr-FR","@id":"https:\/\/www.ivinio.com\/fr\/produit\/chateau-de-nages-heritage-rouge\/#primaryimage","url":"https:\/\/www.ivinio.com\/wp-content\/uploads\/2016\/09\/Chateau-de-Nages-Heritage-rouge.jpg","contentUrl":"https:\/\/www.ivinio.com\/wp-content\/uploads\/2016\/09\/Chateau-de-Nages-Heritage-rouge.jpg","width":500,"height":500},{"@type":"BreadcrumbList","@id":"https:\/\/www.ivinio.com\/fr\/produit\/chateau-de-nages-heritage-rouge\/#breadcrumb","itemListElement":[{"@type":"ListItem","position":1,"name":"Home","item":"https:\/\/www.ivinio.com\/fr\/"},{"@type":"ListItem","position":2,"name":"Boutique de vin","item":"https:\/\/www.ivinio.com\/fr\/boutique-de-vin\/"},{"@type":"ListItem","position":3,"name":"Ch\u00e2teau de Nages &#8211; H\u00e9ritage &#8211; Rouge"}]},{"@type":"WebSite","@id":"https:\/\/www.ivinio.com\/fr\/#website","url":"https:\/\/www.ivinio.com\/fr\/","name":"IVINIO Caviste","description":"Vins de France et d&#039;Italie avec livraison \u00e0 domicile","publisher":{"@id":"https:\/\/www.ivinio.com\/fr\/#organization"},"potentialAction":[{"@type":"SearchAction","target":{"@type":"EntryPoint","urlTemplate":"https:\/\/www.ivinio.com\/fr\/?s={search_term_string}"},"query-input":{"@type":"PropertyValueSpecification","valueRequired":true,"valueName":"search_term_string"}}],"inLanguage":"fr-FR"},{"@type":"Organization","@id":"https:\/\/www.ivinio.com\/fr\/#organization","name":"IVINIO","url":"https:\/\/www.ivinio.com\/fr\/","logo":{"@type":"ImageObject","inLanguage":"fr-FR","@id":"https:\/\/www.ivinio.com\/fr\/#\/schema\/logo\/image\/","url":"https:\/\/www.ivinio.com\/wp-content\/uploads\/2021\/01\/Logo-Ivinio-v2.jpg","contentUrl":"https:\/\/www.ivinio.com\/wp-content\/uploads\/2021\/01\/Logo-Ivinio-v2.jpg","width":1194,"height":1194,"caption":"IVINIO"},"image":{"@id":"https:\/\/www.ivinio.com\/fr\/#\/schema\/logo\/image\/"},"sameAs":["https:\/\/www.facebook.com\/groups\/165217837022391\/?ref=bookmarks","https:\/\/www.instagram.com\/_ivinio_\/?hl=fr"]}]}},"jetpack_sharing_enabled":true,"_links":{"self":[{"href":"https:\/\/www.ivinio.com\/fr\/wp-json\/wp\/v2\/product\/120401","targetHints":{"allow":["GET"]}}],"collection":[{"href":"https:\/\/www.ivinio.com\/fr\/wp-json\/wp\/v2\/product"}],"about":[{"href":"https:\/\/www.ivinio.com\/fr\/wp-json\/wp\/v2\/types\/product"}],"replies":[{"embeddable":true,"href":"https:\/\/www.ivinio.com\/fr\/wp-json\/wp\/v2\/comments?post=120401"}],"wp:featuredmedia":[{"embeddable":true,"href":"https:\/\/www.ivinio.com\/fr\/wp-json\/wp\/v2\/media\/130260"}],"wp:attachment":[{"href":"https:\/\/www.ivinio.com\/fr\/wp-json\/wp\/v2\/media?parent=120401"}],"wp:term":[{"taxonomy":"product_brand","embeddable":true,"href":"https:\/\/www.ivinio.com\/fr\/wp-json\/wp\/v2\/product_brand?post=120401"},{"taxonomy":"product_cat","embeddable":true,"href":"https:\/\/www.ivinio.com\/fr\/wp-json\/wp\/v2\/product_cat?post=120401"},{"taxonomy":"product_tag","embeddable":true,"href":"https:\/\/www.ivinio.com\/fr\/wp-json\/wp\/v2\/product_tag?post=120401"}],"curies":[{"name":"wp","href":"https:\/\/api.w.org\/{rel}","templated":true}]}}