{"id":120362,"date":"2016-07-12T14:21:01","date_gmt":"2016-07-12T14:21:01","guid":{"rendered":"https:\/\/henrik.www.ivinio.com\/?product=camille-cayran-la-reserve-cairanne-blanc"},"modified":"2026-04-24T19:14:26","modified_gmt":"2026-04-24T17:14:26","slug":"camille-cayran-la-reserve-cairanne-blanc","status":"publish","type":"product","link":"https:\/\/www.ivinio.com\/fr\/produit\/camille-cayran-la-reserve-cairanne-blanc\/","title":{"rendered":"Camille Cayran &#8211; La R\u00e9serve &#8211; Cairanne &#8211; Blanc"},"content":{"rendered":"<p>La R\u00e9serve de Camille Cayran est\u00a0compos\u00e9e de\u00a065% de Grenache blanc, 20% de Clairette, 15% de Roussane, de Marsanne et de Bourboulenc. Les vendanges se font \u00e0 la main t\u00f4t le matin et les raisins sont tri\u00e9s directement par le vendangeur. Les raisins sont ensuite press\u00e9s directement pour pr\u00e9server au maximum les ar\u00f4mes de\u00a0fruit\u00a0et de la\u00a0finesse. Le mo\u00fbt est ensuite r\u00e9frig\u00e9r\u00e9 \u00e0 4-6 \u00b0 C (d\u00e9bourbage). Les raisins sont ferment\u00e9s \u00e0 basse temp\u00e9rature (16-18 \u00b0 C) afin de d\u00e9velopper des ar\u00f4mes secondaires. Le vin est \u00e9lev\u00e9 sur ses lies, ce qui ajoute de la rondeur, du gras et du volume au vin final.<\/p>\n","protected":false},"excerpt":{"rendered":"<p>La R\u00e9serve de Camille Cayran est un vin blanc aromatique avec des notes de poires et d&#8217;abricot. Un vin blanc\u00a0\u00e0 servir \u00e0 l&#8217;ap\u00e9ritif ou avec des tapas et divers plats de poisson.<\/p>\n<p>&nbsp;<\/p>\n","protected":false},"featured_media":129389,"comment_status":"open","ping_status":"closed","template":"","meta":{"_monsterinsights_skip_tracking":false,"_monsterinsights_sitenote_active":false,"_monsterinsights_sitenote_note":"","_monsterinsights_sitenote_category":0,"_uf_show_specific_survey":0,"_uf_disable_surveys":false},"product_brand":[],"product_cat":[36619,36586],"product_tag":[],"class_list":{"0":"post-120362","1":"product","2":"type-product","3":"status-publish","4":"has-post-thumbnail","6":"product_cat-fr-cotes-du-rhone","7":"product_cat-vins-francais","8":"pa_alcohol-degree-13-5","9":"pa_classification-aop-cairanne-fr","10":"pa_color-blanc-fr","11":"pa_country-france-fr","12":"pa_grape-variety-bourboulenc-fr","13":"pa_grape-variety-clairette-fr","14":"pa_grape-variety-grenache-blanc-fr","15":"pa_grape-variety-marsanne-fr","16":"pa_grape-variety-roussanne-fr","17":"pa_region-vallee-du-rhone-fr","18":"pa_storage-potential-4-ans-fr","19":"pa_volume-75-cl-fr","21":"first","22":"instock","23":"taxable","24":"shipping-taxable","25":"purchasable","26":"product-type-simple"},"bundled_by":["120375"],"bundle_stock_status":"instock","bundle_stock_quantity":null,"bundle_virtual":false,"bundle_layout":"","bundle_add_to_cart_form_location":"","bundle_editable_in_cart":false,"bundle_sold_individually_context":"","bundle_item_grouping":"","bundle_min_size":"","bundle_max_size":"","bundle_price":[],"bundled_items":[],"bundle_sell_ids":[],"yoast_head":"<!-- This site is optimized with the Yoast SEO plugin v27.5 - https:\/\/yoast.com\/product\/yoast-seo-wordpress\/ -->\n<title>Acheter Camille Cayran - La R\u00e9serve - Cairanne - Blanc - IVINIO Caviste<\/title>\n<meta name=\"description\" content=\"Acheter Camille Cayran - La R\u00e9serve - Cairanne - Blanc. Vin blanc aromatique, notes de poires et d&#039;abricot. A l&#039;ap\u00e9ritif ou avec des tapas.\" \/>\n<meta name=\"robots\" content=\"index, follow, max-snippet:-1, max-image-preview:large, max-video-preview:-1\" \/>\n<link rel=\"canonical\" href=\"https:\/\/www.ivinio.com\/fr\/produit\/camille-cayran-la-reserve-cairanne-blanc\/\" \/>\n<meta property=\"og:locale\" content=\"fr_FR\" \/>\n<meta property=\"og:type\" content=\"article\" \/>\n<meta property=\"og:title\" content=\"Acheter Camille Cayran - La R\u00e9serve - Cairanne - Blanc - IVINIO Caviste\" \/>\n<meta property=\"og:description\" content=\"Acheter Camille Cayran - La R\u00e9serve - Cairanne - Blanc. Vin blanc aromatique, notes de poires et d&#039;abricot. A l&#039;ap\u00e9ritif ou avec des tapas.\" \/>\n<meta property=\"og:url\" content=\"https:\/\/www.ivinio.com\/fr\/produit\/camille-cayran-la-reserve-cairanne-blanc\/\" \/>\n<meta property=\"og:site_name\" content=\"IVINIO Caviste\" \/>\n<meta property=\"article:publisher\" content=\"https:\/\/www.facebook.com\/groups\/165217837022391\/?ref=bookmarks\" \/>\n<meta property=\"article:modified_time\" content=\"2026-04-24T17:14:26+00:00\" \/>\n<meta property=\"og:image\" content=\"https:\/\/www.ivinio.com\/wp-content\/uploads\/nc\/public\/modules\/file\/pictures\/7181.Camille-cayran-cairanne-la-r-serve-blanc-ivinio.jpg\" \/>\n\t<meta property=\"og:image:width\" content=\"500\" \/>\n\t<meta property=\"og:image:height\" content=\"500\" \/>\n\t<meta property=\"og:image:type\" content=\"image\/jpeg\" \/>\n<meta name=\"twitter:card\" content=\"summary_large_image\" \/>\n<meta name=\"twitter:label1\" content=\"Dur\u00e9e de lecture estim\u00e9e\" \/>\n\t<meta name=\"twitter:data1\" content=\"1 minute\" \/>\n<script type=\"application\/ld+json\" class=\"yoast-schema-graph\">{\"@context\":\"https:\\\/\\\/schema.org\",\"@graph\":[{\"@type\":\"WebPage\",\"@id\":\"https:\\\/\\\/www.ivinio.com\\\/fr\\\/produit\\\/camille-cayran-la-reserve-cairanne-blanc\\\/\",\"url\":\"https:\\\/\\\/www.ivinio.com\\\/fr\\\/produit\\\/camille-cayran-la-reserve-cairanne-blanc\\\/\",\"name\":\"Acheter Camille Cayran - La R\u00e9serve - Cairanne - Blanc - IVINIO Caviste\",\"isPartOf\":{\"@id\":\"https:\\\/\\\/www.ivinio.com\\\/fr\\\/#website\"},\"primaryImageOfPage\":{\"@id\":\"https:\\\/\\\/www.ivinio.com\\\/fr\\\/produit\\\/camille-cayran-la-reserve-cairanne-blanc\\\/#primaryimage\"},\"image\":{\"@id\":\"https:\\\/\\\/www.ivinio.com\\\/fr\\\/produit\\\/camille-cayran-la-reserve-cairanne-blanc\\\/#primaryimage\"},\"thumbnailUrl\":\"https:\\\/\\\/www.ivinio.com\\\/wp-content\\\/uploads\\\/nc\\\/public\\\/modules\\\/file\\\/pictures\\\/7181.Camille-cayran-cairanne-la-r-serve-blanc-ivinio.jpg\",\"datePublished\":\"2016-07-12T14:21:01+00:00\",\"dateModified\":\"2026-04-24T17:14:26+00:00\",\"description\":\"Acheter Camille Cayran - La R\u00e9serve - Cairanne - Blanc. Vin blanc aromatique, notes de poires et d'abricot. A l'ap\u00e9ritif ou avec des tapas.\",\"breadcrumb\":{\"@id\":\"https:\\\/\\\/www.ivinio.com\\\/fr\\\/produit\\\/camille-cayran-la-reserve-cairanne-blanc\\\/#breadcrumb\"},\"inLanguage\":\"fr-FR\",\"potentialAction\":[{\"@type\":\"ReadAction\",\"target\":[\"https:\\\/\\\/www.ivinio.com\\\/fr\\\/produit\\\/camille-cayran-la-reserve-cairanne-blanc\\\/\"]}]},{\"@type\":\"ImageObject\",\"inLanguage\":\"fr-FR\",\"@id\":\"https:\\\/\\\/www.ivinio.com\\\/fr\\\/produit\\\/camille-cayran-la-reserve-cairanne-blanc\\\/#primaryimage\",\"url\":\"https:\\\/\\\/www.ivinio.com\\\/wp-content\\\/uploads\\\/nc\\\/public\\\/modules\\\/file\\\/pictures\\\/7181.Camille-cayran-cairanne-la-r-serve-blanc-ivinio.jpg\",\"contentUrl\":\"https:\\\/\\\/www.ivinio.com\\\/wp-content\\\/uploads\\\/nc\\\/public\\\/modules\\\/file\\\/pictures\\\/7181.Camille-cayran-cairanne-la-r-serve-blanc-ivinio.jpg\",\"width\":500,\"height\":500,\"caption\":\"Camille Cayran - La R\u00e9serve - Cairanne\"},{\"@type\":\"BreadcrumbList\",\"@id\":\"https:\\\/\\\/www.ivinio.com\\\/fr\\\/produit\\\/camille-cayran-la-reserve-cairanne-blanc\\\/#breadcrumb\",\"itemListElement\":[{\"@type\":\"ListItem\",\"position\":1,\"name\":\"Home\",\"item\":\"https:\\\/\\\/www.ivinio.com\\\/fr\\\/\"},{\"@type\":\"ListItem\",\"position\":2,\"name\":\"Boutique de vin\",\"item\":\"https:\\\/\\\/www.ivinio.com\\\/fr\\\/boutique-de-vin\\\/\"},{\"@type\":\"ListItem\",\"position\":3,\"name\":\"Camille Cayran &#8211; La R\u00e9serve &#8211; Cairanne &#8211; Blanc\"}]},{\"@type\":\"WebSite\",\"@id\":\"https:\\\/\\\/www.ivinio.com\\\/fr\\\/#website\",\"url\":\"https:\\\/\\\/www.ivinio.com\\\/fr\\\/\",\"name\":\"IVINIO Caviste\",\"description\":\"Vins de France et d&#039;Italie avec livraison \u00e0 domicile\",\"publisher\":{\"@id\":\"https:\\\/\\\/www.ivinio.com\\\/fr\\\/#organization\"},\"potentialAction\":[{\"@type\":\"SearchAction\",\"target\":{\"@type\":\"EntryPoint\",\"urlTemplate\":\"https:\\\/\\\/www.ivinio.com\\\/fr\\\/?s={search_term_string}\"},\"query-input\":{\"@type\":\"PropertyValueSpecification\",\"valueRequired\":true,\"valueName\":\"search_term_string\"}}],\"inLanguage\":\"fr-FR\"},{\"@type\":\"Organization\",\"@id\":\"https:\\\/\\\/www.ivinio.com\\\/fr\\\/#organization\",\"name\":\"IVINIO\",\"url\":\"https:\\\/\\\/www.ivinio.com\\\/fr\\\/\",\"logo\":{\"@type\":\"ImageObject\",\"inLanguage\":\"fr-FR\",\"@id\":\"https:\\\/\\\/www.ivinio.com\\\/fr\\\/#\\\/schema\\\/logo\\\/image\\\/\",\"url\":\"https:\\\/\\\/www.ivinio.com\\\/wp-content\\\/uploads\\\/2021\\\/01\\\/Logo-Ivinio-v2.jpg\",\"contentUrl\":\"https:\\\/\\\/www.ivinio.com\\\/wp-content\\\/uploads\\\/2021\\\/01\\\/Logo-Ivinio-v2.jpg\",\"width\":1194,\"height\":1194,\"caption\":\"IVINIO\"},\"image\":{\"@id\":\"https:\\\/\\\/www.ivinio.com\\\/fr\\\/#\\\/schema\\\/logo\\\/image\\\/\"},\"sameAs\":[\"https:\\\/\\\/www.facebook.com\\\/groups\\\/165217837022391\\\/?ref=bookmarks\",\"https:\\\/\\\/www.instagram.com\\\/_ivinio_\\\/?hl=fr\"]}]}<\/script>\n<!-- \/ Yoast SEO plugin. -->","yoast_head_json":{"title":"Acheter Camille Cayran - La R\u00e9serve - Cairanne - Blanc - IVINIO Caviste","description":"Acheter Camille Cayran - La R\u00e9serve - Cairanne - Blanc. Vin blanc aromatique, notes de poires et d'abricot. A l'ap\u00e9ritif ou avec des tapas.","robots":{"index":"index","follow":"follow","max-snippet":"max-snippet:-1","max-image-preview":"max-image-preview:large","max-video-preview":"max-video-preview:-1"},"canonical":"https:\/\/www.ivinio.com\/fr\/produit\/camille-cayran-la-reserve-cairanne-blanc\/","og_locale":"fr_FR","og_type":"article","og_title":"Acheter Camille Cayran - La R\u00e9serve - Cairanne - Blanc - IVINIO Caviste","og_description":"Acheter Camille Cayran - La R\u00e9serve - Cairanne - Blanc. Vin blanc aromatique, notes de poires et d'abricot. A l'ap\u00e9ritif ou avec des tapas.","og_url":"https:\/\/www.ivinio.com\/fr\/produit\/camille-cayran-la-reserve-cairanne-blanc\/","og_site_name":"IVINIO Caviste","article_publisher":"https:\/\/www.facebook.com\/groups\/165217837022391\/?ref=bookmarks","article_modified_time":"2026-04-24T17:14:26+00:00","og_image":[{"width":500,"height":500,"url":"https:\/\/www.ivinio.com\/wp-content\/uploads\/nc\/public\/modules\/file\/pictures\/7181.Camille-cayran-cairanne-la-r-serve-blanc-ivinio.jpg","type":"image\/jpeg"}],"twitter_card":"summary_large_image","twitter_misc":{"Dur\u00e9e de lecture estim\u00e9e":"1 minute"},"schema":{"@context":"https:\/\/schema.org","@graph":[{"@type":"WebPage","@id":"https:\/\/www.ivinio.com\/fr\/produit\/camille-cayran-la-reserve-cairanne-blanc\/","url":"https:\/\/www.ivinio.com\/fr\/produit\/camille-cayran-la-reserve-cairanne-blanc\/","name":"Acheter Camille Cayran - La R\u00e9serve - Cairanne - Blanc - IVINIO Caviste","isPartOf":{"@id":"https:\/\/www.ivinio.com\/fr\/#website"},"primaryImageOfPage":{"@id":"https:\/\/www.ivinio.com\/fr\/produit\/camille-cayran-la-reserve-cairanne-blanc\/#primaryimage"},"image":{"@id":"https:\/\/www.ivinio.com\/fr\/produit\/camille-cayran-la-reserve-cairanne-blanc\/#primaryimage"},"thumbnailUrl":"https:\/\/www.ivinio.com\/wp-content\/uploads\/nc\/public\/modules\/file\/pictures\/7181.Camille-cayran-cairanne-la-r-serve-blanc-ivinio.jpg","datePublished":"2016-07-12T14:21:01+00:00","dateModified":"2026-04-24T17:14:26+00:00","description":"Acheter Camille Cayran - La R\u00e9serve - Cairanne - Blanc. Vin blanc aromatique, notes de poires et d'abricot. A l'ap\u00e9ritif ou avec des tapas.","breadcrumb":{"@id":"https:\/\/www.ivinio.com\/fr\/produit\/camille-cayran-la-reserve-cairanne-blanc\/#breadcrumb"},"inLanguage":"fr-FR","potentialAction":[{"@type":"ReadAction","target":["https:\/\/www.ivinio.com\/fr\/produit\/camille-cayran-la-reserve-cairanne-blanc\/"]}]},{"@type":"ImageObject","inLanguage":"fr-FR","@id":"https:\/\/www.ivinio.com\/fr\/produit\/camille-cayran-la-reserve-cairanne-blanc\/#primaryimage","url":"https:\/\/www.ivinio.com\/wp-content\/uploads\/nc\/public\/modules\/file\/pictures\/7181.Camille-cayran-cairanne-la-r-serve-blanc-ivinio.jpg","contentUrl":"https:\/\/www.ivinio.com\/wp-content\/uploads\/nc\/public\/modules\/file\/pictures\/7181.Camille-cayran-cairanne-la-r-serve-blanc-ivinio.jpg","width":500,"height":500,"caption":"Camille Cayran - La R\u00e9serve - Cairanne"},{"@type":"BreadcrumbList","@id":"https:\/\/www.ivinio.com\/fr\/produit\/camille-cayran-la-reserve-cairanne-blanc\/#breadcrumb","itemListElement":[{"@type":"ListItem","position":1,"name":"Home","item":"https:\/\/www.ivinio.com\/fr\/"},{"@type":"ListItem","position":2,"name":"Boutique de vin","item":"https:\/\/www.ivinio.com\/fr\/boutique-de-vin\/"},{"@type":"ListItem","position":3,"name":"Camille Cayran &#8211; La R\u00e9serve &#8211; Cairanne &#8211; Blanc"}]},{"@type":"WebSite","@id":"https:\/\/www.ivinio.com\/fr\/#website","url":"https:\/\/www.ivinio.com\/fr\/","name":"IVINIO Caviste","description":"Vins de France et d&#039;Italie avec livraison \u00e0 domicile","publisher":{"@id":"https:\/\/www.ivinio.com\/fr\/#organization"},"potentialAction":[{"@type":"SearchAction","target":{"@type":"EntryPoint","urlTemplate":"https:\/\/www.ivinio.com\/fr\/?s={search_term_string}"},"query-input":{"@type":"PropertyValueSpecification","valueRequired":true,"valueName":"search_term_string"}}],"inLanguage":"fr-FR"},{"@type":"Organization","@id":"https:\/\/www.ivinio.com\/fr\/#organization","name":"IVINIO","url":"https:\/\/www.ivinio.com\/fr\/","logo":{"@type":"ImageObject","inLanguage":"fr-FR","@id":"https:\/\/www.ivinio.com\/fr\/#\/schema\/logo\/image\/","url":"https:\/\/www.ivinio.com\/wp-content\/uploads\/2021\/01\/Logo-Ivinio-v2.jpg","contentUrl":"https:\/\/www.ivinio.com\/wp-content\/uploads\/2021\/01\/Logo-Ivinio-v2.jpg","width":1194,"height":1194,"caption":"IVINIO"},"image":{"@id":"https:\/\/www.ivinio.com\/fr\/#\/schema\/logo\/image\/"},"sameAs":["https:\/\/www.facebook.com\/groups\/165217837022391\/?ref=bookmarks","https:\/\/www.instagram.com\/_ivinio_\/?hl=fr"]}]}},"jetpack_sharing_enabled":true,"_links":{"self":[{"href":"https:\/\/www.ivinio.com\/fr\/wp-json\/wp\/v2\/product\/120362","targetHints":{"allow":["GET"]}}],"collection":[{"href":"https:\/\/www.ivinio.com\/fr\/wp-json\/wp\/v2\/product"}],"about":[{"href":"https:\/\/www.ivinio.com\/fr\/wp-json\/wp\/v2\/types\/product"}],"replies":[{"embeddable":true,"href":"https:\/\/www.ivinio.com\/fr\/wp-json\/wp\/v2\/comments?post=120362"}],"wp:featuredmedia":[{"embeddable":true,"href":"https:\/\/www.ivinio.com\/fr\/wp-json\/wp\/v2\/media\/129389"}],"wp:attachment":[{"href":"https:\/\/www.ivinio.com\/fr\/wp-json\/wp\/v2\/media?parent=120362"}],"wp:term":[{"taxonomy":"product_brand","embeddable":true,"href":"https:\/\/www.ivinio.com\/fr\/wp-json\/wp\/v2\/product_brand?post=120362"},{"taxonomy":"product_cat","embeddable":true,"href":"https:\/\/www.ivinio.com\/fr\/wp-json\/wp\/v2\/product_cat?post=120362"},{"taxonomy":"product_tag","embeddable":true,"href":"https:\/\/www.ivinio.com\/fr\/wp-json\/wp\/v2\/product_tag?post=120362"}],"curies":[{"name":"wp","href":"https:\/\/api.w.org\/{rel}","templated":true}]}}