{"id":120352,"date":"2016-06-29T12:52:27","date_gmt":"2016-06-29T12:52:27","guid":{"rendered":"https:\/\/henrik.www.ivinio.com\/?product=domaine-de-lherbe-sainte-viognier-blanc"},"modified":"2022-12-31T13:19:15","modified_gmt":"2022-12-31T12:19:15","slug":"domaine-de-lherbe-sainte-viognier-blanc","status":"publish","type":"product","link":"https:\/\/www.ivinio.com\/fr\/produit\/domaine-de-lherbe-sainte-viognier-blanc\/","title":{"rendered":"Domaine de l&#8217;Herbe Sainte &#8211; Viognier &#8211; Blanc"},"content":{"rendered":"<p>Le Viognier du Domaine de l&#8217;Herbe Sainte est un vin blanc compos\u00e9 exclusivement \u00e0 partir\u00a0du Viognier. Les raisins sont \u00e9grapp\u00e9s imm\u00e9diatement apr\u00e8s la r\u00e9colte et sont press\u00e9s. Le mo\u00fbt de raisin fermente alors \u00e0 temp\u00e9rature contr\u00f4l\u00e9e. L&#8217;\u00e9levage se fait\u00a0 dans des cuves de ciment. Le vin est l\u00e9g\u00e8rement clarifi\u00e9 et filtr\u00e9 avant d&#8217;\u00eatre mis en bouteille.<\/p>\n","protected":false},"excerpt":{"rendered":"<p>Viognier du Domaine de l&#8217;Herbe Sainte est\u00a0un vin blanc rond et charmant avec des notes\u00a0d&#8217;abricot et de p\u00eache. Servir \u00e0 l&#8217;ap\u00e9ritif, ou pour accompagner un poisson grill\u00e9 et \u00e0 divers plats de poulet, de pr\u00e9f\u00e9rence dans une sauce cr\u00e9meuse!<\/p>\n","protected":false},"featured_media":120355,"comment_status":"open","ping_status":"closed","template":"","meta":{"_monsterinsights_skip_tracking":false,"_monsterinsights_sitenote_active":false,"_monsterinsights_sitenote_note":"","_monsterinsights_sitenote_category":0,"_uf_show_specific_survey":0,"_uf_disable_surveys":false},"product_brand":[],"product_cat":[36625,36586],"product_tag":[],"class_list":{"0":"post-120352","1":"product","2":"type-product","3":"status-publish","4":"has-post-thumbnail","6":"product_cat-fr-languedoc","7":"product_cat-vins-francais","8":"pa_alcohol-degree-13-fr","9":"pa_awards-gilbert-et-gaillard-fr","10":"pa_classification-igp-pays-doc","11":"pa_color-blanc-fr","12":"pa_country-france-fr","13":"pa_grape-variety-viognier-fr","14":"pa_region-languedoc-fr","15":"pa_storage-potential-3-ans-fr","16":"pa_vintage-2021-fr","17":"pa_volume-75-cl-fr","19":"first","20":"instock","21":"taxable","22":"shipping-taxable","23":"purchasable","24":"product-type-simple"},"bundled_by":[],"bundle_stock_status":"instock","bundle_stock_quantity":null,"bundle_virtual":false,"bundle_layout":"","bundle_add_to_cart_form_location":"","bundle_editable_in_cart":false,"bundle_sold_individually_context":"","bundle_item_grouping":"","bundle_min_size":"","bundle_max_size":"","bundle_price":[],"bundled_items":[],"bundle_sell_ids":[],"yoast_head":"<!-- This site is optimized with the Yoast SEO plugin v27.5 - https:\/\/yoast.com\/product\/yoast-seo-wordpress\/ -->\n<title>Acheter Domaine de l&#039;Herbe Sainte - Viognier - vin blanc - IVINIO Caviste<\/title>\n<meta name=\"description\" content=\"Acheter Domaine de l&#039;Herbe Sainte - Viognier - Blanc. Rond et charmant avec des notes d&#039;abricot et de p\u00eache.\" \/>\n<meta name=\"robots\" content=\"index, follow, max-snippet:-1, max-image-preview:large, max-video-preview:-1\" \/>\n<link rel=\"canonical\" href=\"https:\/\/www.ivinio.com\/fr\/produit\/domaine-de-lherbe-sainte-viognier-blanc\/\" \/>\n<meta property=\"og:locale\" content=\"fr_FR\" \/>\n<meta property=\"og:type\" content=\"article\" \/>\n<meta property=\"og:title\" content=\"Acheter Domaine de l&#039;Herbe Sainte - Viognier - vin blanc - IVINIO Caviste\" \/>\n<meta property=\"og:description\" content=\"Acheter Domaine de l&#039;Herbe Sainte - Viognier - Blanc. Rond et charmant avec des notes d&#039;abricot et de p\u00eache.\" \/>\n<meta property=\"og:url\" content=\"https:\/\/www.ivinio.com\/fr\/produit\/domaine-de-lherbe-sainte-viognier-blanc\/\" \/>\n<meta property=\"og:site_name\" content=\"IVINIO Caviste\" \/>\n<meta property=\"article:publisher\" content=\"https:\/\/www.facebook.com\/groups\/165217837022391\/?ref=bookmarks\" \/>\n<meta property=\"article:modified_time\" content=\"2022-12-31T12:19:15+00:00\" \/>\n<meta property=\"og:image\" content=\"https:\/\/www.ivinio.com\/wp-content\/uploads\/nc\/public\/modules\/file\/pictures\/6256.domaine-de-l-herbe-sainte-viognier-ivinio.jpg\" \/>\n\t<meta property=\"og:image:width\" content=\"500\" \/>\n\t<meta property=\"og:image:height\" content=\"500\" \/>\n\t<meta property=\"og:image:type\" content=\"image\/jpeg\" \/>\n<meta name=\"twitter:card\" content=\"summary_large_image\" \/>\n<script type=\"application\/ld+json\" class=\"yoast-schema-graph\">{\"@context\":\"https:\\\/\\\/schema.org\",\"@graph\":[{\"@type\":\"WebPage\",\"@id\":\"https:\\\/\\\/www.ivinio.com\\\/fr\\\/produit\\\/domaine-de-lherbe-sainte-viognier-blanc\\\/\",\"url\":\"https:\\\/\\\/www.ivinio.com\\\/fr\\\/produit\\\/domaine-de-lherbe-sainte-viognier-blanc\\\/\",\"name\":\"Acheter Domaine de l'Herbe Sainte - Viognier - vin blanc - IVINIO Caviste\",\"isPartOf\":{\"@id\":\"https:\\\/\\\/www.ivinio.com\\\/fr\\\/#website\"},\"primaryImageOfPage\":{\"@id\":\"https:\\\/\\\/www.ivinio.com\\\/fr\\\/produit\\\/domaine-de-lherbe-sainte-viognier-blanc\\\/#primaryimage\"},\"image\":{\"@id\":\"https:\\\/\\\/www.ivinio.com\\\/fr\\\/produit\\\/domaine-de-lherbe-sainte-viognier-blanc\\\/#primaryimage\"},\"thumbnailUrl\":\"https:\\\/\\\/www.ivinio.com\\\/wp-content\\\/uploads\\\/nc\\\/public\\\/modules\\\/file\\\/pictures\\\/6256.domaine-de-l-herbe-sainte-viognier-ivinio.jpg\",\"datePublished\":\"2016-06-29T12:52:27+00:00\",\"dateModified\":\"2022-12-31T12:19:15+00:00\",\"description\":\"Acheter Domaine de l'Herbe Sainte - Viognier - Blanc. Rond et charmant avec des notes d'abricot et de p\u00eache.\",\"breadcrumb\":{\"@id\":\"https:\\\/\\\/www.ivinio.com\\\/fr\\\/produit\\\/domaine-de-lherbe-sainte-viognier-blanc\\\/#breadcrumb\"},\"inLanguage\":\"fr-FR\",\"potentialAction\":[{\"@type\":\"ReadAction\",\"target\":[\"https:\\\/\\\/www.ivinio.com\\\/fr\\\/produit\\\/domaine-de-lherbe-sainte-viognier-blanc\\\/\"]}]},{\"@type\":\"ImageObject\",\"inLanguage\":\"fr-FR\",\"@id\":\"https:\\\/\\\/www.ivinio.com\\\/fr\\\/produit\\\/domaine-de-lherbe-sainte-viognier-blanc\\\/#primaryimage\",\"url\":\"https:\\\/\\\/www.ivinio.com\\\/wp-content\\\/uploads\\\/nc\\\/public\\\/modules\\\/file\\\/pictures\\\/6256.domaine-de-l-herbe-sainte-viognier-ivinio.jpg\",\"contentUrl\":\"https:\\\/\\\/www.ivinio.com\\\/wp-content\\\/uploads\\\/nc\\\/public\\\/modules\\\/file\\\/pictures\\\/6256.domaine-de-l-herbe-sainte-viognier-ivinio.jpg\",\"width\":500,\"height\":500,\"caption\":\"Domaine de l'Herbe Sainte - Viognier\"},{\"@type\":\"BreadcrumbList\",\"@id\":\"https:\\\/\\\/www.ivinio.com\\\/fr\\\/produit\\\/domaine-de-lherbe-sainte-viognier-blanc\\\/#breadcrumb\",\"itemListElement\":[{\"@type\":\"ListItem\",\"position\":1,\"name\":\"Home\",\"item\":\"https:\\\/\\\/www.ivinio.com\\\/fr\\\/\"},{\"@type\":\"ListItem\",\"position\":2,\"name\":\"Boutique de vin\",\"item\":\"https:\\\/\\\/www.ivinio.com\\\/fr\\\/boutique-de-vin\\\/\"},{\"@type\":\"ListItem\",\"position\":3,\"name\":\"Domaine de l&#8217;Herbe Sainte &#8211; Viognier &#8211; Blanc\"}]},{\"@type\":\"WebSite\",\"@id\":\"https:\\\/\\\/www.ivinio.com\\\/fr\\\/#website\",\"url\":\"https:\\\/\\\/www.ivinio.com\\\/fr\\\/\",\"name\":\"IVINIO Caviste\",\"description\":\"Vins de France et d&#039;Italie avec livraison \u00e0 domicile\",\"publisher\":{\"@id\":\"https:\\\/\\\/www.ivinio.com\\\/fr\\\/#organization\"},\"potentialAction\":[{\"@type\":\"SearchAction\",\"target\":{\"@type\":\"EntryPoint\",\"urlTemplate\":\"https:\\\/\\\/www.ivinio.com\\\/fr\\\/?s={search_term_string}\"},\"query-input\":{\"@type\":\"PropertyValueSpecification\",\"valueRequired\":true,\"valueName\":\"search_term_string\"}}],\"inLanguage\":\"fr-FR\"},{\"@type\":\"Organization\",\"@id\":\"https:\\\/\\\/www.ivinio.com\\\/fr\\\/#organization\",\"name\":\"IVINIO\",\"url\":\"https:\\\/\\\/www.ivinio.com\\\/fr\\\/\",\"logo\":{\"@type\":\"ImageObject\",\"inLanguage\":\"fr-FR\",\"@id\":\"https:\\\/\\\/www.ivinio.com\\\/fr\\\/#\\\/schema\\\/logo\\\/image\\\/\",\"url\":\"https:\\\/\\\/www.ivinio.com\\\/wp-content\\\/uploads\\\/2021\\\/01\\\/Logo-Ivinio-v2.jpg\",\"contentUrl\":\"https:\\\/\\\/www.ivinio.com\\\/wp-content\\\/uploads\\\/2021\\\/01\\\/Logo-Ivinio-v2.jpg\",\"width\":1194,\"height\":1194,\"caption\":\"IVINIO\"},\"image\":{\"@id\":\"https:\\\/\\\/www.ivinio.com\\\/fr\\\/#\\\/schema\\\/logo\\\/image\\\/\"},\"sameAs\":[\"https:\\\/\\\/www.facebook.com\\\/groups\\\/165217837022391\\\/?ref=bookmarks\",\"https:\\\/\\\/www.instagram.com\\\/_ivinio_\\\/?hl=fr\"]}]}<\/script>\n<!-- \/ Yoast SEO plugin. -->","yoast_head_json":{"title":"Acheter Domaine de l'Herbe Sainte - Viognier - vin blanc - IVINIO Caviste","description":"Acheter Domaine de l'Herbe Sainte - Viognier - Blanc. Rond et charmant avec des notes d'abricot et de p\u00eache.","robots":{"index":"index","follow":"follow","max-snippet":"max-snippet:-1","max-image-preview":"max-image-preview:large","max-video-preview":"max-video-preview:-1"},"canonical":"https:\/\/www.ivinio.com\/fr\/produit\/domaine-de-lherbe-sainte-viognier-blanc\/","og_locale":"fr_FR","og_type":"article","og_title":"Acheter Domaine de l'Herbe Sainte - Viognier - vin blanc - IVINIO Caviste","og_description":"Acheter Domaine de l'Herbe Sainte - Viognier - Blanc. Rond et charmant avec des notes d'abricot et de p\u00eache.","og_url":"https:\/\/www.ivinio.com\/fr\/produit\/domaine-de-lherbe-sainte-viognier-blanc\/","og_site_name":"IVINIO Caviste","article_publisher":"https:\/\/www.facebook.com\/groups\/165217837022391\/?ref=bookmarks","article_modified_time":"2022-12-31T12:19:15+00:00","og_image":[{"width":500,"height":500,"url":"https:\/\/www.ivinio.com\/wp-content\/uploads\/nc\/public\/modules\/file\/pictures\/6256.domaine-de-l-herbe-sainte-viognier-ivinio.jpg","type":"image\/jpeg"}],"twitter_card":"summary_large_image","schema":{"@context":"https:\/\/schema.org","@graph":[{"@type":"WebPage","@id":"https:\/\/www.ivinio.com\/fr\/produit\/domaine-de-lherbe-sainte-viognier-blanc\/","url":"https:\/\/www.ivinio.com\/fr\/produit\/domaine-de-lherbe-sainte-viognier-blanc\/","name":"Acheter Domaine de l'Herbe Sainte - Viognier - vin blanc - IVINIO Caviste","isPartOf":{"@id":"https:\/\/www.ivinio.com\/fr\/#website"},"primaryImageOfPage":{"@id":"https:\/\/www.ivinio.com\/fr\/produit\/domaine-de-lherbe-sainte-viognier-blanc\/#primaryimage"},"image":{"@id":"https:\/\/www.ivinio.com\/fr\/produit\/domaine-de-lherbe-sainte-viognier-blanc\/#primaryimage"},"thumbnailUrl":"https:\/\/www.ivinio.com\/wp-content\/uploads\/nc\/public\/modules\/file\/pictures\/6256.domaine-de-l-herbe-sainte-viognier-ivinio.jpg","datePublished":"2016-06-29T12:52:27+00:00","dateModified":"2022-12-31T12:19:15+00:00","description":"Acheter Domaine de l'Herbe Sainte - Viognier - Blanc. Rond et charmant avec des notes d'abricot et de p\u00eache.","breadcrumb":{"@id":"https:\/\/www.ivinio.com\/fr\/produit\/domaine-de-lherbe-sainte-viognier-blanc\/#breadcrumb"},"inLanguage":"fr-FR","potentialAction":[{"@type":"ReadAction","target":["https:\/\/www.ivinio.com\/fr\/produit\/domaine-de-lherbe-sainte-viognier-blanc\/"]}]},{"@type":"ImageObject","inLanguage":"fr-FR","@id":"https:\/\/www.ivinio.com\/fr\/produit\/domaine-de-lherbe-sainte-viognier-blanc\/#primaryimage","url":"https:\/\/www.ivinio.com\/wp-content\/uploads\/nc\/public\/modules\/file\/pictures\/6256.domaine-de-l-herbe-sainte-viognier-ivinio.jpg","contentUrl":"https:\/\/www.ivinio.com\/wp-content\/uploads\/nc\/public\/modules\/file\/pictures\/6256.domaine-de-l-herbe-sainte-viognier-ivinio.jpg","width":500,"height":500,"caption":"Domaine de l'Herbe Sainte - Viognier"},{"@type":"BreadcrumbList","@id":"https:\/\/www.ivinio.com\/fr\/produit\/domaine-de-lherbe-sainte-viognier-blanc\/#breadcrumb","itemListElement":[{"@type":"ListItem","position":1,"name":"Home","item":"https:\/\/www.ivinio.com\/fr\/"},{"@type":"ListItem","position":2,"name":"Boutique de vin","item":"https:\/\/www.ivinio.com\/fr\/boutique-de-vin\/"},{"@type":"ListItem","position":3,"name":"Domaine de l&#8217;Herbe Sainte &#8211; Viognier &#8211; Blanc"}]},{"@type":"WebSite","@id":"https:\/\/www.ivinio.com\/fr\/#website","url":"https:\/\/www.ivinio.com\/fr\/","name":"IVINIO Caviste","description":"Vins de France et d&#039;Italie avec livraison \u00e0 domicile","publisher":{"@id":"https:\/\/www.ivinio.com\/fr\/#organization"},"potentialAction":[{"@type":"SearchAction","target":{"@type":"EntryPoint","urlTemplate":"https:\/\/www.ivinio.com\/fr\/?s={search_term_string}"},"query-input":{"@type":"PropertyValueSpecification","valueRequired":true,"valueName":"search_term_string"}}],"inLanguage":"fr-FR"},{"@type":"Organization","@id":"https:\/\/www.ivinio.com\/fr\/#organization","name":"IVINIO","url":"https:\/\/www.ivinio.com\/fr\/","logo":{"@type":"ImageObject","inLanguage":"fr-FR","@id":"https:\/\/www.ivinio.com\/fr\/#\/schema\/logo\/image\/","url":"https:\/\/www.ivinio.com\/wp-content\/uploads\/2021\/01\/Logo-Ivinio-v2.jpg","contentUrl":"https:\/\/www.ivinio.com\/wp-content\/uploads\/2021\/01\/Logo-Ivinio-v2.jpg","width":1194,"height":1194,"caption":"IVINIO"},"image":{"@id":"https:\/\/www.ivinio.com\/fr\/#\/schema\/logo\/image\/"},"sameAs":["https:\/\/www.facebook.com\/groups\/165217837022391\/?ref=bookmarks","https:\/\/www.instagram.com\/_ivinio_\/?hl=fr"]}]}},"jetpack_sharing_enabled":true,"_links":{"self":[{"href":"https:\/\/www.ivinio.com\/fr\/wp-json\/wp\/v2\/product\/120352","targetHints":{"allow":["GET"]}}],"collection":[{"href":"https:\/\/www.ivinio.com\/fr\/wp-json\/wp\/v2\/product"}],"about":[{"href":"https:\/\/www.ivinio.com\/fr\/wp-json\/wp\/v2\/types\/product"}],"replies":[{"embeddable":true,"href":"https:\/\/www.ivinio.com\/fr\/wp-json\/wp\/v2\/comments?post=120352"}],"wp:featuredmedia":[{"embeddable":true,"href":"https:\/\/www.ivinio.com\/fr\/wp-json\/wp\/v2\/media\/120355"}],"wp:attachment":[{"href":"https:\/\/www.ivinio.com\/fr\/wp-json\/wp\/v2\/media?parent=120352"}],"wp:term":[{"taxonomy":"product_brand","embeddable":true,"href":"https:\/\/www.ivinio.com\/fr\/wp-json\/wp\/v2\/product_brand?post=120352"},{"taxonomy":"product_cat","embeddable":true,"href":"https:\/\/www.ivinio.com\/fr\/wp-json\/wp\/v2\/product_cat?post=120352"},{"taxonomy":"product_tag","embeddable":true,"href":"https:\/\/www.ivinio.com\/fr\/wp-json\/wp\/v2\/product_tag?post=120352"}],"curies":[{"name":"wp","href":"https:\/\/api.w.org\/{rel}","templated":true}]}}