{"id":120348,"date":"2016-06-29T12:52:27","date_gmt":"2016-06-29T12:52:27","guid":{"rendered":"https:\/\/henrik.www.ivinio.com\/?product=domaine-de-lherbe-sainte-chardonnay-blanc"},"modified":"2023-01-27T10:31:44","modified_gmt":"2023-01-27T09:31:44","slug":"domaine-de-lherbe-sainte-chardonnay-blanc","status":"publish","type":"product","link":"https:\/\/www.ivinio.com\/fr\/produit\/domaine-de-lherbe-sainte-chardonnay-blanc\/","title":{"rendered":"Domaine de l&#8217;Herbe Sainte &#8211; Chardonnay &#8211; Blanc"},"content":{"rendered":"<p>Chardonnay du Domaine de l&#8217;Herbe Sainte est un vin blanc compos\u00e9 exclusivement de Chardonnay. Les raisins sont \u00e9grapp\u00e9s imm\u00e9diatement apr\u00e8s les vendanges\u00a0et sont ensuite press\u00e9s. Le mo\u00fbt de raisin fermente alors \u00e0 temp\u00e9rature contr\u00f4l\u00e9e. L&#8217;\u00e9levage se fait\u00a0dans des cuves de ciment. Le vin est l\u00e9g\u00e8rement clarifi\u00e9 et filtr\u00e9 avant d&#8217;\u00eatre mis en bouteille.<\/p>\n","protected":false},"excerpt":{"rendered":"<p>Chardonnay du Domaine de l&#8217;Herbe Sainte est un vin blanc rond et g\u00e9n\u00e9reux avec des notes de pomme et de poire. Servir en ap\u00e9ritif, avec un poisson grill\u00e9, sur des plats de volaille\u00a0ou sur un fromage de ch\u00e8vre.<\/p>\n","protected":false},"featured_media":130668,"comment_status":"open","ping_status":"closed","template":"","meta":{"_monsterinsights_skip_tracking":false,"_monsterinsights_sitenote_active":false,"_monsterinsights_sitenote_note":"","_monsterinsights_sitenote_category":0,"_uf_show_specific_survey":0,"_uf_disable_surveys":false},"product_brand":[],"product_cat":[36625,36586],"product_tag":[],"class_list":{"0":"post-120348","1":"product","2":"type-product","3":"status-publish","4":"has-post-thumbnail","6":"product_cat-fr-languedoc","7":"product_cat-vins-francais","8":"pa_alcohol-degree-13-5","9":"pa_classification-igp-pays-doc","10":"pa_color-blanc-fr","11":"pa_country-france-fr","12":"pa_grape-variety-chardonnay-fr","13":"pa_region-languedoc-fr","14":"pa_storage-potential-4-ans-fr","15":"pa_vintage-2018-fr","16":"pa_volume-75-cl-fr","18":"first","19":"instock","20":"taxable","21":"shipping-taxable","22":"purchasable","23":"product-type-simple"},"bundled_by":[],"bundle_stock_status":"instock","bundle_stock_quantity":null,"bundle_virtual":false,"bundle_layout":"","bundle_add_to_cart_form_location":"","bundle_editable_in_cart":false,"bundle_sold_individually_context":"","bundle_item_grouping":"","bundle_min_size":"","bundle_max_size":"","bundle_price":[],"bundled_items":[],"bundle_sell_ids":[],"yoast_head":"<!-- This site is optimized with the Yoast SEO plugin v27.5 - https:\/\/yoast.com\/product\/yoast-seo-wordpress\/ -->\n<title>Domaine de l&#039;Herbe Sainte - Chardonnay - Blanc - IVINIO Caviste<\/title>\n<meta name=\"description\" content=\"Domaine de l&#039;Herbe Sainte - Chardonnay - Blanc. Rond et g\u00e9n\u00e9reux avec des notes de pomme et de poire. Servir en ap\u00e9ritif, avec un poisson grill\u00e9, sur des plats de volaille.\" \/>\n<meta name=\"robots\" content=\"index, follow, max-snippet:-1, max-image-preview:large, max-video-preview:-1\" \/>\n<link rel=\"canonical\" href=\"https:\/\/www.ivinio.com\/fr\/produit\/domaine-de-lherbe-sainte-chardonnay-blanc\/\" \/>\n<meta property=\"og:locale\" content=\"fr_FR\" \/>\n<meta property=\"og:type\" content=\"article\" \/>\n<meta property=\"og:title\" content=\"Domaine de l&#039;Herbe Sainte - Chardonnay - Blanc - IVINIO Caviste\" \/>\n<meta property=\"og:description\" content=\"Domaine de l&#039;Herbe Sainte - Chardonnay - Blanc. Rond et g\u00e9n\u00e9reux avec des notes de pomme et de poire. Servir en ap\u00e9ritif, avec un poisson grill\u00e9, sur des plats de volaille.\" \/>\n<meta property=\"og:url\" content=\"https:\/\/www.ivinio.com\/fr\/produit\/domaine-de-lherbe-sainte-chardonnay-blanc\/\" \/>\n<meta property=\"og:site_name\" content=\"IVINIO Caviste\" \/>\n<meta property=\"article:publisher\" content=\"https:\/\/www.facebook.com\/groups\/165217837022391\/?ref=bookmarks\" \/>\n<meta property=\"article:modified_time\" content=\"2023-01-27T09:31:44+00:00\" \/>\n<meta property=\"og:image\" content=\"https:\/\/www.ivinio.com\/wp-content\/uploads\/nc\/public\/modules\/file\/pictures\/6252.domaine-de-l-herbe-sainte-chardonnay-ivinio.jpg\" \/>\n\t<meta property=\"og:image:width\" content=\"500\" \/>\n\t<meta property=\"og:image:height\" content=\"500\" \/>\n\t<meta property=\"og:image:type\" content=\"image\/jpeg\" \/>\n<meta name=\"twitter:card\" content=\"summary_large_image\" \/>\n<script type=\"application\/ld+json\" class=\"yoast-schema-graph\">{\"@context\":\"https:\\\/\\\/schema.org\",\"@graph\":[{\"@type\":\"WebPage\",\"@id\":\"https:\\\/\\\/www.ivinio.com\\\/fr\\\/produit\\\/domaine-de-lherbe-sainte-chardonnay-blanc\\\/\",\"url\":\"https:\\\/\\\/www.ivinio.com\\\/fr\\\/produit\\\/domaine-de-lherbe-sainte-chardonnay-blanc\\\/\",\"name\":\"Domaine de l'Herbe Sainte - Chardonnay - Blanc - IVINIO Caviste\",\"isPartOf\":{\"@id\":\"https:\\\/\\\/www.ivinio.com\\\/fr\\\/#website\"},\"primaryImageOfPage\":{\"@id\":\"https:\\\/\\\/www.ivinio.com\\\/fr\\\/produit\\\/domaine-de-lherbe-sainte-chardonnay-blanc\\\/#primaryimage\"},\"image\":{\"@id\":\"https:\\\/\\\/www.ivinio.com\\\/fr\\\/produit\\\/domaine-de-lherbe-sainte-chardonnay-blanc\\\/#primaryimage\"},\"thumbnailUrl\":\"https:\\\/\\\/www.ivinio.com\\\/wp-content\\\/uploads\\\/nc\\\/public\\\/modules\\\/file\\\/pictures\\\/6252.domaine-de-l-herbe-sainte-chardonnay-ivinio.jpg\",\"datePublished\":\"2016-06-29T12:52:27+00:00\",\"dateModified\":\"2023-01-27T09:31:44+00:00\",\"description\":\"Domaine de l'Herbe Sainte - Chardonnay - Blanc. Rond et g\u00e9n\u00e9reux avec des notes de pomme et de poire. Servir en ap\u00e9ritif, avec un poisson grill\u00e9, sur des plats de volaille.\",\"breadcrumb\":{\"@id\":\"https:\\\/\\\/www.ivinio.com\\\/fr\\\/produit\\\/domaine-de-lherbe-sainte-chardonnay-blanc\\\/#breadcrumb\"},\"inLanguage\":\"fr-FR\",\"potentialAction\":[{\"@type\":\"ReadAction\",\"target\":[\"https:\\\/\\\/www.ivinio.com\\\/fr\\\/produit\\\/domaine-de-lherbe-sainte-chardonnay-blanc\\\/\"]}]},{\"@type\":\"ImageObject\",\"inLanguage\":\"fr-FR\",\"@id\":\"https:\\\/\\\/www.ivinio.com\\\/fr\\\/produit\\\/domaine-de-lherbe-sainte-chardonnay-blanc\\\/#primaryimage\",\"url\":\"https:\\\/\\\/www.ivinio.com\\\/wp-content\\\/uploads\\\/nc\\\/public\\\/modules\\\/file\\\/pictures\\\/6252.domaine-de-l-herbe-sainte-chardonnay-ivinio.jpg\",\"contentUrl\":\"https:\\\/\\\/www.ivinio.com\\\/wp-content\\\/uploads\\\/nc\\\/public\\\/modules\\\/file\\\/pictures\\\/6252.domaine-de-l-herbe-sainte-chardonnay-ivinio.jpg\",\"width\":500,\"height\":500},{\"@type\":\"BreadcrumbList\",\"@id\":\"https:\\\/\\\/www.ivinio.com\\\/fr\\\/produit\\\/domaine-de-lherbe-sainte-chardonnay-blanc\\\/#breadcrumb\",\"itemListElement\":[{\"@type\":\"ListItem\",\"position\":1,\"name\":\"Home\",\"item\":\"https:\\\/\\\/www.ivinio.com\\\/fr\\\/\"},{\"@type\":\"ListItem\",\"position\":2,\"name\":\"Boutique de vin\",\"item\":\"https:\\\/\\\/www.ivinio.com\\\/fr\\\/boutique-de-vin\\\/\"},{\"@type\":\"ListItem\",\"position\":3,\"name\":\"Domaine de l&#8217;Herbe Sainte &#8211; Chardonnay &#8211; Blanc\"}]},{\"@type\":\"WebSite\",\"@id\":\"https:\\\/\\\/www.ivinio.com\\\/fr\\\/#website\",\"url\":\"https:\\\/\\\/www.ivinio.com\\\/fr\\\/\",\"name\":\"IVINIO Caviste\",\"description\":\"Vins de France et d&#039;Italie avec livraison \u00e0 domicile\",\"publisher\":{\"@id\":\"https:\\\/\\\/www.ivinio.com\\\/fr\\\/#organization\"},\"potentialAction\":[{\"@type\":\"SearchAction\",\"target\":{\"@type\":\"EntryPoint\",\"urlTemplate\":\"https:\\\/\\\/www.ivinio.com\\\/fr\\\/?s={search_term_string}\"},\"query-input\":{\"@type\":\"PropertyValueSpecification\",\"valueRequired\":true,\"valueName\":\"search_term_string\"}}],\"inLanguage\":\"fr-FR\"},{\"@type\":\"Organization\",\"@id\":\"https:\\\/\\\/www.ivinio.com\\\/fr\\\/#organization\",\"name\":\"IVINIO\",\"url\":\"https:\\\/\\\/www.ivinio.com\\\/fr\\\/\",\"logo\":{\"@type\":\"ImageObject\",\"inLanguage\":\"fr-FR\",\"@id\":\"https:\\\/\\\/www.ivinio.com\\\/fr\\\/#\\\/schema\\\/logo\\\/image\\\/\",\"url\":\"https:\\\/\\\/www.ivinio.com\\\/wp-content\\\/uploads\\\/2021\\\/01\\\/Logo-Ivinio-v2.jpg\",\"contentUrl\":\"https:\\\/\\\/www.ivinio.com\\\/wp-content\\\/uploads\\\/2021\\\/01\\\/Logo-Ivinio-v2.jpg\",\"width\":1194,\"height\":1194,\"caption\":\"IVINIO\"},\"image\":{\"@id\":\"https:\\\/\\\/www.ivinio.com\\\/fr\\\/#\\\/schema\\\/logo\\\/image\\\/\"},\"sameAs\":[\"https:\\\/\\\/www.facebook.com\\\/groups\\\/165217837022391\\\/?ref=bookmarks\",\"https:\\\/\\\/www.instagram.com\\\/_ivinio_\\\/?hl=fr\"]}]}<\/script>\n<!-- \/ Yoast SEO plugin. -->","yoast_head_json":{"title":"Domaine de l'Herbe Sainte - Chardonnay - Blanc - IVINIO Caviste","description":"Domaine de l'Herbe Sainte - Chardonnay - Blanc. Rond et g\u00e9n\u00e9reux avec des notes de pomme et de poire. Servir en ap\u00e9ritif, avec un poisson grill\u00e9, sur des plats de volaille.","robots":{"index":"index","follow":"follow","max-snippet":"max-snippet:-1","max-image-preview":"max-image-preview:large","max-video-preview":"max-video-preview:-1"},"canonical":"https:\/\/www.ivinio.com\/fr\/produit\/domaine-de-lherbe-sainte-chardonnay-blanc\/","og_locale":"fr_FR","og_type":"article","og_title":"Domaine de l'Herbe Sainte - Chardonnay - Blanc - IVINIO Caviste","og_description":"Domaine de l'Herbe Sainte - Chardonnay - Blanc. Rond et g\u00e9n\u00e9reux avec des notes de pomme et de poire. Servir en ap\u00e9ritif, avec un poisson grill\u00e9, sur des plats de volaille.","og_url":"https:\/\/www.ivinio.com\/fr\/produit\/domaine-de-lherbe-sainte-chardonnay-blanc\/","og_site_name":"IVINIO Caviste","article_publisher":"https:\/\/www.facebook.com\/groups\/165217837022391\/?ref=bookmarks","article_modified_time":"2023-01-27T09:31:44+00:00","og_image":[{"width":500,"height":500,"url":"https:\/\/www.ivinio.com\/wp-content\/uploads\/nc\/public\/modules\/file\/pictures\/6252.domaine-de-l-herbe-sainte-chardonnay-ivinio.jpg","type":"image\/jpeg"}],"twitter_card":"summary_large_image","schema":{"@context":"https:\/\/schema.org","@graph":[{"@type":"WebPage","@id":"https:\/\/www.ivinio.com\/fr\/produit\/domaine-de-lherbe-sainte-chardonnay-blanc\/","url":"https:\/\/www.ivinio.com\/fr\/produit\/domaine-de-lherbe-sainte-chardonnay-blanc\/","name":"Domaine de l'Herbe Sainte - Chardonnay - Blanc - IVINIO Caviste","isPartOf":{"@id":"https:\/\/www.ivinio.com\/fr\/#website"},"primaryImageOfPage":{"@id":"https:\/\/www.ivinio.com\/fr\/produit\/domaine-de-lherbe-sainte-chardonnay-blanc\/#primaryimage"},"image":{"@id":"https:\/\/www.ivinio.com\/fr\/produit\/domaine-de-lherbe-sainte-chardonnay-blanc\/#primaryimage"},"thumbnailUrl":"https:\/\/www.ivinio.com\/wp-content\/uploads\/nc\/public\/modules\/file\/pictures\/6252.domaine-de-l-herbe-sainte-chardonnay-ivinio.jpg","datePublished":"2016-06-29T12:52:27+00:00","dateModified":"2023-01-27T09:31:44+00:00","description":"Domaine de l'Herbe Sainte - Chardonnay - Blanc. Rond et g\u00e9n\u00e9reux avec des notes de pomme et de poire. Servir en ap\u00e9ritif, avec un poisson grill\u00e9, sur des plats de volaille.","breadcrumb":{"@id":"https:\/\/www.ivinio.com\/fr\/produit\/domaine-de-lherbe-sainte-chardonnay-blanc\/#breadcrumb"},"inLanguage":"fr-FR","potentialAction":[{"@type":"ReadAction","target":["https:\/\/www.ivinio.com\/fr\/produit\/domaine-de-lherbe-sainte-chardonnay-blanc\/"]}]},{"@type":"ImageObject","inLanguage":"fr-FR","@id":"https:\/\/www.ivinio.com\/fr\/produit\/domaine-de-lherbe-sainte-chardonnay-blanc\/#primaryimage","url":"https:\/\/www.ivinio.com\/wp-content\/uploads\/nc\/public\/modules\/file\/pictures\/6252.domaine-de-l-herbe-sainte-chardonnay-ivinio.jpg","contentUrl":"https:\/\/www.ivinio.com\/wp-content\/uploads\/nc\/public\/modules\/file\/pictures\/6252.domaine-de-l-herbe-sainte-chardonnay-ivinio.jpg","width":500,"height":500},{"@type":"BreadcrumbList","@id":"https:\/\/www.ivinio.com\/fr\/produit\/domaine-de-lherbe-sainte-chardonnay-blanc\/#breadcrumb","itemListElement":[{"@type":"ListItem","position":1,"name":"Home","item":"https:\/\/www.ivinio.com\/fr\/"},{"@type":"ListItem","position":2,"name":"Boutique de vin","item":"https:\/\/www.ivinio.com\/fr\/boutique-de-vin\/"},{"@type":"ListItem","position":3,"name":"Domaine de l&#8217;Herbe Sainte &#8211; Chardonnay &#8211; Blanc"}]},{"@type":"WebSite","@id":"https:\/\/www.ivinio.com\/fr\/#website","url":"https:\/\/www.ivinio.com\/fr\/","name":"IVINIO Caviste","description":"Vins de France et d&#039;Italie avec livraison \u00e0 domicile","publisher":{"@id":"https:\/\/www.ivinio.com\/fr\/#organization"},"potentialAction":[{"@type":"SearchAction","target":{"@type":"EntryPoint","urlTemplate":"https:\/\/www.ivinio.com\/fr\/?s={search_term_string}"},"query-input":{"@type":"PropertyValueSpecification","valueRequired":true,"valueName":"search_term_string"}}],"inLanguage":"fr-FR"},{"@type":"Organization","@id":"https:\/\/www.ivinio.com\/fr\/#organization","name":"IVINIO","url":"https:\/\/www.ivinio.com\/fr\/","logo":{"@type":"ImageObject","inLanguage":"fr-FR","@id":"https:\/\/www.ivinio.com\/fr\/#\/schema\/logo\/image\/","url":"https:\/\/www.ivinio.com\/wp-content\/uploads\/2021\/01\/Logo-Ivinio-v2.jpg","contentUrl":"https:\/\/www.ivinio.com\/wp-content\/uploads\/2021\/01\/Logo-Ivinio-v2.jpg","width":1194,"height":1194,"caption":"IVINIO"},"image":{"@id":"https:\/\/www.ivinio.com\/fr\/#\/schema\/logo\/image\/"},"sameAs":["https:\/\/www.facebook.com\/groups\/165217837022391\/?ref=bookmarks","https:\/\/www.instagram.com\/_ivinio_\/?hl=fr"]}]}},"jetpack_sharing_enabled":true,"_links":{"self":[{"href":"https:\/\/www.ivinio.com\/fr\/wp-json\/wp\/v2\/product\/120348","targetHints":{"allow":["GET"]}}],"collection":[{"href":"https:\/\/www.ivinio.com\/fr\/wp-json\/wp\/v2\/product"}],"about":[{"href":"https:\/\/www.ivinio.com\/fr\/wp-json\/wp\/v2\/types\/product"}],"replies":[{"embeddable":true,"href":"https:\/\/www.ivinio.com\/fr\/wp-json\/wp\/v2\/comments?post=120348"}],"wp:featuredmedia":[{"embeddable":true,"href":"https:\/\/www.ivinio.com\/fr\/wp-json\/wp\/v2\/media\/130668"}],"wp:attachment":[{"href":"https:\/\/www.ivinio.com\/fr\/wp-json\/wp\/v2\/media?parent=120348"}],"wp:term":[{"taxonomy":"product_brand","embeddable":true,"href":"https:\/\/www.ivinio.com\/fr\/wp-json\/wp\/v2\/product_brand?post=120348"},{"taxonomy":"product_cat","embeddable":true,"href":"https:\/\/www.ivinio.com\/fr\/wp-json\/wp\/v2\/product_cat?post=120348"},{"taxonomy":"product_tag","embeddable":true,"href":"https:\/\/www.ivinio.com\/fr\/wp-json\/wp\/v2\/product_tag?post=120348"}],"curies":[{"name":"wp","href":"https:\/\/api.w.org\/{rel}","templated":true}]}}