{"id":120344,"date":"2016-06-29T12:52:27","date_gmt":"2016-06-29T12:52:27","guid":{"rendered":"https:\/\/henrik.www.ivinio.com\/?product=chateau-de-lherbe-sainte-prestige-minervois-rouge"},"modified":"2022-11-30T16:26:48","modified_gmt":"2022-11-30T15:26:48","slug":"chateau-de-lherbe-sainte-prestige-minervois-rouge","status":"publish","type":"product","link":"https:\/\/www.ivinio.com\/fr\/produit\/chateau-de-lherbe-sainte-prestige-minervois-rouge\/","title":{"rendered":"Ch\u00e2teau de l&#8217;Herbe Sainte &#8211; Prestige &#8211; Minervois &#8211; Rouge"},"content":{"rendered":"<p>Ch\u00e2teau de l&#8217;Herbe Sainte &#8211; Prestige &#8211; Minervois est un vin rouge compos\u00e9 de 75% de syrah, 10% de mourv\u00e8dre, 9% de carignan et 6% de grenache. Les raisins sont \u00e9grapp\u00e9s des grappes imm\u00e9diatement apr\u00e8s la r\u00e9colte et on les laisse fermenter \u00e0 une temp\u00e9rature thermocontrol\u00e9e. Suit la fermentation malolactique. Le vin final est ensuite assembl\u00e9. Le vin est l\u00e9g\u00e8rement clarifi\u00e9 et filtr\u00e9 avant d&#8217;\u00eatre mis en bouteille.<\/p>\n<p>&nbsp;<\/p>\n","protected":false},"excerpt":{"rendered":"<p>Prestige du Ch\u00e2teau de l&#8217;Herbe Sainte est un d\u00e9licieux Minervois aromatique aux notes de framboise, de violette et d&#8217;\u00e9pices. Un vin rouge \u00e0 la fois puissant et \u00e9l\u00e9gant!<\/p>\n","protected":false},"featured_media":120347,"comment_status":"open","ping_status":"closed","template":"","meta":{"_monsterinsights_skip_tracking":false,"_monsterinsights_sitenote_active":false,"_monsterinsights_sitenote_note":"","_monsterinsights_sitenote_category":0,"_uf_show_specific_survey":0,"_uf_disable_surveys":false},"product_brand":[],"product_cat":[36625,36586],"product_tag":[],"class_list":{"0":"post-120344","1":"product","2":"type-product","3":"status-publish","4":"has-post-thumbnail","6":"product_cat-fr-languedoc","7":"product_cat-vins-francais","8":"pa_alcohol-degree-14-fr","9":"pa_awards-concours-des-vins-feminalise-fr","10":"pa_awards-dussert-gerber-fr","11":"pa_awards-gilbert-et-gaillard-fr","12":"pa_classification-aop-minervois-fr","13":"pa_color-rouge-fr","14":"pa_country-france-fr","15":"pa_grape-variety-carignan-fr","16":"pa_grape-variety-grenache-fr","17":"pa_grape-variety-mourvedre-fr","18":"pa_grape-variety-syrah-fr","19":"pa_region-languedoc-fr","20":"pa_storage-potential-5-ans-fr","21":"pa_vintage-2020-fr","22":"pa_volume-75-cl-fr","24":"first","25":"instock","26":"taxable","27":"shipping-taxable","28":"purchasable","29":"product-type-simple"},"bundled_by":[],"bundle_stock_status":"instock","bundle_stock_quantity":null,"bundle_virtual":false,"bundle_layout":"","bundle_add_to_cart_form_location":"","bundle_editable_in_cart":false,"bundle_sold_individually_context":"","bundle_item_grouping":"","bundle_min_size":"","bundle_max_size":"","bundle_price":[],"bundled_items":[],"bundle_sell_ids":[],"yoast_head":"<!-- This site is optimized with the Yoast SEO plugin v27.5 - https:\/\/yoast.com\/product\/yoast-seo-wordpress\/ -->\n<title>Acheter Ch\u00e2teau de l&#039;Herbe Sainte - Prestige - Minervois - IVINIO Caviste<\/title>\n<meta name=\"description\" content=\"Acheter Ch\u00e2teau de l&#039;Herbe Sainte - Prestige - Minervois. Aromatique aux notes de framboise, de violette et d&#039;\u00e9pices.\" \/>\n<meta name=\"robots\" content=\"index, follow, max-snippet:-1, max-image-preview:large, max-video-preview:-1\" \/>\n<link rel=\"canonical\" href=\"https:\/\/www.ivinio.com\/fr\/produit\/chateau-de-lherbe-sainte-prestige-minervois-rouge\/\" \/>\n<meta property=\"og:locale\" content=\"fr_FR\" \/>\n<meta property=\"og:type\" content=\"article\" \/>\n<meta property=\"og:title\" content=\"Acheter Ch\u00e2teau de l&#039;Herbe Sainte - Prestige - Minervois - IVINIO Caviste\" \/>\n<meta property=\"og:description\" content=\"Acheter Ch\u00e2teau de l&#039;Herbe Sainte - Prestige - Minervois. Aromatique aux notes de framboise, de violette et d&#039;\u00e9pices.\" \/>\n<meta property=\"og:url\" content=\"https:\/\/www.ivinio.com\/fr\/produit\/chateau-de-lherbe-sainte-prestige-minervois-rouge\/\" \/>\n<meta property=\"og:site_name\" content=\"IVINIO Caviste\" \/>\n<meta property=\"article:publisher\" content=\"https:\/\/www.facebook.com\/groups\/165217837022391\/?ref=bookmarks\" \/>\n<meta property=\"article:modified_time\" content=\"2022-11-30T15:26:48+00:00\" \/>\n<meta property=\"og:image\" content=\"https:\/\/www.ivinio.com\/wp-content\/uploads\/nc\/public\/modules\/file\/pictures\/6251.ch-teau-de-l-herbe-sainte-prestige-ivinio.jpg\" \/>\n\t<meta property=\"og:image:width\" content=\"500\" \/>\n\t<meta property=\"og:image:height\" content=\"500\" \/>\n\t<meta property=\"og:image:type\" content=\"image\/jpeg\" \/>\n<meta name=\"twitter:card\" content=\"summary_large_image\" \/>\n<meta name=\"twitter:label1\" content=\"Dur\u00e9e de lecture estim\u00e9e\" \/>\n\t<meta name=\"twitter:data1\" content=\"1 minute\" \/>\n<script type=\"application\/ld+json\" class=\"yoast-schema-graph\">{\"@context\":\"https:\\\/\\\/schema.org\",\"@graph\":[{\"@type\":\"WebPage\",\"@id\":\"https:\\\/\\\/www.ivinio.com\\\/fr\\\/produit\\\/chateau-de-lherbe-sainte-prestige-minervois-rouge\\\/\",\"url\":\"https:\\\/\\\/www.ivinio.com\\\/fr\\\/produit\\\/chateau-de-lherbe-sainte-prestige-minervois-rouge\\\/\",\"name\":\"Acheter Ch\u00e2teau de l'Herbe Sainte - Prestige - Minervois - IVINIO Caviste\",\"isPartOf\":{\"@id\":\"https:\\\/\\\/www.ivinio.com\\\/fr\\\/#website\"},\"primaryImageOfPage\":{\"@id\":\"https:\\\/\\\/www.ivinio.com\\\/fr\\\/produit\\\/chateau-de-lherbe-sainte-prestige-minervois-rouge\\\/#primaryimage\"},\"image\":{\"@id\":\"https:\\\/\\\/www.ivinio.com\\\/fr\\\/produit\\\/chateau-de-lherbe-sainte-prestige-minervois-rouge\\\/#primaryimage\"},\"thumbnailUrl\":\"https:\\\/\\\/www.ivinio.com\\\/wp-content\\\/uploads\\\/nc\\\/public\\\/modules\\\/file\\\/pictures\\\/6251.ch-teau-de-l-herbe-sainte-prestige-ivinio.jpg\",\"datePublished\":\"2016-06-29T12:52:27+00:00\",\"dateModified\":\"2022-11-30T15:26:48+00:00\",\"description\":\"Acheter Ch\u00e2teau de l'Herbe Sainte - Prestige - Minervois. Aromatique aux notes de framboise, de violette et d'\u00e9pices.\",\"breadcrumb\":{\"@id\":\"https:\\\/\\\/www.ivinio.com\\\/fr\\\/produit\\\/chateau-de-lherbe-sainte-prestige-minervois-rouge\\\/#breadcrumb\"},\"inLanguage\":\"fr-FR\",\"potentialAction\":[{\"@type\":\"ReadAction\",\"target\":[\"https:\\\/\\\/www.ivinio.com\\\/fr\\\/produit\\\/chateau-de-lherbe-sainte-prestige-minervois-rouge\\\/\"]}]},{\"@type\":\"ImageObject\",\"inLanguage\":\"fr-FR\",\"@id\":\"https:\\\/\\\/www.ivinio.com\\\/fr\\\/produit\\\/chateau-de-lherbe-sainte-prestige-minervois-rouge\\\/#primaryimage\",\"url\":\"https:\\\/\\\/www.ivinio.com\\\/wp-content\\\/uploads\\\/nc\\\/public\\\/modules\\\/file\\\/pictures\\\/6251.ch-teau-de-l-herbe-sainte-prestige-ivinio.jpg\",\"contentUrl\":\"https:\\\/\\\/www.ivinio.com\\\/wp-content\\\/uploads\\\/nc\\\/public\\\/modules\\\/file\\\/pictures\\\/6251.ch-teau-de-l-herbe-sainte-prestige-ivinio.jpg\",\"width\":500,\"height\":500,\"caption\":\"Ch\u00e2teau de l'Herbe Sainte - Prestige - Minervois\"},{\"@type\":\"BreadcrumbList\",\"@id\":\"https:\\\/\\\/www.ivinio.com\\\/fr\\\/produit\\\/chateau-de-lherbe-sainte-prestige-minervois-rouge\\\/#breadcrumb\",\"itemListElement\":[{\"@type\":\"ListItem\",\"position\":1,\"name\":\"Home\",\"item\":\"https:\\\/\\\/www.ivinio.com\\\/fr\\\/\"},{\"@type\":\"ListItem\",\"position\":2,\"name\":\"Boutique de vin\",\"item\":\"https:\\\/\\\/www.ivinio.com\\\/fr\\\/boutique-de-vin\\\/\"},{\"@type\":\"ListItem\",\"position\":3,\"name\":\"Ch\u00e2teau de l&#8217;Herbe Sainte &#8211; Prestige &#8211; Minervois &#8211; Rouge\"}]},{\"@type\":\"WebSite\",\"@id\":\"https:\\\/\\\/www.ivinio.com\\\/fr\\\/#website\",\"url\":\"https:\\\/\\\/www.ivinio.com\\\/fr\\\/\",\"name\":\"IVINIO Caviste\",\"description\":\"Vins de France et d&#039;Italie avec livraison \u00e0 domicile\",\"publisher\":{\"@id\":\"https:\\\/\\\/www.ivinio.com\\\/fr\\\/#organization\"},\"potentialAction\":[{\"@type\":\"SearchAction\",\"target\":{\"@type\":\"EntryPoint\",\"urlTemplate\":\"https:\\\/\\\/www.ivinio.com\\\/fr\\\/?s={search_term_string}\"},\"query-input\":{\"@type\":\"PropertyValueSpecification\",\"valueRequired\":true,\"valueName\":\"search_term_string\"}}],\"inLanguage\":\"fr-FR\"},{\"@type\":\"Organization\",\"@id\":\"https:\\\/\\\/www.ivinio.com\\\/fr\\\/#organization\",\"name\":\"IVINIO\",\"url\":\"https:\\\/\\\/www.ivinio.com\\\/fr\\\/\",\"logo\":{\"@type\":\"ImageObject\",\"inLanguage\":\"fr-FR\",\"@id\":\"https:\\\/\\\/www.ivinio.com\\\/fr\\\/#\\\/schema\\\/logo\\\/image\\\/\",\"url\":\"https:\\\/\\\/www.ivinio.com\\\/wp-content\\\/uploads\\\/2021\\\/01\\\/Logo-Ivinio-v2.jpg\",\"contentUrl\":\"https:\\\/\\\/www.ivinio.com\\\/wp-content\\\/uploads\\\/2021\\\/01\\\/Logo-Ivinio-v2.jpg\",\"width\":1194,\"height\":1194,\"caption\":\"IVINIO\"},\"image\":{\"@id\":\"https:\\\/\\\/www.ivinio.com\\\/fr\\\/#\\\/schema\\\/logo\\\/image\\\/\"},\"sameAs\":[\"https:\\\/\\\/www.facebook.com\\\/groups\\\/165217837022391\\\/?ref=bookmarks\",\"https:\\\/\\\/www.instagram.com\\\/_ivinio_\\\/?hl=fr\"]}]}<\/script>\n<!-- \/ Yoast SEO plugin. -->","yoast_head_json":{"title":"Acheter Ch\u00e2teau de l'Herbe Sainte - Prestige - Minervois - IVINIO Caviste","description":"Acheter Ch\u00e2teau de l'Herbe Sainte - Prestige - Minervois. Aromatique aux notes de framboise, de violette et d'\u00e9pices.","robots":{"index":"index","follow":"follow","max-snippet":"max-snippet:-1","max-image-preview":"max-image-preview:large","max-video-preview":"max-video-preview:-1"},"canonical":"https:\/\/www.ivinio.com\/fr\/produit\/chateau-de-lherbe-sainte-prestige-minervois-rouge\/","og_locale":"fr_FR","og_type":"article","og_title":"Acheter Ch\u00e2teau de l'Herbe Sainte - Prestige - Minervois - IVINIO Caviste","og_description":"Acheter Ch\u00e2teau de l'Herbe Sainte - Prestige - Minervois. Aromatique aux notes de framboise, de violette et d'\u00e9pices.","og_url":"https:\/\/www.ivinio.com\/fr\/produit\/chateau-de-lherbe-sainte-prestige-minervois-rouge\/","og_site_name":"IVINIO Caviste","article_publisher":"https:\/\/www.facebook.com\/groups\/165217837022391\/?ref=bookmarks","article_modified_time":"2022-11-30T15:26:48+00:00","og_image":[{"width":500,"height":500,"url":"https:\/\/www.ivinio.com\/wp-content\/uploads\/nc\/public\/modules\/file\/pictures\/6251.ch-teau-de-l-herbe-sainte-prestige-ivinio.jpg","type":"image\/jpeg"}],"twitter_card":"summary_large_image","twitter_misc":{"Dur\u00e9e de lecture estim\u00e9e":"1 minute"},"schema":{"@context":"https:\/\/schema.org","@graph":[{"@type":"WebPage","@id":"https:\/\/www.ivinio.com\/fr\/produit\/chateau-de-lherbe-sainte-prestige-minervois-rouge\/","url":"https:\/\/www.ivinio.com\/fr\/produit\/chateau-de-lherbe-sainte-prestige-minervois-rouge\/","name":"Acheter Ch\u00e2teau de l'Herbe Sainte - Prestige - Minervois - IVINIO Caviste","isPartOf":{"@id":"https:\/\/www.ivinio.com\/fr\/#website"},"primaryImageOfPage":{"@id":"https:\/\/www.ivinio.com\/fr\/produit\/chateau-de-lherbe-sainte-prestige-minervois-rouge\/#primaryimage"},"image":{"@id":"https:\/\/www.ivinio.com\/fr\/produit\/chateau-de-lherbe-sainte-prestige-minervois-rouge\/#primaryimage"},"thumbnailUrl":"https:\/\/www.ivinio.com\/wp-content\/uploads\/nc\/public\/modules\/file\/pictures\/6251.ch-teau-de-l-herbe-sainte-prestige-ivinio.jpg","datePublished":"2016-06-29T12:52:27+00:00","dateModified":"2022-11-30T15:26:48+00:00","description":"Acheter Ch\u00e2teau de l'Herbe Sainte - Prestige - Minervois. Aromatique aux notes de framboise, de violette et d'\u00e9pices.","breadcrumb":{"@id":"https:\/\/www.ivinio.com\/fr\/produit\/chateau-de-lherbe-sainte-prestige-minervois-rouge\/#breadcrumb"},"inLanguage":"fr-FR","potentialAction":[{"@type":"ReadAction","target":["https:\/\/www.ivinio.com\/fr\/produit\/chateau-de-lherbe-sainte-prestige-minervois-rouge\/"]}]},{"@type":"ImageObject","inLanguage":"fr-FR","@id":"https:\/\/www.ivinio.com\/fr\/produit\/chateau-de-lherbe-sainte-prestige-minervois-rouge\/#primaryimage","url":"https:\/\/www.ivinio.com\/wp-content\/uploads\/nc\/public\/modules\/file\/pictures\/6251.ch-teau-de-l-herbe-sainte-prestige-ivinio.jpg","contentUrl":"https:\/\/www.ivinio.com\/wp-content\/uploads\/nc\/public\/modules\/file\/pictures\/6251.ch-teau-de-l-herbe-sainte-prestige-ivinio.jpg","width":500,"height":500,"caption":"Ch\u00e2teau de l'Herbe Sainte - Prestige - Minervois"},{"@type":"BreadcrumbList","@id":"https:\/\/www.ivinio.com\/fr\/produit\/chateau-de-lherbe-sainte-prestige-minervois-rouge\/#breadcrumb","itemListElement":[{"@type":"ListItem","position":1,"name":"Home","item":"https:\/\/www.ivinio.com\/fr\/"},{"@type":"ListItem","position":2,"name":"Boutique de vin","item":"https:\/\/www.ivinio.com\/fr\/boutique-de-vin\/"},{"@type":"ListItem","position":3,"name":"Ch\u00e2teau de l&#8217;Herbe Sainte &#8211; Prestige &#8211; Minervois &#8211; Rouge"}]},{"@type":"WebSite","@id":"https:\/\/www.ivinio.com\/fr\/#website","url":"https:\/\/www.ivinio.com\/fr\/","name":"IVINIO Caviste","description":"Vins de France et d&#039;Italie avec livraison \u00e0 domicile","publisher":{"@id":"https:\/\/www.ivinio.com\/fr\/#organization"},"potentialAction":[{"@type":"SearchAction","target":{"@type":"EntryPoint","urlTemplate":"https:\/\/www.ivinio.com\/fr\/?s={search_term_string}"},"query-input":{"@type":"PropertyValueSpecification","valueRequired":true,"valueName":"search_term_string"}}],"inLanguage":"fr-FR"},{"@type":"Organization","@id":"https:\/\/www.ivinio.com\/fr\/#organization","name":"IVINIO","url":"https:\/\/www.ivinio.com\/fr\/","logo":{"@type":"ImageObject","inLanguage":"fr-FR","@id":"https:\/\/www.ivinio.com\/fr\/#\/schema\/logo\/image\/","url":"https:\/\/www.ivinio.com\/wp-content\/uploads\/2021\/01\/Logo-Ivinio-v2.jpg","contentUrl":"https:\/\/www.ivinio.com\/wp-content\/uploads\/2021\/01\/Logo-Ivinio-v2.jpg","width":1194,"height":1194,"caption":"IVINIO"},"image":{"@id":"https:\/\/www.ivinio.com\/fr\/#\/schema\/logo\/image\/"},"sameAs":["https:\/\/www.facebook.com\/groups\/165217837022391\/?ref=bookmarks","https:\/\/www.instagram.com\/_ivinio_\/?hl=fr"]}]}},"jetpack_sharing_enabled":true,"_links":{"self":[{"href":"https:\/\/www.ivinio.com\/fr\/wp-json\/wp\/v2\/product\/120344","targetHints":{"allow":["GET"]}}],"collection":[{"href":"https:\/\/www.ivinio.com\/fr\/wp-json\/wp\/v2\/product"}],"about":[{"href":"https:\/\/www.ivinio.com\/fr\/wp-json\/wp\/v2\/types\/product"}],"replies":[{"embeddable":true,"href":"https:\/\/www.ivinio.com\/fr\/wp-json\/wp\/v2\/comments?post=120344"}],"wp:featuredmedia":[{"embeddable":true,"href":"https:\/\/www.ivinio.com\/fr\/wp-json\/wp\/v2\/media\/120347"}],"wp:attachment":[{"href":"https:\/\/www.ivinio.com\/fr\/wp-json\/wp\/v2\/media?parent=120344"}],"wp:term":[{"taxonomy":"product_brand","embeddable":true,"href":"https:\/\/www.ivinio.com\/fr\/wp-json\/wp\/v2\/product_brand?post=120344"},{"taxonomy":"product_cat","embeddable":true,"href":"https:\/\/www.ivinio.com\/fr\/wp-json\/wp\/v2\/product_cat?post=120344"},{"taxonomy":"product_tag","embeddable":true,"href":"https:\/\/www.ivinio.com\/fr\/wp-json\/wp\/v2\/product_tag?post=120344"}],"curies":[{"name":"wp","href":"https:\/\/api.w.org\/{rel}","templated":true}]}}