{"id":120262,"date":"2016-03-31T19:37:45","date_gmt":"2016-03-31T19:37:45","guid":{"rendered":"https:\/\/henrik.www.ivinio.com\/?product=chateau-du-beaupre-d-rose"},"modified":"2022-04-07T18:59:58","modified_gmt":"2022-04-07T16:59:58","slug":"chateau-du-beaupre-d2-rose","status":"publish","type":"product","link":"https:\/\/www.ivinio.com\/fr\/produit\/chateau-du-beaupre-d2-rose\/","title":{"rendered":"Ch\u00e2teau du Beaupr\u00e9 &#8211; d\u00b2 &#8211; Ros\u00e9"},"content":{"rendered":"<p>d\u00b2 de Ch\u00e2teau de Beaupr\u00e9 est un vin ros\u00e9 de l&#8217;appellation C\u00f4teaux d&#8217;Aix-en-Provence, fabriqu\u00e9 \u00e0 partir de Grenache, Carignan et Cabernet Sauvignon. La cave est enti\u00e8rement g\u00e9r\u00e9e sans produitschimiques ni pesticides. Les raisins sont r\u00e9colt\u00e9s \u00e0 parfaite maturit\u00e9 et ferment\u00e9s en thermo temp\u00e9rature r\u00e9gul\u00e9e. Le vin final est produit en m\u00e9langeant diff\u00e9rentes cuv\u00e9es de saign\u00e9e et selon la m\u00e9thode de vin press\u00e9.<\/p>\n","protected":false},"excerpt":{"rendered":"<p>d\u00b2 de Ch\u00e2teau de Beaupr\u00e9 est un vin ros\u00e9 de couleur rose saumon vif, compos\u00e9 de Grenache, Carignan et Cabernet Sauvignon. Un fruit\u00e9 frais avec un caract\u00e8re rond et des notes aromatiques de Tutti Frutti. Excellent en ap\u00e9ritif, plats exotiques ou la cuisine m\u00e9diterran\u00e9enne !<\/p>\n","protected":false},"featured_media":120265,"comment_status":"open","ping_status":"closed","template":"","meta":{"_monsterinsights_skip_tracking":false,"_monsterinsights_sitenote_active":false,"_monsterinsights_sitenote_note":"","_monsterinsights_sitenote_category":0,"_uf_show_specific_survey":0,"_uf_disable_surveys":false},"product_brand":[],"product_cat":[36624,36588],"product_tag":[],"class_list":{"0":"post-120262","1":"product","2":"type-product","3":"status-publish","4":"has-post-thumbnail","6":"product_cat-sv-provence","7":"product_cat-franska-viner","8":"pa_alcohol-degree-13-sv","9":"pa_classification-aop-cotes-de-provence-sv","10":"pa_color-rose-sv","11":"pa_country-frankrike-sv","12":"pa_grape-variety-cabernet-sauvignon","13":"pa_grape-variety-carignan-sv","14":"pa_grape-variety-grenache-sv","15":"pa_region-provence-sv","16":"pa_storage-potential-2-ar-sv","17":"pa_vintage-41019","18":"pa_volume-75-cl-sv","20":"first","21":"outofstock","22":"taxable","23":"shipping-taxable","24":"purchasable","25":"product-type-simple"},"bundled_by":["120282"],"bundle_stock_status":"outofstock","bundle_stock_quantity":null,"bundle_virtual":false,"bundle_layout":"","bundle_add_to_cart_form_location":"","bundle_editable_in_cart":false,"bundle_sold_individually_context":"","bundle_item_grouping":"","bundle_min_size":"","bundle_max_size":"","bundle_price":[],"bundled_items":[],"bundle_sell_ids":[],"yoast_head":"<!-- This site is optimized with the Yoast SEO plugin v27.5 - https:\/\/yoast.com\/product\/yoast-seo-wordpress\/ -->\n<title>Acheter Ch\u00e2teau du Beaupr\u00e9 - d\u00b2 - vin ros\u00e9 - IVINIO Caviste<\/title>\n<meta name=\"description\" content=\"Acheter Ch\u00e2teau du Beaupr\u00e9 - d\u00b2 - vin ros\u00e9. Rose saumon vif. Fruit\u00e9 avec un caract\u00e8re rond et des notes de Tutti Frutti. Excellent en ap\u00e9ritif.\" \/>\n<meta name=\"robots\" content=\"index, follow, max-snippet:-1, max-image-preview:large, max-video-preview:-1\" \/>\n<link rel=\"canonical\" href=\"https:\/\/www.ivinio.com\/fr\/produit\/chateau-du-beaupre-d2-rose\/\" \/>\n<meta property=\"og:locale\" content=\"fr_FR\" \/>\n<meta property=\"og:type\" content=\"article\" \/>\n<meta property=\"og:title\" content=\"Acheter Ch\u00e2teau du Beaupr\u00e9 - d\u00b2 - vin ros\u00e9 - IVINIO Caviste\" \/>\n<meta property=\"og:description\" content=\"Acheter Ch\u00e2teau du Beaupr\u00e9 - d\u00b2 - vin ros\u00e9. Rose saumon vif. Fruit\u00e9 avec un caract\u00e8re rond et des notes de Tutti Frutti. Excellent en ap\u00e9ritif.\" \/>\n<meta property=\"og:url\" content=\"https:\/\/www.ivinio.com\/fr\/produit\/chateau-du-beaupre-d2-rose\/\" \/>\n<meta property=\"og:site_name\" content=\"IVINIO Caviste\" \/>\n<meta property=\"article:publisher\" content=\"https:\/\/www.facebook.com\/groups\/165217837022391\/?ref=bookmarks\" \/>\n<meta property=\"article:modified_time\" content=\"2022-04-07T16:59:58+00:00\" \/>\n<meta property=\"og:image\" content=\"https:\/\/www.ivinio.com\/wp-content\/uploads\/nc\/public\/modules\/file\/pictures\/6221.d-ch-teau-beaupr-ros-ivinio.jpg\" \/>\n\t<meta property=\"og:image:width\" content=\"500\" \/>\n\t<meta property=\"og:image:height\" content=\"500\" \/>\n\t<meta property=\"og:image:type\" content=\"image\/jpeg\" \/>\n<meta name=\"twitter:card\" content=\"summary_large_image\" \/>\n<script type=\"application\/ld+json\" class=\"yoast-schema-graph\">{\"@context\":\"https:\\\/\\\/schema.org\",\"@graph\":[{\"@type\":\"WebPage\",\"@id\":\"https:\\\/\\\/www.ivinio.com\\\/fr\\\/produit\\\/chateau-du-beaupre-d2-rose\\\/\",\"url\":\"https:\\\/\\\/www.ivinio.com\\\/fr\\\/produit\\\/chateau-du-beaupre-d2-rose\\\/\",\"name\":\"Acheter Ch\u00e2teau du Beaupr\u00e9 - d\u00b2 - vin ros\u00e9 - IVINIO Caviste\",\"isPartOf\":{\"@id\":\"https:\\\/\\\/www.ivinio.com\\\/fr\\\/#website\"},\"primaryImageOfPage\":{\"@id\":\"https:\\\/\\\/www.ivinio.com\\\/fr\\\/produit\\\/chateau-du-beaupre-d2-rose\\\/#primaryimage\"},\"image\":{\"@id\":\"https:\\\/\\\/www.ivinio.com\\\/fr\\\/produit\\\/chateau-du-beaupre-d2-rose\\\/#primaryimage\"},\"thumbnailUrl\":\"https:\\\/\\\/www.ivinio.com\\\/wp-content\\\/uploads\\\/nc\\\/public\\\/modules\\\/file\\\/pictures\\\/6221.d-ch-teau-beaupr-ros-ivinio.jpg\",\"datePublished\":\"2016-03-31T19:37:45+00:00\",\"dateModified\":\"2022-04-07T16:59:58+00:00\",\"description\":\"Acheter Ch\u00e2teau du Beaupr\u00e9 - d\u00b2 - vin ros\u00e9. Rose saumon vif. Fruit\u00e9 avec un caract\u00e8re rond et des notes de Tutti Frutti. Excellent en ap\u00e9ritif.\",\"breadcrumb\":{\"@id\":\"https:\\\/\\\/www.ivinio.com\\\/fr\\\/produit\\\/chateau-du-beaupre-d2-rose\\\/#breadcrumb\"},\"inLanguage\":\"fr-FR\",\"potentialAction\":[{\"@type\":\"ReadAction\",\"target\":[\"https:\\\/\\\/www.ivinio.com\\\/fr\\\/produit\\\/chateau-du-beaupre-d2-rose\\\/\"]}]},{\"@type\":\"ImageObject\",\"inLanguage\":\"fr-FR\",\"@id\":\"https:\\\/\\\/www.ivinio.com\\\/fr\\\/produit\\\/chateau-du-beaupre-d2-rose\\\/#primaryimage\",\"url\":\"https:\\\/\\\/www.ivinio.com\\\/wp-content\\\/uploads\\\/nc\\\/public\\\/modules\\\/file\\\/pictures\\\/6221.d-ch-teau-beaupr-ros-ivinio.jpg\",\"contentUrl\":\"https:\\\/\\\/www.ivinio.com\\\/wp-content\\\/uploads\\\/nc\\\/public\\\/modules\\\/file\\\/pictures\\\/6221.d-ch-teau-beaupr-ros-ivinio.jpg\",\"width\":500,\"height\":500,\"caption\":\"Ch\u00e2teau du Beaupr\u00e9 - d\u00b2 - ros\u00e9\"},{\"@type\":\"BreadcrumbList\",\"@id\":\"https:\\\/\\\/www.ivinio.com\\\/fr\\\/produit\\\/chateau-du-beaupre-d2-rose\\\/#breadcrumb\",\"itemListElement\":[{\"@type\":\"ListItem\",\"position\":1,\"name\":\"Home\",\"item\":\"https:\\\/\\\/www.ivinio.com\\\/fr\\\/\"},{\"@type\":\"ListItem\",\"position\":2,\"name\":\"Boutique de vin\",\"item\":\"https:\\\/\\\/www.ivinio.com\\\/fr\\\/boutique-de-vin\\\/\"},{\"@type\":\"ListItem\",\"position\":3,\"name\":\"Ch\u00e2teau du Beaupr\u00e9 &#8211; d\u00b2 &#8211; Ros\u00e9\"}]},{\"@type\":\"WebSite\",\"@id\":\"https:\\\/\\\/www.ivinio.com\\\/fr\\\/#website\",\"url\":\"https:\\\/\\\/www.ivinio.com\\\/fr\\\/\",\"name\":\"IVINIO Caviste\",\"description\":\"Vins de France et d&#039;Italie avec livraison \u00e0 domicile\",\"publisher\":{\"@id\":\"https:\\\/\\\/www.ivinio.com\\\/fr\\\/#organization\"},\"potentialAction\":[{\"@type\":\"SearchAction\",\"target\":{\"@type\":\"EntryPoint\",\"urlTemplate\":\"https:\\\/\\\/www.ivinio.com\\\/fr\\\/?s={search_term_string}\"},\"query-input\":{\"@type\":\"PropertyValueSpecification\",\"valueRequired\":true,\"valueName\":\"search_term_string\"}}],\"inLanguage\":\"fr-FR\"},{\"@type\":\"Organization\",\"@id\":\"https:\\\/\\\/www.ivinio.com\\\/fr\\\/#organization\",\"name\":\"IVINIO\",\"url\":\"https:\\\/\\\/www.ivinio.com\\\/fr\\\/\",\"logo\":{\"@type\":\"ImageObject\",\"inLanguage\":\"fr-FR\",\"@id\":\"https:\\\/\\\/www.ivinio.com\\\/fr\\\/#\\\/schema\\\/logo\\\/image\\\/\",\"url\":\"https:\\\/\\\/www.ivinio.com\\\/wp-content\\\/uploads\\\/2021\\\/01\\\/Logo-Ivinio-v2.jpg\",\"contentUrl\":\"https:\\\/\\\/www.ivinio.com\\\/wp-content\\\/uploads\\\/2021\\\/01\\\/Logo-Ivinio-v2.jpg\",\"width\":1194,\"height\":1194,\"caption\":\"IVINIO\"},\"image\":{\"@id\":\"https:\\\/\\\/www.ivinio.com\\\/fr\\\/#\\\/schema\\\/logo\\\/image\\\/\"},\"sameAs\":[\"https:\\\/\\\/www.facebook.com\\\/groups\\\/165217837022391\\\/?ref=bookmarks\",\"https:\\\/\\\/www.instagram.com\\\/_ivinio_\\\/?hl=fr\"]}]}<\/script>\n<!-- \/ Yoast SEO plugin. -->","yoast_head_json":{"title":"Acheter Ch\u00e2teau du Beaupr\u00e9 - d\u00b2 - vin ros\u00e9 - IVINIO Caviste","description":"Acheter Ch\u00e2teau du Beaupr\u00e9 - d\u00b2 - vin ros\u00e9. Rose saumon vif. Fruit\u00e9 avec un caract\u00e8re rond et des notes de Tutti Frutti. Excellent en ap\u00e9ritif.","robots":{"index":"index","follow":"follow","max-snippet":"max-snippet:-1","max-image-preview":"max-image-preview:large","max-video-preview":"max-video-preview:-1"},"canonical":"https:\/\/www.ivinio.com\/fr\/produit\/chateau-du-beaupre-d2-rose\/","og_locale":"fr_FR","og_type":"article","og_title":"Acheter Ch\u00e2teau du Beaupr\u00e9 - d\u00b2 - vin ros\u00e9 - IVINIO Caviste","og_description":"Acheter Ch\u00e2teau du Beaupr\u00e9 - d\u00b2 - vin ros\u00e9. Rose saumon vif. Fruit\u00e9 avec un caract\u00e8re rond et des notes de Tutti Frutti. Excellent en ap\u00e9ritif.","og_url":"https:\/\/www.ivinio.com\/fr\/produit\/chateau-du-beaupre-d2-rose\/","og_site_name":"IVINIO Caviste","article_publisher":"https:\/\/www.facebook.com\/groups\/165217837022391\/?ref=bookmarks","article_modified_time":"2022-04-07T16:59:58+00:00","og_image":[{"width":500,"height":500,"url":"https:\/\/www.ivinio.com\/wp-content\/uploads\/nc\/public\/modules\/file\/pictures\/6221.d-ch-teau-beaupr-ros-ivinio.jpg","type":"image\/jpeg"}],"twitter_card":"summary_large_image","schema":{"@context":"https:\/\/schema.org","@graph":[{"@type":"WebPage","@id":"https:\/\/www.ivinio.com\/fr\/produit\/chateau-du-beaupre-d2-rose\/","url":"https:\/\/www.ivinio.com\/fr\/produit\/chateau-du-beaupre-d2-rose\/","name":"Acheter Ch\u00e2teau du Beaupr\u00e9 - d\u00b2 - vin ros\u00e9 - IVINIO Caviste","isPartOf":{"@id":"https:\/\/www.ivinio.com\/fr\/#website"},"primaryImageOfPage":{"@id":"https:\/\/www.ivinio.com\/fr\/produit\/chateau-du-beaupre-d2-rose\/#primaryimage"},"image":{"@id":"https:\/\/www.ivinio.com\/fr\/produit\/chateau-du-beaupre-d2-rose\/#primaryimage"},"thumbnailUrl":"https:\/\/www.ivinio.com\/wp-content\/uploads\/nc\/public\/modules\/file\/pictures\/6221.d-ch-teau-beaupr-ros-ivinio.jpg","datePublished":"2016-03-31T19:37:45+00:00","dateModified":"2022-04-07T16:59:58+00:00","description":"Acheter Ch\u00e2teau du Beaupr\u00e9 - d\u00b2 - vin ros\u00e9. Rose saumon vif. Fruit\u00e9 avec un caract\u00e8re rond et des notes de Tutti Frutti. Excellent en ap\u00e9ritif.","breadcrumb":{"@id":"https:\/\/www.ivinio.com\/fr\/produit\/chateau-du-beaupre-d2-rose\/#breadcrumb"},"inLanguage":"fr-FR","potentialAction":[{"@type":"ReadAction","target":["https:\/\/www.ivinio.com\/fr\/produit\/chateau-du-beaupre-d2-rose\/"]}]},{"@type":"ImageObject","inLanguage":"fr-FR","@id":"https:\/\/www.ivinio.com\/fr\/produit\/chateau-du-beaupre-d2-rose\/#primaryimage","url":"https:\/\/www.ivinio.com\/wp-content\/uploads\/nc\/public\/modules\/file\/pictures\/6221.d-ch-teau-beaupr-ros-ivinio.jpg","contentUrl":"https:\/\/www.ivinio.com\/wp-content\/uploads\/nc\/public\/modules\/file\/pictures\/6221.d-ch-teau-beaupr-ros-ivinio.jpg","width":500,"height":500,"caption":"Ch\u00e2teau du Beaupr\u00e9 - d\u00b2 - ros\u00e9"},{"@type":"BreadcrumbList","@id":"https:\/\/www.ivinio.com\/fr\/produit\/chateau-du-beaupre-d2-rose\/#breadcrumb","itemListElement":[{"@type":"ListItem","position":1,"name":"Home","item":"https:\/\/www.ivinio.com\/fr\/"},{"@type":"ListItem","position":2,"name":"Boutique de vin","item":"https:\/\/www.ivinio.com\/fr\/boutique-de-vin\/"},{"@type":"ListItem","position":3,"name":"Ch\u00e2teau du Beaupr\u00e9 &#8211; d\u00b2 &#8211; Ros\u00e9"}]},{"@type":"WebSite","@id":"https:\/\/www.ivinio.com\/fr\/#website","url":"https:\/\/www.ivinio.com\/fr\/","name":"IVINIO Caviste","description":"Vins de France et d&#039;Italie avec livraison \u00e0 domicile","publisher":{"@id":"https:\/\/www.ivinio.com\/fr\/#organization"},"potentialAction":[{"@type":"SearchAction","target":{"@type":"EntryPoint","urlTemplate":"https:\/\/www.ivinio.com\/fr\/?s={search_term_string}"},"query-input":{"@type":"PropertyValueSpecification","valueRequired":true,"valueName":"search_term_string"}}],"inLanguage":"fr-FR"},{"@type":"Organization","@id":"https:\/\/www.ivinio.com\/fr\/#organization","name":"IVINIO","url":"https:\/\/www.ivinio.com\/fr\/","logo":{"@type":"ImageObject","inLanguage":"fr-FR","@id":"https:\/\/www.ivinio.com\/fr\/#\/schema\/logo\/image\/","url":"https:\/\/www.ivinio.com\/wp-content\/uploads\/2021\/01\/Logo-Ivinio-v2.jpg","contentUrl":"https:\/\/www.ivinio.com\/wp-content\/uploads\/2021\/01\/Logo-Ivinio-v2.jpg","width":1194,"height":1194,"caption":"IVINIO"},"image":{"@id":"https:\/\/www.ivinio.com\/fr\/#\/schema\/logo\/image\/"},"sameAs":["https:\/\/www.facebook.com\/groups\/165217837022391\/?ref=bookmarks","https:\/\/www.instagram.com\/_ivinio_\/?hl=fr"]}]}},"jetpack_sharing_enabled":true,"_links":{"self":[{"href":"https:\/\/www.ivinio.com\/fr\/wp-json\/wp\/v2\/product\/120262","targetHints":{"allow":["GET"]}}],"collection":[{"href":"https:\/\/www.ivinio.com\/fr\/wp-json\/wp\/v2\/product"}],"about":[{"href":"https:\/\/www.ivinio.com\/fr\/wp-json\/wp\/v2\/types\/product"}],"replies":[{"embeddable":true,"href":"https:\/\/www.ivinio.com\/fr\/wp-json\/wp\/v2\/comments?post=120262"}],"wp:featuredmedia":[{"embeddable":true,"href":"https:\/\/www.ivinio.com\/fr\/wp-json\/wp\/v2\/media\/120265"}],"wp:attachment":[{"href":"https:\/\/www.ivinio.com\/fr\/wp-json\/wp\/v2\/media?parent=120262"}],"wp:term":[{"taxonomy":"product_brand","embeddable":true,"href":"https:\/\/www.ivinio.com\/fr\/wp-json\/wp\/v2\/product_brand?post=120262"},{"taxonomy":"product_cat","embeddable":true,"href":"https:\/\/www.ivinio.com\/fr\/wp-json\/wp\/v2\/product_cat?post=120262"},{"taxonomy":"product_tag","embeddable":true,"href":"https:\/\/www.ivinio.com\/fr\/wp-json\/wp\/v2\/product_tag?post=120262"}],"curies":[{"name":"wp","href":"https:\/\/api.w.org\/{rel}","templated":true}]}}