{"id":120258,"date":"2016-03-25T12:06:50","date_gmt":"2016-03-25T12:06:50","guid":{"rendered":"https:\/\/henrik.www.ivinio.com\/?product=domaines-bunan-bandol-moulin-des-costes-rose"},"modified":"2026-04-14T17:47:01","modified_gmt":"2026-04-14T15:47:01","slug":"domaines-bunan-bandol-moulin-des-costes-rose","status":"publish","type":"product","link":"https:\/\/www.ivinio.com\/fr\/produit\/domaines-bunan-bandol-moulin-des-costes-rose\/","title":{"rendered":"Domaines Bunan &#8211; Bandol &#8211; Moulin des Costes &#8211; Ros\u00e9"},"content":{"rendered":"<p>Le Moulin des Costes ros\u00e9 de Bandol est compos\u00e9 \u00e0 35% de Mourv\u00e8dre, 45% de Cinsault et\u00a025% de\u00a0Grenache. Les raisins sont r\u00e9colt\u00e9s de Septembre \u00e0 mi-Octobre\u00a0et\u00a0sont ensuite press\u00e9s imm\u00e9diatement. Le jus de raisin fermente\u00a0pendant 11 \u00e0\u00a017 jours dans des cuves en acier. Le vin est mis en bouteille en Mars. Il est stock\u00e9 pendant un certain temps en bouteille avant la commercialisation.<\/p>\n","protected":false},"excerpt":{"rendered":"<p>Moulin des Costes est un ros\u00e9 exceptionnel biologiquement cultiv\u00e9 sur les terres de\u00a0Bandol. Un beau fruit\u00e9 au caract\u00e8re gras et affirm\u00e9. Un ros\u00e9 premium avec des notes \u00e9l\u00e9gantes de fruits, d&#8217;agrumes \u00e0 servir sur les produits r\u00e9gionaux de m\u00e9diterran\u00e9e.<\/p>\n","protected":false},"featured_media":130687,"comment_status":"open","ping_status":"closed","template":"","meta":{"_monsterinsights_skip_tracking":false,"_monsterinsights_sitenote_active":false,"_monsterinsights_sitenote_note":"","_monsterinsights_sitenote_category":0,"_uf_show_specific_survey":0,"_uf_disable_surveys":false},"product_brand":[],"product_cat":[36622,36586],"product_tag":[],"class_list":{"0":"post-120258","1":"product","2":"type-product","3":"status-publish","4":"has-post-thumbnail","6":"product_cat-fr-provence","7":"product_cat-vins-francais","8":"pa_alcohol-degree-13-5","9":"pa_classification-aop-bandol-fr","10":"pa_color-rose-fr","11":"pa_country-france-fr","12":"pa_grape-variety-cinsault-fr","13":"pa_grape-variety-grenache-fr","14":"pa_grape-variety-mourvedre-fr","15":"pa_region-provence-fr","16":"pa_storage-potential-6-ans-fr","17":"pa_vintage-2024-fr","18":"pa_volume-75-cl-fr","20":"first","21":"instock","22":"taxable","23":"shipping-taxable","24":"purchasable","25":"product-type-simple"},"bundled_by":["120292"],"bundle_stock_status":"instock","bundle_stock_quantity":null,"bundle_virtual":false,"bundle_layout":"","bundle_add_to_cart_form_location":"","bundle_editable_in_cart":false,"bundle_sold_individually_context":"","bundle_item_grouping":"","bundle_min_size":"","bundle_max_size":"","bundle_price":[],"bundled_items":[],"bundle_sell_ids":[],"yoast_head":"<!-- This site is optimized with the Yoast SEO plugin v27.4 - https:\/\/yoast.com\/product\/yoast-seo-wordpress\/ -->\n<title>Acheter Domaines Bunan - Bandol - Moulin des Costes - Ros\u00e9 - IVINIO Caviste<\/title>\n<meta name=\"description\" content=\"Acheter Domaines Bunan - Bandol - Moulin des Costes - Ros\u00e9 bio de Bandol. Fruit\u00e9, rond et de caract\u00e8re gras, notes d&#039;agrumes.\" \/>\n<meta name=\"robots\" content=\"index, follow, max-snippet:-1, max-image-preview:large, max-video-preview:-1\" \/>\n<link rel=\"canonical\" href=\"https:\/\/www.ivinio.com\/fr\/produit\/domaines-bunan-bandol-moulin-des-costes-rose\/\" \/>\n<meta property=\"og:locale\" content=\"fr_FR\" \/>\n<meta property=\"og:type\" content=\"article\" \/>\n<meta property=\"og:title\" content=\"Acheter Domaines Bunan - Bandol - Moulin des Costes - Ros\u00e9 - IVINIO Caviste\" \/>\n<meta property=\"og:description\" content=\"Acheter Domaines Bunan - Bandol - Moulin des Costes - Ros\u00e9 bio de Bandol. Fruit\u00e9, rond et de caract\u00e8re gras, notes d&#039;agrumes.\" \/>\n<meta property=\"og:url\" content=\"https:\/\/www.ivinio.com\/fr\/produit\/domaines-bunan-bandol-moulin-des-costes-rose\/\" \/>\n<meta property=\"og:site_name\" content=\"IVINIO Caviste\" \/>\n<meta property=\"article:publisher\" content=\"https:\/\/www.facebook.com\/groups\/165217837022391\/?ref=bookmarks\" \/>\n<meta property=\"article:modified_time\" content=\"2026-04-14T15:47:01+00:00\" \/>\n<meta property=\"og:image\" content=\"https:\/\/www.ivinio.com\/wp-content\/uploads\/nc\/public\/modules\/file\/pictures\/6218.Bunan-Moulin-des-Costes-bandol-ros-ivinio.jpg\" \/>\n\t<meta property=\"og:image:width\" content=\"500\" \/>\n\t<meta property=\"og:image:height\" content=\"500\" \/>\n\t<meta property=\"og:image:type\" content=\"image\/jpeg\" \/>\n<meta name=\"twitter:card\" content=\"summary_large_image\" \/>\n<meta name=\"twitter:label1\" content=\"Dur\u00e9e de lecture estim\u00e9e\" \/>\n\t<meta name=\"twitter:data1\" content=\"1 minute\" \/>\n<script type=\"application\/ld+json\" class=\"yoast-schema-graph\">{\"@context\":\"https:\\\/\\\/schema.org\",\"@graph\":[{\"@type\":\"WebPage\",\"@id\":\"https:\\\/\\\/www.ivinio.com\\\/fr\\\/produit\\\/domaines-bunan-bandol-moulin-des-costes-rose\\\/\",\"url\":\"https:\\\/\\\/www.ivinio.com\\\/fr\\\/produit\\\/domaines-bunan-bandol-moulin-des-costes-rose\\\/\",\"name\":\"Acheter Domaines Bunan - Bandol - Moulin des Costes - Ros\u00e9 - IVINIO Caviste\",\"isPartOf\":{\"@id\":\"https:\\\/\\\/www.ivinio.com\\\/fr\\\/#website\"},\"primaryImageOfPage\":{\"@id\":\"https:\\\/\\\/www.ivinio.com\\\/fr\\\/produit\\\/domaines-bunan-bandol-moulin-des-costes-rose\\\/#primaryimage\"},\"image\":{\"@id\":\"https:\\\/\\\/www.ivinio.com\\\/fr\\\/produit\\\/domaines-bunan-bandol-moulin-des-costes-rose\\\/#primaryimage\"},\"thumbnailUrl\":\"https:\\\/\\\/www.ivinio.com\\\/wp-content\\\/uploads\\\/nc\\\/public\\\/modules\\\/file\\\/pictures\\\/6218.Bunan-Moulin-des-Costes-bandol-ros-ivinio.jpg\",\"datePublished\":\"2016-03-25T12:06:50+00:00\",\"dateModified\":\"2026-04-14T15:47:01+00:00\",\"description\":\"Acheter Domaines Bunan - Bandol - Moulin des Costes - Ros\u00e9 bio de Bandol. Fruit\u00e9, rond et de caract\u00e8re gras, notes d'agrumes.\",\"breadcrumb\":{\"@id\":\"https:\\\/\\\/www.ivinio.com\\\/fr\\\/produit\\\/domaines-bunan-bandol-moulin-des-costes-rose\\\/#breadcrumb\"},\"inLanguage\":\"fr-FR\",\"potentialAction\":[{\"@type\":\"ReadAction\",\"target\":[\"https:\\\/\\\/www.ivinio.com\\\/fr\\\/produit\\\/domaines-bunan-bandol-moulin-des-costes-rose\\\/\"]}]},{\"@type\":\"ImageObject\",\"inLanguage\":\"fr-FR\",\"@id\":\"https:\\\/\\\/www.ivinio.com\\\/fr\\\/produit\\\/domaines-bunan-bandol-moulin-des-costes-rose\\\/#primaryimage\",\"url\":\"https:\\\/\\\/www.ivinio.com\\\/wp-content\\\/uploads\\\/nc\\\/public\\\/modules\\\/file\\\/pictures\\\/6218.Bunan-Moulin-des-Costes-bandol-ros-ivinio.jpg\",\"contentUrl\":\"https:\\\/\\\/www.ivinio.com\\\/wp-content\\\/uploads\\\/nc\\\/public\\\/modules\\\/file\\\/pictures\\\/6218.Bunan-Moulin-des-Costes-bandol-ros-ivinio.jpg\",\"width\":500,\"height\":500,\"caption\":\"Domaines Bunan - Bandol - Moulin des Costes - Ros\u00e9\"},{\"@type\":\"BreadcrumbList\",\"@id\":\"https:\\\/\\\/www.ivinio.com\\\/fr\\\/produit\\\/domaines-bunan-bandol-moulin-des-costes-rose\\\/#breadcrumb\",\"itemListElement\":[{\"@type\":\"ListItem\",\"position\":1,\"name\":\"Home\",\"item\":\"https:\\\/\\\/www.ivinio.com\\\/fr\\\/\"},{\"@type\":\"ListItem\",\"position\":2,\"name\":\"Boutique de vin\",\"item\":\"https:\\\/\\\/www.ivinio.com\\\/fr\\\/boutique-de-vin\\\/\"},{\"@type\":\"ListItem\",\"position\":3,\"name\":\"Domaines Bunan &#8211; Bandol &#8211; Moulin des Costes &#8211; Ros\u00e9\"}]},{\"@type\":\"WebSite\",\"@id\":\"https:\\\/\\\/www.ivinio.com\\\/fr\\\/#website\",\"url\":\"https:\\\/\\\/www.ivinio.com\\\/fr\\\/\",\"name\":\"IVINIO Caviste\",\"description\":\"Vins de France et d&#039;Italie avec livraison \u00e0 domicile\",\"publisher\":{\"@id\":\"https:\\\/\\\/www.ivinio.com\\\/fr\\\/#organization\"},\"potentialAction\":[{\"@type\":\"SearchAction\",\"target\":{\"@type\":\"EntryPoint\",\"urlTemplate\":\"https:\\\/\\\/www.ivinio.com\\\/fr\\\/?s={search_term_string}\"},\"query-input\":{\"@type\":\"PropertyValueSpecification\",\"valueRequired\":true,\"valueName\":\"search_term_string\"}}],\"inLanguage\":\"fr-FR\"},{\"@type\":\"Organization\",\"@id\":\"https:\\\/\\\/www.ivinio.com\\\/fr\\\/#organization\",\"name\":\"IVINIO\",\"url\":\"https:\\\/\\\/www.ivinio.com\\\/fr\\\/\",\"logo\":{\"@type\":\"ImageObject\",\"inLanguage\":\"fr-FR\",\"@id\":\"https:\\\/\\\/www.ivinio.com\\\/fr\\\/#\\\/schema\\\/logo\\\/image\\\/\",\"url\":\"https:\\\/\\\/www.ivinio.com\\\/wp-content\\\/uploads\\\/2021\\\/01\\\/Logo-Ivinio-v2.jpg\",\"contentUrl\":\"https:\\\/\\\/www.ivinio.com\\\/wp-content\\\/uploads\\\/2021\\\/01\\\/Logo-Ivinio-v2.jpg\",\"width\":1194,\"height\":1194,\"caption\":\"IVINIO\"},\"image\":{\"@id\":\"https:\\\/\\\/www.ivinio.com\\\/fr\\\/#\\\/schema\\\/logo\\\/image\\\/\"},\"sameAs\":[\"https:\\\/\\\/www.facebook.com\\\/groups\\\/165217837022391\\\/?ref=bookmarks\",\"https:\\\/\\\/www.instagram.com\\\/_ivinio_\\\/?hl=fr\"]}]}<\/script>\n<!-- \/ Yoast SEO plugin. -->","yoast_head_json":{"title":"Acheter Domaines Bunan - Bandol - Moulin des Costes - Ros\u00e9 - IVINIO Caviste","description":"Acheter Domaines Bunan - Bandol - Moulin des Costes - Ros\u00e9 bio de Bandol. Fruit\u00e9, rond et de caract\u00e8re gras, notes d'agrumes.","robots":{"index":"index","follow":"follow","max-snippet":"max-snippet:-1","max-image-preview":"max-image-preview:large","max-video-preview":"max-video-preview:-1"},"canonical":"https:\/\/www.ivinio.com\/fr\/produit\/domaines-bunan-bandol-moulin-des-costes-rose\/","og_locale":"fr_FR","og_type":"article","og_title":"Acheter Domaines Bunan - Bandol - Moulin des Costes - Ros\u00e9 - IVINIO Caviste","og_description":"Acheter Domaines Bunan - Bandol - Moulin des Costes - Ros\u00e9 bio de Bandol. Fruit\u00e9, rond et de caract\u00e8re gras, notes d'agrumes.","og_url":"https:\/\/www.ivinio.com\/fr\/produit\/domaines-bunan-bandol-moulin-des-costes-rose\/","og_site_name":"IVINIO Caviste","article_publisher":"https:\/\/www.facebook.com\/groups\/165217837022391\/?ref=bookmarks","article_modified_time":"2026-04-14T15:47:01+00:00","og_image":[{"width":500,"height":500,"url":"https:\/\/www.ivinio.com\/wp-content\/uploads\/nc\/public\/modules\/file\/pictures\/6218.Bunan-Moulin-des-Costes-bandol-ros-ivinio.jpg","type":"image\/jpeg"}],"twitter_card":"summary_large_image","twitter_misc":{"Dur\u00e9e de lecture estim\u00e9e":"1 minute"},"schema":{"@context":"https:\/\/schema.org","@graph":[{"@type":"WebPage","@id":"https:\/\/www.ivinio.com\/fr\/produit\/domaines-bunan-bandol-moulin-des-costes-rose\/","url":"https:\/\/www.ivinio.com\/fr\/produit\/domaines-bunan-bandol-moulin-des-costes-rose\/","name":"Acheter Domaines Bunan - Bandol - Moulin des Costes - Ros\u00e9 - IVINIO Caviste","isPartOf":{"@id":"https:\/\/www.ivinio.com\/fr\/#website"},"primaryImageOfPage":{"@id":"https:\/\/www.ivinio.com\/fr\/produit\/domaines-bunan-bandol-moulin-des-costes-rose\/#primaryimage"},"image":{"@id":"https:\/\/www.ivinio.com\/fr\/produit\/domaines-bunan-bandol-moulin-des-costes-rose\/#primaryimage"},"thumbnailUrl":"https:\/\/www.ivinio.com\/wp-content\/uploads\/nc\/public\/modules\/file\/pictures\/6218.Bunan-Moulin-des-Costes-bandol-ros-ivinio.jpg","datePublished":"2016-03-25T12:06:50+00:00","dateModified":"2026-04-14T15:47:01+00:00","description":"Acheter Domaines Bunan - Bandol - Moulin des Costes - Ros\u00e9 bio de Bandol. Fruit\u00e9, rond et de caract\u00e8re gras, notes d'agrumes.","breadcrumb":{"@id":"https:\/\/www.ivinio.com\/fr\/produit\/domaines-bunan-bandol-moulin-des-costes-rose\/#breadcrumb"},"inLanguage":"fr-FR","potentialAction":[{"@type":"ReadAction","target":["https:\/\/www.ivinio.com\/fr\/produit\/domaines-bunan-bandol-moulin-des-costes-rose\/"]}]},{"@type":"ImageObject","inLanguage":"fr-FR","@id":"https:\/\/www.ivinio.com\/fr\/produit\/domaines-bunan-bandol-moulin-des-costes-rose\/#primaryimage","url":"https:\/\/www.ivinio.com\/wp-content\/uploads\/nc\/public\/modules\/file\/pictures\/6218.Bunan-Moulin-des-Costes-bandol-ros-ivinio.jpg","contentUrl":"https:\/\/www.ivinio.com\/wp-content\/uploads\/nc\/public\/modules\/file\/pictures\/6218.Bunan-Moulin-des-Costes-bandol-ros-ivinio.jpg","width":500,"height":500,"caption":"Domaines Bunan - Bandol - Moulin des Costes - Ros\u00e9"},{"@type":"BreadcrumbList","@id":"https:\/\/www.ivinio.com\/fr\/produit\/domaines-bunan-bandol-moulin-des-costes-rose\/#breadcrumb","itemListElement":[{"@type":"ListItem","position":1,"name":"Home","item":"https:\/\/www.ivinio.com\/fr\/"},{"@type":"ListItem","position":2,"name":"Boutique de vin","item":"https:\/\/www.ivinio.com\/fr\/boutique-de-vin\/"},{"@type":"ListItem","position":3,"name":"Domaines Bunan &#8211; Bandol &#8211; Moulin des Costes &#8211; Ros\u00e9"}]},{"@type":"WebSite","@id":"https:\/\/www.ivinio.com\/fr\/#website","url":"https:\/\/www.ivinio.com\/fr\/","name":"IVINIO Caviste","description":"Vins de France et d&#039;Italie avec livraison \u00e0 domicile","publisher":{"@id":"https:\/\/www.ivinio.com\/fr\/#organization"},"potentialAction":[{"@type":"SearchAction","target":{"@type":"EntryPoint","urlTemplate":"https:\/\/www.ivinio.com\/fr\/?s={search_term_string}"},"query-input":{"@type":"PropertyValueSpecification","valueRequired":true,"valueName":"search_term_string"}}],"inLanguage":"fr-FR"},{"@type":"Organization","@id":"https:\/\/www.ivinio.com\/fr\/#organization","name":"IVINIO","url":"https:\/\/www.ivinio.com\/fr\/","logo":{"@type":"ImageObject","inLanguage":"fr-FR","@id":"https:\/\/www.ivinio.com\/fr\/#\/schema\/logo\/image\/","url":"https:\/\/www.ivinio.com\/wp-content\/uploads\/2021\/01\/Logo-Ivinio-v2.jpg","contentUrl":"https:\/\/www.ivinio.com\/wp-content\/uploads\/2021\/01\/Logo-Ivinio-v2.jpg","width":1194,"height":1194,"caption":"IVINIO"},"image":{"@id":"https:\/\/www.ivinio.com\/fr\/#\/schema\/logo\/image\/"},"sameAs":["https:\/\/www.facebook.com\/groups\/165217837022391\/?ref=bookmarks","https:\/\/www.instagram.com\/_ivinio_\/?hl=fr"]}]}},"jetpack_sharing_enabled":true,"_links":{"self":[{"href":"https:\/\/www.ivinio.com\/fr\/wp-json\/wp\/v2\/product\/120258","targetHints":{"allow":["GET"]}}],"collection":[{"href":"https:\/\/www.ivinio.com\/fr\/wp-json\/wp\/v2\/product"}],"about":[{"href":"https:\/\/www.ivinio.com\/fr\/wp-json\/wp\/v2\/types\/product"}],"replies":[{"embeddable":true,"href":"https:\/\/www.ivinio.com\/fr\/wp-json\/wp\/v2\/comments?post=120258"}],"wp:featuredmedia":[{"embeddable":true,"href":"https:\/\/www.ivinio.com\/fr\/wp-json\/wp\/v2\/media\/130687"}],"wp:attachment":[{"href":"https:\/\/www.ivinio.com\/fr\/wp-json\/wp\/v2\/media?parent=120258"}],"wp:term":[{"taxonomy":"product_brand","embeddable":true,"href":"https:\/\/www.ivinio.com\/fr\/wp-json\/wp\/v2\/product_brand?post=120258"},{"taxonomy":"product_cat","embeddable":true,"href":"https:\/\/www.ivinio.com\/fr\/wp-json\/wp\/v2\/product_cat?post=120258"},{"taxonomy":"product_tag","embeddable":true,"href":"https:\/\/www.ivinio.com\/fr\/wp-json\/wp\/v2\/product_tag?post=120258"}],"curies":[{"name":"wp","href":"https:\/\/api.w.org\/{rel}","templated":true}]}}