{"id":120252,"date":"2016-03-25T12:06:50","date_gmt":"2016-03-25T12:06:50","guid":{"rendered":"https:\/\/henrik.www.ivinio.com\/?product=domaines-bunan-chateau-la-rouviere-bandol-rouge"},"modified":"2025-10-14T19:35:44","modified_gmt":"2025-10-14T17:35:44","slug":"domaines-bunan-chateau-la-rouviere-bandol-rouge","status":"publish","type":"product","link":"https:\/\/www.ivinio.com\/fr\/produit\/domaines-bunan-chateau-la-rouviere-bandol-rouge\/","title":{"rendered":"Domaines Bunan &#8211; Ch\u00e2teau la Rouvi\u00e8re &#8211; Bandol &#8211; Rouge"},"content":{"rendered":"<p>Bandol de Ch\u00e2teau la Rouvi\u00e8re est compos\u00e9 de 90% de Mourv\u00e8dre et de\u00a010% de\u00a0Syrah. La culture des vigne est biologique\u00a0en forme de terrasses\u00a0sur les pentes du Castellet, en direction\u00a0sud. Les\u00a0grappes sont \u00e9grapp\u00e9s apr\u00e8s la r\u00e9colte et les raisins sont ferment\u00e9s\u00a0pendant 21 jours dans des foudres de ch\u00eane. Le vin est ensuite \u00e9lev\u00e9\u00a0dans des f\u00fbts de ch\u00eane en fonction du mill\u00e9sime.<\/p>\n","protected":false},"excerpt":{"rendered":"<p>Bandol de Ch\u00e2teau la Rouvi\u00e8re est un Bandol rouge bio compos\u00e9 de\u00a090% de Mourv\u00e8dre et 10% de Syrah. Un vin rouge \u00e9l\u00e9gant avec des notes complexes de m\u00fbre, de cassis, de r\u00e9glisse et de poivre. Pour accompagner de l&#8217;agneau, du\u00a0gibier ou le plateau de\u00a0fromage!<\/p>\n","protected":false},"featured_media":130087,"comment_status":"open","ping_status":"closed","template":"","meta":{"_monsterinsights_skip_tracking":false,"_monsterinsights_sitenote_active":false,"_monsterinsights_sitenote_note":"","_monsterinsights_sitenote_category":0,"_uf_show_specific_survey":0,"_uf_disable_surveys":false},"product_brand":[],"product_cat":[36622,36586],"product_tag":[],"class_list":{"0":"post-120252","1":"product","2":"type-product","3":"status-publish","4":"has-post-thumbnail","6":"product_cat-fr-provence","7":"product_cat-vins-francais","8":"pa_awards-bettane-et-desseauve-fr","9":"pa_awards-guide-hachette-fr","10":"pa_classification-aop-bandol-fr","11":"pa_color-rouge-fr","12":"pa_country-france-fr","13":"pa_grape-variety-mourvedre-fr","14":"pa_grape-variety-syrah-fr","15":"pa_region-provence-fr","16":"pa_storage-potential-plus-de-15-ans-fr","17":"pa_vintage-2021-fr","18":"pa_volume-75-cl-fr","20":"first","21":"instock","22":"taxable","23":"shipping-taxable","24":"purchasable","25":"product-type-simple"},"bundled_by":[],"bundle_stock_status":"instock","bundle_stock_quantity":null,"bundle_virtual":false,"bundle_layout":"","bundle_add_to_cart_form_location":"","bundle_editable_in_cart":false,"bundle_sold_individually_context":"","bundle_item_grouping":"","bundle_min_size":"","bundle_max_size":"","bundle_price":[],"bundled_items":[],"bundle_sell_ids":[],"yoast_head":"<!-- This site is optimized with the Yoast SEO plugin v27.5 - https:\/\/yoast.com\/product\/yoast-seo-wordpress\/ -->\n<title>Domaines Bunan - Ch\u00e2teau la Rouvi\u00e8re - Bandol - vin rouge - IVINIO Caviste<\/title>\n<meta name=\"description\" content=\"Acheter Domaines Bunan - Ch\u00e2teau la Rouvi\u00e8re - Bandol - vin rouge. Bio, avec des notes complexes de m\u00fbre, de cassis, de r\u00e9glisse et de poivre\" \/>\n<meta name=\"robots\" content=\"index, follow, max-snippet:-1, max-image-preview:large, max-video-preview:-1\" \/>\n<link rel=\"canonical\" href=\"https:\/\/www.ivinio.com\/fr\/produit\/domaines-bunan-chateau-la-rouviere-bandol-rouge\/\" \/>\n<meta property=\"og:locale\" content=\"fr_FR\" \/>\n<meta property=\"og:type\" content=\"article\" \/>\n<meta property=\"og:title\" content=\"Domaines Bunan - Ch\u00e2teau la Rouvi\u00e8re - Bandol - vin rouge - IVINIO Caviste\" \/>\n<meta property=\"og:description\" content=\"Acheter Domaines Bunan - Ch\u00e2teau la Rouvi\u00e8re - Bandol - vin rouge. Bio, avec des notes complexes de m\u00fbre, de cassis, de r\u00e9glisse et de poivre\" \/>\n<meta property=\"og:url\" content=\"https:\/\/www.ivinio.com\/fr\/produit\/domaines-bunan-chateau-la-rouviere-bandol-rouge\/\" \/>\n<meta property=\"og:site_name\" content=\"IVINIO Caviste\" \/>\n<meta property=\"article:publisher\" content=\"https:\/\/www.facebook.com\/groups\/165217837022391\/?ref=bookmarks\" \/>\n<meta property=\"article:modified_time\" content=\"2025-10-14T17:35:44+00:00\" \/>\n<meta property=\"og:image\" content=\"https:\/\/www.ivinio.com\/wp-content\/uploads\/nc\/public\/modules\/file\/pictures\/6217.bunan-Ch-teau-la-rouvi-re-Bandol-ivinio.jpg\" \/>\n\t<meta property=\"og:image:width\" content=\"500\" \/>\n\t<meta property=\"og:image:height\" content=\"500\" \/>\n\t<meta property=\"og:image:type\" content=\"image\/jpeg\" \/>\n<meta name=\"twitter:card\" content=\"summary_large_image\" \/>\n<meta name=\"twitter:label1\" content=\"Dur\u00e9e de lecture estim\u00e9e\" \/>\n\t<meta name=\"twitter:data1\" content=\"1 minute\" \/>\n<script type=\"application\/ld+json\" class=\"yoast-schema-graph\">{\"@context\":\"https:\\\/\\\/schema.org\",\"@graph\":[{\"@type\":\"WebPage\",\"@id\":\"https:\\\/\\\/www.ivinio.com\\\/fr\\\/produit\\\/domaines-bunan-chateau-la-rouviere-bandol-rouge\\\/\",\"url\":\"https:\\\/\\\/www.ivinio.com\\\/fr\\\/produit\\\/domaines-bunan-chateau-la-rouviere-bandol-rouge\\\/\",\"name\":\"Domaines Bunan - Ch\u00e2teau la Rouvi\u00e8re - Bandol - vin rouge - IVINIO Caviste\",\"isPartOf\":{\"@id\":\"https:\\\/\\\/www.ivinio.com\\\/fr\\\/#website\"},\"primaryImageOfPage\":{\"@id\":\"https:\\\/\\\/www.ivinio.com\\\/fr\\\/produit\\\/domaines-bunan-chateau-la-rouviere-bandol-rouge\\\/#primaryimage\"},\"image\":{\"@id\":\"https:\\\/\\\/www.ivinio.com\\\/fr\\\/produit\\\/domaines-bunan-chateau-la-rouviere-bandol-rouge\\\/#primaryimage\"},\"thumbnailUrl\":\"https:\\\/\\\/www.ivinio.com\\\/wp-content\\\/uploads\\\/nc\\\/public\\\/modules\\\/file\\\/pictures\\\/6217.bunan-Ch-teau-la-rouvi-re-Bandol-ivinio.jpg\",\"datePublished\":\"2016-03-25T12:06:50+00:00\",\"dateModified\":\"2025-10-14T17:35:44+00:00\",\"description\":\"Acheter Domaines Bunan - Ch\u00e2teau la Rouvi\u00e8re - Bandol - vin rouge. Bio, avec des notes complexes de m\u00fbre, de cassis, de r\u00e9glisse et de poivre\",\"breadcrumb\":{\"@id\":\"https:\\\/\\\/www.ivinio.com\\\/fr\\\/produit\\\/domaines-bunan-chateau-la-rouviere-bandol-rouge\\\/#breadcrumb\"},\"inLanguage\":\"fr-FR\",\"potentialAction\":[{\"@type\":\"ReadAction\",\"target\":[\"https:\\\/\\\/www.ivinio.com\\\/fr\\\/produit\\\/domaines-bunan-chateau-la-rouviere-bandol-rouge\\\/\"]}]},{\"@type\":\"ImageObject\",\"inLanguage\":\"fr-FR\",\"@id\":\"https:\\\/\\\/www.ivinio.com\\\/fr\\\/produit\\\/domaines-bunan-chateau-la-rouviere-bandol-rouge\\\/#primaryimage\",\"url\":\"https:\\\/\\\/www.ivinio.com\\\/wp-content\\\/uploads\\\/nc\\\/public\\\/modules\\\/file\\\/pictures\\\/6217.bunan-Ch-teau-la-rouvi-re-Bandol-ivinio.jpg\",\"contentUrl\":\"https:\\\/\\\/www.ivinio.com\\\/wp-content\\\/uploads\\\/nc\\\/public\\\/modules\\\/file\\\/pictures\\\/6217.bunan-Ch-teau-la-rouvi-re-Bandol-ivinio.jpg\",\"width\":500,\"height\":500,\"caption\":\"Domaines Bunan - Ch\u00e2teau la Rouvi\u00e8re - Bandol\"},{\"@type\":\"BreadcrumbList\",\"@id\":\"https:\\\/\\\/www.ivinio.com\\\/fr\\\/produit\\\/domaines-bunan-chateau-la-rouviere-bandol-rouge\\\/#breadcrumb\",\"itemListElement\":[{\"@type\":\"ListItem\",\"position\":1,\"name\":\"Home\",\"item\":\"https:\\\/\\\/www.ivinio.com\\\/fr\\\/\"},{\"@type\":\"ListItem\",\"position\":2,\"name\":\"Boutique de vin\",\"item\":\"https:\\\/\\\/www.ivinio.com\\\/fr\\\/boutique-de-vin\\\/\"},{\"@type\":\"ListItem\",\"position\":3,\"name\":\"Domaines Bunan &#8211; Ch\u00e2teau la Rouvi\u00e8re &#8211; Bandol &#8211; Rouge\"}]},{\"@type\":\"WebSite\",\"@id\":\"https:\\\/\\\/www.ivinio.com\\\/fr\\\/#website\",\"url\":\"https:\\\/\\\/www.ivinio.com\\\/fr\\\/\",\"name\":\"IVINIO Caviste\",\"description\":\"Vins de France et d&#039;Italie avec livraison \u00e0 domicile\",\"publisher\":{\"@id\":\"https:\\\/\\\/www.ivinio.com\\\/fr\\\/#organization\"},\"potentialAction\":[{\"@type\":\"SearchAction\",\"target\":{\"@type\":\"EntryPoint\",\"urlTemplate\":\"https:\\\/\\\/www.ivinio.com\\\/fr\\\/?s={search_term_string}\"},\"query-input\":{\"@type\":\"PropertyValueSpecification\",\"valueRequired\":true,\"valueName\":\"search_term_string\"}}],\"inLanguage\":\"fr-FR\"},{\"@type\":\"Organization\",\"@id\":\"https:\\\/\\\/www.ivinio.com\\\/fr\\\/#organization\",\"name\":\"IVINIO\",\"url\":\"https:\\\/\\\/www.ivinio.com\\\/fr\\\/\",\"logo\":{\"@type\":\"ImageObject\",\"inLanguage\":\"fr-FR\",\"@id\":\"https:\\\/\\\/www.ivinio.com\\\/fr\\\/#\\\/schema\\\/logo\\\/image\\\/\",\"url\":\"https:\\\/\\\/www.ivinio.com\\\/wp-content\\\/uploads\\\/2021\\\/01\\\/Logo-Ivinio-v2.jpg\",\"contentUrl\":\"https:\\\/\\\/www.ivinio.com\\\/wp-content\\\/uploads\\\/2021\\\/01\\\/Logo-Ivinio-v2.jpg\",\"width\":1194,\"height\":1194,\"caption\":\"IVINIO\"},\"image\":{\"@id\":\"https:\\\/\\\/www.ivinio.com\\\/fr\\\/#\\\/schema\\\/logo\\\/image\\\/\"},\"sameAs\":[\"https:\\\/\\\/www.facebook.com\\\/groups\\\/165217837022391\\\/?ref=bookmarks\",\"https:\\\/\\\/www.instagram.com\\\/_ivinio_\\\/?hl=fr\"]}]}<\/script>\n<!-- \/ Yoast SEO plugin. -->","yoast_head_json":{"title":"Domaines Bunan - Ch\u00e2teau la Rouvi\u00e8re - Bandol - vin rouge - IVINIO Caviste","description":"Acheter Domaines Bunan - Ch\u00e2teau la Rouvi\u00e8re - Bandol - vin rouge. Bio, avec des notes complexes de m\u00fbre, de cassis, de r\u00e9glisse et de poivre","robots":{"index":"index","follow":"follow","max-snippet":"max-snippet:-1","max-image-preview":"max-image-preview:large","max-video-preview":"max-video-preview:-1"},"canonical":"https:\/\/www.ivinio.com\/fr\/produit\/domaines-bunan-chateau-la-rouviere-bandol-rouge\/","og_locale":"fr_FR","og_type":"article","og_title":"Domaines Bunan - Ch\u00e2teau la Rouvi\u00e8re - Bandol - vin rouge - IVINIO Caviste","og_description":"Acheter Domaines Bunan - Ch\u00e2teau la Rouvi\u00e8re - Bandol - vin rouge. Bio, avec des notes complexes de m\u00fbre, de cassis, de r\u00e9glisse et de poivre","og_url":"https:\/\/www.ivinio.com\/fr\/produit\/domaines-bunan-chateau-la-rouviere-bandol-rouge\/","og_site_name":"IVINIO Caviste","article_publisher":"https:\/\/www.facebook.com\/groups\/165217837022391\/?ref=bookmarks","article_modified_time":"2025-10-14T17:35:44+00:00","og_image":[{"width":500,"height":500,"url":"https:\/\/www.ivinio.com\/wp-content\/uploads\/nc\/public\/modules\/file\/pictures\/6217.bunan-Ch-teau-la-rouvi-re-Bandol-ivinio.jpg","type":"image\/jpeg"}],"twitter_card":"summary_large_image","twitter_misc":{"Dur\u00e9e de lecture estim\u00e9e":"1 minute"},"schema":{"@context":"https:\/\/schema.org","@graph":[{"@type":"WebPage","@id":"https:\/\/www.ivinio.com\/fr\/produit\/domaines-bunan-chateau-la-rouviere-bandol-rouge\/","url":"https:\/\/www.ivinio.com\/fr\/produit\/domaines-bunan-chateau-la-rouviere-bandol-rouge\/","name":"Domaines Bunan - Ch\u00e2teau la Rouvi\u00e8re - Bandol - vin rouge - IVINIO Caviste","isPartOf":{"@id":"https:\/\/www.ivinio.com\/fr\/#website"},"primaryImageOfPage":{"@id":"https:\/\/www.ivinio.com\/fr\/produit\/domaines-bunan-chateau-la-rouviere-bandol-rouge\/#primaryimage"},"image":{"@id":"https:\/\/www.ivinio.com\/fr\/produit\/domaines-bunan-chateau-la-rouviere-bandol-rouge\/#primaryimage"},"thumbnailUrl":"https:\/\/www.ivinio.com\/wp-content\/uploads\/nc\/public\/modules\/file\/pictures\/6217.bunan-Ch-teau-la-rouvi-re-Bandol-ivinio.jpg","datePublished":"2016-03-25T12:06:50+00:00","dateModified":"2025-10-14T17:35:44+00:00","description":"Acheter Domaines Bunan - Ch\u00e2teau la Rouvi\u00e8re - Bandol - vin rouge. Bio, avec des notes complexes de m\u00fbre, de cassis, de r\u00e9glisse et de poivre","breadcrumb":{"@id":"https:\/\/www.ivinio.com\/fr\/produit\/domaines-bunan-chateau-la-rouviere-bandol-rouge\/#breadcrumb"},"inLanguage":"fr-FR","potentialAction":[{"@type":"ReadAction","target":["https:\/\/www.ivinio.com\/fr\/produit\/domaines-bunan-chateau-la-rouviere-bandol-rouge\/"]}]},{"@type":"ImageObject","inLanguage":"fr-FR","@id":"https:\/\/www.ivinio.com\/fr\/produit\/domaines-bunan-chateau-la-rouviere-bandol-rouge\/#primaryimage","url":"https:\/\/www.ivinio.com\/wp-content\/uploads\/nc\/public\/modules\/file\/pictures\/6217.bunan-Ch-teau-la-rouvi-re-Bandol-ivinio.jpg","contentUrl":"https:\/\/www.ivinio.com\/wp-content\/uploads\/nc\/public\/modules\/file\/pictures\/6217.bunan-Ch-teau-la-rouvi-re-Bandol-ivinio.jpg","width":500,"height":500,"caption":"Domaines Bunan - Ch\u00e2teau la Rouvi\u00e8re - Bandol"},{"@type":"BreadcrumbList","@id":"https:\/\/www.ivinio.com\/fr\/produit\/domaines-bunan-chateau-la-rouviere-bandol-rouge\/#breadcrumb","itemListElement":[{"@type":"ListItem","position":1,"name":"Home","item":"https:\/\/www.ivinio.com\/fr\/"},{"@type":"ListItem","position":2,"name":"Boutique de vin","item":"https:\/\/www.ivinio.com\/fr\/boutique-de-vin\/"},{"@type":"ListItem","position":3,"name":"Domaines Bunan &#8211; Ch\u00e2teau la Rouvi\u00e8re &#8211; Bandol &#8211; Rouge"}]},{"@type":"WebSite","@id":"https:\/\/www.ivinio.com\/fr\/#website","url":"https:\/\/www.ivinio.com\/fr\/","name":"IVINIO Caviste","description":"Vins de France et d&#039;Italie avec livraison \u00e0 domicile","publisher":{"@id":"https:\/\/www.ivinio.com\/fr\/#organization"},"potentialAction":[{"@type":"SearchAction","target":{"@type":"EntryPoint","urlTemplate":"https:\/\/www.ivinio.com\/fr\/?s={search_term_string}"},"query-input":{"@type":"PropertyValueSpecification","valueRequired":true,"valueName":"search_term_string"}}],"inLanguage":"fr-FR"},{"@type":"Organization","@id":"https:\/\/www.ivinio.com\/fr\/#organization","name":"IVINIO","url":"https:\/\/www.ivinio.com\/fr\/","logo":{"@type":"ImageObject","inLanguage":"fr-FR","@id":"https:\/\/www.ivinio.com\/fr\/#\/schema\/logo\/image\/","url":"https:\/\/www.ivinio.com\/wp-content\/uploads\/2021\/01\/Logo-Ivinio-v2.jpg","contentUrl":"https:\/\/www.ivinio.com\/wp-content\/uploads\/2021\/01\/Logo-Ivinio-v2.jpg","width":1194,"height":1194,"caption":"IVINIO"},"image":{"@id":"https:\/\/www.ivinio.com\/fr\/#\/schema\/logo\/image\/"},"sameAs":["https:\/\/www.facebook.com\/groups\/165217837022391\/?ref=bookmarks","https:\/\/www.instagram.com\/_ivinio_\/?hl=fr"]}]}},"jetpack_sharing_enabled":true,"_links":{"self":[{"href":"https:\/\/www.ivinio.com\/fr\/wp-json\/wp\/v2\/product\/120252","targetHints":{"allow":["GET"]}}],"collection":[{"href":"https:\/\/www.ivinio.com\/fr\/wp-json\/wp\/v2\/product"}],"about":[{"href":"https:\/\/www.ivinio.com\/fr\/wp-json\/wp\/v2\/types\/product"}],"replies":[{"embeddable":true,"href":"https:\/\/www.ivinio.com\/fr\/wp-json\/wp\/v2\/comments?post=120252"}],"wp:featuredmedia":[{"embeddable":true,"href":"https:\/\/www.ivinio.com\/fr\/wp-json\/wp\/v2\/media\/130087"}],"wp:attachment":[{"href":"https:\/\/www.ivinio.com\/fr\/wp-json\/wp\/v2\/media?parent=120252"}],"wp:term":[{"taxonomy":"product_brand","embeddable":true,"href":"https:\/\/www.ivinio.com\/fr\/wp-json\/wp\/v2\/product_brand?post=120252"},{"taxonomy":"product_cat","embeddable":true,"href":"https:\/\/www.ivinio.com\/fr\/wp-json\/wp\/v2\/product_cat?post=120252"},{"taxonomy":"product_tag","embeddable":true,"href":"https:\/\/www.ivinio.com\/fr\/wp-json\/wp\/v2\/product_tag?post=120252"}],"curies":[{"name":"wp","href":"https:\/\/api.w.org\/{rel}","templated":true}]}}