{"id":120120,"date":"2014-09-22T16:24:40","date_gmt":"2014-09-22T16:24:40","guid":{"rendered":"https:\/\/henrik.www.ivinio.com\/?product=henriot-champagne-brut-rose"},"modified":"2022-12-29T19:08:04","modified_gmt":"2022-12-29T18:08:04","slug":"champagne-henriot-champagne-brut-rose","status":"publish","type":"product","link":"https:\/\/www.ivinio.com\/fr\/produit\/champagne-henriot-champagne-brut-rose\/","title":{"rendered":"Champagne Henriot &#8211; Champagne &#8220;Brut Ros\u00e9&#8221;"},"content":{"rendered":"<p>Champagne Henriot &#8211; Champagne &#8220;Brut Ros\u00e9&#8221; est compos\u00e9 de Pinot Noir des Montagnes autours de Reims, de raisins de Chardonnay et de C\u00f4tes des Blancs et un petit pourcentage de Pinot Meunier pour son caract\u00e8re fruit\u00e9. La couleur rose est obtenue en ajoutant du vin rouge de Pinot noir. 15 &#8220;cuv\u00e9es&#8221; diff\u00e9rentes sont utilis\u00e9es, entre autres, \u00e0 partir de Avize, Chouilly, A\u00ff, Verzy, Verzenay, Avenay, Vertus, Trepail et Epernay Mareuil. Le vin est produit avec 25% de &#8220;vin de r\u00e9serve\u00bb et le vin fini est vieilli 2-3 ans dans les caves de Reims avant sa mise en vente.<\/p>\n","protected":false},"excerpt":{"rendered":"<p>Champagne Henriot Brut Ros\u00e9 est un champagne ros\u00e9 \u00e9l\u00e9gant\u00a0et sensuel\u00a0d&#8217;une belle couleur rose p\u00e2le. Un fruit\u00e9, et une belle fra\u00eecheur avec des notes de fruits rouges. Une garantie pour une occasion festive et exclusive ; en ap\u00e9ritif, mais aussi pour accompagn\u00e9\u00a0un repas de f\u00eate !<\/p>\n","protected":false},"featured_media":120123,"comment_status":"open","ping_status":"closed","template":"","meta":{"_monsterinsights_skip_tracking":false,"_monsterinsights_sitenote_active":false,"_monsterinsights_sitenote_note":"","_monsterinsights_sitenote_category":0,"_uf_show_specific_survey":0,"_uf_disable_surveys":false},"product_brand":[],"product_cat":[36613,36586],"product_tag":[],"class_list":{"0":"post-120120","1":"product","2":"type-product","3":"status-publish","4":"has-post-thumbnail","6":"product_cat-fr-champagne","7":"product_cat-vins-francais","8":"pa_alcohol-degree-40057","9":"pa_awards-bettane-et-desseauve-fr","10":"pa_awards-gault-et-millau-vins-fr","11":"pa_awards-la-revue-du-vins-de-france-fr","12":"pa_awards-robert-parker-fr","13":"pa_awards-wine-spectator-fr","14":"pa_classification-aop-champagne-fr","15":"pa_color-mousseux-fr","16":"pa_country-france-fr","17":"pa_grape-variety-chardonnay-fr","18":"pa_grape-variety-pinot-meunier-fr","19":"pa_grape-variety-pinot-noir-fr","20":"pa_package-1x1-fr","21":"pa_package-1x6-fr","22":"pa_region-champagne-fr","23":"pa_storage-potential-5-ans-fr","24":"pa_volume-75-cl-fr","26":"first","27":"instock","28":"taxable","29":"shipping-taxable","30":"purchasable","31":"product-type-variable"},"bundled_by":["120110"],"bundle_stock_status":"instock","bundle_stock_quantity":null,"bundle_virtual":false,"bundle_layout":"","bundle_add_to_cart_form_location":"","bundle_editable_in_cart":false,"bundle_sold_individually_context":"","bundle_item_grouping":"","bundle_min_size":"","bundle_max_size":"","bundle_price":[],"bundled_items":[],"bundle_sell_ids":[],"yoast_head":"<!-- This site is optimized with the Yoast SEO plugin v27.5 - https:\/\/yoast.com\/product\/yoast-seo-wordpress\/ -->\n<title>Acheter Champagne Henriot - Champagne &quot;Brut Ros\u00e9&quot; - IVINIO Caviste<\/title>\n<meta name=\"description\" content=\"Henriot - Champagne &quot;Brut Ros\u00e9&quot;. El\u00e9gant et sensuel d&#039;une belle couleur rose p\u00e2le. Un fruit\u00e9, et une belle fra\u00eecheur avec des notes de fruits rouges.\" \/>\n<meta name=\"robots\" content=\"index, follow, max-snippet:-1, max-image-preview:large, max-video-preview:-1\" \/>\n<link rel=\"canonical\" href=\"https:\/\/www.ivinio.com\/fr\/produit\/champagne-henriot-champagne-brut-rose\/\" \/>\n<meta property=\"og:locale\" content=\"fr_FR\" \/>\n<meta property=\"og:type\" content=\"article\" \/>\n<meta property=\"og:title\" content=\"Acheter Champagne Henriot - Champagne &quot;Brut Ros\u00e9&quot; - IVINIO Caviste\" \/>\n<meta property=\"og:description\" content=\"Henriot - Champagne &quot;Brut Ros\u00e9&quot;. El\u00e9gant et sensuel d&#039;une belle couleur rose p\u00e2le. Un fruit\u00e9, et une belle fra\u00eecheur avec des notes de fruits rouges.\" \/>\n<meta property=\"og:url\" content=\"https:\/\/www.ivinio.com\/fr\/produit\/champagne-henriot-champagne-brut-rose\/\" \/>\n<meta property=\"og:site_name\" content=\"IVINIO Caviste\" \/>\n<meta property=\"article:publisher\" content=\"https:\/\/www.facebook.com\/groups\/165217837022391\/?ref=bookmarks\" \/>\n<meta property=\"article:modified_time\" content=\"2022-12-29T18:08:04+00:00\" \/>\n<meta property=\"og:image\" content=\"https:\/\/www.ivinio.com\/wp-content\/uploads\/nc\/public\/modules\/file\/pictures\/6151.Henriot-brut-ros-ivinio.jpg\" \/>\n\t<meta property=\"og:image:width\" content=\"500\" \/>\n\t<meta property=\"og:image:height\" content=\"500\" \/>\n\t<meta property=\"og:image:type\" content=\"image\/jpeg\" \/>\n<meta name=\"twitter:card\" content=\"summary_large_image\" \/>\n<meta name=\"twitter:label1\" content=\"Dur\u00e9e de lecture estim\u00e9e\" \/>\n\t<meta name=\"twitter:data1\" content=\"1 minute\" \/>\n<script type=\"application\/ld+json\" class=\"yoast-schema-graph\">{\"@context\":\"https:\\\/\\\/schema.org\",\"@graph\":[{\"@type\":\"WebPage\",\"@id\":\"https:\\\/\\\/www.ivinio.com\\\/fr\\\/produit\\\/champagne-henriot-champagne-brut-rose\\\/\",\"url\":\"https:\\\/\\\/www.ivinio.com\\\/fr\\\/produit\\\/champagne-henriot-champagne-brut-rose\\\/\",\"name\":\"Acheter Champagne Henriot - Champagne \\\"Brut Ros\u00e9\\\" - IVINIO Caviste\",\"isPartOf\":{\"@id\":\"https:\\\/\\\/www.ivinio.com\\\/fr\\\/#website\"},\"primaryImageOfPage\":{\"@id\":\"https:\\\/\\\/www.ivinio.com\\\/fr\\\/produit\\\/champagne-henriot-champagne-brut-rose\\\/#primaryimage\"},\"image\":{\"@id\":\"https:\\\/\\\/www.ivinio.com\\\/fr\\\/produit\\\/champagne-henriot-champagne-brut-rose\\\/#primaryimage\"},\"thumbnailUrl\":\"https:\\\/\\\/www.ivinio.com\\\/wp-content\\\/uploads\\\/nc\\\/public\\\/modules\\\/file\\\/pictures\\\/6151.Henriot-brut-ros-ivinio.jpg\",\"datePublished\":\"2014-09-22T16:24:40+00:00\",\"dateModified\":\"2022-12-29T18:08:04+00:00\",\"description\":\"Henriot - Champagne \\\"Brut Ros\u00e9\\\". El\u00e9gant et sensuel d'une belle couleur rose p\u00e2le. Un fruit\u00e9, et une belle fra\u00eecheur avec des notes de fruits rouges.\",\"breadcrumb\":{\"@id\":\"https:\\\/\\\/www.ivinio.com\\\/fr\\\/produit\\\/champagne-henriot-champagne-brut-rose\\\/#breadcrumb\"},\"inLanguage\":\"fr-FR\",\"potentialAction\":[{\"@type\":\"ReadAction\",\"target\":[\"https:\\\/\\\/www.ivinio.com\\\/fr\\\/produit\\\/champagne-henriot-champagne-brut-rose\\\/\"]}]},{\"@type\":\"ImageObject\",\"inLanguage\":\"fr-FR\",\"@id\":\"https:\\\/\\\/www.ivinio.com\\\/fr\\\/produit\\\/champagne-henriot-champagne-brut-rose\\\/#primaryimage\",\"url\":\"https:\\\/\\\/www.ivinio.com\\\/wp-content\\\/uploads\\\/nc\\\/public\\\/modules\\\/file\\\/pictures\\\/6151.Henriot-brut-ros-ivinio.jpg\",\"contentUrl\":\"https:\\\/\\\/www.ivinio.com\\\/wp-content\\\/uploads\\\/nc\\\/public\\\/modules\\\/file\\\/pictures\\\/6151.Henriot-brut-ros-ivinio.jpg\",\"width\":500,\"height\":500},{\"@type\":\"BreadcrumbList\",\"@id\":\"https:\\\/\\\/www.ivinio.com\\\/fr\\\/produit\\\/champagne-henriot-champagne-brut-rose\\\/#breadcrumb\",\"itemListElement\":[{\"@type\":\"ListItem\",\"position\":1,\"name\":\"Home\",\"item\":\"https:\\\/\\\/www.ivinio.com\\\/fr\\\/\"},{\"@type\":\"ListItem\",\"position\":2,\"name\":\"Boutique de vin\",\"item\":\"https:\\\/\\\/www.ivinio.com\\\/fr\\\/boutique-de-vin\\\/\"},{\"@type\":\"ListItem\",\"position\":3,\"name\":\"Champagne Henriot &#8211; Champagne &#8220;Brut Ros\u00e9&#8221;\"}]},{\"@type\":\"WebSite\",\"@id\":\"https:\\\/\\\/www.ivinio.com\\\/fr\\\/#website\",\"url\":\"https:\\\/\\\/www.ivinio.com\\\/fr\\\/\",\"name\":\"IVINIO Caviste\",\"description\":\"Vins de France et d&#039;Italie avec livraison \u00e0 domicile\",\"publisher\":{\"@id\":\"https:\\\/\\\/www.ivinio.com\\\/fr\\\/#organization\"},\"potentialAction\":[{\"@type\":\"SearchAction\",\"target\":{\"@type\":\"EntryPoint\",\"urlTemplate\":\"https:\\\/\\\/www.ivinio.com\\\/fr\\\/?s={search_term_string}\"},\"query-input\":{\"@type\":\"PropertyValueSpecification\",\"valueRequired\":true,\"valueName\":\"search_term_string\"}}],\"inLanguage\":\"fr-FR\"},{\"@type\":\"Organization\",\"@id\":\"https:\\\/\\\/www.ivinio.com\\\/fr\\\/#organization\",\"name\":\"IVINIO\",\"url\":\"https:\\\/\\\/www.ivinio.com\\\/fr\\\/\",\"logo\":{\"@type\":\"ImageObject\",\"inLanguage\":\"fr-FR\",\"@id\":\"https:\\\/\\\/www.ivinio.com\\\/fr\\\/#\\\/schema\\\/logo\\\/image\\\/\",\"url\":\"https:\\\/\\\/www.ivinio.com\\\/wp-content\\\/uploads\\\/2021\\\/01\\\/Logo-Ivinio-v2.jpg\",\"contentUrl\":\"https:\\\/\\\/www.ivinio.com\\\/wp-content\\\/uploads\\\/2021\\\/01\\\/Logo-Ivinio-v2.jpg\",\"width\":1194,\"height\":1194,\"caption\":\"IVINIO\"},\"image\":{\"@id\":\"https:\\\/\\\/www.ivinio.com\\\/fr\\\/#\\\/schema\\\/logo\\\/image\\\/\"},\"sameAs\":[\"https:\\\/\\\/www.facebook.com\\\/groups\\\/165217837022391\\\/?ref=bookmarks\",\"https:\\\/\\\/www.instagram.com\\\/_ivinio_\\\/?hl=fr\"]}]}<\/script>\n<!-- \/ Yoast SEO plugin. -->","yoast_head_json":{"title":"Acheter Champagne Henriot - Champagne \"Brut Ros\u00e9\" - IVINIO Caviste","description":"Henriot - Champagne \"Brut Ros\u00e9\". El\u00e9gant et sensuel d'une belle couleur rose p\u00e2le. Un fruit\u00e9, et une belle fra\u00eecheur avec des notes de fruits rouges.","robots":{"index":"index","follow":"follow","max-snippet":"max-snippet:-1","max-image-preview":"max-image-preview:large","max-video-preview":"max-video-preview:-1"},"canonical":"https:\/\/www.ivinio.com\/fr\/produit\/champagne-henriot-champagne-brut-rose\/","og_locale":"fr_FR","og_type":"article","og_title":"Acheter Champagne Henriot - Champagne \"Brut Ros\u00e9\" - IVINIO Caviste","og_description":"Henriot - Champagne \"Brut Ros\u00e9\". El\u00e9gant et sensuel d'une belle couleur rose p\u00e2le. Un fruit\u00e9, et une belle fra\u00eecheur avec des notes de fruits rouges.","og_url":"https:\/\/www.ivinio.com\/fr\/produit\/champagne-henriot-champagne-brut-rose\/","og_site_name":"IVINIO Caviste","article_publisher":"https:\/\/www.facebook.com\/groups\/165217837022391\/?ref=bookmarks","article_modified_time":"2022-12-29T18:08:04+00:00","og_image":[{"width":500,"height":500,"url":"https:\/\/www.ivinio.com\/wp-content\/uploads\/nc\/public\/modules\/file\/pictures\/6151.Henriot-brut-ros-ivinio.jpg","type":"image\/jpeg"}],"twitter_card":"summary_large_image","twitter_misc":{"Dur\u00e9e de lecture estim\u00e9e":"1 minute"},"schema":{"@context":"https:\/\/schema.org","@graph":[{"@type":"WebPage","@id":"https:\/\/www.ivinio.com\/fr\/produit\/champagne-henriot-champagne-brut-rose\/","url":"https:\/\/www.ivinio.com\/fr\/produit\/champagne-henriot-champagne-brut-rose\/","name":"Acheter Champagne Henriot - Champagne \"Brut Ros\u00e9\" - IVINIO Caviste","isPartOf":{"@id":"https:\/\/www.ivinio.com\/fr\/#website"},"primaryImageOfPage":{"@id":"https:\/\/www.ivinio.com\/fr\/produit\/champagne-henriot-champagne-brut-rose\/#primaryimage"},"image":{"@id":"https:\/\/www.ivinio.com\/fr\/produit\/champagne-henriot-champagne-brut-rose\/#primaryimage"},"thumbnailUrl":"https:\/\/www.ivinio.com\/wp-content\/uploads\/nc\/public\/modules\/file\/pictures\/6151.Henriot-brut-ros-ivinio.jpg","datePublished":"2014-09-22T16:24:40+00:00","dateModified":"2022-12-29T18:08:04+00:00","description":"Henriot - Champagne \"Brut Ros\u00e9\". El\u00e9gant et sensuel d'une belle couleur rose p\u00e2le. Un fruit\u00e9, et une belle fra\u00eecheur avec des notes de fruits rouges.","breadcrumb":{"@id":"https:\/\/www.ivinio.com\/fr\/produit\/champagne-henriot-champagne-brut-rose\/#breadcrumb"},"inLanguage":"fr-FR","potentialAction":[{"@type":"ReadAction","target":["https:\/\/www.ivinio.com\/fr\/produit\/champagne-henriot-champagne-brut-rose\/"]}]},{"@type":"ImageObject","inLanguage":"fr-FR","@id":"https:\/\/www.ivinio.com\/fr\/produit\/champagne-henriot-champagne-brut-rose\/#primaryimage","url":"https:\/\/www.ivinio.com\/wp-content\/uploads\/nc\/public\/modules\/file\/pictures\/6151.Henriot-brut-ros-ivinio.jpg","contentUrl":"https:\/\/www.ivinio.com\/wp-content\/uploads\/nc\/public\/modules\/file\/pictures\/6151.Henriot-brut-ros-ivinio.jpg","width":500,"height":500},{"@type":"BreadcrumbList","@id":"https:\/\/www.ivinio.com\/fr\/produit\/champagne-henriot-champagne-brut-rose\/#breadcrumb","itemListElement":[{"@type":"ListItem","position":1,"name":"Home","item":"https:\/\/www.ivinio.com\/fr\/"},{"@type":"ListItem","position":2,"name":"Boutique de vin","item":"https:\/\/www.ivinio.com\/fr\/boutique-de-vin\/"},{"@type":"ListItem","position":3,"name":"Champagne Henriot &#8211; Champagne &#8220;Brut Ros\u00e9&#8221;"}]},{"@type":"WebSite","@id":"https:\/\/www.ivinio.com\/fr\/#website","url":"https:\/\/www.ivinio.com\/fr\/","name":"IVINIO Caviste","description":"Vins de France et d&#039;Italie avec livraison \u00e0 domicile","publisher":{"@id":"https:\/\/www.ivinio.com\/fr\/#organization"},"potentialAction":[{"@type":"SearchAction","target":{"@type":"EntryPoint","urlTemplate":"https:\/\/www.ivinio.com\/fr\/?s={search_term_string}"},"query-input":{"@type":"PropertyValueSpecification","valueRequired":true,"valueName":"search_term_string"}}],"inLanguage":"fr-FR"},{"@type":"Organization","@id":"https:\/\/www.ivinio.com\/fr\/#organization","name":"IVINIO","url":"https:\/\/www.ivinio.com\/fr\/","logo":{"@type":"ImageObject","inLanguage":"fr-FR","@id":"https:\/\/www.ivinio.com\/fr\/#\/schema\/logo\/image\/","url":"https:\/\/www.ivinio.com\/wp-content\/uploads\/2021\/01\/Logo-Ivinio-v2.jpg","contentUrl":"https:\/\/www.ivinio.com\/wp-content\/uploads\/2021\/01\/Logo-Ivinio-v2.jpg","width":1194,"height":1194,"caption":"IVINIO"},"image":{"@id":"https:\/\/www.ivinio.com\/fr\/#\/schema\/logo\/image\/"},"sameAs":["https:\/\/www.facebook.com\/groups\/165217837022391\/?ref=bookmarks","https:\/\/www.instagram.com\/_ivinio_\/?hl=fr"]}]}},"jetpack_sharing_enabled":true,"_links":{"self":[{"href":"https:\/\/www.ivinio.com\/fr\/wp-json\/wp\/v2\/product\/120120","targetHints":{"allow":["GET"]}}],"collection":[{"href":"https:\/\/www.ivinio.com\/fr\/wp-json\/wp\/v2\/product"}],"about":[{"href":"https:\/\/www.ivinio.com\/fr\/wp-json\/wp\/v2\/types\/product"}],"replies":[{"embeddable":true,"href":"https:\/\/www.ivinio.com\/fr\/wp-json\/wp\/v2\/comments?post=120120"}],"wp:featuredmedia":[{"embeddable":true,"href":"https:\/\/www.ivinio.com\/fr\/wp-json\/wp\/v2\/media\/120123"}],"wp:attachment":[{"href":"https:\/\/www.ivinio.com\/fr\/wp-json\/wp\/v2\/media?parent=120120"}],"wp:term":[{"taxonomy":"product_brand","embeddable":true,"href":"https:\/\/www.ivinio.com\/fr\/wp-json\/wp\/v2\/product_brand?post=120120"},{"taxonomy":"product_cat","embeddable":true,"href":"https:\/\/www.ivinio.com\/fr\/wp-json\/wp\/v2\/product_cat?post=120120"},{"taxonomy":"product_tag","embeddable":true,"href":"https:\/\/www.ivinio.com\/fr\/wp-json\/wp\/v2\/product_tag?post=120120"}],"curies":[{"name":"wp","href":"https:\/\/api.w.org\/{rel}","templated":true}]}}