{"id":120090,"date":"2016-01-16T11:42:52","date_gmt":"2016-01-16T11:42:52","guid":{"rendered":"https:\/\/henrik.www.ivinio.com\/?product=montalbera-laccento-docg-ruche-rouge"},"modified":"2022-02-16T23:53:55","modified_gmt":"2022-02-16T22:53:55","slug":"montalbera-laccento-docg-ruche-rouge","status":"publish","type":"product","link":"https:\/\/www.ivinio.com\/fr\/produit\/montalbera-laccento-docg-ruche-rouge\/","title":{"rendered":"Montalbera &#8220;Laccento&#8221; &#8211; DOCG Ruch\u00e8 &#8211; Rouge"},"content":{"rendered":"<p>Laccento de\u00a0Montalbera est un vin rouge, de Castagnole Monferrato, dans le nord-ouest de l&#8217;Italie le Pi\u00e9mont, pr\u00e8s de la ville d&#8217;Asti. Il est compos\u00e9 \u00e0\u00a0100% du c\u00e9page Ruch\u00e8. Ruch\u00e8 n&#8217;est pas aussi connu que le Barbera ou le Nebbiolo (c\u00e9pages typiquement pi\u00e9montais), mais qui vaut la peine d&#8217;\u00eatre d\u00e9gust\u00e9 ! Le c\u00e9page Ruch\u00e8\u00a0est\u00a0probablement originaire\u00a0de\u00a0la Bourgogne fran\u00e7aise et a \u00e9t\u00e9 import\u00e9 par les moines de\u00a0Monferrato. Un vin presque jamais commercialis\u00e9, il \u00e9tait consomm\u00e9 en famille\u00a0pour des occasions festives. Le Laccento est produit \u00e0 partir de raisins cultiv\u00e9s sur de vieilles vignes d&#8217;au moins 25 ans. 95% des raisins sont cueillis presque m\u00fbrs\u00a0et les autres 5% sont pris peu de temps avant la maturit\u00e9 parfaite. Les raisins sont ensuite\u00a0plac\u00e9s sur une\u00a0grille en bois pendant un certain temps. Cette m\u00e9thode nous\u00a0rappelle la production d&#8217;Amarone. Le vin est produit selon le processus\u00a0traditionnel avec une mac\u00e9ration \u00e0 froid,\u00a0r\u00e9sultat de la fermentation. Le processus de fermentation totale prend 12-14 jours. Le vin est mis en bouteille et stock\u00e9 pendant 6 mois.<\/p>\n","protected":false},"excerpt":{"rendered":"<p>Laccento de Montalbera est un\u00a0vin\u00a0rouge\u00a0cors\u00e9\u00a0du Pi\u00e9mont en Italie, compos\u00e9 \u00e0\u00a0100% du c\u00e9page Ruche. Un vin rouge peu connu qui \u00e9tait plus vendu autrefois, et que l&#8217;on servait \u00e0 l&#8217;occasion de repas de famille festifs !<\/p>\n","protected":false},"featured_media":120093,"comment_status":"open","ping_status":"closed","template":"","meta":{"_monsterinsights_skip_tracking":false,"_monsterinsights_sitenote_active":false,"_monsterinsights_sitenote_note":"","_monsterinsights_sitenote_category":0,"_uf_show_specific_survey":0,"_uf_disable_surveys":false},"product_brand":[],"product_cat":[36598,36589],"product_tag":[],"class_list":{"0":"post-120090","1":"product","2":"type-product","3":"status-publish","4":"has-post-thumbnail","6":"product_cat-fr-piemont","7":"product_cat-vins-italiens","8":"pa_alcohol-degree-14-fr","9":"pa_awards-annuario-dei-migliori-vini-italiani-fr","10":"pa_awards-decanter-fr","11":"pa_awards-gambero-rosso-fr","12":"pa_classification-docg-ruche-di-castagnole-monferrato-fr","13":"pa_color-rouge-fr","14":"pa_country-italie-fr","15":"pa_grape-variety-ruche-fr","16":"pa_region-piemont-fr","17":"pa_storage-potential-8-ans","18":"pa_vintage-2019-fr","19":"pa_volume-75-cl-fr","21":"first","22":"instock","23":"taxable","24":"shipping-taxable","25":"purchasable","26":"product-type-simple"},"bundled_by":[],"bundle_stock_status":"instock","bundle_stock_quantity":null,"bundle_virtual":false,"bundle_layout":"","bundle_add_to_cart_form_location":"","bundle_editable_in_cart":false,"bundle_sold_individually_context":"","bundle_item_grouping":"","bundle_min_size":"","bundle_max_size":"","bundle_price":[],"bundled_items":[],"bundle_sell_ids":[],"yoast_head":"<!-- This site is optimized with the Yoast SEO plugin v27.5 - https:\/\/yoast.com\/product\/yoast-seo-wordpress\/ -->\n<title>Acheter Montalbera &quot;Laccento&quot; - DOCG Ruch\u00e8 - vin rouge - IVINIO Caviste<\/title>\n<meta name=\"description\" content=\"Acheter Montalbera &quot;Laccento&quot; - DOCG Ruch\u00e8 - vin rouge du Pi\u00e9mont en Italie. Compos\u00e9 \u00e0\u00a0100% du c\u00e9page Ruche. Un vin rouge tr\u00e8s bon mais peu connu.\" \/>\n<meta name=\"robots\" content=\"index, follow, max-snippet:-1, max-image-preview:large, max-video-preview:-1\" \/>\n<link rel=\"canonical\" href=\"https:\/\/www.ivinio.com\/fr\/produit\/montalbera-laccento-docg-ruche-rouge\/\" \/>\n<meta property=\"og:locale\" content=\"fr_FR\" \/>\n<meta property=\"og:type\" content=\"article\" \/>\n<meta property=\"og:title\" content=\"Acheter Montalbera &quot;Laccento&quot; - DOCG Ruch\u00e8 - vin rouge - IVINIO Caviste\" \/>\n<meta property=\"og:description\" content=\"Acheter Montalbera &quot;Laccento&quot; - DOCG Ruch\u00e8 - vin rouge du Pi\u00e9mont en Italie. Compos\u00e9 \u00e0\u00a0100% du c\u00e9page Ruche. Un vin rouge tr\u00e8s bon mais peu connu.\" \/>\n<meta property=\"og:url\" content=\"https:\/\/www.ivinio.com\/fr\/produit\/montalbera-laccento-docg-ruche-rouge\/\" \/>\n<meta property=\"og:site_name\" content=\"IVINIO Caviste\" \/>\n<meta property=\"article:publisher\" content=\"https:\/\/www.facebook.com\/groups\/165217837022391\/?ref=bookmarks\" \/>\n<meta property=\"article:modified_time\" content=\"2022-02-16T22:53:55+00:00\" \/>\n<meta property=\"og:image\" content=\"https:\/\/www.ivinio.com\/wp-content\/uploads\/nc\/public\/modules\/file\/pictures\/6186.montalbera-ruch-ivinio.jpg\" \/>\n\t<meta property=\"og:image:width\" content=\"500\" \/>\n\t<meta property=\"og:image:height\" content=\"500\" \/>\n\t<meta property=\"og:image:type\" content=\"image\/jpeg\" \/>\n<meta name=\"twitter:card\" content=\"summary_large_image\" \/>\n<meta name=\"twitter:label1\" content=\"Dur\u00e9e de lecture estim\u00e9e\" \/>\n\t<meta name=\"twitter:data1\" content=\"1 minute\" \/>\n<script type=\"application\/ld+json\" class=\"yoast-schema-graph\">{\"@context\":\"https:\\\/\\\/schema.org\",\"@graph\":[{\"@type\":\"WebPage\",\"@id\":\"https:\\\/\\\/www.ivinio.com\\\/fr\\\/produit\\\/montalbera-laccento-docg-ruche-rouge\\\/\",\"url\":\"https:\\\/\\\/www.ivinio.com\\\/fr\\\/produit\\\/montalbera-laccento-docg-ruche-rouge\\\/\",\"name\":\"Acheter Montalbera \\\"Laccento\\\" - DOCG Ruch\u00e8 - vin rouge - IVINIO Caviste\",\"isPartOf\":{\"@id\":\"https:\\\/\\\/www.ivinio.com\\\/fr\\\/#website\"},\"primaryImageOfPage\":{\"@id\":\"https:\\\/\\\/www.ivinio.com\\\/fr\\\/produit\\\/montalbera-laccento-docg-ruche-rouge\\\/#primaryimage\"},\"image\":{\"@id\":\"https:\\\/\\\/www.ivinio.com\\\/fr\\\/produit\\\/montalbera-laccento-docg-ruche-rouge\\\/#primaryimage\"},\"thumbnailUrl\":\"https:\\\/\\\/www.ivinio.com\\\/wp-content\\\/uploads\\\/nc\\\/public\\\/modules\\\/file\\\/pictures\\\/6186.montalbera-ruch-ivinio.jpg\",\"datePublished\":\"2016-01-16T11:42:52+00:00\",\"dateModified\":\"2022-02-16T22:53:55+00:00\",\"description\":\"Acheter Montalbera \\\"Laccento\\\" - DOCG Ruch\u00e8 - vin rouge du Pi\u00e9mont en Italie. Compos\u00e9 \u00e0\u00a0100% du c\u00e9page Ruche. Un vin rouge tr\u00e8s bon mais peu connu.\",\"breadcrumb\":{\"@id\":\"https:\\\/\\\/www.ivinio.com\\\/fr\\\/produit\\\/montalbera-laccento-docg-ruche-rouge\\\/#breadcrumb\"},\"inLanguage\":\"fr-FR\",\"potentialAction\":[{\"@type\":\"ReadAction\",\"target\":[\"https:\\\/\\\/www.ivinio.com\\\/fr\\\/produit\\\/montalbera-laccento-docg-ruche-rouge\\\/\"]}]},{\"@type\":\"ImageObject\",\"inLanguage\":\"fr-FR\",\"@id\":\"https:\\\/\\\/www.ivinio.com\\\/fr\\\/produit\\\/montalbera-laccento-docg-ruche-rouge\\\/#primaryimage\",\"url\":\"https:\\\/\\\/www.ivinio.com\\\/wp-content\\\/uploads\\\/nc\\\/public\\\/modules\\\/file\\\/pictures\\\/6186.montalbera-ruch-ivinio.jpg\",\"contentUrl\":\"https:\\\/\\\/www.ivinio.com\\\/wp-content\\\/uploads\\\/nc\\\/public\\\/modules\\\/file\\\/pictures\\\/6186.montalbera-ruch-ivinio.jpg\",\"width\":500,\"height\":500,\"caption\":\"Montalbera \\\"Laccento\\\" - DOCG Ruch\u00e8\"},{\"@type\":\"BreadcrumbList\",\"@id\":\"https:\\\/\\\/www.ivinio.com\\\/fr\\\/produit\\\/montalbera-laccento-docg-ruche-rouge\\\/#breadcrumb\",\"itemListElement\":[{\"@type\":\"ListItem\",\"position\":1,\"name\":\"Home\",\"item\":\"https:\\\/\\\/www.ivinio.com\\\/fr\\\/\"},{\"@type\":\"ListItem\",\"position\":2,\"name\":\"Boutique de vin\",\"item\":\"https:\\\/\\\/www.ivinio.com\\\/fr\\\/boutique-de-vin\\\/\"},{\"@type\":\"ListItem\",\"position\":3,\"name\":\"Montalbera &#8220;Laccento&#8221; &#8211; DOCG Ruch\u00e8 &#8211; Rouge\"}]},{\"@type\":\"WebSite\",\"@id\":\"https:\\\/\\\/www.ivinio.com\\\/fr\\\/#website\",\"url\":\"https:\\\/\\\/www.ivinio.com\\\/fr\\\/\",\"name\":\"IVINIO Caviste\",\"description\":\"Vins de France et d&#039;Italie avec livraison \u00e0 domicile\",\"publisher\":{\"@id\":\"https:\\\/\\\/www.ivinio.com\\\/fr\\\/#organization\"},\"potentialAction\":[{\"@type\":\"SearchAction\",\"target\":{\"@type\":\"EntryPoint\",\"urlTemplate\":\"https:\\\/\\\/www.ivinio.com\\\/fr\\\/?s={search_term_string}\"},\"query-input\":{\"@type\":\"PropertyValueSpecification\",\"valueRequired\":true,\"valueName\":\"search_term_string\"}}],\"inLanguage\":\"fr-FR\"},{\"@type\":\"Organization\",\"@id\":\"https:\\\/\\\/www.ivinio.com\\\/fr\\\/#organization\",\"name\":\"IVINIO\",\"url\":\"https:\\\/\\\/www.ivinio.com\\\/fr\\\/\",\"logo\":{\"@type\":\"ImageObject\",\"inLanguage\":\"fr-FR\",\"@id\":\"https:\\\/\\\/www.ivinio.com\\\/fr\\\/#\\\/schema\\\/logo\\\/image\\\/\",\"url\":\"https:\\\/\\\/www.ivinio.com\\\/wp-content\\\/uploads\\\/2021\\\/01\\\/Logo-Ivinio-v2.jpg\",\"contentUrl\":\"https:\\\/\\\/www.ivinio.com\\\/wp-content\\\/uploads\\\/2021\\\/01\\\/Logo-Ivinio-v2.jpg\",\"width\":1194,\"height\":1194,\"caption\":\"IVINIO\"},\"image\":{\"@id\":\"https:\\\/\\\/www.ivinio.com\\\/fr\\\/#\\\/schema\\\/logo\\\/image\\\/\"},\"sameAs\":[\"https:\\\/\\\/www.facebook.com\\\/groups\\\/165217837022391\\\/?ref=bookmarks\",\"https:\\\/\\\/www.instagram.com\\\/_ivinio_\\\/?hl=fr\"]}]}<\/script>\n<!-- \/ Yoast SEO plugin. -->","yoast_head_json":{"title":"Acheter Montalbera \"Laccento\" - DOCG Ruch\u00e8 - vin rouge - IVINIO Caviste","description":"Acheter Montalbera \"Laccento\" - DOCG Ruch\u00e8 - vin rouge du Pi\u00e9mont en Italie. Compos\u00e9 \u00e0\u00a0100% du c\u00e9page Ruche. Un vin rouge tr\u00e8s bon mais peu connu.","robots":{"index":"index","follow":"follow","max-snippet":"max-snippet:-1","max-image-preview":"max-image-preview:large","max-video-preview":"max-video-preview:-1"},"canonical":"https:\/\/www.ivinio.com\/fr\/produit\/montalbera-laccento-docg-ruche-rouge\/","og_locale":"fr_FR","og_type":"article","og_title":"Acheter Montalbera \"Laccento\" - DOCG Ruch\u00e8 - vin rouge - IVINIO Caviste","og_description":"Acheter Montalbera \"Laccento\" - DOCG Ruch\u00e8 - vin rouge du Pi\u00e9mont en Italie. Compos\u00e9 \u00e0\u00a0100% du c\u00e9page Ruche. Un vin rouge tr\u00e8s bon mais peu connu.","og_url":"https:\/\/www.ivinio.com\/fr\/produit\/montalbera-laccento-docg-ruche-rouge\/","og_site_name":"IVINIO Caviste","article_publisher":"https:\/\/www.facebook.com\/groups\/165217837022391\/?ref=bookmarks","article_modified_time":"2022-02-16T22:53:55+00:00","og_image":[{"width":500,"height":500,"url":"https:\/\/www.ivinio.com\/wp-content\/uploads\/nc\/public\/modules\/file\/pictures\/6186.montalbera-ruch-ivinio.jpg","type":"image\/jpeg"}],"twitter_card":"summary_large_image","twitter_misc":{"Dur\u00e9e de lecture estim\u00e9e":"1 minute"},"schema":{"@context":"https:\/\/schema.org","@graph":[{"@type":"WebPage","@id":"https:\/\/www.ivinio.com\/fr\/produit\/montalbera-laccento-docg-ruche-rouge\/","url":"https:\/\/www.ivinio.com\/fr\/produit\/montalbera-laccento-docg-ruche-rouge\/","name":"Acheter Montalbera \"Laccento\" - DOCG Ruch\u00e8 - vin rouge - IVINIO Caviste","isPartOf":{"@id":"https:\/\/www.ivinio.com\/fr\/#website"},"primaryImageOfPage":{"@id":"https:\/\/www.ivinio.com\/fr\/produit\/montalbera-laccento-docg-ruche-rouge\/#primaryimage"},"image":{"@id":"https:\/\/www.ivinio.com\/fr\/produit\/montalbera-laccento-docg-ruche-rouge\/#primaryimage"},"thumbnailUrl":"https:\/\/www.ivinio.com\/wp-content\/uploads\/nc\/public\/modules\/file\/pictures\/6186.montalbera-ruch-ivinio.jpg","datePublished":"2016-01-16T11:42:52+00:00","dateModified":"2022-02-16T22:53:55+00:00","description":"Acheter Montalbera \"Laccento\" - DOCG Ruch\u00e8 - vin rouge du Pi\u00e9mont en Italie. Compos\u00e9 \u00e0\u00a0100% du c\u00e9page Ruche. Un vin rouge tr\u00e8s bon mais peu connu.","breadcrumb":{"@id":"https:\/\/www.ivinio.com\/fr\/produit\/montalbera-laccento-docg-ruche-rouge\/#breadcrumb"},"inLanguage":"fr-FR","potentialAction":[{"@type":"ReadAction","target":["https:\/\/www.ivinio.com\/fr\/produit\/montalbera-laccento-docg-ruche-rouge\/"]}]},{"@type":"ImageObject","inLanguage":"fr-FR","@id":"https:\/\/www.ivinio.com\/fr\/produit\/montalbera-laccento-docg-ruche-rouge\/#primaryimage","url":"https:\/\/www.ivinio.com\/wp-content\/uploads\/nc\/public\/modules\/file\/pictures\/6186.montalbera-ruch-ivinio.jpg","contentUrl":"https:\/\/www.ivinio.com\/wp-content\/uploads\/nc\/public\/modules\/file\/pictures\/6186.montalbera-ruch-ivinio.jpg","width":500,"height":500,"caption":"Montalbera \"Laccento\" - DOCG Ruch\u00e8"},{"@type":"BreadcrumbList","@id":"https:\/\/www.ivinio.com\/fr\/produit\/montalbera-laccento-docg-ruche-rouge\/#breadcrumb","itemListElement":[{"@type":"ListItem","position":1,"name":"Home","item":"https:\/\/www.ivinio.com\/fr\/"},{"@type":"ListItem","position":2,"name":"Boutique de vin","item":"https:\/\/www.ivinio.com\/fr\/boutique-de-vin\/"},{"@type":"ListItem","position":3,"name":"Montalbera &#8220;Laccento&#8221; &#8211; DOCG Ruch\u00e8 &#8211; Rouge"}]},{"@type":"WebSite","@id":"https:\/\/www.ivinio.com\/fr\/#website","url":"https:\/\/www.ivinio.com\/fr\/","name":"IVINIO Caviste","description":"Vins de France et d&#039;Italie avec livraison \u00e0 domicile","publisher":{"@id":"https:\/\/www.ivinio.com\/fr\/#organization"},"potentialAction":[{"@type":"SearchAction","target":{"@type":"EntryPoint","urlTemplate":"https:\/\/www.ivinio.com\/fr\/?s={search_term_string}"},"query-input":{"@type":"PropertyValueSpecification","valueRequired":true,"valueName":"search_term_string"}}],"inLanguage":"fr-FR"},{"@type":"Organization","@id":"https:\/\/www.ivinio.com\/fr\/#organization","name":"IVINIO","url":"https:\/\/www.ivinio.com\/fr\/","logo":{"@type":"ImageObject","inLanguage":"fr-FR","@id":"https:\/\/www.ivinio.com\/fr\/#\/schema\/logo\/image\/","url":"https:\/\/www.ivinio.com\/wp-content\/uploads\/2021\/01\/Logo-Ivinio-v2.jpg","contentUrl":"https:\/\/www.ivinio.com\/wp-content\/uploads\/2021\/01\/Logo-Ivinio-v2.jpg","width":1194,"height":1194,"caption":"IVINIO"},"image":{"@id":"https:\/\/www.ivinio.com\/fr\/#\/schema\/logo\/image\/"},"sameAs":["https:\/\/www.facebook.com\/groups\/165217837022391\/?ref=bookmarks","https:\/\/www.instagram.com\/_ivinio_\/?hl=fr"]}]}},"jetpack_sharing_enabled":true,"_links":{"self":[{"href":"https:\/\/www.ivinio.com\/fr\/wp-json\/wp\/v2\/product\/120090","targetHints":{"allow":["GET"]}}],"collection":[{"href":"https:\/\/www.ivinio.com\/fr\/wp-json\/wp\/v2\/product"}],"about":[{"href":"https:\/\/www.ivinio.com\/fr\/wp-json\/wp\/v2\/types\/product"}],"replies":[{"embeddable":true,"href":"https:\/\/www.ivinio.com\/fr\/wp-json\/wp\/v2\/comments?post=120090"}],"wp:featuredmedia":[{"embeddable":true,"href":"https:\/\/www.ivinio.com\/fr\/wp-json\/wp\/v2\/media\/120093"}],"wp:attachment":[{"href":"https:\/\/www.ivinio.com\/fr\/wp-json\/wp\/v2\/media?parent=120090"}],"wp:term":[{"taxonomy":"product_brand","embeddable":true,"href":"https:\/\/www.ivinio.com\/fr\/wp-json\/wp\/v2\/product_brand?post=120090"},{"taxonomy":"product_cat","embeddable":true,"href":"https:\/\/www.ivinio.com\/fr\/wp-json\/wp\/v2\/product_cat?post=120090"},{"taxonomy":"product_tag","embeddable":true,"href":"https:\/\/www.ivinio.com\/fr\/wp-json\/wp\/v2\/product_tag?post=120090"}],"curies":[{"name":"wp","href":"https:\/\/api.w.org\/{rel}","templated":true}]}}