{"id":120073,"date":"2014-05-21T10:20:31","date_gmt":"2014-05-21T10:20:31","guid":{"rendered":"https:\/\/henrik.www.ivinio.com\/?product=domaine-boudau-cotes-du-roussillon-villages-patrimoine-rouge"},"modified":"2022-05-05T18:21:49","modified_gmt":"2022-05-05T16:21:49","slug":"domaine-boudau-cotes-du-roussillon-villages-patrimoine-rouge","status":"publish","type":"product","link":"https:\/\/www.ivinio.com\/fr\/produit\/domaine-boudau-cotes-du-roussillon-villages-patrimoine-rouge\/","title":{"rendered":"Domaine Boudau &#8211; C\u00f4tes du Roussillon villages &#8220;Patrimoine&#8221; &#8211; Rouge"},"content":{"rendered":"<p>&#8220;Patrimoine&#8221; du domaine Boudau\u00a0est un C\u00f4tes-du-Roussillon-Villages compos\u00e9 \u00e0\u00a060% de Grenache, 30% de Syrah et 10% de Carignan. Les raisins sont cueillis \u00e0 la main puis\u00a0\u00e9grapp\u00e9s. La fermentation est faite selon la m\u00e9thode traditionnelle avec pigeage r\u00e9gulier. Elle\u00a0prend 21 jours pour le Syrah, 18 jours pour le Grenache\u00a0et 14 jours pour le Carignan. Le vin est ensuite \u00e9lev\u00e9 sur ses lies pendant 6 mois. Seule la\u00a0Syrah\u00a0subit une fermentation malolactique. Un vin du\u00a0Roussillon r\u00e9guli\u00e8rement\u00a0prim\u00e9.<\/p>\n","protected":false},"excerpt":{"rendered":"<p>&#8220;Patrimoine&#8221; du\u00a0Domaine Boudau\u00a0est un C\u00f4tes-du-Roussillon-Villages compos\u00e9 \u00e0\u00a060% de Grenache, 30% de Syrah et 10% de Carignan. Cette cuv\u00e9e est le haut de gamme\u00a0du\u00a0Domaine Boudau, r\u00e9guli\u00e8rement r\u00e9compens\u00e9\u00a0!<\/p>\n","protected":false},"featured_media":120076,"comment_status":"open","ping_status":"closed","template":"","meta":{"_monsterinsights_skip_tracking":false,"_monsterinsights_sitenote_active":false,"_monsterinsights_sitenote_note":"","_monsterinsights_sitenote_category":0,"_uf_show_specific_survey":0,"_uf_disable_surveys":false},"product_brand":[],"product_cat":[36651,36588],"product_tag":[],"class_list":{"0":"post-120073","1":"product","2":"type-product","3":"status-publish","4":"has-post-thumbnail","6":"product_cat-sv-roussillon","7":"product_cat-franska-viner","8":"pa_alcohol-degree-14-5-sv","9":"pa_awards-concours-des-vignerons-independants","10":"pa_classification-aop-cotes-du-roussillon-villages-sv","11":"pa_color-rod-sv","12":"pa_country-frankrike-sv","13":"pa_grape-variety-carignan-sv","14":"pa_grape-variety-grenache-sv","15":"pa_grape-variety-syrah-sv","16":"pa_region-roussillon-sv","17":"pa_storage-potential-8-ar","18":"pa_vintage-39899","19":"pa_volume-75-cl-sv","21":"first","22":"instock","23":"taxable","24":"shipping-taxable","25":"purchasable","26":"product-type-simple"},"bundled_by":[],"bundle_stock_status":"instock","bundle_stock_quantity":null,"bundle_virtual":false,"bundle_layout":"","bundle_add_to_cart_form_location":"","bundle_editable_in_cart":false,"bundle_sold_individually_context":"","bundle_item_grouping":"","bundle_min_size":"","bundle_max_size":"","bundle_price":[],"bundled_items":[],"bundle_sell_ids":[],"yoast_head":"<!-- This site is optimized with the Yoast SEO plugin v27.5 - https:\/\/yoast.com\/product\/yoast-seo-wordpress\/ -->\n<title>Domaine Boudau-C\u00f4tes du Roussillon villages &quot;Patrimoine&quot; - IVINIO Caviste<\/title>\n<meta name=\"description\" content=\"Acheter Domaine Boudau - C\u00f4tes du Roussillon villages &quot;Patrimoine&quot;. Ar\u00f4mes de sous bois, de baies noires et d&#039;\u00e9pices. Souvent r\u00e9compens\u00e9 !\" \/>\n<meta name=\"robots\" content=\"index, follow, max-snippet:-1, max-image-preview:large, max-video-preview:-1\" \/>\n<link rel=\"canonical\" href=\"https:\/\/www.ivinio.com\/fr\/produit\/domaine-boudau-cotes-du-roussillon-villages-patrimoine-rouge\/\" \/>\n<meta property=\"og:locale\" content=\"fr_FR\" \/>\n<meta property=\"og:type\" content=\"article\" \/>\n<meta property=\"og:title\" content=\"Domaine Boudau-C\u00f4tes du Roussillon villages &quot;Patrimoine&quot; - IVINIO Caviste\" \/>\n<meta property=\"og:description\" content=\"Acheter Domaine Boudau - C\u00f4tes du Roussillon villages &quot;Patrimoine&quot;. Ar\u00f4mes de sous bois, de baies noires et d&#039;\u00e9pices. Souvent r\u00e9compens\u00e9 !\" \/>\n<meta property=\"og:url\" content=\"https:\/\/www.ivinio.com\/fr\/produit\/domaine-boudau-cotes-du-roussillon-villages-patrimoine-rouge\/\" \/>\n<meta property=\"og:site_name\" content=\"IVINIO Caviste\" \/>\n<meta property=\"article:publisher\" content=\"https:\/\/www.facebook.com\/groups\/165217837022391\/?ref=bookmarks\" \/>\n<meta property=\"article:modified_time\" content=\"2022-05-05T16:21:49+00:00\" \/>\n<meta property=\"og:image\" content=\"https:\/\/www.ivinio.com\/wp-content\/uploads\/nc\/public\/modules\/file\/pictures\/6129.domaine-boudau-Patrimoine-Ivinio.jpg\" \/>\n\t<meta property=\"og:image:width\" content=\"500\" \/>\n\t<meta property=\"og:image:height\" content=\"500\" \/>\n\t<meta property=\"og:image:type\" content=\"image\/jpeg\" \/>\n<meta name=\"twitter:card\" content=\"summary_large_image\" \/>\n<script type=\"application\/ld+json\" class=\"yoast-schema-graph\">{\"@context\":\"https:\\\/\\\/schema.org\",\"@graph\":[{\"@type\":\"WebPage\",\"@id\":\"https:\\\/\\\/www.ivinio.com\\\/fr\\\/produit\\\/domaine-boudau-cotes-du-roussillon-villages-patrimoine-rouge\\\/\",\"url\":\"https:\\\/\\\/www.ivinio.com\\\/fr\\\/produit\\\/domaine-boudau-cotes-du-roussillon-villages-patrimoine-rouge\\\/\",\"name\":\"Domaine Boudau-C\u00f4tes du Roussillon villages \\\"Patrimoine\\\" - IVINIO Caviste\",\"isPartOf\":{\"@id\":\"https:\\\/\\\/www.ivinio.com\\\/fr\\\/#website\"},\"primaryImageOfPage\":{\"@id\":\"https:\\\/\\\/www.ivinio.com\\\/fr\\\/produit\\\/domaine-boudau-cotes-du-roussillon-villages-patrimoine-rouge\\\/#primaryimage\"},\"image\":{\"@id\":\"https:\\\/\\\/www.ivinio.com\\\/fr\\\/produit\\\/domaine-boudau-cotes-du-roussillon-villages-patrimoine-rouge\\\/#primaryimage\"},\"thumbnailUrl\":\"https:\\\/\\\/www.ivinio.com\\\/wp-content\\\/uploads\\\/nc\\\/public\\\/modules\\\/file\\\/pictures\\\/6129.domaine-boudau-Patrimoine-Ivinio.jpg\",\"datePublished\":\"2014-05-21T10:20:31+00:00\",\"dateModified\":\"2022-05-05T16:21:49+00:00\",\"description\":\"Acheter Domaine Boudau - C\u00f4tes du Roussillon villages \\\"Patrimoine\\\". Ar\u00f4mes de sous bois, de baies noires et d'\u00e9pices. Souvent r\u00e9compens\u00e9 !\",\"breadcrumb\":{\"@id\":\"https:\\\/\\\/www.ivinio.com\\\/fr\\\/produit\\\/domaine-boudau-cotes-du-roussillon-villages-patrimoine-rouge\\\/#breadcrumb\"},\"inLanguage\":\"fr-FR\",\"potentialAction\":[{\"@type\":\"ReadAction\",\"target\":[\"https:\\\/\\\/www.ivinio.com\\\/fr\\\/produit\\\/domaine-boudau-cotes-du-roussillon-villages-patrimoine-rouge\\\/\"]}]},{\"@type\":\"ImageObject\",\"inLanguage\":\"fr-FR\",\"@id\":\"https:\\\/\\\/www.ivinio.com\\\/fr\\\/produit\\\/domaine-boudau-cotes-du-roussillon-villages-patrimoine-rouge\\\/#primaryimage\",\"url\":\"https:\\\/\\\/www.ivinio.com\\\/wp-content\\\/uploads\\\/nc\\\/public\\\/modules\\\/file\\\/pictures\\\/6129.domaine-boudau-Patrimoine-Ivinio.jpg\",\"contentUrl\":\"https:\\\/\\\/www.ivinio.com\\\/wp-content\\\/uploads\\\/nc\\\/public\\\/modules\\\/file\\\/pictures\\\/6129.domaine-boudau-Patrimoine-Ivinio.jpg\",\"width\":500,\"height\":500,\"caption\":\"Domaine Boudau - C\u00f4tes du Roussillon villages \\\"Patrimoine\\\"\"},{\"@type\":\"BreadcrumbList\",\"@id\":\"https:\\\/\\\/www.ivinio.com\\\/fr\\\/produit\\\/domaine-boudau-cotes-du-roussillon-villages-patrimoine-rouge\\\/#breadcrumb\",\"itemListElement\":[{\"@type\":\"ListItem\",\"position\":1,\"name\":\"Home\",\"item\":\"https:\\\/\\\/www.ivinio.com\\\/fr\\\/\"},{\"@type\":\"ListItem\",\"position\":2,\"name\":\"Boutique de vin\",\"item\":\"https:\\\/\\\/www.ivinio.com\\\/fr\\\/boutique-de-vin\\\/\"},{\"@type\":\"ListItem\",\"position\":3,\"name\":\"Domaine Boudau &#8211; C\u00f4tes du Roussillon villages &#8220;Patrimoine&#8221; &#8211; Rouge\"}]},{\"@type\":\"WebSite\",\"@id\":\"https:\\\/\\\/www.ivinio.com\\\/fr\\\/#website\",\"url\":\"https:\\\/\\\/www.ivinio.com\\\/fr\\\/\",\"name\":\"IVINIO Caviste\",\"description\":\"Vins de France et d&#039;Italie avec livraison \u00e0 domicile\",\"publisher\":{\"@id\":\"https:\\\/\\\/www.ivinio.com\\\/fr\\\/#organization\"},\"potentialAction\":[{\"@type\":\"SearchAction\",\"target\":{\"@type\":\"EntryPoint\",\"urlTemplate\":\"https:\\\/\\\/www.ivinio.com\\\/fr\\\/?s={search_term_string}\"},\"query-input\":{\"@type\":\"PropertyValueSpecification\",\"valueRequired\":true,\"valueName\":\"search_term_string\"}}],\"inLanguage\":\"fr-FR\"},{\"@type\":\"Organization\",\"@id\":\"https:\\\/\\\/www.ivinio.com\\\/fr\\\/#organization\",\"name\":\"IVINIO\",\"url\":\"https:\\\/\\\/www.ivinio.com\\\/fr\\\/\",\"logo\":{\"@type\":\"ImageObject\",\"inLanguage\":\"fr-FR\",\"@id\":\"https:\\\/\\\/www.ivinio.com\\\/fr\\\/#\\\/schema\\\/logo\\\/image\\\/\",\"url\":\"https:\\\/\\\/www.ivinio.com\\\/wp-content\\\/uploads\\\/2021\\\/01\\\/Logo-Ivinio-v2.jpg\",\"contentUrl\":\"https:\\\/\\\/www.ivinio.com\\\/wp-content\\\/uploads\\\/2021\\\/01\\\/Logo-Ivinio-v2.jpg\",\"width\":1194,\"height\":1194,\"caption\":\"IVINIO\"},\"image\":{\"@id\":\"https:\\\/\\\/www.ivinio.com\\\/fr\\\/#\\\/schema\\\/logo\\\/image\\\/\"},\"sameAs\":[\"https:\\\/\\\/www.facebook.com\\\/groups\\\/165217837022391\\\/?ref=bookmarks\",\"https:\\\/\\\/www.instagram.com\\\/_ivinio_\\\/?hl=fr\"]}]}<\/script>\n<!-- \/ Yoast SEO plugin. -->","yoast_head_json":{"title":"Domaine Boudau-C\u00f4tes du Roussillon villages \"Patrimoine\" - IVINIO Caviste","description":"Acheter Domaine Boudau - C\u00f4tes du Roussillon villages \"Patrimoine\". Ar\u00f4mes de sous bois, de baies noires et d'\u00e9pices. Souvent r\u00e9compens\u00e9 !","robots":{"index":"index","follow":"follow","max-snippet":"max-snippet:-1","max-image-preview":"max-image-preview:large","max-video-preview":"max-video-preview:-1"},"canonical":"https:\/\/www.ivinio.com\/fr\/produit\/domaine-boudau-cotes-du-roussillon-villages-patrimoine-rouge\/","og_locale":"fr_FR","og_type":"article","og_title":"Domaine Boudau-C\u00f4tes du Roussillon villages \"Patrimoine\" - IVINIO Caviste","og_description":"Acheter Domaine Boudau - C\u00f4tes du Roussillon villages \"Patrimoine\". Ar\u00f4mes de sous bois, de baies noires et d'\u00e9pices. Souvent r\u00e9compens\u00e9 !","og_url":"https:\/\/www.ivinio.com\/fr\/produit\/domaine-boudau-cotes-du-roussillon-villages-patrimoine-rouge\/","og_site_name":"IVINIO Caviste","article_publisher":"https:\/\/www.facebook.com\/groups\/165217837022391\/?ref=bookmarks","article_modified_time":"2022-05-05T16:21:49+00:00","og_image":[{"width":500,"height":500,"url":"https:\/\/www.ivinio.com\/wp-content\/uploads\/nc\/public\/modules\/file\/pictures\/6129.domaine-boudau-Patrimoine-Ivinio.jpg","type":"image\/jpeg"}],"twitter_card":"summary_large_image","schema":{"@context":"https:\/\/schema.org","@graph":[{"@type":"WebPage","@id":"https:\/\/www.ivinio.com\/fr\/produit\/domaine-boudau-cotes-du-roussillon-villages-patrimoine-rouge\/","url":"https:\/\/www.ivinio.com\/fr\/produit\/domaine-boudau-cotes-du-roussillon-villages-patrimoine-rouge\/","name":"Domaine Boudau-C\u00f4tes du Roussillon villages \"Patrimoine\" - IVINIO Caviste","isPartOf":{"@id":"https:\/\/www.ivinio.com\/fr\/#website"},"primaryImageOfPage":{"@id":"https:\/\/www.ivinio.com\/fr\/produit\/domaine-boudau-cotes-du-roussillon-villages-patrimoine-rouge\/#primaryimage"},"image":{"@id":"https:\/\/www.ivinio.com\/fr\/produit\/domaine-boudau-cotes-du-roussillon-villages-patrimoine-rouge\/#primaryimage"},"thumbnailUrl":"https:\/\/www.ivinio.com\/wp-content\/uploads\/nc\/public\/modules\/file\/pictures\/6129.domaine-boudau-Patrimoine-Ivinio.jpg","datePublished":"2014-05-21T10:20:31+00:00","dateModified":"2022-05-05T16:21:49+00:00","description":"Acheter Domaine Boudau - C\u00f4tes du Roussillon villages \"Patrimoine\". Ar\u00f4mes de sous bois, de baies noires et d'\u00e9pices. Souvent r\u00e9compens\u00e9 !","breadcrumb":{"@id":"https:\/\/www.ivinio.com\/fr\/produit\/domaine-boudau-cotes-du-roussillon-villages-patrimoine-rouge\/#breadcrumb"},"inLanguage":"fr-FR","potentialAction":[{"@type":"ReadAction","target":["https:\/\/www.ivinio.com\/fr\/produit\/domaine-boudau-cotes-du-roussillon-villages-patrimoine-rouge\/"]}]},{"@type":"ImageObject","inLanguage":"fr-FR","@id":"https:\/\/www.ivinio.com\/fr\/produit\/domaine-boudau-cotes-du-roussillon-villages-patrimoine-rouge\/#primaryimage","url":"https:\/\/www.ivinio.com\/wp-content\/uploads\/nc\/public\/modules\/file\/pictures\/6129.domaine-boudau-Patrimoine-Ivinio.jpg","contentUrl":"https:\/\/www.ivinio.com\/wp-content\/uploads\/nc\/public\/modules\/file\/pictures\/6129.domaine-boudau-Patrimoine-Ivinio.jpg","width":500,"height":500,"caption":"Domaine Boudau - C\u00f4tes du Roussillon villages \"Patrimoine\""},{"@type":"BreadcrumbList","@id":"https:\/\/www.ivinio.com\/fr\/produit\/domaine-boudau-cotes-du-roussillon-villages-patrimoine-rouge\/#breadcrumb","itemListElement":[{"@type":"ListItem","position":1,"name":"Home","item":"https:\/\/www.ivinio.com\/fr\/"},{"@type":"ListItem","position":2,"name":"Boutique de vin","item":"https:\/\/www.ivinio.com\/fr\/boutique-de-vin\/"},{"@type":"ListItem","position":3,"name":"Domaine Boudau &#8211; C\u00f4tes du Roussillon villages &#8220;Patrimoine&#8221; &#8211; Rouge"}]},{"@type":"WebSite","@id":"https:\/\/www.ivinio.com\/fr\/#website","url":"https:\/\/www.ivinio.com\/fr\/","name":"IVINIO Caviste","description":"Vins de France et d&#039;Italie avec livraison \u00e0 domicile","publisher":{"@id":"https:\/\/www.ivinio.com\/fr\/#organization"},"potentialAction":[{"@type":"SearchAction","target":{"@type":"EntryPoint","urlTemplate":"https:\/\/www.ivinio.com\/fr\/?s={search_term_string}"},"query-input":{"@type":"PropertyValueSpecification","valueRequired":true,"valueName":"search_term_string"}}],"inLanguage":"fr-FR"},{"@type":"Organization","@id":"https:\/\/www.ivinio.com\/fr\/#organization","name":"IVINIO","url":"https:\/\/www.ivinio.com\/fr\/","logo":{"@type":"ImageObject","inLanguage":"fr-FR","@id":"https:\/\/www.ivinio.com\/fr\/#\/schema\/logo\/image\/","url":"https:\/\/www.ivinio.com\/wp-content\/uploads\/2021\/01\/Logo-Ivinio-v2.jpg","contentUrl":"https:\/\/www.ivinio.com\/wp-content\/uploads\/2021\/01\/Logo-Ivinio-v2.jpg","width":1194,"height":1194,"caption":"IVINIO"},"image":{"@id":"https:\/\/www.ivinio.com\/fr\/#\/schema\/logo\/image\/"},"sameAs":["https:\/\/www.facebook.com\/groups\/165217837022391\/?ref=bookmarks","https:\/\/www.instagram.com\/_ivinio_\/?hl=fr"]}]}},"jetpack_sharing_enabled":true,"_links":{"self":[{"href":"https:\/\/www.ivinio.com\/fr\/wp-json\/wp\/v2\/product\/120073","targetHints":{"allow":["GET"]}}],"collection":[{"href":"https:\/\/www.ivinio.com\/fr\/wp-json\/wp\/v2\/product"}],"about":[{"href":"https:\/\/www.ivinio.com\/fr\/wp-json\/wp\/v2\/types\/product"}],"replies":[{"embeddable":true,"href":"https:\/\/www.ivinio.com\/fr\/wp-json\/wp\/v2\/comments?post=120073"}],"wp:featuredmedia":[{"embeddable":true,"href":"https:\/\/www.ivinio.com\/fr\/wp-json\/wp\/v2\/media\/120076"}],"wp:attachment":[{"href":"https:\/\/www.ivinio.com\/fr\/wp-json\/wp\/v2\/media?parent=120073"}],"wp:term":[{"taxonomy":"product_brand","embeddable":true,"href":"https:\/\/www.ivinio.com\/fr\/wp-json\/wp\/v2\/product_brand?post=120073"},{"taxonomy":"product_cat","embeddable":true,"href":"https:\/\/www.ivinio.com\/fr\/wp-json\/wp\/v2\/product_cat?post=120073"},{"taxonomy":"product_tag","embeddable":true,"href":"https:\/\/www.ivinio.com\/fr\/wp-json\/wp\/v2\/product_tag?post=120073"}],"curies":[{"name":"wp","href":"https:\/\/api.w.org\/{rel}","templated":true}]}}