{"id":119941,"date":"2014-09-22T16:24:40","date_gmt":"2014-09-22T16:24:40","guid":{"rendered":"https:\/\/henrik.www.ivinio.com\/?product=henriot-champagne-brut-souverain"},"modified":"2023-01-03T12:09:18","modified_gmt":"2023-01-03T11:09:18","slug":"henriot-champagne-brut-souverain","status":"publish","type":"product","link":"https:\/\/www.ivinio.com\/fr\/produit\/henriot-champagne-brut-souverain\/","title":{"rendered":"Henriot Champagne &#8220;Brut Souverain&#8221;"},"content":{"rendered":"<p>Henriot Champagne &#8220;Brut Souverain&#8221; est compos\u00e9 \u00e0 parts \u00e9gales de Pinot Noir de la Montagne de Reims et de Chardonnay de C\u00f4tes des Blancs, ainsi que d&#8217;une petite dose de Pinot Meunier pour son caract\u00e8re fruit\u00e9. Pas moins de 25 &#8220;cuv\u00e9es&#8221; diff\u00e9rentes sont utilis\u00e9es, par exemple Mesnil sur Oger, Oger, Avize, Cramant, Chouilly, A\u00ef, Verzy, Verzenay, Beaumont, Sillery, Mailly Champagne. Le vin est produit avec 20% de &#8220;vin de r\u00e9serve&#8221; et le vin fini est conserv\u00e9 environ 3 ans dans les caves \u00e0 Reims avant d&#8217;\u00eatre vendu.<\/p>\n","protected":false},"excerpt":{"rendered":"<p>Le Champagne Henriot Brut Souverain est un champagne fruit\u00e9 et aromatique, compos\u00e9 \u00e0 parts \u00e9gales de Pinot Noir et de Chardonnay, ainsi que d\u2019une petite dose\u00a0de Pinot Meunier. Un champagne \u00e0 la fois pour l&#8217;ap\u00e9ritif et pour la\u00a0table !<\/p>\n","protected":false},"featured_media":119944,"comment_status":"open","ping_status":"closed","template":"","meta":{"_monsterinsights_skip_tracking":false,"_monsterinsights_sitenote_active":false,"_monsterinsights_sitenote_note":"","_monsterinsights_sitenote_category":0,"_uf_show_specific_survey":0,"_uf_disable_surveys":false},"product_brand":[],"product_cat":[36613,36586],"product_tag":[],"class_list":{"0":"post-119941","1":"product","2":"type-product","3":"status-publish","4":"has-post-thumbnail","6":"product_cat-fr-champagne","7":"product_cat-vins-francais","8":"pa_alcohol-degree-40057","9":"pa_awards-bettane-et-desseauve-fr","10":"pa_awards-gault-et-millau-vins-fr","11":"pa_awards-la-revue-du-vins-de-france-fr","12":"pa_awards-robert-parker-fr","13":"pa_awards-wine-spectator-fr","14":"pa_classification-aop-champagne-fr","15":"pa_color-mousseux-fr","16":"pa_country-france-fr","17":"pa_grape-variety-chardonnay-fr","18":"pa_grape-variety-pinot-meunier-fr","19":"pa_grape-variety-pinot-noir-fr","20":"pa_package-1x1-fr","21":"pa_package-1x6-fr","22":"pa_region-champagne-fr","23":"pa_storage-potential-10-ans-fr","24":"pa_volume-75-cl-fr","26":"first","27":"instock","28":"taxable","29":"shipping-taxable","30":"purchasable","31":"product-type-variable"},"bundled_by":[],"bundle_stock_status":"instock","bundle_stock_quantity":null,"bundle_virtual":false,"bundle_layout":"","bundle_add_to_cart_form_location":"","bundle_editable_in_cart":false,"bundle_sold_individually_context":"","bundle_item_grouping":"","bundle_min_size":"","bundle_max_size":"","bundle_price":[],"bundled_items":[],"bundle_sell_ids":[],"yoast_head":"<!-- This site is optimized with the Yoast SEO plugin v27.5 - https:\/\/yoast.com\/product\/yoast-seo-wordpress\/ -->\n<title>Achetez Henriot Champagne &quot;Brut Souverain&quot; - IVINIO Caviste<\/title>\n<meta name=\"description\" content=\"Henriot Champagne &quot;Brut Souverain&quot; est un champagne frais et complexe issu de raisins principalement de Premiers et Grands Crus. Un champagne pour l&#039;ap\u00e9ritif, mais peut aussi \u00eatre bon pour la table!\" \/>\n<meta name=\"robots\" content=\"index, follow, max-snippet:-1, max-image-preview:large, max-video-preview:-1\" \/>\n<link rel=\"canonical\" href=\"https:\/\/www.ivinio.com\/fr\/produit\/henriot-champagne-brut-souverain\/\" \/>\n<meta property=\"og:locale\" content=\"fr_FR\" \/>\n<meta property=\"og:type\" content=\"article\" \/>\n<meta property=\"og:title\" content=\"Achetez Henriot Champagne &quot;Brut Souverain&quot; - IVINIO Caviste\" \/>\n<meta property=\"og:description\" content=\"Henriot Champagne &quot;Brut Souverain&quot; est un champagne frais et complexe issu de raisins principalement de Premiers et Grands Crus. Un champagne pour l&#039;ap\u00e9ritif, mais peut aussi \u00eatre bon pour la table!\" \/>\n<meta property=\"og:url\" content=\"https:\/\/www.ivinio.com\/fr\/produit\/henriot-champagne-brut-souverain\/\" \/>\n<meta property=\"og:site_name\" content=\"IVINIO Caviste\" \/>\n<meta property=\"article:publisher\" content=\"https:\/\/www.facebook.com\/groups\/165217837022391\/?ref=bookmarks\" \/>\n<meta property=\"article:modified_time\" content=\"2023-01-03T11:09:18+00:00\" \/>\n<meta property=\"og:image\" content=\"https:\/\/www.ivinio.com\/wp-content\/uploads\/nc\/public\/modules\/file\/pictures\/6220.henriot-brut-souverain-ivinio.jpg\" \/>\n\t<meta property=\"og:image:width\" content=\"500\" \/>\n\t<meta property=\"og:image:height\" content=\"500\" \/>\n\t<meta property=\"og:image:type\" content=\"image\/jpeg\" \/>\n<meta name=\"twitter:card\" content=\"summary_large_image\" \/>\n<script type=\"application\/ld+json\" class=\"yoast-schema-graph\">{\"@context\":\"https:\\\/\\\/schema.org\",\"@graph\":[{\"@type\":\"WebPage\",\"@id\":\"https:\\\/\\\/www.ivinio.com\\\/fr\\\/produit\\\/henriot-champagne-brut-souverain\\\/\",\"url\":\"https:\\\/\\\/www.ivinio.com\\\/fr\\\/produit\\\/henriot-champagne-brut-souverain\\\/\",\"name\":\"Achetez Henriot Champagne \\\"Brut Souverain\\\" - IVINIO Caviste\",\"isPartOf\":{\"@id\":\"https:\\\/\\\/www.ivinio.com\\\/fr\\\/#website\"},\"primaryImageOfPage\":{\"@id\":\"https:\\\/\\\/www.ivinio.com\\\/fr\\\/produit\\\/henriot-champagne-brut-souverain\\\/#primaryimage\"},\"image\":{\"@id\":\"https:\\\/\\\/www.ivinio.com\\\/fr\\\/produit\\\/henriot-champagne-brut-souverain\\\/#primaryimage\"},\"thumbnailUrl\":\"https:\\\/\\\/www.ivinio.com\\\/wp-content\\\/uploads\\\/nc\\\/public\\\/modules\\\/file\\\/pictures\\\/6220.henriot-brut-souverain-ivinio.jpg\",\"datePublished\":\"2014-09-22T16:24:40+00:00\",\"dateModified\":\"2023-01-03T11:09:18+00:00\",\"description\":\"Henriot Champagne \\\"Brut Souverain\\\" est un champagne frais et complexe issu de raisins principalement de Premiers et Grands Crus. Un champagne pour l'ap\u00e9ritif, mais peut aussi \u00eatre bon pour la table!\",\"breadcrumb\":{\"@id\":\"https:\\\/\\\/www.ivinio.com\\\/fr\\\/produit\\\/henriot-champagne-brut-souverain\\\/#breadcrumb\"},\"inLanguage\":\"fr-FR\",\"potentialAction\":[{\"@type\":\"ReadAction\",\"target\":[\"https:\\\/\\\/www.ivinio.com\\\/fr\\\/produit\\\/henriot-champagne-brut-souverain\\\/\"]}]},{\"@type\":\"ImageObject\",\"inLanguage\":\"fr-FR\",\"@id\":\"https:\\\/\\\/www.ivinio.com\\\/fr\\\/produit\\\/henriot-champagne-brut-souverain\\\/#primaryimage\",\"url\":\"https:\\\/\\\/www.ivinio.com\\\/wp-content\\\/uploads\\\/nc\\\/public\\\/modules\\\/file\\\/pictures\\\/6220.henriot-brut-souverain-ivinio.jpg\",\"contentUrl\":\"https:\\\/\\\/www.ivinio.com\\\/wp-content\\\/uploads\\\/nc\\\/public\\\/modules\\\/file\\\/pictures\\\/6220.henriot-brut-souverain-ivinio.jpg\",\"width\":500,\"height\":500},{\"@type\":\"BreadcrumbList\",\"@id\":\"https:\\\/\\\/www.ivinio.com\\\/fr\\\/produit\\\/henriot-champagne-brut-souverain\\\/#breadcrumb\",\"itemListElement\":[{\"@type\":\"ListItem\",\"position\":1,\"name\":\"Home\",\"item\":\"https:\\\/\\\/www.ivinio.com\\\/fr\\\/\"},{\"@type\":\"ListItem\",\"position\":2,\"name\":\"Boutique de vin\",\"item\":\"https:\\\/\\\/www.ivinio.com\\\/fr\\\/boutique-de-vin\\\/\"},{\"@type\":\"ListItem\",\"position\":3,\"name\":\"Henriot Champagne &#8220;Brut Souverain&#8221;\"}]},{\"@type\":\"WebSite\",\"@id\":\"https:\\\/\\\/www.ivinio.com\\\/fr\\\/#website\",\"url\":\"https:\\\/\\\/www.ivinio.com\\\/fr\\\/\",\"name\":\"IVINIO Caviste\",\"description\":\"Vins de France et d&#039;Italie avec livraison \u00e0 domicile\",\"publisher\":{\"@id\":\"https:\\\/\\\/www.ivinio.com\\\/fr\\\/#organization\"},\"potentialAction\":[{\"@type\":\"SearchAction\",\"target\":{\"@type\":\"EntryPoint\",\"urlTemplate\":\"https:\\\/\\\/www.ivinio.com\\\/fr\\\/?s={search_term_string}\"},\"query-input\":{\"@type\":\"PropertyValueSpecification\",\"valueRequired\":true,\"valueName\":\"search_term_string\"}}],\"inLanguage\":\"fr-FR\"},{\"@type\":\"Organization\",\"@id\":\"https:\\\/\\\/www.ivinio.com\\\/fr\\\/#organization\",\"name\":\"IVINIO\",\"url\":\"https:\\\/\\\/www.ivinio.com\\\/fr\\\/\",\"logo\":{\"@type\":\"ImageObject\",\"inLanguage\":\"fr-FR\",\"@id\":\"https:\\\/\\\/www.ivinio.com\\\/fr\\\/#\\\/schema\\\/logo\\\/image\\\/\",\"url\":\"https:\\\/\\\/www.ivinio.com\\\/wp-content\\\/uploads\\\/2021\\\/01\\\/Logo-Ivinio-v2.jpg\",\"contentUrl\":\"https:\\\/\\\/www.ivinio.com\\\/wp-content\\\/uploads\\\/2021\\\/01\\\/Logo-Ivinio-v2.jpg\",\"width\":1194,\"height\":1194,\"caption\":\"IVINIO\"},\"image\":{\"@id\":\"https:\\\/\\\/www.ivinio.com\\\/fr\\\/#\\\/schema\\\/logo\\\/image\\\/\"},\"sameAs\":[\"https:\\\/\\\/www.facebook.com\\\/groups\\\/165217837022391\\\/?ref=bookmarks\",\"https:\\\/\\\/www.instagram.com\\\/_ivinio_\\\/?hl=fr\"]}]}<\/script>\n<!-- \/ Yoast SEO plugin. -->","yoast_head_json":{"title":"Achetez Henriot Champagne \"Brut Souverain\" - IVINIO Caviste","description":"Henriot Champagne \"Brut Souverain\" est un champagne frais et complexe issu de raisins principalement de Premiers et Grands Crus. Un champagne pour l'ap\u00e9ritif, mais peut aussi \u00eatre bon pour la table!","robots":{"index":"index","follow":"follow","max-snippet":"max-snippet:-1","max-image-preview":"max-image-preview:large","max-video-preview":"max-video-preview:-1"},"canonical":"https:\/\/www.ivinio.com\/fr\/produit\/henriot-champagne-brut-souverain\/","og_locale":"fr_FR","og_type":"article","og_title":"Achetez Henriot Champagne \"Brut Souverain\" - IVINIO Caviste","og_description":"Henriot Champagne \"Brut Souverain\" est un champagne frais et complexe issu de raisins principalement de Premiers et Grands Crus. Un champagne pour l'ap\u00e9ritif, mais peut aussi \u00eatre bon pour la table!","og_url":"https:\/\/www.ivinio.com\/fr\/produit\/henriot-champagne-brut-souverain\/","og_site_name":"IVINIO Caviste","article_publisher":"https:\/\/www.facebook.com\/groups\/165217837022391\/?ref=bookmarks","article_modified_time":"2023-01-03T11:09:18+00:00","og_image":[{"width":500,"height":500,"url":"https:\/\/www.ivinio.com\/wp-content\/uploads\/nc\/public\/modules\/file\/pictures\/6220.henriot-brut-souverain-ivinio.jpg","type":"image\/jpeg"}],"twitter_card":"summary_large_image","schema":{"@context":"https:\/\/schema.org","@graph":[{"@type":"WebPage","@id":"https:\/\/www.ivinio.com\/fr\/produit\/henriot-champagne-brut-souverain\/","url":"https:\/\/www.ivinio.com\/fr\/produit\/henriot-champagne-brut-souverain\/","name":"Achetez Henriot Champagne \"Brut Souverain\" - IVINIO Caviste","isPartOf":{"@id":"https:\/\/www.ivinio.com\/fr\/#website"},"primaryImageOfPage":{"@id":"https:\/\/www.ivinio.com\/fr\/produit\/henriot-champagne-brut-souverain\/#primaryimage"},"image":{"@id":"https:\/\/www.ivinio.com\/fr\/produit\/henriot-champagne-brut-souverain\/#primaryimage"},"thumbnailUrl":"https:\/\/www.ivinio.com\/wp-content\/uploads\/nc\/public\/modules\/file\/pictures\/6220.henriot-brut-souverain-ivinio.jpg","datePublished":"2014-09-22T16:24:40+00:00","dateModified":"2023-01-03T11:09:18+00:00","description":"Henriot Champagne \"Brut Souverain\" est un champagne frais et complexe issu de raisins principalement de Premiers et Grands Crus. Un champagne pour l'ap\u00e9ritif, mais peut aussi \u00eatre bon pour la table!","breadcrumb":{"@id":"https:\/\/www.ivinio.com\/fr\/produit\/henriot-champagne-brut-souverain\/#breadcrumb"},"inLanguage":"fr-FR","potentialAction":[{"@type":"ReadAction","target":["https:\/\/www.ivinio.com\/fr\/produit\/henriot-champagne-brut-souverain\/"]}]},{"@type":"ImageObject","inLanguage":"fr-FR","@id":"https:\/\/www.ivinio.com\/fr\/produit\/henriot-champagne-brut-souverain\/#primaryimage","url":"https:\/\/www.ivinio.com\/wp-content\/uploads\/nc\/public\/modules\/file\/pictures\/6220.henriot-brut-souverain-ivinio.jpg","contentUrl":"https:\/\/www.ivinio.com\/wp-content\/uploads\/nc\/public\/modules\/file\/pictures\/6220.henriot-brut-souverain-ivinio.jpg","width":500,"height":500},{"@type":"BreadcrumbList","@id":"https:\/\/www.ivinio.com\/fr\/produit\/henriot-champagne-brut-souverain\/#breadcrumb","itemListElement":[{"@type":"ListItem","position":1,"name":"Home","item":"https:\/\/www.ivinio.com\/fr\/"},{"@type":"ListItem","position":2,"name":"Boutique de vin","item":"https:\/\/www.ivinio.com\/fr\/boutique-de-vin\/"},{"@type":"ListItem","position":3,"name":"Henriot Champagne &#8220;Brut Souverain&#8221;"}]},{"@type":"WebSite","@id":"https:\/\/www.ivinio.com\/fr\/#website","url":"https:\/\/www.ivinio.com\/fr\/","name":"IVINIO Caviste","description":"Vins de France et d&#039;Italie avec livraison \u00e0 domicile","publisher":{"@id":"https:\/\/www.ivinio.com\/fr\/#organization"},"potentialAction":[{"@type":"SearchAction","target":{"@type":"EntryPoint","urlTemplate":"https:\/\/www.ivinio.com\/fr\/?s={search_term_string}"},"query-input":{"@type":"PropertyValueSpecification","valueRequired":true,"valueName":"search_term_string"}}],"inLanguage":"fr-FR"},{"@type":"Organization","@id":"https:\/\/www.ivinio.com\/fr\/#organization","name":"IVINIO","url":"https:\/\/www.ivinio.com\/fr\/","logo":{"@type":"ImageObject","inLanguage":"fr-FR","@id":"https:\/\/www.ivinio.com\/fr\/#\/schema\/logo\/image\/","url":"https:\/\/www.ivinio.com\/wp-content\/uploads\/2021\/01\/Logo-Ivinio-v2.jpg","contentUrl":"https:\/\/www.ivinio.com\/wp-content\/uploads\/2021\/01\/Logo-Ivinio-v2.jpg","width":1194,"height":1194,"caption":"IVINIO"},"image":{"@id":"https:\/\/www.ivinio.com\/fr\/#\/schema\/logo\/image\/"},"sameAs":["https:\/\/www.facebook.com\/groups\/165217837022391\/?ref=bookmarks","https:\/\/www.instagram.com\/_ivinio_\/?hl=fr"]}]}},"jetpack_sharing_enabled":true,"_links":{"self":[{"href":"https:\/\/www.ivinio.com\/fr\/wp-json\/wp\/v2\/product\/119941","targetHints":{"allow":["GET"]}}],"collection":[{"href":"https:\/\/www.ivinio.com\/fr\/wp-json\/wp\/v2\/product"}],"about":[{"href":"https:\/\/www.ivinio.com\/fr\/wp-json\/wp\/v2\/types\/product"}],"replies":[{"embeddable":true,"href":"https:\/\/www.ivinio.com\/fr\/wp-json\/wp\/v2\/comments?post=119941"}],"wp:featuredmedia":[{"embeddable":true,"href":"https:\/\/www.ivinio.com\/fr\/wp-json\/wp\/v2\/media\/119944"}],"wp:attachment":[{"href":"https:\/\/www.ivinio.com\/fr\/wp-json\/wp\/v2\/media?parent=119941"}],"wp:term":[{"taxonomy":"product_brand","embeddable":true,"href":"https:\/\/www.ivinio.com\/fr\/wp-json\/wp\/v2\/product_brand?post=119941"},{"taxonomy":"product_cat","embeddable":true,"href":"https:\/\/www.ivinio.com\/fr\/wp-json\/wp\/v2\/product_cat?post=119941"},{"taxonomy":"product_tag","embeddable":true,"href":"https:\/\/www.ivinio.com\/fr\/wp-json\/wp\/v2\/product_tag?post=119941"}],"curies":[{"name":"wp","href":"https:\/\/api.w.org\/{rel}","templated":true}]}}