{"id":119918,"date":"2015-05-30T12:31:34","date_gmt":"2015-05-30T12:31:34","guid":{"rendered":"https:\/\/henrik.www.ivinio.com\/?product=soloperto-rubinum-14-primitivo-di-manduria-rouge"},"modified":"2020-12-09T04:44:38","modified_gmt":"2020-12-09T04:44:38","slug":"soloperto-rubinum-14-primitivo-di-manduria-rouge","status":"publish","type":"product","link":"https:\/\/www.ivinio.com\/fr\/produit\/soloperto-rubinum-14-primitivo-di-manduria-rouge\/","title":{"rendered":"Soloperto &#8211; Rubinum 14\u00b0 &#8211; Primitivo di Manduria &#8211; Rouge"},"content":{"rendered":"<p>Rubinum 14 &deg; de Soloperto est un Primitivo di Manduria &eacute;labor&eacute; &agrave; partir de 100% de raisins Primitivo cultiv&eacute;s &agrave; Manduria et dans ses environs. Les vignes ont entre 35 et 40 ans et sont coup&eacute;es en forme &quot;Albarello&quot; &#8211; &nbsp;style typique du sud de l&#39;Italie. Les vendanges ont lieu en septembre &agrave; pleine maturit&eacute; des raisins. Le vin est &eacute;labor&eacute; selon les techniques traditionnelles. L&#39;&eacute;levage s&#39;effectue dans des cuves en acier puis dans des f&ucirc;ts de ch&ecirc;ne pendant 6 mois avant la mise en bouteille.<\/p>\n","protected":false},"excerpt":{"rendered":"<p>Le Rubinum 14 &deg; de Soloperto est un vin rouge fruit&eacute;,&nbsp;&eacute;labor&eacute; &agrave; partir de raisins primitivo. Notes aromatiques&nbsp;torr&eacute;fi&eacute;es. Bon &eacute;quilibre entre&nbsp;fruit&eacute;&nbsp;et acidit&eacute;. Servir avec des plats italiens, de pr&eacute;f&eacute;rence des antipasti et divers plats de p&acirc;tes.<\/p>\n<p>&nbsp;<\/p>\n","protected":false},"featured_media":119921,"comment_status":"open","ping_status":"closed","template":"","meta":{"_monsterinsights_skip_tracking":false,"_monsterinsights_sitenote_active":false,"_monsterinsights_sitenote_note":"","_monsterinsights_sitenote_category":0,"_uf_show_specific_survey":0,"_uf_disable_surveys":false},"product_brand":[],"product_cat":[36604,36589],"product_tag":[],"class_list":{"0":"post-119918","1":"product","2":"type-product","3":"status-publish","4":"has-post-thumbnail","6":"product_cat-fr-les-pouilles-campania","7":"product_cat-vins-italiens","8":"pa_alcohol-degree-14-fr","9":"pa_classification-doc-primitivo-di-manduria-fr","10":"pa_color-rouge-fr","11":"pa_country-italie-fr","12":"pa_grape-variety-primitivo-fr","13":"pa_region-pouilles-fr-fr-2","14":"pa_storage-potential-5-ans-fr","15":"pa_vintage-2013-fr","16":"pa_volume-75-cl-fr","18":"first","19":"instock","20":"taxable","21":"shipping-taxable","22":"purchasable","23":"product-type-simple"},"bundled_by":[],"bundle_stock_status":"instock","bundle_stock_quantity":1,"bundle_virtual":false,"bundle_layout":"","bundle_add_to_cart_form_location":"","bundle_editable_in_cart":false,"bundle_sold_individually_context":"","bundle_item_grouping":"","bundle_min_size":"","bundle_max_size":"","bundle_price":[],"bundled_items":[],"bundle_sell_ids":[],"yoast_head":"<!-- This site is optimized with the Yoast SEO plugin v27.3 - https:\/\/yoast.com\/product\/yoast-seo-wordpress\/ -->\n<title>Soloperto - Rubinum 14 \u00b0 Primitivo di Manduria DOC - Vente de vins italiens en ligne - Vente de vins Ivinio.com<\/title>\n<meta name=\"description\" content=\"Le Rubinum 14 \u00b0 de Soloperto est un vin rouge fruit\u00e9, \u00e9labor\u00e9 \u00e0 partir de raisins primitivo. Notes aromatiques torr\u00e9fi\u00e9es. Bon \u00e9quilibre entre fruit\u00e9 et acidit\u00e9. Servir avec des plats italiens, de pr\u00e9f\u00e9rence des antipasti et divers plats de p\u00e2tes.\" \/>\n<meta name=\"robots\" content=\"index, follow, max-snippet:-1, max-image-preview:large, max-video-preview:-1\" \/>\n<link rel=\"canonical\" href=\"https:\/\/www.ivinio.com\/fr\/produit\/soloperto-rubinum-14-primitivo-di-manduria-rouge\/\" \/>\n<meta property=\"og:locale\" content=\"fr_FR\" \/>\n<meta property=\"og:type\" content=\"article\" \/>\n<meta property=\"og:title\" content=\"Soloperto - Rubinum 14 \u00b0 Primitivo di Manduria DOC - Vente de vins italiens en ligne - Vente de vins Ivinio.com\" \/>\n<meta property=\"og:description\" content=\"Le Rubinum 14 \u00b0 de Soloperto est un vin rouge fruit\u00e9, \u00e9labor\u00e9 \u00e0 partir de raisins primitivo. Notes aromatiques torr\u00e9fi\u00e9es. Bon \u00e9quilibre entre fruit\u00e9 et acidit\u00e9. Servir avec des plats italiens, de pr\u00e9f\u00e9rence des antipasti et divers plats de p\u00e2tes.\" \/>\n<meta property=\"og:url\" content=\"https:\/\/www.ivinio.com\/fr\/produit\/soloperto-rubinum-14-primitivo-di-manduria-rouge\/\" \/>\n<meta property=\"og:site_name\" content=\"IVINIO Wine Shop\" \/>\n<meta property=\"article:publisher\" content=\"https:\/\/www.facebook.com\/groups\/165217837022391\/?ref=bookmarks\" \/>\n<meta property=\"article:modified_time\" content=\"2020-12-09T04:44:38+00:00\" \/>\n<meta property=\"og:image\" content=\"https:\/\/www.ivinio.com\/wp-content\/uploads\/nc\/public\/modules\/file\/pictures\/6042.Soloperto-Rubinum-14-primitivo-ivinio.jpg\" \/>\n\t<meta property=\"og:image:width\" content=\"500\" \/>\n\t<meta property=\"og:image:height\" content=\"500\" \/>\n\t<meta property=\"og:image:type\" content=\"image\/jpeg\" \/>\n<meta name=\"twitter:card\" content=\"summary_large_image\" \/>\n<meta name=\"twitter:label1\" content=\"Dur\u00e9e de lecture estim\u00e9e\" \/>\n\t<meta name=\"twitter:data1\" content=\"1 minute\" \/>\n<script type=\"application\/ld+json\" class=\"yoast-schema-graph\">{\"@context\":\"https:\\\/\\\/schema.org\",\"@graph\":[{\"@type\":\"WebPage\",\"@id\":\"https:\\\/\\\/www.ivinio.com\\\/fr\\\/produit\\\/soloperto-rubinum-14-primitivo-di-manduria-rouge\\\/\",\"url\":\"https:\\\/\\\/www.ivinio.com\\\/fr\\\/produit\\\/soloperto-rubinum-14-primitivo-di-manduria-rouge\\\/\",\"name\":\"Soloperto - Rubinum 14 \u00b0 Primitivo di Manduria DOC - Vente de vins italiens en ligne - Vente de vins Ivinio.com\",\"isPartOf\":{\"@id\":\"https:\\\/\\\/www.ivinio.com\\\/fr\\\/#website\"},\"primaryImageOfPage\":{\"@id\":\"https:\\\/\\\/www.ivinio.com\\\/fr\\\/produit\\\/soloperto-rubinum-14-primitivo-di-manduria-rouge\\\/#primaryimage\"},\"image\":{\"@id\":\"https:\\\/\\\/www.ivinio.com\\\/fr\\\/produit\\\/soloperto-rubinum-14-primitivo-di-manduria-rouge\\\/#primaryimage\"},\"thumbnailUrl\":\"https:\\\/\\\/www.ivinio.com\\\/wp-content\\\/uploads\\\/nc\\\/public\\\/modules\\\/file\\\/pictures\\\/6042.Soloperto-Rubinum-14-primitivo-ivinio.jpg\",\"datePublished\":\"2015-05-30T12:31:34+00:00\",\"dateModified\":\"2020-12-09T04:44:38+00:00\",\"description\":\"Le Rubinum 14 \u00b0 de Soloperto est un vin rouge fruit\u00e9, \u00e9labor\u00e9 \u00e0 partir de raisins primitivo. Notes aromatiques torr\u00e9fi\u00e9es. Bon \u00e9quilibre entre fruit\u00e9 et acidit\u00e9. Servir avec des plats italiens, de pr\u00e9f\u00e9rence des antipasti et divers plats de p\u00e2tes.\",\"breadcrumb\":{\"@id\":\"https:\\\/\\\/www.ivinio.com\\\/fr\\\/produit\\\/soloperto-rubinum-14-primitivo-di-manduria-rouge\\\/#breadcrumb\"},\"inLanguage\":\"fr-FR\",\"potentialAction\":[{\"@type\":\"ReadAction\",\"target\":[\"https:\\\/\\\/www.ivinio.com\\\/fr\\\/produit\\\/soloperto-rubinum-14-primitivo-di-manduria-rouge\\\/\"]}]},{\"@type\":\"ImageObject\",\"inLanguage\":\"fr-FR\",\"@id\":\"https:\\\/\\\/www.ivinio.com\\\/fr\\\/produit\\\/soloperto-rubinum-14-primitivo-di-manduria-rouge\\\/#primaryimage\",\"url\":\"https:\\\/\\\/www.ivinio.com\\\/wp-content\\\/uploads\\\/nc\\\/public\\\/modules\\\/file\\\/pictures\\\/6042.Soloperto-Rubinum-14-primitivo-ivinio.jpg\",\"contentUrl\":\"https:\\\/\\\/www.ivinio.com\\\/wp-content\\\/uploads\\\/nc\\\/public\\\/modules\\\/file\\\/pictures\\\/6042.Soloperto-Rubinum-14-primitivo-ivinio.jpg\",\"width\":500,\"height\":500},{\"@type\":\"BreadcrumbList\",\"@id\":\"https:\\\/\\\/www.ivinio.com\\\/fr\\\/produit\\\/soloperto-rubinum-14-primitivo-di-manduria-rouge\\\/#breadcrumb\",\"itemListElement\":[{\"@type\":\"ListItem\",\"position\":1,\"name\":\"Home\",\"item\":\"https:\\\/\\\/www.ivinio.com\\\/fr\\\/\"},{\"@type\":\"ListItem\",\"position\":2,\"name\":\"Boutique de vin\",\"item\":\"https:\\\/\\\/www.ivinio.com\\\/fr\\\/boutique-de-vin\\\/\"},{\"@type\":\"ListItem\",\"position\":3,\"name\":\"Soloperto &#8211; Rubinum 14\u00b0 &#8211; Primitivo di Manduria &#8211; Rouge\"}]},{\"@type\":\"WebSite\",\"@id\":\"https:\\\/\\\/www.ivinio.com\\\/fr\\\/#website\",\"url\":\"https:\\\/\\\/www.ivinio.com\\\/fr\\\/\",\"name\":\"IVINIO Wine Shop\",\"description\":\"French and Italian wines with delivery to your door\",\"publisher\":{\"@id\":\"https:\\\/\\\/www.ivinio.com\\\/fr\\\/#organization\"},\"potentialAction\":[{\"@type\":\"SearchAction\",\"target\":{\"@type\":\"EntryPoint\",\"urlTemplate\":\"https:\\\/\\\/www.ivinio.com\\\/fr\\\/?s={search_term_string}\"},\"query-input\":{\"@type\":\"PropertyValueSpecification\",\"valueRequired\":true,\"valueName\":\"search_term_string\"}}],\"inLanguage\":\"fr-FR\"},{\"@type\":\"Organization\",\"@id\":\"https:\\\/\\\/www.ivinio.com\\\/fr\\\/#organization\",\"name\":\"IVINIO\",\"url\":\"https:\\\/\\\/www.ivinio.com\\\/fr\\\/\",\"logo\":{\"@type\":\"ImageObject\",\"inLanguage\":\"fr-FR\",\"@id\":\"https:\\\/\\\/www.ivinio.com\\\/fr\\\/#\\\/schema\\\/logo\\\/image\\\/\",\"url\":\"https:\\\/\\\/www.ivinio.com\\\/wp-content\\\/uploads\\\/2021\\\/01\\\/Logo-Ivinio-v2.jpg\",\"contentUrl\":\"https:\\\/\\\/www.ivinio.com\\\/wp-content\\\/uploads\\\/2021\\\/01\\\/Logo-Ivinio-v2.jpg\",\"width\":1194,\"height\":1194,\"caption\":\"IVINIO\"},\"image\":{\"@id\":\"https:\\\/\\\/www.ivinio.com\\\/fr\\\/#\\\/schema\\\/logo\\\/image\\\/\"},\"sameAs\":[\"https:\\\/\\\/www.facebook.com\\\/groups\\\/165217837022391\\\/?ref=bookmarks\",\"https:\\\/\\\/www.instagram.com\\\/_ivinio_\\\/?hl=fr\"]}]}<\/script>\n<!-- \/ Yoast SEO plugin. -->","yoast_head_json":{"title":"Soloperto - Rubinum 14 \u00b0 Primitivo di Manduria DOC - Vente de vins italiens en ligne - Vente de vins Ivinio.com","description":"Le Rubinum 14 \u00b0 de Soloperto est un vin rouge fruit\u00e9, \u00e9labor\u00e9 \u00e0 partir de raisins primitivo. Notes aromatiques torr\u00e9fi\u00e9es. Bon \u00e9quilibre entre fruit\u00e9 et acidit\u00e9. Servir avec des plats italiens, de pr\u00e9f\u00e9rence des antipasti et divers plats de p\u00e2tes.","robots":{"index":"index","follow":"follow","max-snippet":"max-snippet:-1","max-image-preview":"max-image-preview:large","max-video-preview":"max-video-preview:-1"},"canonical":"https:\/\/www.ivinio.com\/fr\/produit\/soloperto-rubinum-14-primitivo-di-manduria-rouge\/","og_locale":"fr_FR","og_type":"article","og_title":"Soloperto - Rubinum 14 \u00b0 Primitivo di Manduria DOC - Vente de vins italiens en ligne - Vente de vins Ivinio.com","og_description":"Le Rubinum 14 \u00b0 de Soloperto est un vin rouge fruit\u00e9, \u00e9labor\u00e9 \u00e0 partir de raisins primitivo. Notes aromatiques torr\u00e9fi\u00e9es. Bon \u00e9quilibre entre fruit\u00e9 et acidit\u00e9. Servir avec des plats italiens, de pr\u00e9f\u00e9rence des antipasti et divers plats de p\u00e2tes.","og_url":"https:\/\/www.ivinio.com\/fr\/produit\/soloperto-rubinum-14-primitivo-di-manduria-rouge\/","og_site_name":"IVINIO Wine Shop","article_publisher":"https:\/\/www.facebook.com\/groups\/165217837022391\/?ref=bookmarks","article_modified_time":"2020-12-09T04:44:38+00:00","og_image":[{"width":500,"height":500,"url":"https:\/\/www.ivinio.com\/wp-content\/uploads\/nc\/public\/modules\/file\/pictures\/6042.Soloperto-Rubinum-14-primitivo-ivinio.jpg","type":"image\/jpeg"}],"twitter_card":"summary_large_image","twitter_misc":{"Dur\u00e9e de lecture estim\u00e9e":"1 minute"},"schema":{"@context":"https:\/\/schema.org","@graph":[{"@type":"WebPage","@id":"https:\/\/www.ivinio.com\/fr\/produit\/soloperto-rubinum-14-primitivo-di-manduria-rouge\/","url":"https:\/\/www.ivinio.com\/fr\/produit\/soloperto-rubinum-14-primitivo-di-manduria-rouge\/","name":"Soloperto - Rubinum 14 \u00b0 Primitivo di Manduria DOC - Vente de vins italiens en ligne - Vente de vins Ivinio.com","isPartOf":{"@id":"https:\/\/www.ivinio.com\/fr\/#website"},"primaryImageOfPage":{"@id":"https:\/\/www.ivinio.com\/fr\/produit\/soloperto-rubinum-14-primitivo-di-manduria-rouge\/#primaryimage"},"image":{"@id":"https:\/\/www.ivinio.com\/fr\/produit\/soloperto-rubinum-14-primitivo-di-manduria-rouge\/#primaryimage"},"thumbnailUrl":"https:\/\/www.ivinio.com\/wp-content\/uploads\/nc\/public\/modules\/file\/pictures\/6042.Soloperto-Rubinum-14-primitivo-ivinio.jpg","datePublished":"2015-05-30T12:31:34+00:00","dateModified":"2020-12-09T04:44:38+00:00","description":"Le Rubinum 14 \u00b0 de Soloperto est un vin rouge fruit\u00e9, \u00e9labor\u00e9 \u00e0 partir de raisins primitivo. Notes aromatiques torr\u00e9fi\u00e9es. Bon \u00e9quilibre entre fruit\u00e9 et acidit\u00e9. Servir avec des plats italiens, de pr\u00e9f\u00e9rence des antipasti et divers plats de p\u00e2tes.","breadcrumb":{"@id":"https:\/\/www.ivinio.com\/fr\/produit\/soloperto-rubinum-14-primitivo-di-manduria-rouge\/#breadcrumb"},"inLanguage":"fr-FR","potentialAction":[{"@type":"ReadAction","target":["https:\/\/www.ivinio.com\/fr\/produit\/soloperto-rubinum-14-primitivo-di-manduria-rouge\/"]}]},{"@type":"ImageObject","inLanguage":"fr-FR","@id":"https:\/\/www.ivinio.com\/fr\/produit\/soloperto-rubinum-14-primitivo-di-manduria-rouge\/#primaryimage","url":"https:\/\/www.ivinio.com\/wp-content\/uploads\/nc\/public\/modules\/file\/pictures\/6042.Soloperto-Rubinum-14-primitivo-ivinio.jpg","contentUrl":"https:\/\/www.ivinio.com\/wp-content\/uploads\/nc\/public\/modules\/file\/pictures\/6042.Soloperto-Rubinum-14-primitivo-ivinio.jpg","width":500,"height":500},{"@type":"BreadcrumbList","@id":"https:\/\/www.ivinio.com\/fr\/produit\/soloperto-rubinum-14-primitivo-di-manduria-rouge\/#breadcrumb","itemListElement":[{"@type":"ListItem","position":1,"name":"Home","item":"https:\/\/www.ivinio.com\/fr\/"},{"@type":"ListItem","position":2,"name":"Boutique de vin","item":"https:\/\/www.ivinio.com\/fr\/boutique-de-vin\/"},{"@type":"ListItem","position":3,"name":"Soloperto &#8211; Rubinum 14\u00b0 &#8211; Primitivo di Manduria &#8211; Rouge"}]},{"@type":"WebSite","@id":"https:\/\/www.ivinio.com\/fr\/#website","url":"https:\/\/www.ivinio.com\/fr\/","name":"IVINIO Wine Shop","description":"French and Italian wines with delivery to your door","publisher":{"@id":"https:\/\/www.ivinio.com\/fr\/#organization"},"potentialAction":[{"@type":"SearchAction","target":{"@type":"EntryPoint","urlTemplate":"https:\/\/www.ivinio.com\/fr\/?s={search_term_string}"},"query-input":{"@type":"PropertyValueSpecification","valueRequired":true,"valueName":"search_term_string"}}],"inLanguage":"fr-FR"},{"@type":"Organization","@id":"https:\/\/www.ivinio.com\/fr\/#organization","name":"IVINIO","url":"https:\/\/www.ivinio.com\/fr\/","logo":{"@type":"ImageObject","inLanguage":"fr-FR","@id":"https:\/\/www.ivinio.com\/fr\/#\/schema\/logo\/image\/","url":"https:\/\/www.ivinio.com\/wp-content\/uploads\/2021\/01\/Logo-Ivinio-v2.jpg","contentUrl":"https:\/\/www.ivinio.com\/wp-content\/uploads\/2021\/01\/Logo-Ivinio-v2.jpg","width":1194,"height":1194,"caption":"IVINIO"},"image":{"@id":"https:\/\/www.ivinio.com\/fr\/#\/schema\/logo\/image\/"},"sameAs":["https:\/\/www.facebook.com\/groups\/165217837022391\/?ref=bookmarks","https:\/\/www.instagram.com\/_ivinio_\/?hl=fr"]}]}},"jetpack_sharing_enabled":true,"_links":{"self":[{"href":"https:\/\/www.ivinio.com\/fr\/wp-json\/wp\/v2\/product\/119918","targetHints":{"allow":["GET"]}}],"collection":[{"href":"https:\/\/www.ivinio.com\/fr\/wp-json\/wp\/v2\/product"}],"about":[{"href":"https:\/\/www.ivinio.com\/fr\/wp-json\/wp\/v2\/types\/product"}],"replies":[{"embeddable":true,"href":"https:\/\/www.ivinio.com\/fr\/wp-json\/wp\/v2\/comments?post=119918"}],"wp:featuredmedia":[{"embeddable":true,"href":"https:\/\/www.ivinio.com\/fr\/wp-json\/wp\/v2\/media\/119921"}],"wp:attachment":[{"href":"https:\/\/www.ivinio.com\/fr\/wp-json\/wp\/v2\/media?parent=119918"}],"wp:term":[{"taxonomy":"product_brand","embeddable":true,"href":"https:\/\/www.ivinio.com\/fr\/wp-json\/wp\/v2\/product_brand?post=119918"},{"taxonomy":"product_cat","embeddable":true,"href":"https:\/\/www.ivinio.com\/fr\/wp-json\/wp\/v2\/product_cat?post=119918"},{"taxonomy":"product_tag","embeddable":true,"href":"https:\/\/www.ivinio.com\/fr\/wp-json\/wp\/v2\/product_tag?post=119918"}],"curies":[{"name":"wp","href":"https:\/\/api.w.org\/{rel}","templated":true}]}}