{"id":119859,"date":"2015-10-23T12:01:49","date_gmt":"2015-10-23T12:01:49","guid":{"rendered":"https:\/\/henrik.www.ivinio.com\/?product=moulin-de-gassac-carton-decouverte-vins-de-cepage-3x2-bouteilles"},"modified":"2025-11-14T23:55:38","modified_gmt":"2025-11-14T22:55:38","slug":"moulin-de-gassac-carton-decouverte-vins-de-cepage-3x2-bouteilles","status":"publish","type":"product","link":"https:\/\/www.ivinio.com\/fr\/produit\/moulin-de-gassac-carton-decouverte-vins-de-cepage-3x2-bouteilles\/","title":{"rendered":"Moulin de Gassac &#8211; carton d\u00e9couverte &#8211; vins de c\u00e9page &#8211; 3&#215;2 bouteilles"},"content":{"rendered":"<p>Dans ce carton de\u00a0d\u00e9gustation vous trouverez\u00a04 bouteilles de rouge et 2 bouteilles de blanc du segment vari\u00e9tale du vignoble Moulin de Gassac. 2 Merlot, 2 Syrah et\u00a02 Sauvignon de la r\u00e9gion de Langedoc pour une d\u00e9gustation agr\u00e9able!<\/p>\n","protected":false},"excerpt":{"rendered":"<p>Ce\u00a0carton\u00a0se compose de 2 bouteilles de Merlot, 2 bouteilles de Syrah et 2 bouteilles de Sauvignon du Moulin de Gassac. 3 tr\u00e8s bons vins de Langedoc \u00e0\u00a0prix doux !<\/p>\n","protected":false},"featured_media":138985,"comment_status":"open","ping_status":"closed","template":"","meta":{"_monsterinsights_skip_tracking":false,"_monsterinsights_sitenote_active":false,"_monsterinsights_sitenote_note":"","_monsterinsights_sitenote_category":0,"_uf_show_specific_survey":0,"_uf_disable_surveys":false},"product_brand":[],"product_cat":[36643],"product_tag":[],"class_list":{"0":"post-119859","1":"product","2":"type-product","3":"status-publish","4":"has-post-thumbnail","6":"product_cat-ronde-des-vins","7":"pa_alcohol-degree-13-fr","8":"pa_classification-igp-pays-doc","9":"pa_color-blanc-fr","10":"pa_color-rouge-fr","11":"pa_country-france-fr","12":"pa_grape-variety-merlot-fr","13":"pa_grape-variety-sauvignon-fr","14":"pa_grape-variety-syrah-fr","15":"pa_package-1x1-fr","16":"pa_package-1x6-fr","17":"pa_region-languedoc-fr","18":"pa_storage-potential-3-ans-fr","19":"pa_vintage-2024-fr","20":"pa_volume-75-cl-fr","22":"first","23":"instock","24":"taxable","25":"shipping-taxable","26":"purchasable","27":"product-type-bundle"},"bundled_by":[],"bundle_stock_status":"instock","bundle_stock_quantity":"","bundle_virtual":false,"bundle_layout":"grid","bundle_add_to_cart_form_location":"after_summary","bundle_editable_in_cart":false,"bundle_sold_individually_context":"product","bundle_item_grouping":"noindent","bundle_min_size":"","bundle_max_size":"","bundle_price":{"price":{"min":{"incl_tax":"44.8","excl_tax":"44.75"},"max":{"incl_tax":"44.8","excl_tax":"44.75"}},"regular_price":{"min":{"incl_tax":"44.8","excl_tax":"44.75"},"max":{"incl_tax":"44.8","excl_tax":"44.75"}}},"bundled_items":[{"bundled_item_id":8651,"product_id":119834,"menu_order":0,"quantity_min":2,"quantity_max":2,"quantity_default":2,"priced_individually":false,"shipped_individually":false,"override_title":false,"title":"Moulin de Gassac &#8211; Syrah &#8211; Rouge","override_description":false,"description":"Moulin de Gassac &#8211; Syrah &#8211; Rouge","optional":false,"hide_thumbnail":false,"discount":"","override_variations":true,"allowed_variations":[""],"override_default_variation_attributes":true,"default_variation_attributes":[],"single_product_visibility":"visible","cart_visibility":"hidden","order_visibility":"visible","single_product_price_visibility":"visible","cart_price_visibility":"visible","order_price_visibility":"visible","stock_status":"in_stock"},{"bundled_item_id":8652,"product_id":119829,"menu_order":0,"quantity_min":2,"quantity_max":2,"quantity_default":2,"priced_individually":false,"shipped_individually":false,"override_title":false,"title":"Moulin de Gassac &#8211; Merlot &#8211; Rouge","override_description":false,"description":"Moulin de Gassac &#8211; Merlot &#8211; Rouge","optional":false,"hide_thumbnail":false,"discount":"","override_variations":true,"allowed_variations":[""],"override_default_variation_attributes":true,"default_variation_attributes":[],"single_product_visibility":"visible","cart_visibility":"hidden","order_visibility":"visible","single_product_price_visibility":"visible","cart_price_visibility":"visible","order_price_visibility":"visible","stock_status":"in_stock"},{"bundled_item_id":8653,"product_id":119869,"menu_order":0,"quantity_min":2,"quantity_max":2,"quantity_default":2,"priced_individually":false,"shipped_individually":false,"override_title":false,"title":"Moulin de Gassac &#8211; Sauvignon &#8211; Blanc","override_description":false,"description":"Moulin de Gassac &#8211; Sauvignon &#8211; Blanc","optional":false,"hide_thumbnail":false,"discount":"","override_variations":true,"allowed_variations":[""],"override_default_variation_attributes":true,"default_variation_attributes":[],"single_product_visibility":"visible","cart_visibility":"hidden","order_visibility":"visible","single_product_price_visibility":"visible","cart_price_visibility":"visible","order_price_visibility":"visible","stock_status":"in_stock"}],"bundle_sell_ids":[],"yoast_head":"<!-- This site is optimized with the Yoast SEO plugin v27.4 - https:\/\/yoast.com\/product\/yoast-seo-wordpress\/ -->\n<title>Acheter Moulin de Gassac - vins m\u00e9lang\u00e9s de c\u00e9page - IVINIO Caviste<\/title>\n<meta name=\"description\" content=\"Acheter Moulin de Gassac - vins de c\u00e9page. 2 bouteilles de Merlot, 2 bouteilles de Syrah et 2 bouteilles de Sauvignon du Moulin de Gassac.\" \/>\n<meta name=\"robots\" content=\"index, follow, max-snippet:-1, max-image-preview:large, max-video-preview:-1\" \/>\n<link rel=\"canonical\" href=\"https:\/\/www.ivinio.com\/fr\/produit\/moulin-de-gassac-carton-decouverte-vins-de-cepage-3x2-bouteilles\/\" \/>\n<meta property=\"og:locale\" content=\"fr_FR\" \/>\n<meta property=\"og:type\" content=\"article\" \/>\n<meta property=\"og:title\" content=\"Acheter Moulin de Gassac - vins m\u00e9lang\u00e9s de c\u00e9page - IVINIO Caviste\" \/>\n<meta property=\"og:description\" content=\"Acheter Moulin de Gassac - vins de c\u00e9page. 2 bouteilles de Merlot, 2 bouteilles de Syrah et 2 bouteilles de Sauvignon du Moulin de Gassac.\" \/>\n<meta property=\"og:url\" content=\"https:\/\/www.ivinio.com\/fr\/produit\/moulin-de-gassac-carton-decouverte-vins-de-cepage-3x2-bouteilles\/\" \/>\n<meta property=\"og:site_name\" content=\"IVINIO Caviste\" \/>\n<meta property=\"article:publisher\" content=\"https:\/\/www.facebook.com\/groups\/165217837022391\/?ref=bookmarks\" \/>\n<meta property=\"article:modified_time\" content=\"2025-11-14T22:55:38+00:00\" \/>\n<meta property=\"og:image\" content=\"https:\/\/www.ivinio.com\/wp-content\/uploads\/nc\/public\/modules\/file\/pictures\/6690.moulin-de-gassac-packII-ivinio.jpg\" \/>\n\t<meta property=\"og:image:width\" content=\"500\" \/>\n\t<meta property=\"og:image:height\" content=\"500\" \/>\n\t<meta property=\"og:image:type\" content=\"image\/jpeg\" \/>\n<meta name=\"twitter:card\" content=\"summary_large_image\" \/>\n<script type=\"application\/ld+json\" class=\"yoast-schema-graph\">{\"@context\":\"https:\\\/\\\/schema.org\",\"@graph\":[{\"@type\":\"WebPage\",\"@id\":\"https:\\\/\\\/www.ivinio.com\\\/fr\\\/produit\\\/moulin-de-gassac-carton-decouverte-vins-de-cepage-3x2-bouteilles\\\/\",\"url\":\"https:\\\/\\\/www.ivinio.com\\\/fr\\\/produit\\\/moulin-de-gassac-carton-decouverte-vins-de-cepage-3x2-bouteilles\\\/\",\"name\":\"Acheter Moulin de Gassac - vins m\u00e9lang\u00e9s de c\u00e9page - IVINIO Caviste\",\"isPartOf\":{\"@id\":\"https:\\\/\\\/www.ivinio.com\\\/fr\\\/#website\"},\"primaryImageOfPage\":{\"@id\":\"https:\\\/\\\/www.ivinio.com\\\/fr\\\/produit\\\/moulin-de-gassac-carton-decouverte-vins-de-cepage-3x2-bouteilles\\\/#primaryimage\"},\"image\":{\"@id\":\"https:\\\/\\\/www.ivinio.com\\\/fr\\\/produit\\\/moulin-de-gassac-carton-decouverte-vins-de-cepage-3x2-bouteilles\\\/#primaryimage\"},\"thumbnailUrl\":\"https:\\\/\\\/www.ivinio.com\\\/wp-content\\\/uploads\\\/nc\\\/public\\\/modules\\\/file\\\/pictures\\\/6690.moulin-de-gassac-packII-ivinio.jpg\",\"datePublished\":\"2015-10-23T12:01:49+00:00\",\"dateModified\":\"2025-11-14T22:55:38+00:00\",\"description\":\"Acheter Moulin de Gassac - vins de c\u00e9page. 2 bouteilles de Merlot, 2 bouteilles de Syrah et 2 bouteilles de Sauvignon du Moulin de Gassac.\",\"breadcrumb\":{\"@id\":\"https:\\\/\\\/www.ivinio.com\\\/fr\\\/produit\\\/moulin-de-gassac-carton-decouverte-vins-de-cepage-3x2-bouteilles\\\/#breadcrumb\"},\"inLanguage\":\"fr-FR\",\"potentialAction\":[{\"@type\":\"ReadAction\",\"target\":[\"https:\\\/\\\/www.ivinio.com\\\/fr\\\/produit\\\/moulin-de-gassac-carton-decouverte-vins-de-cepage-3x2-bouteilles\\\/\"]}]},{\"@type\":\"ImageObject\",\"inLanguage\":\"fr-FR\",\"@id\":\"https:\\\/\\\/www.ivinio.com\\\/fr\\\/produit\\\/moulin-de-gassac-carton-decouverte-vins-de-cepage-3x2-bouteilles\\\/#primaryimage\",\"url\":\"https:\\\/\\\/www.ivinio.com\\\/wp-content\\\/uploads\\\/nc\\\/public\\\/modules\\\/file\\\/pictures\\\/6690.moulin-de-gassac-packII-ivinio.jpg\",\"contentUrl\":\"https:\\\/\\\/www.ivinio.com\\\/wp-content\\\/uploads\\\/nc\\\/public\\\/modules\\\/file\\\/pictures\\\/6690.moulin-de-gassac-packII-ivinio.jpg\",\"width\":500,\"height\":500},{\"@type\":\"BreadcrumbList\",\"@id\":\"https:\\\/\\\/www.ivinio.com\\\/fr\\\/produit\\\/moulin-de-gassac-carton-decouverte-vins-de-cepage-3x2-bouteilles\\\/#breadcrumb\",\"itemListElement\":[{\"@type\":\"ListItem\",\"position\":1,\"name\":\"Home\",\"item\":\"https:\\\/\\\/www.ivinio.com\\\/fr\\\/\"},{\"@type\":\"ListItem\",\"position\":2,\"name\":\"Boutique de vin\",\"item\":\"https:\\\/\\\/www.ivinio.com\\\/fr\\\/boutique-de-vin\\\/\"},{\"@type\":\"ListItem\",\"position\":3,\"name\":\"Moulin de Gassac &#8211; carton d\u00e9couverte &#8211; vins de c\u00e9page &#8211; 3&#215;2 bouteilles\"}]},{\"@type\":\"WebSite\",\"@id\":\"https:\\\/\\\/www.ivinio.com\\\/fr\\\/#website\",\"url\":\"https:\\\/\\\/www.ivinio.com\\\/fr\\\/\",\"name\":\"IVINIO Caviste\",\"description\":\"Vins de France et d&#039;Italie avec livraison \u00e0 domicile\",\"publisher\":{\"@id\":\"https:\\\/\\\/www.ivinio.com\\\/fr\\\/#organization\"},\"potentialAction\":[{\"@type\":\"SearchAction\",\"target\":{\"@type\":\"EntryPoint\",\"urlTemplate\":\"https:\\\/\\\/www.ivinio.com\\\/fr\\\/?s={search_term_string}\"},\"query-input\":{\"@type\":\"PropertyValueSpecification\",\"valueRequired\":true,\"valueName\":\"search_term_string\"}}],\"inLanguage\":\"fr-FR\"},{\"@type\":\"Organization\",\"@id\":\"https:\\\/\\\/www.ivinio.com\\\/fr\\\/#organization\",\"name\":\"IVINIO\",\"url\":\"https:\\\/\\\/www.ivinio.com\\\/fr\\\/\",\"logo\":{\"@type\":\"ImageObject\",\"inLanguage\":\"fr-FR\",\"@id\":\"https:\\\/\\\/www.ivinio.com\\\/fr\\\/#\\\/schema\\\/logo\\\/image\\\/\",\"url\":\"https:\\\/\\\/www.ivinio.com\\\/wp-content\\\/uploads\\\/2021\\\/01\\\/Logo-Ivinio-v2.jpg\",\"contentUrl\":\"https:\\\/\\\/www.ivinio.com\\\/wp-content\\\/uploads\\\/2021\\\/01\\\/Logo-Ivinio-v2.jpg\",\"width\":1194,\"height\":1194,\"caption\":\"IVINIO\"},\"image\":{\"@id\":\"https:\\\/\\\/www.ivinio.com\\\/fr\\\/#\\\/schema\\\/logo\\\/image\\\/\"},\"sameAs\":[\"https:\\\/\\\/www.facebook.com\\\/groups\\\/165217837022391\\\/?ref=bookmarks\",\"https:\\\/\\\/www.instagram.com\\\/_ivinio_\\\/?hl=fr\"]}]}<\/script>\n<!-- \/ Yoast SEO plugin. -->","yoast_head_json":{"title":"Acheter Moulin de Gassac - vins m\u00e9lang\u00e9s de c\u00e9page - IVINIO Caviste","description":"Acheter Moulin de Gassac - vins de c\u00e9page. 2 bouteilles de Merlot, 2 bouteilles de Syrah et 2 bouteilles de Sauvignon du Moulin de Gassac.","robots":{"index":"index","follow":"follow","max-snippet":"max-snippet:-1","max-image-preview":"max-image-preview:large","max-video-preview":"max-video-preview:-1"},"canonical":"https:\/\/www.ivinio.com\/fr\/produit\/moulin-de-gassac-carton-decouverte-vins-de-cepage-3x2-bouteilles\/","og_locale":"fr_FR","og_type":"article","og_title":"Acheter Moulin de Gassac - vins m\u00e9lang\u00e9s de c\u00e9page - IVINIO Caviste","og_description":"Acheter Moulin de Gassac - vins de c\u00e9page. 2 bouteilles de Merlot, 2 bouteilles de Syrah et 2 bouteilles de Sauvignon du Moulin de Gassac.","og_url":"https:\/\/www.ivinio.com\/fr\/produit\/moulin-de-gassac-carton-decouverte-vins-de-cepage-3x2-bouteilles\/","og_site_name":"IVINIO Caviste","article_publisher":"https:\/\/www.facebook.com\/groups\/165217837022391\/?ref=bookmarks","article_modified_time":"2025-11-14T22:55:38+00:00","og_image":[{"width":500,"height":500,"url":"https:\/\/www.ivinio.com\/wp-content\/uploads\/nc\/public\/modules\/file\/pictures\/6690.moulin-de-gassac-packII-ivinio.jpg","type":"image\/jpeg"}],"twitter_card":"summary_large_image","schema":{"@context":"https:\/\/schema.org","@graph":[{"@type":"WebPage","@id":"https:\/\/www.ivinio.com\/fr\/produit\/moulin-de-gassac-carton-decouverte-vins-de-cepage-3x2-bouteilles\/","url":"https:\/\/www.ivinio.com\/fr\/produit\/moulin-de-gassac-carton-decouverte-vins-de-cepage-3x2-bouteilles\/","name":"Acheter Moulin de Gassac - vins m\u00e9lang\u00e9s de c\u00e9page - IVINIO Caviste","isPartOf":{"@id":"https:\/\/www.ivinio.com\/fr\/#website"},"primaryImageOfPage":{"@id":"https:\/\/www.ivinio.com\/fr\/produit\/moulin-de-gassac-carton-decouverte-vins-de-cepage-3x2-bouteilles\/#primaryimage"},"image":{"@id":"https:\/\/www.ivinio.com\/fr\/produit\/moulin-de-gassac-carton-decouverte-vins-de-cepage-3x2-bouteilles\/#primaryimage"},"thumbnailUrl":"https:\/\/www.ivinio.com\/wp-content\/uploads\/nc\/public\/modules\/file\/pictures\/6690.moulin-de-gassac-packII-ivinio.jpg","datePublished":"2015-10-23T12:01:49+00:00","dateModified":"2025-11-14T22:55:38+00:00","description":"Acheter Moulin de Gassac - vins de c\u00e9page. 2 bouteilles de Merlot, 2 bouteilles de Syrah et 2 bouteilles de Sauvignon du Moulin de Gassac.","breadcrumb":{"@id":"https:\/\/www.ivinio.com\/fr\/produit\/moulin-de-gassac-carton-decouverte-vins-de-cepage-3x2-bouteilles\/#breadcrumb"},"inLanguage":"fr-FR","potentialAction":[{"@type":"ReadAction","target":["https:\/\/www.ivinio.com\/fr\/produit\/moulin-de-gassac-carton-decouverte-vins-de-cepage-3x2-bouteilles\/"]}]},{"@type":"ImageObject","inLanguage":"fr-FR","@id":"https:\/\/www.ivinio.com\/fr\/produit\/moulin-de-gassac-carton-decouverte-vins-de-cepage-3x2-bouteilles\/#primaryimage","url":"https:\/\/www.ivinio.com\/wp-content\/uploads\/nc\/public\/modules\/file\/pictures\/6690.moulin-de-gassac-packII-ivinio.jpg","contentUrl":"https:\/\/www.ivinio.com\/wp-content\/uploads\/nc\/public\/modules\/file\/pictures\/6690.moulin-de-gassac-packII-ivinio.jpg","width":500,"height":500},{"@type":"BreadcrumbList","@id":"https:\/\/www.ivinio.com\/fr\/produit\/moulin-de-gassac-carton-decouverte-vins-de-cepage-3x2-bouteilles\/#breadcrumb","itemListElement":[{"@type":"ListItem","position":1,"name":"Home","item":"https:\/\/www.ivinio.com\/fr\/"},{"@type":"ListItem","position":2,"name":"Boutique de vin","item":"https:\/\/www.ivinio.com\/fr\/boutique-de-vin\/"},{"@type":"ListItem","position":3,"name":"Moulin de Gassac &#8211; carton d\u00e9couverte &#8211; vins de c\u00e9page &#8211; 3&#215;2 bouteilles"}]},{"@type":"WebSite","@id":"https:\/\/www.ivinio.com\/fr\/#website","url":"https:\/\/www.ivinio.com\/fr\/","name":"IVINIO Caviste","description":"Vins de France et d&#039;Italie avec livraison \u00e0 domicile","publisher":{"@id":"https:\/\/www.ivinio.com\/fr\/#organization"},"potentialAction":[{"@type":"SearchAction","target":{"@type":"EntryPoint","urlTemplate":"https:\/\/www.ivinio.com\/fr\/?s={search_term_string}"},"query-input":{"@type":"PropertyValueSpecification","valueRequired":true,"valueName":"search_term_string"}}],"inLanguage":"fr-FR"},{"@type":"Organization","@id":"https:\/\/www.ivinio.com\/fr\/#organization","name":"IVINIO","url":"https:\/\/www.ivinio.com\/fr\/","logo":{"@type":"ImageObject","inLanguage":"fr-FR","@id":"https:\/\/www.ivinio.com\/fr\/#\/schema\/logo\/image\/","url":"https:\/\/www.ivinio.com\/wp-content\/uploads\/2021\/01\/Logo-Ivinio-v2.jpg","contentUrl":"https:\/\/www.ivinio.com\/wp-content\/uploads\/2021\/01\/Logo-Ivinio-v2.jpg","width":1194,"height":1194,"caption":"IVINIO"},"image":{"@id":"https:\/\/www.ivinio.com\/fr\/#\/schema\/logo\/image\/"},"sameAs":["https:\/\/www.facebook.com\/groups\/165217837022391\/?ref=bookmarks","https:\/\/www.instagram.com\/_ivinio_\/?hl=fr"]}]}},"jetpack_sharing_enabled":true,"_links":{"self":[{"href":"https:\/\/www.ivinio.com\/fr\/wp-json\/wp\/v2\/product\/119859","targetHints":{"allow":["GET"]}}],"collection":[{"href":"https:\/\/www.ivinio.com\/fr\/wp-json\/wp\/v2\/product"}],"about":[{"href":"https:\/\/www.ivinio.com\/fr\/wp-json\/wp\/v2\/types\/product"}],"replies":[{"embeddable":true,"href":"https:\/\/www.ivinio.com\/fr\/wp-json\/wp\/v2\/comments?post=119859"}],"wp:featuredmedia":[{"embeddable":true,"href":"https:\/\/www.ivinio.com\/fr\/wp-json\/wp\/v2\/media\/138985"}],"wp:attachment":[{"href":"https:\/\/www.ivinio.com\/fr\/wp-json\/wp\/v2\/media?parent=119859"}],"wp:term":[{"taxonomy":"product_brand","embeddable":true,"href":"https:\/\/www.ivinio.com\/fr\/wp-json\/wp\/v2\/product_brand?post=119859"},{"taxonomy":"product_cat","embeddable":true,"href":"https:\/\/www.ivinio.com\/fr\/wp-json\/wp\/v2\/product_cat?post=119859"},{"taxonomy":"product_tag","embeddable":true,"href":"https:\/\/www.ivinio.com\/fr\/wp-json\/wp\/v2\/product_tag?post=119859"}],"curies":[{"name":"wp","href":"https:\/\/api.w.org\/{rel}","templated":true}]}}