{"id":119803,"date":"2015-06-03T12:24:20","date_gmt":"2015-06-03T12:24:20","guid":{"rendered":"https:\/\/henrik.www.ivinio.com\/?product=chateau-aydie-carton-decouverte-3x2-bouteilles-rouge"},"modified":"2023-02-08T17:58:28","modified_gmt":"2023-02-08T16:58:28","slug":"chateau-aydie-carton-decouverte-3x2-bouteilles-rouge","status":"publish","type":"product","link":"https:\/\/www.ivinio.com\/fr\/produit\/chateau-aydie-carton-decouverte-3x2-bouteilles-rouge\/","title":{"rendered":"Ch\u00e2teau Aydie &#8211; Carton D\u00e9couverte &#8211; 3&#215;2 bouteilles &#8211; Rouge"},"content":{"rendered":"<p>Ce carton Ch\u00e2teau Aydie &#8211; Carton de vin m\u00e9lang\u00e9 est id\u00e9al pour d\u00e9guster des vins authentiques diff\u00e9rents du sud-ouest de la France. Une s\u00e9lection pour tout le d\u00eener ! 2 bouteilles de vin rouge de 2 vari\u00e9t\u00e9s diff\u00e9rentes &#8211; l&#8217;Origine et l&#8217;Od\u00e9 d&#8217;Aydie ainsi que 2 bouteilles de l&#8217;\u00e9l\u00e9gant \u00a0vin rouge de dessert du nom Maydie !<\/p>\n","protected":false},"excerpt":{"rendered":"<p>Ce carton d\u00e9couverte contient\u00a02 vins rouges diff\u00e9rents de Ch\u00e2teau Aydie\u00a0ainsi que l&#8217; excellent\u00a0vin de dessert\u00a0Maydie. Le carton\u00a0inclus 2 bouteilles de chaque sorte\u00a0!<\/p>\n","protected":false},"featured_media":126517,"comment_status":"open","ping_status":"closed","template":"","meta":{"_monsterinsights_skip_tracking":false,"_monsterinsights_sitenote_active":false,"_monsterinsights_sitenote_note":"","_monsterinsights_sitenote_category":0,"_uf_show_specific_survey":0,"_uf_disable_surveys":false},"product_brand":[],"product_cat":[36643],"product_tag":[],"class_list":{"0":"post-119803","1":"product","2":"type-product","3":"status-publish","4":"has-post-thumbnail","6":"product_cat-ronde-des-vins","7":"pa_awards-wine-enthusiast-fr","8":"pa_classification-aop-madiran-fr","9":"pa_classification-aop-vin-de-liqueur-fr","10":"pa_color-rouge-fr","11":"pa_country-france-fr","12":"pa_grape-variety-cabernet-franc-fr","13":"pa_grape-variety-tannat-fr-fr","14":"pa_package-1x1-fr","15":"pa_package-1x6-fr","16":"pa_region-sud-ouest-fr","17":"pa_storage-potential-10-ans-fr","18":"pa_storage-potential-7-ans","19":"pa_vintage-2016-fr","20":"pa_vintage-2017-fr","21":"pa_vintage-2020-fr","22":"pa_volume-50-cl-fr","23":"pa_volume-75-cl-fr","25":"first","26":"instock","27":"taxable","28":"shipping-taxable","29":"purchasable","30":"product-type-bundle"},"bundled_by":[],"bundle_stock_status":"instock","bundle_stock_quantity":"","bundle_virtual":false,"bundle_layout":"grid","bundle_add_to_cart_form_location":"after_summary","bundle_editable_in_cart":false,"bundle_sold_individually_context":"product","bundle_item_grouping":"noindent","bundle_min_size":"","bundle_max_size":"","bundle_price":{"price":{"min":{"incl_tax":"79.1","excl_tax":"79.083333"},"max":{"incl_tax":"79.1","excl_tax":"79.083333"}},"regular_price":{"min":{"incl_tax":"79.1","excl_tax":"79.083333"},"max":{"incl_tax":"79.1","excl_tax":"79.083333"}}},"bundled_items":[{"bundled_item_id":8356,"product_id":119523,"menu_order":0,"quantity_min":1,"quantity_max":1,"quantity_default":1,"priced_individually":false,"shipped_individually":false,"override_title":false,"title":"Ch\u00e2teau Aydie &#8211; Od\u00e9 d&#8217;Aydie &#8211; Rouge","override_description":false,"description":"Ch\u00e2teau Aydie &#8211; Od\u00e9 d&#8217;Aydie &#8211; Rouge","optional":false,"hide_thumbnail":false,"discount":"","override_variations":true,"allowed_variations":[""],"override_default_variation_attributes":true,"default_variation_attributes":[{"id":223,"name":"Package :","option":"1x1-fr"}],"single_product_visibility":"visible","cart_visibility":"hidden","order_visibility":"visible","single_product_price_visibility":"visible","cart_price_visibility":"visible","order_price_visibility":"visible","stock_status":"in_stock"},{"bundled_item_id":8357,"product_id":119518,"menu_order":1,"quantity_min":1,"quantity_max":1,"quantity_default":1,"priced_individually":false,"shipped_individually":false,"override_title":false,"title":"Ch\u00e2teau Aydie &#8211; L&#8217;Origine &#8211; Rouge","override_description":false,"description":"Ch\u00e2teau Aydie &#8211; L&#8217;Origine &#8211; Rouge","optional":false,"hide_thumbnail":false,"discount":"","override_variations":true,"allowed_variations":[""],"override_default_variation_attributes":true,"default_variation_attributes":[],"single_product_visibility":"visible","cart_visibility":"hidden","order_visibility":"visible","single_product_price_visibility":"visible","cart_price_visibility":"visible","order_price_visibility":"visible","stock_status":"in_stock"},{"bundled_item_id":8358,"product_id":119528,"menu_order":2,"quantity_min":1,"quantity_max":1,"quantity_default":1,"priced_individually":false,"shipped_individually":false,"override_title":false,"title":"Ch\u00e2teau Aydie &#8211; Maydie &#8211; vin de liqueur","override_description":false,"description":"Ch\u00e2teau Aydie &#8211; Maydie &#8211; vin de liqueur","optional":false,"hide_thumbnail":false,"discount":"","override_variations":true,"allowed_variations":[""],"override_default_variation_attributes":true,"default_variation_attributes":[],"single_product_visibility":"visible","cart_visibility":"hidden","order_visibility":"visible","single_product_price_visibility":"visible","cart_price_visibility":"visible","order_price_visibility":"visible","stock_status":"in_stock"}],"bundle_sell_ids":[],"yoast_head":"<!-- This site is optimized with the Yoast SEO plugin v27.6 - https:\/\/yoast.com\/product\/yoast-seo-wordpress\/ -->\n<title>Acheter Ch\u00e2teau Aydie - Carton de vin m\u00e9lang\u00e9 - IVINIO Caviste<\/title>\n<meta name=\"description\" content=\"Ch\u00e2teau Aydie - Carton de vin m\u00e9lang\u00e9. Contient 2 vins rouges diff\u00e9rents de Ch\u00e2teau Aydie ainsi que l&#039; \u00e9l\u00e9gant vin de dessert Maydie.\" \/>\n<meta name=\"robots\" content=\"index, follow, max-snippet:-1, max-image-preview:large, max-video-preview:-1\" \/>\n<link rel=\"canonical\" href=\"https:\/\/www.ivinio.com\/fr\/produit\/chateau-aydie-carton-decouverte-3x2-bouteilles-rouge\/\" \/>\n<meta property=\"og:locale\" content=\"fr_FR\" \/>\n<meta property=\"og:type\" content=\"article\" \/>\n<meta property=\"og:title\" content=\"Acheter Ch\u00e2teau Aydie - Carton de vin m\u00e9lang\u00e9 - IVINIO Caviste\" \/>\n<meta property=\"og:description\" content=\"Ch\u00e2teau Aydie - Carton de vin m\u00e9lang\u00e9. Contient 2 vins rouges diff\u00e9rents de Ch\u00e2teau Aydie ainsi que l&#039; \u00e9l\u00e9gant vin de dessert Maydie.\" \/>\n<meta property=\"og:url\" content=\"https:\/\/www.ivinio.com\/fr\/produit\/chateau-aydie-carton-decouverte-3x2-bouteilles-rouge\/\" \/>\n<meta property=\"og:site_name\" content=\"IVINIO Caviste\" \/>\n<meta property=\"article:publisher\" content=\"https:\/\/www.facebook.com\/groups\/165217837022391\/?ref=bookmarks\" \/>\n<meta property=\"article:modified_time\" content=\"2023-02-08T16:58:28+00:00\" \/>\n<meta property=\"og:image\" content=\"https:\/\/www.ivinio.com\/wp-content\/uploads\/nc\/public\/modules\/file\/pictures\/5995.chateau-aydie-pack-ivinio.jpg\" \/>\n\t<meta property=\"og:image:width\" content=\"500\" \/>\n\t<meta property=\"og:image:height\" content=\"500\" \/>\n\t<meta property=\"og:image:type\" content=\"image\/jpeg\" \/>\n<meta name=\"twitter:card\" content=\"summary_large_image\" \/>\n<script type=\"application\/ld+json\" class=\"yoast-schema-graph\">{\"@context\":\"https:\\\/\\\/schema.org\",\"@graph\":[{\"@type\":\"WebPage\",\"@id\":\"https:\\\/\\\/www.ivinio.com\\\/fr\\\/produit\\\/chateau-aydie-carton-decouverte-3x2-bouteilles-rouge\\\/\",\"url\":\"https:\\\/\\\/www.ivinio.com\\\/fr\\\/produit\\\/chateau-aydie-carton-decouverte-3x2-bouteilles-rouge\\\/\",\"name\":\"Acheter Ch\u00e2teau Aydie - Carton de vin m\u00e9lang\u00e9 - IVINIO Caviste\",\"isPartOf\":{\"@id\":\"https:\\\/\\\/www.ivinio.com\\\/fr\\\/#website\"},\"primaryImageOfPage\":{\"@id\":\"https:\\\/\\\/www.ivinio.com\\\/fr\\\/produit\\\/chateau-aydie-carton-decouverte-3x2-bouteilles-rouge\\\/#primaryimage\"},\"image\":{\"@id\":\"https:\\\/\\\/www.ivinio.com\\\/fr\\\/produit\\\/chateau-aydie-carton-decouverte-3x2-bouteilles-rouge\\\/#primaryimage\"},\"thumbnailUrl\":\"https:\\\/\\\/www.ivinio.com\\\/wp-content\\\/uploads\\\/nc\\\/public\\\/modules\\\/file\\\/pictures\\\/5995.chateau-aydie-pack-ivinio.jpg\",\"datePublished\":\"2015-06-03T12:24:20+00:00\",\"dateModified\":\"2023-02-08T16:58:28+00:00\",\"description\":\"Ch\u00e2teau Aydie - Carton de vin m\u00e9lang\u00e9. Contient 2 vins rouges diff\u00e9rents de Ch\u00e2teau Aydie ainsi que l' \u00e9l\u00e9gant vin de dessert Maydie.\",\"breadcrumb\":{\"@id\":\"https:\\\/\\\/www.ivinio.com\\\/fr\\\/produit\\\/chateau-aydie-carton-decouverte-3x2-bouteilles-rouge\\\/#breadcrumb\"},\"inLanguage\":\"fr-FR\",\"potentialAction\":[{\"@type\":\"ReadAction\",\"target\":[\"https:\\\/\\\/www.ivinio.com\\\/fr\\\/produit\\\/chateau-aydie-carton-decouverte-3x2-bouteilles-rouge\\\/\"]}]},{\"@type\":\"ImageObject\",\"inLanguage\":\"fr-FR\",\"@id\":\"https:\\\/\\\/www.ivinio.com\\\/fr\\\/produit\\\/chateau-aydie-carton-decouverte-3x2-bouteilles-rouge\\\/#primaryimage\",\"url\":\"https:\\\/\\\/www.ivinio.com\\\/wp-content\\\/uploads\\\/nc\\\/public\\\/modules\\\/file\\\/pictures\\\/5995.chateau-aydie-pack-ivinio.jpg\",\"contentUrl\":\"https:\\\/\\\/www.ivinio.com\\\/wp-content\\\/uploads\\\/nc\\\/public\\\/modules\\\/file\\\/pictures\\\/5995.chateau-aydie-pack-ivinio.jpg\",\"width\":500,\"height\":500},{\"@type\":\"BreadcrumbList\",\"@id\":\"https:\\\/\\\/www.ivinio.com\\\/fr\\\/produit\\\/chateau-aydie-carton-decouverte-3x2-bouteilles-rouge\\\/#breadcrumb\",\"itemListElement\":[{\"@type\":\"ListItem\",\"position\":1,\"name\":\"Home\",\"item\":\"https:\\\/\\\/www.ivinio.com\\\/fr\\\/\"},{\"@type\":\"ListItem\",\"position\":2,\"name\":\"Boutique de vin\",\"item\":\"https:\\\/\\\/www.ivinio.com\\\/fr\\\/boutique-de-vin\\\/\"},{\"@type\":\"ListItem\",\"position\":3,\"name\":\"Ch\u00e2teau Aydie &#8211; Carton D\u00e9couverte &#8211; 3&#215;2 bouteilles &#8211; Rouge\"}]},{\"@type\":\"WebSite\",\"@id\":\"https:\\\/\\\/www.ivinio.com\\\/fr\\\/#website\",\"url\":\"https:\\\/\\\/www.ivinio.com\\\/fr\\\/\",\"name\":\"IVINIO Caviste\",\"description\":\"Vins de France et d&#039;Italie avec livraison \u00e0 domicile\",\"publisher\":{\"@id\":\"https:\\\/\\\/www.ivinio.com\\\/fr\\\/#organization\"},\"potentialAction\":[{\"@type\":\"SearchAction\",\"target\":{\"@type\":\"EntryPoint\",\"urlTemplate\":\"https:\\\/\\\/www.ivinio.com\\\/fr\\\/?s={search_term_string}\"},\"query-input\":{\"@type\":\"PropertyValueSpecification\",\"valueRequired\":true,\"valueName\":\"search_term_string\"}}],\"inLanguage\":\"fr-FR\"},{\"@type\":\"Organization\",\"@id\":\"https:\\\/\\\/www.ivinio.com\\\/fr\\\/#organization\",\"name\":\"IVINIO\",\"url\":\"https:\\\/\\\/www.ivinio.com\\\/fr\\\/\",\"logo\":{\"@type\":\"ImageObject\",\"inLanguage\":\"fr-FR\",\"@id\":\"https:\\\/\\\/www.ivinio.com\\\/fr\\\/#\\\/schema\\\/logo\\\/image\\\/\",\"url\":\"https:\\\/\\\/www.ivinio.com\\\/wp-content\\\/uploads\\\/2021\\\/01\\\/Logo-Ivinio-v2.jpg\",\"contentUrl\":\"https:\\\/\\\/www.ivinio.com\\\/wp-content\\\/uploads\\\/2021\\\/01\\\/Logo-Ivinio-v2.jpg\",\"width\":1194,\"height\":1194,\"caption\":\"IVINIO\"},\"image\":{\"@id\":\"https:\\\/\\\/www.ivinio.com\\\/fr\\\/#\\\/schema\\\/logo\\\/image\\\/\"},\"sameAs\":[\"https:\\\/\\\/www.facebook.com\\\/groups\\\/165217837022391\\\/?ref=bookmarks\",\"https:\\\/\\\/www.instagram.com\\\/_ivinio_\\\/?hl=fr\"]}]}<\/script>\n<!-- \/ Yoast SEO plugin. -->","yoast_head_json":{"title":"Acheter Ch\u00e2teau Aydie - Carton de vin m\u00e9lang\u00e9 - IVINIO Caviste","description":"Ch\u00e2teau Aydie - Carton de vin m\u00e9lang\u00e9. Contient 2 vins rouges diff\u00e9rents de Ch\u00e2teau Aydie ainsi que l' \u00e9l\u00e9gant vin de dessert Maydie.","robots":{"index":"index","follow":"follow","max-snippet":"max-snippet:-1","max-image-preview":"max-image-preview:large","max-video-preview":"max-video-preview:-1"},"canonical":"https:\/\/www.ivinio.com\/fr\/produit\/chateau-aydie-carton-decouverte-3x2-bouteilles-rouge\/","og_locale":"fr_FR","og_type":"article","og_title":"Acheter Ch\u00e2teau Aydie - Carton de vin m\u00e9lang\u00e9 - IVINIO Caviste","og_description":"Ch\u00e2teau Aydie - Carton de vin m\u00e9lang\u00e9. Contient 2 vins rouges diff\u00e9rents de Ch\u00e2teau Aydie ainsi que l' \u00e9l\u00e9gant vin de dessert Maydie.","og_url":"https:\/\/www.ivinio.com\/fr\/produit\/chateau-aydie-carton-decouverte-3x2-bouteilles-rouge\/","og_site_name":"IVINIO Caviste","article_publisher":"https:\/\/www.facebook.com\/groups\/165217837022391\/?ref=bookmarks","article_modified_time":"2023-02-08T16:58:28+00:00","og_image":[{"width":500,"height":500,"url":"https:\/\/www.ivinio.com\/wp-content\/uploads\/nc\/public\/modules\/file\/pictures\/5995.chateau-aydie-pack-ivinio.jpg","type":"image\/jpeg"}],"twitter_card":"summary_large_image","schema":{"@context":"https:\/\/schema.org","@graph":[{"@type":"WebPage","@id":"https:\/\/www.ivinio.com\/fr\/produit\/chateau-aydie-carton-decouverte-3x2-bouteilles-rouge\/","url":"https:\/\/www.ivinio.com\/fr\/produit\/chateau-aydie-carton-decouverte-3x2-bouteilles-rouge\/","name":"Acheter Ch\u00e2teau Aydie - Carton de vin m\u00e9lang\u00e9 - IVINIO Caviste","isPartOf":{"@id":"https:\/\/www.ivinio.com\/fr\/#website"},"primaryImageOfPage":{"@id":"https:\/\/www.ivinio.com\/fr\/produit\/chateau-aydie-carton-decouverte-3x2-bouteilles-rouge\/#primaryimage"},"image":{"@id":"https:\/\/www.ivinio.com\/fr\/produit\/chateau-aydie-carton-decouverte-3x2-bouteilles-rouge\/#primaryimage"},"thumbnailUrl":"https:\/\/www.ivinio.com\/wp-content\/uploads\/nc\/public\/modules\/file\/pictures\/5995.chateau-aydie-pack-ivinio.jpg","datePublished":"2015-06-03T12:24:20+00:00","dateModified":"2023-02-08T16:58:28+00:00","description":"Ch\u00e2teau Aydie - Carton de vin m\u00e9lang\u00e9. Contient 2 vins rouges diff\u00e9rents de Ch\u00e2teau Aydie ainsi que l' \u00e9l\u00e9gant vin de dessert Maydie.","breadcrumb":{"@id":"https:\/\/www.ivinio.com\/fr\/produit\/chateau-aydie-carton-decouverte-3x2-bouteilles-rouge\/#breadcrumb"},"inLanguage":"fr-FR","potentialAction":[{"@type":"ReadAction","target":["https:\/\/www.ivinio.com\/fr\/produit\/chateau-aydie-carton-decouverte-3x2-bouteilles-rouge\/"]}]},{"@type":"ImageObject","inLanguage":"fr-FR","@id":"https:\/\/www.ivinio.com\/fr\/produit\/chateau-aydie-carton-decouverte-3x2-bouteilles-rouge\/#primaryimage","url":"https:\/\/www.ivinio.com\/wp-content\/uploads\/nc\/public\/modules\/file\/pictures\/5995.chateau-aydie-pack-ivinio.jpg","contentUrl":"https:\/\/www.ivinio.com\/wp-content\/uploads\/nc\/public\/modules\/file\/pictures\/5995.chateau-aydie-pack-ivinio.jpg","width":500,"height":500},{"@type":"BreadcrumbList","@id":"https:\/\/www.ivinio.com\/fr\/produit\/chateau-aydie-carton-decouverte-3x2-bouteilles-rouge\/#breadcrumb","itemListElement":[{"@type":"ListItem","position":1,"name":"Home","item":"https:\/\/www.ivinio.com\/fr\/"},{"@type":"ListItem","position":2,"name":"Boutique de vin","item":"https:\/\/www.ivinio.com\/fr\/boutique-de-vin\/"},{"@type":"ListItem","position":3,"name":"Ch\u00e2teau Aydie &#8211; Carton D\u00e9couverte &#8211; 3&#215;2 bouteilles &#8211; Rouge"}]},{"@type":"WebSite","@id":"https:\/\/www.ivinio.com\/fr\/#website","url":"https:\/\/www.ivinio.com\/fr\/","name":"IVINIO Caviste","description":"Vins de France et d&#039;Italie avec livraison \u00e0 domicile","publisher":{"@id":"https:\/\/www.ivinio.com\/fr\/#organization"},"potentialAction":[{"@type":"SearchAction","target":{"@type":"EntryPoint","urlTemplate":"https:\/\/www.ivinio.com\/fr\/?s={search_term_string}"},"query-input":{"@type":"PropertyValueSpecification","valueRequired":true,"valueName":"search_term_string"}}],"inLanguage":"fr-FR"},{"@type":"Organization","@id":"https:\/\/www.ivinio.com\/fr\/#organization","name":"IVINIO","url":"https:\/\/www.ivinio.com\/fr\/","logo":{"@type":"ImageObject","inLanguage":"fr-FR","@id":"https:\/\/www.ivinio.com\/fr\/#\/schema\/logo\/image\/","url":"https:\/\/www.ivinio.com\/wp-content\/uploads\/2021\/01\/Logo-Ivinio-v2.jpg","contentUrl":"https:\/\/www.ivinio.com\/wp-content\/uploads\/2021\/01\/Logo-Ivinio-v2.jpg","width":1194,"height":1194,"caption":"IVINIO"},"image":{"@id":"https:\/\/www.ivinio.com\/fr\/#\/schema\/logo\/image\/"},"sameAs":["https:\/\/www.facebook.com\/groups\/165217837022391\/?ref=bookmarks","https:\/\/www.instagram.com\/_ivinio_\/?hl=fr"]}]}},"jetpack_sharing_enabled":true,"_links":{"self":[{"href":"https:\/\/www.ivinio.com\/fr\/wp-json\/wp\/v2\/product\/119803","targetHints":{"allow":["GET"]}}],"collection":[{"href":"https:\/\/www.ivinio.com\/fr\/wp-json\/wp\/v2\/product"}],"about":[{"href":"https:\/\/www.ivinio.com\/fr\/wp-json\/wp\/v2\/types\/product"}],"replies":[{"embeddable":true,"href":"https:\/\/www.ivinio.com\/fr\/wp-json\/wp\/v2\/comments?post=119803"}],"wp:featuredmedia":[{"embeddable":true,"href":"https:\/\/www.ivinio.com\/fr\/wp-json\/wp\/v2\/media\/126517"}],"wp:attachment":[{"href":"https:\/\/www.ivinio.com\/fr\/wp-json\/wp\/v2\/media?parent=119803"}],"wp:term":[{"taxonomy":"product_brand","embeddable":true,"href":"https:\/\/www.ivinio.com\/fr\/wp-json\/wp\/v2\/product_brand?post=119803"},{"taxonomy":"product_cat","embeddable":true,"href":"https:\/\/www.ivinio.com\/fr\/wp-json\/wp\/v2\/product_cat?post=119803"},{"taxonomy":"product_tag","embeddable":true,"href":"https:\/\/www.ivinio.com\/fr\/wp-json\/wp\/v2\/product_tag?post=119803"}],"curies":[{"name":"wp","href":"https:\/\/api.w.org\/{rel}","templated":true}]}}