{"id":119793,"date":"2015-10-13T22:57:06","date_gmt":"2015-10-13T22:57:06","guid":{"rendered":"https:\/\/henrik.www.ivinio.com\/?product=moulin-de-gassac-guilhem-rouge"},"modified":"2025-11-14T23:55:35","modified_gmt":"2025-11-14T22:55:35","slug":"moulin-de-gassac-guilhem-rouge","status":"publish","type":"product","link":"https:\/\/www.ivinio.com\/fr\/produit\/moulin-de-gassac-guilhem-rouge\/","title":{"rendered":"Moulin de Gassac &#8211; Guilhem &#8211; Rouge"},"content":{"rendered":"<p>Guilhem du Moulin de Gassac est compos\u00e9 de\u00a040% Syrah, 30% Grenache et\u00a030% Carignan. Les raisins sont r\u00e9colt\u00e9s et \u00e9grapp\u00e9s. La vinification\u00a0se fait selon la m\u00e9thode classique, la\u00a0fermentation dure\u00a010-12 jours \u00e0 26-32 \u00b0 C. Le vin est ensuite \u00e9lev\u00e9\u00a0pendant 5-6 mois en cuves d&#8217;acier avant d&#8217;\u00eatre embouteill\u00e9.<\/p>\n","protected":false},"excerpt":{"rendered":"<p>Guilhem Moulin de Gassac est un vin rouge fruit\u00e9 et l\u00e9g\u00e8rement \u00e9pic\u00e9 qui\u00a0convient \u00e0 toutes les occasions.<\/p>\n","protected":false},"featured_media":136523,"comment_status":"open","ping_status":"closed","template":"","meta":{"_monsterinsights_skip_tracking":false,"_monsterinsights_sitenote_active":false,"_monsterinsights_sitenote_note":"","_monsterinsights_sitenote_category":0,"_uf_show_specific_survey":0,"_uf_disable_surveys":false},"product_brand":[],"product_cat":[36625,36586],"product_tag":[],"class_list":{"0":"post-119793","1":"product","2":"type-product","3":"status-publish","4":"has-post-thumbnail","6":"product_cat-fr-languedoc","7":"product_cat-vins-francais","8":"pa_alcohol-degree-13-fr","9":"pa_classification-igp-pays-dherault","10":"pa_color-rouge-fr","11":"pa_country-france-fr","12":"pa_grape-variety-carignan-fr","13":"pa_grape-variety-grenache-fr","14":"pa_grape-variety-syrah-fr","15":"pa_region-languedoc-fr","16":"pa_storage-potential-3-ans-fr","17":"pa_vintage-2020-fr","18":"pa_volume-75-cl-fr","20":"first","21":"instock","22":"taxable","23":"shipping-taxable","24":"purchasable","25":"product-type-simple"},"bundled_by":["119849"],"bundle_stock_status":"instock","bundle_stock_quantity":null,"bundle_virtual":false,"bundle_layout":"","bundle_add_to_cart_form_location":"","bundle_editable_in_cart":false,"bundle_sold_individually_context":"","bundle_item_grouping":"","bundle_min_size":"","bundle_max_size":"","bundle_price":[],"bundled_items":[],"bundle_sell_ids":[],"yoast_head":"<!-- This site is optimized with the Yoast SEO plugin v27.5 - https:\/\/yoast.com\/product\/yoast-seo-wordpress\/ -->\n<title>Acheter Moulin de Gassac - Guilhem - vin rouge - IVINIO Caviste<\/title>\n<meta name=\"description\" content=\"Acheter Moulin de Gassac - Guilhem - vin rouge. Fruit\u00e9 et l\u00e9g\u00e8rement \u00e9pic\u00e9 qui convient \u00e0 toutes les occasions.\" \/>\n<meta name=\"robots\" content=\"index, follow, max-snippet:-1, max-image-preview:large, max-video-preview:-1\" \/>\n<link rel=\"canonical\" href=\"https:\/\/www.ivinio.com\/fr\/produit\/moulin-de-gassac-guilhem-rouge\/\" \/>\n<meta property=\"og:locale\" content=\"fr_FR\" \/>\n<meta property=\"og:type\" content=\"article\" \/>\n<meta property=\"og:title\" content=\"Acheter Moulin de Gassac - Guilhem - vin rouge - IVINIO Caviste\" \/>\n<meta property=\"og:description\" content=\"Acheter Moulin de Gassac - Guilhem - vin rouge. Fruit\u00e9 et l\u00e9g\u00e8rement \u00e9pic\u00e9 qui convient \u00e0 toutes les occasions.\" \/>\n<meta property=\"og:url\" content=\"https:\/\/www.ivinio.com\/fr\/produit\/moulin-de-gassac-guilhem-rouge\/\" \/>\n<meta property=\"og:site_name\" content=\"IVINIO Caviste\" \/>\n<meta property=\"article:publisher\" content=\"https:\/\/www.facebook.com\/groups\/165217837022391\/?ref=bookmarks\" \/>\n<meta property=\"article:modified_time\" content=\"2025-11-14T22:55:35+00:00\" \/>\n<meta property=\"og:image\" content=\"https:\/\/www.ivinio.com\/wp-content\/uploads\/2015\/10\/Moulin-de-gassac-Guilhem-rouge-IVINIO.jpg\" \/>\n\t<meta property=\"og:image:width\" content=\"500\" \/>\n\t<meta property=\"og:image:height\" content=\"500\" \/>\n\t<meta property=\"og:image:type\" content=\"image\/jpeg\" \/>\n<meta name=\"twitter:card\" content=\"summary_large_image\" \/>\n<meta name=\"twitter:label1\" content=\"Dur\u00e9e de lecture estim\u00e9e\" \/>\n\t<meta name=\"twitter:data1\" content=\"1 minute\" \/>\n<script type=\"application\/ld+json\" class=\"yoast-schema-graph\">{\"@context\":\"https:\\\/\\\/schema.org\",\"@graph\":[{\"@type\":\"WebPage\",\"@id\":\"https:\\\/\\\/www.ivinio.com\\\/fr\\\/produit\\\/moulin-de-gassac-guilhem-rouge\\\/\",\"url\":\"https:\\\/\\\/www.ivinio.com\\\/fr\\\/produit\\\/moulin-de-gassac-guilhem-rouge\\\/\",\"name\":\"Acheter Moulin de Gassac - Guilhem - vin rouge - IVINIO Caviste\",\"isPartOf\":{\"@id\":\"https:\\\/\\\/www.ivinio.com\\\/fr\\\/#website\"},\"primaryImageOfPage\":{\"@id\":\"https:\\\/\\\/www.ivinio.com\\\/fr\\\/produit\\\/moulin-de-gassac-guilhem-rouge\\\/#primaryimage\"},\"image\":{\"@id\":\"https:\\\/\\\/www.ivinio.com\\\/fr\\\/produit\\\/moulin-de-gassac-guilhem-rouge\\\/#primaryimage\"},\"thumbnailUrl\":\"https:\\\/\\\/www.ivinio.com\\\/wp-content\\\/uploads\\\/2015\\\/10\\\/Moulin-de-gassac-Guilhem-rouge-IVINIO.jpg\",\"datePublished\":\"2015-10-13T22:57:06+00:00\",\"dateModified\":\"2025-11-14T22:55:35+00:00\",\"description\":\"Acheter Moulin de Gassac - Guilhem - vin rouge. Fruit\u00e9 et l\u00e9g\u00e8rement \u00e9pic\u00e9 qui convient \u00e0 toutes les occasions.\",\"breadcrumb\":{\"@id\":\"https:\\\/\\\/www.ivinio.com\\\/fr\\\/produit\\\/moulin-de-gassac-guilhem-rouge\\\/#breadcrumb\"},\"inLanguage\":\"fr-FR\",\"potentialAction\":[{\"@type\":\"ReadAction\",\"target\":[\"https:\\\/\\\/www.ivinio.com\\\/fr\\\/produit\\\/moulin-de-gassac-guilhem-rouge\\\/\"]}]},{\"@type\":\"ImageObject\",\"inLanguage\":\"fr-FR\",\"@id\":\"https:\\\/\\\/www.ivinio.com\\\/fr\\\/produit\\\/moulin-de-gassac-guilhem-rouge\\\/#primaryimage\",\"url\":\"https:\\\/\\\/www.ivinio.com\\\/wp-content\\\/uploads\\\/2015\\\/10\\\/Moulin-de-gassac-Guilhem-rouge-IVINIO.jpg\",\"contentUrl\":\"https:\\\/\\\/www.ivinio.com\\\/wp-content\\\/uploads\\\/2015\\\/10\\\/Moulin-de-gassac-Guilhem-rouge-IVINIO.jpg\",\"width\":500,\"height\":500,\"caption\":\"Moulin de Gassac - Guilhem\"},{\"@type\":\"BreadcrumbList\",\"@id\":\"https:\\\/\\\/www.ivinio.com\\\/fr\\\/produit\\\/moulin-de-gassac-guilhem-rouge\\\/#breadcrumb\",\"itemListElement\":[{\"@type\":\"ListItem\",\"position\":1,\"name\":\"Home\",\"item\":\"https:\\\/\\\/www.ivinio.com\\\/fr\\\/\"},{\"@type\":\"ListItem\",\"position\":2,\"name\":\"Boutique de vin\",\"item\":\"https:\\\/\\\/www.ivinio.com\\\/fr\\\/boutique-de-vin\\\/\"},{\"@type\":\"ListItem\",\"position\":3,\"name\":\"Moulin de Gassac &#8211; Guilhem &#8211; Rouge\"}]},{\"@type\":\"WebSite\",\"@id\":\"https:\\\/\\\/www.ivinio.com\\\/fr\\\/#website\",\"url\":\"https:\\\/\\\/www.ivinio.com\\\/fr\\\/\",\"name\":\"IVINIO Caviste\",\"description\":\"Vins de France et d&#039;Italie avec livraison \u00e0 domicile\",\"publisher\":{\"@id\":\"https:\\\/\\\/www.ivinio.com\\\/fr\\\/#organization\"},\"potentialAction\":[{\"@type\":\"SearchAction\",\"target\":{\"@type\":\"EntryPoint\",\"urlTemplate\":\"https:\\\/\\\/www.ivinio.com\\\/fr\\\/?s={search_term_string}\"},\"query-input\":{\"@type\":\"PropertyValueSpecification\",\"valueRequired\":true,\"valueName\":\"search_term_string\"}}],\"inLanguage\":\"fr-FR\"},{\"@type\":\"Organization\",\"@id\":\"https:\\\/\\\/www.ivinio.com\\\/fr\\\/#organization\",\"name\":\"IVINIO\",\"url\":\"https:\\\/\\\/www.ivinio.com\\\/fr\\\/\",\"logo\":{\"@type\":\"ImageObject\",\"inLanguage\":\"fr-FR\",\"@id\":\"https:\\\/\\\/www.ivinio.com\\\/fr\\\/#\\\/schema\\\/logo\\\/image\\\/\",\"url\":\"https:\\\/\\\/www.ivinio.com\\\/wp-content\\\/uploads\\\/2021\\\/01\\\/Logo-Ivinio-v2.jpg\",\"contentUrl\":\"https:\\\/\\\/www.ivinio.com\\\/wp-content\\\/uploads\\\/2021\\\/01\\\/Logo-Ivinio-v2.jpg\",\"width\":1194,\"height\":1194,\"caption\":\"IVINIO\"},\"image\":{\"@id\":\"https:\\\/\\\/www.ivinio.com\\\/fr\\\/#\\\/schema\\\/logo\\\/image\\\/\"},\"sameAs\":[\"https:\\\/\\\/www.facebook.com\\\/groups\\\/165217837022391\\\/?ref=bookmarks\",\"https:\\\/\\\/www.instagram.com\\\/_ivinio_\\\/?hl=fr\"]}]}<\/script>\n<!-- \/ Yoast SEO plugin. -->","yoast_head_json":{"title":"Acheter Moulin de Gassac - Guilhem - vin rouge - IVINIO Caviste","description":"Acheter Moulin de Gassac - Guilhem - vin rouge. Fruit\u00e9 et l\u00e9g\u00e8rement \u00e9pic\u00e9 qui convient \u00e0 toutes les occasions.","robots":{"index":"index","follow":"follow","max-snippet":"max-snippet:-1","max-image-preview":"max-image-preview:large","max-video-preview":"max-video-preview:-1"},"canonical":"https:\/\/www.ivinio.com\/fr\/produit\/moulin-de-gassac-guilhem-rouge\/","og_locale":"fr_FR","og_type":"article","og_title":"Acheter Moulin de Gassac - Guilhem - vin rouge - IVINIO Caviste","og_description":"Acheter Moulin de Gassac - Guilhem - vin rouge. Fruit\u00e9 et l\u00e9g\u00e8rement \u00e9pic\u00e9 qui convient \u00e0 toutes les occasions.","og_url":"https:\/\/www.ivinio.com\/fr\/produit\/moulin-de-gassac-guilhem-rouge\/","og_site_name":"IVINIO Caviste","article_publisher":"https:\/\/www.facebook.com\/groups\/165217837022391\/?ref=bookmarks","article_modified_time":"2025-11-14T22:55:35+00:00","og_image":[{"width":500,"height":500,"url":"https:\/\/www.ivinio.com\/wp-content\/uploads\/2015\/10\/Moulin-de-gassac-Guilhem-rouge-IVINIO.jpg","type":"image\/jpeg"}],"twitter_card":"summary_large_image","twitter_misc":{"Dur\u00e9e de lecture estim\u00e9e":"1 minute"},"schema":{"@context":"https:\/\/schema.org","@graph":[{"@type":"WebPage","@id":"https:\/\/www.ivinio.com\/fr\/produit\/moulin-de-gassac-guilhem-rouge\/","url":"https:\/\/www.ivinio.com\/fr\/produit\/moulin-de-gassac-guilhem-rouge\/","name":"Acheter Moulin de Gassac - Guilhem - vin rouge - IVINIO Caviste","isPartOf":{"@id":"https:\/\/www.ivinio.com\/fr\/#website"},"primaryImageOfPage":{"@id":"https:\/\/www.ivinio.com\/fr\/produit\/moulin-de-gassac-guilhem-rouge\/#primaryimage"},"image":{"@id":"https:\/\/www.ivinio.com\/fr\/produit\/moulin-de-gassac-guilhem-rouge\/#primaryimage"},"thumbnailUrl":"https:\/\/www.ivinio.com\/wp-content\/uploads\/2015\/10\/Moulin-de-gassac-Guilhem-rouge-IVINIO.jpg","datePublished":"2015-10-13T22:57:06+00:00","dateModified":"2025-11-14T22:55:35+00:00","description":"Acheter Moulin de Gassac - Guilhem - vin rouge. Fruit\u00e9 et l\u00e9g\u00e8rement \u00e9pic\u00e9 qui convient \u00e0 toutes les occasions.","breadcrumb":{"@id":"https:\/\/www.ivinio.com\/fr\/produit\/moulin-de-gassac-guilhem-rouge\/#breadcrumb"},"inLanguage":"fr-FR","potentialAction":[{"@type":"ReadAction","target":["https:\/\/www.ivinio.com\/fr\/produit\/moulin-de-gassac-guilhem-rouge\/"]}]},{"@type":"ImageObject","inLanguage":"fr-FR","@id":"https:\/\/www.ivinio.com\/fr\/produit\/moulin-de-gassac-guilhem-rouge\/#primaryimage","url":"https:\/\/www.ivinio.com\/wp-content\/uploads\/2015\/10\/Moulin-de-gassac-Guilhem-rouge-IVINIO.jpg","contentUrl":"https:\/\/www.ivinio.com\/wp-content\/uploads\/2015\/10\/Moulin-de-gassac-Guilhem-rouge-IVINIO.jpg","width":500,"height":500,"caption":"Moulin de Gassac - Guilhem"},{"@type":"BreadcrumbList","@id":"https:\/\/www.ivinio.com\/fr\/produit\/moulin-de-gassac-guilhem-rouge\/#breadcrumb","itemListElement":[{"@type":"ListItem","position":1,"name":"Home","item":"https:\/\/www.ivinio.com\/fr\/"},{"@type":"ListItem","position":2,"name":"Boutique de vin","item":"https:\/\/www.ivinio.com\/fr\/boutique-de-vin\/"},{"@type":"ListItem","position":3,"name":"Moulin de Gassac &#8211; Guilhem &#8211; Rouge"}]},{"@type":"WebSite","@id":"https:\/\/www.ivinio.com\/fr\/#website","url":"https:\/\/www.ivinio.com\/fr\/","name":"IVINIO Caviste","description":"Vins de France et d&#039;Italie avec livraison \u00e0 domicile","publisher":{"@id":"https:\/\/www.ivinio.com\/fr\/#organization"},"potentialAction":[{"@type":"SearchAction","target":{"@type":"EntryPoint","urlTemplate":"https:\/\/www.ivinio.com\/fr\/?s={search_term_string}"},"query-input":{"@type":"PropertyValueSpecification","valueRequired":true,"valueName":"search_term_string"}}],"inLanguage":"fr-FR"},{"@type":"Organization","@id":"https:\/\/www.ivinio.com\/fr\/#organization","name":"IVINIO","url":"https:\/\/www.ivinio.com\/fr\/","logo":{"@type":"ImageObject","inLanguage":"fr-FR","@id":"https:\/\/www.ivinio.com\/fr\/#\/schema\/logo\/image\/","url":"https:\/\/www.ivinio.com\/wp-content\/uploads\/2021\/01\/Logo-Ivinio-v2.jpg","contentUrl":"https:\/\/www.ivinio.com\/wp-content\/uploads\/2021\/01\/Logo-Ivinio-v2.jpg","width":1194,"height":1194,"caption":"IVINIO"},"image":{"@id":"https:\/\/www.ivinio.com\/fr\/#\/schema\/logo\/image\/"},"sameAs":["https:\/\/www.facebook.com\/groups\/165217837022391\/?ref=bookmarks","https:\/\/www.instagram.com\/_ivinio_\/?hl=fr"]}]}},"jetpack_sharing_enabled":true,"_links":{"self":[{"href":"https:\/\/www.ivinio.com\/fr\/wp-json\/wp\/v2\/product\/119793","targetHints":{"allow":["GET"]}}],"collection":[{"href":"https:\/\/www.ivinio.com\/fr\/wp-json\/wp\/v2\/product"}],"about":[{"href":"https:\/\/www.ivinio.com\/fr\/wp-json\/wp\/v2\/types\/product"}],"replies":[{"embeddable":true,"href":"https:\/\/www.ivinio.com\/fr\/wp-json\/wp\/v2\/comments?post=119793"}],"wp:featuredmedia":[{"embeddable":true,"href":"https:\/\/www.ivinio.com\/fr\/wp-json\/wp\/v2\/media\/136523"}],"wp:attachment":[{"href":"https:\/\/www.ivinio.com\/fr\/wp-json\/wp\/v2\/media?parent=119793"}],"wp:term":[{"taxonomy":"product_brand","embeddable":true,"href":"https:\/\/www.ivinio.com\/fr\/wp-json\/wp\/v2\/product_brand?post=119793"},{"taxonomy":"product_cat","embeddable":true,"href":"https:\/\/www.ivinio.com\/fr\/wp-json\/wp\/v2\/product_cat?post=119793"},{"taxonomy":"product_tag","embeddable":true,"href":"https:\/\/www.ivinio.com\/fr\/wp-json\/wp\/v2\/product_tag?post=119793"}],"curies":[{"name":"wp","href":"https:\/\/api.w.org\/{rel}","templated":true}]}}