{"id":119759,"date":"2015-09-12T18:51:05","date_gmt":"2015-09-12T18:51:05","guid":{"rendered":"https:\/\/henrik.www.ivinio.com\/?product=fradiles-antiogu-doc-mandrolisai-rosso-superiore-rouge"},"modified":"2021-11-16T22:34:16","modified_gmt":"2021-11-16T21:34:16","slug":"fradiles-antiogu-doc-mandrolisai-rosso-superiore-rouge","status":"publish","type":"product","link":"https:\/\/www.ivinio.com\/fr\/produit\/fradiles-antiogu-doc-mandrolisai-rosso-superiore-rouge\/","title":{"rendered":"Fradiles &#8211; Antiogu &#8211; DOC Mandrolisai rosso Superiore &#8211; Rouge"},"content":{"rendered":"<p><a href=\"https:\/\/www.fradiles.it\/prodotto\/antiogu\/?lang=en\">Antiogu<\/a> de <a href=\"https:\/\/www.ivinio.com\/fr\/?term=&amp;s=fradiles&amp;post_type=product&amp;taxonomy=product_cat\">Fradiles<\/a> est compos\u00e9 de Bovale Sardo (Muristellu), Cannonau et\u00a0Monica. Le vignes\u00a0sont cultiv\u00e9es sur les collines autour de Atzara, \u00e0 550 m\u00e8tres au dessus du niveau de la mer. Les raisins sont r\u00e9colt\u00e9s au d\u00e9but du mois d&#8217;octobre. Ce sont diff\u00e9rents\u00a0c\u00e9pages qui\u00a0sont m\u00e9lang\u00e9s et sont ensuite laiss\u00e9s fermenter ensemble \u00e0 temp\u00e9rature contr\u00f4l\u00e9e pendant 15-18 jours. Le vin est vieilli\u00a0en conformit\u00e9 avec les r\u00e8gles de Mandrolisai Superiore, ce qui signifie que le vin est \u00e9lev\u00e9 un an en cuves d&#8217;acier et un an en f\u00fbts de ch\u00eane. Le vin est ensuite mis en bouteille\u00a0et encore gard\u00e9 en\u00a0bouteille pendant 3 mois.<\/p>\n","protected":false},"excerpt":{"rendered":"<p>Antiogu est un vin rouge prim\u00e9 compos\u00e9 de\u00a0Bovale Sardo (Muristellu), Cannonau et de\u00a0Monica. Un Mandrolisai \u00e9l\u00e9gant et rond\u00a0\u00e0 servir avec des plats de viande rustiques ou un\u00a0plateau de fromages.<\/p>\n","protected":false},"featured_media":119762,"comment_status":"open","ping_status":"closed","template":"","meta":{"_monsterinsights_skip_tracking":false,"_monsterinsights_sitenote_active":false,"_monsterinsights_sitenote_note":"","_monsterinsights_sitenote_category":0,"_uf_show_specific_survey":0,"_uf_disable_surveys":false},"product_brand":[],"product_cat":[36652,36589],"product_tag":[],"class_list":{"0":"post-119759","1":"product","2":"type-product","3":"status-publish","4":"has-post-thumbnail","6":"product_cat-fr-sardaigne","7":"product_cat-vins-italiens","8":"pa_alcohol-degree-15-fr","9":"pa_awards-gambero-rosso-fr","10":"pa_classification-doc-mandrolisai-rosso-superiore-fr","11":"pa_color-rouge-fr","12":"pa_country-italie-fr","13":"pa_grape-variety-bovale-sardo-fr","14":"pa_grape-variety-cannonau-fr","15":"pa_region-sardaigne-fr","16":"pa_storage-potential-10-ans-fr","17":"pa_vintage-2019-fr","18":"pa_volume-75-cl-fr","20":"first","21":"instock","22":"taxable","23":"shipping-taxable","24":"purchasable","25":"product-type-simple"},"bundled_by":["119813"],"bundle_stock_status":"instock","bundle_stock_quantity":null,"bundle_virtual":false,"bundle_layout":"","bundle_add_to_cart_form_location":"","bundle_editable_in_cart":false,"bundle_sold_individually_context":"","bundle_item_grouping":"","bundle_min_size":"","bundle_max_size":"","bundle_price":[],"bundled_items":[],"bundle_sell_ids":[],"yoast_head":"<!-- This site is optimized with the Yoast SEO plugin v27.4 - https:\/\/yoast.com\/product\/yoast-seo-wordpress\/ -->\n<title>Acheter Fradiles - Antiogu - Mandrolisai Superiore - IVINIO Caviste<\/title>\n<meta name=\"description\" content=\"Acheter Fradiles - Antiogu - Mandrolisai Superiore. Un vin rouge prim\u00e9, \u00e9l\u00e9gant et rond \u00e0 servir avec des plats de viande rustiques.\" \/>\n<meta name=\"robots\" content=\"index, follow, max-snippet:-1, max-image-preview:large, max-video-preview:-1\" \/>\n<link rel=\"canonical\" href=\"https:\/\/www.ivinio.com\/fr\/produit\/fradiles-antiogu-doc-mandrolisai-rosso-superiore-rouge\/\" \/>\n<meta property=\"og:locale\" content=\"fr_FR\" \/>\n<meta property=\"og:type\" content=\"article\" \/>\n<meta property=\"og:title\" content=\"Acheter Fradiles - Antiogu - Mandrolisai Superiore - IVINIO Caviste\" \/>\n<meta property=\"og:description\" content=\"Acheter Fradiles - Antiogu - Mandrolisai Superiore. Un vin rouge prim\u00e9, \u00e9l\u00e9gant et rond \u00e0 servir avec des plats de viande rustiques.\" \/>\n<meta property=\"og:url\" content=\"https:\/\/www.ivinio.com\/fr\/produit\/fradiles-antiogu-doc-mandrolisai-rosso-superiore-rouge\/\" \/>\n<meta property=\"og:site_name\" content=\"IVINIO Caviste\" \/>\n<meta property=\"article:publisher\" content=\"https:\/\/www.facebook.com\/groups\/165217837022391\/?ref=bookmarks\" \/>\n<meta property=\"article:modified_time\" content=\"2021-11-16T21:34:16+00:00\" \/>\n<meta property=\"og:image\" content=\"https:\/\/www.ivinio.com\/wp-content\/uploads\/nc\/public\/modules\/file\/pictures\/5936.Fradiles-Antiogu-Ivinio.jpg\" \/>\n\t<meta property=\"og:image:width\" content=\"500\" \/>\n\t<meta property=\"og:image:height\" content=\"500\" \/>\n\t<meta property=\"og:image:type\" content=\"image\/jpeg\" \/>\n<meta name=\"twitter:card\" content=\"summary_large_image\" \/>\n<meta name=\"twitter:label1\" content=\"Dur\u00e9e de lecture estim\u00e9e\" \/>\n\t<meta name=\"twitter:data1\" content=\"1 minute\" \/>\n<script type=\"application\/ld+json\" class=\"yoast-schema-graph\">{\"@context\":\"https:\\\/\\\/schema.org\",\"@graph\":[{\"@type\":\"WebPage\",\"@id\":\"https:\\\/\\\/www.ivinio.com\\\/fr\\\/produit\\\/fradiles-antiogu-doc-mandrolisai-rosso-superiore-rouge\\\/\",\"url\":\"https:\\\/\\\/www.ivinio.com\\\/fr\\\/produit\\\/fradiles-antiogu-doc-mandrolisai-rosso-superiore-rouge\\\/\",\"name\":\"Acheter Fradiles - Antiogu - Mandrolisai Superiore - IVINIO Caviste\",\"isPartOf\":{\"@id\":\"https:\\\/\\\/www.ivinio.com\\\/fr\\\/#website\"},\"primaryImageOfPage\":{\"@id\":\"https:\\\/\\\/www.ivinio.com\\\/fr\\\/produit\\\/fradiles-antiogu-doc-mandrolisai-rosso-superiore-rouge\\\/#primaryimage\"},\"image\":{\"@id\":\"https:\\\/\\\/www.ivinio.com\\\/fr\\\/produit\\\/fradiles-antiogu-doc-mandrolisai-rosso-superiore-rouge\\\/#primaryimage\"},\"thumbnailUrl\":\"https:\\\/\\\/www.ivinio.com\\\/wp-content\\\/uploads\\\/nc\\\/public\\\/modules\\\/file\\\/pictures\\\/5936.Fradiles-Antiogu-Ivinio.jpg\",\"datePublished\":\"2015-09-12T18:51:05+00:00\",\"dateModified\":\"2021-11-16T21:34:16+00:00\",\"description\":\"Acheter Fradiles - Antiogu - Mandrolisai Superiore. Un vin rouge prim\u00e9, \u00e9l\u00e9gant et rond \u00e0 servir avec des plats de viande rustiques.\",\"breadcrumb\":{\"@id\":\"https:\\\/\\\/www.ivinio.com\\\/fr\\\/produit\\\/fradiles-antiogu-doc-mandrolisai-rosso-superiore-rouge\\\/#breadcrumb\"},\"inLanguage\":\"fr-FR\",\"potentialAction\":[{\"@type\":\"ReadAction\",\"target\":[\"https:\\\/\\\/www.ivinio.com\\\/fr\\\/produit\\\/fradiles-antiogu-doc-mandrolisai-rosso-superiore-rouge\\\/\"]}]},{\"@type\":\"ImageObject\",\"inLanguage\":\"fr-FR\",\"@id\":\"https:\\\/\\\/www.ivinio.com\\\/fr\\\/produit\\\/fradiles-antiogu-doc-mandrolisai-rosso-superiore-rouge\\\/#primaryimage\",\"url\":\"https:\\\/\\\/www.ivinio.com\\\/wp-content\\\/uploads\\\/nc\\\/public\\\/modules\\\/file\\\/pictures\\\/5936.Fradiles-Antiogu-Ivinio.jpg\",\"contentUrl\":\"https:\\\/\\\/www.ivinio.com\\\/wp-content\\\/uploads\\\/nc\\\/public\\\/modules\\\/file\\\/pictures\\\/5936.Fradiles-Antiogu-Ivinio.jpg\",\"width\":500,\"height\":500,\"caption\":\"Fradiles Antiogu\"},{\"@type\":\"BreadcrumbList\",\"@id\":\"https:\\\/\\\/www.ivinio.com\\\/fr\\\/produit\\\/fradiles-antiogu-doc-mandrolisai-rosso-superiore-rouge\\\/#breadcrumb\",\"itemListElement\":[{\"@type\":\"ListItem\",\"position\":1,\"name\":\"Home\",\"item\":\"https:\\\/\\\/www.ivinio.com\\\/fr\\\/\"},{\"@type\":\"ListItem\",\"position\":2,\"name\":\"Boutique de vin\",\"item\":\"https:\\\/\\\/www.ivinio.com\\\/fr\\\/boutique-de-vin\\\/\"},{\"@type\":\"ListItem\",\"position\":3,\"name\":\"Fradiles &#8211; Antiogu &#8211; DOC Mandrolisai rosso Superiore &#8211; Rouge\"}]},{\"@type\":\"WebSite\",\"@id\":\"https:\\\/\\\/www.ivinio.com\\\/fr\\\/#website\",\"url\":\"https:\\\/\\\/www.ivinio.com\\\/fr\\\/\",\"name\":\"IVINIO Caviste\",\"description\":\"Vins de France et d&#039;Italie avec livraison \u00e0 domicile\",\"publisher\":{\"@id\":\"https:\\\/\\\/www.ivinio.com\\\/fr\\\/#organization\"},\"potentialAction\":[{\"@type\":\"SearchAction\",\"target\":{\"@type\":\"EntryPoint\",\"urlTemplate\":\"https:\\\/\\\/www.ivinio.com\\\/fr\\\/?s={search_term_string}\"},\"query-input\":{\"@type\":\"PropertyValueSpecification\",\"valueRequired\":true,\"valueName\":\"search_term_string\"}}],\"inLanguage\":\"fr-FR\"},{\"@type\":\"Organization\",\"@id\":\"https:\\\/\\\/www.ivinio.com\\\/fr\\\/#organization\",\"name\":\"IVINIO\",\"url\":\"https:\\\/\\\/www.ivinio.com\\\/fr\\\/\",\"logo\":{\"@type\":\"ImageObject\",\"inLanguage\":\"fr-FR\",\"@id\":\"https:\\\/\\\/www.ivinio.com\\\/fr\\\/#\\\/schema\\\/logo\\\/image\\\/\",\"url\":\"https:\\\/\\\/www.ivinio.com\\\/wp-content\\\/uploads\\\/2021\\\/01\\\/Logo-Ivinio-v2.jpg\",\"contentUrl\":\"https:\\\/\\\/www.ivinio.com\\\/wp-content\\\/uploads\\\/2021\\\/01\\\/Logo-Ivinio-v2.jpg\",\"width\":1194,\"height\":1194,\"caption\":\"IVINIO\"},\"image\":{\"@id\":\"https:\\\/\\\/www.ivinio.com\\\/fr\\\/#\\\/schema\\\/logo\\\/image\\\/\"},\"sameAs\":[\"https:\\\/\\\/www.facebook.com\\\/groups\\\/165217837022391\\\/?ref=bookmarks\",\"https:\\\/\\\/www.instagram.com\\\/_ivinio_\\\/?hl=fr\"]}]}<\/script>\n<!-- \/ Yoast SEO plugin. -->","yoast_head_json":{"title":"Acheter Fradiles - Antiogu - Mandrolisai Superiore - IVINIO Caviste","description":"Acheter Fradiles - Antiogu - Mandrolisai Superiore. Un vin rouge prim\u00e9, \u00e9l\u00e9gant et rond \u00e0 servir avec des plats de viande rustiques.","robots":{"index":"index","follow":"follow","max-snippet":"max-snippet:-1","max-image-preview":"max-image-preview:large","max-video-preview":"max-video-preview:-1"},"canonical":"https:\/\/www.ivinio.com\/fr\/produit\/fradiles-antiogu-doc-mandrolisai-rosso-superiore-rouge\/","og_locale":"fr_FR","og_type":"article","og_title":"Acheter Fradiles - Antiogu - Mandrolisai Superiore - IVINIO Caviste","og_description":"Acheter Fradiles - Antiogu - Mandrolisai Superiore. Un vin rouge prim\u00e9, \u00e9l\u00e9gant et rond \u00e0 servir avec des plats de viande rustiques.","og_url":"https:\/\/www.ivinio.com\/fr\/produit\/fradiles-antiogu-doc-mandrolisai-rosso-superiore-rouge\/","og_site_name":"IVINIO Caviste","article_publisher":"https:\/\/www.facebook.com\/groups\/165217837022391\/?ref=bookmarks","article_modified_time":"2021-11-16T21:34:16+00:00","og_image":[{"width":500,"height":500,"url":"https:\/\/www.ivinio.com\/wp-content\/uploads\/nc\/public\/modules\/file\/pictures\/5936.Fradiles-Antiogu-Ivinio.jpg","type":"image\/jpeg"}],"twitter_card":"summary_large_image","twitter_misc":{"Dur\u00e9e de lecture estim\u00e9e":"1 minute"},"schema":{"@context":"https:\/\/schema.org","@graph":[{"@type":"WebPage","@id":"https:\/\/www.ivinio.com\/fr\/produit\/fradiles-antiogu-doc-mandrolisai-rosso-superiore-rouge\/","url":"https:\/\/www.ivinio.com\/fr\/produit\/fradiles-antiogu-doc-mandrolisai-rosso-superiore-rouge\/","name":"Acheter Fradiles - Antiogu - Mandrolisai Superiore - IVINIO Caviste","isPartOf":{"@id":"https:\/\/www.ivinio.com\/fr\/#website"},"primaryImageOfPage":{"@id":"https:\/\/www.ivinio.com\/fr\/produit\/fradiles-antiogu-doc-mandrolisai-rosso-superiore-rouge\/#primaryimage"},"image":{"@id":"https:\/\/www.ivinio.com\/fr\/produit\/fradiles-antiogu-doc-mandrolisai-rosso-superiore-rouge\/#primaryimage"},"thumbnailUrl":"https:\/\/www.ivinio.com\/wp-content\/uploads\/nc\/public\/modules\/file\/pictures\/5936.Fradiles-Antiogu-Ivinio.jpg","datePublished":"2015-09-12T18:51:05+00:00","dateModified":"2021-11-16T21:34:16+00:00","description":"Acheter Fradiles - Antiogu - Mandrolisai Superiore. Un vin rouge prim\u00e9, \u00e9l\u00e9gant et rond \u00e0 servir avec des plats de viande rustiques.","breadcrumb":{"@id":"https:\/\/www.ivinio.com\/fr\/produit\/fradiles-antiogu-doc-mandrolisai-rosso-superiore-rouge\/#breadcrumb"},"inLanguage":"fr-FR","potentialAction":[{"@type":"ReadAction","target":["https:\/\/www.ivinio.com\/fr\/produit\/fradiles-antiogu-doc-mandrolisai-rosso-superiore-rouge\/"]}]},{"@type":"ImageObject","inLanguage":"fr-FR","@id":"https:\/\/www.ivinio.com\/fr\/produit\/fradiles-antiogu-doc-mandrolisai-rosso-superiore-rouge\/#primaryimage","url":"https:\/\/www.ivinio.com\/wp-content\/uploads\/nc\/public\/modules\/file\/pictures\/5936.Fradiles-Antiogu-Ivinio.jpg","contentUrl":"https:\/\/www.ivinio.com\/wp-content\/uploads\/nc\/public\/modules\/file\/pictures\/5936.Fradiles-Antiogu-Ivinio.jpg","width":500,"height":500,"caption":"Fradiles Antiogu"},{"@type":"BreadcrumbList","@id":"https:\/\/www.ivinio.com\/fr\/produit\/fradiles-antiogu-doc-mandrolisai-rosso-superiore-rouge\/#breadcrumb","itemListElement":[{"@type":"ListItem","position":1,"name":"Home","item":"https:\/\/www.ivinio.com\/fr\/"},{"@type":"ListItem","position":2,"name":"Boutique de vin","item":"https:\/\/www.ivinio.com\/fr\/boutique-de-vin\/"},{"@type":"ListItem","position":3,"name":"Fradiles &#8211; Antiogu &#8211; DOC Mandrolisai rosso Superiore &#8211; Rouge"}]},{"@type":"WebSite","@id":"https:\/\/www.ivinio.com\/fr\/#website","url":"https:\/\/www.ivinio.com\/fr\/","name":"IVINIO Caviste","description":"Vins de France et d&#039;Italie avec livraison \u00e0 domicile","publisher":{"@id":"https:\/\/www.ivinio.com\/fr\/#organization"},"potentialAction":[{"@type":"SearchAction","target":{"@type":"EntryPoint","urlTemplate":"https:\/\/www.ivinio.com\/fr\/?s={search_term_string}"},"query-input":{"@type":"PropertyValueSpecification","valueRequired":true,"valueName":"search_term_string"}}],"inLanguage":"fr-FR"},{"@type":"Organization","@id":"https:\/\/www.ivinio.com\/fr\/#organization","name":"IVINIO","url":"https:\/\/www.ivinio.com\/fr\/","logo":{"@type":"ImageObject","inLanguage":"fr-FR","@id":"https:\/\/www.ivinio.com\/fr\/#\/schema\/logo\/image\/","url":"https:\/\/www.ivinio.com\/wp-content\/uploads\/2021\/01\/Logo-Ivinio-v2.jpg","contentUrl":"https:\/\/www.ivinio.com\/wp-content\/uploads\/2021\/01\/Logo-Ivinio-v2.jpg","width":1194,"height":1194,"caption":"IVINIO"},"image":{"@id":"https:\/\/www.ivinio.com\/fr\/#\/schema\/logo\/image\/"},"sameAs":["https:\/\/www.facebook.com\/groups\/165217837022391\/?ref=bookmarks","https:\/\/www.instagram.com\/_ivinio_\/?hl=fr"]}]}},"jetpack_sharing_enabled":true,"_links":{"self":[{"href":"https:\/\/www.ivinio.com\/fr\/wp-json\/wp\/v2\/product\/119759","targetHints":{"allow":["GET"]}}],"collection":[{"href":"https:\/\/www.ivinio.com\/fr\/wp-json\/wp\/v2\/product"}],"about":[{"href":"https:\/\/www.ivinio.com\/fr\/wp-json\/wp\/v2\/types\/product"}],"replies":[{"embeddable":true,"href":"https:\/\/www.ivinio.com\/fr\/wp-json\/wp\/v2\/comments?post=119759"}],"wp:featuredmedia":[{"embeddable":true,"href":"https:\/\/www.ivinio.com\/fr\/wp-json\/wp\/v2\/media\/119762"}],"wp:attachment":[{"href":"https:\/\/www.ivinio.com\/fr\/wp-json\/wp\/v2\/media?parent=119759"}],"wp:term":[{"taxonomy":"product_brand","embeddable":true,"href":"https:\/\/www.ivinio.com\/fr\/wp-json\/wp\/v2\/product_brand?post=119759"},{"taxonomy":"product_cat","embeddable":true,"href":"https:\/\/www.ivinio.com\/fr\/wp-json\/wp\/v2\/product_cat?post=119759"},{"taxonomy":"product_tag","embeddable":true,"href":"https:\/\/www.ivinio.com\/fr\/wp-json\/wp\/v2\/product_tag?post=119759"}],"curies":[{"name":"wp","href":"https:\/\/api.w.org\/{rel}","templated":true}]}}