{"id":119749,"date":"2015-09-12T18:51:05","date_gmt":"2015-09-12T18:51:05","guid":{"rendered":"https:\/\/henrik.www.ivinio.com\/?product=fradiles-fradiles-doc-mandrolisai-rouge"},"modified":"2021-11-16T22:42:11","modified_gmt":"2021-11-16T21:42:11","slug":"fradiles-fradiles-doc-mandrolisai-rouge-1","status":"publish","type":"product","link":"https:\/\/www.ivinio.com\/fr\/produit\/fradiles-fradiles-doc-mandrolisai-rouge-1\/","title":{"rendered":"Fradiles &#8211; Fradiles &#8211; DOC Mandrolisai &#8211; Rouge"},"content":{"rendered":"<p><a href=\"https:\/\/www.fradiles.it\/prodotto\/fradiles\/\">Fradiles<\/a> de Fradiles est compos\u00e9 de\u00a0Bovale Sardo (Muristellu), Cannonau, Monica, ainsi que d&#8217;autres c\u00e9pages. Les vignes sont\u00a0cultiv\u00e9es sur les collines autour de Atzara,\u00a0\u00e0 550 m\u00e8tres au dessus du niveau de la mer. Les raisins sont r\u00e9colt\u00e9s en octobre et sont ferment\u00e9s\u00a0ensemble \u00e0 temp\u00e9rature contr\u00f4l\u00e9e pendant 8-10 jours. Le vin est \u00e9lev\u00e9 dans des cuves en acier et ensuite pendant\u00a06 mois en f\u00fbts de ch\u00eane.<\/p>\n","protected":false},"excerpt":{"rendered":"<p>Fradiles est un vin rouge suave\u00a0avec des notes de baies sauvages et de\u00a0garrigue, compos\u00e9 de\u00a0Bovale Sardo (Muristellu), Cannonau, Monica, ainsi que\u00a0d&#8217;autres c\u00e9pages. A accomoder \u00e0 des plats de viande vari\u00e9s ou des fromages.<\/p>\n","protected":false},"featured_media":119752,"comment_status":"open","ping_status":"closed","template":"","meta":{"_monsterinsights_skip_tracking":false,"_monsterinsights_sitenote_active":false,"_monsterinsights_sitenote_note":"","_monsterinsights_sitenote_category":0,"_uf_show_specific_survey":0,"_uf_disable_surveys":false},"product_brand":[],"product_cat":[36652,36589],"product_tag":[],"class_list":{"0":"post-119749","1":"product","2":"type-product","3":"status-publish","4":"has-post-thumbnail","6":"product_cat-fr-sardaigne","7":"product_cat-vins-italiens","8":"pa_alcohol-degree-145-fr","9":"pa_classification-doc-mandrolisai-fr","10":"pa_color-rouge-fr","11":"pa_country-italie-fr","12":"pa_grape-variety-bovale-sardo-fr","13":"pa_grape-variety-cannonau-fr","14":"pa_region-sardaigne-fr","15":"pa_storage-potential-7-ans","16":"pa_vintage-2019-fr","17":"pa_volume-75-cl-fr","19":"first","20":"instock","21":"taxable","22":"shipping-taxable","23":"purchasable","24":"product-type-simple"},"bundled_by":[],"bundle_stock_status":"instock","bundle_stock_quantity":null,"bundle_virtual":false,"bundle_layout":"","bundle_add_to_cart_form_location":"","bundle_editable_in_cart":false,"bundle_sold_individually_context":"","bundle_item_grouping":"","bundle_min_size":"","bundle_max_size":"","bundle_price":[],"bundled_items":[],"bundle_sell_ids":[],"yoast_head":"<!-- This site is optimized with the Yoast SEO plugin v27.4 - https:\/\/yoast.com\/product\/yoast-seo-wordpress\/ -->\n<title>Acheter Fradiles - Fradiles - DOC Mandrolisai - IVINIO Caviste<\/title>\n<meta name=\"description\" content=\"Acheter Fradiles - Fradiles - DOC Mandrolisai. Un vin rouge suave avec des notes de baies sauvages et de la garrigue. Livr\u00e9 \u00e0 la porte.\" \/>\n<meta name=\"robots\" content=\"index, follow, max-snippet:-1, max-image-preview:large, max-video-preview:-1\" \/>\n<link rel=\"canonical\" href=\"https:\/\/www.ivinio.com\/fr\/produit\/fradiles-fradiles-doc-mandrolisai-rouge-1\/\" \/>\n<meta property=\"og:locale\" content=\"fr_FR\" \/>\n<meta property=\"og:type\" content=\"article\" \/>\n<meta property=\"og:title\" content=\"Acheter Fradiles - Fradiles - DOC Mandrolisai - IVINIO Caviste\" \/>\n<meta property=\"og:description\" content=\"Acheter Fradiles - Fradiles - DOC Mandrolisai. Un vin rouge suave avec des notes de baies sauvages et de la garrigue. Livr\u00e9 \u00e0 la porte.\" \/>\n<meta property=\"og:url\" content=\"https:\/\/www.ivinio.com\/fr\/produit\/fradiles-fradiles-doc-mandrolisai-rouge-1\/\" \/>\n<meta property=\"og:site_name\" content=\"IVINIO Caviste\" \/>\n<meta property=\"article:publisher\" content=\"https:\/\/www.facebook.com\/groups\/165217837022391\/?ref=bookmarks\" \/>\n<meta property=\"article:modified_time\" content=\"2021-11-16T21:42:11+00:00\" \/>\n<meta property=\"og:image\" content=\"https:\/\/www.ivinio.com\/wp-content\/uploads\/nc\/public\/modules\/file\/pictures\/5932.Fradiles-Fradiles-Ivinio.jpg\" \/>\n\t<meta property=\"og:image:width\" content=\"500\" \/>\n\t<meta property=\"og:image:height\" content=\"500\" \/>\n\t<meta property=\"og:image:type\" content=\"image\/jpeg\" \/>\n<meta name=\"twitter:card\" content=\"summary_large_image\" \/>\n<meta name=\"twitter:label1\" content=\"Dur\u00e9e de lecture estim\u00e9e\" \/>\n\t<meta name=\"twitter:data1\" content=\"1 minute\" \/>\n<script type=\"application\/ld+json\" class=\"yoast-schema-graph\">{\"@context\":\"https:\\\/\\\/schema.org\",\"@graph\":[{\"@type\":\"WebPage\",\"@id\":\"https:\\\/\\\/www.ivinio.com\\\/fr\\\/produit\\\/fradiles-fradiles-doc-mandrolisai-rouge-1\\\/\",\"url\":\"https:\\\/\\\/www.ivinio.com\\\/fr\\\/produit\\\/fradiles-fradiles-doc-mandrolisai-rouge-1\\\/\",\"name\":\"Acheter Fradiles - Fradiles - DOC Mandrolisai - IVINIO Caviste\",\"isPartOf\":{\"@id\":\"https:\\\/\\\/www.ivinio.com\\\/fr\\\/#website\"},\"primaryImageOfPage\":{\"@id\":\"https:\\\/\\\/www.ivinio.com\\\/fr\\\/produit\\\/fradiles-fradiles-doc-mandrolisai-rouge-1\\\/#primaryimage\"},\"image\":{\"@id\":\"https:\\\/\\\/www.ivinio.com\\\/fr\\\/produit\\\/fradiles-fradiles-doc-mandrolisai-rouge-1\\\/#primaryimage\"},\"thumbnailUrl\":\"https:\\\/\\\/www.ivinio.com\\\/wp-content\\\/uploads\\\/nc\\\/public\\\/modules\\\/file\\\/pictures\\\/5932.Fradiles-Fradiles-Ivinio.jpg\",\"datePublished\":\"2015-09-12T18:51:05+00:00\",\"dateModified\":\"2021-11-16T21:42:11+00:00\",\"description\":\"Acheter Fradiles - Fradiles - DOC Mandrolisai. Un vin rouge suave avec des notes de baies sauvages et de la garrigue. Livr\u00e9 \u00e0 la porte.\",\"breadcrumb\":{\"@id\":\"https:\\\/\\\/www.ivinio.com\\\/fr\\\/produit\\\/fradiles-fradiles-doc-mandrolisai-rouge-1\\\/#breadcrumb\"},\"inLanguage\":\"fr-FR\",\"potentialAction\":[{\"@type\":\"ReadAction\",\"target\":[\"https:\\\/\\\/www.ivinio.com\\\/fr\\\/produit\\\/fradiles-fradiles-doc-mandrolisai-rouge-1\\\/\"]}]},{\"@type\":\"ImageObject\",\"inLanguage\":\"fr-FR\",\"@id\":\"https:\\\/\\\/www.ivinio.com\\\/fr\\\/produit\\\/fradiles-fradiles-doc-mandrolisai-rouge-1\\\/#primaryimage\",\"url\":\"https:\\\/\\\/www.ivinio.com\\\/wp-content\\\/uploads\\\/nc\\\/public\\\/modules\\\/file\\\/pictures\\\/5932.Fradiles-Fradiles-Ivinio.jpg\",\"contentUrl\":\"https:\\\/\\\/www.ivinio.com\\\/wp-content\\\/uploads\\\/nc\\\/public\\\/modules\\\/file\\\/pictures\\\/5932.Fradiles-Fradiles-Ivinio.jpg\",\"width\":500,\"height\":500,\"caption\":\"Fradiles Mandrolisai\"},{\"@type\":\"BreadcrumbList\",\"@id\":\"https:\\\/\\\/www.ivinio.com\\\/fr\\\/produit\\\/fradiles-fradiles-doc-mandrolisai-rouge-1\\\/#breadcrumb\",\"itemListElement\":[{\"@type\":\"ListItem\",\"position\":1,\"name\":\"Home\",\"item\":\"https:\\\/\\\/www.ivinio.com\\\/fr\\\/\"},{\"@type\":\"ListItem\",\"position\":2,\"name\":\"Boutique de vin\",\"item\":\"https:\\\/\\\/www.ivinio.com\\\/fr\\\/boutique-de-vin\\\/\"},{\"@type\":\"ListItem\",\"position\":3,\"name\":\"Fradiles &#8211; Fradiles &#8211; DOC Mandrolisai &#8211; Rouge\"}]},{\"@type\":\"WebSite\",\"@id\":\"https:\\\/\\\/www.ivinio.com\\\/fr\\\/#website\",\"url\":\"https:\\\/\\\/www.ivinio.com\\\/fr\\\/\",\"name\":\"IVINIO Caviste\",\"description\":\"Vins de France et d&#039;Italie avec livraison \u00e0 domicile\",\"publisher\":{\"@id\":\"https:\\\/\\\/www.ivinio.com\\\/fr\\\/#organization\"},\"potentialAction\":[{\"@type\":\"SearchAction\",\"target\":{\"@type\":\"EntryPoint\",\"urlTemplate\":\"https:\\\/\\\/www.ivinio.com\\\/fr\\\/?s={search_term_string}\"},\"query-input\":{\"@type\":\"PropertyValueSpecification\",\"valueRequired\":true,\"valueName\":\"search_term_string\"}}],\"inLanguage\":\"fr-FR\"},{\"@type\":\"Organization\",\"@id\":\"https:\\\/\\\/www.ivinio.com\\\/fr\\\/#organization\",\"name\":\"IVINIO\",\"url\":\"https:\\\/\\\/www.ivinio.com\\\/fr\\\/\",\"logo\":{\"@type\":\"ImageObject\",\"inLanguage\":\"fr-FR\",\"@id\":\"https:\\\/\\\/www.ivinio.com\\\/fr\\\/#\\\/schema\\\/logo\\\/image\\\/\",\"url\":\"https:\\\/\\\/www.ivinio.com\\\/wp-content\\\/uploads\\\/2021\\\/01\\\/Logo-Ivinio-v2.jpg\",\"contentUrl\":\"https:\\\/\\\/www.ivinio.com\\\/wp-content\\\/uploads\\\/2021\\\/01\\\/Logo-Ivinio-v2.jpg\",\"width\":1194,\"height\":1194,\"caption\":\"IVINIO\"},\"image\":{\"@id\":\"https:\\\/\\\/www.ivinio.com\\\/fr\\\/#\\\/schema\\\/logo\\\/image\\\/\"},\"sameAs\":[\"https:\\\/\\\/www.facebook.com\\\/groups\\\/165217837022391\\\/?ref=bookmarks\",\"https:\\\/\\\/www.instagram.com\\\/_ivinio_\\\/?hl=fr\"]}]}<\/script>\n<!-- \/ Yoast SEO plugin. -->","yoast_head_json":{"title":"Acheter Fradiles - Fradiles - DOC Mandrolisai - IVINIO Caviste","description":"Acheter Fradiles - Fradiles - DOC Mandrolisai. Un vin rouge suave avec des notes de baies sauvages et de la garrigue. Livr\u00e9 \u00e0 la porte.","robots":{"index":"index","follow":"follow","max-snippet":"max-snippet:-1","max-image-preview":"max-image-preview:large","max-video-preview":"max-video-preview:-1"},"canonical":"https:\/\/www.ivinio.com\/fr\/produit\/fradiles-fradiles-doc-mandrolisai-rouge-1\/","og_locale":"fr_FR","og_type":"article","og_title":"Acheter Fradiles - Fradiles - DOC Mandrolisai - IVINIO Caviste","og_description":"Acheter Fradiles - Fradiles - DOC Mandrolisai. Un vin rouge suave avec des notes de baies sauvages et de la garrigue. Livr\u00e9 \u00e0 la porte.","og_url":"https:\/\/www.ivinio.com\/fr\/produit\/fradiles-fradiles-doc-mandrolisai-rouge-1\/","og_site_name":"IVINIO Caviste","article_publisher":"https:\/\/www.facebook.com\/groups\/165217837022391\/?ref=bookmarks","article_modified_time":"2021-11-16T21:42:11+00:00","og_image":[{"width":500,"height":500,"url":"https:\/\/www.ivinio.com\/wp-content\/uploads\/nc\/public\/modules\/file\/pictures\/5932.Fradiles-Fradiles-Ivinio.jpg","type":"image\/jpeg"}],"twitter_card":"summary_large_image","twitter_misc":{"Dur\u00e9e de lecture estim\u00e9e":"1 minute"},"schema":{"@context":"https:\/\/schema.org","@graph":[{"@type":"WebPage","@id":"https:\/\/www.ivinio.com\/fr\/produit\/fradiles-fradiles-doc-mandrolisai-rouge-1\/","url":"https:\/\/www.ivinio.com\/fr\/produit\/fradiles-fradiles-doc-mandrolisai-rouge-1\/","name":"Acheter Fradiles - Fradiles - DOC Mandrolisai - IVINIO Caviste","isPartOf":{"@id":"https:\/\/www.ivinio.com\/fr\/#website"},"primaryImageOfPage":{"@id":"https:\/\/www.ivinio.com\/fr\/produit\/fradiles-fradiles-doc-mandrolisai-rouge-1\/#primaryimage"},"image":{"@id":"https:\/\/www.ivinio.com\/fr\/produit\/fradiles-fradiles-doc-mandrolisai-rouge-1\/#primaryimage"},"thumbnailUrl":"https:\/\/www.ivinio.com\/wp-content\/uploads\/nc\/public\/modules\/file\/pictures\/5932.Fradiles-Fradiles-Ivinio.jpg","datePublished":"2015-09-12T18:51:05+00:00","dateModified":"2021-11-16T21:42:11+00:00","description":"Acheter Fradiles - Fradiles - DOC Mandrolisai. Un vin rouge suave avec des notes de baies sauvages et de la garrigue. Livr\u00e9 \u00e0 la porte.","breadcrumb":{"@id":"https:\/\/www.ivinio.com\/fr\/produit\/fradiles-fradiles-doc-mandrolisai-rouge-1\/#breadcrumb"},"inLanguage":"fr-FR","potentialAction":[{"@type":"ReadAction","target":["https:\/\/www.ivinio.com\/fr\/produit\/fradiles-fradiles-doc-mandrolisai-rouge-1\/"]}]},{"@type":"ImageObject","inLanguage":"fr-FR","@id":"https:\/\/www.ivinio.com\/fr\/produit\/fradiles-fradiles-doc-mandrolisai-rouge-1\/#primaryimage","url":"https:\/\/www.ivinio.com\/wp-content\/uploads\/nc\/public\/modules\/file\/pictures\/5932.Fradiles-Fradiles-Ivinio.jpg","contentUrl":"https:\/\/www.ivinio.com\/wp-content\/uploads\/nc\/public\/modules\/file\/pictures\/5932.Fradiles-Fradiles-Ivinio.jpg","width":500,"height":500,"caption":"Fradiles Mandrolisai"},{"@type":"BreadcrumbList","@id":"https:\/\/www.ivinio.com\/fr\/produit\/fradiles-fradiles-doc-mandrolisai-rouge-1\/#breadcrumb","itemListElement":[{"@type":"ListItem","position":1,"name":"Home","item":"https:\/\/www.ivinio.com\/fr\/"},{"@type":"ListItem","position":2,"name":"Boutique de vin","item":"https:\/\/www.ivinio.com\/fr\/boutique-de-vin\/"},{"@type":"ListItem","position":3,"name":"Fradiles &#8211; Fradiles &#8211; DOC Mandrolisai &#8211; Rouge"}]},{"@type":"WebSite","@id":"https:\/\/www.ivinio.com\/fr\/#website","url":"https:\/\/www.ivinio.com\/fr\/","name":"IVINIO Caviste","description":"Vins de France et d&#039;Italie avec livraison \u00e0 domicile","publisher":{"@id":"https:\/\/www.ivinio.com\/fr\/#organization"},"potentialAction":[{"@type":"SearchAction","target":{"@type":"EntryPoint","urlTemplate":"https:\/\/www.ivinio.com\/fr\/?s={search_term_string}"},"query-input":{"@type":"PropertyValueSpecification","valueRequired":true,"valueName":"search_term_string"}}],"inLanguage":"fr-FR"},{"@type":"Organization","@id":"https:\/\/www.ivinio.com\/fr\/#organization","name":"IVINIO","url":"https:\/\/www.ivinio.com\/fr\/","logo":{"@type":"ImageObject","inLanguage":"fr-FR","@id":"https:\/\/www.ivinio.com\/fr\/#\/schema\/logo\/image\/","url":"https:\/\/www.ivinio.com\/wp-content\/uploads\/2021\/01\/Logo-Ivinio-v2.jpg","contentUrl":"https:\/\/www.ivinio.com\/wp-content\/uploads\/2021\/01\/Logo-Ivinio-v2.jpg","width":1194,"height":1194,"caption":"IVINIO"},"image":{"@id":"https:\/\/www.ivinio.com\/fr\/#\/schema\/logo\/image\/"},"sameAs":["https:\/\/www.facebook.com\/groups\/165217837022391\/?ref=bookmarks","https:\/\/www.instagram.com\/_ivinio_\/?hl=fr"]}]}},"jetpack_sharing_enabled":true,"_links":{"self":[{"href":"https:\/\/www.ivinio.com\/fr\/wp-json\/wp\/v2\/product\/119749","targetHints":{"allow":["GET"]}}],"collection":[{"href":"https:\/\/www.ivinio.com\/fr\/wp-json\/wp\/v2\/product"}],"about":[{"href":"https:\/\/www.ivinio.com\/fr\/wp-json\/wp\/v2\/types\/product"}],"replies":[{"embeddable":true,"href":"https:\/\/www.ivinio.com\/fr\/wp-json\/wp\/v2\/comments?post=119749"}],"wp:featuredmedia":[{"embeddable":true,"href":"https:\/\/www.ivinio.com\/fr\/wp-json\/wp\/v2\/media\/119752"}],"wp:attachment":[{"href":"https:\/\/www.ivinio.com\/fr\/wp-json\/wp\/v2\/media?parent=119749"}],"wp:term":[{"taxonomy":"product_brand","embeddable":true,"href":"https:\/\/www.ivinio.com\/fr\/wp-json\/wp\/v2\/product_brand?post=119749"},{"taxonomy":"product_cat","embeddable":true,"href":"https:\/\/www.ivinio.com\/fr\/wp-json\/wp\/v2\/product_cat?post=119749"},{"taxonomy":"product_tag","embeddable":true,"href":"https:\/\/www.ivinio.com\/fr\/wp-json\/wp\/v2\/product_tag?post=119749"}],"curies":[{"name":"wp","href":"https:\/\/api.w.org\/{rel}","templated":true}]}}