{"id":119744,"date":"2015-09-12T18:51:05","date_gmt":"2015-09-12T18:51:05","guid":{"rendered":"https:\/\/henrik.www.ivinio.com\/?product=fradiles-azzara-doc-mandrolisai-rouge"},"modified":"2021-11-16T22:30:19","modified_gmt":"2021-11-16T21:30:19","slug":"fradiles-azzara-doc-mandrolisai-rouge-1","status":"publish","type":"product","link":"https:\/\/www.ivinio.com\/fr\/produit\/fradiles-azzara-doc-mandrolisai-rouge-1\/","title":{"rendered":"Fradiles &#8211; Azz\u00e0ra &#8211; DOC Mandrolisai &#8211; Rouge"},"content":{"rendered":"<p>Azz\u00e0ra de Fradiles est compos\u00e9 de\u00a0Bovale Sardo (Muristellu), <a href=\"https:\/\/fr.wikipedia.org\/wiki\/Grenache\">Cannonau<\/a>, Monica ainsi que\u00a0d&#8217;autres c\u00e9pages. Les vignes sont\u00a0cultiv\u00e9es sur les collines autour de Mandrolisai \u00e0 550 m\u00e8tres au dessus du niveau de la mer. Les raisins sont r\u00e9colt\u00e9s en octobre et\u00a0fermentent\u00a0ensemble \u00e0 temp\u00e9rature contr\u00f4l\u00e9e pendant 7 jours. Le vin est \u00e9lev\u00e9\u00a0dans des cuves en acier sans vieillissement en f\u00fbt de ch\u00eane.<\/p>\n","protected":false},"excerpt":{"rendered":"<p>Azz\u00e0ra est un vin rouge fruit\u00e9 et souple compos\u00e9\u00a0de\u00a0Bovale Sardo (Muristellu), Cannonau, Monica ainsi que\u00a0d&#8217;autres c\u00e9pages. A\u00a0servir accompagn\u00e9 de\u00a0plats authentiques ou un plateau de\u00a0fromages.<\/p>\n","protected":false},"featured_media":119747,"comment_status":"open","ping_status":"closed","template":"","meta":{"_monsterinsights_skip_tracking":false,"_monsterinsights_sitenote_active":false,"_monsterinsights_sitenote_note":"","_monsterinsights_sitenote_category":0,"_uf_show_specific_survey":0,"_uf_disable_surveys":false},"product_brand":[],"product_cat":[36652,36589],"product_tag":[],"class_list":{"0":"post-119744","1":"product","2":"type-product","3":"status-publish","4":"has-post-thumbnail","6":"product_cat-fr-sardaigne","7":"product_cat-vins-italiens","8":"pa_alcohol-degree-13-5","9":"pa_classification-doc-mandrolisai-fr","10":"pa_color-rouge-fr","11":"pa_country-italie-fr","12":"pa_grape-variety-bovale-sardo-fr","13":"pa_grape-variety-cannonau-fr","14":"pa_region-sardaigne-fr","15":"pa_storage-potential-5-ans-fr","16":"pa_vintage-2020-fr","17":"pa_volume-75-cl-fr","19":"first","20":"instock","21":"taxable","22":"shipping-taxable","23":"purchasable","24":"product-type-simple"},"bundled_by":["119813"],"bundle_stock_status":"instock","bundle_stock_quantity":null,"bundle_virtual":false,"bundle_layout":"","bundle_add_to_cart_form_location":"","bundle_editable_in_cart":false,"bundle_sold_individually_context":"","bundle_item_grouping":"","bundle_min_size":"","bundle_max_size":"","bundle_price":[],"bundled_items":[],"bundle_sell_ids":[],"yoast_head":"<!-- This site is optimized with the Yoast SEO plugin v27.4 - https:\/\/yoast.com\/product\/yoast-seo-wordpress\/ -->\n<title>Acheter Fradiles - Azz\u00e0ra - DOC Mandrolisai - IVINIO Caviste<\/title>\n<meta name=\"description\" content=\"Acheter Fradiles - Azz\u00e0ra - DOC Mandrolisai. Vin rouge fruit\u00e9 et souple de la Sardaigne. Servir avec des viandes en sauce ou fromages .\" \/>\n<meta name=\"robots\" content=\"index, follow, max-snippet:-1, max-image-preview:large, max-video-preview:-1\" \/>\n<link rel=\"canonical\" href=\"https:\/\/www.ivinio.com\/fr\/produit\/fradiles-azzara-doc-mandrolisai-rouge-1\/\" \/>\n<meta property=\"og:locale\" content=\"fr_FR\" \/>\n<meta property=\"og:type\" content=\"article\" \/>\n<meta property=\"og:title\" content=\"Acheter Fradiles - Azz\u00e0ra - DOC Mandrolisai - IVINIO Caviste\" \/>\n<meta property=\"og:description\" content=\"Acheter Fradiles - Azz\u00e0ra - DOC Mandrolisai. Vin rouge fruit\u00e9 et souple de la Sardaigne. Servir avec des viandes en sauce ou fromages .\" \/>\n<meta property=\"og:url\" content=\"https:\/\/www.ivinio.com\/fr\/produit\/fradiles-azzara-doc-mandrolisai-rouge-1\/\" \/>\n<meta property=\"og:site_name\" content=\"IVINIO Caviste\" \/>\n<meta property=\"article:publisher\" content=\"https:\/\/www.facebook.com\/groups\/165217837022391\/?ref=bookmarks\" \/>\n<meta property=\"article:modified_time\" content=\"2021-11-16T21:30:19+00:00\" \/>\n<meta property=\"og:image\" content=\"https:\/\/www.ivinio.com\/wp-content\/uploads\/nc\/public\/modules\/file\/pictures\/5930.Fradiles-Azz-ra-Ivinio.jpg\" \/>\n\t<meta property=\"og:image:width\" content=\"500\" \/>\n\t<meta property=\"og:image:height\" content=\"500\" \/>\n\t<meta property=\"og:image:type\" content=\"image\/jpeg\" \/>\n<meta name=\"twitter:card\" content=\"summary_large_image\" \/>\n<meta name=\"twitter:label1\" content=\"Dur\u00e9e de lecture estim\u00e9e\" \/>\n\t<meta name=\"twitter:data1\" content=\"1 minute\" \/>\n<script type=\"application\/ld+json\" class=\"yoast-schema-graph\">{\"@context\":\"https:\\\/\\\/schema.org\",\"@graph\":[{\"@type\":\"WebPage\",\"@id\":\"https:\\\/\\\/www.ivinio.com\\\/fr\\\/produit\\\/fradiles-azzara-doc-mandrolisai-rouge-1\\\/\",\"url\":\"https:\\\/\\\/www.ivinio.com\\\/fr\\\/produit\\\/fradiles-azzara-doc-mandrolisai-rouge-1\\\/\",\"name\":\"Acheter Fradiles - Azz\u00e0ra - DOC Mandrolisai - IVINIO Caviste\",\"isPartOf\":{\"@id\":\"https:\\\/\\\/www.ivinio.com\\\/fr\\\/#website\"},\"primaryImageOfPage\":{\"@id\":\"https:\\\/\\\/www.ivinio.com\\\/fr\\\/produit\\\/fradiles-azzara-doc-mandrolisai-rouge-1\\\/#primaryimage\"},\"image\":{\"@id\":\"https:\\\/\\\/www.ivinio.com\\\/fr\\\/produit\\\/fradiles-azzara-doc-mandrolisai-rouge-1\\\/#primaryimage\"},\"thumbnailUrl\":\"https:\\\/\\\/www.ivinio.com\\\/wp-content\\\/uploads\\\/nc\\\/public\\\/modules\\\/file\\\/pictures\\\/5930.Fradiles-Azz-ra-Ivinio.jpg\",\"datePublished\":\"2015-09-12T18:51:05+00:00\",\"dateModified\":\"2021-11-16T21:30:19+00:00\",\"description\":\"Acheter Fradiles - Azz\u00e0ra - DOC Mandrolisai. Vin rouge fruit\u00e9 et souple de la Sardaigne. Servir avec des viandes en sauce ou fromages .\",\"breadcrumb\":{\"@id\":\"https:\\\/\\\/www.ivinio.com\\\/fr\\\/produit\\\/fradiles-azzara-doc-mandrolisai-rouge-1\\\/#breadcrumb\"},\"inLanguage\":\"fr-FR\",\"potentialAction\":[{\"@type\":\"ReadAction\",\"target\":[\"https:\\\/\\\/www.ivinio.com\\\/fr\\\/produit\\\/fradiles-azzara-doc-mandrolisai-rouge-1\\\/\"]}]},{\"@type\":\"ImageObject\",\"inLanguage\":\"fr-FR\",\"@id\":\"https:\\\/\\\/www.ivinio.com\\\/fr\\\/produit\\\/fradiles-azzara-doc-mandrolisai-rouge-1\\\/#primaryimage\",\"url\":\"https:\\\/\\\/www.ivinio.com\\\/wp-content\\\/uploads\\\/nc\\\/public\\\/modules\\\/file\\\/pictures\\\/5930.Fradiles-Azz-ra-Ivinio.jpg\",\"contentUrl\":\"https:\\\/\\\/www.ivinio.com\\\/wp-content\\\/uploads\\\/nc\\\/public\\\/modules\\\/file\\\/pictures\\\/5930.Fradiles-Azz-ra-Ivinio.jpg\",\"width\":500,\"height\":500,\"caption\":\"Fradiles - Azz\u00e0ra - DOC Mandrolisai\"},{\"@type\":\"BreadcrumbList\",\"@id\":\"https:\\\/\\\/www.ivinio.com\\\/fr\\\/produit\\\/fradiles-azzara-doc-mandrolisai-rouge-1\\\/#breadcrumb\",\"itemListElement\":[{\"@type\":\"ListItem\",\"position\":1,\"name\":\"Home\",\"item\":\"https:\\\/\\\/www.ivinio.com\\\/fr\\\/\"},{\"@type\":\"ListItem\",\"position\":2,\"name\":\"Boutique de vin\",\"item\":\"https:\\\/\\\/www.ivinio.com\\\/fr\\\/boutique-de-vin\\\/\"},{\"@type\":\"ListItem\",\"position\":3,\"name\":\"Fradiles &#8211; Azz\u00e0ra &#8211; DOC Mandrolisai &#8211; Rouge\"}]},{\"@type\":\"WebSite\",\"@id\":\"https:\\\/\\\/www.ivinio.com\\\/fr\\\/#website\",\"url\":\"https:\\\/\\\/www.ivinio.com\\\/fr\\\/\",\"name\":\"IVINIO Caviste\",\"description\":\"Vins de France et d&#039;Italie avec livraison \u00e0 domicile\",\"publisher\":{\"@id\":\"https:\\\/\\\/www.ivinio.com\\\/fr\\\/#organization\"},\"potentialAction\":[{\"@type\":\"SearchAction\",\"target\":{\"@type\":\"EntryPoint\",\"urlTemplate\":\"https:\\\/\\\/www.ivinio.com\\\/fr\\\/?s={search_term_string}\"},\"query-input\":{\"@type\":\"PropertyValueSpecification\",\"valueRequired\":true,\"valueName\":\"search_term_string\"}}],\"inLanguage\":\"fr-FR\"},{\"@type\":\"Organization\",\"@id\":\"https:\\\/\\\/www.ivinio.com\\\/fr\\\/#organization\",\"name\":\"IVINIO\",\"url\":\"https:\\\/\\\/www.ivinio.com\\\/fr\\\/\",\"logo\":{\"@type\":\"ImageObject\",\"inLanguage\":\"fr-FR\",\"@id\":\"https:\\\/\\\/www.ivinio.com\\\/fr\\\/#\\\/schema\\\/logo\\\/image\\\/\",\"url\":\"https:\\\/\\\/www.ivinio.com\\\/wp-content\\\/uploads\\\/2021\\\/01\\\/Logo-Ivinio-v2.jpg\",\"contentUrl\":\"https:\\\/\\\/www.ivinio.com\\\/wp-content\\\/uploads\\\/2021\\\/01\\\/Logo-Ivinio-v2.jpg\",\"width\":1194,\"height\":1194,\"caption\":\"IVINIO\"},\"image\":{\"@id\":\"https:\\\/\\\/www.ivinio.com\\\/fr\\\/#\\\/schema\\\/logo\\\/image\\\/\"},\"sameAs\":[\"https:\\\/\\\/www.facebook.com\\\/groups\\\/165217837022391\\\/?ref=bookmarks\",\"https:\\\/\\\/www.instagram.com\\\/_ivinio_\\\/?hl=fr\"]}]}<\/script>\n<!-- \/ Yoast SEO plugin. -->","yoast_head_json":{"title":"Acheter Fradiles - Azz\u00e0ra - DOC Mandrolisai - IVINIO Caviste","description":"Acheter Fradiles - Azz\u00e0ra - DOC Mandrolisai. Vin rouge fruit\u00e9 et souple de la Sardaigne. Servir avec des viandes en sauce ou fromages .","robots":{"index":"index","follow":"follow","max-snippet":"max-snippet:-1","max-image-preview":"max-image-preview:large","max-video-preview":"max-video-preview:-1"},"canonical":"https:\/\/www.ivinio.com\/fr\/produit\/fradiles-azzara-doc-mandrolisai-rouge-1\/","og_locale":"fr_FR","og_type":"article","og_title":"Acheter Fradiles - Azz\u00e0ra - DOC Mandrolisai - IVINIO Caviste","og_description":"Acheter Fradiles - Azz\u00e0ra - DOC Mandrolisai. Vin rouge fruit\u00e9 et souple de la Sardaigne. Servir avec des viandes en sauce ou fromages .","og_url":"https:\/\/www.ivinio.com\/fr\/produit\/fradiles-azzara-doc-mandrolisai-rouge-1\/","og_site_name":"IVINIO Caviste","article_publisher":"https:\/\/www.facebook.com\/groups\/165217837022391\/?ref=bookmarks","article_modified_time":"2021-11-16T21:30:19+00:00","og_image":[{"width":500,"height":500,"url":"https:\/\/www.ivinio.com\/wp-content\/uploads\/nc\/public\/modules\/file\/pictures\/5930.Fradiles-Azz-ra-Ivinio.jpg","type":"image\/jpeg"}],"twitter_card":"summary_large_image","twitter_misc":{"Dur\u00e9e de lecture estim\u00e9e":"1 minute"},"schema":{"@context":"https:\/\/schema.org","@graph":[{"@type":"WebPage","@id":"https:\/\/www.ivinio.com\/fr\/produit\/fradiles-azzara-doc-mandrolisai-rouge-1\/","url":"https:\/\/www.ivinio.com\/fr\/produit\/fradiles-azzara-doc-mandrolisai-rouge-1\/","name":"Acheter Fradiles - Azz\u00e0ra - DOC Mandrolisai - IVINIO Caviste","isPartOf":{"@id":"https:\/\/www.ivinio.com\/fr\/#website"},"primaryImageOfPage":{"@id":"https:\/\/www.ivinio.com\/fr\/produit\/fradiles-azzara-doc-mandrolisai-rouge-1\/#primaryimage"},"image":{"@id":"https:\/\/www.ivinio.com\/fr\/produit\/fradiles-azzara-doc-mandrolisai-rouge-1\/#primaryimage"},"thumbnailUrl":"https:\/\/www.ivinio.com\/wp-content\/uploads\/nc\/public\/modules\/file\/pictures\/5930.Fradiles-Azz-ra-Ivinio.jpg","datePublished":"2015-09-12T18:51:05+00:00","dateModified":"2021-11-16T21:30:19+00:00","description":"Acheter Fradiles - Azz\u00e0ra - DOC Mandrolisai. Vin rouge fruit\u00e9 et souple de la Sardaigne. Servir avec des viandes en sauce ou fromages .","breadcrumb":{"@id":"https:\/\/www.ivinio.com\/fr\/produit\/fradiles-azzara-doc-mandrolisai-rouge-1\/#breadcrumb"},"inLanguage":"fr-FR","potentialAction":[{"@type":"ReadAction","target":["https:\/\/www.ivinio.com\/fr\/produit\/fradiles-azzara-doc-mandrolisai-rouge-1\/"]}]},{"@type":"ImageObject","inLanguage":"fr-FR","@id":"https:\/\/www.ivinio.com\/fr\/produit\/fradiles-azzara-doc-mandrolisai-rouge-1\/#primaryimage","url":"https:\/\/www.ivinio.com\/wp-content\/uploads\/nc\/public\/modules\/file\/pictures\/5930.Fradiles-Azz-ra-Ivinio.jpg","contentUrl":"https:\/\/www.ivinio.com\/wp-content\/uploads\/nc\/public\/modules\/file\/pictures\/5930.Fradiles-Azz-ra-Ivinio.jpg","width":500,"height":500,"caption":"Fradiles - Azz\u00e0ra - DOC Mandrolisai"},{"@type":"BreadcrumbList","@id":"https:\/\/www.ivinio.com\/fr\/produit\/fradiles-azzara-doc-mandrolisai-rouge-1\/#breadcrumb","itemListElement":[{"@type":"ListItem","position":1,"name":"Home","item":"https:\/\/www.ivinio.com\/fr\/"},{"@type":"ListItem","position":2,"name":"Boutique de vin","item":"https:\/\/www.ivinio.com\/fr\/boutique-de-vin\/"},{"@type":"ListItem","position":3,"name":"Fradiles &#8211; Azz\u00e0ra &#8211; DOC Mandrolisai &#8211; Rouge"}]},{"@type":"WebSite","@id":"https:\/\/www.ivinio.com\/fr\/#website","url":"https:\/\/www.ivinio.com\/fr\/","name":"IVINIO Caviste","description":"Vins de France et d&#039;Italie avec livraison \u00e0 domicile","publisher":{"@id":"https:\/\/www.ivinio.com\/fr\/#organization"},"potentialAction":[{"@type":"SearchAction","target":{"@type":"EntryPoint","urlTemplate":"https:\/\/www.ivinio.com\/fr\/?s={search_term_string}"},"query-input":{"@type":"PropertyValueSpecification","valueRequired":true,"valueName":"search_term_string"}}],"inLanguage":"fr-FR"},{"@type":"Organization","@id":"https:\/\/www.ivinio.com\/fr\/#organization","name":"IVINIO","url":"https:\/\/www.ivinio.com\/fr\/","logo":{"@type":"ImageObject","inLanguage":"fr-FR","@id":"https:\/\/www.ivinio.com\/fr\/#\/schema\/logo\/image\/","url":"https:\/\/www.ivinio.com\/wp-content\/uploads\/2021\/01\/Logo-Ivinio-v2.jpg","contentUrl":"https:\/\/www.ivinio.com\/wp-content\/uploads\/2021\/01\/Logo-Ivinio-v2.jpg","width":1194,"height":1194,"caption":"IVINIO"},"image":{"@id":"https:\/\/www.ivinio.com\/fr\/#\/schema\/logo\/image\/"},"sameAs":["https:\/\/www.facebook.com\/groups\/165217837022391\/?ref=bookmarks","https:\/\/www.instagram.com\/_ivinio_\/?hl=fr"]}]}},"jetpack_sharing_enabled":true,"_links":{"self":[{"href":"https:\/\/www.ivinio.com\/fr\/wp-json\/wp\/v2\/product\/119744","targetHints":{"allow":["GET"]}}],"collection":[{"href":"https:\/\/www.ivinio.com\/fr\/wp-json\/wp\/v2\/product"}],"about":[{"href":"https:\/\/www.ivinio.com\/fr\/wp-json\/wp\/v2\/types\/product"}],"replies":[{"embeddable":true,"href":"https:\/\/www.ivinio.com\/fr\/wp-json\/wp\/v2\/comments?post=119744"}],"wp:featuredmedia":[{"embeddable":true,"href":"https:\/\/www.ivinio.com\/fr\/wp-json\/wp\/v2\/media\/119747"}],"wp:attachment":[{"href":"https:\/\/www.ivinio.com\/fr\/wp-json\/wp\/v2\/media?parent=119744"}],"wp:term":[{"taxonomy":"product_brand","embeddable":true,"href":"https:\/\/www.ivinio.com\/fr\/wp-json\/wp\/v2\/product_brand?post=119744"},{"taxonomy":"product_cat","embeddable":true,"href":"https:\/\/www.ivinio.com\/fr\/wp-json\/wp\/v2\/product_cat?post=119744"},{"taxonomy":"product_tag","embeddable":true,"href":"https:\/\/www.ivinio.com\/fr\/wp-json\/wp\/v2\/product_tag?post=119744"}],"curies":[{"name":"wp","href":"https:\/\/api.w.org\/{rel}","templated":true}]}}