{"id":119701,"date":"2014-05-21T10:20:33","date_gmt":"2014-05-21T10:20:33","guid":{"rendered":"https:\/\/henrik.www.ivinio.com\/?product=gulfi-cerasuolo-di-vittoria-2015-rouge"},"modified":"2025-05-09T17:08:58","modified_gmt":"2025-05-09T15:08:58","slug":"gulfi-cerasuolo-di-vittoria-rouge","status":"publish","type":"product","link":"https:\/\/www.ivinio.com\/fr\/produit\/gulfi-cerasuolo-di-vittoria-rouge\/","title":{"rendered":"Gulfi Cerasuolo di Vittoria &#8211; Rouge"},"content":{"rendered":"<p>Cerasuolo di Vittoria de\u00a0Gulfi est un vin rouge l\u00e9ger et \u00e9l\u00e9gant produit de\u00a0Nero d&#8217;Avola et Frappato. Les raisins ont \u00e9t\u00e9 cultiv\u00e9s en Chiaramonte Gulfi situ\u00e9 \u00e0 l&#8217;ouest de Syracuse, au sud-est de la Sicile. Les hivers y sont doux et les \u00e9t\u00e9s secs, ce qui est avantageux pour la maturation des raisins. R\u00e9colte \u00e0 la fin Septembre et mac\u00e9ration\u00a0des raisins avec sa peau. Apr\u00e8s la fermentation commence la fermentation malolactique. Le vin est commercialis\u00e9 environ un an apr\u00e8s la r\u00e9colte.<\/p>\n","protected":false},"excerpt":{"rendered":"<p>Cerasuolo di Vittoria du Gulfi est un vin authentique, compos\u00e9 de Nero d&#8217;Avola, il a la l\u00e9g\u00e8ret\u00e9 des vins de cette r\u00e9gion de Frappato.<\/p>\n","protected":false},"featured_media":130307,"comment_status":"open","ping_status":"closed","template":"","meta":{"_monsterinsights_skip_tracking":false,"_monsterinsights_sitenote_active":false,"_monsterinsights_sitenote_note":"","_monsterinsights_sitenote_category":0,"_uf_show_specific_survey":0,"_uf_disable_surveys":false},"product_brand":[],"product_cat":[36601,36589],"product_tag":[],"class_list":{"0":"post-119701","1":"product","2":"type-product","3":"status-publish","4":"has-post-thumbnail","6":"product_cat-fr-sicile","7":"product_cat-vins-italiens","8":"pa_alcohol-degree-13-5","9":"pa_classification-docg-cerasuola-di-vittoria-fr","10":"pa_color-rouge-fr","11":"pa_country-italie-fr","12":"pa_grape-variety-frappato-fr","13":"pa_grape-variety-nero-davola-fr","14":"pa_region-sicile-fr","15":"pa_storage-potential-5-ans-fr","16":"pa_vintage-2021-fr","17":"pa_volume-75-cl-fr","19":"first","20":"instock","21":"taxable","22":"shipping-taxable","23":"purchasable","24":"product-type-simple"},"bundled_by":[],"bundle_stock_status":"instock","bundle_stock_quantity":null,"bundle_virtual":false,"bundle_layout":"","bundle_add_to_cart_form_location":"","bundle_editable_in_cart":false,"bundle_sold_individually_context":"","bundle_item_grouping":"","bundle_min_size":"","bundle_max_size":"","bundle_price":[],"bundled_items":[],"bundle_sell_ids":[],"yoast_head":"<!-- This site is optimized with the Yoast SEO plugin v27.4 - https:\/\/yoast.com\/product\/yoast-seo-wordpress\/ -->\n<title>Gulfi Cerasuolo di Vittoria - Rouge - IVINIO Caviste<\/title>\n<meta name=\"description\" content=\"Gulfi Cerasuolo di Vittoria - Rouge compos\u00e9 de Nero d&#039;Avola et de Frappato. Un vin \u00e9l\u00e9gant \u00e0 servir avec antipasti, charcuterie et divers plats de poisson.\" \/>\n<meta name=\"robots\" content=\"index, follow, max-snippet:-1, max-image-preview:large, max-video-preview:-1\" \/>\n<link rel=\"canonical\" href=\"https:\/\/www.ivinio.com\/fr\/produit\/gulfi-cerasuolo-di-vittoria-rouge\/\" \/>\n<meta property=\"og:locale\" content=\"fr_FR\" \/>\n<meta property=\"og:type\" content=\"article\" \/>\n<meta property=\"og:title\" content=\"Gulfi Cerasuolo di Vittoria - Rouge - IVINIO Caviste\" \/>\n<meta property=\"og:description\" content=\"Gulfi Cerasuolo di Vittoria - Rouge compos\u00e9 de Nero d&#039;Avola et de Frappato. Un vin \u00e9l\u00e9gant \u00e0 servir avec antipasti, charcuterie et divers plats de poisson.\" \/>\n<meta property=\"og:url\" content=\"https:\/\/www.ivinio.com\/fr\/produit\/gulfi-cerasuolo-di-vittoria-rouge\/\" \/>\n<meta property=\"og:site_name\" content=\"IVINIO Caviste\" \/>\n<meta property=\"article:publisher\" content=\"https:\/\/www.facebook.com\/groups\/165217837022391\/?ref=bookmarks\" \/>\n<meta property=\"article:modified_time\" content=\"2025-05-09T15:08:58+00:00\" \/>\n<meta property=\"og:image\" content=\"https:\/\/www.ivinio.com\/wp-content\/uploads\/nc\/public\/modules\/file\/pictures\/5867.gulfi-cerasuolo-di-vittoria-ivinio.jpg\" \/>\n\t<meta property=\"og:image:width\" content=\"500\" \/>\n\t<meta property=\"og:image:height\" content=\"500\" \/>\n\t<meta property=\"og:image:type\" content=\"image\/jpeg\" \/>\n<meta name=\"twitter:card\" content=\"summary_large_image\" \/>\n<meta name=\"twitter:label1\" content=\"Dur\u00e9e de lecture estim\u00e9e\" \/>\n\t<meta name=\"twitter:data1\" content=\"1 minute\" \/>\n<script type=\"application\/ld+json\" class=\"yoast-schema-graph\">{\"@context\":\"https:\\\/\\\/schema.org\",\"@graph\":[{\"@type\":\"WebPage\",\"@id\":\"https:\\\/\\\/www.ivinio.com\\\/fr\\\/produit\\\/gulfi-cerasuolo-di-vittoria-rouge\\\/\",\"url\":\"https:\\\/\\\/www.ivinio.com\\\/fr\\\/produit\\\/gulfi-cerasuolo-di-vittoria-rouge\\\/\",\"name\":\"Gulfi Cerasuolo di Vittoria - Rouge - IVINIO Caviste\",\"isPartOf\":{\"@id\":\"https:\\\/\\\/www.ivinio.com\\\/fr\\\/#website\"},\"primaryImageOfPage\":{\"@id\":\"https:\\\/\\\/www.ivinio.com\\\/fr\\\/produit\\\/gulfi-cerasuolo-di-vittoria-rouge\\\/#primaryimage\"},\"image\":{\"@id\":\"https:\\\/\\\/www.ivinio.com\\\/fr\\\/produit\\\/gulfi-cerasuolo-di-vittoria-rouge\\\/#primaryimage\"},\"thumbnailUrl\":\"https:\\\/\\\/www.ivinio.com\\\/wp-content\\\/uploads\\\/nc\\\/public\\\/modules\\\/file\\\/pictures\\\/5867.gulfi-cerasuolo-di-vittoria-ivinio.jpg\",\"datePublished\":\"2014-05-21T10:20:33+00:00\",\"dateModified\":\"2025-05-09T15:08:58+00:00\",\"description\":\"Gulfi Cerasuolo di Vittoria - Rouge compos\u00e9 de Nero d'Avola et de Frappato. Un vin \u00e9l\u00e9gant \u00e0 servir avec antipasti, charcuterie et divers plats de poisson.\",\"breadcrumb\":{\"@id\":\"https:\\\/\\\/www.ivinio.com\\\/fr\\\/produit\\\/gulfi-cerasuolo-di-vittoria-rouge\\\/#breadcrumb\"},\"inLanguage\":\"fr-FR\",\"potentialAction\":[{\"@type\":\"ReadAction\",\"target\":[\"https:\\\/\\\/www.ivinio.com\\\/fr\\\/produit\\\/gulfi-cerasuolo-di-vittoria-rouge\\\/\"]}]},{\"@type\":\"ImageObject\",\"inLanguage\":\"fr-FR\",\"@id\":\"https:\\\/\\\/www.ivinio.com\\\/fr\\\/produit\\\/gulfi-cerasuolo-di-vittoria-rouge\\\/#primaryimage\",\"url\":\"https:\\\/\\\/www.ivinio.com\\\/wp-content\\\/uploads\\\/nc\\\/public\\\/modules\\\/file\\\/pictures\\\/5867.gulfi-cerasuolo-di-vittoria-ivinio.jpg\",\"contentUrl\":\"https:\\\/\\\/www.ivinio.com\\\/wp-content\\\/uploads\\\/nc\\\/public\\\/modules\\\/file\\\/pictures\\\/5867.gulfi-cerasuolo-di-vittoria-ivinio.jpg\",\"width\":500,\"height\":500,\"caption\":\"Gulfi Cerasuolo di Vittoria\"},{\"@type\":\"BreadcrumbList\",\"@id\":\"https:\\\/\\\/www.ivinio.com\\\/fr\\\/produit\\\/gulfi-cerasuolo-di-vittoria-rouge\\\/#breadcrumb\",\"itemListElement\":[{\"@type\":\"ListItem\",\"position\":1,\"name\":\"Home\",\"item\":\"https:\\\/\\\/www.ivinio.com\\\/fr\\\/\"},{\"@type\":\"ListItem\",\"position\":2,\"name\":\"Boutique de vin\",\"item\":\"https:\\\/\\\/www.ivinio.com\\\/fr\\\/boutique-de-vin\\\/\"},{\"@type\":\"ListItem\",\"position\":3,\"name\":\"Gulfi Cerasuolo di Vittoria &#8211; Rouge\"}]},{\"@type\":\"WebSite\",\"@id\":\"https:\\\/\\\/www.ivinio.com\\\/fr\\\/#website\",\"url\":\"https:\\\/\\\/www.ivinio.com\\\/fr\\\/\",\"name\":\"IVINIO Caviste\",\"description\":\"Vins de France et d&#039;Italie avec livraison \u00e0 domicile\",\"publisher\":{\"@id\":\"https:\\\/\\\/www.ivinio.com\\\/fr\\\/#organization\"},\"potentialAction\":[{\"@type\":\"SearchAction\",\"target\":{\"@type\":\"EntryPoint\",\"urlTemplate\":\"https:\\\/\\\/www.ivinio.com\\\/fr\\\/?s={search_term_string}\"},\"query-input\":{\"@type\":\"PropertyValueSpecification\",\"valueRequired\":true,\"valueName\":\"search_term_string\"}}],\"inLanguage\":\"fr-FR\"},{\"@type\":\"Organization\",\"@id\":\"https:\\\/\\\/www.ivinio.com\\\/fr\\\/#organization\",\"name\":\"IVINIO\",\"url\":\"https:\\\/\\\/www.ivinio.com\\\/fr\\\/\",\"logo\":{\"@type\":\"ImageObject\",\"inLanguage\":\"fr-FR\",\"@id\":\"https:\\\/\\\/www.ivinio.com\\\/fr\\\/#\\\/schema\\\/logo\\\/image\\\/\",\"url\":\"https:\\\/\\\/www.ivinio.com\\\/wp-content\\\/uploads\\\/2021\\\/01\\\/Logo-Ivinio-v2.jpg\",\"contentUrl\":\"https:\\\/\\\/www.ivinio.com\\\/wp-content\\\/uploads\\\/2021\\\/01\\\/Logo-Ivinio-v2.jpg\",\"width\":1194,\"height\":1194,\"caption\":\"IVINIO\"},\"image\":{\"@id\":\"https:\\\/\\\/www.ivinio.com\\\/fr\\\/#\\\/schema\\\/logo\\\/image\\\/\"},\"sameAs\":[\"https:\\\/\\\/www.facebook.com\\\/groups\\\/165217837022391\\\/?ref=bookmarks\",\"https:\\\/\\\/www.instagram.com\\\/_ivinio_\\\/?hl=fr\"]}]}<\/script>\n<!-- \/ Yoast SEO plugin. -->","yoast_head_json":{"title":"Gulfi Cerasuolo di Vittoria - Rouge - IVINIO Caviste","description":"Gulfi Cerasuolo di Vittoria - Rouge compos\u00e9 de Nero d'Avola et de Frappato. Un vin \u00e9l\u00e9gant \u00e0 servir avec antipasti, charcuterie et divers plats de poisson.","robots":{"index":"index","follow":"follow","max-snippet":"max-snippet:-1","max-image-preview":"max-image-preview:large","max-video-preview":"max-video-preview:-1"},"canonical":"https:\/\/www.ivinio.com\/fr\/produit\/gulfi-cerasuolo-di-vittoria-rouge\/","og_locale":"fr_FR","og_type":"article","og_title":"Gulfi Cerasuolo di Vittoria - Rouge - IVINIO Caviste","og_description":"Gulfi Cerasuolo di Vittoria - Rouge compos\u00e9 de Nero d'Avola et de Frappato. Un vin \u00e9l\u00e9gant \u00e0 servir avec antipasti, charcuterie et divers plats de poisson.","og_url":"https:\/\/www.ivinio.com\/fr\/produit\/gulfi-cerasuolo-di-vittoria-rouge\/","og_site_name":"IVINIO Caviste","article_publisher":"https:\/\/www.facebook.com\/groups\/165217837022391\/?ref=bookmarks","article_modified_time":"2025-05-09T15:08:58+00:00","og_image":[{"width":500,"height":500,"url":"https:\/\/www.ivinio.com\/wp-content\/uploads\/nc\/public\/modules\/file\/pictures\/5867.gulfi-cerasuolo-di-vittoria-ivinio.jpg","type":"image\/jpeg"}],"twitter_card":"summary_large_image","twitter_misc":{"Dur\u00e9e de lecture estim\u00e9e":"1 minute"},"schema":{"@context":"https:\/\/schema.org","@graph":[{"@type":"WebPage","@id":"https:\/\/www.ivinio.com\/fr\/produit\/gulfi-cerasuolo-di-vittoria-rouge\/","url":"https:\/\/www.ivinio.com\/fr\/produit\/gulfi-cerasuolo-di-vittoria-rouge\/","name":"Gulfi Cerasuolo di Vittoria - Rouge - IVINIO Caviste","isPartOf":{"@id":"https:\/\/www.ivinio.com\/fr\/#website"},"primaryImageOfPage":{"@id":"https:\/\/www.ivinio.com\/fr\/produit\/gulfi-cerasuolo-di-vittoria-rouge\/#primaryimage"},"image":{"@id":"https:\/\/www.ivinio.com\/fr\/produit\/gulfi-cerasuolo-di-vittoria-rouge\/#primaryimage"},"thumbnailUrl":"https:\/\/www.ivinio.com\/wp-content\/uploads\/nc\/public\/modules\/file\/pictures\/5867.gulfi-cerasuolo-di-vittoria-ivinio.jpg","datePublished":"2014-05-21T10:20:33+00:00","dateModified":"2025-05-09T15:08:58+00:00","description":"Gulfi Cerasuolo di Vittoria - Rouge compos\u00e9 de Nero d'Avola et de Frappato. Un vin \u00e9l\u00e9gant \u00e0 servir avec antipasti, charcuterie et divers plats de poisson.","breadcrumb":{"@id":"https:\/\/www.ivinio.com\/fr\/produit\/gulfi-cerasuolo-di-vittoria-rouge\/#breadcrumb"},"inLanguage":"fr-FR","potentialAction":[{"@type":"ReadAction","target":["https:\/\/www.ivinio.com\/fr\/produit\/gulfi-cerasuolo-di-vittoria-rouge\/"]}]},{"@type":"ImageObject","inLanguage":"fr-FR","@id":"https:\/\/www.ivinio.com\/fr\/produit\/gulfi-cerasuolo-di-vittoria-rouge\/#primaryimage","url":"https:\/\/www.ivinio.com\/wp-content\/uploads\/nc\/public\/modules\/file\/pictures\/5867.gulfi-cerasuolo-di-vittoria-ivinio.jpg","contentUrl":"https:\/\/www.ivinio.com\/wp-content\/uploads\/nc\/public\/modules\/file\/pictures\/5867.gulfi-cerasuolo-di-vittoria-ivinio.jpg","width":500,"height":500,"caption":"Gulfi Cerasuolo di Vittoria"},{"@type":"BreadcrumbList","@id":"https:\/\/www.ivinio.com\/fr\/produit\/gulfi-cerasuolo-di-vittoria-rouge\/#breadcrumb","itemListElement":[{"@type":"ListItem","position":1,"name":"Home","item":"https:\/\/www.ivinio.com\/fr\/"},{"@type":"ListItem","position":2,"name":"Boutique de vin","item":"https:\/\/www.ivinio.com\/fr\/boutique-de-vin\/"},{"@type":"ListItem","position":3,"name":"Gulfi Cerasuolo di Vittoria &#8211; Rouge"}]},{"@type":"WebSite","@id":"https:\/\/www.ivinio.com\/fr\/#website","url":"https:\/\/www.ivinio.com\/fr\/","name":"IVINIO Caviste","description":"Vins de France et d&#039;Italie avec livraison \u00e0 domicile","publisher":{"@id":"https:\/\/www.ivinio.com\/fr\/#organization"},"potentialAction":[{"@type":"SearchAction","target":{"@type":"EntryPoint","urlTemplate":"https:\/\/www.ivinio.com\/fr\/?s={search_term_string}"},"query-input":{"@type":"PropertyValueSpecification","valueRequired":true,"valueName":"search_term_string"}}],"inLanguage":"fr-FR"},{"@type":"Organization","@id":"https:\/\/www.ivinio.com\/fr\/#organization","name":"IVINIO","url":"https:\/\/www.ivinio.com\/fr\/","logo":{"@type":"ImageObject","inLanguage":"fr-FR","@id":"https:\/\/www.ivinio.com\/fr\/#\/schema\/logo\/image\/","url":"https:\/\/www.ivinio.com\/wp-content\/uploads\/2021\/01\/Logo-Ivinio-v2.jpg","contentUrl":"https:\/\/www.ivinio.com\/wp-content\/uploads\/2021\/01\/Logo-Ivinio-v2.jpg","width":1194,"height":1194,"caption":"IVINIO"},"image":{"@id":"https:\/\/www.ivinio.com\/fr\/#\/schema\/logo\/image\/"},"sameAs":["https:\/\/www.facebook.com\/groups\/165217837022391\/?ref=bookmarks","https:\/\/www.instagram.com\/_ivinio_\/?hl=fr"]}]}},"jetpack_sharing_enabled":true,"_links":{"self":[{"href":"https:\/\/www.ivinio.com\/fr\/wp-json\/wp\/v2\/product\/119701","targetHints":{"allow":["GET"]}}],"collection":[{"href":"https:\/\/www.ivinio.com\/fr\/wp-json\/wp\/v2\/product"}],"about":[{"href":"https:\/\/www.ivinio.com\/fr\/wp-json\/wp\/v2\/types\/product"}],"replies":[{"embeddable":true,"href":"https:\/\/www.ivinio.com\/fr\/wp-json\/wp\/v2\/comments?post=119701"}],"wp:featuredmedia":[{"embeddable":true,"href":"https:\/\/www.ivinio.com\/fr\/wp-json\/wp\/v2\/media\/130307"}],"wp:attachment":[{"href":"https:\/\/www.ivinio.com\/fr\/wp-json\/wp\/v2\/media?parent=119701"}],"wp:term":[{"taxonomy":"product_brand","embeddable":true,"href":"https:\/\/www.ivinio.com\/fr\/wp-json\/wp\/v2\/product_brand?post=119701"},{"taxonomy":"product_cat","embeddable":true,"href":"https:\/\/www.ivinio.com\/fr\/wp-json\/wp\/v2\/product_cat?post=119701"},{"taxonomy":"product_tag","embeddable":true,"href":"https:\/\/www.ivinio.com\/fr\/wp-json\/wp\/v2\/product_tag?post=119701"}],"curies":[{"name":"wp","href":"https:\/\/api.w.org\/{rel}","templated":true}]}}