{"id":119641,"date":"2015-08-03T18:08:38","date_gmt":"2015-08-03T18:08:38","guid":{"rendered":"https:\/\/henrik.www.ivinio.com\/?product=le-casematte-peloro-rosso-rouge"},"modified":"2022-03-17T06:06:56","modified_gmt":"2022-03-17T05:06:56","slug":"le-casematte-peloro-rosso-rouge","status":"publish","type":"product","link":"https:\/\/www.ivinio.com\/fr\/produit\/le-casematte-peloro-rosso-rouge\/","title":{"rendered":"Le Casematte &#8211; Peloro Rosso &#8211; Rouge"},"content":{"rendered":"<p>Peloro Rosso du domaine Le\u00a0Casematte est un vin rouge bas\u00e9 \u00e0 70% de Nerello mascalese et 30% de Nocera dont les vignes poussent\u00a0dans le sable et sur une\u00a0terre calcaire\u00a0\u00e0 Faro Superiore, au nord de Messine, au nord-est de la Sicile. Les raisins sont r\u00e9colt\u00e9s la deuxi\u00e8me moiti\u00e9 de Septembre. La vinification\u00a0se fait selon la m\u00e9thode classique dans des cuves en acier mais le jus est ensuite transf\u00e9r\u00e9 dans des f\u00fbts de ch\u00eane et \u00e9lev\u00e9\u00a0pendant 2 mois. Le vin est mis en bouteille et conserv\u00e9 4-5 mois suppl\u00e9mentaires avant sa commercialisation.<\/p>\n","protected":false},"excerpt":{"rendered":"<p>Peloro Rosso de\u00a0Casematte\u00a0est un vin rouge cors\u00e9 compos\u00e9 \u00e0 70% des c\u00e9pages Nerello mascalese et 30% de Nocera. Un vin rouge fruit\u00e9 avec une acidit\u00e9 fra\u00eeche et une certaine\u00a0min\u00e9ralit\u00e9. A d\u00e9guster avec des viandes rouges grill\u00e9es et du gibier.<\/p>\n","protected":false},"featured_media":119644,"comment_status":"open","ping_status":"closed","template":"","meta":{"_monsterinsights_skip_tracking":false,"_monsterinsights_sitenote_active":false,"_monsterinsights_sitenote_note":"","_monsterinsights_sitenote_category":0,"_uf_show_specific_survey":0,"_uf_disable_surveys":false},"product_brand":[],"product_cat":[36601,36589],"product_tag":[],"class_list":{"0":"post-119641","1":"product","2":"type-product","3":"status-publish","4":"has-post-thumbnail","6":"product_cat-fr-sicile","7":"product_cat-vins-italiens","8":"pa_alcohol-degree-13-5","9":"pa_color-rouge-fr","10":"pa_country-italie-fr","11":"pa_region-sicile-fr","12":"pa_storage-potential-5-ans-fr","13":"pa_vintage-2019-fr","14":"pa_volume-75-cl-fr","16":"first","17":"outofstock","18":"taxable","19":"shipping-taxable","20":"purchasable","21":"product-type-simple"},"bundled_by":[],"bundle_stock_status":"outofstock","bundle_stock_quantity":null,"bundle_virtual":false,"bundle_layout":"","bundle_add_to_cart_form_location":"","bundle_editable_in_cart":false,"bundle_sold_individually_context":"","bundle_item_grouping":"","bundle_min_size":"","bundle_max_size":"","bundle_price":[],"bundled_items":[],"bundle_sell_ids":[],"yoast_head":"<!-- This site is optimized with the Yoast SEO plugin v27.5 - https:\/\/yoast.com\/product\/yoast-seo-wordpress\/ -->\n<title>Acheter Le Casematte - Peloro Rosso - vin rouge - IVINIO Caviste<\/title>\n<meta name=\"description\" content=\"Acheter Le Casematte - Peloro Rosso - vin rouge. Fruit\u00e9, min\u00e9ral - compos\u00e9 \u00e0 70% des c\u00e9pages Nerello mascalese et 30% de Nocera.\" \/>\n<meta name=\"robots\" content=\"index, follow, max-snippet:-1, max-image-preview:large, max-video-preview:-1\" \/>\n<link rel=\"canonical\" href=\"https:\/\/www.ivinio.com\/fr\/produit\/le-casematte-peloro-rosso-rouge\/\" \/>\n<meta property=\"og:locale\" content=\"fr_FR\" \/>\n<meta property=\"og:type\" content=\"article\" \/>\n<meta property=\"og:title\" content=\"Acheter Le Casematte - Peloro Rosso - vin rouge - IVINIO Caviste\" \/>\n<meta property=\"og:description\" content=\"Acheter Le Casematte - Peloro Rosso - vin rouge. Fruit\u00e9, min\u00e9ral - compos\u00e9 \u00e0 70% des c\u00e9pages Nerello mascalese et 30% de Nocera.\" \/>\n<meta property=\"og:url\" content=\"https:\/\/www.ivinio.com\/fr\/produit\/le-casematte-peloro-rosso-rouge\/\" \/>\n<meta property=\"og:site_name\" content=\"IVINIO Caviste\" \/>\n<meta property=\"article:publisher\" content=\"https:\/\/www.facebook.com\/groups\/165217837022391\/?ref=bookmarks\" \/>\n<meta property=\"article:modified_time\" content=\"2022-03-17T05:06:56+00:00\" \/>\n<meta property=\"og:image\" content=\"https:\/\/www.ivinio.com\/wp-content\/uploads\/nc\/public\/modules\/file\/pictures\/5844.le-casematte-peloro-rosso-i.jpg\" \/>\n\t<meta property=\"og:image:width\" content=\"500\" \/>\n\t<meta property=\"og:image:height\" content=\"500\" \/>\n\t<meta property=\"og:image:type\" content=\"image\/jpeg\" \/>\n<meta name=\"twitter:card\" content=\"summary_large_image\" \/>\n<script type=\"application\/ld+json\" class=\"yoast-schema-graph\">{\"@context\":\"https:\\\/\\\/schema.org\",\"@graph\":[{\"@type\":\"WebPage\",\"@id\":\"https:\\\/\\\/www.ivinio.com\\\/fr\\\/produit\\\/le-casematte-peloro-rosso-rouge\\\/\",\"url\":\"https:\\\/\\\/www.ivinio.com\\\/fr\\\/produit\\\/le-casematte-peloro-rosso-rouge\\\/\",\"name\":\"Acheter Le Casematte - Peloro Rosso - vin rouge - IVINIO Caviste\",\"isPartOf\":{\"@id\":\"https:\\\/\\\/www.ivinio.com\\\/fr\\\/#website\"},\"primaryImageOfPage\":{\"@id\":\"https:\\\/\\\/www.ivinio.com\\\/fr\\\/produit\\\/le-casematte-peloro-rosso-rouge\\\/#primaryimage\"},\"image\":{\"@id\":\"https:\\\/\\\/www.ivinio.com\\\/fr\\\/produit\\\/le-casematte-peloro-rosso-rouge\\\/#primaryimage\"},\"thumbnailUrl\":\"https:\\\/\\\/www.ivinio.com\\\/wp-content\\\/uploads\\\/nc\\\/public\\\/modules\\\/file\\\/pictures\\\/5844.le-casematte-peloro-rosso-i.jpg\",\"datePublished\":\"2015-08-03T18:08:38+00:00\",\"dateModified\":\"2022-03-17T05:06:56+00:00\",\"description\":\"Acheter Le Casematte - Peloro Rosso - vin rouge. Fruit\u00e9, min\u00e9ral - compos\u00e9 \u00e0 70% des c\u00e9pages Nerello mascalese et 30% de Nocera.\",\"breadcrumb\":{\"@id\":\"https:\\\/\\\/www.ivinio.com\\\/fr\\\/produit\\\/le-casematte-peloro-rosso-rouge\\\/#breadcrumb\"},\"inLanguage\":\"fr-FR\",\"potentialAction\":[{\"@type\":\"ReadAction\",\"target\":[\"https:\\\/\\\/www.ivinio.com\\\/fr\\\/produit\\\/le-casematte-peloro-rosso-rouge\\\/\"]}]},{\"@type\":\"ImageObject\",\"inLanguage\":\"fr-FR\",\"@id\":\"https:\\\/\\\/www.ivinio.com\\\/fr\\\/produit\\\/le-casematte-peloro-rosso-rouge\\\/#primaryimage\",\"url\":\"https:\\\/\\\/www.ivinio.com\\\/wp-content\\\/uploads\\\/nc\\\/public\\\/modules\\\/file\\\/pictures\\\/5844.le-casematte-peloro-rosso-i.jpg\",\"contentUrl\":\"https:\\\/\\\/www.ivinio.com\\\/wp-content\\\/uploads\\\/nc\\\/public\\\/modules\\\/file\\\/pictures\\\/5844.le-casematte-peloro-rosso-i.jpg\",\"width\":500,\"height\":500,\"caption\":\"Le Casematte - Peloro Rosso\"},{\"@type\":\"BreadcrumbList\",\"@id\":\"https:\\\/\\\/www.ivinio.com\\\/fr\\\/produit\\\/le-casematte-peloro-rosso-rouge\\\/#breadcrumb\",\"itemListElement\":[{\"@type\":\"ListItem\",\"position\":1,\"name\":\"Home\",\"item\":\"https:\\\/\\\/www.ivinio.com\\\/fr\\\/\"},{\"@type\":\"ListItem\",\"position\":2,\"name\":\"Boutique de vin\",\"item\":\"https:\\\/\\\/www.ivinio.com\\\/fr\\\/boutique-de-vin\\\/\"},{\"@type\":\"ListItem\",\"position\":3,\"name\":\"Le Casematte &#8211; Peloro Rosso &#8211; Rouge\"}]},{\"@type\":\"WebSite\",\"@id\":\"https:\\\/\\\/www.ivinio.com\\\/fr\\\/#website\",\"url\":\"https:\\\/\\\/www.ivinio.com\\\/fr\\\/\",\"name\":\"IVINIO Caviste\",\"description\":\"Vins de France et d&#039;Italie avec livraison \u00e0 domicile\",\"publisher\":{\"@id\":\"https:\\\/\\\/www.ivinio.com\\\/fr\\\/#organization\"},\"potentialAction\":[{\"@type\":\"SearchAction\",\"target\":{\"@type\":\"EntryPoint\",\"urlTemplate\":\"https:\\\/\\\/www.ivinio.com\\\/fr\\\/?s={search_term_string}\"},\"query-input\":{\"@type\":\"PropertyValueSpecification\",\"valueRequired\":true,\"valueName\":\"search_term_string\"}}],\"inLanguage\":\"fr-FR\"},{\"@type\":\"Organization\",\"@id\":\"https:\\\/\\\/www.ivinio.com\\\/fr\\\/#organization\",\"name\":\"IVINIO\",\"url\":\"https:\\\/\\\/www.ivinio.com\\\/fr\\\/\",\"logo\":{\"@type\":\"ImageObject\",\"inLanguage\":\"fr-FR\",\"@id\":\"https:\\\/\\\/www.ivinio.com\\\/fr\\\/#\\\/schema\\\/logo\\\/image\\\/\",\"url\":\"https:\\\/\\\/www.ivinio.com\\\/wp-content\\\/uploads\\\/2021\\\/01\\\/Logo-Ivinio-v2.jpg\",\"contentUrl\":\"https:\\\/\\\/www.ivinio.com\\\/wp-content\\\/uploads\\\/2021\\\/01\\\/Logo-Ivinio-v2.jpg\",\"width\":1194,\"height\":1194,\"caption\":\"IVINIO\"},\"image\":{\"@id\":\"https:\\\/\\\/www.ivinio.com\\\/fr\\\/#\\\/schema\\\/logo\\\/image\\\/\"},\"sameAs\":[\"https:\\\/\\\/www.facebook.com\\\/groups\\\/165217837022391\\\/?ref=bookmarks\",\"https:\\\/\\\/www.instagram.com\\\/_ivinio_\\\/?hl=fr\"]}]}<\/script>\n<!-- \/ Yoast SEO plugin. -->","yoast_head_json":{"title":"Acheter Le Casematte - Peloro Rosso - vin rouge - IVINIO Caviste","description":"Acheter Le Casematte - Peloro Rosso - vin rouge. Fruit\u00e9, min\u00e9ral - compos\u00e9 \u00e0 70% des c\u00e9pages Nerello mascalese et 30% de Nocera.","robots":{"index":"index","follow":"follow","max-snippet":"max-snippet:-1","max-image-preview":"max-image-preview:large","max-video-preview":"max-video-preview:-1"},"canonical":"https:\/\/www.ivinio.com\/fr\/produit\/le-casematte-peloro-rosso-rouge\/","og_locale":"fr_FR","og_type":"article","og_title":"Acheter Le Casematte - Peloro Rosso - vin rouge - IVINIO Caviste","og_description":"Acheter Le Casematte - Peloro Rosso - vin rouge. Fruit\u00e9, min\u00e9ral - compos\u00e9 \u00e0 70% des c\u00e9pages Nerello mascalese et 30% de Nocera.","og_url":"https:\/\/www.ivinio.com\/fr\/produit\/le-casematte-peloro-rosso-rouge\/","og_site_name":"IVINIO Caviste","article_publisher":"https:\/\/www.facebook.com\/groups\/165217837022391\/?ref=bookmarks","article_modified_time":"2022-03-17T05:06:56+00:00","og_image":[{"width":500,"height":500,"url":"https:\/\/www.ivinio.com\/wp-content\/uploads\/nc\/public\/modules\/file\/pictures\/5844.le-casematte-peloro-rosso-i.jpg","type":"image\/jpeg"}],"twitter_card":"summary_large_image","schema":{"@context":"https:\/\/schema.org","@graph":[{"@type":"WebPage","@id":"https:\/\/www.ivinio.com\/fr\/produit\/le-casematte-peloro-rosso-rouge\/","url":"https:\/\/www.ivinio.com\/fr\/produit\/le-casematte-peloro-rosso-rouge\/","name":"Acheter Le Casematte - Peloro Rosso - vin rouge - IVINIO Caviste","isPartOf":{"@id":"https:\/\/www.ivinio.com\/fr\/#website"},"primaryImageOfPage":{"@id":"https:\/\/www.ivinio.com\/fr\/produit\/le-casematte-peloro-rosso-rouge\/#primaryimage"},"image":{"@id":"https:\/\/www.ivinio.com\/fr\/produit\/le-casematte-peloro-rosso-rouge\/#primaryimage"},"thumbnailUrl":"https:\/\/www.ivinio.com\/wp-content\/uploads\/nc\/public\/modules\/file\/pictures\/5844.le-casematte-peloro-rosso-i.jpg","datePublished":"2015-08-03T18:08:38+00:00","dateModified":"2022-03-17T05:06:56+00:00","description":"Acheter Le Casematte - Peloro Rosso - vin rouge. Fruit\u00e9, min\u00e9ral - compos\u00e9 \u00e0 70% des c\u00e9pages Nerello mascalese et 30% de Nocera.","breadcrumb":{"@id":"https:\/\/www.ivinio.com\/fr\/produit\/le-casematte-peloro-rosso-rouge\/#breadcrumb"},"inLanguage":"fr-FR","potentialAction":[{"@type":"ReadAction","target":["https:\/\/www.ivinio.com\/fr\/produit\/le-casematte-peloro-rosso-rouge\/"]}]},{"@type":"ImageObject","inLanguage":"fr-FR","@id":"https:\/\/www.ivinio.com\/fr\/produit\/le-casematte-peloro-rosso-rouge\/#primaryimage","url":"https:\/\/www.ivinio.com\/wp-content\/uploads\/nc\/public\/modules\/file\/pictures\/5844.le-casematte-peloro-rosso-i.jpg","contentUrl":"https:\/\/www.ivinio.com\/wp-content\/uploads\/nc\/public\/modules\/file\/pictures\/5844.le-casematte-peloro-rosso-i.jpg","width":500,"height":500,"caption":"Le Casematte - Peloro Rosso"},{"@type":"BreadcrumbList","@id":"https:\/\/www.ivinio.com\/fr\/produit\/le-casematte-peloro-rosso-rouge\/#breadcrumb","itemListElement":[{"@type":"ListItem","position":1,"name":"Home","item":"https:\/\/www.ivinio.com\/fr\/"},{"@type":"ListItem","position":2,"name":"Boutique de vin","item":"https:\/\/www.ivinio.com\/fr\/boutique-de-vin\/"},{"@type":"ListItem","position":3,"name":"Le Casematte &#8211; Peloro Rosso &#8211; Rouge"}]},{"@type":"WebSite","@id":"https:\/\/www.ivinio.com\/fr\/#website","url":"https:\/\/www.ivinio.com\/fr\/","name":"IVINIO Caviste","description":"Vins de France et d&#039;Italie avec livraison \u00e0 domicile","publisher":{"@id":"https:\/\/www.ivinio.com\/fr\/#organization"},"potentialAction":[{"@type":"SearchAction","target":{"@type":"EntryPoint","urlTemplate":"https:\/\/www.ivinio.com\/fr\/?s={search_term_string}"},"query-input":{"@type":"PropertyValueSpecification","valueRequired":true,"valueName":"search_term_string"}}],"inLanguage":"fr-FR"},{"@type":"Organization","@id":"https:\/\/www.ivinio.com\/fr\/#organization","name":"IVINIO","url":"https:\/\/www.ivinio.com\/fr\/","logo":{"@type":"ImageObject","inLanguage":"fr-FR","@id":"https:\/\/www.ivinio.com\/fr\/#\/schema\/logo\/image\/","url":"https:\/\/www.ivinio.com\/wp-content\/uploads\/2021\/01\/Logo-Ivinio-v2.jpg","contentUrl":"https:\/\/www.ivinio.com\/wp-content\/uploads\/2021\/01\/Logo-Ivinio-v2.jpg","width":1194,"height":1194,"caption":"IVINIO"},"image":{"@id":"https:\/\/www.ivinio.com\/fr\/#\/schema\/logo\/image\/"},"sameAs":["https:\/\/www.facebook.com\/groups\/165217837022391\/?ref=bookmarks","https:\/\/www.instagram.com\/_ivinio_\/?hl=fr"]}]}},"jetpack_sharing_enabled":true,"_links":{"self":[{"href":"https:\/\/www.ivinio.com\/fr\/wp-json\/wp\/v2\/product\/119641","targetHints":{"allow":["GET"]}}],"collection":[{"href":"https:\/\/www.ivinio.com\/fr\/wp-json\/wp\/v2\/product"}],"about":[{"href":"https:\/\/www.ivinio.com\/fr\/wp-json\/wp\/v2\/types\/product"}],"replies":[{"embeddable":true,"href":"https:\/\/www.ivinio.com\/fr\/wp-json\/wp\/v2\/comments?post=119641"}],"wp:featuredmedia":[{"embeddable":true,"href":"https:\/\/www.ivinio.com\/fr\/wp-json\/wp\/v2\/media\/119644"}],"wp:attachment":[{"href":"https:\/\/www.ivinio.com\/fr\/wp-json\/wp\/v2\/media?parent=119641"}],"wp:term":[{"taxonomy":"product_brand","embeddable":true,"href":"https:\/\/www.ivinio.com\/fr\/wp-json\/wp\/v2\/product_brand?post=119641"},{"taxonomy":"product_cat","embeddable":true,"href":"https:\/\/www.ivinio.com\/fr\/wp-json\/wp\/v2\/product_cat?post=119641"},{"taxonomy":"product_tag","embeddable":true,"href":"https:\/\/www.ivinio.com\/fr\/wp-json\/wp\/v2\/product_tag?post=119641"}],"curies":[{"name":"wp","href":"https:\/\/api.w.org\/{rel}","templated":true}]}}