{"id":119597,"date":"2015-07-29T14:45:24","date_gmt":"2015-07-29T14:45:24","guid":{"rendered":"https:\/\/henrik.www.ivinio.com\/?product=donnafugata-anthilia-white"},"modified":"2024-04-05T18:11:22","modified_gmt":"2024-04-05T16:11:22","slug":"donnafugata-anthilia-blanc","status":"publish","type":"product","link":"https:\/\/www.ivinio.com\/fr\/produit\/donnafugata-anthilia-blanc\/","title":{"rendered":"Donnafugata &#8211; Anth\u00eclia &#8211; blanc"},"content":{"rendered":"<p>Anthlia est le nom que les Romains ont donn\u00e9 \u00e0 la ville \u00e9lyme\u00a0d&#8217;Entella, b\u00e2ti en\u00a0400 \u00e0 200 ans av. J. -C. et situ\u00e9e dans le centre-ouest de la Sicile. Anth\u00eclia de Donnafugata est compos\u00e9 principalement du\u00a0c\u00e9page local Catarrato, mais \u00e9galement par divers autres c\u00e9pages blancs. Les raisins sont cultiv\u00e9s dans la partie sud de la Sicile, \u00e0 200-600 m\u00e8tres d&#8217;altitude dans des sols argileux contenant des min\u00e9raux. Les raisins sont r\u00e9colt\u00e9s fin septembre. Ils sont ensuite\u00a0press\u00e9s et ferment\u00e9s\u00a0\u00e0 14-16 \u00b0. Le vin est \u00e9lev\u00e9\u00a0dans des\u00a0cuves en acier avant la mise en bouteille. Ils sont ensuite gard\u00e9s en cave pendant 2 mois suppl\u00e9mentaires. Antlia est le premier vin que Donnafugata a commenc\u00e9 \u00e0 produire.<\/p>\n","protected":false},"excerpt":{"rendered":"<p>Anth\u00eclia de Donnafugata est un vin blanc sicilien qui est principalement compos\u00e9 du c\u00e9page local Catarrata. Un vin blanc\u00a0bien \u00e9quilibr\u00e9 avec des notes aromatiques de pomme et de p\u00eache. Un vin blanc pour toutes les occasions !<\/p>\n","protected":false},"featured_media":119600,"comment_status":"open","ping_status":"closed","template":"","meta":{"_monsterinsights_skip_tracking":false,"_monsterinsights_sitenote_active":false,"_monsterinsights_sitenote_note":"","_monsterinsights_sitenote_category":0,"_uf_show_specific_survey":0,"_uf_disable_surveys":false},"product_brand":[],"product_cat":[36601,36589],"product_tag":[],"class_list":{"0":"post-119597","1":"product","2":"type-product","3":"status-publish","4":"has-post-thumbnail","6":"product_cat-fr-sicile","7":"product_cat-vins-italiens","8":"pa_alcohol-degree-13-fr","9":"pa_awards-vinum-wine-magazine-fr","10":"pa_classification-doc-sicilia-fr","11":"pa_color-blanc-fr","12":"pa_country-italie-fr","13":"pa_grape-variety-catarratto-fr","14":"pa_region-sicile-fr","15":"pa_storage-potential-3-ans-fr","16":"pa_vintage-2023-fr","18":"first","19":"instock","20":"taxable","21":"shipping-taxable","22":"purchasable","23":"product-type-simple"},"bundled_by":[],"bundle_stock_status":"instock","bundle_stock_quantity":null,"bundle_virtual":false,"bundle_layout":"","bundle_add_to_cart_form_location":"","bundle_editable_in_cart":false,"bundle_sold_individually_context":"","bundle_item_grouping":"","bundle_min_size":"","bundle_max_size":"","bundle_price":[],"bundled_items":[],"bundle_sell_ids":[],"yoast_head":"<!-- This site is optimized with the Yoast SEO plugin v27.3 - https:\/\/yoast.com\/product\/yoast-seo-wordpress\/ -->\n<title>Acheter Donnafugata - Anth\u00eclia - blanc - IVINIO Wine Shop<\/title>\n<meta name=\"description\" content=\"Acheter Donnafugata - Anth\u00eclia - vin blanc sicilien qui est principalement compos\u00e9 du c\u00e9page local Catarrata. Un vin blanc bien \u00e9quilibr\u00e9 avec des notes aromatiques de pomme et de p\u00eache.\" \/>\n<meta name=\"robots\" content=\"index, follow, max-snippet:-1, max-image-preview:large, max-video-preview:-1\" \/>\n<link rel=\"canonical\" href=\"https:\/\/www.ivinio.com\/fr\/produit\/donnafugata-anthilia-blanc\/\" \/>\n<meta property=\"og:locale\" content=\"fr_FR\" \/>\n<meta property=\"og:type\" content=\"article\" \/>\n<meta property=\"og:title\" content=\"Acheter Donnafugata - Anth\u00eclia - blanc - IVINIO Wine Shop\" \/>\n<meta property=\"og:description\" content=\"Acheter Donnafugata - Anth\u00eclia - vin blanc sicilien qui est principalement compos\u00e9 du c\u00e9page local Catarrata. Un vin blanc bien \u00e9quilibr\u00e9 avec des notes aromatiques de pomme et de p\u00eache.\" \/>\n<meta property=\"og:url\" content=\"https:\/\/www.ivinio.com\/fr\/produit\/donnafugata-anthilia-blanc\/\" \/>\n<meta property=\"og:site_name\" content=\"IVINIO Wine Shop\" \/>\n<meta property=\"article:publisher\" content=\"https:\/\/www.facebook.com\/groups\/165217837022391\/?ref=bookmarks\" \/>\n<meta property=\"article:modified_time\" content=\"2024-04-05T16:11:22+00:00\" \/>\n<meta property=\"og:image\" content=\"https:\/\/www.ivinio.com\/wp-content\/uploads\/nc\/public\/modules\/file\/pictures\/5833.donnafugata-anth-lia-Ivinio.jpg\" \/>\n\t<meta property=\"og:image:width\" content=\"500\" \/>\n\t<meta property=\"og:image:height\" content=\"500\" \/>\n\t<meta property=\"og:image:type\" content=\"image\/jpeg\" \/>\n<meta name=\"twitter:card\" content=\"summary_large_image\" \/>\n<meta name=\"twitter:label1\" content=\"Dur\u00e9e de lecture estim\u00e9e\" \/>\n\t<meta name=\"twitter:data1\" content=\"1 minute\" \/>\n<script type=\"application\/ld+json\" class=\"yoast-schema-graph\">{\"@context\":\"https:\\\/\\\/schema.org\",\"@graph\":[{\"@type\":\"WebPage\",\"@id\":\"https:\\\/\\\/www.ivinio.com\\\/fr\\\/produit\\\/donnafugata-anthilia-blanc\\\/\",\"url\":\"https:\\\/\\\/www.ivinio.com\\\/fr\\\/produit\\\/donnafugata-anthilia-blanc\\\/\",\"name\":\"Acheter Donnafugata - Anth\u00eclia - blanc - IVINIO Wine Shop\",\"isPartOf\":{\"@id\":\"https:\\\/\\\/www.ivinio.com\\\/fr\\\/#website\"},\"primaryImageOfPage\":{\"@id\":\"https:\\\/\\\/www.ivinio.com\\\/fr\\\/produit\\\/donnafugata-anthilia-blanc\\\/#primaryimage\"},\"image\":{\"@id\":\"https:\\\/\\\/www.ivinio.com\\\/fr\\\/produit\\\/donnafugata-anthilia-blanc\\\/#primaryimage\"},\"thumbnailUrl\":\"https:\\\/\\\/www.ivinio.com\\\/wp-content\\\/uploads\\\/nc\\\/public\\\/modules\\\/file\\\/pictures\\\/5833.donnafugata-anth-lia-Ivinio.jpg\",\"datePublished\":\"2015-07-29T14:45:24+00:00\",\"dateModified\":\"2024-04-05T16:11:22+00:00\",\"description\":\"Acheter Donnafugata - Anth\u00eclia - vin blanc sicilien qui est principalement compos\u00e9 du c\u00e9page local Catarrata. Un vin blanc bien \u00e9quilibr\u00e9 avec des notes aromatiques de pomme et de p\u00eache.\",\"breadcrumb\":{\"@id\":\"https:\\\/\\\/www.ivinio.com\\\/fr\\\/produit\\\/donnafugata-anthilia-blanc\\\/#breadcrumb\"},\"inLanguage\":\"fr-FR\",\"potentialAction\":[{\"@type\":\"ReadAction\",\"target\":[\"https:\\\/\\\/www.ivinio.com\\\/fr\\\/produit\\\/donnafugata-anthilia-blanc\\\/\"]}]},{\"@type\":\"ImageObject\",\"inLanguage\":\"fr-FR\",\"@id\":\"https:\\\/\\\/www.ivinio.com\\\/fr\\\/produit\\\/donnafugata-anthilia-blanc\\\/#primaryimage\",\"url\":\"https:\\\/\\\/www.ivinio.com\\\/wp-content\\\/uploads\\\/nc\\\/public\\\/modules\\\/file\\\/pictures\\\/5833.donnafugata-anth-lia-Ivinio.jpg\",\"contentUrl\":\"https:\\\/\\\/www.ivinio.com\\\/wp-content\\\/uploads\\\/nc\\\/public\\\/modules\\\/file\\\/pictures\\\/5833.donnafugata-anth-lia-Ivinio.jpg\",\"width\":500,\"height\":500,\"caption\":\"Donnafugata - Anth\u00eclia\"},{\"@type\":\"BreadcrumbList\",\"@id\":\"https:\\\/\\\/www.ivinio.com\\\/fr\\\/produit\\\/donnafugata-anthilia-blanc\\\/#breadcrumb\",\"itemListElement\":[{\"@type\":\"ListItem\",\"position\":1,\"name\":\"Home\",\"item\":\"https:\\\/\\\/www.ivinio.com\\\/fr\\\/\"},{\"@type\":\"ListItem\",\"position\":2,\"name\":\"Boutique de vin\",\"item\":\"https:\\\/\\\/www.ivinio.com\\\/fr\\\/boutique-de-vin\\\/\"},{\"@type\":\"ListItem\",\"position\":3,\"name\":\"Donnafugata &#8211; Anth\u00eclia &#8211; blanc\"}]},{\"@type\":\"WebSite\",\"@id\":\"https:\\\/\\\/www.ivinio.com\\\/fr\\\/#website\",\"url\":\"https:\\\/\\\/www.ivinio.com\\\/fr\\\/\",\"name\":\"IVINIO Wine Shop\",\"description\":\"French and Italian wines with delivery to your door\",\"publisher\":{\"@id\":\"https:\\\/\\\/www.ivinio.com\\\/fr\\\/#organization\"},\"potentialAction\":[{\"@type\":\"SearchAction\",\"target\":{\"@type\":\"EntryPoint\",\"urlTemplate\":\"https:\\\/\\\/www.ivinio.com\\\/fr\\\/?s={search_term_string}\"},\"query-input\":{\"@type\":\"PropertyValueSpecification\",\"valueRequired\":true,\"valueName\":\"search_term_string\"}}],\"inLanguage\":\"fr-FR\"},{\"@type\":\"Organization\",\"@id\":\"https:\\\/\\\/www.ivinio.com\\\/fr\\\/#organization\",\"name\":\"IVINIO\",\"url\":\"https:\\\/\\\/www.ivinio.com\\\/fr\\\/\",\"logo\":{\"@type\":\"ImageObject\",\"inLanguage\":\"fr-FR\",\"@id\":\"https:\\\/\\\/www.ivinio.com\\\/fr\\\/#\\\/schema\\\/logo\\\/image\\\/\",\"url\":\"https:\\\/\\\/www.ivinio.com\\\/wp-content\\\/uploads\\\/2021\\\/01\\\/Logo-Ivinio-v2.jpg\",\"contentUrl\":\"https:\\\/\\\/www.ivinio.com\\\/wp-content\\\/uploads\\\/2021\\\/01\\\/Logo-Ivinio-v2.jpg\",\"width\":1194,\"height\":1194,\"caption\":\"IVINIO\"},\"image\":{\"@id\":\"https:\\\/\\\/www.ivinio.com\\\/fr\\\/#\\\/schema\\\/logo\\\/image\\\/\"},\"sameAs\":[\"https:\\\/\\\/www.facebook.com\\\/groups\\\/165217837022391\\\/?ref=bookmarks\",\"https:\\\/\\\/www.instagram.com\\\/_ivinio_\\\/?hl=fr\"]}]}<\/script>\n<!-- \/ Yoast SEO plugin. -->","yoast_head_json":{"title":"Acheter Donnafugata - Anth\u00eclia - blanc - IVINIO Wine Shop","description":"Acheter Donnafugata - Anth\u00eclia - vin blanc sicilien qui est principalement compos\u00e9 du c\u00e9page local Catarrata. Un vin blanc bien \u00e9quilibr\u00e9 avec des notes aromatiques de pomme et de p\u00eache.","robots":{"index":"index","follow":"follow","max-snippet":"max-snippet:-1","max-image-preview":"max-image-preview:large","max-video-preview":"max-video-preview:-1"},"canonical":"https:\/\/www.ivinio.com\/fr\/produit\/donnafugata-anthilia-blanc\/","og_locale":"fr_FR","og_type":"article","og_title":"Acheter Donnafugata - Anth\u00eclia - blanc - IVINIO Wine Shop","og_description":"Acheter Donnafugata - Anth\u00eclia - vin blanc sicilien qui est principalement compos\u00e9 du c\u00e9page local Catarrata. Un vin blanc bien \u00e9quilibr\u00e9 avec des notes aromatiques de pomme et de p\u00eache.","og_url":"https:\/\/www.ivinio.com\/fr\/produit\/donnafugata-anthilia-blanc\/","og_site_name":"IVINIO Wine Shop","article_publisher":"https:\/\/www.facebook.com\/groups\/165217837022391\/?ref=bookmarks","article_modified_time":"2024-04-05T16:11:22+00:00","og_image":[{"width":500,"height":500,"url":"https:\/\/www.ivinio.com\/wp-content\/uploads\/nc\/public\/modules\/file\/pictures\/5833.donnafugata-anth-lia-Ivinio.jpg","type":"image\/jpeg"}],"twitter_card":"summary_large_image","twitter_misc":{"Dur\u00e9e de lecture estim\u00e9e":"1 minute"},"schema":{"@context":"https:\/\/schema.org","@graph":[{"@type":"WebPage","@id":"https:\/\/www.ivinio.com\/fr\/produit\/donnafugata-anthilia-blanc\/","url":"https:\/\/www.ivinio.com\/fr\/produit\/donnafugata-anthilia-blanc\/","name":"Acheter Donnafugata - Anth\u00eclia - blanc - IVINIO Wine Shop","isPartOf":{"@id":"https:\/\/www.ivinio.com\/fr\/#website"},"primaryImageOfPage":{"@id":"https:\/\/www.ivinio.com\/fr\/produit\/donnafugata-anthilia-blanc\/#primaryimage"},"image":{"@id":"https:\/\/www.ivinio.com\/fr\/produit\/donnafugata-anthilia-blanc\/#primaryimage"},"thumbnailUrl":"https:\/\/www.ivinio.com\/wp-content\/uploads\/nc\/public\/modules\/file\/pictures\/5833.donnafugata-anth-lia-Ivinio.jpg","datePublished":"2015-07-29T14:45:24+00:00","dateModified":"2024-04-05T16:11:22+00:00","description":"Acheter Donnafugata - Anth\u00eclia - vin blanc sicilien qui est principalement compos\u00e9 du c\u00e9page local Catarrata. Un vin blanc bien \u00e9quilibr\u00e9 avec des notes aromatiques de pomme et de p\u00eache.","breadcrumb":{"@id":"https:\/\/www.ivinio.com\/fr\/produit\/donnafugata-anthilia-blanc\/#breadcrumb"},"inLanguage":"fr-FR","potentialAction":[{"@type":"ReadAction","target":["https:\/\/www.ivinio.com\/fr\/produit\/donnafugata-anthilia-blanc\/"]}]},{"@type":"ImageObject","inLanguage":"fr-FR","@id":"https:\/\/www.ivinio.com\/fr\/produit\/donnafugata-anthilia-blanc\/#primaryimage","url":"https:\/\/www.ivinio.com\/wp-content\/uploads\/nc\/public\/modules\/file\/pictures\/5833.donnafugata-anth-lia-Ivinio.jpg","contentUrl":"https:\/\/www.ivinio.com\/wp-content\/uploads\/nc\/public\/modules\/file\/pictures\/5833.donnafugata-anth-lia-Ivinio.jpg","width":500,"height":500,"caption":"Donnafugata - Anth\u00eclia"},{"@type":"BreadcrumbList","@id":"https:\/\/www.ivinio.com\/fr\/produit\/donnafugata-anthilia-blanc\/#breadcrumb","itemListElement":[{"@type":"ListItem","position":1,"name":"Home","item":"https:\/\/www.ivinio.com\/fr\/"},{"@type":"ListItem","position":2,"name":"Boutique de vin","item":"https:\/\/www.ivinio.com\/fr\/boutique-de-vin\/"},{"@type":"ListItem","position":3,"name":"Donnafugata &#8211; Anth\u00eclia &#8211; blanc"}]},{"@type":"WebSite","@id":"https:\/\/www.ivinio.com\/fr\/#website","url":"https:\/\/www.ivinio.com\/fr\/","name":"IVINIO Wine Shop","description":"French and Italian wines with delivery to your door","publisher":{"@id":"https:\/\/www.ivinio.com\/fr\/#organization"},"potentialAction":[{"@type":"SearchAction","target":{"@type":"EntryPoint","urlTemplate":"https:\/\/www.ivinio.com\/fr\/?s={search_term_string}"},"query-input":{"@type":"PropertyValueSpecification","valueRequired":true,"valueName":"search_term_string"}}],"inLanguage":"fr-FR"},{"@type":"Organization","@id":"https:\/\/www.ivinio.com\/fr\/#organization","name":"IVINIO","url":"https:\/\/www.ivinio.com\/fr\/","logo":{"@type":"ImageObject","inLanguage":"fr-FR","@id":"https:\/\/www.ivinio.com\/fr\/#\/schema\/logo\/image\/","url":"https:\/\/www.ivinio.com\/wp-content\/uploads\/2021\/01\/Logo-Ivinio-v2.jpg","contentUrl":"https:\/\/www.ivinio.com\/wp-content\/uploads\/2021\/01\/Logo-Ivinio-v2.jpg","width":1194,"height":1194,"caption":"IVINIO"},"image":{"@id":"https:\/\/www.ivinio.com\/fr\/#\/schema\/logo\/image\/"},"sameAs":["https:\/\/www.facebook.com\/groups\/165217837022391\/?ref=bookmarks","https:\/\/www.instagram.com\/_ivinio_\/?hl=fr"]}]}},"jetpack_sharing_enabled":true,"_links":{"self":[{"href":"https:\/\/www.ivinio.com\/fr\/wp-json\/wp\/v2\/product\/119597","targetHints":{"allow":["GET"]}}],"collection":[{"href":"https:\/\/www.ivinio.com\/fr\/wp-json\/wp\/v2\/product"}],"about":[{"href":"https:\/\/www.ivinio.com\/fr\/wp-json\/wp\/v2\/types\/product"}],"replies":[{"embeddable":true,"href":"https:\/\/www.ivinio.com\/fr\/wp-json\/wp\/v2\/comments?post=119597"}],"wp:featuredmedia":[{"embeddable":true,"href":"https:\/\/www.ivinio.com\/fr\/wp-json\/wp\/v2\/media\/119600"}],"wp:attachment":[{"href":"https:\/\/www.ivinio.com\/fr\/wp-json\/wp\/v2\/media?parent=119597"}],"wp:term":[{"taxonomy":"product_brand","embeddable":true,"href":"https:\/\/www.ivinio.com\/fr\/wp-json\/wp\/v2\/product_brand?post=119597"},{"taxonomy":"product_cat","embeddable":true,"href":"https:\/\/www.ivinio.com\/fr\/wp-json\/wp\/v2\/product_cat?post=119597"},{"taxonomy":"product_tag","embeddable":true,"href":"https:\/\/www.ivinio.com\/fr\/wp-json\/wp\/v2\/product_tag?post=119597"}],"curies":[{"name":"wp","href":"https:\/\/api.w.org\/{rel}","templated":true}]}}