{"id":119544,"date":"2014-05-21T10:20:32","date_gmt":"2014-05-21T10:20:32","guid":{"rendered":"https:\/\/henrik.www.ivinio.com\/?product=domaine-de-la-giscle-moulin-de-lisle-blanc"},"modified":"2024-03-29T17:51:48","modified_gmt":"2024-03-29T16:51:48","slug":"domaine-de-la-giscle-moulin-de-lisle-blanc","status":"publish","type":"product","link":"https:\/\/www.ivinio.com\/fr\/produit\/domaine-de-la-giscle-moulin-de-lisle-blanc\/","title":{"rendered":"Domaine de la Giscle &#8220;Moulin de l&#8217;Isle&#8221; &#8211; blanc"},"content":{"rendered":"<p>Le &#8220;Moulin de l&#8217;Isle&#8221; du Domaine de la Giscle est compos\u00e9 \u00e0 100 % du c\u00e9pages Rolle. Les raisins sont press\u00e9s imm\u00e9diatement apr\u00e8s les vendanges et le mo\u00fbt est ferment\u00e9 directement en f\u00fbts de ch\u00eane. Le vin est produit dans une salle climatis\u00e9e et apr\u00e8s la fermentation, le vin est \u00e9lev\u00e9 pendant encore quelques mois dans des f\u00fbts de ch\u00eane. Batonnage r\u00e9guli\u00e8rement tous les deux jours pour extraire des ar\u00f4mes complexes des lies. Le vin est ensuite mis en bouteille et stock\u00e9 pendant encore quelques mois.<\/p>\n","protected":false},"excerpt":{"rendered":"<p>Le &#8220;Moulin de l&#8217;Isle&#8221; du Domaine de la Giscle est un vin blanc fruit\u00e9 compos\u00e9 de 100% de Rolle. Un vin blanc aromatique ferment\u00e9 en f\u00fbts de ch\u00eane \u00e0 servir comme ap\u00e9ritif ou pour accompagner de divers plats de poisson, de pr\u00e9f\u00e9rence une daurade grill\u00e9 \u00e0 la proven\u00e7ale !<\/p>\n","protected":false},"featured_media":119547,"comment_status":"open","ping_status":"closed","template":"","meta":{"_monsterinsights_skip_tracking":false,"_monsterinsights_sitenote_active":false,"_monsterinsights_sitenote_note":"","_monsterinsights_sitenote_category":0,"_uf_show_specific_survey":0,"_uf_disable_surveys":false},"product_brand":[],"product_cat":[36622,36586],"product_tag":[],"class_list":{"0":"post-119544","1":"product","2":"type-product","3":"status-publish","4":"has-post-thumbnail","6":"product_cat-fr-provence","7":"product_cat-vins-francais","8":"pa_alcohol-degree-13-fr","9":"pa_awards-guide-hachette","10":"pa_classification-aop-cotes-de-provence-fr","11":"pa_color-blanc-fr","12":"pa_country-france-fr","13":"pa_grape-variety-rolle-aussi-appele-vermentino-fr","14":"pa_region-provence-fr","15":"pa_storage-potential-3-ans-fr","16":"pa_vintage-2021-fr","17":"pa_volume-75-cl-fr","19":"first","20":"instock","21":"taxable","22":"shipping-taxable","23":"purchasable","24":"product-type-simple"},"bundled_by":[],"bundle_stock_status":"instock","bundle_stock_quantity":null,"bundle_virtual":false,"bundle_layout":"","bundle_add_to_cart_form_location":"","bundle_editable_in_cart":false,"bundle_sold_individually_context":"","bundle_item_grouping":"","bundle_min_size":"","bundle_max_size":"","bundle_price":[],"bundled_items":[],"bundle_sell_ids":[],"yoast_head":"<!-- This site is optimized with the Yoast SEO plugin v27.3 - https:\/\/yoast.com\/product\/yoast-seo-wordpress\/ -->\n<title>Acheter Domaine de la Giscle &quot;Moulin de l&#039;Isle&quot; - blanc - IVINIO Caviste<\/title>\n<meta name=\"description\" content=\"Acheter Domaine de la Giscle &quot;Moulin de l&#039;Isle&quot; - blanc. Fruit\u00e9 compos\u00e9 de 100% de Rolle. Un vin blanc aromatique ferment\u00e9 en f\u00fbts de ch\u00eane.\" \/>\n<meta name=\"robots\" content=\"index, follow, max-snippet:-1, max-image-preview:large, max-video-preview:-1\" \/>\n<link rel=\"canonical\" href=\"https:\/\/www.ivinio.com\/fr\/produit\/domaine-de-la-giscle-moulin-de-lisle-blanc\/\" \/>\n<meta property=\"og:locale\" content=\"fr_FR\" \/>\n<meta property=\"og:type\" content=\"article\" \/>\n<meta property=\"og:title\" content=\"Acheter Domaine de la Giscle &quot;Moulin de l&#039;Isle&quot; - blanc - IVINIO Caviste\" \/>\n<meta property=\"og:description\" content=\"Acheter Domaine de la Giscle &quot;Moulin de l&#039;Isle&quot; - blanc. Fruit\u00e9 compos\u00e9 de 100% de Rolle. Un vin blanc aromatique ferment\u00e9 en f\u00fbts de ch\u00eane.\" \/>\n<meta property=\"og:url\" content=\"https:\/\/www.ivinio.com\/fr\/produit\/domaine-de-la-giscle-moulin-de-lisle-blanc\/\" \/>\n<meta property=\"og:site_name\" content=\"IVINIO Caviste\" \/>\n<meta property=\"article:publisher\" content=\"https:\/\/www.facebook.com\/groups\/165217837022391\/?ref=bookmarks\" \/>\n<meta property=\"article:modified_time\" content=\"2024-03-29T16:51:48+00:00\" \/>\n<meta property=\"og:image\" content=\"https:\/\/www.ivinio.com\/wp-content\/uploads\/nc\/public\/modules\/file\/pictures\/5769.domaine-de-la-giscle-moulin-de-l-isle-blanc-Ivinio.jpg\" \/>\n\t<meta property=\"og:image:width\" content=\"500\" \/>\n\t<meta property=\"og:image:height\" content=\"500\" \/>\n\t<meta property=\"og:image:type\" content=\"image\/jpeg\" \/>\n<meta name=\"twitter:card\" content=\"summary_large_image\" \/>\n<meta name=\"twitter:label1\" content=\"Dur\u00e9e de lecture estim\u00e9e\" \/>\n\t<meta name=\"twitter:data1\" content=\"1 minute\" \/>\n<script type=\"application\/ld+json\" class=\"yoast-schema-graph\">{\"@context\":\"https:\\\/\\\/schema.org\",\"@graph\":[{\"@type\":\"WebPage\",\"@id\":\"https:\\\/\\\/www.ivinio.com\\\/fr\\\/produit\\\/domaine-de-la-giscle-moulin-de-lisle-blanc\\\/\",\"url\":\"https:\\\/\\\/www.ivinio.com\\\/fr\\\/produit\\\/domaine-de-la-giscle-moulin-de-lisle-blanc\\\/\",\"name\":\"Acheter Domaine de la Giscle \\\"Moulin de l'Isle\\\" - blanc - IVINIO Caviste\",\"isPartOf\":{\"@id\":\"https:\\\/\\\/www.ivinio.com\\\/fr\\\/#website\"},\"primaryImageOfPage\":{\"@id\":\"https:\\\/\\\/www.ivinio.com\\\/fr\\\/produit\\\/domaine-de-la-giscle-moulin-de-lisle-blanc\\\/#primaryimage\"},\"image\":{\"@id\":\"https:\\\/\\\/www.ivinio.com\\\/fr\\\/produit\\\/domaine-de-la-giscle-moulin-de-lisle-blanc\\\/#primaryimage\"},\"thumbnailUrl\":\"https:\\\/\\\/www.ivinio.com\\\/wp-content\\\/uploads\\\/nc\\\/public\\\/modules\\\/file\\\/pictures\\\/5769.domaine-de-la-giscle-moulin-de-l-isle-blanc-Ivinio.jpg\",\"datePublished\":\"2014-05-21T10:20:32+00:00\",\"dateModified\":\"2024-03-29T16:51:48+00:00\",\"description\":\"Acheter Domaine de la Giscle \\\"Moulin de l'Isle\\\" - blanc. Fruit\u00e9 compos\u00e9 de 100% de Rolle. Un vin blanc aromatique ferment\u00e9 en f\u00fbts de ch\u00eane.\",\"breadcrumb\":{\"@id\":\"https:\\\/\\\/www.ivinio.com\\\/fr\\\/produit\\\/domaine-de-la-giscle-moulin-de-lisle-blanc\\\/#breadcrumb\"},\"inLanguage\":\"fr-FR\",\"potentialAction\":[{\"@type\":\"ReadAction\",\"target\":[\"https:\\\/\\\/www.ivinio.com\\\/fr\\\/produit\\\/domaine-de-la-giscle-moulin-de-lisle-blanc\\\/\"]}]},{\"@type\":\"ImageObject\",\"inLanguage\":\"fr-FR\",\"@id\":\"https:\\\/\\\/www.ivinio.com\\\/fr\\\/produit\\\/domaine-de-la-giscle-moulin-de-lisle-blanc\\\/#primaryimage\",\"url\":\"https:\\\/\\\/www.ivinio.com\\\/wp-content\\\/uploads\\\/nc\\\/public\\\/modules\\\/file\\\/pictures\\\/5769.domaine-de-la-giscle-moulin-de-l-isle-blanc-Ivinio.jpg\",\"contentUrl\":\"https:\\\/\\\/www.ivinio.com\\\/wp-content\\\/uploads\\\/nc\\\/public\\\/modules\\\/file\\\/pictures\\\/5769.domaine-de-la-giscle-moulin-de-l-isle-blanc-Ivinio.jpg\",\"width\":500,\"height\":500,\"caption\":\"Domaine de la Giscle \\\"Moulin de l'Isle\\\"\"},{\"@type\":\"BreadcrumbList\",\"@id\":\"https:\\\/\\\/www.ivinio.com\\\/fr\\\/produit\\\/domaine-de-la-giscle-moulin-de-lisle-blanc\\\/#breadcrumb\",\"itemListElement\":[{\"@type\":\"ListItem\",\"position\":1,\"name\":\"Home\",\"item\":\"https:\\\/\\\/www.ivinio.com\\\/fr\\\/\"},{\"@type\":\"ListItem\",\"position\":2,\"name\":\"Boutique de vin\",\"item\":\"https:\\\/\\\/www.ivinio.com\\\/fr\\\/boutique-de-vin\\\/\"},{\"@type\":\"ListItem\",\"position\":3,\"name\":\"Domaine de la Giscle &#8220;Moulin de l&#8217;Isle&#8221; &#8211; blanc\"}]},{\"@type\":\"WebSite\",\"@id\":\"https:\\\/\\\/www.ivinio.com\\\/fr\\\/#website\",\"url\":\"https:\\\/\\\/www.ivinio.com\\\/fr\\\/\",\"name\":\"IVINIO Caviste\",\"description\":\"Vins de France et d&#039;Italie avec livraison \u00e0 domicile\",\"publisher\":{\"@id\":\"https:\\\/\\\/www.ivinio.com\\\/fr\\\/#organization\"},\"potentialAction\":[{\"@type\":\"SearchAction\",\"target\":{\"@type\":\"EntryPoint\",\"urlTemplate\":\"https:\\\/\\\/www.ivinio.com\\\/fr\\\/?s={search_term_string}\"},\"query-input\":{\"@type\":\"PropertyValueSpecification\",\"valueRequired\":true,\"valueName\":\"search_term_string\"}}],\"inLanguage\":\"fr-FR\"},{\"@type\":\"Organization\",\"@id\":\"https:\\\/\\\/www.ivinio.com\\\/fr\\\/#organization\",\"name\":\"IVINIO\",\"url\":\"https:\\\/\\\/www.ivinio.com\\\/fr\\\/\",\"logo\":{\"@type\":\"ImageObject\",\"inLanguage\":\"fr-FR\",\"@id\":\"https:\\\/\\\/www.ivinio.com\\\/fr\\\/#\\\/schema\\\/logo\\\/image\\\/\",\"url\":\"https:\\\/\\\/www.ivinio.com\\\/wp-content\\\/uploads\\\/2021\\\/01\\\/Logo-Ivinio-v2.jpg\",\"contentUrl\":\"https:\\\/\\\/www.ivinio.com\\\/wp-content\\\/uploads\\\/2021\\\/01\\\/Logo-Ivinio-v2.jpg\",\"width\":1194,\"height\":1194,\"caption\":\"IVINIO\"},\"image\":{\"@id\":\"https:\\\/\\\/www.ivinio.com\\\/fr\\\/#\\\/schema\\\/logo\\\/image\\\/\"},\"sameAs\":[\"https:\\\/\\\/www.facebook.com\\\/groups\\\/165217837022391\\\/?ref=bookmarks\",\"https:\\\/\\\/www.instagram.com\\\/_ivinio_\\\/?hl=fr\"]}]}<\/script>\n<!-- \/ Yoast SEO plugin. -->","yoast_head_json":{"title":"Acheter Domaine de la Giscle \"Moulin de l'Isle\" - blanc - IVINIO Caviste","description":"Acheter Domaine de la Giscle \"Moulin de l'Isle\" - blanc. Fruit\u00e9 compos\u00e9 de 100% de Rolle. Un vin blanc aromatique ferment\u00e9 en f\u00fbts de ch\u00eane.","robots":{"index":"index","follow":"follow","max-snippet":"max-snippet:-1","max-image-preview":"max-image-preview:large","max-video-preview":"max-video-preview:-1"},"canonical":"https:\/\/www.ivinio.com\/fr\/produit\/domaine-de-la-giscle-moulin-de-lisle-blanc\/","og_locale":"fr_FR","og_type":"article","og_title":"Acheter Domaine de la Giscle \"Moulin de l'Isle\" - blanc - IVINIO Caviste","og_description":"Acheter Domaine de la Giscle \"Moulin de l'Isle\" - blanc. Fruit\u00e9 compos\u00e9 de 100% de Rolle. Un vin blanc aromatique ferment\u00e9 en f\u00fbts de ch\u00eane.","og_url":"https:\/\/www.ivinio.com\/fr\/produit\/domaine-de-la-giscle-moulin-de-lisle-blanc\/","og_site_name":"IVINIO Caviste","article_publisher":"https:\/\/www.facebook.com\/groups\/165217837022391\/?ref=bookmarks","article_modified_time":"2024-03-29T16:51:48+00:00","og_image":[{"width":500,"height":500,"url":"https:\/\/www.ivinio.com\/wp-content\/uploads\/nc\/public\/modules\/file\/pictures\/5769.domaine-de-la-giscle-moulin-de-l-isle-blanc-Ivinio.jpg","type":"image\/jpeg"}],"twitter_card":"summary_large_image","twitter_misc":{"Dur\u00e9e de lecture estim\u00e9e":"1 minute"},"schema":{"@context":"https:\/\/schema.org","@graph":[{"@type":"WebPage","@id":"https:\/\/www.ivinio.com\/fr\/produit\/domaine-de-la-giscle-moulin-de-lisle-blanc\/","url":"https:\/\/www.ivinio.com\/fr\/produit\/domaine-de-la-giscle-moulin-de-lisle-blanc\/","name":"Acheter Domaine de la Giscle \"Moulin de l'Isle\" - blanc - IVINIO Caviste","isPartOf":{"@id":"https:\/\/www.ivinio.com\/fr\/#website"},"primaryImageOfPage":{"@id":"https:\/\/www.ivinio.com\/fr\/produit\/domaine-de-la-giscle-moulin-de-lisle-blanc\/#primaryimage"},"image":{"@id":"https:\/\/www.ivinio.com\/fr\/produit\/domaine-de-la-giscle-moulin-de-lisle-blanc\/#primaryimage"},"thumbnailUrl":"https:\/\/www.ivinio.com\/wp-content\/uploads\/nc\/public\/modules\/file\/pictures\/5769.domaine-de-la-giscle-moulin-de-l-isle-blanc-Ivinio.jpg","datePublished":"2014-05-21T10:20:32+00:00","dateModified":"2024-03-29T16:51:48+00:00","description":"Acheter Domaine de la Giscle \"Moulin de l'Isle\" - blanc. Fruit\u00e9 compos\u00e9 de 100% de Rolle. Un vin blanc aromatique ferment\u00e9 en f\u00fbts de ch\u00eane.","breadcrumb":{"@id":"https:\/\/www.ivinio.com\/fr\/produit\/domaine-de-la-giscle-moulin-de-lisle-blanc\/#breadcrumb"},"inLanguage":"fr-FR","potentialAction":[{"@type":"ReadAction","target":["https:\/\/www.ivinio.com\/fr\/produit\/domaine-de-la-giscle-moulin-de-lisle-blanc\/"]}]},{"@type":"ImageObject","inLanguage":"fr-FR","@id":"https:\/\/www.ivinio.com\/fr\/produit\/domaine-de-la-giscle-moulin-de-lisle-blanc\/#primaryimage","url":"https:\/\/www.ivinio.com\/wp-content\/uploads\/nc\/public\/modules\/file\/pictures\/5769.domaine-de-la-giscle-moulin-de-l-isle-blanc-Ivinio.jpg","contentUrl":"https:\/\/www.ivinio.com\/wp-content\/uploads\/nc\/public\/modules\/file\/pictures\/5769.domaine-de-la-giscle-moulin-de-l-isle-blanc-Ivinio.jpg","width":500,"height":500,"caption":"Domaine de la Giscle \"Moulin de l'Isle\""},{"@type":"BreadcrumbList","@id":"https:\/\/www.ivinio.com\/fr\/produit\/domaine-de-la-giscle-moulin-de-lisle-blanc\/#breadcrumb","itemListElement":[{"@type":"ListItem","position":1,"name":"Home","item":"https:\/\/www.ivinio.com\/fr\/"},{"@type":"ListItem","position":2,"name":"Boutique de vin","item":"https:\/\/www.ivinio.com\/fr\/boutique-de-vin\/"},{"@type":"ListItem","position":3,"name":"Domaine de la Giscle &#8220;Moulin de l&#8217;Isle&#8221; &#8211; blanc"}]},{"@type":"WebSite","@id":"https:\/\/www.ivinio.com\/fr\/#website","url":"https:\/\/www.ivinio.com\/fr\/","name":"IVINIO Caviste","description":"Vins de France et d&#039;Italie avec livraison \u00e0 domicile","publisher":{"@id":"https:\/\/www.ivinio.com\/fr\/#organization"},"potentialAction":[{"@type":"SearchAction","target":{"@type":"EntryPoint","urlTemplate":"https:\/\/www.ivinio.com\/fr\/?s={search_term_string}"},"query-input":{"@type":"PropertyValueSpecification","valueRequired":true,"valueName":"search_term_string"}}],"inLanguage":"fr-FR"},{"@type":"Organization","@id":"https:\/\/www.ivinio.com\/fr\/#organization","name":"IVINIO","url":"https:\/\/www.ivinio.com\/fr\/","logo":{"@type":"ImageObject","inLanguage":"fr-FR","@id":"https:\/\/www.ivinio.com\/fr\/#\/schema\/logo\/image\/","url":"https:\/\/www.ivinio.com\/wp-content\/uploads\/2021\/01\/Logo-Ivinio-v2.jpg","contentUrl":"https:\/\/www.ivinio.com\/wp-content\/uploads\/2021\/01\/Logo-Ivinio-v2.jpg","width":1194,"height":1194,"caption":"IVINIO"},"image":{"@id":"https:\/\/www.ivinio.com\/fr\/#\/schema\/logo\/image\/"},"sameAs":["https:\/\/www.facebook.com\/groups\/165217837022391\/?ref=bookmarks","https:\/\/www.instagram.com\/_ivinio_\/?hl=fr"]}]}},"jetpack_sharing_enabled":true,"_links":{"self":[{"href":"https:\/\/www.ivinio.com\/fr\/wp-json\/wp\/v2\/product\/119544","targetHints":{"allow":["GET"]}}],"collection":[{"href":"https:\/\/www.ivinio.com\/fr\/wp-json\/wp\/v2\/product"}],"about":[{"href":"https:\/\/www.ivinio.com\/fr\/wp-json\/wp\/v2\/types\/product"}],"replies":[{"embeddable":true,"href":"https:\/\/www.ivinio.com\/fr\/wp-json\/wp\/v2\/comments?post=119544"}],"wp:featuredmedia":[{"embeddable":true,"href":"https:\/\/www.ivinio.com\/fr\/wp-json\/wp\/v2\/media\/119547"}],"wp:attachment":[{"href":"https:\/\/www.ivinio.com\/fr\/wp-json\/wp\/v2\/media?parent=119544"}],"wp:term":[{"taxonomy":"product_brand","embeddable":true,"href":"https:\/\/www.ivinio.com\/fr\/wp-json\/wp\/v2\/product_brand?post=119544"},{"taxonomy":"product_cat","embeddable":true,"href":"https:\/\/www.ivinio.com\/fr\/wp-json\/wp\/v2\/product_cat?post=119544"},{"taxonomy":"product_tag","embeddable":true,"href":"https:\/\/www.ivinio.com\/fr\/wp-json\/wp\/v2\/product_tag?post=119544"}],"curies":[{"name":"wp","href":"https:\/\/api.w.org\/{rel}","templated":true}]}}