{"id":119469,"date":"2015-05-05T10:17:45","date_gmt":"2015-05-05T10:17:45","guid":{"rendered":"https:\/\/henrik.www.ivinio.com\/?product=foresti-carton-decouverte-de-la-ligurie-2x3-bouteilles"},"modified":"2021-11-26T12:52:47","modified_gmt":"2021-11-26T11:52:47","slug":"foresti-carton-decouverte-de-la-ligurie-2x3-bouteilles","status":"publish","type":"product","link":"https:\/\/www.ivinio.com\/fr\/produit\/foresti-carton-decouverte-de-la-ligurie-2x3-bouteilles\/","title":{"rendered":"Foresti &#8211; carton d\u00e9couverte de la Ligurie ! 2&#215;3 bouteilles"},"content":{"rendered":"<p>Ce\u00a0carton d\u00e9couverte donne l&#8217;occasion d&#8217;essayer\u00a0tous les\u00a0trois vins tr\u00e8s typiques\u00a0de la Ligurie occidentale, situ\u00e9 juste \u00e0\u00a0la fronti\u00e8re fran\u00e7aise. Le carton contient\u00a0\u00a02 bouteilles de Rossese rouge, 2 bouteilles de Vermentino blanc\u00a0et 2 bouteilles de Pigato blanc, toutes les 6 bouteilles viennent de chez\u00a0Foresti !<\/p>\n","protected":false},"excerpt":{"rendered":"<p>Dans ce carton d\u00e9couverte de chez Foresti, nous vous proposons\u00a0 3&#215;2 bouteilles typiques de la Ligurie; 2 Rossese, 2 Pigato et 2 Vermentino!<\/p>\n","protected":false},"featured_media":119472,"comment_status":"open","ping_status":"closed","template":"","meta":{"_monsterinsights_skip_tracking":false,"_monsterinsights_sitenote_active":false,"_monsterinsights_sitenote_note":"","_monsterinsights_sitenote_category":0,"_uf_show_specific_survey":0,"_uf_disable_surveys":false},"product_brand":[],"product_cat":[36643],"product_tag":[],"class_list":{"0":"post-119469","1":"product","2":"type-product","3":"status-publish","4":"has-post-thumbnail","6":"product_cat-ronde-des-vins","7":"pa_classification-doc-riviera-ligure-di-ponente-fr","8":"pa_classification-doc-rossese-di-dolceacqua-fr","9":"pa_color-blanc-fr","10":"pa_color-rouge-fr","11":"pa_country-italie-fr","12":"pa_package-1x1-fr","13":"pa_package-1x6-fr","14":"pa_region-ligurie-fr","15":"pa_vintage-2023-fr","17":"first","18":"instock","19":"taxable","20":"shipping-taxable","21":"purchasable","22":"product-type-bundle"},"bundled_by":[],"bundle_stock_status":"instock","bundle_stock_quantity":"","bundle_virtual":false,"bundle_layout":"grid","bundle_add_to_cart_form_location":"after_summary","bundle_editable_in_cart":false,"bundle_sold_individually_context":"product","bundle_item_grouping":"noindent","bundle_min_size":"","bundle_max_size":"","bundle_price":{"price":{"min":{"incl_tax":"99.8","excl_tax":"99.75"},"max":{"incl_tax":"99.8","excl_tax":"99.75"}},"regular_price":{"min":{"incl_tax":"99.8","excl_tax":"99.75"},"max":{"incl_tax":"99.8","excl_tax":"99.75"}}},"bundled_items":[{"bundled_item_id":8557,"product_id":119454,"menu_order":0,"quantity_min":1,"quantity_max":1,"quantity_default":1,"priced_individually":false,"shipped_individually":false,"override_title":false,"title":"Foresti &#8211; Rossese di Dolceaqua &#8211; Rouge","override_description":false,"description":"Foresti &#8211; Rossese di Dolceaqua &#8211; Rouge","optional":false,"hide_thumbnail":false,"discount":"","override_variations":true,"allowed_variations":[""],"override_default_variation_attributes":true,"default_variation_attributes":[],"single_product_visibility":"visible","cart_visibility":"hidden","order_visibility":"visible","single_product_price_visibility":"visible","cart_price_visibility":"visible","order_price_visibility":"visible","stock_status":"in_stock"},{"bundled_item_id":8558,"product_id":119464,"menu_order":1,"quantity_min":1,"quantity_max":1,"quantity_default":1,"priced_individually":false,"shipped_individually":false,"override_title":false,"title":"Foresti &#8211; i Soli Vermentino &#8211; blanc","override_description":false,"description":"Foresti &#8211; i Soli Vermentino &#8211; blanc","optional":false,"hide_thumbnail":false,"discount":"","override_variations":true,"allowed_variations":[""],"override_default_variation_attributes":true,"default_variation_attributes":[],"single_product_visibility":"visible","cart_visibility":"hidden","order_visibility":"visible","single_product_price_visibility":"visible","cart_price_visibility":"visible","order_price_visibility":"visible","stock_status":"in_stock"},{"bundled_item_id":8559,"product_id":119459,"menu_order":2,"quantity_min":1,"quantity_max":1,"quantity_default":1,"priced_individually":false,"shipped_individually":false,"override_title":false,"title":"Foresti &#8211; i Soli Pigato &#8211; blanc","override_description":false,"description":"Foresti &#8211; i Soli Pigato &#8211; blanc","optional":false,"hide_thumbnail":false,"discount":"","override_variations":true,"allowed_variations":[""],"override_default_variation_attributes":true,"default_variation_attributes":[],"single_product_visibility":"visible","cart_visibility":"hidden","order_visibility":"visible","single_product_price_visibility":"visible","cart_price_visibility":"visible","order_price_visibility":"visible","stock_status":"in_stock"}],"bundle_sell_ids":[],"yoast_head":"<!-- This site is optimized with the Yoast SEO plugin v27.5 - https:\/\/yoast.com\/product\/yoast-seo-wordpress\/ -->\n<title>Acheter Foresti - carton vin m\u00e9lang\u00e9 Ligurie - IVINIO Caviste<\/title>\n<meta name=\"description\" content=\"Acheter Foresti - carton vin m\u00e9lang\u00e9 Ligurie. 3x2 bouteilles typiques de la Ligurie; x2 Rossese, x2 Pigato et x2 Vermentino!\" \/>\n<meta name=\"robots\" content=\"index, follow, max-snippet:-1, max-image-preview:large, max-video-preview:-1\" \/>\n<link rel=\"canonical\" href=\"https:\/\/www.ivinio.com\/fr\/produit\/foresti-carton-decouverte-de-la-ligurie-2x3-bouteilles\/\" \/>\n<meta property=\"og:locale\" content=\"fr_FR\" \/>\n<meta property=\"og:type\" content=\"article\" \/>\n<meta property=\"og:title\" content=\"Acheter Foresti - carton vin m\u00e9lang\u00e9 Ligurie - IVINIO Caviste\" \/>\n<meta property=\"og:description\" content=\"Acheter Foresti - carton vin m\u00e9lang\u00e9 Ligurie. 3x2 bouteilles typiques de la Ligurie; x2 Rossese, x2 Pigato et x2 Vermentino!\" \/>\n<meta property=\"og:url\" content=\"https:\/\/www.ivinio.com\/fr\/produit\/foresti-carton-decouverte-de-la-ligurie-2x3-bouteilles\/\" \/>\n<meta property=\"og:site_name\" content=\"IVINIO Caviste\" \/>\n<meta property=\"article:publisher\" content=\"https:\/\/www.facebook.com\/groups\/165217837022391\/?ref=bookmarks\" \/>\n<meta property=\"article:modified_time\" content=\"2021-11-26T11:52:47+00:00\" \/>\n<meta property=\"og:image\" content=\"https:\/\/www.ivinio.com\/wp-content\/uploads\/nc\/public\/modules\/file\/pictures\/5696.Foresti-pack-ivinio.jpg\" \/>\n\t<meta property=\"og:image:width\" content=\"500\" \/>\n\t<meta property=\"og:image:height\" content=\"500\" \/>\n\t<meta property=\"og:image:type\" content=\"image\/jpeg\" \/>\n<meta name=\"twitter:card\" content=\"summary_large_image\" \/>\n<script type=\"application\/ld+json\" class=\"yoast-schema-graph\">{\"@context\":\"https:\\\/\\\/schema.org\",\"@graph\":[{\"@type\":\"WebPage\",\"@id\":\"https:\\\/\\\/www.ivinio.com\\\/fr\\\/produit\\\/foresti-carton-decouverte-de-la-ligurie-2x3-bouteilles\\\/\",\"url\":\"https:\\\/\\\/www.ivinio.com\\\/fr\\\/produit\\\/foresti-carton-decouverte-de-la-ligurie-2x3-bouteilles\\\/\",\"name\":\"Acheter Foresti - carton vin m\u00e9lang\u00e9 Ligurie - IVINIO Caviste\",\"isPartOf\":{\"@id\":\"https:\\\/\\\/www.ivinio.com\\\/fr\\\/#website\"},\"primaryImageOfPage\":{\"@id\":\"https:\\\/\\\/www.ivinio.com\\\/fr\\\/produit\\\/foresti-carton-decouverte-de-la-ligurie-2x3-bouteilles\\\/#primaryimage\"},\"image\":{\"@id\":\"https:\\\/\\\/www.ivinio.com\\\/fr\\\/produit\\\/foresti-carton-decouverte-de-la-ligurie-2x3-bouteilles\\\/#primaryimage\"},\"thumbnailUrl\":\"https:\\\/\\\/www.ivinio.com\\\/wp-content\\\/uploads\\\/nc\\\/public\\\/modules\\\/file\\\/pictures\\\/5696.Foresti-pack-ivinio.jpg\",\"datePublished\":\"2015-05-05T10:17:45+00:00\",\"dateModified\":\"2021-11-26T11:52:47+00:00\",\"description\":\"Acheter Foresti - carton vin m\u00e9lang\u00e9 Ligurie. 3x2 bouteilles typiques de la Ligurie; x2 Rossese, x2 Pigato et x2 Vermentino!\",\"breadcrumb\":{\"@id\":\"https:\\\/\\\/www.ivinio.com\\\/fr\\\/produit\\\/foresti-carton-decouverte-de-la-ligurie-2x3-bouteilles\\\/#breadcrumb\"},\"inLanguage\":\"fr-FR\",\"potentialAction\":[{\"@type\":\"ReadAction\",\"target\":[\"https:\\\/\\\/www.ivinio.com\\\/fr\\\/produit\\\/foresti-carton-decouverte-de-la-ligurie-2x3-bouteilles\\\/\"]}]},{\"@type\":\"ImageObject\",\"inLanguage\":\"fr-FR\",\"@id\":\"https:\\\/\\\/www.ivinio.com\\\/fr\\\/produit\\\/foresti-carton-decouverte-de-la-ligurie-2x3-bouteilles\\\/#primaryimage\",\"url\":\"https:\\\/\\\/www.ivinio.com\\\/wp-content\\\/uploads\\\/nc\\\/public\\\/modules\\\/file\\\/pictures\\\/5696.Foresti-pack-ivinio.jpg\",\"contentUrl\":\"https:\\\/\\\/www.ivinio.com\\\/wp-content\\\/uploads\\\/nc\\\/public\\\/modules\\\/file\\\/pictures\\\/5696.Foresti-pack-ivinio.jpg\",\"width\":500,\"height\":500,\"caption\":\"Foresti - Blandad vinl\u00e5da\"},{\"@type\":\"BreadcrumbList\",\"@id\":\"https:\\\/\\\/www.ivinio.com\\\/fr\\\/produit\\\/foresti-carton-decouverte-de-la-ligurie-2x3-bouteilles\\\/#breadcrumb\",\"itemListElement\":[{\"@type\":\"ListItem\",\"position\":1,\"name\":\"Home\",\"item\":\"https:\\\/\\\/www.ivinio.com\\\/fr\\\/\"},{\"@type\":\"ListItem\",\"position\":2,\"name\":\"Boutique de vin\",\"item\":\"https:\\\/\\\/www.ivinio.com\\\/fr\\\/boutique-de-vin\\\/\"},{\"@type\":\"ListItem\",\"position\":3,\"name\":\"Foresti &#8211; carton d\u00e9couverte de la Ligurie ! 2&#215;3 bouteilles\"}]},{\"@type\":\"WebSite\",\"@id\":\"https:\\\/\\\/www.ivinio.com\\\/fr\\\/#website\",\"url\":\"https:\\\/\\\/www.ivinio.com\\\/fr\\\/\",\"name\":\"IVINIO Caviste\",\"description\":\"Vins de France et d&#039;Italie avec livraison \u00e0 domicile\",\"publisher\":{\"@id\":\"https:\\\/\\\/www.ivinio.com\\\/fr\\\/#organization\"},\"potentialAction\":[{\"@type\":\"SearchAction\",\"target\":{\"@type\":\"EntryPoint\",\"urlTemplate\":\"https:\\\/\\\/www.ivinio.com\\\/fr\\\/?s={search_term_string}\"},\"query-input\":{\"@type\":\"PropertyValueSpecification\",\"valueRequired\":true,\"valueName\":\"search_term_string\"}}],\"inLanguage\":\"fr-FR\"},{\"@type\":\"Organization\",\"@id\":\"https:\\\/\\\/www.ivinio.com\\\/fr\\\/#organization\",\"name\":\"IVINIO\",\"url\":\"https:\\\/\\\/www.ivinio.com\\\/fr\\\/\",\"logo\":{\"@type\":\"ImageObject\",\"inLanguage\":\"fr-FR\",\"@id\":\"https:\\\/\\\/www.ivinio.com\\\/fr\\\/#\\\/schema\\\/logo\\\/image\\\/\",\"url\":\"https:\\\/\\\/www.ivinio.com\\\/wp-content\\\/uploads\\\/2021\\\/01\\\/Logo-Ivinio-v2.jpg\",\"contentUrl\":\"https:\\\/\\\/www.ivinio.com\\\/wp-content\\\/uploads\\\/2021\\\/01\\\/Logo-Ivinio-v2.jpg\",\"width\":1194,\"height\":1194,\"caption\":\"IVINIO\"},\"image\":{\"@id\":\"https:\\\/\\\/www.ivinio.com\\\/fr\\\/#\\\/schema\\\/logo\\\/image\\\/\"},\"sameAs\":[\"https:\\\/\\\/www.facebook.com\\\/groups\\\/165217837022391\\\/?ref=bookmarks\",\"https:\\\/\\\/www.instagram.com\\\/_ivinio_\\\/?hl=fr\"]}]}<\/script>\n<!-- \/ Yoast SEO plugin. -->","yoast_head_json":{"title":"Acheter Foresti - carton vin m\u00e9lang\u00e9 Ligurie - IVINIO Caviste","description":"Acheter Foresti - carton vin m\u00e9lang\u00e9 Ligurie. 3x2 bouteilles typiques de la Ligurie; x2 Rossese, x2 Pigato et x2 Vermentino!","robots":{"index":"index","follow":"follow","max-snippet":"max-snippet:-1","max-image-preview":"max-image-preview:large","max-video-preview":"max-video-preview:-1"},"canonical":"https:\/\/www.ivinio.com\/fr\/produit\/foresti-carton-decouverte-de-la-ligurie-2x3-bouteilles\/","og_locale":"fr_FR","og_type":"article","og_title":"Acheter Foresti - carton vin m\u00e9lang\u00e9 Ligurie - IVINIO Caviste","og_description":"Acheter Foresti - carton vin m\u00e9lang\u00e9 Ligurie. 3x2 bouteilles typiques de la Ligurie; x2 Rossese, x2 Pigato et x2 Vermentino!","og_url":"https:\/\/www.ivinio.com\/fr\/produit\/foresti-carton-decouverte-de-la-ligurie-2x3-bouteilles\/","og_site_name":"IVINIO Caviste","article_publisher":"https:\/\/www.facebook.com\/groups\/165217837022391\/?ref=bookmarks","article_modified_time":"2021-11-26T11:52:47+00:00","og_image":[{"width":500,"height":500,"url":"https:\/\/www.ivinio.com\/wp-content\/uploads\/nc\/public\/modules\/file\/pictures\/5696.Foresti-pack-ivinio.jpg","type":"image\/jpeg"}],"twitter_card":"summary_large_image","schema":{"@context":"https:\/\/schema.org","@graph":[{"@type":"WebPage","@id":"https:\/\/www.ivinio.com\/fr\/produit\/foresti-carton-decouverte-de-la-ligurie-2x3-bouteilles\/","url":"https:\/\/www.ivinio.com\/fr\/produit\/foresti-carton-decouverte-de-la-ligurie-2x3-bouteilles\/","name":"Acheter Foresti - carton vin m\u00e9lang\u00e9 Ligurie - IVINIO Caviste","isPartOf":{"@id":"https:\/\/www.ivinio.com\/fr\/#website"},"primaryImageOfPage":{"@id":"https:\/\/www.ivinio.com\/fr\/produit\/foresti-carton-decouverte-de-la-ligurie-2x3-bouteilles\/#primaryimage"},"image":{"@id":"https:\/\/www.ivinio.com\/fr\/produit\/foresti-carton-decouverte-de-la-ligurie-2x3-bouteilles\/#primaryimage"},"thumbnailUrl":"https:\/\/www.ivinio.com\/wp-content\/uploads\/nc\/public\/modules\/file\/pictures\/5696.Foresti-pack-ivinio.jpg","datePublished":"2015-05-05T10:17:45+00:00","dateModified":"2021-11-26T11:52:47+00:00","description":"Acheter Foresti - carton vin m\u00e9lang\u00e9 Ligurie. 3x2 bouteilles typiques de la Ligurie; x2 Rossese, x2 Pigato et x2 Vermentino!","breadcrumb":{"@id":"https:\/\/www.ivinio.com\/fr\/produit\/foresti-carton-decouverte-de-la-ligurie-2x3-bouteilles\/#breadcrumb"},"inLanguage":"fr-FR","potentialAction":[{"@type":"ReadAction","target":["https:\/\/www.ivinio.com\/fr\/produit\/foresti-carton-decouverte-de-la-ligurie-2x3-bouteilles\/"]}]},{"@type":"ImageObject","inLanguage":"fr-FR","@id":"https:\/\/www.ivinio.com\/fr\/produit\/foresti-carton-decouverte-de-la-ligurie-2x3-bouteilles\/#primaryimage","url":"https:\/\/www.ivinio.com\/wp-content\/uploads\/nc\/public\/modules\/file\/pictures\/5696.Foresti-pack-ivinio.jpg","contentUrl":"https:\/\/www.ivinio.com\/wp-content\/uploads\/nc\/public\/modules\/file\/pictures\/5696.Foresti-pack-ivinio.jpg","width":500,"height":500,"caption":"Foresti - Blandad vinl\u00e5da"},{"@type":"BreadcrumbList","@id":"https:\/\/www.ivinio.com\/fr\/produit\/foresti-carton-decouverte-de-la-ligurie-2x3-bouteilles\/#breadcrumb","itemListElement":[{"@type":"ListItem","position":1,"name":"Home","item":"https:\/\/www.ivinio.com\/fr\/"},{"@type":"ListItem","position":2,"name":"Boutique de vin","item":"https:\/\/www.ivinio.com\/fr\/boutique-de-vin\/"},{"@type":"ListItem","position":3,"name":"Foresti &#8211; carton d\u00e9couverte de la Ligurie ! 2&#215;3 bouteilles"}]},{"@type":"WebSite","@id":"https:\/\/www.ivinio.com\/fr\/#website","url":"https:\/\/www.ivinio.com\/fr\/","name":"IVINIO Caviste","description":"Vins de France et d&#039;Italie avec livraison \u00e0 domicile","publisher":{"@id":"https:\/\/www.ivinio.com\/fr\/#organization"},"potentialAction":[{"@type":"SearchAction","target":{"@type":"EntryPoint","urlTemplate":"https:\/\/www.ivinio.com\/fr\/?s={search_term_string}"},"query-input":{"@type":"PropertyValueSpecification","valueRequired":true,"valueName":"search_term_string"}}],"inLanguage":"fr-FR"},{"@type":"Organization","@id":"https:\/\/www.ivinio.com\/fr\/#organization","name":"IVINIO","url":"https:\/\/www.ivinio.com\/fr\/","logo":{"@type":"ImageObject","inLanguage":"fr-FR","@id":"https:\/\/www.ivinio.com\/fr\/#\/schema\/logo\/image\/","url":"https:\/\/www.ivinio.com\/wp-content\/uploads\/2021\/01\/Logo-Ivinio-v2.jpg","contentUrl":"https:\/\/www.ivinio.com\/wp-content\/uploads\/2021\/01\/Logo-Ivinio-v2.jpg","width":1194,"height":1194,"caption":"IVINIO"},"image":{"@id":"https:\/\/www.ivinio.com\/fr\/#\/schema\/logo\/image\/"},"sameAs":["https:\/\/www.facebook.com\/groups\/165217837022391\/?ref=bookmarks","https:\/\/www.instagram.com\/_ivinio_\/?hl=fr"]}]}},"jetpack_sharing_enabled":true,"_links":{"self":[{"href":"https:\/\/www.ivinio.com\/fr\/wp-json\/wp\/v2\/product\/119469","targetHints":{"allow":["GET"]}}],"collection":[{"href":"https:\/\/www.ivinio.com\/fr\/wp-json\/wp\/v2\/product"}],"about":[{"href":"https:\/\/www.ivinio.com\/fr\/wp-json\/wp\/v2\/types\/product"}],"replies":[{"embeddable":true,"href":"https:\/\/www.ivinio.com\/fr\/wp-json\/wp\/v2\/comments?post=119469"}],"wp:featuredmedia":[{"embeddable":true,"href":"https:\/\/www.ivinio.com\/fr\/wp-json\/wp\/v2\/media\/119472"}],"wp:attachment":[{"href":"https:\/\/www.ivinio.com\/fr\/wp-json\/wp\/v2\/media?parent=119469"}],"wp:term":[{"taxonomy":"product_brand","embeddable":true,"href":"https:\/\/www.ivinio.com\/fr\/wp-json\/wp\/v2\/product_brand?post=119469"},{"taxonomy":"product_cat","embeddable":true,"href":"https:\/\/www.ivinio.com\/fr\/wp-json\/wp\/v2\/product_cat?post=119469"},{"taxonomy":"product_tag","embeddable":true,"href":"https:\/\/www.ivinio.com\/fr\/wp-json\/wp\/v2\/product_tag?post=119469"}],"curies":[{"name":"wp","href":"https:\/\/api.w.org\/{rel}","templated":true}]}}