{"id":119464,"date":"2015-04-29T20:50:18","date_gmt":"2015-04-29T20:50:18","guid":{"rendered":"https:\/\/henrik.www.ivinio.com\/?product=foresti-i-soli-vermentino-blanc"},"modified":"2025-08-27T12:13:44","modified_gmt":"2025-08-27T10:13:44","slug":"foresti-i-soli-vermentino-blanc","status":"publish","type":"product","link":"https:\/\/www.ivinio.com\/fr\/produit\/foresti-i-soli-vermentino-blanc\/","title":{"rendered":"Foresti &#8211; i Soli Vermentino &#8211; blanc"},"content":{"rendered":"<p>i Soli Vermentino de chez Foresti est un vin blanc, sec mais aromatique, fabriqu\u00e9 \u00e0 partir de\u00a0100% de Vermentino. Les raisins utilis\u00e9s, sont cultiv\u00e9s\u00a0par plusieurs vignerons install\u00e9s entre Vintimille \u00e0 Cervo \u00e0 l&#8217;est. Les raisins sont mac\u00e9r\u00e9s directement apr\u00e8s la r\u00e9colte avec leurs peaux dans la temp\u00e9rature ambiante pendant 12 heures, puis ferment\u00e9s \u00e0 18 \u00b0 C avec de la levure r\u00e9cup\u00e9r\u00e9e des raisins du vignoble. La fermentation alcoolique est suivi par la fermentation\u00a0malolactique. Le vin est ensuit clarifi\u00e9 et stabilis\u00e9 avant d&#8217;\u00eatre\u00a0vieilli en cuves d&#8217;acier pendant 5 mois, dont\u00a03 mois sur les lies.<\/p>\n","protected":false},"excerpt":{"rendered":"<p>i Soli Vermentino de chez Foresti est un vin blanc de Ligurie fabriqu\u00e9 \u00e0 partir de\u00a0100% Vermentino. Le vin a des ar\u00f4mes d&#8217;herbes et de fleurs blanches. La bouche est s\u00e8che,\u00a0mais aromatique. A servir avec un\u00a0poisson grill\u00e9 ou autres\u00a0plats de la mer.<\/p>\n","protected":false},"featured_media":119467,"comment_status":"open","ping_status":"closed","template":"","meta":{"_monsterinsights_skip_tracking":false,"_monsterinsights_sitenote_active":false,"_monsterinsights_sitenote_note":"","_monsterinsights_sitenote_category":0,"_uf_show_specific_survey":0,"_uf_disable_surveys":false},"product_brand":[],"product_cat":[36607,36589],"product_tag":[],"class_list":{"0":"post-119464","1":"product","2":"type-product","3":"status-publish","4":"has-post-thumbnail","6":"product_cat-fr-ligurie","7":"product_cat-vins-italiens","9":"first","10":"instock","11":"taxable","12":"shipping-taxable","13":"purchasable","14":"product-type-simple"},"bundled_by":["119469"],"bundle_stock_status":"instock","bundle_stock_quantity":null,"bundle_virtual":false,"bundle_layout":"","bundle_add_to_cart_form_location":"","bundle_editable_in_cart":false,"bundle_sold_individually_context":"","bundle_item_grouping":"","bundle_min_size":"","bundle_max_size":"","bundle_price":[],"bundled_items":[],"bundle_sell_ids":[],"yoast_head":"<!-- This site is optimized with the Yoast SEO plugin v27.6 - https:\/\/yoast.com\/product\/yoast-seo-wordpress\/ -->\n<title>Acheter Foresti - i Soli Vermentino - blanc - IVINIO Caviste<\/title>\n<meta name=\"description\" content=\"Foresti - i Soli Vermentino - blanc de Ligurie compos\u00e9 de 100% Vermentino. Le vin a des ar\u00f4mes d&#039;herbes et de fleurs blanches. La bouche est s\u00e8che, mais aromatique. A servir avec un poisson grill\u00e9 ou autres plats de la mer.\" \/>\n<meta name=\"robots\" content=\"index, follow, max-snippet:-1, max-image-preview:large, max-video-preview:-1\" \/>\n<link rel=\"canonical\" href=\"https:\/\/www.ivinio.com\/fr\/produit\/foresti-i-soli-vermentino-blanc\/\" \/>\n<meta property=\"og:locale\" content=\"fr_FR\" \/>\n<meta property=\"og:type\" content=\"article\" \/>\n<meta property=\"og:title\" content=\"Acheter Foresti - i Soli Vermentino - blanc - IVINIO Caviste\" \/>\n<meta property=\"og:description\" content=\"Foresti - i Soli Vermentino - blanc de Ligurie compos\u00e9 de 100% Vermentino. Le vin a des ar\u00f4mes d&#039;herbes et de fleurs blanches. La bouche est s\u00e8che, mais aromatique. A servir avec un poisson grill\u00e9 ou autres plats de la mer.\" \/>\n<meta property=\"og:url\" content=\"https:\/\/www.ivinio.com\/fr\/produit\/foresti-i-soli-vermentino-blanc\/\" \/>\n<meta property=\"og:site_name\" content=\"IVINIO Caviste\" \/>\n<meta property=\"article:publisher\" content=\"https:\/\/www.facebook.com\/groups\/165217837022391\/?ref=bookmarks\" \/>\n<meta property=\"article:modified_time\" content=\"2025-08-27T10:13:44+00:00\" \/>\n<meta property=\"og:image\" content=\"https:\/\/www.ivinio.com\/wp-content\/uploads\/nc\/public\/modules\/file\/pictures\/5694.Foresti-i-Soli-Vermentino-Ivinio.jpg\" \/>\n\t<meta property=\"og:image:width\" content=\"500\" \/>\n\t<meta property=\"og:image:height\" content=\"500\" \/>\n\t<meta property=\"og:image:type\" content=\"image\/jpeg\" \/>\n<meta name=\"twitter:card\" content=\"summary_large_image\" \/>\n<meta name=\"twitter:label1\" content=\"Dur\u00e9e de lecture estim\u00e9e\" \/>\n\t<meta name=\"twitter:data1\" content=\"1 minute\" \/>\n<script type=\"application\/ld+json\" class=\"yoast-schema-graph\">{\"@context\":\"https:\\\/\\\/schema.org\",\"@graph\":[{\"@type\":\"WebPage\",\"@id\":\"https:\\\/\\\/www.ivinio.com\\\/fr\\\/produit\\\/foresti-i-soli-vermentino-blanc\\\/\",\"url\":\"https:\\\/\\\/www.ivinio.com\\\/fr\\\/produit\\\/foresti-i-soli-vermentino-blanc\\\/\",\"name\":\"Acheter Foresti - i Soli Vermentino - blanc - IVINIO Caviste\",\"isPartOf\":{\"@id\":\"https:\\\/\\\/www.ivinio.com\\\/fr\\\/#website\"},\"primaryImageOfPage\":{\"@id\":\"https:\\\/\\\/www.ivinio.com\\\/fr\\\/produit\\\/foresti-i-soli-vermentino-blanc\\\/#primaryimage\"},\"image\":{\"@id\":\"https:\\\/\\\/www.ivinio.com\\\/fr\\\/produit\\\/foresti-i-soli-vermentino-blanc\\\/#primaryimage\"},\"thumbnailUrl\":\"https:\\\/\\\/www.ivinio.com\\\/wp-content\\\/uploads\\\/nc\\\/public\\\/modules\\\/file\\\/pictures\\\/5694.Foresti-i-Soli-Vermentino-Ivinio.jpg\",\"datePublished\":\"2015-04-29T20:50:18+00:00\",\"dateModified\":\"2025-08-27T10:13:44+00:00\",\"description\":\"Foresti - i Soli Vermentino - blanc de Ligurie compos\u00e9 de 100% Vermentino. Le vin a des ar\u00f4mes d'herbes et de fleurs blanches. La bouche est s\u00e8che, mais aromatique. A servir avec un poisson grill\u00e9 ou autres plats de la mer.\",\"breadcrumb\":{\"@id\":\"https:\\\/\\\/www.ivinio.com\\\/fr\\\/produit\\\/foresti-i-soli-vermentino-blanc\\\/#breadcrumb\"},\"inLanguage\":\"fr-FR\",\"potentialAction\":[{\"@type\":\"ReadAction\",\"target\":[\"https:\\\/\\\/www.ivinio.com\\\/fr\\\/produit\\\/foresti-i-soli-vermentino-blanc\\\/\"]}]},{\"@type\":\"ImageObject\",\"inLanguage\":\"fr-FR\",\"@id\":\"https:\\\/\\\/www.ivinio.com\\\/fr\\\/produit\\\/foresti-i-soli-vermentino-blanc\\\/#primaryimage\",\"url\":\"https:\\\/\\\/www.ivinio.com\\\/wp-content\\\/uploads\\\/nc\\\/public\\\/modules\\\/file\\\/pictures\\\/5694.Foresti-i-Soli-Vermentino-Ivinio.jpg\",\"contentUrl\":\"https:\\\/\\\/www.ivinio.com\\\/wp-content\\\/uploads\\\/nc\\\/public\\\/modules\\\/file\\\/pictures\\\/5694.Foresti-i-Soli-Vermentino-Ivinio.jpg\",\"width\":500,\"height\":500},{\"@type\":\"BreadcrumbList\",\"@id\":\"https:\\\/\\\/www.ivinio.com\\\/fr\\\/produit\\\/foresti-i-soli-vermentino-blanc\\\/#breadcrumb\",\"itemListElement\":[{\"@type\":\"ListItem\",\"position\":1,\"name\":\"Home\",\"item\":\"https:\\\/\\\/www.ivinio.com\\\/fr\\\/\"},{\"@type\":\"ListItem\",\"position\":2,\"name\":\"Boutique de vin\",\"item\":\"https:\\\/\\\/www.ivinio.com\\\/fr\\\/boutique-de-vin\\\/\"},{\"@type\":\"ListItem\",\"position\":3,\"name\":\"Foresti &#8211; i Soli Vermentino &#8211; blanc\"}]},{\"@type\":\"WebSite\",\"@id\":\"https:\\\/\\\/www.ivinio.com\\\/fr\\\/#website\",\"url\":\"https:\\\/\\\/www.ivinio.com\\\/fr\\\/\",\"name\":\"IVINIO Caviste\",\"description\":\"Vins de France et d&#039;Italie avec livraison \u00e0 domicile\",\"publisher\":{\"@id\":\"https:\\\/\\\/www.ivinio.com\\\/fr\\\/#organization\"},\"potentialAction\":[{\"@type\":\"SearchAction\",\"target\":{\"@type\":\"EntryPoint\",\"urlTemplate\":\"https:\\\/\\\/www.ivinio.com\\\/fr\\\/?s={search_term_string}\"},\"query-input\":{\"@type\":\"PropertyValueSpecification\",\"valueRequired\":true,\"valueName\":\"search_term_string\"}}],\"inLanguage\":\"fr-FR\"},{\"@type\":\"Organization\",\"@id\":\"https:\\\/\\\/www.ivinio.com\\\/fr\\\/#organization\",\"name\":\"IVINIO\",\"url\":\"https:\\\/\\\/www.ivinio.com\\\/fr\\\/\",\"logo\":{\"@type\":\"ImageObject\",\"inLanguage\":\"fr-FR\",\"@id\":\"https:\\\/\\\/www.ivinio.com\\\/fr\\\/#\\\/schema\\\/logo\\\/image\\\/\",\"url\":\"https:\\\/\\\/www.ivinio.com\\\/wp-content\\\/uploads\\\/2021\\\/01\\\/Logo-Ivinio-v2.jpg\",\"contentUrl\":\"https:\\\/\\\/www.ivinio.com\\\/wp-content\\\/uploads\\\/2021\\\/01\\\/Logo-Ivinio-v2.jpg\",\"width\":1194,\"height\":1194,\"caption\":\"IVINIO\"},\"image\":{\"@id\":\"https:\\\/\\\/www.ivinio.com\\\/fr\\\/#\\\/schema\\\/logo\\\/image\\\/\"},\"sameAs\":[\"https:\\\/\\\/www.facebook.com\\\/groups\\\/165217837022391\\\/?ref=bookmarks\",\"https:\\\/\\\/www.instagram.com\\\/_ivinio_\\\/?hl=fr\"]}]}<\/script>\n<!-- \/ Yoast SEO plugin. -->","yoast_head_json":{"title":"Acheter Foresti - i Soli Vermentino - blanc - IVINIO Caviste","description":"Foresti - i Soli Vermentino - blanc de Ligurie compos\u00e9 de 100% Vermentino. Le vin a des ar\u00f4mes d'herbes et de fleurs blanches. La bouche est s\u00e8che, mais aromatique. A servir avec un poisson grill\u00e9 ou autres plats de la mer.","robots":{"index":"index","follow":"follow","max-snippet":"max-snippet:-1","max-image-preview":"max-image-preview:large","max-video-preview":"max-video-preview:-1"},"canonical":"https:\/\/www.ivinio.com\/fr\/produit\/foresti-i-soli-vermentino-blanc\/","og_locale":"fr_FR","og_type":"article","og_title":"Acheter Foresti - i Soli Vermentino - blanc - IVINIO Caviste","og_description":"Foresti - i Soli Vermentino - blanc de Ligurie compos\u00e9 de 100% Vermentino. Le vin a des ar\u00f4mes d'herbes et de fleurs blanches. La bouche est s\u00e8che, mais aromatique. A servir avec un poisson grill\u00e9 ou autres plats de la mer.","og_url":"https:\/\/www.ivinio.com\/fr\/produit\/foresti-i-soli-vermentino-blanc\/","og_site_name":"IVINIO Caviste","article_publisher":"https:\/\/www.facebook.com\/groups\/165217837022391\/?ref=bookmarks","article_modified_time":"2025-08-27T10:13:44+00:00","og_image":[{"width":500,"height":500,"url":"https:\/\/www.ivinio.com\/wp-content\/uploads\/nc\/public\/modules\/file\/pictures\/5694.Foresti-i-Soli-Vermentino-Ivinio.jpg","type":"image\/jpeg"}],"twitter_card":"summary_large_image","twitter_misc":{"Dur\u00e9e de lecture estim\u00e9e":"1 minute"},"schema":{"@context":"https:\/\/schema.org","@graph":[{"@type":"WebPage","@id":"https:\/\/www.ivinio.com\/fr\/produit\/foresti-i-soli-vermentino-blanc\/","url":"https:\/\/www.ivinio.com\/fr\/produit\/foresti-i-soli-vermentino-blanc\/","name":"Acheter Foresti - i Soli Vermentino - blanc - IVINIO Caviste","isPartOf":{"@id":"https:\/\/www.ivinio.com\/fr\/#website"},"primaryImageOfPage":{"@id":"https:\/\/www.ivinio.com\/fr\/produit\/foresti-i-soli-vermentino-blanc\/#primaryimage"},"image":{"@id":"https:\/\/www.ivinio.com\/fr\/produit\/foresti-i-soli-vermentino-blanc\/#primaryimage"},"thumbnailUrl":"https:\/\/www.ivinio.com\/wp-content\/uploads\/nc\/public\/modules\/file\/pictures\/5694.Foresti-i-Soli-Vermentino-Ivinio.jpg","datePublished":"2015-04-29T20:50:18+00:00","dateModified":"2025-08-27T10:13:44+00:00","description":"Foresti - i Soli Vermentino - blanc de Ligurie compos\u00e9 de 100% Vermentino. Le vin a des ar\u00f4mes d'herbes et de fleurs blanches. La bouche est s\u00e8che, mais aromatique. A servir avec un poisson grill\u00e9 ou autres plats de la mer.","breadcrumb":{"@id":"https:\/\/www.ivinio.com\/fr\/produit\/foresti-i-soli-vermentino-blanc\/#breadcrumb"},"inLanguage":"fr-FR","potentialAction":[{"@type":"ReadAction","target":["https:\/\/www.ivinio.com\/fr\/produit\/foresti-i-soli-vermentino-blanc\/"]}]},{"@type":"ImageObject","inLanguage":"fr-FR","@id":"https:\/\/www.ivinio.com\/fr\/produit\/foresti-i-soli-vermentino-blanc\/#primaryimage","url":"https:\/\/www.ivinio.com\/wp-content\/uploads\/nc\/public\/modules\/file\/pictures\/5694.Foresti-i-Soli-Vermentino-Ivinio.jpg","contentUrl":"https:\/\/www.ivinio.com\/wp-content\/uploads\/nc\/public\/modules\/file\/pictures\/5694.Foresti-i-Soli-Vermentino-Ivinio.jpg","width":500,"height":500},{"@type":"BreadcrumbList","@id":"https:\/\/www.ivinio.com\/fr\/produit\/foresti-i-soli-vermentino-blanc\/#breadcrumb","itemListElement":[{"@type":"ListItem","position":1,"name":"Home","item":"https:\/\/www.ivinio.com\/fr\/"},{"@type":"ListItem","position":2,"name":"Boutique de vin","item":"https:\/\/www.ivinio.com\/fr\/boutique-de-vin\/"},{"@type":"ListItem","position":3,"name":"Foresti &#8211; i Soli Vermentino &#8211; blanc"}]},{"@type":"WebSite","@id":"https:\/\/www.ivinio.com\/fr\/#website","url":"https:\/\/www.ivinio.com\/fr\/","name":"IVINIO Caviste","description":"Vins de France et d&#039;Italie avec livraison \u00e0 domicile","publisher":{"@id":"https:\/\/www.ivinio.com\/fr\/#organization"},"potentialAction":[{"@type":"SearchAction","target":{"@type":"EntryPoint","urlTemplate":"https:\/\/www.ivinio.com\/fr\/?s={search_term_string}"},"query-input":{"@type":"PropertyValueSpecification","valueRequired":true,"valueName":"search_term_string"}}],"inLanguage":"fr-FR"},{"@type":"Organization","@id":"https:\/\/www.ivinio.com\/fr\/#organization","name":"IVINIO","url":"https:\/\/www.ivinio.com\/fr\/","logo":{"@type":"ImageObject","inLanguage":"fr-FR","@id":"https:\/\/www.ivinio.com\/fr\/#\/schema\/logo\/image\/","url":"https:\/\/www.ivinio.com\/wp-content\/uploads\/2021\/01\/Logo-Ivinio-v2.jpg","contentUrl":"https:\/\/www.ivinio.com\/wp-content\/uploads\/2021\/01\/Logo-Ivinio-v2.jpg","width":1194,"height":1194,"caption":"IVINIO"},"image":{"@id":"https:\/\/www.ivinio.com\/fr\/#\/schema\/logo\/image\/"},"sameAs":["https:\/\/www.facebook.com\/groups\/165217837022391\/?ref=bookmarks","https:\/\/www.instagram.com\/_ivinio_\/?hl=fr"]}]}},"jetpack_sharing_enabled":true,"_links":{"self":[{"href":"https:\/\/www.ivinio.com\/fr\/wp-json\/wp\/v2\/product\/119464","targetHints":{"allow":["GET"]}}],"collection":[{"href":"https:\/\/www.ivinio.com\/fr\/wp-json\/wp\/v2\/product"}],"about":[{"href":"https:\/\/www.ivinio.com\/fr\/wp-json\/wp\/v2\/types\/product"}],"replies":[{"embeddable":true,"href":"https:\/\/www.ivinio.com\/fr\/wp-json\/wp\/v2\/comments?post=119464"}],"wp:featuredmedia":[{"embeddable":true,"href":"https:\/\/www.ivinio.com\/fr\/wp-json\/wp\/v2\/media\/119467"}],"wp:attachment":[{"href":"https:\/\/www.ivinio.com\/fr\/wp-json\/wp\/v2\/media?parent=119464"}],"wp:term":[{"taxonomy":"product_brand","embeddable":true,"href":"https:\/\/www.ivinio.com\/fr\/wp-json\/wp\/v2\/product_brand?post=119464"},{"taxonomy":"product_cat","embeddable":true,"href":"https:\/\/www.ivinio.com\/fr\/wp-json\/wp\/v2\/product_cat?post=119464"},{"taxonomy":"product_tag","embeddable":true,"href":"https:\/\/www.ivinio.com\/fr\/wp-json\/wp\/v2\/product_tag?post=119464"}],"curies":[{"name":"wp","href":"https:\/\/api.w.org\/{rel}","templated":true}]}}