{"id":119403,"date":"2015-04-02T19:37:28","date_gmt":"2015-04-02T19:37:28","guid":{"rendered":"https:\/\/henrik.www.ivinio.com\/?product=terre-del-principato-fiano-di-avellino-docg-blanc"},"modified":"2020-12-09T04:41:42","modified_gmt":"2020-12-09T04:41:42","slug":"terre-del-principato-fiano-di-avellino-docg-blanc","status":"publish","type":"product","link":"https:\/\/www.ivinio.com\/fr\/produit\/terre-del-principato-fiano-di-avellino-docg-blanc\/","title":{"rendered":"Terre del Principato &#8211; Fiano di Avellino DOCG &#8211; Blanc"},"content":{"rendered":"<p>Fiano di Avellino est un vin blanc typique&nbsp;de la r&eacute;gion. Le c&eacute;page Fiano&nbsp;pousse sur les collines d&#39;&nbsp;Irpinia&nbsp;depuis avant l&#39;&eacute;poque romaine. Le vin est fait &agrave; 100% du c&eacute;page Fiano&nbsp;qui pousse&nbsp;sur les collines autour de Avellino &agrave; 300 &#8211;&nbsp;500 m&egrave;tres au dessus du niveau de la mer. Les raisins sont press&eacute;s apr&egrave;s la r&eacute;colte et fermentent &agrave; 10-15 &deg; C. Le vin est stock&eacute; dans des cuves d&#39;acier avant la mise en bouteille.<\/p>\n","protected":false},"excerpt":{"rendered":"<p>Fiano di Avellino de Terre del Principato est un vin blanc sec, fruit&eacute; et velout&eacute;, fait &agrave; 100% de raisins Fiano. Parfait &agrave; l&#39;ap&eacute;ritif, avec un poisson grill&eacute; ou une volaille cuisin&eacute;e.<\/p>\n<p>&nbsp;<\/p>\n","protected":false},"featured_media":132414,"comment_status":"open","ping_status":"closed","template":"","meta":{"_monsterinsights_skip_tracking":false,"_monsterinsights_sitenote_active":false,"_monsterinsights_sitenote_note":"","_monsterinsights_sitenote_category":0,"_uf_show_specific_survey":0,"_uf_disable_surveys":false},"product_brand":[],"product_cat":[36604,36589],"product_tag":[],"class_list":{"0":"post-119403","1":"product","2":"type-product","3":"status-publish","4":"has-post-thumbnail","6":"product_cat-fr-les-pouilles-campania","7":"product_cat-vins-italiens","8":"pa_alcohol-degree-13-fr","9":"pa_classification-docg-fiano-di-avellino-fr","10":"pa_color-blanc-fr","11":"pa_country-italie-fr","12":"pa_grape-variety-fiano-fr","13":"pa_region-campagne-fr","14":"pa_vintage-2014-fr","15":"pa_volume-75-cl-fr","17":"first","18":"instock","19":"taxable","20":"shipping-taxable","21":"purchasable","22":"product-type-simple"},"bundled_by":[],"bundle_stock_status":"instock","bundle_stock_quantity":1,"bundle_virtual":false,"bundle_layout":"","bundle_add_to_cart_form_location":"","bundle_editable_in_cart":false,"bundle_sold_individually_context":"","bundle_item_grouping":"","bundle_min_size":"","bundle_max_size":"","bundle_price":[],"bundled_items":[],"bundle_sell_ids":[],"yoast_head":"<!-- This site is optimized with the Yoast SEO plugin v27.3 - https:\/\/yoast.com\/product\/yoast-seo-wordpress\/ -->\n<title>Terre del Principato - Fiano di Avellino DOCG - Achat vins italiens en ligne - boutique de vins en ligne Ivinio.com<\/title>\n<meta name=\"description\" content=\"Fiano di Avellino de Terre del Principato est un vin blanc sec, fruit\u00e9 et velout\u00e9, fait \u00e0 100% de raisins Fiano. Livraison rapide et le moins cher directement \u00e0 votre porte\" \/>\n<meta name=\"robots\" content=\"index, follow, max-snippet:-1, max-image-preview:large, max-video-preview:-1\" \/>\n<link rel=\"canonical\" href=\"https:\/\/www.ivinio.com\/fr\/produit\/terre-del-principato-fiano-di-avellino-docg-blanc\/\" \/>\n<meta property=\"og:locale\" content=\"fr_FR\" \/>\n<meta property=\"og:type\" content=\"article\" \/>\n<meta property=\"og:title\" content=\"Terre del Principato - Fiano di Avellino DOCG - Achat vins italiens en ligne - boutique de vins en ligne Ivinio.com\" \/>\n<meta property=\"og:description\" content=\"Fiano di Avellino de Terre del Principato est un vin blanc sec, fruit\u00e9 et velout\u00e9, fait \u00e0 100% de raisins Fiano. Livraison rapide et le moins cher directement \u00e0 votre porte\" \/>\n<meta property=\"og:url\" content=\"https:\/\/www.ivinio.com\/fr\/produit\/terre-del-principato-fiano-di-avellino-docg-blanc\/\" \/>\n<meta property=\"og:site_name\" content=\"IVINIO Caviste\" \/>\n<meta property=\"article:publisher\" content=\"https:\/\/www.facebook.com\/groups\/165217837022391\/?ref=bookmarks\" \/>\n<meta property=\"article:modified_time\" content=\"2020-12-09T04:41:42+00:00\" \/>\n<meta property=\"og:image\" content=\"https:\/\/www.ivinio.com\/wp-content\/uploads\/nc\/public\/modules\/file\/pictures\/5644.terre-del-principato-fiano-di-avellino-ivinio.jpg\" \/>\n\t<meta property=\"og:image:width\" content=\"500\" \/>\n\t<meta property=\"og:image:height\" content=\"500\" \/>\n\t<meta property=\"og:image:type\" content=\"image\/jpeg\" \/>\n<meta name=\"twitter:card\" content=\"summary_large_image\" \/>\n<meta name=\"twitter:label1\" content=\"Dur\u00e9e de lecture estim\u00e9e\" \/>\n\t<meta name=\"twitter:data1\" content=\"1 minute\" \/>\n<script type=\"application\/ld+json\" class=\"yoast-schema-graph\">{\"@context\":\"https:\\\/\\\/schema.org\",\"@graph\":[{\"@type\":\"WebPage\",\"@id\":\"https:\\\/\\\/www.ivinio.com\\\/fr\\\/produit\\\/terre-del-principato-fiano-di-avellino-docg-blanc\\\/\",\"url\":\"https:\\\/\\\/www.ivinio.com\\\/fr\\\/produit\\\/terre-del-principato-fiano-di-avellino-docg-blanc\\\/\",\"name\":\"Terre del Principato - Fiano di Avellino DOCG - Achat vins italiens en ligne - boutique de vins en ligne Ivinio.com\",\"isPartOf\":{\"@id\":\"https:\\\/\\\/www.ivinio.com\\\/fr\\\/#website\"},\"primaryImageOfPage\":{\"@id\":\"https:\\\/\\\/www.ivinio.com\\\/fr\\\/produit\\\/terre-del-principato-fiano-di-avellino-docg-blanc\\\/#primaryimage\"},\"image\":{\"@id\":\"https:\\\/\\\/www.ivinio.com\\\/fr\\\/produit\\\/terre-del-principato-fiano-di-avellino-docg-blanc\\\/#primaryimage\"},\"thumbnailUrl\":\"https:\\\/\\\/www.ivinio.com\\\/wp-content\\\/uploads\\\/nc\\\/public\\\/modules\\\/file\\\/pictures\\\/5644.terre-del-principato-fiano-di-avellino-ivinio.jpg\",\"datePublished\":\"2015-04-02T19:37:28+00:00\",\"dateModified\":\"2020-12-09T04:41:42+00:00\",\"description\":\"Fiano di Avellino de Terre del Principato est un vin blanc sec, fruit\u00e9 et velout\u00e9, fait \u00e0 100% de raisins Fiano. Livraison rapide et le moins cher directement \u00e0 votre porte\",\"breadcrumb\":{\"@id\":\"https:\\\/\\\/www.ivinio.com\\\/fr\\\/produit\\\/terre-del-principato-fiano-di-avellino-docg-blanc\\\/#breadcrumb\"},\"inLanguage\":\"fr-FR\",\"potentialAction\":[{\"@type\":\"ReadAction\",\"target\":[\"https:\\\/\\\/www.ivinio.com\\\/fr\\\/produit\\\/terre-del-principato-fiano-di-avellino-docg-blanc\\\/\"]}]},{\"@type\":\"ImageObject\",\"inLanguage\":\"fr-FR\",\"@id\":\"https:\\\/\\\/www.ivinio.com\\\/fr\\\/produit\\\/terre-del-principato-fiano-di-avellino-docg-blanc\\\/#primaryimage\",\"url\":\"https:\\\/\\\/www.ivinio.com\\\/wp-content\\\/uploads\\\/nc\\\/public\\\/modules\\\/file\\\/pictures\\\/5644.terre-del-principato-fiano-di-avellino-ivinio.jpg\",\"contentUrl\":\"https:\\\/\\\/www.ivinio.com\\\/wp-content\\\/uploads\\\/nc\\\/public\\\/modules\\\/file\\\/pictures\\\/5644.terre-del-principato-fiano-di-avellino-ivinio.jpg\",\"width\":500,\"height\":500},{\"@type\":\"BreadcrumbList\",\"@id\":\"https:\\\/\\\/www.ivinio.com\\\/fr\\\/produit\\\/terre-del-principato-fiano-di-avellino-docg-blanc\\\/#breadcrumb\",\"itemListElement\":[{\"@type\":\"ListItem\",\"position\":1,\"name\":\"Home\",\"item\":\"https:\\\/\\\/www.ivinio.com\\\/fr\\\/\"},{\"@type\":\"ListItem\",\"position\":2,\"name\":\"Boutique de vin\",\"item\":\"https:\\\/\\\/www.ivinio.com\\\/fr\\\/boutique-de-vin\\\/\"},{\"@type\":\"ListItem\",\"position\":3,\"name\":\"Terre del Principato &#8211; Fiano di Avellino DOCG &#8211; Blanc\"}]},{\"@type\":\"WebSite\",\"@id\":\"https:\\\/\\\/www.ivinio.com\\\/fr\\\/#website\",\"url\":\"https:\\\/\\\/www.ivinio.com\\\/fr\\\/\",\"name\":\"IVINIO Caviste\",\"description\":\"Vins de France et d&#039;Italie avec livraison \u00e0 domicile\",\"publisher\":{\"@id\":\"https:\\\/\\\/www.ivinio.com\\\/fr\\\/#organization\"},\"potentialAction\":[{\"@type\":\"SearchAction\",\"target\":{\"@type\":\"EntryPoint\",\"urlTemplate\":\"https:\\\/\\\/www.ivinio.com\\\/fr\\\/?s={search_term_string}\"},\"query-input\":{\"@type\":\"PropertyValueSpecification\",\"valueRequired\":true,\"valueName\":\"search_term_string\"}}],\"inLanguage\":\"fr-FR\"},{\"@type\":\"Organization\",\"@id\":\"https:\\\/\\\/www.ivinio.com\\\/fr\\\/#organization\",\"name\":\"IVINIO\",\"url\":\"https:\\\/\\\/www.ivinio.com\\\/fr\\\/\",\"logo\":{\"@type\":\"ImageObject\",\"inLanguage\":\"fr-FR\",\"@id\":\"https:\\\/\\\/www.ivinio.com\\\/fr\\\/#\\\/schema\\\/logo\\\/image\\\/\",\"url\":\"https:\\\/\\\/www.ivinio.com\\\/wp-content\\\/uploads\\\/2021\\\/01\\\/Logo-Ivinio-v2.jpg\",\"contentUrl\":\"https:\\\/\\\/www.ivinio.com\\\/wp-content\\\/uploads\\\/2021\\\/01\\\/Logo-Ivinio-v2.jpg\",\"width\":1194,\"height\":1194,\"caption\":\"IVINIO\"},\"image\":{\"@id\":\"https:\\\/\\\/www.ivinio.com\\\/fr\\\/#\\\/schema\\\/logo\\\/image\\\/\"},\"sameAs\":[\"https:\\\/\\\/www.facebook.com\\\/groups\\\/165217837022391\\\/?ref=bookmarks\",\"https:\\\/\\\/www.instagram.com\\\/_ivinio_\\\/?hl=fr\"]}]}<\/script>\n<!-- \/ Yoast SEO plugin. -->","yoast_head_json":{"title":"Terre del Principato - Fiano di Avellino DOCG - Achat vins italiens en ligne - boutique de vins en ligne Ivinio.com","description":"Fiano di Avellino de Terre del Principato est un vin blanc sec, fruit\u00e9 et velout\u00e9, fait \u00e0 100% de raisins Fiano. Livraison rapide et le moins cher directement \u00e0 votre porte","robots":{"index":"index","follow":"follow","max-snippet":"max-snippet:-1","max-image-preview":"max-image-preview:large","max-video-preview":"max-video-preview:-1"},"canonical":"https:\/\/www.ivinio.com\/fr\/produit\/terre-del-principato-fiano-di-avellino-docg-blanc\/","og_locale":"fr_FR","og_type":"article","og_title":"Terre del Principato - Fiano di Avellino DOCG - Achat vins italiens en ligne - boutique de vins en ligne Ivinio.com","og_description":"Fiano di Avellino de Terre del Principato est un vin blanc sec, fruit\u00e9 et velout\u00e9, fait \u00e0 100% de raisins Fiano. Livraison rapide et le moins cher directement \u00e0 votre porte","og_url":"https:\/\/www.ivinio.com\/fr\/produit\/terre-del-principato-fiano-di-avellino-docg-blanc\/","og_site_name":"IVINIO Caviste","article_publisher":"https:\/\/www.facebook.com\/groups\/165217837022391\/?ref=bookmarks","article_modified_time":"2020-12-09T04:41:42+00:00","og_image":[{"width":500,"height":500,"url":"https:\/\/www.ivinio.com\/wp-content\/uploads\/nc\/public\/modules\/file\/pictures\/5644.terre-del-principato-fiano-di-avellino-ivinio.jpg","type":"image\/jpeg"}],"twitter_card":"summary_large_image","twitter_misc":{"Dur\u00e9e de lecture estim\u00e9e":"1 minute"},"schema":{"@context":"https:\/\/schema.org","@graph":[{"@type":"WebPage","@id":"https:\/\/www.ivinio.com\/fr\/produit\/terre-del-principato-fiano-di-avellino-docg-blanc\/","url":"https:\/\/www.ivinio.com\/fr\/produit\/terre-del-principato-fiano-di-avellino-docg-blanc\/","name":"Terre del Principato - Fiano di Avellino DOCG - Achat vins italiens en ligne - boutique de vins en ligne Ivinio.com","isPartOf":{"@id":"https:\/\/www.ivinio.com\/fr\/#website"},"primaryImageOfPage":{"@id":"https:\/\/www.ivinio.com\/fr\/produit\/terre-del-principato-fiano-di-avellino-docg-blanc\/#primaryimage"},"image":{"@id":"https:\/\/www.ivinio.com\/fr\/produit\/terre-del-principato-fiano-di-avellino-docg-blanc\/#primaryimage"},"thumbnailUrl":"https:\/\/www.ivinio.com\/wp-content\/uploads\/nc\/public\/modules\/file\/pictures\/5644.terre-del-principato-fiano-di-avellino-ivinio.jpg","datePublished":"2015-04-02T19:37:28+00:00","dateModified":"2020-12-09T04:41:42+00:00","description":"Fiano di Avellino de Terre del Principato est un vin blanc sec, fruit\u00e9 et velout\u00e9, fait \u00e0 100% de raisins Fiano. Livraison rapide et le moins cher directement \u00e0 votre porte","breadcrumb":{"@id":"https:\/\/www.ivinio.com\/fr\/produit\/terre-del-principato-fiano-di-avellino-docg-blanc\/#breadcrumb"},"inLanguage":"fr-FR","potentialAction":[{"@type":"ReadAction","target":["https:\/\/www.ivinio.com\/fr\/produit\/terre-del-principato-fiano-di-avellino-docg-blanc\/"]}]},{"@type":"ImageObject","inLanguage":"fr-FR","@id":"https:\/\/www.ivinio.com\/fr\/produit\/terre-del-principato-fiano-di-avellino-docg-blanc\/#primaryimage","url":"https:\/\/www.ivinio.com\/wp-content\/uploads\/nc\/public\/modules\/file\/pictures\/5644.terre-del-principato-fiano-di-avellino-ivinio.jpg","contentUrl":"https:\/\/www.ivinio.com\/wp-content\/uploads\/nc\/public\/modules\/file\/pictures\/5644.terre-del-principato-fiano-di-avellino-ivinio.jpg","width":500,"height":500},{"@type":"BreadcrumbList","@id":"https:\/\/www.ivinio.com\/fr\/produit\/terre-del-principato-fiano-di-avellino-docg-blanc\/#breadcrumb","itemListElement":[{"@type":"ListItem","position":1,"name":"Home","item":"https:\/\/www.ivinio.com\/fr\/"},{"@type":"ListItem","position":2,"name":"Boutique de vin","item":"https:\/\/www.ivinio.com\/fr\/boutique-de-vin\/"},{"@type":"ListItem","position":3,"name":"Terre del Principato &#8211; Fiano di Avellino DOCG &#8211; Blanc"}]},{"@type":"WebSite","@id":"https:\/\/www.ivinio.com\/fr\/#website","url":"https:\/\/www.ivinio.com\/fr\/","name":"IVINIO Caviste","description":"Vins de France et d&#039;Italie avec livraison \u00e0 domicile","publisher":{"@id":"https:\/\/www.ivinio.com\/fr\/#organization"},"potentialAction":[{"@type":"SearchAction","target":{"@type":"EntryPoint","urlTemplate":"https:\/\/www.ivinio.com\/fr\/?s={search_term_string}"},"query-input":{"@type":"PropertyValueSpecification","valueRequired":true,"valueName":"search_term_string"}}],"inLanguage":"fr-FR"},{"@type":"Organization","@id":"https:\/\/www.ivinio.com\/fr\/#organization","name":"IVINIO","url":"https:\/\/www.ivinio.com\/fr\/","logo":{"@type":"ImageObject","inLanguage":"fr-FR","@id":"https:\/\/www.ivinio.com\/fr\/#\/schema\/logo\/image\/","url":"https:\/\/www.ivinio.com\/wp-content\/uploads\/2021\/01\/Logo-Ivinio-v2.jpg","contentUrl":"https:\/\/www.ivinio.com\/wp-content\/uploads\/2021\/01\/Logo-Ivinio-v2.jpg","width":1194,"height":1194,"caption":"IVINIO"},"image":{"@id":"https:\/\/www.ivinio.com\/fr\/#\/schema\/logo\/image\/"},"sameAs":["https:\/\/www.facebook.com\/groups\/165217837022391\/?ref=bookmarks","https:\/\/www.instagram.com\/_ivinio_\/?hl=fr"]}]}},"jetpack_sharing_enabled":true,"_links":{"self":[{"href":"https:\/\/www.ivinio.com\/fr\/wp-json\/wp\/v2\/product\/119403","targetHints":{"allow":["GET"]}}],"collection":[{"href":"https:\/\/www.ivinio.com\/fr\/wp-json\/wp\/v2\/product"}],"about":[{"href":"https:\/\/www.ivinio.com\/fr\/wp-json\/wp\/v2\/types\/product"}],"replies":[{"embeddable":true,"href":"https:\/\/www.ivinio.com\/fr\/wp-json\/wp\/v2\/comments?post=119403"}],"wp:featuredmedia":[{"embeddable":true,"href":"https:\/\/www.ivinio.com\/fr\/wp-json\/wp\/v2\/media\/132414"}],"wp:attachment":[{"href":"https:\/\/www.ivinio.com\/fr\/wp-json\/wp\/v2\/media?parent=119403"}],"wp:term":[{"taxonomy":"product_brand","embeddable":true,"href":"https:\/\/www.ivinio.com\/fr\/wp-json\/wp\/v2\/product_brand?post=119403"},{"taxonomy":"product_cat","embeddable":true,"href":"https:\/\/www.ivinio.com\/fr\/wp-json\/wp\/v2\/product_cat?post=119403"},{"taxonomy":"product_tag","embeddable":true,"href":"https:\/\/www.ivinio.com\/fr\/wp-json\/wp\/v2\/product_tag?post=119403"}],"curies":[{"name":"wp","href":"https:\/\/api.w.org\/{rel}","templated":true}]}}