{"id":119345,"date":"2015-03-13T17:57:33","date_gmt":"2015-03-13T17:57:33","guid":{"rendered":"https:\/\/henrik.www.ivinio.com\/?product=chateau-fonsalade-carton-decouverte-2x3-bouteilles-rouge"},"modified":"2024-11-30T23:00:09","modified_gmt":"2024-11-30T22:00:09","slug":"chateau-fonsalade-carton-decouverte-2x3-bouteilles-rouge","status":"publish","type":"product","link":"https:\/\/www.ivinio.com\/fr\/produit\/chateau-fonsalade-carton-decouverte-2x3-bouteilles-rouge\/","title":{"rendered":"Ch\u00e2teau Fonsalade &#8211; carton d\u00e9couverte 2&#215;3 bouteilles &#8211; Rouge"},"content":{"rendered":"<p>Ce carton d\u00e9gustation contient 2 vins rouges du Ch\u00e2teau Fonsalade.\u00a03 bouteilles de &#8220;Petit Bonheur&#8221; et 3 de\u00a0&#8220;f&#8221; qui est un peu plus &#8220;luxueux&#8221; et \u00e9lev\u00e9 un an en f\u00fbts de ch\u00eane. Deux vins rouges de qualit\u00e9 \u00e0 prix tr\u00e8s abordable de chez un\u00a0producteur\u00a0ind\u00e9pendant !<\/p>\n","protected":false},"excerpt":{"rendered":"<p>D\u00e9couvrez dans ce carton d\u00e9gustation 3 bouteilles de\u00a0&#8220;Petit Bonheur&#8221; et 3 de\u00a0&#8220;f&#8221;. \u00a0Ces deux vins sont un excellent rapport qualit\u00e9\/prix de l&#8217;appellation\u00a0Saint-Chinian.<\/p>\n","protected":false},"featured_media":133451,"comment_status":"open","ping_status":"closed","template":"","meta":{"_monsterinsights_skip_tracking":false,"_monsterinsights_sitenote_active":false,"_monsterinsights_sitenote_note":"","_monsterinsights_sitenote_category":0,"_uf_show_specific_survey":0,"_uf_disable_surveys":false},"product_brand":[],"product_cat":[36643],"product_tag":[],"class_list":{"0":"post-119345","1":"product","2":"type-product","3":"status-publish","4":"has-post-thumbnail","6":"product_cat-ronde-des-vins","7":"pa_classification-aop-saint-chinian-fr","8":"pa_color-rouge-fr","9":"pa_country-france-fr","10":"pa_grape-variety-grenache-fr","11":"pa_grape-variety-syrah-fr","12":"pa_package-1x1-fr","13":"pa_package-1x6-fr","14":"pa_region-languedoc-fr","15":"pa_vintage-2012-fr","16":"pa_vintage-2013-fr","18":"first","19":"instock","20":"taxable","21":"shipping-taxable","22":"purchasable","23":"product-type-bundle"},"bundled_by":[],"bundle_stock_status":"instock","bundle_stock_quantity":"","bundle_virtual":false,"bundle_layout":"grid","bundle_add_to_cart_form_location":"after_summary","bundle_editable_in_cart":false,"bundle_sold_individually_context":"product","bundle_item_grouping":"noindent","bundle_min_size":"","bundle_max_size":"","bundle_price":{"price":{"min":{"incl_tax":"53.5","excl_tax":"53.5"},"max":{"incl_tax":"53.5","excl_tax":"53.5"}},"regular_price":{"min":{"incl_tax":"53.5","excl_tax":"53.5"},"max":{"incl_tax":"53.5","excl_tax":"53.5"}}},"bundled_items":[{"bundled_item_id":8689,"product_id":119338,"menu_order":0,"quantity_min":1,"quantity_max":1,"quantity_default":1,"priced_individually":false,"shipped_individually":false,"override_title":false,"title":"Ch\u00e2teau Fonsalade &#8211; &#8220;f&#8221; &#8211; Rouge","override_description":false,"description":"Ch\u00e2teau Fonsalade &#8211; &#8220;f&#8221; &#8211; Rouge","optional":false,"hide_thumbnail":false,"discount":"","override_variations":true,"allowed_variations":[""],"override_default_variation_attributes":true,"default_variation_attributes":[],"single_product_visibility":"visible","cart_visibility":"hidden","order_visibility":"visible","single_product_price_visibility":"visible","cart_price_visibility":"visible","order_price_visibility":"visible","stock_status":"in_stock"},{"bundled_item_id":8690,"product_id":119330,"menu_order":1,"quantity_min":1,"quantity_max":1,"quantity_default":1,"priced_individually":false,"shipped_individually":false,"override_title":false,"title":"Ch\u00e2teau Fonsalade &#8211; Petit Bonheur &#8211; Rouge","override_description":false,"description":"Ch\u00e2teau Fonsalade &#8211; Petit Bonheur &#8211; Rouge","optional":false,"hide_thumbnail":false,"discount":"","override_variations":true,"allowed_variations":[""],"override_default_variation_attributes":true,"default_variation_attributes":[],"single_product_visibility":"visible","cart_visibility":"hidden","order_visibility":"visible","single_product_price_visibility":"visible","cart_price_visibility":"visible","order_price_visibility":"visible","stock_status":"in_stock"}],"bundle_sell_ids":[],"yoast_head":"<!-- This site is optimized with the Yoast SEO plugin v27.5 - https:\/\/yoast.com\/product\/yoast-seo-wordpress\/ -->\n<title>Ch\u00e2teau Fonsalade - carton de vin m\u00e9lang\u00e9 - IVINIO Caviste<\/title>\n<meta name=\"description\" content=\"Ch\u00e2teau Fonsalade - carton de vin m\u00e9lang\u00e9 : trois bouteilles de chaque type; Petit Bonheur et &quot;f&quot;. Vins rouges prim\u00e9s de l&#039;appellation Saint-Chinian.\" \/>\n<meta name=\"robots\" content=\"index, follow, max-snippet:-1, max-image-preview:large, max-video-preview:-1\" \/>\n<link rel=\"canonical\" href=\"https:\/\/www.ivinio.com\/fr\/produit\/chateau-fonsalade-carton-decouverte-2x3-bouteilles-rouge\/\" \/>\n<meta property=\"og:locale\" content=\"fr_FR\" \/>\n<meta property=\"og:type\" content=\"article\" \/>\n<meta property=\"og:title\" content=\"Ch\u00e2teau Fonsalade - carton de vin m\u00e9lang\u00e9 - IVINIO Caviste\" \/>\n<meta property=\"og:description\" content=\"Ch\u00e2teau Fonsalade - carton de vin m\u00e9lang\u00e9 : trois bouteilles de chaque type; Petit Bonheur et &quot;f&quot;. Vins rouges prim\u00e9s de l&#039;appellation Saint-Chinian.\" \/>\n<meta property=\"og:url\" content=\"https:\/\/www.ivinio.com\/fr\/produit\/chateau-fonsalade-carton-decouverte-2x3-bouteilles-rouge\/\" \/>\n<meta property=\"og:site_name\" content=\"IVINIO Caviste\" \/>\n<meta property=\"article:publisher\" content=\"https:\/\/www.facebook.com\/groups\/165217837022391\/?ref=bookmarks\" \/>\n<meta property=\"article:modified_time\" content=\"2024-11-30T22:00:09+00:00\" \/>\n<meta property=\"og:image\" content=\"https:\/\/www.ivinio.com\/wp-content\/uploads\/2015\/03\/Chateau-Fonsalade-mixed-carton-IVINIO.jpg\" \/>\n\t<meta property=\"og:image:width\" content=\"500\" \/>\n\t<meta property=\"og:image:height\" content=\"500\" \/>\n\t<meta property=\"og:image:type\" content=\"image\/jpeg\" \/>\n<meta name=\"twitter:card\" content=\"summary_large_image\" \/>\n<meta name=\"twitter:label1\" content=\"Dur\u00e9e de lecture estim\u00e9e\" \/>\n\t<meta name=\"twitter:data1\" content=\"1 minute\" \/>\n<script type=\"application\/ld+json\" class=\"yoast-schema-graph\">{\"@context\":\"https:\\\/\\\/schema.org\",\"@graph\":[{\"@type\":\"WebPage\",\"@id\":\"https:\\\/\\\/www.ivinio.com\\\/fr\\\/produit\\\/chateau-fonsalade-carton-decouverte-2x3-bouteilles-rouge\\\/\",\"url\":\"https:\\\/\\\/www.ivinio.com\\\/fr\\\/produit\\\/chateau-fonsalade-carton-decouverte-2x3-bouteilles-rouge\\\/\",\"name\":\"Ch\u00e2teau Fonsalade - carton de vin m\u00e9lang\u00e9 - IVINIO Caviste\",\"isPartOf\":{\"@id\":\"https:\\\/\\\/www.ivinio.com\\\/fr\\\/#website\"},\"primaryImageOfPage\":{\"@id\":\"https:\\\/\\\/www.ivinio.com\\\/fr\\\/produit\\\/chateau-fonsalade-carton-decouverte-2x3-bouteilles-rouge\\\/#primaryimage\"},\"image\":{\"@id\":\"https:\\\/\\\/www.ivinio.com\\\/fr\\\/produit\\\/chateau-fonsalade-carton-decouverte-2x3-bouteilles-rouge\\\/#primaryimage\"},\"thumbnailUrl\":\"https:\\\/\\\/www.ivinio.com\\\/wp-content\\\/uploads\\\/2015\\\/03\\\/Chateau-Fonsalade-mixed-carton-IVINIO.jpg\",\"datePublished\":\"2015-03-13T17:57:33+00:00\",\"dateModified\":\"2024-11-30T22:00:09+00:00\",\"description\":\"Ch\u00e2teau Fonsalade - carton de vin m\u00e9lang\u00e9 : trois bouteilles de chaque type; Petit Bonheur et \\\"f\\\". Vins rouges prim\u00e9s de l'appellation Saint-Chinian.\",\"breadcrumb\":{\"@id\":\"https:\\\/\\\/www.ivinio.com\\\/fr\\\/produit\\\/chateau-fonsalade-carton-decouverte-2x3-bouteilles-rouge\\\/#breadcrumb\"},\"inLanguage\":\"fr-FR\",\"potentialAction\":[{\"@type\":\"ReadAction\",\"target\":[\"https:\\\/\\\/www.ivinio.com\\\/fr\\\/produit\\\/chateau-fonsalade-carton-decouverte-2x3-bouteilles-rouge\\\/\"]}]},{\"@type\":\"ImageObject\",\"inLanguage\":\"fr-FR\",\"@id\":\"https:\\\/\\\/www.ivinio.com\\\/fr\\\/produit\\\/chateau-fonsalade-carton-decouverte-2x3-bouteilles-rouge\\\/#primaryimage\",\"url\":\"https:\\\/\\\/www.ivinio.com\\\/wp-content\\\/uploads\\\/2015\\\/03\\\/Chateau-Fonsalade-mixed-carton-IVINIO.jpg\",\"contentUrl\":\"https:\\\/\\\/www.ivinio.com\\\/wp-content\\\/uploads\\\/2015\\\/03\\\/Chateau-Fonsalade-mixed-carton-IVINIO.jpg\",\"width\":500,\"height\":500},{\"@type\":\"BreadcrumbList\",\"@id\":\"https:\\\/\\\/www.ivinio.com\\\/fr\\\/produit\\\/chateau-fonsalade-carton-decouverte-2x3-bouteilles-rouge\\\/#breadcrumb\",\"itemListElement\":[{\"@type\":\"ListItem\",\"position\":1,\"name\":\"Home\",\"item\":\"https:\\\/\\\/www.ivinio.com\\\/fr\\\/\"},{\"@type\":\"ListItem\",\"position\":2,\"name\":\"Boutique de vin\",\"item\":\"https:\\\/\\\/www.ivinio.com\\\/fr\\\/boutique-de-vin\\\/\"},{\"@type\":\"ListItem\",\"position\":3,\"name\":\"Ch\u00e2teau Fonsalade &#8211; carton d\u00e9couverte 2&#215;3 bouteilles &#8211; Rouge\"}]},{\"@type\":\"WebSite\",\"@id\":\"https:\\\/\\\/www.ivinio.com\\\/fr\\\/#website\",\"url\":\"https:\\\/\\\/www.ivinio.com\\\/fr\\\/\",\"name\":\"IVINIO Caviste\",\"description\":\"Vins de France et d&#039;Italie avec livraison \u00e0 domicile\",\"publisher\":{\"@id\":\"https:\\\/\\\/www.ivinio.com\\\/fr\\\/#organization\"},\"potentialAction\":[{\"@type\":\"SearchAction\",\"target\":{\"@type\":\"EntryPoint\",\"urlTemplate\":\"https:\\\/\\\/www.ivinio.com\\\/fr\\\/?s={search_term_string}\"},\"query-input\":{\"@type\":\"PropertyValueSpecification\",\"valueRequired\":true,\"valueName\":\"search_term_string\"}}],\"inLanguage\":\"fr-FR\"},{\"@type\":\"Organization\",\"@id\":\"https:\\\/\\\/www.ivinio.com\\\/fr\\\/#organization\",\"name\":\"IVINIO\",\"url\":\"https:\\\/\\\/www.ivinio.com\\\/fr\\\/\",\"logo\":{\"@type\":\"ImageObject\",\"inLanguage\":\"fr-FR\",\"@id\":\"https:\\\/\\\/www.ivinio.com\\\/fr\\\/#\\\/schema\\\/logo\\\/image\\\/\",\"url\":\"https:\\\/\\\/www.ivinio.com\\\/wp-content\\\/uploads\\\/2021\\\/01\\\/Logo-Ivinio-v2.jpg\",\"contentUrl\":\"https:\\\/\\\/www.ivinio.com\\\/wp-content\\\/uploads\\\/2021\\\/01\\\/Logo-Ivinio-v2.jpg\",\"width\":1194,\"height\":1194,\"caption\":\"IVINIO\"},\"image\":{\"@id\":\"https:\\\/\\\/www.ivinio.com\\\/fr\\\/#\\\/schema\\\/logo\\\/image\\\/\"},\"sameAs\":[\"https:\\\/\\\/www.facebook.com\\\/groups\\\/165217837022391\\\/?ref=bookmarks\",\"https:\\\/\\\/www.instagram.com\\\/_ivinio_\\\/?hl=fr\"]}]}<\/script>\n<!-- \/ Yoast SEO plugin. -->","yoast_head_json":{"title":"Ch\u00e2teau Fonsalade - carton de vin m\u00e9lang\u00e9 - IVINIO Caviste","description":"Ch\u00e2teau Fonsalade - carton de vin m\u00e9lang\u00e9 : trois bouteilles de chaque type; Petit Bonheur et \"f\". Vins rouges prim\u00e9s de l'appellation Saint-Chinian.","robots":{"index":"index","follow":"follow","max-snippet":"max-snippet:-1","max-image-preview":"max-image-preview:large","max-video-preview":"max-video-preview:-1"},"canonical":"https:\/\/www.ivinio.com\/fr\/produit\/chateau-fonsalade-carton-decouverte-2x3-bouteilles-rouge\/","og_locale":"fr_FR","og_type":"article","og_title":"Ch\u00e2teau Fonsalade - carton de vin m\u00e9lang\u00e9 - IVINIO Caviste","og_description":"Ch\u00e2teau Fonsalade - carton de vin m\u00e9lang\u00e9 : trois bouteilles de chaque type; Petit Bonheur et \"f\". Vins rouges prim\u00e9s de l'appellation Saint-Chinian.","og_url":"https:\/\/www.ivinio.com\/fr\/produit\/chateau-fonsalade-carton-decouverte-2x3-bouteilles-rouge\/","og_site_name":"IVINIO Caviste","article_publisher":"https:\/\/www.facebook.com\/groups\/165217837022391\/?ref=bookmarks","article_modified_time":"2024-11-30T22:00:09+00:00","og_image":[{"width":500,"height":500,"url":"https:\/\/www.ivinio.com\/wp-content\/uploads\/2015\/03\/Chateau-Fonsalade-mixed-carton-IVINIO.jpg","type":"image\/jpeg"}],"twitter_card":"summary_large_image","twitter_misc":{"Dur\u00e9e de lecture estim\u00e9e":"1 minute"},"schema":{"@context":"https:\/\/schema.org","@graph":[{"@type":"WebPage","@id":"https:\/\/www.ivinio.com\/fr\/produit\/chateau-fonsalade-carton-decouverte-2x3-bouteilles-rouge\/","url":"https:\/\/www.ivinio.com\/fr\/produit\/chateau-fonsalade-carton-decouverte-2x3-bouteilles-rouge\/","name":"Ch\u00e2teau Fonsalade - carton de vin m\u00e9lang\u00e9 - IVINIO Caviste","isPartOf":{"@id":"https:\/\/www.ivinio.com\/fr\/#website"},"primaryImageOfPage":{"@id":"https:\/\/www.ivinio.com\/fr\/produit\/chateau-fonsalade-carton-decouverte-2x3-bouteilles-rouge\/#primaryimage"},"image":{"@id":"https:\/\/www.ivinio.com\/fr\/produit\/chateau-fonsalade-carton-decouverte-2x3-bouteilles-rouge\/#primaryimage"},"thumbnailUrl":"https:\/\/www.ivinio.com\/wp-content\/uploads\/2015\/03\/Chateau-Fonsalade-mixed-carton-IVINIO.jpg","datePublished":"2015-03-13T17:57:33+00:00","dateModified":"2024-11-30T22:00:09+00:00","description":"Ch\u00e2teau Fonsalade - carton de vin m\u00e9lang\u00e9 : trois bouteilles de chaque type; Petit Bonheur et \"f\". Vins rouges prim\u00e9s de l'appellation Saint-Chinian.","breadcrumb":{"@id":"https:\/\/www.ivinio.com\/fr\/produit\/chateau-fonsalade-carton-decouverte-2x3-bouteilles-rouge\/#breadcrumb"},"inLanguage":"fr-FR","potentialAction":[{"@type":"ReadAction","target":["https:\/\/www.ivinio.com\/fr\/produit\/chateau-fonsalade-carton-decouverte-2x3-bouteilles-rouge\/"]}]},{"@type":"ImageObject","inLanguage":"fr-FR","@id":"https:\/\/www.ivinio.com\/fr\/produit\/chateau-fonsalade-carton-decouverte-2x3-bouteilles-rouge\/#primaryimage","url":"https:\/\/www.ivinio.com\/wp-content\/uploads\/2015\/03\/Chateau-Fonsalade-mixed-carton-IVINIO.jpg","contentUrl":"https:\/\/www.ivinio.com\/wp-content\/uploads\/2015\/03\/Chateau-Fonsalade-mixed-carton-IVINIO.jpg","width":500,"height":500},{"@type":"BreadcrumbList","@id":"https:\/\/www.ivinio.com\/fr\/produit\/chateau-fonsalade-carton-decouverte-2x3-bouteilles-rouge\/#breadcrumb","itemListElement":[{"@type":"ListItem","position":1,"name":"Home","item":"https:\/\/www.ivinio.com\/fr\/"},{"@type":"ListItem","position":2,"name":"Boutique de vin","item":"https:\/\/www.ivinio.com\/fr\/boutique-de-vin\/"},{"@type":"ListItem","position":3,"name":"Ch\u00e2teau Fonsalade &#8211; carton d\u00e9couverte 2&#215;3 bouteilles &#8211; Rouge"}]},{"@type":"WebSite","@id":"https:\/\/www.ivinio.com\/fr\/#website","url":"https:\/\/www.ivinio.com\/fr\/","name":"IVINIO Caviste","description":"Vins de France et d&#039;Italie avec livraison \u00e0 domicile","publisher":{"@id":"https:\/\/www.ivinio.com\/fr\/#organization"},"potentialAction":[{"@type":"SearchAction","target":{"@type":"EntryPoint","urlTemplate":"https:\/\/www.ivinio.com\/fr\/?s={search_term_string}"},"query-input":{"@type":"PropertyValueSpecification","valueRequired":true,"valueName":"search_term_string"}}],"inLanguage":"fr-FR"},{"@type":"Organization","@id":"https:\/\/www.ivinio.com\/fr\/#organization","name":"IVINIO","url":"https:\/\/www.ivinio.com\/fr\/","logo":{"@type":"ImageObject","inLanguage":"fr-FR","@id":"https:\/\/www.ivinio.com\/fr\/#\/schema\/logo\/image\/","url":"https:\/\/www.ivinio.com\/wp-content\/uploads\/2021\/01\/Logo-Ivinio-v2.jpg","contentUrl":"https:\/\/www.ivinio.com\/wp-content\/uploads\/2021\/01\/Logo-Ivinio-v2.jpg","width":1194,"height":1194,"caption":"IVINIO"},"image":{"@id":"https:\/\/www.ivinio.com\/fr\/#\/schema\/logo\/image\/"},"sameAs":["https:\/\/www.facebook.com\/groups\/165217837022391\/?ref=bookmarks","https:\/\/www.instagram.com\/_ivinio_\/?hl=fr"]}]}},"jetpack_sharing_enabled":true,"_links":{"self":[{"href":"https:\/\/www.ivinio.com\/fr\/wp-json\/wp\/v2\/product\/119345","targetHints":{"allow":["GET"]}}],"collection":[{"href":"https:\/\/www.ivinio.com\/fr\/wp-json\/wp\/v2\/product"}],"about":[{"href":"https:\/\/www.ivinio.com\/fr\/wp-json\/wp\/v2\/types\/product"}],"replies":[{"embeddable":true,"href":"https:\/\/www.ivinio.com\/fr\/wp-json\/wp\/v2\/comments?post=119345"}],"wp:featuredmedia":[{"embeddable":true,"href":"https:\/\/www.ivinio.com\/fr\/wp-json\/wp\/v2\/media\/133451"}],"wp:attachment":[{"href":"https:\/\/www.ivinio.com\/fr\/wp-json\/wp\/v2\/media?parent=119345"}],"wp:term":[{"taxonomy":"product_brand","embeddable":true,"href":"https:\/\/www.ivinio.com\/fr\/wp-json\/wp\/v2\/product_brand?post=119345"},{"taxonomy":"product_cat","embeddable":true,"href":"https:\/\/www.ivinio.com\/fr\/wp-json\/wp\/v2\/product_cat?post=119345"},{"taxonomy":"product_tag","embeddable":true,"href":"https:\/\/www.ivinio.com\/fr\/wp-json\/wp\/v2\/product_tag?post=119345"}],"curies":[{"name":"wp","href":"https:\/\/api.w.org\/{rel}","templated":true}]}}